{"id":24626,"date":"2025-10-20T17:42:17","date_gmt":"2025-10-20T17:42:17","guid":{"rendered":"https:\/\/researchchemicalhub.com\/?post_type=product&#038;p=24626"},"modified":"2025-10-29T07:57:10","modified_gmt":"2025-10-29T07:57:10","slug":"2cmc-kopen","status":"publish","type":"product","link":"https:\/\/researchchemicalhub.com\/sv\/shop\/2-cmc-pellets\/2-cmc-kopen\/2cmc-kopen\/","title":{"rendered":"2-CMC (2-klorometkatinon)"},"content":{"rendered":"<h3 data-start=\"3977\" data-end=\"3998\"><strong data-start=\"3981\" data-end=\"3996\"><span dir=\"auto\" style=\"vertical-align: inherit;\"><span dir=\"auto\" style=\"vertical-align: inherit;\">Introduktion<\/span><\/span><\/strong><\/h3>\n<p data-start=\"3999\" data-end=\"4365\"><strong data-start=\"3999\" data-end=\"4032\"><span dir=\"auto\" style=\"vertical-align: inherit;\"><span dir=\"auto\" style=\"vertical-align: inherit;\">2-CMC (2-klorometkatinon)<\/span><\/span><\/strong><span dir=\"auto\" style=\"vertical-align: inherit;\"><span dir=\"auto\" style=\"vertical-align: inherit;\"> \u00e4r en syntetisk katinon som tillh\u00f6r \u03b2-ketoamfetaminfamiljen och \u00e4r strukturellt besl\u00e4ktad med 3-CMC och 4-CMC. Den v\u00e4rderas i forskningssammanhang f\u00f6r sin <\/span><\/span><strong data-start=\"4210\" data-end=\"4234\"><span dir=\"auto\" style=\"vertical-align: inherit;\"><span dir=\"auto\" style=\"vertical-align: inherit;\">stimulerande profil<\/span><\/span><\/strong><span dir=\"auto\" style=\"vertical-align: inherit;\"><span dir=\"auto\" style=\"vertical-align: inherit;\"> , vilket g\u00f6r den l\u00e4mplig f\u00f6r studier av dopamin- och serotonintransport\u00f6rer, metaboliska v\u00e4gar och neurokemisk aktivitet. K\u00f6p 2cmc<\/span><\/span><\/p>\n<p data-start=\"4367\" data-end=\"4664\"><span dir=\"auto\" style=\"vertical-align: inherit;\"><span dir=\"auto\" style=\"vertical-align: inherit;\">Varje sats av <\/span><\/span><strong data-start=\"4378\" data-end=\"4387\"><span dir=\"auto\" style=\"vertical-align: inherit;\"><span dir=\"auto\" style=\"vertical-align: inherit;\">2-CMC<\/span><\/span><\/strong><span dir=\"auto\" style=\"vertical-align: inherit;\"><span dir=\"auto\" style=\"vertical-align: inherit;\"> levereras som en <\/span><\/span><strong data-start=\"4411\" data-end=\"4442\"><span dir=\"auto\" style=\"vertical-align: inherit;\"><span dir=\"auto\" style=\"vertical-align: inherit;\">h\u00f6gkvalitativ forskningskemikalie<\/span><\/span><\/strong><span dir=\"auto\" style=\"vertical-align: inherit;\"><span dir=\"auto\" style=\"vertical-align: inherit;\"> och \u00e4r avsedd enbart f\u00f6r <\/span><\/span><strong data-start=\"4474\" data-end=\"4512\"><span dir=\"auto\" style=\"vertical-align: inherit;\"><span dir=\"auto\" style=\"vertical-align: inherit;\">analytisk och forensisk forskning<\/span><\/span><\/strong><span dir=\"auto\" style=\"vertical-align: inherit;\"><span dir=\"auto\" style=\"vertical-align: inherit;\"> , <\/span><\/span><strong data-start=\"4514\" data-end=\"4549\"><span dir=\"auto\" style=\"vertical-align: inherit;\"><span dir=\"auto\" style=\"vertical-align: inherit;\">inte f\u00f6r m\u00e4nsklig konsumtion<\/span><\/span><\/strong><span dir=\"auto\" style=\"vertical-align: inherit;\"><span dir=\"auto\" style=\"vertical-align: inherit;\"> F\u00f6r forskare <\/span><\/span><strong data-start=\"4573\" data-end=\"4595\"><span dir=\"auto\" style=\"vertical-align: inherit;\"><span dir=\"auto\" style=\"vertical-align: inherit;\">\u00f6nskar k\u00f6pa 2-CMC<\/span><\/span><\/strong><span dir=\"auto\" style=\"vertical-align: inherit;\"><span dir=\"auto\" style=\"vertical-align: inherit;\"> , denna produkt \u00e4r idealisk f\u00f6r j\u00e4mf\u00f6rande analys och referensanalys.<\/span><\/span><\/p>\n<hr data-start=\"4666\" data-end=\"4669\" \/>\n<h3 data-start=\"4671\" data-end=\"4702\"><strong data-start=\"4675\" data-end=\"4702\"><span dir=\"auto\" style=\"vertical-align: inherit;\"><span dir=\"auto\" style=\"vertical-align: inherit;\">Viktiga funktioner<\/span><\/span><\/strong><\/h3>\n<ul data-start=\"4704\" data-end=\"5057\">\n<li data-start=\"4704\" data-end=\"4757\">\n<p data-start=\"4706\" data-end=\"4757\"><strong data-start=\"4706\" data-end=\"4725\"><span dir=\"auto\" style=\"vertical-align: inherit;\"><span dir=\"auto\" style=\"vertical-align: inherit;\">Kemiskt namn:<\/span><\/span><\/strong><span dir=\"auto\" style=\"vertical-align: inherit;\"><span dir=\"auto\" style=\"vertical-align: inherit;\"> 2-klorometkatinon (2-CMC)<\/span><\/span><\/p>\n<\/li>\n<li data-start=\"4758\" data-end=\"4795\">\n<p data-start=\"4760\" data-end=\"4795\"><strong data-start=\"4760\" data-end=\"4782\"><span dir=\"auto\" style=\"vertical-align: inherit;\"><span dir=\"auto\" style=\"vertical-align: inherit;\">Kemisk formel:<\/span><\/span><\/strong><span dir=\"auto\" style=\"vertical-align: inherit;\"><span dir=\"auto\" style=\"vertical-align: inherit;\"> C\u2081\u2080H\u2081\u2082ClNO<\/span><\/span><\/p>\n<\/li>\n<li data-start=\"4796\" data-end=\"4836\">\n<p data-start=\"4798\" data-end=\"4836\"><strong data-start=\"4798\" data-end=\"4821\"><span dir=\"auto\" style=\"vertical-align: inherit;\"><span dir=\"auto\" style=\"vertical-align: inherit;\">Molekylvikt:<\/span><\/span><\/strong><span dir=\"auto\" style=\"vertical-align: inherit;\"><span dir=\"auto\" style=\"vertical-align: inherit;\"> 197,66 g\/mol<\/span><\/span><\/p>\n<\/li>\n<li data-start=\"4837\" data-end=\"4879\">\n<p data-start=\"4839\" data-end=\"4879\"><strong data-start=\"4839\" data-end=\"4854\"><span dir=\"auto\" style=\"vertical-align: inherit;\"><span dir=\"auto\" style=\"vertical-align: inherit;\">CAS-nummer:<\/span><\/span><\/strong><span dir=\"auto\" style=\"vertical-align: inherit;\"><span dir=\"auto\" style=\"vertical-align: inherit;\"> \u2014 (forskningsanalog)<\/span><\/span><\/p>\n<\/li>\n<li data-start=\"4880\" data-end=\"4928\">\n<p data-start=\"4882\" data-end=\"4928\"><strong data-start=\"4882\" data-end=\"4897\"><span dir=\"auto\" style=\"vertical-align: inherit;\"><span dir=\"auto\" style=\"vertical-align: inherit;\">Renhet:<\/span><\/span><\/strong><span dir=\"auto\" style=\"vertical-align: inherit;\"><span dir=\"auto\" style=\"vertical-align: inherit;\"> \u2265 98 % (laboratorietestad)<\/span><\/span><\/p>\n<\/li>\n<li data-start=\"4929\" data-end=\"4995\">\n<p data-start=\"4931\" data-end=\"4995\"><strong data-start=\"4931\" data-end=\"4940\"><span dir=\"auto\" style=\"vertical-align: inherit;\"><span dir=\"auto\" style=\"vertical-align: inherit;\">Form:<\/span><\/span><\/strong><span dir=\"auto\" style=\"vertical-align: inherit;\"><span dir=\"auto\" style=\"vertical-align: inherit;\"> Kristallint pulver, stabilt och l\u00e4tt att hantera<\/span><\/span><\/p>\n<\/li>\n<li data-start=\"4996\" data-end=\"5057\">\n<p data-start=\"4998\" data-end=\"5057\"><strong data-start=\"4998\" data-end=\"5010\"><span dir=\"auto\" style=\"vertical-align: inherit;\"><span dir=\"auto\" style=\"vertical-align: inherit;\">Anv\u00e4nda:<\/span><\/span><\/strong><span dir=\"auto\" style=\"vertical-align: inherit;\"><span dir=\"auto\" style=\"vertical-align: inherit;\"> Endast f\u00f6r analytisk och kemisk forskning, k\u00f6p 2 cmc<\/span><\/span><\/p>\n<\/li>\n<\/ul>\n<hr data-start=\"5059\" data-end=\"5062\" \/>\n<h3 data-start=\"5064\" data-end=\"5081\"><strong data-start=\"5068\" data-end=\"5081\"><span dir=\"auto\" style=\"vertical-align: inherit;\"><span dir=\"auto\" style=\"vertical-align: inherit;\">F\u00f6rdelar<\/span><\/span><\/strong><\/h3>\n<ul data-start=\"5083\" data-end=\"5664\">\n<li data-start=\"5083\" data-end=\"5174\">\n<p data-start=\"5085\" data-end=\"5174\"><strong data-start=\"5085\" data-end=\"5110\"><span dir=\"auto\" style=\"vertical-align: inherit;\"><span dir=\"auto\" style=\"vertical-align: inherit;\">Analytisk forskning:<\/span><\/span><\/strong><span dir=\"auto\" style=\"vertical-align: inherit;\"><span dir=\"auto\" style=\"vertical-align: inherit;\"> L\u00e4mplig f\u00f6r kromatografi, spektrometri och reagensanalys.<\/span><\/span><\/p>\n<\/li>\n<li data-start=\"5175\" data-end=\"5295\">\n<p data-start=\"5177\" data-end=\"5295\"><strong data-start=\"5177\" data-end=\"5204\"><span dir=\"auto\" style=\"vertical-align: inherit;\"><span dir=\"auto\" style=\"vertical-align: inherit;\">Farmakologisk insikt:<\/span><\/span><\/strong><span dir=\"auto\" style=\"vertical-align: inherit;\"><span dir=\"auto\" style=\"vertical-align: inherit;\"> Hj\u00e4lper till vid unders\u00f6kning av interaktioner mellan monoamintransport\u00f6rer och stimulerande analoger.<\/span><\/span><\/p>\n<\/li>\n<li data-start=\"5296\" data-end=\"5434\">\n<p data-start=\"5298\" data-end=\"5434\"><strong data-start=\"5298\" data-end=\"5327\"><span dir=\"auto\" style=\"vertical-align: inherit;\"><span dir=\"auto\" style=\"vertical-align: inherit;\">Strukturell j\u00e4mf\u00f6relse:<\/span><\/span><\/strong><span dir=\"auto\" style=\"vertical-align: inherit;\"><span dir=\"auto\" style=\"vertical-align: inherit;\"> Anv\u00e4ndbar f\u00f6r studier av struktur-aktivitetssamband (SAR) med andra katinoner s\u00e5som 3-CMC eller 4-CMC.<\/span><\/span><\/p>\n<\/li>\n<li data-start=\"5435\" data-end=\"5540\">\n<p data-start=\"5437\" data-end=\"5540\"><strong data-start=\"5437\" data-end=\"5463\"><span dir=\"auto\" style=\"vertical-align: inherit;\"><span dir=\"auto\" style=\"vertical-align: inherit;\">Konsekvent kvalitet:<\/span><\/span><\/strong><span dir=\"auto\" style=\"vertical-align: inherit;\"><span dir=\"auto\" style=\"vertical-align: inherit;\"> Tillverkad under laboratorief\u00f6rh\u00e5llanden f\u00f6r reproducerbara resultat.<\/span><\/span><\/p>\n<\/li>\n<li data-start=\"5541\" data-end=\"5664\">\n<p data-start=\"5543\" data-end=\"5664\"><strong data-start=\"5543\" data-end=\"5565\"><span dir=\"auto\" style=\"vertical-align: inherit;\"><span dir=\"auto\" style=\"vertical-align: inherit;\">Utbildningsv\u00e4rde:<\/span><\/span><\/strong><span dir=\"auto\" style=\"vertical-align: inherit;\"><span dir=\"auto\" style=\"vertical-align: inherit;\"> L\u00e4mplig f\u00f6r toxikologiska och forensiska utbildningsprogram vid forskningsinstitutioner.<\/span><\/span><\/p>\n<\/li>\n<\/ul>\n<hr data-start=\"5666\" data-end=\"5669\" \/>\n<h3 data-start=\"5671\" data-end=\"5723\"><strong data-start=\"5675\" data-end=\"5721\"><span dir=\"auto\" style=\"vertical-align: inherit;\"><span dir=\"auto\" style=\"vertical-align: inherit;\">Anv\u00e4ndning (endast f\u00f6r forsknings\u00e4ndam\u00e5l)<\/span><\/span><\/strong><\/h3>\n<blockquote data-start=\"5725\" data-end=\"5887\">\n<p data-start=\"5727\" data-end=\"5887\">\u26a0\ufe0f <strong data-start=\"5730\" data-end=\"5741\"><span dir=\"auto\" style=\"vertical-align: inherit;\"><span dir=\"auto\" style=\"vertical-align: inherit;\">Observera:<\/span><\/span><\/strong><span dir=\"auto\" style=\"vertical-align: inherit;\"><span dir=\"auto\" style=\"vertical-align: inherit;\"> 2-CMC \u00e4r endast avsedd f\u00f6r anv\u00e4ndning av kvalificerad laboratoriepersonal och <\/span><\/span><strong data-start=\"5829\" data-end=\"5886\"><span dir=\"auto\" style=\"vertical-align: inherit;\"><span dir=\"auto\" style=\"vertical-align: inherit;\">\u00e4r inte l\u00e4mplig f\u00f6r m\u00e4nsklig eller djurkonsumtion<\/span><\/span><\/strong><span dir=\"auto\" style=\"vertical-align: inherit;\"><span dir=\"auto\" style=\"vertical-align: inherit;\"> .<\/span><\/span><\/p>\n<\/blockquote>\n<ol data-start=\"5889\" data-end=\"6346\">\n<li data-start=\"5889\" data-end=\"5983\">\n<p data-start=\"5892\" data-end=\"5983\"><strong data-start=\"5892\" data-end=\"5906\"><span dir=\"auto\" style=\"vertical-align: inherit;\"><span dir=\"auto\" style=\"vertical-align: inherit;\">Hantering \u2013<\/span><\/span><\/strong><span dir=\"auto\" style=\"vertical-align: inherit;\"><span dir=\"auto\" style=\"vertical-align: inherit;\"> Anv\u00e4nd alltid handskar, skyddskl\u00e4der och arbeta i dragsk\u00e5p.<\/span><\/span><\/p>\n<\/li>\n<li data-start=\"5984\" data-end=\"6064\">\n<p data-start=\"5987\" data-end=\"6064\"><strong data-start=\"5987\" data-end=\"5999\"><span dir=\"auto\" style=\"vertical-align: inherit;\"><span dir=\"auto\" style=\"vertical-align: inherit;\">M\u00e5ttningar<\/span><\/span><\/strong><span dir=\"auto\" style=\"vertical-align: inherit;\"><span dir=\"auto\" style=\"vertical-align: inherit;\"> \u2013 Anv\u00e4nd noggranna v\u00e5gar f\u00f6r exakta doseringar.<\/span><\/span><\/p>\n<\/li>\n<li data-start=\"6065\" data-end=\"6152\">\n<p data-start=\"6068\" data-end=\"6152\"><strong data-start=\"6068\" data-end=\"6078\"><span dir=\"auto\" style=\"vertical-align: inherit;\"><span dir=\"auto\" style=\"vertical-align: inherit;\">Lagring<\/span><\/span><\/strong><span dir=\"auto\" style=\"vertical-align: inherit;\"><span dir=\"auto\" style=\"vertical-align: inherit;\"> \u2013 F\u00f6rvara tillsluten p\u00e5 en sval, torr och m\u00f6rk plats; helst mellan 2\u20138 \u00b0C.<\/span><\/span><\/p>\n<\/li>\n<li data-start=\"6153\" data-end=\"6255\">\n<p data-start=\"6156\" data-end=\"6255\"><strong data-start=\"6156\" data-end=\"6170\"><span dir=\"auto\" style=\"vertical-align: inherit;\"><span dir=\"auto\" style=\"vertical-align: inherit;\">Ans\u00f6kan<\/span><\/span><\/strong><span dir=\"auto\" style=\"vertical-align: inherit;\"><span dir=\"auto\" style=\"vertical-align: inherit;\"> \u2013 L\u00e4mplig f\u00f6r GC\/MS, HPLC, NMR och FTIR f\u00f6r att bekr\u00e4fta struktur och renhet.<\/span><\/span><\/p>\n<\/li>\n<li data-start=\"6256\" data-end=\"6346\">\n<p data-start=\"6259\" data-end=\"6346\"><strong data-start=\"6259\" data-end=\"6275\"><span dir=\"auto\" style=\"vertical-align: inherit;\"><span dir=\"auto\" style=\"vertical-align: inherit;\">Dokumentation<\/span><\/span><\/strong><span dir=\"auto\" style=\"vertical-align: inherit;\"><span dir=\"auto\" style=\"vertical-align: inherit;\"> \u2013 F\u00f6rvara analyscertifikat, batchnummer och resultat p\u00e5 ett s\u00e4kert st\u00e4lle.<\/span><\/span><\/p>\n<\/li>\n<\/ol>\n<hr data-start=\"6348\" data-end=\"6351\" \/>\n<h3 data-start=\"6353\" data-end=\"6388\"><strong data-start=\"6357\" data-end=\"6386\"><span dir=\"auto\" style=\"vertical-align: inherit;\"><span dir=\"auto\" style=\"vertical-align: inherit;\">Vanliga fr\u00e5gor (FAQ)<\/span><\/span><\/strong><\/h3>\n<p data-start=\"6390\" data-end=\"6653\"><strong data-start=\"6390\" data-end=\"6410\"><span dir=\"auto\" style=\"vertical-align: inherit;\"><span dir=\"auto\" style=\"vertical-align: inherit;\">1. Vad \u00e4r 2-CMC?<\/span><\/span><\/strong><br data-start=\"6410\" data-end=\"6413\" \/><span dir=\"auto\" style=\"vertical-align: inherit;\"><span dir=\"auto\" style=\"vertical-align: inherit;\"> 2-CMC (2-klorometkatinon) \u00e4r en <\/span><\/span><strong data-start=\"6450\" data-end=\"6475\"><span dir=\"auto\" style=\"vertical-align: inherit;\"><span dir=\"auto\" style=\"vertical-align: inherit;\">syntetisk katon<\/span><\/span><\/strong><span dir=\"auto\" style=\"vertical-align: inherit;\"><span dir=\"auto\" style=\"vertical-align: inherit;\"> anv\u00e4nds i analytisk och forensisk forskning. Den \u00e4r strukturellt lik andra katinoner men inneh\u00e5ller en kloratom i 2-positionen p\u00e5 fenylringen.<\/span><\/span><\/p>\n<p data-start=\"6655\" data-end=\"6913\"><strong data-start=\"6655\" data-end=\"6690\"><span dir=\"auto\" style=\"vertical-align: inherit;\"><span dir=\"auto\" style=\"vertical-align: inherit;\">2. \u00c4r det lagligt att k\u00f6pa 2-CMC?<\/span><\/span><\/strong><br data-start=\"6690\" data-end=\"6693\" \/><span dir=\"auto\" style=\"vertical-align: inherit;\"><span dir=\"auto\" style=\"vertical-align: inherit;\"> De <\/span><\/span><strong data-start=\"6696\" data-end=\"6720\"><span dir=\"auto\" style=\"vertical-align: inherit;\"><span dir=\"auto\" style=\"vertical-align: inherit;\">lagligheten av 2-CMC<\/span><\/span><\/strong><span dir=\"auto\" style=\"vertical-align: inherit;\"><span dir=\"auto\" style=\"vertical-align: inherit;\"> varierar beroende p\u00e5 land och jurisdiktion. I vissa omr\u00e5den faller det under opiumlagen eller liknande best\u00e4mmelser. Kontrollera alltid lokala lagar innan du <\/span><\/span><strong data-start=\"6881\" data-end=\"6910\"><span dir=\"auto\" style=\"vertical-align: inherit;\"><span dir=\"auto\" style=\"vertical-align: inherit;\">k\u00f6pa eller importera 2-CMC<\/span><\/span><\/strong><span dir=\"auto\" style=\"vertical-align: inherit;\"><span dir=\"auto\" style=\"vertical-align: inherit;\"> .<\/span><\/span><\/p>\n<p data-start=\"6915\" data-end=\"7144\"><strong data-start=\"6915\" data-end=\"6965\"><span dir=\"auto\" style=\"vertical-align: inherit;\"><span dir=\"auto\" style=\"vertical-align: inherit;\">3. Vad anv\u00e4nds 2-CMC till inom forskning?<\/span><\/span><\/strong><br data-start=\"6965\" data-end=\"6968\" \/><span dir=\"auto\" style=\"vertical-align: inherit;\"><span dir=\"auto\" style=\"vertical-align: inherit;\"> 2-CMC anv\u00e4nds i studier av sambandet mellan kemisk struktur och biologisk aktivitet, och som referenssubstans inom forensisk toxikologi och analytisk kemi. <\/span><\/span><a href=\"https:\/\/researchchemicalhub.com\/sv\/shop\/okategoriserad\/4mmc-kopen\/\"><span dir=\"auto\" style=\"vertical-align: inherit;\"><span dir=\"auto\" style=\"vertical-align: inherit;\">K\u00f6p 4mmc, k\u00f6p <\/span><\/span><\/a><a href=\"https:\/\/researchchemicalhub.com\/sv\/shop\/okategoriserad\/benzocaine-powder\/\"><span dir=\"auto\" style=\"vertical-align: inherit;\"><span dir=\"auto\" style=\"vertical-align: inherit;\">bensokainpulver, <\/span><\/span><\/a><a href=\"https:\/\/researchchemicalhub.com\/sv\/shop\/okategoriserad\/fentanyl-kopen\/\"><span dir=\"auto\" style=\"vertical-align: inherit;\"><span dir=\"auto\" style=\"vertical-align: inherit;\">k\u00f6p fentanyl.<\/span><\/span><\/a><\/p>","protected":false},"excerpt":{"rendered":"<h2><span dir=\"auto\" style=\"vertical-align: inherit;\"><span dir=\"auto\" style=\"vertical-align: inherit;\"><span dir=\"auto\" style=\"vertical-align: inherit;\"><span dir=\"auto\" style=\"vertical-align: inherit;\">2-CMC-egenskaper<\/span><\/span><\/span><\/span><\/h2>\n<p><strong><span dir=\"auto\" style=\"vertical-align: inherit;\"><span dir=\"auto\" style=\"vertical-align: inherit;\"><span dir=\"auto\" style=\"vertical-align: inherit;\"><span dir=\"auto\" style=\"vertical-align: inherit;\">CAS-nummer<\/span><\/span><\/span><\/span><\/strong><span dir=\"auto\" style=\"vertical-align: inherit;\"><span dir=\"auto\" style=\"vertical-align: inherit;\"><span dir=\"auto\" style=\"vertical-align: inherit;\"><span dir=\"auto\" style=\"vertical-align: inherit;\"> : 90869-66-2 <\/span><\/span><\/span><\/span><br \/>\n<strong><span dir=\"auto\" style=\"vertical-align: inherit;\"><span dir=\"auto\" style=\"vertical-align: inherit;\"><span dir=\"auto\" style=\"vertical-align: inherit;\"><span dir=\"auto\" style=\"vertical-align: inherit;\">Formel<\/span><\/span><\/span><\/span><\/strong><span dir=\"auto\" style=\"vertical-align: inherit;\"><span dir=\"auto\" style=\"vertical-align: inherit;\"><span dir=\"auto\" style=\"vertical-align: inherit;\"><span dir=\"auto\" style=\"vertical-align: inherit;\"> : C <\/span><\/span><\/span><\/span><sub><small><span dir=\"auto\" style=\"vertical-align: inherit;\"><span dir=\"auto\" style=\"vertical-align: inherit;\"><span dir=\"auto\" style=\"vertical-align: inherit;\"><span dir=\"auto\" style=\"vertical-align: inherit;\">10<\/span><\/span><\/span><\/span><\/small><\/sub><span dir=\"auto\" style=\"vertical-align: inherit;\"><span dir=\"auto\" style=\"vertical-align: inherit;\"><span dir=\"auto\" style=\"vertical-align: inherit;\"><span dir=\"auto\" style=\"vertical-align: inherit;\"> H <\/span><\/span><\/span><\/span><sub><small><span dir=\"auto\" style=\"vertical-align: inherit;\"><span dir=\"auto\" style=\"vertical-align: inherit;\"><span dir=\"auto\" style=\"vertical-align: inherit;\"><span dir=\"auto\" style=\"vertical-align: inherit;\">12<\/span><\/span><\/span><\/span><\/small><\/sub><span dir=\"auto\" style=\"vertical-align: inherit;\"><span dir=\"auto\" style=\"vertical-align: inherit;\"><span dir=\"auto\" style=\"vertical-align: inherit;\"><span dir=\"auto\" style=\"vertical-align: inherit;\"> ClNO3 <\/span><\/span><\/span><\/span><br \/>\n<strong><span dir=\"auto\" style=\"vertical-align: inherit;\"><span dir=\"auto\" style=\"vertical-align: inherit;\"><span dir=\"auto\" style=\"vertical-align: inherit;\"><span dir=\"auto\" style=\"vertical-align: inherit;\">Molmassa<\/span><\/span><\/span><\/span><\/strong><span dir=\"auto\" style=\"vertical-align: inherit;\"><span dir=\"auto\" style=\"vertical-align: inherit;\"><span dir=\"auto\" style=\"vertical-align: inherit;\"><span dir=\"auto\" style=\"vertical-align: inherit;\"> : 234.1 <\/span><\/span><\/span><\/span><br \/>\n<strong><span dir=\"auto\" style=\"vertical-align: inherit;\"><span dir=\"auto\" style=\"vertical-align: inherit;\"><span dir=\"auto\" style=\"vertical-align: inherit;\"><span dir=\"auto\" style=\"vertical-align: inherit;\">Renhet<\/span><\/span><\/span><\/span><\/strong><span dir=\"auto\" style=\"vertical-align: inherit;\"><span dir=\"auto\" style=\"vertical-align: inherit;\"><span dir=\"auto\" style=\"vertical-align: inherit;\"><span dir=\"auto\" style=\"vertical-align: inherit;\"> : \u226598%<\/span><\/span><\/span><\/span><\/p>","protected":false},"featured_media":28376,"comment_status":"closed","ping_status":"closed","template":"","meta":[],"product_brand":[82],"product_cat":[371,322,79],"product_tag":[561,668,667,326],"class_list":{"0":"post-24626","1":"product","2":"type-product","3":"status-publish","4":"has-post-thumbnail","6":"product_brand-research-chemical","7":"product_cat-2-cmc-kopen","8":"product_cat-bijna-verboden","9":"product_cat-cathinonen","10":"product_tag-2-cmc-kopen","11":"product_tag-2cmc-bestellen","12":"product_tag-2cmc-kopen","13":"product_tag-nl","15":"first","16":"instock","17":"taxable","18":"shipping-taxable","19":"purchasable","20":"product-type-variable"},"_links":{"self":[{"href":"https:\/\/researchchemicalhub.com\/sv\/wp-json\/wp\/v2\/product\/24626","targetHints":{"allow":["GET"]}}],"collection":[{"href":"https:\/\/researchchemicalhub.com\/sv\/wp-json\/wp\/v2\/product"}],"about":[{"href":"https:\/\/researchchemicalhub.com\/sv\/wp-json\/wp\/v2\/types\/product"}],"replies":[{"embeddable":true,"href":"https:\/\/researchchemicalhub.com\/sv\/wp-json\/wp\/v2\/comments?post=24626"}],"version-history":[{"count":7,"href":"https:\/\/researchchemicalhub.com\/sv\/wp-json\/wp\/v2\/product\/24626\/revisions"}],"predecessor-version":[{"id":28659,"href":"https:\/\/researchchemicalhub.com\/sv\/wp-json\/wp\/v2\/product\/24626\/revisions\/28659"}],"wp:featuredmedia":[{"embeddable":true,"href":"https:\/\/researchchemicalhub.com\/sv\/wp-json\/wp\/v2\/media\/28376"}],"wp:attachment":[{"href":"https:\/\/researchchemicalhub.com\/sv\/wp-json\/wp\/v2\/media?parent=24626"}],"wp:term":[{"taxonomy":"product_brand","embeddable":true,"href":"https:\/\/researchchemicalhub.com\/sv\/wp-json\/wp\/v2\/product_brand?post=24626"},{"taxonomy":"product_cat","embeddable":true,"href":"https:\/\/researchchemicalhub.com\/sv\/wp-json\/wp\/v2\/product_cat?post=24626"},{"taxonomy":"product_tag","embeddable":true,"href":"https:\/\/researchchemicalhub.com\/sv\/wp-json\/wp\/v2\/product_tag?post=24626"}],"curies":[{"name":"wp","href":"https:\/\/api.w.org\/{rel}","templated":true}]}}