{"id":24605,"date":"2025-10-20T17:42:16","date_gmt":"2025-10-20T17:42:16","guid":{"rendered":"https:\/\/researchchemicalhub.com\/?post_type=product&#038;p=24605"},"modified":"2025-10-29T07:57:51","modified_gmt":"2025-10-29T07:57:51","slug":"5-meo-dalt-hcl","status":"publish","type":"product","link":"https:\/\/researchchemicalhub.com\/sv\/shop\/5-meo-dalt\/5-meo-dalt-hcl\/","title":{"rendered":"5-MeO-DALT HCl"},"content":{"rendered":"<h3 data-start=\"3841\" data-end=\"3862\"><strong data-start=\"3845\" data-end=\"3860\"><span dir=\"auto\" style=\"vertical-align: inherit;\"><span dir=\"auto\" style=\"vertical-align: inherit;\">Introduktion<\/span><\/span><\/strong><\/h3>\n<p data-start=\"3863\" data-end=\"4177\"><strong data-start=\"3863\" data-end=\"3929\"><span dir=\"auto\" style=\"vertical-align: inherit;\"><span dir=\"auto\" style=\"vertical-align: inherit;\">5-MeO-DALT HCl (5-Metoxi-N,N-diallyltryptaminhydroklorid)<\/span><\/span><\/strong><span dir=\"auto\" style=\"vertical-align: inherit;\"><span dir=\"auto\" style=\"vertical-align: inherit;\"> \u00e4r en <\/span><\/span><strong data-start=\"3937\" data-end=\"3974\"><span dir=\"auto\" style=\"vertical-align: inherit;\"><span dir=\"auto\" style=\"vertical-align: inherit;\">syntetisk tryptaminf\u00f6rening<\/span><\/span><\/strong><span dir=\"auto\" style=\"vertical-align: inherit;\"><span dir=\"auto\" style=\"vertical-align: inherit;\"> strukturellt besl\u00e4ktad med DMT och 5-MeO-DMT. Den tillh\u00f6r familjen av substituerade tryptaminer och \u00e4r k\u00e4nd f\u00f6r sin interaktion med serotoninreceptorer, s\u00e4rskilt <\/span><\/span><strong data-start=\"4154\" data-end=\"4174\"><span dir=\"auto\" style=\"vertical-align: inherit;\"><span dir=\"auto\" style=\"vertical-align: inherit;\">5-HT2A och 5-HT1A<\/span><\/span><\/strong><span dir=\"auto\" style=\"vertical-align: inherit;\"><span dir=\"auto\" style=\"vertical-align: inherit;\"> . 5 meo dalt hcl<\/span><\/span><\/p>\n<p data-start=\"4179\" data-end=\"4510\"><span dir=\"auto\" style=\"vertical-align: inherit;\"><span dir=\"auto\" style=\"vertical-align: inherit;\">I <\/span><\/span><strong data-start=\"4182\" data-end=\"4226\"><span dir=\"auto\" style=\"vertical-align: inherit;\"><span dir=\"auto\" style=\"vertical-align: inherit;\">vetenskaplig och analytisk forskning,<\/span><\/span><\/strong><span dir=\"auto\" style=\"vertical-align: inherit;\"><span dir=\"auto\" style=\"vertical-align: inherit;\"> 5-MeO-DALT HCl v\u00e4rderas som <\/span><\/span><strong data-start=\"4264\" data-end=\"4282\"><span dir=\"auto\" style=\"vertical-align: inherit;\"><span dir=\"auto\" style=\"vertical-align: inherit;\">ett referens\u00e4mne<\/span><\/span><\/strong><span dir=\"auto\" style=\"vertical-align: inherit;\"><span dir=\"auto\" style=\"vertical-align: inherit;\"> f\u00f6r strukturella och farmakologiska studier, inklusive receptorbindning och metabolism. Denna produkt \u00e4r av <\/span><\/span><strong data-start=\"4389\" data-end=\"4408\"><span dir=\"auto\" style=\"vertical-align: inherit;\"><span dir=\"auto\" style=\"vertical-align: inherit;\">h\u00f6g renhet<\/span><\/span><\/strong><span dir=\"auto\" style=\"vertical-align: inherit;\"><span dir=\"auto\" style=\"vertical-align: inherit;\"> och avsedd f\u00f6r <\/span><\/span><strong data-start=\"4437\" data-end=\"4460\"><span dir=\"auto\" style=\"vertical-align: inherit;\"><span dir=\"auto\" style=\"vertical-align: inherit;\">laboratorieanv\u00e4ndning<\/span><\/span><\/strong><span dir=\"auto\" style=\"vertical-align: inherit;\"><span dir=\"auto\" style=\"vertical-align: inherit;\"> endast \u2014 inte f\u00f6r konsumtion av m\u00e4nniskor eller djur.<\/span><\/span><\/p>\n<hr data-start=\"4512\" data-end=\"4515\" \/>\n<h3 data-start=\"4517\" data-end=\"4548\"><strong data-start=\"4521\" data-end=\"4548\"><span dir=\"auto\" style=\"vertical-align: inherit;\"><span dir=\"auto\" style=\"vertical-align: inherit;\">Viktiga funktioner<\/span><\/span><\/strong><\/h3>\n<ul data-start=\"4550\" data-end=\"4937\">\n<li data-start=\"4550\" data-end=\"4619\">\n<p data-start=\"4552\" data-end=\"4619\"><strong data-start=\"4552\" data-end=\"4571\"><span dir=\"auto\" style=\"vertical-align: inherit;\"><span dir=\"auto\" style=\"vertical-align: inherit;\">Kemiskt namn:<\/span><\/span><\/strong><span dir=\"auto\" style=\"vertical-align: inherit;\"><span dir=\"auto\" style=\"vertical-align: inherit;\"> 5-Metoxi-N,N-diallyltryptaminhydroklorid<\/span><\/span><\/p>\n<\/li>\n<li data-start=\"4620\" data-end=\"4658\">\n<p data-start=\"4622\" data-end=\"4658\"><strong data-start=\"4622\" data-end=\"4642\"><span dir=\"auto\" style=\"vertical-align: inherit;\"><span dir=\"auto\" style=\"vertical-align: inherit;\">Molekylformel:<\/span><\/span><\/strong><span dir=\"auto\" style=\"vertical-align: inherit;\"><span dir=\"auto\" style=\"vertical-align: inherit;\"> C\u2081\u2086H\u2082\u2081N\u2082O\u00b7HCl<\/span><\/span><\/p>\n<\/li>\n<li data-start=\"4659\" data-end=\"4696\">\n<p data-start=\"4661\" data-end=\"4696\"><strong data-start=\"4661\" data-end=\"4681\"><span dir=\"auto\" style=\"vertical-align: inherit;\"><span dir=\"auto\" style=\"vertical-align: inherit;\">Molekylvikt:<\/span><\/span><\/strong><span dir=\"auto\" style=\"vertical-align: inherit;\"><span dir=\"auto\" style=\"vertical-align: inherit;\"> 292,81 g\/mol<\/span><\/span><\/p>\n<\/li>\n<li data-start=\"4697\" data-end=\"4789\">\n<p data-start=\"4699\" data-end=\"4789\"><strong data-start=\"4699\" data-end=\"4708\"><span dir=\"auto\" style=\"vertical-align: inherit;\"><span dir=\"auto\" style=\"vertical-align: inherit;\">Form:<\/span><\/span><\/strong><span dir=\"auto\" style=\"vertical-align: inherit;\"><span dir=\"auto\" style=\"vertical-align: inherit;\"> Kristallint hydrokloridsalt (stabilt, l\u00e4ttl\u00f6sligt i etanol eller metanol)<\/span><\/span><\/p>\n<\/li>\n<li data-start=\"4790\" data-end=\"4843\">\n<p data-start=\"4792\" data-end=\"4843\"><strong data-start=\"4792\" data-end=\"4807\"><span dir=\"auto\" style=\"vertical-align: inherit;\"><span dir=\"auto\" style=\"vertical-align: inherit;\">Renhet:<\/span><\/span><\/strong><span dir=\"auto\" style=\"vertical-align: inherit;\"><span dir=\"auto\" style=\"vertical-align: inherit;\"> \u2265 98% (bekr\u00e4ftad med HPLC och NMR)<\/span><\/span><\/p>\n<\/li>\n<li data-start=\"4844\" data-end=\"4875\">\n<p data-start=\"4846\" data-end=\"4875\"><strong data-start=\"4846\" data-end=\"4861\"><span dir=\"auto\" style=\"vertical-align: inherit;\"><span dir=\"auto\" style=\"vertical-align: inherit;\">CAS-nummer:<\/span><\/span><\/strong><span dir=\"auto\" style=\"vertical-align: inherit;\"><span dir=\"auto\" style=\"vertical-align: inherit;\"> 928822-98-4<\/span><\/span><\/p>\n<\/li>\n<li data-start=\"4876\" data-end=\"4937\">\n<p data-start=\"4878\" data-end=\"4937\"><strong data-start=\"4878\" data-end=\"4890\"><span dir=\"auto\" style=\"vertical-align: inherit;\"><span dir=\"auto\" style=\"vertical-align: inherit;\">Anv\u00e4nda:<\/span><\/span><\/strong><span dir=\"auto\" style=\"vertical-align: inherit;\"><span dir=\"auto\" style=\"vertical-align: inherit;\"> Endast f\u00f6r analytisk och kemisk forskning, 5 meo dalt hcl<\/span><\/span><\/p>\n<\/li>\n<\/ul>\n<hr data-start=\"4939\" data-end=\"4942\" \/>\n<h3 data-start=\"4944\" data-end=\"4961\"><strong data-start=\"4948\" data-end=\"4961\"><span dir=\"auto\" style=\"vertical-align: inherit;\"><span dir=\"auto\" style=\"vertical-align: inherit;\">F\u00f6rdelar<\/span><\/span><\/strong><\/h3>\n<ul data-start=\"4963\" data-end=\"5439\">\n<li data-start=\"4963\" data-end=\"5045\">\n<p data-start=\"4965\" data-end=\"5045\"><strong data-start=\"4965\" data-end=\"4993\"><span dir=\"auto\" style=\"vertical-align: inherit;\"><span dir=\"auto\" style=\"vertical-align: inherit;\">H\u00f6gt analytiskt v\u00e4rde:<\/span><\/span><\/strong><span dir=\"auto\" style=\"vertical-align: inherit;\"><span dir=\"auto\" style=\"vertical-align: inherit;\"> L\u00e4mplig f\u00f6r neurokemisk forskning och receptorforskning.<\/span><\/span><\/p>\n<\/li>\n<li data-start=\"5046\" data-end=\"5150\">\n<p data-start=\"5048\" data-end=\"5150\"><strong data-start=\"5048\" data-end=\"5077\"><span dir=\"auto\" style=\"vertical-align: inherit;\"><span dir=\"auto\" style=\"vertical-align: inherit;\">Strukturell j\u00e4mf\u00f6relse:<\/span><\/span><\/strong><span dir=\"auto\" style=\"vertical-align: inherit;\"><span dir=\"auto\" style=\"vertical-align: inherit;\"> Anv\u00e4ndbart f\u00f6r att j\u00e4mf\u00f6ra tryptaminer s\u00e5som 5-MeO-DMT, DALT och MiPT.<\/span><\/span><\/p>\n<\/li>\n<li data-start=\"5151\" data-end=\"5237\">\n<p data-start=\"5153\" data-end=\"5237\"><strong data-start=\"5153\" data-end=\"5171\"><span dir=\"auto\" style=\"vertical-align: inherit;\"><span dir=\"auto\" style=\"vertical-align: inherit;\">Stabil form:<\/span><\/span><\/strong><span dir=\"auto\" style=\"vertical-align: inherit;\"><span dir=\"auto\" style=\"vertical-align: inherit;\"> Hydrokloridformen erbjuder f\u00f6rb\u00e4ttrad stabilitet och hantering.<\/span><\/span><\/p>\n<\/li>\n<li data-start=\"5238\" data-end=\"5334\">\n<p data-start=\"5240\" data-end=\"5334\"><strong data-start=\"5240\" data-end=\"5266\"><span dir=\"auto\" style=\"vertical-align: inherit;\"><span dir=\"auto\" style=\"vertical-align: inherit;\">Konsekvent kvalitet:<\/span><\/span><\/strong><span dir=\"auto\" style=\"vertical-align: inherit;\"><span dir=\"auto\" style=\"vertical-align: inherit;\"> Tillverkad enligt forskningsstandarder, COA tillg\u00e4nglig p\u00e5 beg\u00e4ran.<\/span><\/span><\/p>\n<\/li>\n<li data-start=\"5335\" data-end=\"5439\">\n<p data-start=\"5337\" data-end=\"5439\"><strong data-start=\"5337\" data-end=\"5360\"><span dir=\"auto\" style=\"vertical-align: inherit;\"><span dir=\"auto\" style=\"vertical-align: inherit;\">M\u00e5ngsidig anv\u00e4ndning:<\/span><\/span><\/strong><span dir=\"auto\" style=\"vertical-align: inherit;\"><span dir=\"auto\" style=\"vertical-align: inherit;\"> Till\u00e4mplig inom kromatografisk, spektroskopisk och farmakologisk forskning.<\/span><\/span><\/p>\n<\/li>\n<\/ul>\n<hr data-start=\"5441\" data-end=\"5444\" \/>\n<h3 data-start=\"5446\" data-end=\"5498\"><strong data-start=\"5450\" data-end=\"5496\"><span dir=\"auto\" style=\"vertical-align: inherit;\"><span dir=\"auto\" style=\"vertical-align: inherit;\">Anv\u00e4ndning (endast f\u00f6r forsknings\u00e4ndam\u00e5l)<\/span><\/span><\/strong><\/h3>\n<blockquote data-start=\"5500\" data-end=\"5662\">\n<p data-start=\"5502\" data-end=\"5662\">\u26a0\ufe0f <strong data-start=\"5505\" data-end=\"5516\"><span dir=\"auto\" style=\"vertical-align: inherit;\"><span dir=\"auto\" style=\"vertical-align: inherit;\">Observera:<\/span><\/span><\/strong><span dir=\"auto\" style=\"vertical-align: inherit;\"><span dir=\"auto\" style=\"vertical-align: inherit;\"> 5-MeO-DALT HCl \u00e4r f\u00f6r <\/span><\/span><strong data-start=\"5560\" data-end=\"5601\"><span dir=\"auto\" style=\"vertical-align: inherit;\"><span dir=\"auto\" style=\"vertical-align: inherit;\">laboratorie- och analysanv\u00e4ndning<\/span><\/span><\/strong><span dir=\"auto\" style=\"vertical-align: inherit;\"><span dir=\"auto\" style=\"vertical-align: inherit;\"> bara och <\/span><\/span><strong data-start=\"5605\" data-end=\"5661\"><span dir=\"auto\" style=\"vertical-align: inherit;\"><span dir=\"auto\" style=\"vertical-align: inherit;\">\u00e4r inte avsedd f\u00f6r m\u00e4nsklig eller djurkonsumtion<\/span><\/span><\/strong><span dir=\"auto\" style=\"vertical-align: inherit;\"><span dir=\"auto\" style=\"vertical-align: inherit;\"> .<\/span><\/span><\/p>\n<\/blockquote>\n<ol data-start=\"5664\" data-end=\"6098\">\n<li data-start=\"5664\" data-end=\"5773\">\n<p data-start=\"5667\" data-end=\"5773\"><strong data-start=\"5667\" data-end=\"5681\"><span dir=\"auto\" style=\"vertical-align: inherit;\"><span dir=\"auto\" style=\"vertical-align: inherit;\">Hantering \u2013<\/span><\/span><\/strong><span dir=\"auto\" style=\"vertical-align: inherit;\"><span dir=\"auto\" style=\"vertical-align: inherit;\"> Anv\u00e4nd handskar, skyddsglas\u00f6gon och skyddskl\u00e4der. Arbeta under dragsk\u00e5p.<\/span><\/span><\/p>\n<\/li>\n<li data-start=\"5774\" data-end=\"5849\">\n<p data-start=\"5777\" data-end=\"5849\"><strong data-start=\"5777\" data-end=\"5789\"><span dir=\"auto\" style=\"vertical-align: inherit;\"><span dir=\"auto\" style=\"vertical-align: inherit;\">M\u00e5ttningar<\/span><\/span><\/strong><span dir=\"auto\" style=\"vertical-align: inherit;\"><span dir=\"auto\" style=\"vertical-align: inherit;\"> \u2013 Anv\u00e4nd analysv\u00e5gar f\u00f6r noggrann dosering.<\/span><\/span><\/p>\n<\/li>\n<li data-start=\"5850\" data-end=\"5928\">\n<p data-start=\"5853\" data-end=\"5928\"><strong data-start=\"5853\" data-end=\"5863\"><span dir=\"auto\" style=\"vertical-align: inherit;\"><span dir=\"auto\" style=\"vertical-align: inherit;\">Lagring<\/span><\/span><\/strong><span dir=\"auto\" style=\"vertical-align: inherit;\"><span dir=\"auto\" style=\"vertical-align: inherit;\"> \u2013 F\u00f6rvara tillsluten p\u00e5 en torr, m\u00f6rk plats, helst vid 2\u20138 \u00b0C.<\/span><\/span><\/p>\n<\/li>\n<li data-start=\"5929\" data-end=\"6002\">\n<p data-start=\"5932\" data-end=\"6002\"><strong data-start=\"5932\" data-end=\"5943\"><span dir=\"auto\" style=\"vertical-align: inherit;\"><span dir=\"auto\" style=\"vertical-align: inherit;\">Analys<\/span><\/span><\/strong><span dir=\"auto\" style=\"vertical-align: inherit;\"><span dir=\"auto\" style=\"vertical-align: inherit;\"> \u2013 L\u00e4mplig f\u00f6r HPLC-, GC\/MS-, LC-MS-, FTIR- och NMR-analys.<\/span><\/span><\/p>\n<\/li>\n<li data-start=\"6003\" data-end=\"6098\">\n<p data-start=\"6006\" data-end=\"6098\"><strong data-start=\"6006\" data-end=\"6022\"><span dir=\"auto\" style=\"vertical-align: inherit;\"><span dir=\"auto\" style=\"vertical-align: inherit;\">Dokumentation<\/span><\/span><\/strong><span dir=\"auto\" style=\"vertical-align: inherit;\"><span dir=\"auto\" style=\"vertical-align: inherit;\"> \u2013 Registrera batchnummer, renhet och testresultat f\u00f6r sp\u00e5rbarhet.<\/span><\/span><\/p>\n<\/li>\n<\/ol>\n<hr data-start=\"6100\" data-end=\"6103\" \/>\n<h3 data-start=\"6105\" data-end=\"6140\"><strong data-start=\"6109\" data-end=\"6138\"><span dir=\"auto\" style=\"vertical-align: inherit;\"><span dir=\"auto\" style=\"vertical-align: inherit;\">Vanliga fr\u00e5gor (FAQ)<\/span><\/span><\/strong><\/h3>\n<p data-start=\"6142\" data-end=\"6342\"><strong data-start=\"6142\" data-end=\"6171\"><span dir=\"auto\" style=\"vertical-align: inherit;\"><span dir=\"auto\" style=\"vertical-align: inherit;\">1. Vad \u00e4r 5-MeO-DALT HCl?<\/span><\/span><\/strong><br data-start=\"6171\" data-end=\"6174\" \/><span dir=\"auto\" style=\"vertical-align: inherit;\"><span dir=\"auto\" style=\"vertical-align: inherit;\"> 5-MeO-DALT HCl \u00e4r ett syntetiskt <\/span><\/span><strong data-start=\"6208\" data-end=\"6231\"><span dir=\"auto\" style=\"vertical-align: inherit;\"><span dir=\"auto\" style=\"vertical-align: inherit;\">tryptaminderivat<\/span><\/span><\/strong><span dir=\"auto\" style=\"vertical-align: inherit;\"><span dir=\"auto\" style=\"vertical-align: inherit;\"> anv\u00e4nds i analytisk och kemisk forskning om serotoninreceptorer och strukturell aktivitet.<\/span><\/span><\/p>\n<p data-start=\"6344\" data-end=\"6561\"><strong data-start=\"6344\" data-end=\"6403\"><span dir=\"auto\" style=\"vertical-align: inherit;\"><span dir=\"auto\" style=\"vertical-align: inherit;\">2. Vad anv\u00e4nds 5-MeO-DALT HCl till inom forskning?<\/span><\/span><\/strong><br data-start=\"6403\" data-end=\"6406\" \/><span dir=\"auto\" style=\"vertical-align: inherit;\"><span dir=\"auto\" style=\"vertical-align: inherit;\"> Det anv\u00e4nds i studier av <\/span><\/span><strong data-start=\"6443\" data-end=\"6462\"><span dir=\"auto\" style=\"vertical-align: inherit;\"><span dir=\"auto\" style=\"vertical-align: inherit;\">receptorbindning<\/span><\/span><\/strong><span dir=\"auto\" style=\"vertical-align: inherit;\"><span dir=\"auto\" style=\"vertical-align: inherit;\"> , <\/span><\/span><strong data-start=\"6464\" data-end=\"6483\"><span dir=\"auto\" style=\"vertical-align: inherit;\"><span dir=\"auto\" style=\"vertical-align: inherit;\">metaboliska v\u00e4gar<\/span><\/span><\/strong><span dir=\"auto\" style=\"vertical-align: inherit;\"><span dir=\"auto\" style=\"vertical-align: inherit;\"> , och som <\/span><\/span><strong data-start=\"6492\" data-end=\"6510\"><span dir=\"auto\" style=\"vertical-align: inherit;\"><span dir=\"auto\" style=\"vertical-align: inherit;\">ett referens\u00e4mne<\/span><\/span><\/strong><span dir=\"auto\" style=\"vertical-align: inherit;\"><span dir=\"auto\" style=\"vertical-align: inherit;\"> inom analytisk toxikologi och neurofarmakologi.<\/span><\/span><\/p>\n<p data-start=\"6563\" data-end=\"6850\"><strong data-start=\"6563\" data-end=\"6611\"><span dir=\"auto\" style=\"vertical-align: inherit;\"><span dir=\"auto\" style=\"vertical-align: inherit;\">3. \u00c4r det lagligt att k\u00f6pa 5-MeO-DALT HCl?<\/span><\/span><\/strong><br data-start=\"6611\" data-end=\"6614\" \/><span dir=\"auto\" style=\"vertical-align: inherit;\"><span dir=\"auto\" style=\"vertical-align: inherit;\"> De <\/span><\/span><strong data-start=\"6617\" data-end=\"6650\"><span dir=\"auto\" style=\"vertical-align: inherit;\"><span dir=\"auto\" style=\"vertical-align: inherit;\">lagligheten av 5-MeO-DALT HCl<\/span><\/span><\/strong><span dir=\"auto\" style=\"vertical-align: inherit;\"><span dir=\"auto\" style=\"vertical-align: inherit;\"> varierar beroende p\u00e5 land. I vissa l\u00e4nder \u00e4r det till\u00e5tet som forskningskemikalie, medan det i andra anses vara ett kontrollerat \u00e4mne. Kontrollera alltid lokala f\u00f6reskrifter innan du <\/span><\/span><strong data-start=\"6823\" data-end=\"6847\"><span dir=\"auto\" style=\"vertical-align: inherit;\"><span dir=\"auto\" style=\"vertical-align: inherit;\">ink\u00f6p av 5-MeO-DALT HCl<\/span><\/span><\/strong><span dir=\"auto\" style=\"vertical-align: inherit;\"><span dir=\"auto\" style=\"vertical-align: inherit;\"> . <\/span><\/span><a href=\"https:\/\/researchchemicalhub.com\/sv\/shop\/okategoriserad\/4mmc-kopen\/\"><span dir=\"auto\" style=\"vertical-align: inherit;\"><span dir=\"auto\" style=\"vertical-align: inherit;\">K\u00f6p 4mmc, k\u00f6p <\/span><\/span><\/a><a href=\"https:\/\/researchchemicalhub.com\/sv\/shop\/okategoriserad\/benzocaine-powder\/\"><span dir=\"auto\" style=\"vertical-align: inherit;\"><span dir=\"auto\" style=\"vertical-align: inherit;\">bensokainpulver, <\/span><\/span><\/a><a href=\"https:\/\/researchchemicalhub.com\/sv\/shop\/okategoriserad\/fentanyl-kopen\/\"><span dir=\"auto\" style=\"vertical-align: inherit;\"><span dir=\"auto\" style=\"vertical-align: inherit;\">k\u00f6p fentanyl<\/span><\/span><\/a><\/p>","protected":false},"excerpt":{"rendered":"<h3><span data-sheets-value=\"{\" data-sheets-userformat=\"{\"><span dir=\"auto\" style=\"vertical-align: inherit;\"><span dir=\"auto\" style=\"vertical-align: inherit;\"><span dir=\"auto\" style=\"vertical-align: inherit;\"><span dir=\"auto\" style=\"vertical-align: inherit;\">5-MeO-DALT HCl egenskaper<\/span><\/span><\/span><\/span><\/span><\/h3>\n<p><strong><span dir=\"auto\" style=\"vertical-align: inherit;\"><span dir=\"auto\" style=\"vertical-align: inherit;\"><span dir=\"auto\" style=\"vertical-align: inherit;\"><span dir=\"auto\" style=\"vertical-align: inherit;\">Synonym:<\/span><\/span><\/span><\/span><\/strong><span dir=\"auto\" style=\"vertical-align: inherit;\"><span dir=\"auto\" style=\"vertical-align: inherit;\"><span dir=\"auto\" style=\"vertical-align: inherit;\"><span dir=\"auto\" style=\"vertical-align: inherit;\"> N,N-diallyl-5-metoxitryptamin <\/span><\/span><\/span><\/span><br \/>\n<strong><span dir=\"auto\" style=\"vertical-align: inherit;\"><span dir=\"auto\" style=\"vertical-align: inherit;\"><span dir=\"auto\" style=\"vertical-align: inherit;\"><span dir=\"auto\" style=\"vertical-align: inherit;\">CAS-nummer:<\/span><\/span><\/span><\/span><\/strong><span dir=\"auto\" style=\"vertical-align: inherit;\"><span dir=\"auto\" style=\"vertical-align: inherit;\"><span dir=\"auto\" style=\"vertical-align: inherit;\"><span dir=\"auto\" style=\"vertical-align: inherit;\"> 928822-98-4 <\/span><\/span><\/span><\/span><br \/>\n<strong><span dir=\"auto\" style=\"vertical-align: inherit;\"><span dir=\"auto\" style=\"vertical-align: inherit;\"><span dir=\"auto\" style=\"vertical-align: inherit;\"><span dir=\"auto\" style=\"vertical-align: inherit;\">Formel: <\/span><\/span><\/span><\/span><\/strong> <span title=\"Kol\"><span dir=\"auto\" style=\"vertical-align: inherit;\"><span dir=\"auto\" style=\"vertical-align: inherit;\"><span dir=\"auto\" style=\"vertical-align: inherit;\"><span dir=\"auto\" style=\"vertical-align: inherit;\">C <\/span><\/span><\/span><\/span><\/span><sub><span dir=\"auto\" style=\"vertical-align: inherit;\"><span dir=\"auto\" style=\"vertical-align: inherit;\"><span dir=\"auto\" style=\"vertical-align: inherit;\"><span dir=\"auto\" style=\"vertical-align: inherit;\">17 <\/span><\/span><\/span><\/span><\/sub><span title=\"V\u00e4te\"><span dir=\"auto\" style=\"vertical-align: inherit;\"><span dir=\"auto\" style=\"vertical-align: inherit;\"><span dir=\"auto\" style=\"vertical-align: inherit;\"><span dir=\"auto\" style=\"vertical-align: inherit;\">H <\/span><\/span><\/span><\/span><\/span><sub><span dir=\"auto\" style=\"vertical-align: inherit;\"><span dir=\"auto\" style=\"vertical-align: inherit;\"><span dir=\"auto\" style=\"vertical-align: inherit;\"><span dir=\"auto\" style=\"vertical-align: inherit;\">22 <\/span><\/span><\/span><\/span><\/sub><span title=\"Kv\u00e4ve\"><span dir=\"auto\" style=\"vertical-align: inherit;\"><span dir=\"auto\" style=\"vertical-align: inherit;\"><span dir=\"auto\" style=\"vertical-align: inherit;\"><span dir=\"auto\" style=\"vertical-align: inherit;\">N <\/span><\/span><\/span><\/span><\/span><sub><span dir=\"auto\" style=\"vertical-align: inherit;\"><span dir=\"auto\" style=\"vertical-align: inherit;\"><span dir=\"auto\" style=\"vertical-align: inherit;\"><span dir=\"auto\" style=\"vertical-align: inherit;\">2 <\/span><\/span><\/span><\/span><\/sub><span title=\"Syre\"><span dir=\"auto\" style=\"vertical-align: inherit;\"><span dir=\"auto\" style=\"vertical-align: inherit;\"><span dir=\"auto\" style=\"vertical-align: inherit;\"><span dir=\"auto\" style=\"vertical-align: inherit;\">O <\/span><\/span><\/span><\/span><\/span><br \/>\n<strong><span dir=\"auto\" style=\"vertical-align: inherit;\"><span dir=\"auto\" style=\"vertical-align: inherit;\"><span dir=\"auto\" style=\"vertical-align: inherit;\"><span dir=\"auto\" style=\"vertical-align: inherit;\">Molmassa:<\/span><\/span><\/span><\/span><\/strong><span dir=\"auto\" style=\"vertical-align: inherit;\"><span dir=\"auto\" style=\"vertical-align: inherit;\"><span dir=\"auto\" style=\"vertical-align: inherit;\"><span dir=\"auto\" style=\"vertical-align: inherit;\"> 270,376 g\/mol <\/span><\/span><\/span><\/span><br \/>\n<strong><span dir=\"auto\" style=\"vertical-align: inherit;\"><span dir=\"auto\" style=\"vertical-align: inherit;\"><span dir=\"auto\" style=\"vertical-align: inherit;\"><span dir=\"auto\" style=\"vertical-align: inherit;\">Renhet:<\/span><\/span><\/span><\/span><\/strong><span dir=\"auto\" style=\"vertical-align: inherit;\"><span dir=\"auto\" style=\"vertical-align: inherit;\"><span dir=\"auto\" style=\"vertical-align: inherit;\"><span dir=\"auto\" style=\"vertical-align: inherit;\"> &gt;97%<\/span><\/span><\/span><\/span><\/p>","protected":false},"featured_media":28459,"comment_status":"closed","ping_status":"closed","template":"","meta":[],"product_brand":[82],"product_cat":[455,381],"product_tag":[700,704,705,706,702,701,703,326],"class_list":{"0":"post-24605","1":"product","2":"type-product","3":"status-publish","4":"has-post-thumbnail","6":"product_brand-research-chemical","7":"product_cat-5-meo-dalt","8":"product_cat-tryptamines","9":"product_tag-5-meo-dalt","10":"product_tag-5-meo-dalt-cluster-headaches","11":"product_tag-5-meo-dalt-dosage","12":"product_tag-5-meo-dalt-effects","13":"product_tag-5-meo-dalt-ervaring","14":"product_tag-5-meo-dalt-hcl","15":"product_tag-5-meo-dalt-hcl-erowid","16":"product_tag-nl","18":"first","19":"instock","20":"taxable","21":"shipping-taxable","22":"purchasable","23":"product-type-variable"},"_links":{"self":[{"href":"https:\/\/researchchemicalhub.com\/sv\/wp-json\/wp\/v2\/product\/24605","targetHints":{"allow":["GET"]}}],"collection":[{"href":"https:\/\/researchchemicalhub.com\/sv\/wp-json\/wp\/v2\/product"}],"about":[{"href":"https:\/\/researchchemicalhub.com\/sv\/wp-json\/wp\/v2\/types\/product"}],"replies":[{"embeddable":true,"href":"https:\/\/researchchemicalhub.com\/sv\/wp-json\/wp\/v2\/comments?post=24605"}],"version-history":[{"count":7,"href":"https:\/\/researchchemicalhub.com\/sv\/wp-json\/wp\/v2\/product\/24605\/revisions"}],"predecessor-version":[{"id":28660,"href":"https:\/\/researchchemicalhub.com\/sv\/wp-json\/wp\/v2\/product\/24605\/revisions\/28660"}],"wp:featuredmedia":[{"embeddable":true,"href":"https:\/\/researchchemicalhub.com\/sv\/wp-json\/wp\/v2\/media\/28459"}],"wp:attachment":[{"href":"https:\/\/researchchemicalhub.com\/sv\/wp-json\/wp\/v2\/media?parent=24605"}],"wp:term":[{"taxonomy":"product_brand","embeddable":true,"href":"https:\/\/researchchemicalhub.com\/sv\/wp-json\/wp\/v2\/product_brand?post=24605"},{"taxonomy":"product_cat","embeddable":true,"href":"https:\/\/researchchemicalhub.com\/sv\/wp-json\/wp\/v2\/product_cat?post=24605"},{"taxonomy":"product_tag","embeddable":true,"href":"https:\/\/researchchemicalhub.com\/sv\/wp-json\/wp\/v2\/product_tag?post=24605"}],"curies":[{"name":"wp","href":"https:\/\/api.w.org\/{rel}","templated":true}]}}