{"id":24573,"date":"2025-10-20T17:42:03","date_gmt":"2025-10-20T17:42:03","guid":{"rendered":"https:\/\/researchchemicalhub.com\/?post_type=product&#038;p=24573"},"modified":"2025-10-29T08:07:08","modified_gmt":"2025-10-29T08:07:08","slug":"hhc-gummy-bear-50mg-red","status":"publish","type":"product","link":"https:\/\/researchchemicalhub.com\/sv\/shop\/b2b\/hhc-gummy-bear-50mg-red\/","title":{"rendered":"Gummybears 50 mg HHC (R\u00f6d)"},"content":{"rendered":"<h3 data-start=\"3889\" data-end=\"3910\"><strong data-start=\"3893\" data-end=\"3908\">Introduktion<\/strong><\/h3>\n<p data-start=\"3911\" data-end=\"4184\">Uppt\u00e4cka <strong data-start=\"3918\" data-end=\"3948\">Gummybears 50 mg HHC (R\u00f6d)<\/strong> \u2014 h\u00f6g kvalitet <strong data-start=\"3964\" data-end=\"3979\">HHC-godisar<\/strong> med en uts\u00f6kt smak och exakt dosering. Varje r\u00f6d gummibj\u00f6rn inneh\u00e5ller <strong data-start=\"4051\" data-end=\"4086\">50 mg HHC (hexahydrocannabinol)<\/strong>, vilket ger en kraftfullare och mer l\u00e5ngvarig effekt \u00e4n de l\u00e4ttare varianterna p\u00e5 10 mg eller 25 mg. hhc gummibj\u00f6rn<\/p>\n<p data-start=\"4186\" data-end=\"4346\">Oavsett om du forskar om <strong data-start=\"4214\" data-end=\"4229\">HHC-\u00e4tbara produkter<\/strong> eller \u00f6verv\u00e4ger <strong data-start=\"4243\" data-end=\"4279\">K\u00f6p Gummybears 50 mg HHC (R\u00f6d).<\/strong>, denna produkt st\u00e5r f\u00f6r renhet, precision och tillf\u00f6rlitlighet.<\/p>\n<hr data-start=\"4348\" data-end=\"4351\" \/>\n<h3 data-start=\"4353\" data-end=\"4384\"><strong data-start=\"4357\" data-end=\"4384\">Viktiga funktioner<\/strong><\/h3>\n<div class=\"_tableContainer_1rjym_1\">\n<div class=\"group _tableWrapper_1rjym_13 flex w-fit flex-col-reverse\" tabindex=\"-1\">\n<table class=\"w-fit min-w-(--thread-content-width)\" data-start=\"4386\" data-end=\"4853\">\n<thead data-start=\"4386\" data-end=\"4412\">\n<tr data-start=\"4386\" data-end=\"4412\">\n<th data-start=\"4386\" data-end=\"4396\" data-col-size=\"sm\">S\u00e4rdrag<\/th>\n<th data-start=\"4396\" data-end=\"4412\" data-col-size=\"md\">Beskrivning<\/th>\n<\/tr>\n<\/thead>\n<tbody data-start=\"4423\" data-end=\"4853\">\n<tr data-start=\"4423\" data-end=\"4512\">\n<td data-start=\"4423\" data-end=\"4442\" data-col-size=\"sm\"><strong data-start=\"4425\" data-end=\"4441\">H\u00f6g styrka<\/strong><\/td>\n<td data-start=\"4442\" data-end=\"4512\" data-col-size=\"md\">Varje gummi inneh\u00e5ller <strong data-start=\"4461\" data-end=\"4474\">50 mg HHC<\/strong> f\u00f6r en kraftfull, kontinuerlig effekt.<\/td>\n<\/tr>\n<tr data-start=\"4513\" data-end=\"4585\">\n<td data-start=\"4513\" data-end=\"4532\" data-col-size=\"sm\"><strong data-start=\"4515\" data-end=\"4531\">Fruktig smak<\/strong><\/td>\n<td data-start=\"4532\" data-end=\"4585\" data-col-size=\"md\">Den r\u00f6da sorten har en s\u00f6t och behaglig smak.<\/td>\n<\/tr>\n<tr data-start=\"4586\" data-end=\"4674\">\n<td data-start=\"4586\" data-end=\"4612\" data-col-size=\"sm\"><strong data-start=\"4588\" data-end=\"4611\">Laboratorietestad<\/strong><\/td>\n<td data-start=\"4612\" data-end=\"4674\" data-col-size=\"md\">Oberoende testad f\u00f6r renhet, styrka och s\u00e4kerhet.<\/td>\n<\/tr>\n<tr data-start=\"4675\" data-end=\"4762\">\n<td data-start=\"4675\" data-end=\"4703\" data-col-size=\"sm\"><strong data-start=\"4677\" data-end=\"4702\">Enkel dosering<\/strong><\/td>\n<td data-start=\"4703\" data-end=\"4762\" data-col-size=\"md\">Exakt inneh\u00e5ll per gummiblandning f\u00f6r f\u00f6ruts\u00e4gbara resultat.<\/td>\n<\/tr>\n<tr data-start=\"4763\" data-end=\"4853\">\n<td data-start=\"4763\" data-end=\"4791\" data-col-size=\"sm\"><strong data-start=\"4765\" data-end=\"4790\">F\u00f6rseglad f\u00f6rpackning<\/strong><\/td>\n<td data-start=\"4791\" data-end=\"4853\" data-col-size=\"md\">H\u00e5ller produkten fr\u00e4sch, kraftfull och skyddad mot fukt.<\/td>\n<\/tr>\n<\/tbody>\n<\/table>\n<\/div>\n<\/div>\n<hr data-start=\"4855\" data-end=\"4858\" \/>\n<h3 data-start=\"4860\" data-end=\"4877\"><strong data-start=\"4864\" data-end=\"4877\">F\u00f6rdelar<\/strong><\/h3>\n<ul data-start=\"4879\" data-end=\"5402\">\n<li data-start=\"4879\" data-end=\"5014\">\n<p data-start=\"4881\" data-end=\"5014\"><strong data-start=\"4881\" data-end=\"4916\">Kraftfull och l\u00e5ngvarig upplevelse<\/strong> \u2013 Dosen p\u00e5 50 mg ger l\u00e5ngvariga effekter, l\u00e4mplig f\u00f6r erfarna anv\u00e4ndare eller forskare.<\/p>\n<\/li>\n<li data-start=\"5015\" data-end=\"5117\">\n<p data-start=\"5017\" data-end=\"5117\"><strong data-start=\"5017\" data-end=\"5042\">P\u00e5litlig kvalitet<\/strong> \u2013 Varje sats <strong data-start=\"5056\" data-end=\"5071\">HHC-\u00e4tbara produkter<\/strong> testas f\u00f6r konsekvens och s\u00e4kerhet.<\/p>\n<\/li>\n<li data-start=\"5118\" data-end=\"5209\">\n<p data-start=\"5120\" data-end=\"5209\"><strong data-start=\"5120\" data-end=\"5141\">Diskret och bekv\u00e4mt<\/strong> \u2013 L\u00e4tt att f\u00f6rvara och anv\u00e4nda utan behov av lukt eller utrustning.<\/p>\n<\/li>\n<li data-start=\"5210\" data-end=\"5303\">\n<p data-start=\"5212\" data-end=\"5303\"><strong data-start=\"5212\" data-end=\"5234\">Smakrik styrka<\/strong> \u2013 Den r\u00f6da varianten kombinerar fruktig smak med en kraftfull effekt.<\/p>\n<\/li>\n<li data-start=\"5304\" data-end=\"5402\">\n<p data-start=\"5306\" data-end=\"5402\"><strong data-start=\"5306\" data-end=\"5326\">Forskningsv\u00e4rde<\/strong> \u2013 L\u00e4mplig f\u00f6r studier om <strong data-start=\"5356\" data-end=\"5402\">HHC-metabolism, stabilitet och absorption. hhc gummibj\u00f6rn<\/strong><\/p>\n<\/li>\n<\/ul>\n<hr data-start=\"5404\" data-end=\"5407\" \/>\n<h3 data-start=\"5409\" data-end=\"5445\"><strong data-start=\"5413\" data-end=\"5445\">Anv\u00e4ndning \/ Bruksanvisning<\/strong><\/h3>\n<blockquote data-start=\"5447\" data-end=\"5572\">\n<p data-start=\"5449\" data-end=\"5572\">\u26a0\ufe0f <strong data-start=\"5452\" data-end=\"5467\">Viktig:<\/strong> Anv\u00e4nd endast i l\u00e4nder d\u00e4r HHC \u00e4r lagligt. Ej l\u00e4mplig f\u00f6r barn, djur eller obeh\u00f6rig anv\u00e4ndning.<\/p>\n<\/blockquote>\n<ol data-start=\"5574\" data-end=\"5972\">\n<li data-start=\"5574\" data-end=\"5644\">\n<p data-start=\"5577\" data-end=\"5644\"><strong data-start=\"5577\" data-end=\"5592\">B\u00f6rja litet<\/strong> \u2013 B\u00f6rja med ett halvt gummigodis (cirka 25 mg HHC).<\/p>\n<\/li>\n<li data-start=\"5645\" data-end=\"5726\">\n<p data-start=\"5648\" data-end=\"5726\"><strong data-start=\"5648\" data-end=\"5668\">V\u00e4nta och utv\u00e4rdera<\/strong> - Vakt <strong data-start=\"5677\" data-end=\"5695\">90\u2013120 minuter<\/strong> f\u00f6r eventuellt ytterligare intag.<\/p>\n<\/li>\n<li data-start=\"5727\" data-end=\"5829\">\n<p data-start=\"5730\" data-end=\"5829\"><strong data-start=\"5730\" data-end=\"5753\">Undvik kombinationer<\/strong> \u2013 Anv\u00e4nd inte i kombination med alkohol eller andra psykoaktiva substanser.<\/p>\n<\/li>\n<li data-start=\"5830\" data-end=\"5887\">\n<p data-start=\"5833\" data-end=\"5887\"><strong data-start=\"5833\" data-end=\"5843\">Lagring<\/strong> \u2013 F\u00f6rvara svalt, torrt och m\u00f6rkt (\u2264 20 \u00b0C).<\/p>\n<\/li>\n<li data-start=\"5888\" data-end=\"5972\">\n<p data-start=\"5891\" data-end=\"5972\"><strong data-start=\"5891\" data-end=\"5912\">Forskningsanv\u00e4ndning<\/strong> \u2013 Registrera batchnummer och testresultat f\u00f6r dokumentation.<\/p>\n<\/li>\n<\/ol>\n<hr data-start=\"5974\" data-end=\"5977\" \/>\n<h3 data-start=\"5979\" data-end=\"6014\"><strong data-start=\"5983\" data-end=\"6012\">Vanliga fr\u00e5gor (FAQ)<\/strong><\/h3>\n<p data-start=\"6016\" data-end=\"6181\"><strong data-start=\"6016\" data-end=\"6044\">1. Vad \u00e4r HHC-godisar?<\/strong><br data-start=\"6044\" data-end=\"6047\" \/><strong data-start=\"6047\" data-end=\"6062\">HHC-godisar<\/strong> \u00e4r \u00e4tbara godisar med <strong data-start=\"6089\" data-end=\"6112\">Hexahydrocannabinol<\/strong>, en hydrerad cannabinoid med en mildare effekt \u00e4n THC.<\/p>\n<p data-start=\"6183\" data-end=\"6361\"><strong data-start=\"6183\" data-end=\"6232\">2. Hur starka \u00e4r Gummy Bears 50 mg HHC (R\u00f6d)?<\/strong><br data-start=\"6232\" data-end=\"6235\" \/>Varje gummi inneh\u00e5ller 50 mg HHC \u2013 en h\u00f6g dos med effekter som <strong data-start=\"6296\" data-end=\"6307\">4\u20136 timmar<\/strong> kan kvarst\u00e5, beroende p\u00e5 \u00e4mnesoms\u00e4ttningen.<\/p>\n<p data-start=\"6363\" data-end=\"6579\"><strong data-start=\"6363\" data-end=\"6422\">3. \u00c4r det lagligt att k\u00f6pa \u201cGummybears 50 mg HHC (R\u00f6d)\u201d?<\/strong><br data-start=\"6422\" data-end=\"6425\" \/>Lagligheten varierar mellan olika l\u00e4nder. I vissa EU-l\u00e4nder, <strong data-start=\"6485\" data-end=\"6500\">HHC-\u00e4tbara produkter<\/strong> Reglerat eller f\u00f6rbjudet. Kontrollera alltid lokala lagar innan du k\u00f6per.<\/p>","protected":false},"excerpt":{"rendered":"<h2><span dir=\"auto\" style=\"vertical-align: inherit;\"><span dir=\"auto\" style=\"vertical-align: inherit;\">Gummybears 50 mg HHC (R\u00f6d)<\/span><\/span><\/h2>\n<ul>\n<li><strong><span dir=\"auto\" style=\"vertical-align: inherit;\"><span dir=\"auto\" style=\"vertical-align: inherit;\">Detaljhandelsf\u00f6rpackningar<\/span><\/span><br \/>\n<\/strong><\/li>\n<li><strong><span dir=\"auto\" style=\"vertical-align: inherit;\"><span dir=\"auto\" style=\"vertical-align: inherit;\">Antal gummibj\u00f6rnar per p\u00e5se: 10<\/span><\/span><\/strong><\/li>\n<li><strong><span dir=\"auto\" style=\"vertical-align: inherit;\"><span dir=\"auto\" style=\"vertical-align: inherit;\">Priserna \u00e4r exklusive moms 21%<\/span><\/span><\/strong><\/li>\n<li><strong><span dir=\"auto\" style=\"vertical-align: inherit;\"><span dir=\"auto\" style=\"vertical-align: inherit;\">Rekommenderat pris per p\u00e5se: 24,95 \u20ac inkl. moms<\/span><\/span><\/strong><\/li>\n<li><strong><span dir=\"auto\" style=\"vertical-align: inherit;\"><span dir=\"auto\" style=\"vertical-align: inherit;\">Minsta best\u00e4llning: 100 p\u00e5sar<\/span><\/span><\/strong><\/li>\n<\/ul>","protected":false},"featured_media":28541,"comment_status":"closed","ping_status":"closed","template":"","meta":[],"product_brand":[82],"product_cat":[555],"product_tag":[709,710,707,708,711,713,712],"class_list":{"0":"post-24573","1":"product","2":"type-product","3":"status-publish","4":"has-post-thumbnail","6":"product_brand-research-chemical","7":"product_cat-b2b","8":"product_tag-hhc-50mg","9":"product_tag-hhc-effecten","10":"product_tag-hhc-gummy-bear","11":"product_tag-hhc-gummy-bears","12":"product_tag-hhc-kopen","13":"product_tag-hhc-nederland-belgie","14":"product_tag-legale-cannabis","16":"first","17":"instock","18":"taxable","19":"shipping-taxable","20":"purchasable","21":"product-type-variable"},"_links":{"self":[{"href":"https:\/\/researchchemicalhub.com\/sv\/wp-json\/wp\/v2\/product\/24573","targetHints":{"allow":["GET"]}}],"collection":[{"href":"https:\/\/researchchemicalhub.com\/sv\/wp-json\/wp\/v2\/product"}],"about":[{"href":"https:\/\/researchchemicalhub.com\/sv\/wp-json\/wp\/v2\/types\/product"}],"replies":[{"embeddable":true,"href":"https:\/\/researchchemicalhub.com\/sv\/wp-json\/wp\/v2\/comments?post=24573"}],"version-history":[{"count":8,"href":"https:\/\/researchchemicalhub.com\/sv\/wp-json\/wp\/v2\/product\/24573\/revisions"}],"predecessor-version":[{"id":27768,"href":"https:\/\/researchchemicalhub.com\/sv\/wp-json\/wp\/v2\/product\/24573\/revisions\/27768"}],"wp:featuredmedia":[{"embeddable":true,"href":"https:\/\/researchchemicalhub.com\/sv\/wp-json\/wp\/v2\/media\/28541"}],"wp:attachment":[{"href":"https:\/\/researchchemicalhub.com\/sv\/wp-json\/wp\/v2\/media?parent=24573"}],"wp:term":[{"taxonomy":"product_brand","embeddable":true,"href":"https:\/\/researchchemicalhub.com\/sv\/wp-json\/wp\/v2\/product_brand?post=24573"},{"taxonomy":"product_cat","embeddable":true,"href":"https:\/\/researchchemicalhub.com\/sv\/wp-json\/wp\/v2\/product_cat?post=24573"},{"taxonomy":"product_tag","embeddable":true,"href":"https:\/\/researchchemicalhub.com\/sv\/wp-json\/wp\/v2\/product_tag?post=24573"}],"curies":[{"name":"wp","href":"https:\/\/api.w.org\/{rel}","templated":true}]}}