{"id":24537,"date":"2025-10-20T17:41:54","date_gmt":"2025-10-20T17:41:54","guid":{"rendered":"https:\/\/researchchemicalhub.com\/?post_type=product&#038;p=24537"},"modified":"2025-10-21T16:01:53","modified_gmt":"2025-10-21T16:01:53","slug":"2c-e-kop","status":"publish","type":"product","link":"https:\/\/researchchemicalhub.com\/sv\/handla\/foretag-till-foretag\/2c-e-kop\/","title":{"rendered":"2C-E 10 MG Pellets Blister"},"content":{"rendered":"<h3 data-start=\"3825\" data-end=\"3846\"><strong data-start=\"3829\" data-end=\"3844\">Introduktion<\/strong><\/h3>\n<p data-start=\"3847\" data-end=\"4109\"><strong data-start=\"3847\" data-end=\"3889\">2C-E 10 mg pellets (blisterf\u00f6rpackning)<\/strong> inneh\u00e5lla en <strong data-start=\"3903\" data-end=\"3943\">noggrant v\u00e4gd dos p\u00e5 10 mg<\/strong> <strong data-start=\"3944\" data-end=\"3989\">2C-E (2,5-dimetoxi-4-etylfenetylamin)<\/strong> - En <strong data-start=\"3996\" data-end=\"4026\">syntetisk fenetylamin<\/strong> fr\u00e5n <strong data-start=\"4034\" data-end=\"4048\">2C-familjen<\/strong>, ursprungligen utvecklad av <strong data-start=\"4081\" data-end=\"4106\">Dr. Alexander Shulgin<\/strong>. 2c e\u200b<\/p>\n<p data-start=\"4111\" data-end=\"4452\">2C-E anv\u00e4nds flitigt i <strong data-start=\"4139\" data-end=\"4179\">kemisk och farmakologisk forskning<\/strong> f\u00f6r <strong data-start=\"4185\" data-end=\"4234\">studier av struktur-aktivitetsf\u00f6rh\u00e5llandet (SAR)<\/strong> och <strong data-start=\"4238\" data-end=\"4267\">receptorbindningsforskning<\/strong>.<br data-start=\"4268\" data-end=\"4271\" \/>Varje pellet produceras enligt <strong data-start=\"4310\" data-end=\"4356\">laboratoriestandarder (\u2265 98% renhet)<\/strong> och packad i en <strong data-start=\"4375\" data-end=\"4409\">skyddande blisterf\u00f6rpackning<\/strong> f\u00f6r maximal stabilitet och s\u00e4kerhet.<\/p>\n<blockquote data-start=\"4454\" data-end=\"4603\">\n<p data-start=\"4456\" data-end=\"4603\">\u26a0\ufe0f <strong data-start=\"4459\" data-end=\"4470\">OBS:<\/strong> 2C-E \u00e4r uteslutande avsedd f\u00f6r <strong data-start=\"4504\" data-end=\"4545\">laboratorie- och analytisk forskning<\/strong> \u2014 <strong data-start=\"4548\" data-end=\"4600\">inte l\u00e4mplig f\u00f6r anv\u00e4ndning p\u00e5 m\u00e4nniskor eller djur<\/strong>.<\/p>\n<\/blockquote>\n<hr data-start=\"4605\" data-end=\"4608\" \/>\n<h3 data-start=\"4610\" data-end=\"4641\"><strong data-start=\"4614\" data-end=\"4641\">Viktiga funktioner<\/strong><\/h3>\n<div class=\"_tableContainer_1rjym_1\">\n<div class=\"group _tableWrapper_1rjym_13 flex w-fit flex-col-reverse\" tabindex=\"-1\">\n<table class=\"w-fit min-w-(--thread-content-width)\" data-start=\"4643\" data-end=\"5125\">\n<thead data-start=\"4643\" data-end=\"4669\">\n<tr data-start=\"4643\" data-end=\"4669\">\n<th data-start=\"4643\" data-end=\"4653\" data-col-size=\"sm\">S\u00e4rdrag<\/th>\n<th data-start=\"4653\" data-end=\"4669\" data-col-size=\"md\">Beskrivning<\/th>\n<\/tr>\n<\/thead>\n<tbody data-start=\"4698\" data-end=\"5125\">\n<tr data-start=\"4698\" data-end=\"4757\">\n<td data-start=\"4698\" data-end=\"4719\" data-col-size=\"sm\"><strong data-start=\"4700\" data-end=\"4718\">Kemiskt namn<\/strong><\/td>\n<td data-start=\"4719\" data-end=\"4757\" data-col-size=\"md\">2,5-dimetoxi-4-etylfenetylamin<\/td>\n<\/tr>\n<tr data-start=\"4758\" data-end=\"4791\">\n<td data-start=\"4758\" data-end=\"4783\" data-col-size=\"sm\"><strong data-start=\"4760\" data-end=\"4782\">Vanligt namn<\/strong><\/td>\n<td data-start=\"4783\" data-end=\"4791\" data-col-size=\"md\">2C-E<\/td>\n<\/tr>\n<tr data-start=\"4792\" data-end=\"4827\">\n<td data-start=\"4792\" data-end=\"4807\" data-col-size=\"sm\"><strong data-start=\"4794\" data-end=\"4806\">Dosering<\/strong><\/td>\n<td data-start=\"4807\" data-end=\"4827\" data-col-size=\"md\">10 mg per pellet<\/td>\n<\/tr>\n<tr data-start=\"4828\" data-end=\"4875\">\n<td data-start=\"4828\" data-end=\"4839\" data-col-size=\"sm\"><strong data-start=\"4830\" data-end=\"4838\">Form<\/strong><\/td>\n<td data-start=\"4839\" data-end=\"4875\" data-col-size=\"md\">Fast pellet (blisterf\u00f6rpackning)<\/td>\n<\/tr>\n<tr data-start=\"4876\" data-end=\"4930\">\n<td data-start=\"4876\" data-end=\"4893\" data-col-size=\"sm\"><strong data-start=\"4878\" data-end=\"4892\">Renhet<\/strong><\/td>\n<td data-start=\"4893\" data-end=\"4930\" data-col-size=\"md\">\u2265 98% (bekr\u00e4ftad med HPLC och NMR)<\/td>\n<\/tr>\n<tr data-start=\"4931\" data-end=\"5000\">\n<td data-start=\"4931\" data-end=\"4954\" data-col-size=\"sm\"><strong data-start=\"4933\" data-end=\"4953\">Kemisk klass<\/strong><\/td>\n<td data-start=\"4954\" data-end=\"5000\" data-col-size=\"md\">Substituerad fenetylamin \/ 2C-familjen<\/td>\n<\/tr>\n<tr data-start=\"5001\" data-end=\"5050\">\n<td data-start=\"5001\" data-end=\"5018\" data-col-size=\"sm\"><strong data-start=\"5003\" data-end=\"5017\">F\u00f6rpackning<\/strong><\/td>\n<td data-start=\"5018\" data-end=\"5050\" data-col-size=\"md\">F\u00f6rseglad blisterf\u00f6rpackning<\/td>\n<\/tr>\n<tr data-start=\"5051\" data-end=\"5125\">\n<td data-start=\"5051\" data-end=\"5065\" data-col-size=\"sm\"><strong data-start=\"5053\" data-end=\"5064\">Anv\u00e4ndande<\/strong><\/td>\n<td data-start=\"5065\" data-end=\"5125\" data-col-size=\"md\">Endast f\u00f6r analytisk, forensisk och kemisk forskning<\/td>\n<\/tr>\n<\/tbody>\n<\/table>\n<\/div>\n<\/div>\n<hr data-start=\"5127\" data-end=\"5130\" \/>\n<h3 data-start=\"5132\" data-end=\"5149\"><strong data-start=\"5136\" data-end=\"5149\">F\u00f6rdelar<\/strong><\/h3>\n<ul data-start=\"5151\" data-end=\"5599\">\n<li data-start=\"5151\" data-end=\"5240\">\n<p data-start=\"5153\" data-end=\"5240\"><strong data-start=\"5153\" data-end=\"5177\">Noggrann dosering<\/strong> \u2013 Varje pellet inneh\u00e5ller exakt 10 mg f\u00f6r konsekventa resultat.<\/p>\n<\/li>\n<li data-start=\"5241\" data-end=\"5339\">\n<p data-start=\"5243\" data-end=\"5339\"><strong data-start=\"5243\" data-end=\"5262\">H\u00f6g renhet<\/strong> \u2013 \u2265 98% laboratoriekvalitet, testad med kromatografi och spektroskopi.<\/p>\n<\/li>\n<li data-start=\"5340\" data-end=\"5430\">\n<p data-start=\"5342\" data-end=\"5430\"><strong data-start=\"5342\" data-end=\"5364\">S\u00e4ker f\u00f6rpackning<\/strong> \u2013 Blisterf\u00f6rpackning f\u00f6rhindrar kontaminering och bibeh\u00e5ller stabilitet.<\/p>\n<\/li>\n<li data-start=\"5431\" data-end=\"5515\">\n<p data-start=\"5433\" data-end=\"5515\"><strong data-start=\"5433\" data-end=\"5463\">Bredt till\u00e4mplig forskning<\/strong> \u2013 L\u00e4mplig f\u00f6r GC\/MS-, HPLC-, FTIR- och NMR-analys.<\/p>\n<\/li>\n<li data-start=\"5516\" data-end=\"5599\">\n<p data-start=\"5518\" data-end=\"5599\"><strong data-start=\"5518\" data-end=\"5538\">Forskningsv\u00e4rde<\/strong> \u2013 V\u00e4rdefull f\u00f6r j\u00e4mf\u00f6rande studier inom 2C-serien.<\/p>\n<\/li>\n<\/ul>\n<hr data-start=\"5601\" data-end=\"5604\" \/>\n<h3 data-start=\"5606\" data-end=\"5658\"><strong data-start=\"5610\" data-end=\"5656\">Anv\u00e4ndning (endast f\u00f6r forsknings\u00e4ndam\u00e5l)<\/strong><\/h3>\n<ol data-start=\"5660\" data-end=\"6053\">\n<li data-start=\"5660\" data-end=\"5729\">\n<p data-start=\"5663\" data-end=\"5729\"><strong data-start=\"5663\" data-end=\"5678\">Hantering:<\/strong> Anv\u00e4nd handskar, skyddsglas\u00f6gon och laboratorierock.<\/p>\n<\/li>\n<li data-start=\"5730\" data-end=\"5825\">\n<p data-start=\"5733\" data-end=\"5825\"><strong data-start=\"5733\" data-end=\"5746\">M\u00e5tt:<\/strong> Varje pellet inneh\u00e5ller 10 mg; \u00e4ndra inte utanf\u00f6r kontrollerade f\u00f6rh\u00e5llanden.<\/p>\n<\/li>\n<li data-start=\"5826\" data-end=\"5911\">\n<p data-start=\"5829\" data-end=\"5911\"><strong data-start=\"5829\" data-end=\"5840\">Lagring:<\/strong> F\u00f6rvara svalt (2\u20138 \u00b0C), torrt och m\u00f6rkt i originalblisterf\u00f6rpackningen.<\/p>\n<\/li>\n<li data-start=\"5912\" data-end=\"5976\">\n<p data-start=\"5915\" data-end=\"5976\"><strong data-start=\"5915\" data-end=\"5927\">Analys:<\/strong> L\u00e4mplig f\u00f6r GC\/MS, LC-MS, HPLC, FTIR och NMR.<\/p>\n<\/li>\n<li data-start=\"5977\" data-end=\"6053\">\n<p data-start=\"5980\" data-end=\"6053\"><strong data-start=\"5980\" data-end=\"5997\">Dokumentation:<\/strong> Registrera batchdata och testresultat f\u00f6r att s\u00e4kerst\u00e4lla \u00f6verensst\u00e4mmelse.<\/p>\n<\/li>\n<\/ol>\n<hr data-start=\"6055\" data-end=\"6058\" \/>\n<h3 data-start=\"6060\" data-end=\"6095\"><strong data-start=\"6064\" data-end=\"6093\">Vanliga fr\u00e5gor (FAQ)<\/strong><\/h3>\n<p data-start=\"6097\" data-end=\"6313\"><strong data-start=\"6097\" data-end=\"6116\">1. Vad \u00e4r 2C-E?<\/strong><br data-start=\"6116\" data-end=\"6119\" \/><strong data-start=\"6119\" data-end=\"6164\">2C-E (2,5-dimetoxi-4-etylfenetylamin)<\/strong> \u00e4r en <strong data-start=\"6172\" data-end=\"6202\">syntetisk fenetylamin<\/strong> som anv\u00e4nds i analytiska och farmakologiska studier av receptorbindning och strukturell aktivitet.<\/p>\n<p data-start=\"6315\" data-end=\"6473\"><strong data-start=\"6315\" data-end=\"6366\">2. Vad anv\u00e4nds 2C-E 10 mg pellets till?<\/strong><br data-start=\"6366\" data-end=\"6369\" \/>De \u00e4r avsedda f\u00f6r <strong data-start=\"6390\" data-end=\"6431\">analytiska och forensiska \u00e4ndam\u00e5l<\/strong>, s\u00e5som kromatografi och spektroskopi.<\/p>\n<p data-start=\"6475\" data-end=\"6675\"><strong data-start=\"6475\" data-end=\"6513\">3. \u00c4r det lagligt att k\u00f6pa 2C-E?<\/strong><br data-start=\"6513\" data-end=\"6516\" \/>De <strong data-start=\"6519\" data-end=\"6542\">lagligheten av 2C-E<\/strong> Varierar beroende p\u00e5 land. I vissa l\u00e4nder anses det vara ett kontrollerat \u00e4mne; kontrollera d\u00e4rf\u00f6r alltid lokala best\u00e4mmelser innan du k\u00f6per.<\/p>","protected":false},"excerpt":{"rendered":"<h2><strong><span dir=\"auto\" style=\"vertical-align: inherit;\"><span dir=\"auto\" style=\"vertical-align: inherit;\">2C-E 10 MG Pellets Blister<\/span><\/span><\/strong><\/h2>\n<ul>\n<li><strong><span dir=\"auto\" style=\"vertical-align: inherit;\"><span dir=\"auto\" style=\"vertical-align: inherit;\">Detaljhandelsf\u00f6rpackningar<\/span><\/span><br \/>\n<\/strong><\/li>\n<li><strong><span dir=\"auto\" style=\"vertical-align: inherit;\"><span dir=\"auto\" style=\"vertical-align: inherit;\">Antal pellets per blisterf\u00f6rpackning: 10<\/span><\/span><\/strong><\/li>\n<li><strong><span dir=\"auto\" style=\"vertical-align: inherit;\"><span dir=\"auto\" style=\"vertical-align: inherit;\">Priserna \u00e4r exklusive moms 21%<\/span><\/span><\/strong><\/li>\n<li><strong><span dir=\"auto\" style=\"vertical-align: inherit;\"><span dir=\"auto\" style=\"vertical-align: inherit;\">Rekommenderat pris: 49,95 \u20ac inkl. moms<\/span><\/span><\/strong><\/li>\n<\/ul>","protected":false},"featured_media":20730,"comment_status":"closed","ping_status":"closed","template":"","meta":[],"product_brand":[82],"product_cat":[555],"product_tag":[799,620,621,816,326,797,798,795,796],"class_list":{"0":"post-24537","1":"product","2":"type-product","3":"status-publish","4":"has-post-thumbnail","6":"product_brand-research-chemical","7":"product_cat-b2b","8":"product_tag-2-ce-pellets","9":"product_tag-2c-e","10":"product_tag-2c-e-kopen","11":"product_tag-2ce-blister","12":"product_tag-nl","13":"product_tag-research-chemicals-bestellen","14":"product_tag-research-chemicals-nederland","15":"product_tag-wat-is-2c-e","16":"product_tag-where-to-buy-2c-e-online","18":"first","19":"instock","20":"taxable","21":"shipping-taxable","22":"purchasable","23":"product-type-variable"},"_links":{"self":[{"href":"https:\/\/researchchemicalhub.com\/sv\/wp-json\/wp\/v2\/product\/24537","targetHints":{"allow":["GET"]}}],"collection":[{"href":"https:\/\/researchchemicalhub.com\/sv\/wp-json\/wp\/v2\/product"}],"about":[{"href":"https:\/\/researchchemicalhub.com\/sv\/wp-json\/wp\/v2\/types\/product"}],"replies":[{"embeddable":true,"href":"https:\/\/researchchemicalhub.com\/sv\/wp-json\/wp\/v2\/comments?post=24537"}],"version-history":[{"count":7,"href":"https:\/\/researchchemicalhub.com\/sv\/wp-json\/wp\/v2\/product\/24537\/revisions"}],"predecessor-version":[{"id":27775,"href":"https:\/\/researchchemicalhub.com\/sv\/wp-json\/wp\/v2\/product\/24537\/revisions\/27775"}],"wp:featuredmedia":[{"embeddable":true,"href":"https:\/\/researchchemicalhub.com\/sv\/wp-json\/wp\/v2\/media\/20730"}],"wp:attachment":[{"href":"https:\/\/researchchemicalhub.com\/sv\/wp-json\/wp\/v2\/media?parent=24537"}],"wp:term":[{"taxonomy":"product_brand","embeddable":true,"href":"https:\/\/researchchemicalhub.com\/sv\/wp-json\/wp\/v2\/product_brand?post=24537"},{"taxonomy":"product_cat","embeddable":true,"href":"https:\/\/researchchemicalhub.com\/sv\/wp-json\/wp\/v2\/product_cat?post=24537"},{"taxonomy":"product_tag","embeddable":true,"href":"https:\/\/researchchemicalhub.com\/sv\/wp-json\/wp\/v2\/product_tag?post=24537"}],"curies":[{"name":"wp","href":"https:\/\/api.w.org\/{rel}","templated":true}]}}