{"id":24533,"date":"2025-10-20T17:41:54","date_gmt":"2025-10-20T17:41:54","guid":{"rendered":"https:\/\/researchchemicalhub.com\/?post_type=product&#038;p=24533"},"modified":"2025-10-21T16:01:39","modified_gmt":"2025-10-21T16:01:39","slug":"2c-d-kopen","status":"publish","type":"product","link":"https:\/\/researchchemicalhub.com\/sv\/shop\/b2b\/2c-d-kopen\/","title":{"rendered":"2C-D 10 MG Pellets Blister"},"content":{"rendered":"<h3 data-start=\"4002\" data-end=\"4023\"><strong data-start=\"4006\" data-end=\"4021\">Introduktion<\/strong><\/h3>\n<p data-start=\"4024\" data-end=\"4294\"><strong data-start=\"4024\" data-end=\"4066\">2C-D 10 mg pellets (blisterf\u00f6rpackning)<\/strong> inneh\u00e5lla en <strong data-start=\"4080\" data-end=\"4123\">exakt doserad m\u00e4ngd p\u00e5 10 mg<\/strong> av <strong data-start=\"4128\" data-end=\"4174\">2C-D (2,5-dimetoxi-4-metylfenetylamin)<\/strong> - En <strong data-start=\"4181\" data-end=\"4211\">syntetisk fenetylamin<\/strong> fr\u00e5n <strong data-start=\"4219\" data-end=\"4233\">2C-familjen<\/strong>, ursprungligen utvecklad av <strong data-start=\"4266\" data-end=\"4291\">Dr. Alexander Shulgin<\/strong>K\u00f6p 2 \u00f6re<\/p>\n<p data-start=\"4296\" data-end=\"4682\">Inuti <strong data-start=\"4303\" data-end=\"4355\">kemisk, farmakologisk och analytisk forskning<\/strong> 2C-D anv\u00e4nds som <strong data-start=\"4380\" data-end=\"4398\">referenssubstans<\/strong> f\u00f6r <strong data-start=\"4404\" data-end=\"4445\">struktur-aktivitetsf\u00f6rh\u00e5llandet (SAR)<\/strong>-studier, <strong data-start=\"4455\" data-end=\"4484\">receptorbindningsforskning<\/strong> och <strong data-start=\"4488\" data-end=\"4517\">kromatografisk analys<\/strong>.<br data-start=\"4518\" data-end=\"4521\" \/>Dessa pellets produceras enligt <strong data-start=\"4562\" data-end=\"4606\">laboratoriekvalitet (\u2265 98% renhet)<\/strong> och packad i <strong data-start=\"4621\" data-end=\"4638\">blisterremsor<\/strong> f\u00f6r optimalt skydd och stabilitet.<\/p>\n<blockquote data-start=\"4684\" data-end=\"4839\">\n<p data-start=\"4686\" data-end=\"4839\">\u26a0\ufe0f <strong data-start=\"4689\" data-end=\"4700\">OBS:<\/strong> 2C-D-pellets \u00e4r endast avsedda f\u00f6r <strong data-start=\"4744\" data-end=\"4785\">laboratorie- och analytisk forskning<\/strong> \u2014 <strong data-start=\"4788\" data-end=\"4836\">inte f\u00f6r m\u00e4nsklig eller djurkonsumtion<\/strong>.<\/p>\n<\/blockquote>\n<hr data-start=\"4841\" data-end=\"4844\" \/>\n<h3 data-start=\"4846\" data-end=\"4877\"><strong data-start=\"4850\" data-end=\"4877\">Viktiga funktioner<\/strong><\/h3>\n<div class=\"_tableContainer_1rjym_1\">\n<div class=\"group _tableWrapper_1rjym_13 flex w-fit flex-col-reverse\" tabindex=\"-1\">\n<table class=\"w-fit min-w-(--thread-content-width)\" data-start=\"4879\" data-end=\"5360\">\n<thead data-start=\"4879\" data-end=\"4905\">\n<tr data-start=\"4879\" data-end=\"4905\">\n<th data-start=\"4879\" data-end=\"4889\" data-col-size=\"sm\">S\u00e4rdrag<\/th>\n<th data-start=\"4889\" data-end=\"4905\" data-col-size=\"md\">Beskrivning<\/th>\n<\/tr>\n<\/thead>\n<tbody data-start=\"4934\" data-end=\"5360\">\n<tr data-start=\"4934\" data-end=\"4994\">\n<td data-start=\"4934\" data-end=\"4955\" data-col-size=\"sm\"><strong data-start=\"4936\" data-end=\"4954\">Kemiskt namn<\/strong><\/td>\n<td data-start=\"4955\" data-end=\"4994\" data-col-size=\"md\">2,5-dimetoxi-4-metylfenetylamin<\/td>\n<\/tr>\n<tr data-start=\"4995\" data-end=\"5028\">\n<td data-start=\"4995\" data-end=\"5020\" data-col-size=\"sm\"><strong data-start=\"4997\" data-end=\"5019\">Vanligt namn<\/strong><\/td>\n<td data-start=\"5020\" data-end=\"5028\" data-col-size=\"md\">2C-D<\/td>\n<\/tr>\n<tr data-start=\"5029\" data-end=\"5064\">\n<td data-start=\"5029\" data-end=\"5044\" data-col-size=\"sm\"><strong data-start=\"5031\" data-end=\"5043\">Dosering<\/strong><\/td>\n<td data-start=\"5044\" data-end=\"5064\" data-col-size=\"md\">10 mg per pellet<\/td>\n<\/tr>\n<tr data-start=\"5065\" data-end=\"5113\">\n<td data-start=\"5065\" data-end=\"5076\" data-col-size=\"sm\"><strong data-start=\"5067\" data-end=\"5075\">Form<\/strong><\/td>\n<td data-start=\"5076\" data-end=\"5113\" data-col-size=\"md\">Fasta pellets (blisterf\u00f6rpackning)<\/td>\n<\/tr>\n<tr data-start=\"5114\" data-end=\"5165\">\n<td data-start=\"5114\" data-end=\"5131\" data-col-size=\"sm\"><strong data-start=\"5116\" data-end=\"5130\">Renhet<\/strong><\/td>\n<td data-start=\"5131\" data-end=\"5165\" data-col-size=\"md\">\u2265 98% (testad med HPLC och NMR)<\/td>\n<\/tr>\n<tr data-start=\"5166\" data-end=\"5235\">\n<td data-start=\"5166\" data-end=\"5189\" data-col-size=\"sm\"><strong data-start=\"5168\" data-end=\"5188\">Kemisk klass<\/strong><\/td>\n<td data-start=\"5189\" data-end=\"5235\" data-col-size=\"md\">Substituerad fenetylamin (2C-familjen)<\/td>\n<\/tr>\n<tr data-start=\"5236\" data-end=\"5285\">\n<td data-start=\"5236\" data-end=\"5253\" data-col-size=\"sm\"><strong data-start=\"5238\" data-end=\"5252\">F\u00f6rpackning<\/strong><\/td>\n<td data-start=\"5253\" data-end=\"5285\" data-col-size=\"md\">F\u00f6rseglad blisterf\u00f6rpackning<\/td>\n<\/tr>\n<tr data-start=\"5286\" data-end=\"5360\">\n<td data-start=\"5286\" data-end=\"5300\" data-col-size=\"sm\"><strong data-start=\"5288\" data-end=\"5299\">Anv\u00e4ndande<\/strong><\/td>\n<td data-start=\"5300\" data-end=\"5360\" data-col-size=\"md\">Endast f\u00f6r analytisk, forensisk och kemisk forskning<\/td>\n<\/tr>\n<\/tbody>\n<\/table>\n<\/div>\n<\/div>\n<hr data-start=\"5362\" data-end=\"5365\" \/>\n<h3 data-start=\"5367\" data-end=\"5384\"><strong data-start=\"5371\" data-end=\"5384\">F\u00f6rdelar<\/strong><\/h3>\n<ul data-start=\"5386\" data-end=\"5834\">\n<li data-start=\"5386\" data-end=\"5484\">\n<p data-start=\"5388\" data-end=\"5484\"><strong data-start=\"5388\" data-end=\"5412\">Exakt doserad<\/strong> \u2013 Varje pellet inneh\u00e5ller 10 mg 2C-D f\u00f6r tillf\u00f6rlitliga forskningsresultat.<\/p>\n<\/li>\n<li data-start=\"5485\" data-end=\"5565\">\n<p data-start=\"5487\" data-end=\"5565\"><strong data-start=\"5487\" data-end=\"5517\">H\u00f6g laboratoriekvalitet<\/strong> \u2013 L\u00e4mplig f\u00f6r GC\/MS-, HPLC- och NMR-analys.<\/p>\n<\/li>\n<li data-start=\"5566\" data-end=\"5655\">\n<p data-start=\"5568\" data-end=\"5655\"><strong data-start=\"5568\" data-end=\"5591\">Stabil f\u00f6rpackning<\/strong> \u2013 Blisterf\u00f6rpackningen skyddar mot kontaminering och fukt.<\/p>\n<\/li>\n<li data-start=\"5656\" data-end=\"5735\">\n<p data-start=\"5658\" data-end=\"5735\"><strong data-start=\"5658\" data-end=\"5685\">H\u00f6g renhet<\/strong> \u2013 \u2265 98% renhet f\u00f6r konsekventa resultat.<\/p>\n<\/li>\n<li data-start=\"5736\" data-end=\"5834\">\n<p data-start=\"5738\" data-end=\"5834\"><strong data-start=\"5738\" data-end=\"5758\">Forskningsv\u00e4rde<\/strong> \u2013 L\u00e4mplig f\u00f6r j\u00e4mf\u00f6rande studier med 2C-analoger som 2C-B och 2C-E.<\/p>\n<\/li>\n<\/ul>\n<hr data-start=\"5836\" data-end=\"5839\" \/>\n<h3 data-start=\"5841\" data-end=\"5893\"><strong data-start=\"5845\" data-end=\"5891\">Anv\u00e4ndning (endast f\u00f6r forsknings\u00e4ndam\u00e5l)<\/strong><\/h3>\n<ol data-start=\"5895\" data-end=\"6319\">\n<li data-start=\"5895\" data-end=\"6001\">\n<p data-start=\"5898\" data-end=\"6001\"><strong data-start=\"5898\" data-end=\"5913\">Hantering:<\/strong> Anv\u00e4nd handskar, skyddsglas\u00f6gon och laboratorierock; arbeta i en kontrollerad milj\u00f6.<\/p>\n<\/li>\n<li data-start=\"6002\" data-end=\"6090\">\n<p data-start=\"6005\" data-end=\"6090\"><strong data-start=\"6005\" data-end=\"6018\">M\u00e5tt:<\/strong> Varje pellet inneh\u00e5ller exakt 10 mg; \u00e4ndra inte utanf\u00f6r laboratoriet.<\/p>\n<\/li>\n<li data-start=\"6091\" data-end=\"6180\">\n<p data-start=\"6094\" data-end=\"6180\"><strong data-start=\"6094\" data-end=\"6105\">Lagring:<\/strong> F\u00f6rvara svalt (2\u20138 \u00b0C), torrt och m\u00f6rkt i originalblisterf\u00f6rpackningen.<\/p>\n<\/li>\n<li data-start=\"6181\" data-end=\"6245\">\n<p data-start=\"6184\" data-end=\"6245\"><strong data-start=\"6184\" data-end=\"6196\">Analys:<\/strong> L\u00e4mplig f\u00f6r GC\/MS, LC-MS, HPLC, FTIR och NMR.<\/p>\n<\/li>\n<li data-start=\"6246\" data-end=\"6319\">\n<p data-start=\"6249\" data-end=\"6319\"><strong data-start=\"6249\" data-end=\"6266\">Dokumentation:<\/strong> Registrera batchnummer, renhet och testresultat.<\/p>\n<\/li>\n<\/ol>\n<hr data-start=\"6321\" data-end=\"6324\" \/>\n<h3 data-start=\"6326\" data-end=\"6361\"><strong data-start=\"6330\" data-end=\"6359\">Vanliga fr\u00e5gor (FAQ)<\/strong><\/h3>\n<p data-start=\"6363\" data-end=\"6563\"><strong data-start=\"6363\" data-end=\"6382\">1. Vad \u00e4r 2C-D?<\/strong><br data-start=\"6382\" data-end=\"6385\" \/>2C-D (2,5-dimetoxi-4-metylfenetylamin) \u00e4r en <strong data-start=\"6435\" data-end=\"6465\">syntetisk fenetylamin<\/strong> som anv\u00e4nds i kemisk och farmakologisk forskning om receptorbindning och SAR-studier.<\/p>\n<p data-start=\"6565\" data-end=\"6740\"><strong data-start=\"6565\" data-end=\"6616\">2. Vad anv\u00e4nds 2C-D 10 mg pellets till?<\/strong><br data-start=\"6616\" data-end=\"6619\" \/>Pelletsen \u00e4r avsedda f\u00f6r <strong data-start=\"6648\" data-end=\"6686\">analytisk och forensisk forskning<\/strong>, till exempel f\u00f6r kromatografi och spektroskopi.<\/p>\n<p data-start=\"6742\" data-end=\"6950\"><strong data-start=\"6742\" data-end=\"6780\">3. \u00c4r det lagligt att k\u00f6pa 2C-D?<\/strong><br data-start=\"6780\" data-end=\"6783\" \/>De <strong data-start=\"6786\" data-end=\"6809\">lagligheten av 2C-D<\/strong> varierar beroende p\u00e5 land. I vissa l\u00e4nder anses det vara ett kontrollerat \u00e4mne. Kontrollera alltid lokala f\u00f6reskrifter innan anv\u00e4ndning <strong data-start=\"6933\" data-end=\"6947\">2C-D k\u00f6per<\/strong>.<\/p>","protected":false},"excerpt":{"rendered":"<h2><strong>2C-D 10 MG-pellets<\/strong><\/h2>\n<ul>\n<li><strong>Detaljhandelsf\u00f6rpackningar<br \/>\n<\/strong><\/li>\n<li><strong>Antal pellets per blisterf\u00f6rpackning: 10<\/strong><\/li>\n<li><strong>Priserna \u00e4r exklusive moms 21%<\/strong><\/li>\n<li><strong>Rekommenderat pris: 49,95 \u20ac inkl. moms<\/strong><\/li>\n<\/ul>","protected":false},"featured_media":24548,"comment_status":"closed","ping_status":"closed","template":"","meta":[],"product_brand":[82],"product_cat":[555],"product_tag":[661,794,791,792,793,326],"class_list":{"0":"post-24533","1":"product","2":"type-product","3":"status-publish","4":"has-post-thumbnail","6":"product_brand-research-chemical","7":"product_cat-b2b","8":"product_tag-2c-d","9":"product_tag-2c-d-bestsellen","10":"product_tag-2c-d-kopen","11":"product_tag-2c-d-reddit","12":"product_tag-2cd-pellets","13":"product_tag-nl","15":"first","16":"instock","17":"taxable","18":"shipping-taxable","19":"purchasable","20":"product-type-variable"},"_links":{"self":[{"href":"https:\/\/researchchemicalhub.com\/sv\/wp-json\/wp\/v2\/product\/24533","targetHints":{"allow":["GET"]}}],"collection":[{"href":"https:\/\/researchchemicalhub.com\/sv\/wp-json\/wp\/v2\/product"}],"about":[{"href":"https:\/\/researchchemicalhub.com\/sv\/wp-json\/wp\/v2\/types\/product"}],"replies":[{"embeddable":true,"href":"https:\/\/researchchemicalhub.com\/sv\/wp-json\/wp\/v2\/comments?post=24533"}],"version-history":[{"count":5,"href":"https:\/\/researchchemicalhub.com\/sv\/wp-json\/wp\/v2\/product\/24533\/revisions"}],"predecessor-version":[{"id":27774,"href":"https:\/\/researchchemicalhub.com\/sv\/wp-json\/wp\/v2\/product\/24533\/revisions\/27774"}],"wp:featuredmedia":[{"embeddable":true,"href":"https:\/\/researchchemicalhub.com\/sv\/wp-json\/wp\/v2\/media\/24548"}],"wp:attachment":[{"href":"https:\/\/researchchemicalhub.com\/sv\/wp-json\/wp\/v2\/media?parent=24533"}],"wp:term":[{"taxonomy":"product_brand","embeddable":true,"href":"https:\/\/researchchemicalhub.com\/sv\/wp-json\/wp\/v2\/product_brand?post=24533"},{"taxonomy":"product_cat","embeddable":true,"href":"https:\/\/researchchemicalhub.com\/sv\/wp-json\/wp\/v2\/product_cat?post=24533"},{"taxonomy":"product_tag","embeddable":true,"href":"https:\/\/researchchemicalhub.com\/sv\/wp-json\/wp\/v2\/product_tag?post=24533"}],"curies":[{"name":"wp","href":"https:\/\/api.w.org\/{rel}","templated":true}]}}