{"id":24443,"date":"2025-10-20T17:41:44","date_gmt":"2025-10-20T17:41:44","guid":{"rendered":"https:\/\/researchchemicalhub.com\/?post_type=product&#038;p=24443"},"modified":"2025-10-29T08:23:18","modified_gmt":"2025-10-29T08:23:18","slug":"ipph-25-mg-pellets","status":"publish","type":"product","link":"https:\/\/researchchemicalhub.com\/sv\/handla\/ipph\/ipph-25-mg-pellets\/","title":{"rendered":"Isopropylfenidat (IPPH) 25 mg pellets"},"content":{"rendered":"<h3 data-start=\"4132\" data-end=\"4153\"><strong data-start=\"4136\" data-end=\"4151\">Introduktion<\/strong><\/h3>\n<p data-start=\"4154\" data-end=\"4608\"><strong data-start=\"4154\" data-end=\"4195\">Isopropylfenidat (IPPH) 25 mg pellets<\/strong> inneh\u00e5lla <strong data-start=\"4205\" data-end=\"4242\">25 mg isopropylfenidat med h\u00f6g renhet<\/strong>, En <strong data-start=\"4248\" data-end=\"4272\">piperidinf\u00f6rening<\/strong> vilket \u00e4r strukturellt relaterat till <strong data-start=\"4304\" data-end=\"4322\">metylfenidat<\/strong> och <strong data-start=\"4326\" data-end=\"4343\">etylfenidat<\/strong>.ipph\u00a0<br data-start=\"4344\" data-end=\"4347\" \/>Inuti <strong data-start=\"4354\" data-end=\"4395\">neurokemisk och analytisk forskning<\/strong> IPPH anv\u00e4nds som <strong data-start=\"4420\" data-end=\"4473\">dopamin- och noradrenalin\u00e5terupptagsh\u00e4mmare-analog<\/strong>Det anv\u00e4nds i studier av <strong data-start=\"4512\" data-end=\"4538\">monoamintransport\u00f6rer<\/strong>, <strong data-start=\"4540\" data-end=\"4582\">struktur-aktivitetssamband (SAR)<\/strong> och <strong data-start=\"4586\" data-end=\"4605\">receptorbindning<\/strong>.<\/p>\n<p data-start=\"4610\" data-end=\"4786\">Varje pellet produceras med en <strong data-start=\"4646\" data-end=\"4670\">renhet \u2265 98%<\/strong>, individuellt f\u00f6rpackade i en <strong data-start=\"4699\" data-end=\"4715\">blisterremsa<\/strong> och utformad f\u00f6r <strong data-start=\"4734\" data-end=\"4783\">noggrann dosering och kemisk stabilitet<\/strong>.<\/p>\n<blockquote data-start=\"4788\" data-end=\"4934\">\n<p data-start=\"4790\" data-end=\"4934\">\u26a0\ufe0f <strong data-start=\"4793\" data-end=\"4804\">OBS:<\/strong> Denna produkt \u00e4r endast avsedd f\u00f6r <strong data-start=\"4845\" data-end=\"4880\">forskning och analytisk anv\u00e4ndning<\/strong> \u2014 <strong data-start=\"4883\" data-end=\"4931\">inte f\u00f6r m\u00e4nsklig eller djurkonsumtion<\/strong>.<\/p>\n<\/blockquote>\n<hr data-start=\"4936\" data-end=\"4939\" \/>\n<h3 data-start=\"4941\" data-end=\"4972\"><strong data-start=\"4945\" data-end=\"4972\">Viktiga funktioner<\/strong><\/h3>\n<div class=\"_tableContainer_1rjym_1\">\n<div class=\"group _tableWrapper_1rjym_13 flex w-fit flex-col-reverse\" tabindex=\"-1\">\n<table class=\"w-fit min-w-(--thread-content-width)\" data-start=\"4974\" data-end=\"5527\">\n<thead data-start=\"4974\" data-end=\"5000\">\n<tr data-start=\"4974\" data-end=\"5000\">\n<th data-start=\"4974\" data-end=\"4984\" data-col-size=\"sm\">S\u00e4rdrag<\/th>\n<th data-start=\"4984\" data-end=\"5000\" data-col-size=\"md\">Beskrivning<\/th>\n<\/tr>\n<\/thead>\n<tbody data-start=\"5029\" data-end=\"5527\">\n<tr data-start=\"5029\" data-end=\"5085\">\n<td data-start=\"5029\" data-end=\"5050\" data-col-size=\"sm\"><strong data-start=\"5031\" data-end=\"5049\">Kemiskt namn<\/strong><\/td>\n<td data-start=\"5050\" data-end=\"5085\" data-col-size=\"md\">Isopropylfenidathydroklorid<\/td>\n<\/tr>\n<tr data-start=\"5086\" data-end=\"5119\">\n<td data-start=\"5086\" data-end=\"5111\" data-col-size=\"sm\"><strong data-start=\"5088\" data-end=\"5110\">Vanligt namn<\/strong><\/td>\n<td data-start=\"5111\" data-end=\"5119\" data-col-size=\"md\">IPPH<\/td>\n<\/tr>\n<tr data-start=\"5120\" data-end=\"5157\">\n<td data-start=\"5120\" data-end=\"5144\" data-col-size=\"sm\"><strong data-start=\"5122\" data-end=\"5143\">Kemisk formel<\/strong><\/td>\n<td data-start=\"5144\" data-end=\"5157\" data-col-size=\"md\">C\u2081\u2085H\u2082\u2081NO\u2082<\/td>\n<\/tr>\n<tr data-start=\"5158\" data-end=\"5196\">\n<td data-start=\"5158\" data-end=\"5180\" data-col-size=\"sm\"><strong data-start=\"5160\" data-end=\"5179\">Molekylvikt<\/strong><\/td>\n<td data-start=\"5180\" data-end=\"5196\" data-col-size=\"md\">247,33 g\/mol<\/td>\n<\/tr>\n<tr data-start=\"5197\" data-end=\"5231\">\n<td data-start=\"5197\" data-end=\"5212\" data-col-size=\"sm\"><strong data-start=\"5199\" data-end=\"5211\">Dosering<\/strong><\/td>\n<td data-start=\"5212\" data-end=\"5231\" data-col-size=\"md\">25 mg per pellet<\/td>\n<\/tr>\n<tr data-start=\"5232\" data-end=\"5279\">\n<td data-start=\"5232\" data-end=\"5243\" data-col-size=\"sm\"><strong data-start=\"5234\" data-end=\"5242\">Form<\/strong><\/td>\n<td data-start=\"5243\" data-end=\"5279\" data-col-size=\"md\">Fast pellet (blisterf\u00f6rpackning)<\/td>\n<\/tr>\n<tr data-start=\"5280\" data-end=\"5331\">\n<td data-start=\"5280\" data-end=\"5297\" data-col-size=\"sm\"><strong data-start=\"5282\" data-end=\"5296\">Renhet<\/strong><\/td>\n<td data-start=\"5297\" data-end=\"5331\" data-col-size=\"md\">\u2265 98% (testad med HPLC och NMR)<\/td>\n<\/tr>\n<tr data-start=\"5332\" data-end=\"5397\">\n<td data-start=\"5332\" data-end=\"5355\" data-col-size=\"sm\"><strong data-start=\"5334\" data-end=\"5354\">Kemisk klass<\/strong><\/td>\n<td data-start=\"5355\" data-end=\"5397\" data-col-size=\"md\">Piperidinderivat \/ fenidatanalog<\/td>\n<\/tr>\n<tr data-start=\"5398\" data-end=\"5477\">\n<td data-start=\"5398\" data-end=\"5412\" data-col-size=\"sm\"><strong data-start=\"5400\" data-end=\"5411\">Anv\u00e4ndande<\/strong><\/td>\n<td data-start=\"5412\" data-end=\"5477\" data-col-size=\"md\">Endast f\u00f6r analytisk, forensisk och neurokemisk forskning<\/td>\n<\/tr>\n<tr data-start=\"5478\" data-end=\"5527\">\n<td data-start=\"5478\" data-end=\"5495\" data-col-size=\"sm\"><strong data-start=\"5480\" data-end=\"5494\">F\u00f6rpackning<\/strong><\/td>\n<td data-start=\"5495\" data-end=\"5527\" data-col-size=\"md\">Blisterremsa med f\u00f6rsegling<\/td>\n<\/tr>\n<\/tbody>\n<\/table>\n<\/div>\n<\/div>\n<hr data-start=\"5529\" data-end=\"5532\" \/>\n<h3 data-start=\"5534\" data-end=\"5551\"><strong data-start=\"5538\" data-end=\"5551\">F\u00f6rdelar<\/strong><\/h3>\n<ul data-start=\"5553\" data-end=\"5952\">\n<li data-start=\"5553\" data-end=\"5645\">\n<p data-start=\"5555\" data-end=\"5645\"><strong data-start=\"5555\" data-end=\"5574\">H\u00f6g renhet<\/strong> \u2013 \u2265 98% laboratoriekvalitet f\u00f6r tillf\u00f6rlitliga forskningsresultat.<\/p>\n<\/li>\n<li data-start=\"5646\" data-end=\"5719\">\n<p data-start=\"5648\" data-end=\"5719\"><strong data-start=\"5648\" data-end=\"5672\">Noggrann dosering<\/strong> \u2013 25 mg per pellet f\u00f6r konsekvent analys.<\/p>\n<\/li>\n<li data-start=\"5720\" data-end=\"5794\">\n<p data-start=\"5722\" data-end=\"5794\"><strong data-start=\"5722\" data-end=\"5744\">S\u00e4ker f\u00f6rpackning<\/strong> \u2013 Skyddad mot fukt, ljus och kontaminering.<\/p>\n<\/li>\n<li data-start=\"5795\" data-end=\"5863\">\n<p data-start=\"5797\" data-end=\"5863\"><strong data-start=\"5797\" data-end=\"5817\">Brett till\u00e4mplig<\/strong> \u2013 L\u00e4mplig f\u00f6r GC\/MS, LC-MS, FTIR och HPLC.<\/p>\n<\/li>\n<li data-start=\"5864\" data-end=\"5952\">\n<p data-start=\"5866\" data-end=\"5952\"><strong data-start=\"5866\" data-end=\"5893\">Verifierad kvalitet<\/strong> \u2013 Varje batch testad och f\u00f6rsedd med analyscertifikat.<\/p>\n<\/li>\n<\/ul>\n<hr data-start=\"5954\" data-end=\"5957\" \/>\n<h3 data-start=\"5959\" data-end=\"6011\"><strong data-start=\"5963\" data-end=\"6009\">Anv\u00e4ndning (endast f\u00f6r forsknings\u00e4ndam\u00e5l)<\/strong><\/h3>\n<ol data-start=\"6013\" data-end=\"6382\">\n<li data-start=\"6013\" data-end=\"6082\">\n<p data-start=\"6016\" data-end=\"6082\"><strong data-start=\"6016\" data-end=\"6031\">Hantering:<\/strong> Anv\u00e4nd handskar, skyddsglas\u00f6gon och labbrock. ipph<\/p>\n<\/li>\n<li data-start=\"6083\" data-end=\"6180\">\n<p data-start=\"6086\" data-end=\"6180\"><strong data-start=\"6086\" data-end=\"6099\">M\u00e5tt:<\/strong> Varje pellet inneh\u00e5ller exakt 25 mg; \u00e4ndra inte utanf\u00f6r laboratorief\u00f6rh\u00e5llandena.<\/p>\n<\/li>\n<li data-start=\"6181\" data-end=\"6235\">\n<p data-start=\"6184\" data-end=\"6235\"><strong data-start=\"6184\" data-end=\"6195\">Lagring:<\/strong> F\u00f6rvara svalt (2\u20138 \u00b0C), torrt och m\u00f6rkt.<\/p>\n<\/li>\n<li data-start=\"6236\" data-end=\"6319\">\n<p data-start=\"6239\" data-end=\"6319\"><strong data-start=\"6239\" data-end=\"6251\">Analys:<\/strong> L\u00e4mplig f\u00f6r kromatografi, spektroskopi och receptorforskning.<\/p>\n<\/li>\n<li data-start=\"6320\" data-end=\"6382\">\n<p data-start=\"6323\" data-end=\"6382\"><strong data-start=\"6323\" data-end=\"6340\">Dokumentation:<\/strong> Registrera batchnummer och analysmetoder.<\/p>\n<\/li>\n<\/ol>\n<hr data-start=\"6384\" data-end=\"6387\" \/>\n<h3 data-start=\"6389\" data-end=\"6424\"><strong data-start=\"6393\" data-end=\"6422\">Vanliga fr\u00e5gor (FAQ)<\/strong><\/h3>\n<p data-start=\"6426\" data-end=\"6627\"><strong data-start=\"6426\" data-end=\"6465\">1. Vad \u00e4r isopropylfenidat (IPPH)?<\/strong><br data-start=\"6465\" data-end=\"6468\" \/><strong data-start=\"6468\" data-end=\"6489\">Isopropylfenidat<\/strong> \u00e4r en <strong data-start=\"6497\" data-end=\"6521\">piperidinf\u00f6rening<\/strong> relaterat till metylfenidat och anv\u00e4nds i forskning om dopamin- och noradrenalintransport\u00f6rer.<\/p>\n<p data-start=\"6629\" data-end=\"6794\"><strong data-start=\"6629\" data-end=\"6679\">2. Vad anv\u00e4nds IPPH 25 mg-pellets till?<\/strong><br data-start=\"6679\" data-end=\"6682\" \/>Pelletsen anv\u00e4nds f\u00f6r <strong data-start=\"6714\" data-end=\"6752\">analytisk och forensisk forskning<\/strong>, s\u00e5som kromatografi och spektroskopi.<\/p>\n<p data-start=\"6796\" data-end=\"6987\"><strong data-start=\"6796\" data-end=\"6834\">3. \u00c4r det lagligt att k\u00f6pa IPPH?<\/strong><br data-start=\"6834\" data-end=\"6837\" \/>De <strong data-start=\"6840\" data-end=\"6863\">lagligheten av IPPH<\/strong> varierar beroende p\u00e5 land. I vissa l\u00e4nder \u00e4r det reglerat. Kontrollera alltid lokala lagar innan du anv\u00e4nder <strong data-start=\"6970\" data-end=\"6984\">IPPH k\u00f6per<\/strong>.<\/p>","protected":false},"excerpt":{"rendered":"<p>Introductie Isopropylfenidaat (IPPH) 25mg Pellets bevatten 25mg hoogzuiver Isopropylfenidaat, een piperidineverbinding die structureel verwant is aan methylfenidaat en ethylfenidaat. ipph\u00a0Binnen<\/p>","protected":false},"featured_media":28547,"comment_status":"closed","ping_status":"closed","template":"","meta":[],"product_brand":[82],"product_cat":[461,462,336,324],"product_tag":[596,928,595,326],"class_list":{"0":"post-24443","1":"product","2":"type-product","3":"status-publish","4":"has-post-thumbnail","6":"product_brand-research-chemical","7":"product_cat-ipph","8":"product_cat-ipph-pellets","9":"product_cat-overig","10":"product_cat-pellets-for-pellet","11":"product_tag-ipph","12":"product_tag-ipph-kopen","13":"product_tag-isopropylphenidate","14":"product_tag-nl","16":"first","17":"instock","18":"taxable","19":"shipping-taxable","20":"purchasable","21":"product-type-variable"},"_links":{"self":[{"href":"https:\/\/researchchemicalhub.com\/sv\/wp-json\/wp\/v2\/product\/24443","targetHints":{"allow":["GET"]}}],"collection":[{"href":"https:\/\/researchchemicalhub.com\/sv\/wp-json\/wp\/v2\/product"}],"about":[{"href":"https:\/\/researchchemicalhub.com\/sv\/wp-json\/wp\/v2\/types\/product"}],"replies":[{"embeddable":true,"href":"https:\/\/researchchemicalhub.com\/sv\/wp-json\/wp\/v2\/comments?post=24443"}],"version-history":[{"count":5,"href":"https:\/\/researchchemicalhub.com\/sv\/wp-json\/wp\/v2\/product\/24443\/revisions"}],"predecessor-version":[{"id":27791,"href":"https:\/\/researchchemicalhub.com\/sv\/wp-json\/wp\/v2\/product\/24443\/revisions\/27791"}],"wp:featuredmedia":[{"embeddable":true,"href":"https:\/\/researchchemicalhub.com\/sv\/wp-json\/wp\/v2\/media\/28547"}],"wp:attachment":[{"href":"https:\/\/researchchemicalhub.com\/sv\/wp-json\/wp\/v2\/media?parent=24443"}],"wp:term":[{"taxonomy":"product_brand","embeddable":true,"href":"https:\/\/researchchemicalhub.com\/sv\/wp-json\/wp\/v2\/product_brand?post=24443"},{"taxonomy":"product_cat","embeddable":true,"href":"https:\/\/researchchemicalhub.com\/sv\/wp-json\/wp\/v2\/product_cat?post=24443"},{"taxonomy":"product_tag","embeddable":true,"href":"https:\/\/researchchemicalhub.com\/sv\/wp-json\/wp\/v2\/product_tag?post=24443"}],"curies":[{"name":"wp","href":"https:\/\/api.w.org\/{rel}","templated":true}]}}