{"id":24422,"date":"2025-04-13T17:41:41","date_gmt":"2025-04-13T17:41:41","guid":{"rendered":"https:\/\/researchchemicalhub.com\/?post_type=product&#038;p=24422"},"modified":"2025-10-29T08:37:13","modified_gmt":"2025-10-29T08:37:13","slug":"2mmc-pellets-250mg","status":"publish","type":"product","link":"https:\/\/researchchemicalhub.com\/sv\/shop\/2-mmc-kopen\/2mmc-pellets-250mg\/","title":{"rendered":"2-MMC 250 mg pellets"},"content":{"rendered":"<h3 data-start=\"3942\" data-end=\"3963\"><strong data-start=\"3946\" data-end=\"3961\"><span dir=\"auto\" style=\"vertical-align: inherit;\"><span dir=\"auto\" style=\"vertical-align: inherit;\">Introduktion<\/span><\/span><\/strong><\/h3>\n<p data-start=\"3964\" data-end=\"4354\"><strong data-start=\"3964\" data-end=\"3987\"><span dir=\"auto\" style=\"vertical-align: inherit;\"><span dir=\"auto\" style=\"vertical-align: inherit;\">2-MMC 250 mg pellets<\/span><\/span><\/strong><span dir=\"auto\" style=\"vertical-align: inherit;\"><span dir=\"auto\" style=\"vertical-align: inherit;\"> inneh\u00e5lla <\/span><\/span><strong data-start=\"3997\" data-end=\"4054\"><span dir=\"auto\" style=\"vertical-align: inherit;\"><span dir=\"auto\" style=\"vertical-align: inherit;\">250 milligram h\u00f6grent 2-MMC (2-metylmetkatinon)<\/span><\/span><\/strong><span dir=\"auto\" style=\"vertical-align: inherit;\"><span dir=\"auto\" style=\"vertical-align: inherit;\"> \u2014 en <\/span><\/span><strong data-start=\"4061\" data-end=\"4096\"><span dir=\"auto\" style=\"vertical-align: inherit;\"><span dir=\"auto\" style=\"vertical-align: inherit;\">syntetisk katonf\u00f6rening<\/span><\/span><\/strong><span dir=\"auto\" style=\"vertical-align: inherit;\"><span dir=\"auto\" style=\"vertical-align: inherit;\"> fr\u00e5n <\/span><\/span><strong data-start=\"4104\" data-end=\"4133\"><span dir=\"auto\" style=\"vertical-align: inherit;\"><span dir=\"auto\" style=\"vertical-align: inherit;\">\u03b2-ketoamfetaminfamiljen<\/span><\/span><\/strong><span dir=\"auto\" style=\"vertical-align: inherit;\"><span dir=\"auto\" style=\"vertical-align: inherit;\"> 2 mmc pellets <\/span><\/span><br data-start=\"4134\" data-end=\"4137\" \/><span dir=\"auto\" style=\"vertical-align: inherit;\"><span dir=\"auto\" style=\"vertical-align: inherit;\">2-MMC \u00e4r strukturellt relaterat till <\/span><\/span><strong data-start=\"4170\" data-end=\"4179\"><span dir=\"auto\" style=\"vertical-align: inherit;\"><span dir=\"auto\" style=\"vertical-align: inherit;\">3-MMC<\/span><\/span><\/strong><span dir=\"auto\" style=\"vertical-align: inherit;\"><span dir=\"auto\" style=\"vertical-align: inherit;\"> och <\/span><\/span><strong data-start=\"4183\" data-end=\"4204\"><span dir=\"auto\" style=\"vertical-align: inherit;\"><span dir=\"auto\" style=\"vertical-align: inherit;\">4-MMC (mefedron)<\/span><\/span><\/strong><span dir=\"auto\" style=\"vertical-align: inherit;\"><span dir=\"auto\" style=\"vertical-align: inherit;\"> och anv\u00e4nds i <\/span><\/span><strong data-start=\"4226\" data-end=\"4264\"><span dir=\"auto\" style=\"vertical-align: inherit;\"><span dir=\"auto\" style=\"vertical-align: inherit;\">forensiska och analytiska unders\u00f6kningar<\/span><\/span><\/strong><span dir=\"auto\" style=\"vertical-align: inherit;\"><span dir=\"auto\" style=\"vertical-align: inherit;\"> eller <\/span><\/span><strong data-start=\"4270\" data-end=\"4312\"><span dir=\"auto\" style=\"vertical-align: inherit;\"><span dir=\"auto\" style=\"vertical-align: inherit;\">struktur-aktivitetssamband (SAR)<\/span><\/span><\/strong><span dir=\"auto\" style=\"vertical-align: inherit;\"><span dir=\"auto\" style=\"vertical-align: inherit;\"> och <\/span><\/span><strong data-start=\"4316\" data-end=\"4351\"><span dir=\"auto\" style=\"vertical-align: inherit;\"><span dir=\"auto\" style=\"vertical-align: inherit;\">kromatografiska egenskaper<\/span><\/span><\/strong><span dir=\"auto\" style=\"vertical-align: inherit;\"><span dir=\"auto\" style=\"vertical-align: inherit;\"> .<\/span><\/span><\/p>\n<p data-start=\"4356\" data-end=\"4504\"><span dir=\"auto\" style=\"vertical-align: inherit;\"><span dir=\"auto\" style=\"vertical-align: inherit;\">Varje pellet produceras med en <\/span><\/span><strong data-start=\"4395\" data-end=\"4419\"><span dir=\"auto\" style=\"vertical-align: inherit;\"><span dir=\"auto\" style=\"vertical-align: inherit;\">renhet \u2265 98%<\/span><\/span><\/strong><span dir=\"auto\" style=\"vertical-align: inherit;\"><span dir=\"auto\" style=\"vertical-align: inherit;\"> och <\/span><\/span><strong data-start=\"4423\" data-end=\"4454\"><span dir=\"auto\" style=\"vertical-align: inherit;\"><span dir=\"auto\" style=\"vertical-align: inherit;\">f\u00f6rpackad i en blisterf\u00f6rpackning<\/span><\/span><\/strong><span dir=\"auto\" style=\"vertical-align: inherit;\"><span dir=\"auto\" style=\"vertical-align: inherit;\"> f\u00f6r att s\u00e4kerst\u00e4lla stabilitet och noggrannhet.<\/span><\/span><\/p>\n<blockquote data-start=\"4506\" data-end=\"4652\">\n<p data-start=\"4508\" data-end=\"4652\">\u26a0\ufe0f <strong data-start=\"4511\" data-end=\"4522\"><span dir=\"auto\" style=\"vertical-align: inherit;\"><span dir=\"auto\" style=\"vertical-align: inherit;\">Observera:<\/span><\/span><\/strong><span dir=\"auto\" style=\"vertical-align: inherit;\"><span dir=\"auto\" style=\"vertical-align: inherit;\"> Denna produkt \u00e4r avsedd f\u00f6r <\/span><\/span><strong data-start=\"4563\" data-end=\"4598\"><span dir=\"auto\" style=\"vertical-align: inherit;\"><span dir=\"auto\" style=\"vertical-align: inherit;\">forskning och analytisk anv\u00e4ndning<\/span><\/span><\/strong><span dir=\"auto\" style=\"vertical-align: inherit;\"><span dir=\"auto\" style=\"vertical-align: inherit;\"> bara \u2014 <\/span><\/span><strong data-start=\"4601\" data-end=\"4649\"><span dir=\"auto\" style=\"vertical-align: inherit;\"><span dir=\"auto\" style=\"vertical-align: inherit;\">inte f\u00f6r m\u00e4nsklig eller djurkonsumtion<\/span><\/span><\/strong><span dir=\"auto\" style=\"vertical-align: inherit;\"><span dir=\"auto\" style=\"vertical-align: inherit;\"> .<\/span><\/span><\/p>\n<\/blockquote>\n<hr data-start=\"4654\" data-end=\"4657\" \/>\n<h3 data-start=\"4659\" data-end=\"4690\"><strong data-start=\"4663\" data-end=\"4690\"><span dir=\"auto\" style=\"vertical-align: inherit;\"><span dir=\"auto\" style=\"vertical-align: inherit;\">Viktiga funktioner<\/span><\/span><\/strong><\/h3>\n<div class=\"_tableContainer_1rjym_1\">\n<div class=\"group _tableWrapper_1rjym_13 flex w-fit flex-col-reverse\" tabindex=\"-1\">\n<table class=\"w-fit min-w-(--thread-content-width)\" data-start=\"4692\" data-end=\"5262\">\n<thead data-start=\"4692\" data-end=\"4718\">\n<tr data-start=\"4692\" data-end=\"4718\">\n<th data-start=\"4692\" data-end=\"4702\" data-col-size=\"sm\"><span dir=\"auto\" style=\"vertical-align: inherit;\"><span dir=\"auto\" style=\"vertical-align: inherit;\">S\u00e4rdrag<\/span><\/span><\/th>\n<th data-start=\"4702\" data-end=\"4718\" data-col-size=\"md\"><span dir=\"auto\" style=\"vertical-align: inherit;\"><span dir=\"auto\" style=\"vertical-align: inherit;\">Beskrivning<\/span><\/span><\/th>\n<\/tr>\n<\/thead>\n<tbody data-start=\"4747\" data-end=\"5262\">\n<tr data-start=\"4747\" data-end=\"4806\">\n<td data-start=\"4747\" data-end=\"4768\" data-col-size=\"sm\"><strong data-start=\"4749\" data-end=\"4767\"><span dir=\"auto\" style=\"vertical-align: inherit;\"><span dir=\"auto\" style=\"vertical-align: inherit;\">Kemiskt namn<\/span><\/span><\/strong><\/td>\n<td data-start=\"4768\" data-end=\"4806\" data-col-size=\"md\"><span dir=\"auto\" style=\"vertical-align: inherit;\"><span dir=\"auto\" style=\"vertical-align: inherit;\">2-metylmetkatinonhydroklorid<\/span><\/span><\/td>\n<\/tr>\n<tr data-start=\"4807\" data-end=\"4841\">\n<td data-start=\"4807\" data-end=\"4832\" data-col-size=\"sm\"><strong data-start=\"4809\" data-end=\"4831\"><span dir=\"auto\" style=\"vertical-align: inherit;\"><span dir=\"auto\" style=\"vertical-align: inherit;\">Vanligt namn<\/span><\/span><\/strong><\/td>\n<td data-start=\"4832\" data-end=\"4841\" data-col-size=\"md\"><span dir=\"auto\" style=\"vertical-align: inherit;\"><span dir=\"auto\" style=\"vertical-align: inherit;\">2-MMC<\/span><\/span><\/td>\n<\/tr>\n<tr data-start=\"4842\" data-end=\"4882\">\n<td data-start=\"4842\" data-end=\"4866\" data-col-size=\"sm\"><strong data-start=\"4844\" data-end=\"4865\"><span dir=\"auto\" style=\"vertical-align: inherit;\"><span dir=\"auto\" style=\"vertical-align: inherit;\">Kemisk formel<\/span><\/span><\/strong><\/td>\n<td data-start=\"4866\" data-end=\"4882\" data-col-size=\"md\"><span dir=\"auto\" style=\"vertical-align: inherit;\"><span dir=\"auto\" style=\"vertical-align: inherit;\">C\u2081\u2081H\u2081\u2085NO\u00b7HCl<\/span><\/span><\/td>\n<\/tr>\n<tr data-start=\"4883\" data-end=\"4921\">\n<td data-start=\"4883\" data-end=\"4905\" data-col-size=\"sm\"><strong data-start=\"4885\" data-end=\"4904\"><span dir=\"auto\" style=\"vertical-align: inherit;\"><span dir=\"auto\" style=\"vertical-align: inherit;\">Molekylvikt<\/span><\/span><\/strong><\/td>\n<td data-col-size=\"md\" data-start=\"4905\" data-end=\"4921\"><span dir=\"auto\" style=\"vertical-align: inherit;\"><span dir=\"auto\" style=\"vertical-align: inherit;\">213,70 g\/mol<\/span><\/span><\/td>\n<\/tr>\n<tr data-start=\"4922\" data-end=\"4957\">\n<td data-start=\"4922\" data-end=\"4937\" data-col-size=\"sm\"><strong data-start=\"4924\" data-end=\"4936\"><span dir=\"auto\" style=\"vertical-align: inherit;\"><span dir=\"auto\" style=\"vertical-align: inherit;\">Dosering<\/span><\/span><\/strong><\/td>\n<td data-start=\"4937\" data-end=\"4957\" data-col-size=\"md\"><span dir=\"auto\" style=\"vertical-align: inherit;\"><span dir=\"auto\" style=\"vertical-align: inherit;\">250 mg per pellet<\/span><\/span><\/td>\n<\/tr>\n<tr data-start=\"4958\" data-end=\"5005\">\n<td data-start=\"4958\" data-end=\"4969\" data-col-size=\"sm\"><strong data-start=\"4960\" data-end=\"4968\"><span dir=\"auto\" style=\"vertical-align: inherit;\"><span dir=\"auto\" style=\"vertical-align: inherit;\">Form<\/span><\/span><\/strong><\/td>\n<td data-start=\"4969\" data-end=\"5005\" data-col-size=\"md\"><span dir=\"auto\" style=\"vertical-align: inherit;\"><span dir=\"auto\" style=\"vertical-align: inherit;\">Fast pellet (blisterf\u00f6rpackning)<\/span><\/span><\/td>\n<\/tr>\n<tr data-start=\"5006\" data-end=\"5057\">\n<td data-start=\"5006\" data-end=\"5023\" data-col-size=\"sm\"><strong data-start=\"5008\" data-end=\"5022\"><span dir=\"auto\" style=\"vertical-align: inherit;\"><span dir=\"auto\" style=\"vertical-align: inherit;\">Renhet<\/span><\/span><\/strong><\/td>\n<td data-start=\"5023\" data-end=\"5057\" data-col-size=\"md\"><span dir=\"auto\" style=\"vertical-align: inherit;\"><span dir=\"auto\" style=\"vertical-align: inherit;\">\u2265 98% (testad med HPLC och NMR)<\/span><\/span><\/td>\n<\/tr>\n<tr data-start=\"5058\" data-end=\"5127\">\n<td data-start=\"5058\" data-end=\"5081\" data-col-size=\"sm\"><strong data-start=\"5060\" data-end=\"5080\"><span dir=\"auto\" style=\"vertical-align: inherit;\"><span dir=\"auto\" style=\"vertical-align: inherit;\">Kemisk klass<\/span><\/span><\/strong><\/td>\n<td data-start=\"5081\" data-end=\"5127\" data-col-size=\"md\"><span dir=\"auto\" style=\"vertical-align: inherit;\"><span dir=\"auto\" style=\"vertical-align: inherit;\">Syntetiskt katinon \/ \u03b2-keto-amfetamin<\/span><\/span><\/td>\n<\/tr>\n<tr data-start=\"5128\" data-end=\"5202\">\n<td data-start=\"5128\" data-end=\"5142\" data-col-size=\"sm\"><strong data-start=\"5130\" data-end=\"5141\"><span dir=\"auto\" style=\"vertical-align: inherit;\"><span dir=\"auto\" style=\"vertical-align: inherit;\">Anv\u00e4ndande<\/span><\/span><\/strong><\/td>\n<td data-start=\"5142\" data-end=\"5202\" data-col-size=\"md\"><span dir=\"auto\" style=\"vertical-align: inherit;\"><span dir=\"auto\" style=\"vertical-align: inherit;\">Endast f\u00f6r analytisk, forensisk och kemisk forskning<\/span><\/span><\/td>\n<\/tr>\n<tr data-start=\"5203\" data-end=\"5262\">\n<td data-start=\"5203\" data-end=\"5220\" data-col-size=\"sm\"><strong data-start=\"5205\" data-end=\"5219\"><span dir=\"auto\" style=\"vertical-align: inherit;\"><span dir=\"auto\" style=\"vertical-align: inherit;\">F\u00f6rpackning<\/span><\/span><\/strong><\/td>\n<td data-start=\"5220\" data-end=\"5262\" data-col-size=\"md\"><span dir=\"auto\" style=\"vertical-align: inherit;\"><span dir=\"auto\" style=\"vertical-align: inherit;\">Blisterf\u00f6rpackning med f\u00f6rseglad f\u00f6rpackning<\/span><\/span><\/td>\n<\/tr>\n<\/tbody>\n<\/table>\n<\/div>\n<\/div>\n<hr data-start=\"5264\" data-end=\"5267\" \/>\n<h3 data-start=\"5269\" data-end=\"5286\"><strong data-start=\"5273\" data-end=\"5286\"><span dir=\"auto\" style=\"vertical-align: inherit;\"><span dir=\"auto\" style=\"vertical-align: inherit;\">F\u00f6rdelar<\/span><\/span><\/strong><\/h3>\n<ul data-start=\"5288\" data-end=\"5707\">\n<li data-start=\"5288\" data-end=\"5380\">\n<p data-start=\"5290\" data-end=\"5380\"><strong data-start=\"5290\" data-end=\"5309\"><span dir=\"auto\" style=\"vertical-align: inherit;\"><span dir=\"auto\" style=\"vertical-align: inherit;\">H\u00f6g renhet<\/span><\/span><\/strong><span dir=\"auto\" style=\"vertical-align: inherit;\"><span dir=\"auto\" style=\"vertical-align: inherit;\"> \u2013 \u2265 98% laboratoriekvalitet f\u00f6r tillf\u00f6rlitliga forskningsresultat.<\/span><\/span><\/p>\n<\/li>\n<li data-start=\"5381\" data-end=\"5455\">\n<p data-start=\"5383\" data-end=\"5455\"><strong data-start=\"5383\" data-end=\"5407\"><span dir=\"auto\" style=\"vertical-align: inherit;\"><span dir=\"auto\" style=\"vertical-align: inherit;\">Noggrann dosering<\/span><\/span><\/strong><span dir=\"auto\" style=\"vertical-align: inherit;\"><span dir=\"auto\" style=\"vertical-align: inherit;\"> \u2013 250 mg per pellet f\u00f6r konsekventa m\u00e4tningar.<\/span><\/span><\/p>\n<\/li>\n<li data-start=\"5456\" data-end=\"5535\">\n<p data-start=\"5458\" data-end=\"5535\"><strong data-start=\"5458\" data-end=\"5483\"><span dir=\"auto\" style=\"vertical-align: inherit;\"><span dir=\"auto\" style=\"vertical-align: inherit;\">Skyddande f\u00f6rpackning<\/span><\/span><\/strong><span dir=\"auto\" style=\"vertical-align: inherit;\"><span dir=\"auto\" style=\"vertical-align: inherit;\"> \u2013 Blisterf\u00f6rpackning f\u00f6rhindrar fukt och nedbrytning.<\/span><\/span><\/p>\n<\/li>\n<li data-start=\"5536\" data-end=\"5619\">\n<p data-start=\"5538\" data-end=\"5619\"><strong data-start=\"5538\" data-end=\"5568\"><span dir=\"auto\" style=\"vertical-align: inherit;\"><span dir=\"auto\" style=\"vertical-align: inherit;\">Bred forskningstill\u00e4mpbarhet<\/span><\/span><\/strong><span dir=\"auto\" style=\"vertical-align: inherit;\"><span dir=\"auto\" style=\"vertical-align: inherit;\"> \u2013 L\u00e4mplig f\u00f6r GC\/MS, LC-MS, FTIR, HPLC och NMR.<\/span><\/span><\/p>\n<\/li>\n<li data-start=\"5620\" data-end=\"5707\">\n<p data-start=\"5622\" data-end=\"5707\"><strong data-start=\"5622\" data-end=\"5646\"><span dir=\"auto\" style=\"vertical-align: inherit;\"><span dir=\"auto\" style=\"vertical-align: inherit;\">Fullt sp\u00e5rbar<\/span><\/span><\/strong><span dir=\"auto\" style=\"vertical-align: inherit;\"><span dir=\"auto\" style=\"vertical-align: inherit;\"> \u2013 Tillverkad under kontrollerade laboratorief\u00f6rh\u00e5llanden.<\/span><\/span><\/p>\n<\/li>\n<\/ul>\n<hr data-start=\"5709\" data-end=\"5712\" \/>\n<h3 data-start=\"5714\" data-end=\"5766\"><strong data-start=\"5718\" data-end=\"5764\"><span dir=\"auto\" style=\"vertical-align: inherit;\"><span dir=\"auto\" style=\"vertical-align: inherit;\">Anv\u00e4ndning (endast f\u00f6r forsknings\u00e4ndam\u00e5l)<\/span><\/span><\/strong><\/h3>\n<ol data-start=\"5768\" data-end=\"6144\">\n<li data-start=\"5768\" data-end=\"5837\">\n<p data-start=\"5771\" data-end=\"5837\"><strong data-start=\"5771\" data-end=\"5786\"><span dir=\"auto\" style=\"vertical-align: inherit;\"><span dir=\"auto\" style=\"vertical-align: inherit;\">Hantering:<\/span><\/span><\/strong><span dir=\"auto\" style=\"vertical-align: inherit;\"><span dir=\"auto\" style=\"vertical-align: inherit;\"> Anv\u00e4nd handskar, skyddsglas\u00f6gon och laboratorierock.<\/span><\/span><\/p>\n<\/li>\n<li data-start=\"5838\" data-end=\"5936\">\n<p data-start=\"5841\" data-end=\"5936\"><strong data-start=\"5841\" data-end=\"5854\"><span dir=\"auto\" style=\"vertical-align: inherit;\"><span dir=\"auto\" style=\"vertical-align: inherit;\">M\u00e5tt:<\/span><\/span><\/strong><span dir=\"auto\" style=\"vertical-align: inherit;\"><span dir=\"auto\" style=\"vertical-align: inherit;\"> Varje pellet inneh\u00e5ller exakt 250 mg; \u00e4ndra inte utanf\u00f6r laboratorief\u00f6rh\u00e5llandena.<\/span><\/span><\/p>\n<\/li>\n<li data-start=\"5937\" data-end=\"5991\">\n<p data-start=\"5940\" data-end=\"5991\"><strong data-start=\"5940\" data-end=\"5951\"><span dir=\"auto\" style=\"vertical-align: inherit;\"><span dir=\"auto\" style=\"vertical-align: inherit;\">Lagring:<\/span><\/span><\/strong><span dir=\"auto\" style=\"vertical-align: inherit;\"><span dir=\"auto\" style=\"vertical-align: inherit;\"> F\u00f6rvara svalt (2\u20138 \u00b0C), torrt och m\u00f6rkt. 2 mmc pellets<\/span><\/span><\/p>\n<\/li>\n<li data-start=\"5992\" data-end=\"6082\">\n<p data-start=\"5995\" data-end=\"6082\"><strong data-start=\"5995\" data-end=\"6007\"><span dir=\"auto\" style=\"vertical-align: inherit;\"><span dir=\"auto\" style=\"vertical-align: inherit;\">Analys:<\/span><\/span><\/strong><span dir=\"auto\" style=\"vertical-align: inherit;\"><span dir=\"auto\" style=\"vertical-align: inherit;\"> L\u00e4mplig f\u00f6r kromatografi, spektroskopi och forensiska till\u00e4mpningar.<\/span><\/span><\/p>\n<\/li>\n<li data-start=\"6083\" data-end=\"6144\">\n<p data-start=\"6086\" data-end=\"6144\"><strong data-start=\"6086\" data-end=\"6103\"><span dir=\"auto\" style=\"vertical-align: inherit;\"><span dir=\"auto\" style=\"vertical-align: inherit;\">Dokumentation:<\/span><\/span><\/strong><span dir=\"auto\" style=\"vertical-align: inherit;\"><span dir=\"auto\" style=\"vertical-align: inherit;\"> Registrera batchnummer och testresultat.<\/span><\/span><\/p>\n<\/li>\n<\/ol>\n<hr data-start=\"6146\" data-end=\"6149\" \/>\n<h3 data-start=\"6151\" data-end=\"6186\"><strong data-start=\"6155\" data-end=\"6184\"><span dir=\"auto\" style=\"vertical-align: inherit;\"><span dir=\"auto\" style=\"vertical-align: inherit;\">Vanliga fr\u00e5gor (FAQ)<\/span><\/span><\/strong><\/h3>\n<p data-start=\"6188\" data-end=\"6348\"><strong data-start=\"6188\" data-end=\"6208\"><span dir=\"auto\" style=\"vertical-align: inherit;\"><span dir=\"auto\" style=\"vertical-align: inherit;\">1. Vad \u00e4r 2-MMC? <\/span><\/span><\/strong><br data-start=\"6208\" data-end=\"6211\" \/><strong data-start=\"6211\" data-end=\"6243\"><span dir=\"auto\" style=\"vertical-align: inherit;\"><span dir=\"auto\" style=\"vertical-align: inherit;\">2-MMC (2-metylmetkatinon)<\/span><\/span><\/strong><span dir=\"auto\" style=\"vertical-align: inherit;\"><span dir=\"auto\" style=\"vertical-align: inherit;\"> \u00e4r en <\/span><\/span><strong data-start=\"6251\" data-end=\"6286\"><span dir=\"auto\" style=\"vertical-align: inherit;\"><span dir=\"auto\" style=\"vertical-align: inherit;\">syntetisk katonf\u00f6rening<\/span><\/span><\/strong><span dir=\"auto\" style=\"vertical-align: inherit;\"><span dir=\"auto\" style=\"vertical-align: inherit;\"> anv\u00e4nds i analytisk och forensisk forskning.<\/span><\/span><\/p>\n<p data-start=\"6350\" data-end=\"6488\"><strong data-start=\"6350\" data-end=\"6394\"><span dir=\"auto\" style=\"vertical-align: inherit;\"><span dir=\"auto\" style=\"vertical-align: inherit;\">2. Vad finns i 2-MMC 250 mg-pelletsen?<\/span><\/span><\/strong><br data-start=\"6394\" data-end=\"6397\" \/><span dir=\"auto\" style=\"vertical-align: inherit;\"><span dir=\"auto\" style=\"vertical-align: inherit;\"> Varje pellet inneh\u00e5ller <\/span><\/span><strong data-start=\"6415\" data-end=\"6449\"><span dir=\"auto\" style=\"vertical-align: inherit;\"><span dir=\"auto\" style=\"vertical-align: inherit;\">250 mg eller 2-MMC (\u2265 98% renhet)<\/span><\/span><\/strong><span dir=\"auto\" style=\"vertical-align: inherit;\"><span dir=\"auto\" style=\"vertical-align: inherit;\"> , f\u00f6rpackad f\u00f6r laboratorietestning.<\/span><\/span><\/p>\n<p data-start=\"6490\" data-end=\"6684\"><strong data-start=\"6490\" data-end=\"6529\"><span dir=\"auto\" style=\"vertical-align: inherit;\"><span dir=\"auto\" style=\"vertical-align: inherit;\">3. \u00c4r det lagligt att k\u00f6pa 2-MMC?<\/span><\/span><\/strong><br data-start=\"6529\" data-end=\"6532\" \/><span dir=\"auto\" style=\"vertical-align: inherit;\"><span dir=\"auto\" style=\"vertical-align: inherit;\"> De <\/span><\/span><strong data-start=\"6535\" data-end=\"6559\"><span dir=\"auto\" style=\"vertical-align: inherit;\"><span dir=\"auto\" style=\"vertical-align: inherit;\">lagligheten av 2-MMC<\/span><\/span><\/strong><span dir=\"auto\" style=\"vertical-align: inherit;\"><span dir=\"auto\" style=\"vertical-align: inherit;\"> varierar beroende p\u00e5 land. I vissa l\u00e4nder \u00e4r det reglerat. Kontrollera alltid lokala lagar innan du <\/span><\/span><strong data-start=\"6666\" data-end=\"6681\"><span dir=\"auto\" style=\"vertical-align: inherit;\"><span dir=\"auto\" style=\"vertical-align: inherit;\">k\u00f6p av 2-MMC<\/span><\/span><\/strong><span dir=\"auto\" style=\"vertical-align: inherit;\"><span dir=\"auto\" style=\"vertical-align: inherit;\"> .<\/span><\/span><\/p>","protected":false},"excerpt":{"rendered":"<h2><span dir=\"auto\" style=\"vertical-align: inherit;\"><span dir=\"auto\" style=\"vertical-align: inherit;\"><span dir=\"auto\" style=\"vertical-align: inherit;\"><span dir=\"auto\" style=\"vertical-align: inherit;\">2-MMC-egenskaper<\/span><\/span><\/span><\/span><\/h2>\n<p><strong><span dir=\"auto\" style=\"vertical-align: inherit;\"><span dir=\"auto\" style=\"vertical-align: inherit;\"><span dir=\"auto\" style=\"vertical-align: inherit;\"><span dir=\"auto\" style=\"vertical-align: inherit;\">CAS-nummer<\/span><\/span><\/span><\/span><\/strong><span dir=\"auto\" style=\"vertical-align: inherit;\"><span dir=\"auto\" style=\"vertical-align: inherit;\"><span dir=\"auto\" style=\"vertical-align: inherit;\"><span dir=\"auto\" style=\"vertical-align: inherit;\"> : 1246911-71-6 <\/span><\/span><\/span><\/span><br \/>\n<strong><span dir=\"auto\" style=\"vertical-align: inherit;\"><span dir=\"auto\" style=\"vertical-align: inherit;\"><span dir=\"auto\" style=\"vertical-align: inherit;\"><span dir=\"auto\" style=\"vertical-align: inherit;\">Formel<\/span><\/span><\/span><\/span><\/strong><span dir=\"auto\" style=\"vertical-align: inherit;\"><span dir=\"auto\" style=\"vertical-align: inherit;\"><span dir=\"auto\" style=\"vertical-align: inherit;\"><span dir=\"auto\" style=\"vertical-align: inherit;\"> C11h15NO \u2022 HCL <\/span><\/span><\/span><\/span><br \/>\n<strong><span dir=\"auto\" style=\"vertical-align: inherit;\"><span dir=\"auto\" style=\"vertical-align: inherit;\"><span dir=\"auto\" style=\"vertical-align: inherit;\"><span dir=\"auto\" style=\"vertical-align: inherit;\">Molmassa<\/span><\/span><\/span><\/span><\/strong><span dir=\"auto\" style=\"vertical-align: inherit;\"><span dir=\"auto\" style=\"vertical-align: inherit;\"><span dir=\"auto\" style=\"vertical-align: inherit;\"><span dir=\"auto\" style=\"vertical-align: inherit;\"> : 177.247 <\/span><\/span><\/span><\/span><br \/>\n<strong><span dir=\"auto\" style=\"vertical-align: inherit;\"><span dir=\"auto\" style=\"vertical-align: inherit;\"><span dir=\"auto\" style=\"vertical-align: inherit;\"><span dir=\"auto\" style=\"vertical-align: inherit;\">Renhet<\/span><\/span><\/span><\/span><\/strong><span dir=\"auto\" style=\"vertical-align: inherit;\"><span dir=\"auto\" style=\"vertical-align: inherit;\"><span dir=\"auto\" style=\"vertical-align: inherit;\"><span dir=\"auto\" style=\"vertical-align: inherit;\"> : \u226599%<\/span><\/span><\/span><\/span><\/p>","protected":false},"featured_media":28392,"comment_status":"closed","ping_status":"closed","template":"","meta":[],"product_brand":[82],"product_cat":[372,463,322,79,324],"product_tag":[83,652,678,326],"class_list":{"0":"post-24422","1":"product","2":"type-product","3":"status-publish","4":"has-post-thumbnail","6":"product_brand-research-chemical","7":"product_cat-2-mmc-kopen","8":"product_cat-2-mmc-pellets","9":"product_cat-bijna-verboden","10":"product_cat-cathinonen","11":"product_cat-pellets-for-pellet","12":"product_tag-2-mmc-kopen","13":"product_tag-2-mmc-pellets-kopen","14":"product_tag-2mmc-pellets","15":"product_tag-nl","17":"first","18":"instock","19":"taxable","20":"shipping-taxable","21":"purchasable","22":"product-type-variable"},"_links":{"self":[{"href":"https:\/\/researchchemicalhub.com\/sv\/wp-json\/wp\/v2\/product\/24422","targetHints":{"allow":["GET"]}}],"collection":[{"href":"https:\/\/researchchemicalhub.com\/sv\/wp-json\/wp\/v2\/product"}],"about":[{"href":"https:\/\/researchchemicalhub.com\/sv\/wp-json\/wp\/v2\/types\/product"}],"replies":[{"embeddable":true,"href":"https:\/\/researchchemicalhub.com\/sv\/wp-json\/wp\/v2\/comments?post=24422"}],"version-history":[{"count":6,"href":"https:\/\/researchchemicalhub.com\/sv\/wp-json\/wp\/v2\/product\/24422\/revisions"}],"predecessor-version":[{"id":28681,"href":"https:\/\/researchchemicalhub.com\/sv\/wp-json\/wp\/v2\/product\/24422\/revisions\/28681"}],"wp:featuredmedia":[{"embeddable":true,"href":"https:\/\/researchchemicalhub.com\/sv\/wp-json\/wp\/v2\/media\/28392"}],"wp:attachment":[{"href":"https:\/\/researchchemicalhub.com\/sv\/wp-json\/wp\/v2\/media?parent=24422"}],"wp:term":[{"taxonomy":"product_brand","embeddable":true,"href":"https:\/\/researchchemicalhub.com\/sv\/wp-json\/wp\/v2\/product_brand?post=24422"},{"taxonomy":"product_cat","embeddable":true,"href":"https:\/\/researchchemicalhub.com\/sv\/wp-json\/wp\/v2\/product_cat?post=24422"},{"taxonomy":"product_tag","embeddable":true,"href":"https:\/\/researchchemicalhub.com\/sv\/wp-json\/wp\/v2\/product_tag?post=24422"}],"curies":[{"name":"wp","href":"https:\/\/api.w.org\/{rel}","templated":true}]}}