{"id":24277,"date":"2025-04-13T17:41:22","date_gmt":"2025-04-13T17:41:22","guid":{"rendered":"https:\/\/researchchemicalhub.com\/?post_type=product&#038;p=24277"},"modified":"2025-10-29T08:52:48","modified_gmt":"2025-10-29T08:52:48","slug":"flubrotizolam-05-mg","status":"publish","type":"product","link":"https:\/\/researchchemicalhub.com\/sv\/handla\/bensodiazepiner\/flubrotizolam-05-mg\/","title":{"rendered":"Flubrotizolam 0,5 mg pellets"},"content":{"rendered":"<p data-start=\"5386\" data-end=\"5642\"><strong data-start=\"5386\" data-end=\"5418\">Flubrotizolam 0,5 mg pellets<\/strong> \u00e4r <strong data-start=\"5424\" data-end=\"5469\">h\u00f6grena forskningskemikalier<\/strong>, avsedd f\u00f6r toxikologisk och farmakologisk forskning. Varje pellet inneh\u00e5ller <strong data-start=\"5545\" data-end=\"5576\">0,5 milligram flubrotizolam<\/strong> och v\u00e4gs noggrant f\u00f6r tillf\u00f6rlitliga forskningsresultat.<\/p>\n<p data-start=\"5644\" data-end=\"5761\">\u26a0\ufe0f <strong data-start=\"5647\" data-end=\"5658\">OBS:<\/strong> Denna produkt \u00e4r endast avsedd f\u00f6r <em data-start=\"5699\" data-end=\"5721\">forsknings\u00e4ndam\u00e5l<\/em> och <strong data-start=\"5725\" data-end=\"5760\">inte f\u00f6r m\u00e4nsklig konsumtion<\/strong>.<\/p>\n<hr data-start=\"5763\" data-end=\"5766\" \/>\n<h2 data-start=\"5768\" data-end=\"5798\"><strong data-start=\"5771\" data-end=\"5798\">Viktiga funktioner<\/strong><\/h2>\n<ul data-start=\"5800\" data-end=\"6145\">\n<li data-start=\"5800\" data-end=\"5864\">\n<p data-start=\"5802\" data-end=\"5864\"><strong data-start=\"5802\" data-end=\"5821\">H\u00f6g renhet<\/strong> f\u00f6r konsekvent laboratorieprestanda.<\/p>\n<\/li>\n<li data-start=\"5865\" data-end=\"5946\">\n<p data-start=\"5867\" data-end=\"5946\"><strong data-start=\"5867\" data-end=\"5891\">Noggrann dosering<\/strong>0,5 mg per pellet f\u00f6r kontrollerade experiment.<\/p>\n<\/li>\n<li data-start=\"5947\" data-end=\"6015\">\n<p data-start=\"5949\" data-end=\"6015\"><strong data-start=\"5949\" data-end=\"5974\">Analytisk kvalitet<\/strong>, l\u00e4mplig f\u00f6r LC-MS- och GC-MS-studier.<\/p>\n<\/li>\n<li data-start=\"6016\" data-end=\"6086\">\n<p data-start=\"6018\" data-end=\"6086\"><strong data-start=\"6018\" data-end=\"6040\">S\u00e4ker f\u00f6rpackning<\/strong>f\u00f6rseglad och skyddad fr\u00e5n kontaminering.<\/p>\n<\/li>\n<li data-start=\"6087\" data-end=\"6145\">\n<p data-start=\"6089\" data-end=\"6145\"><strong data-start=\"6089\" data-end=\"6115\">I enlighet med EU-f\u00f6rordningar<\/strong> f\u00f6r forskningskemikalier.<\/p>\n<\/li>\n<\/ul>\n<hr data-start=\"6147\" data-end=\"6150\" \/>\n<h2 data-start=\"6152\" data-end=\"6186\"><strong data-start=\"6155\" data-end=\"6186\">F\u00f6rdelar f\u00f6r forskare<\/strong><\/h2>\n<ul data-start=\"6188\" data-end=\"6478\">\n<li data-start=\"6188\" data-end=\"6246\">\n<p data-start=\"6190\" data-end=\"6246\">St\u00f6der <strong data-start=\"6202\" data-end=\"6243\">toxikologisk och analytisk forskning<\/strong>.<\/p>\n<\/li>\n<li data-start=\"6247\" data-end=\"6325\">\n<p data-start=\"6249\" data-end=\"6325\">L\u00e4mplig f\u00f6r <strong data-start=\"6263\" data-end=\"6286\">referensforskning<\/strong> mot nya bensodiazepinanaloger.<\/p>\n<\/li>\n<li data-start=\"6326\" data-end=\"6413\">\n<p data-start=\"6328\" data-end=\"6413\">Fr\u00e4mjar <strong data-start=\"6338\" data-end=\"6369\">vetenskaplig validering<\/strong> i kontrollerade laboratoriemilj\u00f6er.<\/p>\n<\/li>\n<li data-start=\"6414\" data-end=\"6478\">\n<p data-start=\"6416\" data-end=\"6478\">Hj\u00e4lper med <strong data-start=\"6426\" data-end=\"6450\">metodutveckling<\/strong> f\u00f6r kriminalteknisk analys. flubrotizolam<\/p>\n<\/li>\n<\/ul>\n<hr data-start=\"6480\" data-end=\"6483\" \/>\n<h2 data-start=\"6485\" data-end=\"6519\"><strong data-start=\"6488\" data-end=\"6519\">Anv\u00e4ndning (forskningskontext)<\/strong><\/h2>\n<ol data-start=\"6521\" data-end=\"6700\">\n<li data-start=\"6521\" data-end=\"6550\">\n<p data-start=\"6524\" data-end=\"6550\">Anv\u00e4nd standard personlig skyddsutrustning f\u00f6r laboratoriebruk.<\/p>\n<\/li>\n<li data-start=\"6551\" data-end=\"6601\">\n<p data-start=\"6554\" data-end=\"6601\">M\u00e4t noggrant med kalibrerad utrustning.<\/p>\n<\/li>\n<li data-start=\"6602\" data-end=\"6649\">\n<p data-start=\"6605\" data-end=\"6649\">F\u00f6rvara svalt och torrt, skyddat fr\u00e5n direkt solljus.<\/p>\n<\/li>\n<li data-start=\"6650\" data-end=\"6700\">\n<p data-start=\"6653\" data-end=\"6700\">Kassera i enlighet med lokala avfallsriktlinjer.<\/p>\n<\/li>\n<\/ol>\n<blockquote data-start=\"6702\" data-end=\"6796\">\n<p data-start=\"6704\" data-end=\"6796\"><strong data-start=\"6704\" data-end=\"6719\">Viktig:<\/strong> <em data-start=\"6720\" data-end=\"6750\">Flubrotizolam 0,5 mg pellets<\/em> \u00e4r <strong data-start=\"6756\" data-end=\"6795\">inte avsedd f\u00f6r m\u00e4nskligt bruk<\/strong>.<\/p>\n<\/blockquote>\n<hr data-start=\"6798\" data-end=\"6801\" \/>\n<h2 data-start=\"6803\" data-end=\"6874\"><strong data-start=\"6806\" data-end=\"6874\">K\u00f6p Flubrotizolam 0,5 MG Pellets (F\u00f6r forskningsinstitutioner)<\/strong><\/h2>\n<p data-start=\"6876\" data-end=\"7031\">Endast <strong data-start=\"6883\" data-end=\"6925\">certifierade forskningsinstitutioner<\/strong> med r\u00e4tt tillst\u00e5nd kan <strong data-start=\"6959\" data-end=\"6997\">K\u00f6p Flubrotizolam 0,5 mg pellets<\/strong>Privat bruk \u00e4r f\u00f6rbjudet.<\/p>\n<hr data-start=\"7033\" data-end=\"7036\" \/>\n<h2 data-start=\"7038\" data-end=\"7072\"><strong data-start=\"7041\" data-end=\"7072\">Vanliga fr\u00e5gor (FAQ)<\/strong><\/h2>\n<h3 data-start=\"7074\" data-end=\"7139\"><strong data-start=\"7078\" data-end=\"7139\">1. Vad anv\u00e4nds Flubrotizolam 0,5 MG-pellets till?<\/strong><\/h3>\n<p data-start=\"7140\" data-end=\"7243\">Dessa pellets anv\u00e4nds f\u00f6r <strong data-start=\"7174\" data-end=\"7212\">forensisk och analytisk forskning<\/strong> till tienotriazolodiazepiner.<\/p>\n<hr data-start=\"7245\" data-end=\"7248\" \/>\n<h3 data-start=\"7250\" data-end=\"7313\"><strong data-start=\"7254\" data-end=\"7313\">2. \u00c4r dessa pellets s\u00e4kra f\u00f6r m\u00e4nsklig konsumtion?<\/strong><\/h3>\n<p data-start=\"7314\" data-end=\"7416\">Nej. Dessa pellets \u00e4r <strong data-start=\"7337\" data-end=\"7375\">endast avsedd f\u00f6r forsknings\u00e4ndam\u00e5l<\/strong> och inte l\u00e4mplig f\u00f6r m\u00e4nskligt bruk.<\/p>\n<hr data-start=\"7418\" data-end=\"7421\" \/>\n<h3 data-start=\"7423\" data-end=\"7489\"><strong data-start=\"7427\" data-end=\"7489\">3. Kan jag k\u00f6pa Flubrotizolam 0,5 MG Pellets i Nederl\u00e4nderna?<\/strong><\/h3>\n<p data-start=\"7490\" data-end=\"7611\">Endast <strong data-start=\"7497\" data-end=\"7531\">erk\u00e4nda forskningsinstitutioner<\/strong> med tillst\u00e5nd f\u00e5r k\u00f6pa denna produkt f\u00f6r vetenskapligt bruk.<\/p>","protected":false},"excerpt":{"rendered":"<p>Flubrotizolam 0,5 MG Pellets zijn onderzoekschemicali\u00ebn van hoge zuiverheid, bedoeld voor toxicologisch en farmacologisch onderzoek. Elke pellet bevat 0,5 milligram<\/p>","protected":false},"featured_media":28528,"comment_status":"closed","ping_status":"closed","template":"","meta":[],"product_brand":[82],"product_cat":[76,476,477,324],"product_tag":[150,153,154,151,152,155,326],"class_list":{"0":"post-24277","1":"product","2":"type-product","3":"status-publish","4":"has-post-thumbnail","6":"product_brand-research-chemical","7":"product_cat-benzodiazepinen","8":"product_cat-flubrotizolam","9":"product_cat-flubrotizolam-pellets","10":"product_cat-pellets-for-pellet","11":"product_tag-flubrotizolam","12":"product_tag-flubrotizolam-dosage","13":"product_tag-flubrotizolam-ervaring","14":"product_tag-flubrotizolam-half-life","15":"product_tag-flubrotizolam-werking","16":"product_tag-flunitrazolam-bijwerkingen","17":"product_tag-nl","19":"first","20":"instock","21":"taxable","22":"shipping-taxable","23":"purchasable","24":"product-type-variable"},"_links":{"self":[{"href":"https:\/\/researchchemicalhub.com\/sv\/wp-json\/wp\/v2\/product\/24277","targetHints":{"allow":["GET"]}}],"collection":[{"href":"https:\/\/researchchemicalhub.com\/sv\/wp-json\/wp\/v2\/product"}],"about":[{"href":"https:\/\/researchchemicalhub.com\/sv\/wp-json\/wp\/v2\/types\/product"}],"replies":[{"embeddable":true,"href":"https:\/\/researchchemicalhub.com\/sv\/wp-json\/wp\/v2\/comments?post=24277"}],"version-history":[{"count":4,"href":"https:\/\/researchchemicalhub.com\/sv\/wp-json\/wp\/v2\/product\/24277\/revisions"}],"predecessor-version":[{"id":27817,"href":"https:\/\/researchchemicalhub.com\/sv\/wp-json\/wp\/v2\/product\/24277\/revisions\/27817"}],"wp:featuredmedia":[{"embeddable":true,"href":"https:\/\/researchchemicalhub.com\/sv\/wp-json\/wp\/v2\/media\/28528"}],"wp:attachment":[{"href":"https:\/\/researchchemicalhub.com\/sv\/wp-json\/wp\/v2\/media?parent=24277"}],"wp:term":[{"taxonomy":"product_brand","embeddable":true,"href":"https:\/\/researchchemicalhub.com\/sv\/wp-json\/wp\/v2\/product_brand?post=24277"},{"taxonomy":"product_cat","embeddable":true,"href":"https:\/\/researchchemicalhub.com\/sv\/wp-json\/wp\/v2\/product_cat?post=24277"},{"taxonomy":"product_tag","embeddable":true,"href":"https:\/\/researchchemicalhub.com\/sv\/wp-json\/wp\/v2\/product_tag?post=24277"}],"curies":[{"name":"wp","href":"https:\/\/api.w.org\/{rel}","templated":true}]}}