{"id":24265,"date":"2025-04-13T17:41:21","date_gmt":"2025-04-13T17:41:21","guid":{"rendered":"https:\/\/researchchemicalhub.com\/?post_type=product&#038;p=24265"},"modified":"2025-10-12T19:33:01","modified_gmt":"2025-10-12T19:33:01","slug":"metocin-4-ho-met","status":"publish","type":"product","link":"https:\/\/researchchemicalhub.com\/sv\/handla\/foretag-till-foretag\/metocin-4-ho-met\/","title":{"rendered":"RC+ Metocin-p\u00e5se 3 pellets"},"content":{"rendered":"<h2 data-start=\"3774\" data-end=\"3800\"><strong data-start=\"3777\" data-end=\"3800\">Produktbeskrivning<\/strong><\/h2>\n<p data-start=\"3802\" data-end=\"4116\"><strong data-start=\"3802\" data-end=\"3833\">RC+ Metocin-p\u00e5se 3 pellets<\/strong> \u00e4r en <strong data-start=\"3841\" data-end=\"3878\">h\u00f6gkvalitativt forskningsmaterial<\/strong>, utvecklad f\u00f6r anv\u00e4ndning i analytiska, toxikologiska och forensiska laboratorier.<br data-start=\"3962\" data-end=\"3965\" \/>Varje paket inneh\u00e5ller <strong data-start=\"3987\" data-end=\"4025\">tre noggrant doserade pellets<\/strong>, producerad under strikt kvalitetskontroll f\u00f6r maximal renhet och konsistens. metocin 4-ho-met<\/p>\n<p data-start=\"4118\" data-end=\"4290\"><strong data-start=\"4118\" data-end=\"4129\">Metocin<\/strong>, en del av <strong data-start=\"4148\" data-end=\"4161\">RC+-serien<\/strong>, st\u00f6der forskning om <strong data-start=\"4190\" data-end=\"4213\">tryptaminanaloger<\/strong> och fungerar som ett p\u00e5litligt referens\u00e4mne f\u00f6r vetenskapliga till\u00e4mpningar.<\/p>\n<p data-start=\"4292\" data-end=\"4428\">\u26a0\ufe0f <strong data-start=\"4295\" data-end=\"4306\">OBS:<\/strong> Denna produkt \u00e4r <strong data-start=\"4322\" data-end=\"4371\">endast avsedd f\u00f6r forsknings\u00e4ndam\u00e5l<\/strong> och <strong data-start=\"4375\" data-end=\"4427\">inte l\u00e4mplig f\u00f6r anv\u00e4ndning p\u00e5 m\u00e4nniskor eller djur<\/strong>.<\/p>\n<hr data-start=\"4430\" data-end=\"4433\" \/>\n<h2 data-start=\"4435\" data-end=\"4465\"><strong data-start=\"4438\" data-end=\"4465\">Viktiga funktioner<\/strong><\/h2>\n<ul data-start=\"4467\" data-end=\"4883\">\n<li data-start=\"4467\" data-end=\"4533\">\n<p data-start=\"4469\" data-end=\"4533\"><strong data-start=\"4469\" data-end=\"4489\">H\u00f6g renhet:<\/strong> Uppfyller laboratoriekvalitetsstandarder.<\/p>\n<\/li>\n<li data-start=\"4534\" data-end=\"4624\">\n<p data-start=\"4536\" data-end=\"4624\"><strong data-start=\"4536\" data-end=\"4568\">Standardiserad dosering:<\/strong> Tre pellets per p\u00e5se med j\u00e4mn sammans\u00e4ttning.<\/p>\n<\/li>\n<li data-start=\"4625\" data-end=\"4713\">\n<p data-start=\"4627\" data-end=\"4713\"><strong data-start=\"4627\" data-end=\"4654\">Stabil och p\u00e5litlig:<\/strong> Utformad f\u00f6r l\u00e5ngtidslagring och reproducerbarhet.<\/p>\n<\/li>\n<li data-start=\"4714\" data-end=\"4797\">\n<p data-start=\"4716\" data-end=\"4797\"><strong data-start=\"4716\" data-end=\"4739\">S\u00e4ker f\u00f6rpackning:<\/strong> Luftt\u00e4t och fuktbest\u00e4ndig f\u00f6r maximal integritet.<\/p>\n<\/li>\n<li data-start=\"4798\" data-end=\"4883\">\n<p data-start=\"4800\" data-end=\"4883\"><strong data-start=\"4800\" data-end=\"4827\">I enlighet med EU-f\u00f6rordningar:<\/strong> Tillverkad enligt europeiska s\u00e4kerhetsriktlinjer. metocin 4-ho-met<\/p>\n<\/li>\n<\/ul>\n<hr data-start=\"4885\" data-end=\"4888\" \/>\n<h2 data-start=\"4890\" data-end=\"4924\"><strong data-start=\"4893\" data-end=\"4924\">F\u00f6rdelar f\u00f6r forskare<\/strong><\/h2>\n<ul data-start=\"4926\" data-end=\"5206\">\n<li data-start=\"4926\" data-end=\"4998\">\n<p data-start=\"4928\" data-end=\"4998\">L\u00e4mplig f\u00f6r <strong data-start=\"4942\" data-end=\"4995\">analytisk, forensisk och toxikologisk forskning<\/strong>.<\/p>\n<\/li>\n<li data-start=\"4999\" data-end=\"5071\">\n<p data-start=\"5001\" data-end=\"5071\">St\u00f6der <strong data-start=\"5013\" data-end=\"5042\">spektroskopiska analyser<\/strong> s\u00e5som LC-MS, GC-MS och NMR.<\/p>\n<\/li>\n<li data-start=\"5072\" data-end=\"5134\">\n<p data-start=\"5074\" data-end=\"5134\">Hj\u00e4lper med <strong data-start=\"5084\" data-end=\"5114\">identifiering och validering<\/strong> av anslutningar.<\/p>\n<\/li>\n<li data-start=\"5135\" data-end=\"5206\">\n<p data-start=\"5137\" data-end=\"5206\">Erbjudanden <strong data-start=\"5143\" data-end=\"5177\">tillf\u00f6rlitliga referensprover<\/strong> f\u00f6r forsknings\u00e4ndam\u00e5l.<\/p>\n<\/li>\n<\/ul>\n<hr data-start=\"5208\" data-end=\"5211\" \/>\n<h2 data-start=\"5213\" data-end=\"5247\"><strong data-start=\"5216\" data-end=\"5247\">Anv\u00e4ndning (forskningskontext)<\/strong><\/h2>\n<ol data-start=\"5249\" data-end=\"5453\">\n<li data-start=\"5249\" data-end=\"5294\">\n<p data-start=\"5252\" data-end=\"5294\">Anv\u00e4nd endast i ackrediterade laboratorier.<\/p>\n<\/li>\n<li data-start=\"5295\" data-end=\"5355\">\n<p data-start=\"5298\" data-end=\"5355\">Anv\u00e4nd handskar, skyddsglas\u00f6gon och laboratorierock.<\/p>\n<\/li>\n<li data-start=\"5356\" data-end=\"5403\">\n<p data-start=\"5359\" data-end=\"5403\">F\u00f6rvara svalt, torrt och m\u00f6rkt (under 25 \u00b0C).<\/p>\n<\/li>\n<li data-start=\"5404\" data-end=\"5453\">\n<p data-start=\"5407\" data-end=\"5453\">Kassera rester i enlighet med lokala f\u00f6reskrifter.<\/p>\n<\/li>\n<\/ol>\n<blockquote data-start=\"5455\" data-end=\"5552\">\n<p data-start=\"5457\" data-end=\"5552\"><strong data-start=\"5457\" data-end=\"5468\">OBS:<\/strong> <em data-start=\"5469\" data-end=\"5498\">RC+ Metocin-p\u00e5se 3 pellets<\/em> \u00e4r <strong data-start=\"5502\" data-end=\"5551\">endast avsedd f\u00f6r forsknings\u00e4ndam\u00e5l<\/strong>.<\/p>\n<\/blockquote>\n<hr data-start=\"5554\" data-end=\"5557\" \/>\n<h2 data-start=\"5559\" data-end=\"5593\"><strong data-start=\"5562\" data-end=\"5593\">Vanliga fr\u00e5gor (FAQ)<\/strong><\/h2>\n<p data-start=\"5595\" data-end=\"5743\"><strong data-start=\"5595\" data-end=\"5638\">1. Vad anv\u00e4nds RC+ Metocin till?<\/strong><br data-start=\"5638\" data-end=\"5641\" \/>RC+ Metocin anv\u00e4nds f\u00f6r <strong data-start=\"5673\" data-end=\"5714\">analytisk och toxikologisk forskning<\/strong> till tryptaminf\u00f6reningar.<\/p>\n<p data-start=\"5745\" data-end=\"5859\"><strong data-start=\"5745\" data-end=\"5784\">2. Hur m\u00e5nga pellets inneh\u00e5ller en p\u00e5se?<\/strong><br data-start=\"5784\" data-end=\"5787\" \/>Varje p\u00e5se inneh\u00e5ller <strong data-start=\"5803\" data-end=\"5835\">3 standardiserade pellets<\/strong> av lika renhet.<\/p>\n<p data-start=\"5861\" data-end=\"6014\"><strong data-start=\"5861\" data-end=\"5909\">3. Kan jag k\u00f6pa RC+ Metocin som privatperson?<\/strong><br data-start=\"5909\" data-end=\"5912\" \/>Nej, bara <strong data-start=\"5924\" data-end=\"5958\">erk\u00e4nda forskningsinstitutioner<\/strong> med l\u00e4mpligt tillst\u00e5nd f\u00e5r k\u00f6pa denna produkt.<\/p>","protected":false},"excerpt":{"rendered":"<p>CAS-nummer: 77872-41-4<br \/>\nFormel: C13H18N2O<br \/>\nMolmassa: 218,3 g\/mol<br \/>\nRenhet: \u226598%<\/p>","protected":false},"featured_media":21348,"comment_status":"closed","ping_status":"closed","template":"","meta":[],"product_brand":[82],"product_cat":[555],"product_tag":[858,857,871,636,673,635,870,326],"class_list":{"0":"post-24265","1":"product","2":"type-product","3":"status-publish","4":"has-post-thumbnail","6":"product_brand-research-chemical","7":"product_cat-b2b","8":"product_tag-4-acetoxy-met","9":"product_tag-4-ho-met-psychonaut","10":"product_tag-methylcybin","11":"product_tag-metocin","12":"product_tag-metocin-4-ho-met","13":"product_tag-metocin-kopen","14":"product_tag-metocin-tablet","15":"product_tag-nl","17":"first","18":"instock","19":"taxable","20":"shipping-taxable","21":"purchasable","22":"product-type-variable"},"_links":{"self":[{"href":"https:\/\/researchchemicalhub.com\/sv\/wp-json\/wp\/v2\/product\/24265","targetHints":{"allow":["GET"]}}],"collection":[{"href":"https:\/\/researchchemicalhub.com\/sv\/wp-json\/wp\/v2\/product"}],"about":[{"href":"https:\/\/researchchemicalhub.com\/sv\/wp-json\/wp\/v2\/types\/product"}],"replies":[{"embeddable":true,"href":"https:\/\/researchchemicalhub.com\/sv\/wp-json\/wp\/v2\/comments?post=24265"}],"version-history":[{"count":4,"href":"https:\/\/researchchemicalhub.com\/sv\/wp-json\/wp\/v2\/product\/24265\/revisions"}],"predecessor-version":[{"id":27822,"href":"https:\/\/researchchemicalhub.com\/sv\/wp-json\/wp\/v2\/product\/24265\/revisions\/27822"}],"wp:featuredmedia":[{"embeddable":true,"href":"https:\/\/researchchemicalhub.com\/sv\/wp-json\/wp\/v2\/media\/21348"}],"wp:attachment":[{"href":"https:\/\/researchchemicalhub.com\/sv\/wp-json\/wp\/v2\/media?parent=24265"}],"wp:term":[{"taxonomy":"product_brand","embeddable":true,"href":"https:\/\/researchchemicalhub.com\/sv\/wp-json\/wp\/v2\/product_brand?post=24265"},{"taxonomy":"product_cat","embeddable":true,"href":"https:\/\/researchchemicalhub.com\/sv\/wp-json\/wp\/v2\/product_cat?post=24265"},{"taxonomy":"product_tag","embeddable":true,"href":"https:\/\/researchchemicalhub.com\/sv\/wp-json\/wp\/v2\/product_tag?post=24265"}],"curies":[{"name":"wp","href":"https:\/\/api.w.org\/{rel}","templated":true}]}}