{"id":24151,"date":"2025-04-13T17:41:09","date_gmt":"2025-04-13T17:41:09","guid":{"rendered":"https:\/\/researchchemicalhub.com\/?post_type=product&#038;p=24151"},"modified":"2025-10-12T20:55:59","modified_gmt":"2025-10-12T20:55:59","slug":"blue-mandala","status":"publish","type":"product","link":"https:\/\/researchchemicalhub.com\/sv\/shop\/b2b\/blue-mandala\/","title":{"rendered":"Bl\u00e5 mandala"},"content":{"rendered":"<h3 data-start=\"4391\" data-end=\"4410\"><strong data-start=\"4395\" data-end=\"4410\">Introduktion<\/strong><\/h3>\n<p data-start=\"4411\" data-end=\"4810\">De <strong data-start=\"4414\" data-end=\"4430\">Bl\u00e5 mandala<\/strong> \u00e4r en vacker symbol f\u00f6r <strong data-start=\"4459\" data-end=\"4499\">fred, balans och andlig harmoni<\/strong>Mandalas, som h\u00e4rstammar fr\u00e5n forntida buddhistiska och hinduiska traditioner, representerar universum och livets enhet. De lugnande bl\u00e5 nyanserna i denna mandala \u00e5terspeglar <strong data-start=\"4698\" data-end=\"4746\">havets djup och himlens lugn<\/strong>, vilket fr\u00e4mjar avslappning, medvetenhet och emotionell \u00e5terh\u00e4mtning. K\u00f6p 4 fma<\/p>\n<p data-start=\"4812\" data-end=\"4972\">Oavsett om du anv\u00e4nder den som v\u00e4ggdekoration, ett fokus f\u00f6r meditation eller i ett yogarum, <strong data-start=\"4892\" data-end=\"4908\">Bl\u00e5 mandala<\/strong> f\u00f6rvandlar vilken milj\u00f6 som helst till en <strong data-start=\"4940\" data-end=\"4971\">oas av lugn och klarhet<\/strong>.<\/p>\n<hr data-start=\"4974\" data-end=\"4977\" \/>\n<h3 data-start=\"4979\" data-end=\"5010\"><strong data-start=\"4983\" data-end=\"5010\">Viktiga funktioner<\/strong><\/h3>\n<ul data-start=\"5011\" data-end=\"5579\">\n<li data-start=\"5011\" data-end=\"5120\">\n<p data-start=\"5013\" data-end=\"5120\"><strong data-start=\"5013\" data-end=\"5033\">Elegant design:<\/strong> Fint detaljerade geometriska m\u00f6nster som utstr\u00e5lar visuell balans och harmoni.<\/p>\n<\/li>\n<li data-start=\"5121\" data-end=\"5221\">\n<p data-start=\"5123\" data-end=\"5221\"><strong data-start=\"5123\" data-end=\"5149\">Lugnande bl\u00e5 palett:<\/strong> Olika nyanser av bl\u00e5tt skapar en lugnande och meditativ atmosf\u00e4r.<\/p>\n<\/li>\n<li data-start=\"5222\" data-end=\"5330\">\n<p data-start=\"5224\" data-end=\"5330\"><strong data-start=\"5224\" data-end=\"5243\">H\u00f6g kvalitet:<\/strong> Tillg\u00e4nglig p\u00e5 <strong data-start=\"5260\" data-end=\"5292\">duk, tapet eller poster<\/strong>, med livfulla och l\u00e5ngvariga f\u00e4rger.<\/p>\n<\/li>\n<li data-start=\"5331\" data-end=\"5469\">\n<p data-start=\"5333\" data-end=\"5469\"><strong data-start=\"5333\" data-end=\"5359\">Symbolisk betydelse:<\/strong> Representerar <strong data-start=\"5377\" data-end=\"5425\">frid, sanning, klarhet och sj\u00e4lvuttryck<\/strong>, kopplad till halschakrat (Vishuddha).<\/p>\n<\/li>\n<li data-start=\"5470\" data-end=\"5579\">\n<p data-start=\"5472\" data-end=\"5579\"><strong data-start=\"5472\" data-end=\"5495\">M\u00e5ngsidig anv\u00e4ndning:<\/strong> Perfekt f\u00f6r <strong data-start=\"5509\" data-end=\"5576\">heminredning, yogastudior, meditationsh\u00f6rnor eller terapirum<\/strong>. 4 fma-k\u00f6p<\/p>\n<\/li>\n<\/ul>\n<hr data-start=\"5581\" data-end=\"5584\" \/>\n<h3 data-start=\"5586\" data-end=\"5603\"><strong data-start=\"5590\" data-end=\"5603\">F\u00f6rdelar<\/strong><\/h3>\n<ul data-start=\"5604\" data-end=\"6131\">\n<li data-start=\"5604\" data-end=\"5702\">\n<p data-start=\"5606\" data-end=\"5702\"><strong data-start=\"5606\" data-end=\"5632\">Fr\u00e4mjar avslappning:<\/strong> De mjuka bl\u00e5 tonerna hj\u00e4lper <strong data-start=\"5662\" data-end=\"5699\">f\u00f6r att minska stress och sp\u00e4nning<\/strong>.<\/p>\n<\/li>\n<li data-start=\"5703\" data-end=\"5809\">\n<p data-start=\"5705\" data-end=\"5809\"><strong data-start=\"5705\" data-end=\"5745\">\u00d6kar koncentration och klarhet:<\/strong> Perfekt f\u00f6r meditation eller mindfulness f\u00f6r att lugna sinnet.<\/p>\n<\/li>\n<li data-start=\"5810\" data-end=\"5913\">\n<p data-start=\"5812\" data-end=\"5913\"><strong data-start=\"5812\" data-end=\"5840\">Stimulerar kreativitet:<\/strong> Den symmetriska designen fr\u00e4mjar <strong data-start=\"5878\" data-end=\"5910\">mental balans och inspiration<\/strong>.<\/p>\n<\/li>\n<li data-start=\"5914\" data-end=\"6006\">\n<p data-start=\"5916\" data-end=\"6006\"><strong data-start=\"5916\" data-end=\"5940\">F\u00f6rsk\u00f6nar interi\u00f6ren:<\/strong> Ger varje rum en <strong data-start=\"5963\" data-end=\"6003\">andligt och konstn\u00e4rligt utseende<\/strong>.<\/p>\n<\/li>\n<li data-start=\"6007\" data-end=\"6131\">\n<p data-start=\"6009\" data-end=\"6131\"><strong data-start=\"6009\" data-end=\"6046\">St\u00f6djer emotionell balans:<\/strong> Associerad med <strong data-start=\"6064\" data-end=\"6100\">lugn, sanning och kommunikation<\/strong>, vilket ger inre frid.<\/p>\n<\/li>\n<\/ul>\n<hr data-start=\"6133\" data-end=\"6136\" \/>\n<h3 data-start=\"6138\" data-end=\"6153\"><strong data-start=\"6142\" data-end=\"6153\">Anv\u00e4ndande<\/strong><\/h3>\n<ol data-start=\"6154\" data-end=\"6601\">\n<li data-start=\"6154\" data-end=\"6270\">\n<p data-start=\"6157\" data-end=\"6270\"><strong data-start=\"6157\" data-end=\"6179\">Som v\u00e4ggdekoration:<\/strong> H\u00e4ng den bl\u00e5 mandalaen i vardagsrummet, sovrummet eller meditationsh\u00f6rnan f\u00f6r en lugn atmosf\u00e4r.<\/p>\n<\/li>\n<li data-start=\"6271\" data-end=\"6373\">\n<p data-start=\"6274\" data-end=\"6373\"><strong data-start=\"6274\" data-end=\"6293\">F\u00f6r meditation:<\/strong> Fokusera blicken p\u00e5 mandalans mitt och andas djupt f\u00f6r att lugna dig sj\u00e4lv.<\/p>\n<\/li>\n<li data-start=\"6374\" data-end=\"6482\">\n<p data-start=\"6377\" data-end=\"6482\"><strong data-start=\"6377\" data-end=\"6394\">Under yogan:<\/strong> Anv\u00e4nd mandalan som en visuell fokuspunkt f\u00f6r att f\u00f6rb\u00e4ttra koncentration och andning.<\/p>\n<\/li>\n<li data-start=\"6483\" data-end=\"6601\">\n<p data-start=\"6486\" data-end=\"6601\"><strong data-start=\"6486\" data-end=\"6501\">Som g\u00e5va:<\/strong> En meningsfull present f\u00f6r alla som letar efter <strong data-start=\"6562\" data-end=\"6598\">andlig balans och avkoppling<\/strong>.<\/p>\n<\/li>\n<\/ol>\n<hr data-start=\"6603\" data-end=\"6606\" \/>\n<h3 data-start=\"6608\" data-end=\"6641\"><strong data-start=\"6612\" data-end=\"6641\">Vanliga fr\u00e5gor (FAQ)<\/strong><\/h3>\n<p data-start=\"6643\" data-end=\"6808\"><strong data-start=\"6643\" data-end=\"6683\">1. Vad symboliserar den bl\u00e5 mandalaen?<\/strong><br data-start=\"6683\" data-end=\"6686\" \/>Den bl\u00e5 mandala symboliserar <strong data-start=\"6715\" data-end=\"6757\">fred, harmoni och inre sanning<\/strong>, och st\u00f6djer meditation och emotionell balans.<\/p>\n<p data-start=\"6810\" data-end=\"6994\"><strong data-start=\"6810\" data-end=\"6876\">2. Kan den bl\u00e5 mandalaen anv\u00e4ndas som inredningsdekoration?<\/strong><br data-start=\"6876\" data-end=\"6879\" \/>Ja, de lugnande nyanserna av bl\u00e5tt \u00e4r perfekta f\u00f6r <strong data-start=\"6925\" data-end=\"6961\">lugnande energi och sk\u00f6nhet<\/strong> att l\u00e4gga till i vilken interi\u00f6r som helst.<\/p>\n<p data-start=\"6996\" data-end=\"7173\"><strong data-start=\"6996\" data-end=\"7055\">3. I vilka material finns den Bl\u00e5 Mandalan tillg\u00e4nglig?<\/strong><br data-start=\"7055\" data-end=\"7058\" \/>Mandalan finns tillg\u00e4nglig p\u00e5 <strong data-start=\"7088\" data-end=\"7123\">duk, affischer eller gobel\u00e4nger<\/strong>, beroende p\u00e5 \u00f6nskad stil och till\u00e4mpning.<\/p>\n<hr data-start=\"7175\" data-end=\"7178\" \/>\n<h3 data-start=\"7180\" data-end=\"7197\"><strong data-start=\"7184\" data-end=\"7197\">Slutsats<\/strong><\/h3>\n<p data-start=\"7198\" data-end=\"7529\">De <strong data-start=\"7201\" data-end=\"7217\">Bl\u00e5 mandala<\/strong> \u00e4r mer \u00e4n bara ett dekorativt konstverk \u2013 det \u00e4r en <strong data-start=\"7274\" data-end=\"7325\">symbol f\u00f6r fred, visdom och inre balans<\/strong>Med sin harmoniska form och lugna f\u00e4rgs\u00e4ttning ger den <strong data-start=\"7391\" data-end=\"7427\">frid, inspiration och medvetenhet<\/strong> i vilket rum som helst. Perfekt f\u00f6r dig som letar efter <strong data-start=\"7477\" data-end=\"7528\">andlig stillhet och estetisk sk\u00f6nhet<\/strong>.<\/p>\n<p><a href=\"https:\/\/researchchemicalhub.com\/sv\/shop\/lysergamides\/1cp-lsd-150-mcg\/\"><span dir=\"auto\" style=\"vertical-align: inherit;\"><span dir=\"auto\" style=\"vertical-align: inherit;\">1cP-LSD 150 MCG Art Blotters <\/span><\/span><\/a><a href=\"https:\/\/researchchemicalhub.com\/sv\/shop\/pellets\/o-dsmt-50mg-pellets\/\"><span dir=\"auto\" style=\"vertical-align: inherit;\"><span dir=\"auto\" style=\"vertical-align: inherit;\">O-DSMT 50 mg pellets <\/span><\/span><\/a><a href=\"https:\/\/researchchemicalhub.com\/sv\/shop\/lysergamides\/1v-lsd-150-mcg-blotters\/\"><span dir=\"auto\" style=\"vertical-align: inherit;\"><span dir=\"auto\" style=\"vertical-align: inherit;\">1V-LSD 150 MCG Blotters <\/span><\/span><\/a><a href=\"https:\/\/researchchemicalhub.com\/sv\/shop\/cathinonen\/2-cmc-kopen\/\"><span dir=\"auto\" style=\"vertical-align: inherit;\"><span dir=\"auto\" style=\"vertical-align: inherit;\">2-CMC 250 mg pellets <\/span><\/span><\/a><a href=\"https:\/\/researchchemicalhub.com\/sv\/shop\/fenethylamine\/2c-ef-2mg-capsules\/\"><span dir=\"auto\" style=\"vertical-align: inherit;\"><span dir=\"auto\" style=\"vertical-align: inherit;\">2C-EF 2 mg kapslar<\/span><\/span><\/a><\/p>","protected":false},"excerpt":{"rendered":"<p>Introductie De Blue Mandala is een prachtig symbool van vrede, balans en spirituele harmonie. Mandala\u2019s, afkomstig uit oude boeddhistische en<\/p>","protected":false},"featured_media":20682,"comment_status":"closed","ping_status":"closed","template":"","meta":[],"product_brand":[],"product_cat":[555],"product_tag":[629,644,326],"class_list":{"0":"post-24151","1":"product","2":"type-product","3":"status-publish","4":"has-post-thumbnail","6":"product_cat-b2b","7":"product_tag-4-fma-kopen","8":"product_tag-4-fma","9":"product_tag-nl","11":"first","12":"instock","13":"taxable","14":"shipping-taxable","15":"purchasable","16":"product-type-variable"},"_links":{"self":[{"href":"https:\/\/researchchemicalhub.com\/sv\/wp-json\/wp\/v2\/product\/24151","targetHints":{"allow":["GET"]}}],"collection":[{"href":"https:\/\/researchchemicalhub.com\/sv\/wp-json\/wp\/v2\/product"}],"about":[{"href":"https:\/\/researchchemicalhub.com\/sv\/wp-json\/wp\/v2\/types\/product"}],"replies":[{"embeddable":true,"href":"https:\/\/researchchemicalhub.com\/sv\/wp-json\/wp\/v2\/comments?post=24151"}],"version-history":[{"count":4,"href":"https:\/\/researchchemicalhub.com\/sv\/wp-json\/wp\/v2\/product\/24151\/revisions"}],"predecessor-version":[{"id":27847,"href":"https:\/\/researchchemicalhub.com\/sv\/wp-json\/wp\/v2\/product\/24151\/revisions\/27847"}],"wp:featuredmedia":[{"embeddable":true,"href":"https:\/\/researchchemicalhub.com\/sv\/wp-json\/wp\/v2\/media\/20682"}],"wp:attachment":[{"href":"https:\/\/researchchemicalhub.com\/sv\/wp-json\/wp\/v2\/media?parent=24151"}],"wp:term":[{"taxonomy":"product_brand","embeddable":true,"href":"https:\/\/researchchemicalhub.com\/sv\/wp-json\/wp\/v2\/product_brand?post=24151"},{"taxonomy":"product_cat","embeddable":true,"href":"https:\/\/researchchemicalhub.com\/sv\/wp-json\/wp\/v2\/product_cat?post=24151"},{"taxonomy":"product_tag","embeddable":true,"href":"https:\/\/researchchemicalhub.com\/sv\/wp-json\/wp\/v2\/product_tag?post=24151"}],"curies":[{"name":"wp","href":"https:\/\/api.w.org\/{rel}","templated":true}]}}