{"id":24140,"date":"2025-04-13T17:41:08","date_gmt":"2025-04-13T17:41:08","guid":{"rendered":"https:\/\/researchchemicalhub.com\/?post_type=product&#038;p=24140"},"modified":"2025-10-13T10:29:52","modified_gmt":"2025-10-13T10:29:52","slug":"chem-mist-4f-mph-10-spray","status":"publish","type":"product","link":"https:\/\/researchchemicalhub.com\/sv\/shop\/b2b\/chem-mist-4f-mph-10-spray\/","title":{"rendered":"Chem Mist 4F-MPH 10% Spray"},"content":{"rendered":"<h3 data-start=\"688\" data-end=\"712\"><strong data-start=\"692\" data-end=\"712\">Produkt\u00f6versikt<\/strong><\/h3>\n<p data-start=\"713\" data-end=\"1201\">Chem-mist 4F-MPH 10% Spray \u00e4r en <strong data-start=\"747\" data-end=\"793\">precisionsformulerad forskningsl\u00f6sning<\/strong> av <strong data-start=\"798\" data-end=\"833\">4-fluorometylfenidat (4F-MPH)<\/strong> i en koncentration av 10%. Utformad f\u00f6r <strong data-start=\"878\" data-end=\"925\">vetenskapliga och analytiska syften<\/strong>, erbjuder den en <strong data-start=\"941\" data-end=\"983\">kontrollerad och konsekvent dosering<\/strong> via en l\u00e4ttanv\u00e4nd spray \u2013 perfekt f\u00f6r laboratorier som utf\u00f6r farmakologiska studier, receptor- eller absorptionsstudier. 4f mph<br data-start=\"1106\" data-end=\"1109\" \/><em data-start=\"1109\" data-end=\"1201\">(Endast f\u00f6r forsknings\u00e4ndam\u00e5l \u2013 inte avsedd f\u00f6r anv\u00e4ndning p\u00e5 m\u00e4nniskor eller djur.)<\/em><\/p>\n<hr data-start=\"1203\" data-end=\"1206\" \/>\n<h3 data-start=\"1208\" data-end=\"1239\"><strong data-start=\"1212\" data-end=\"1239\">Viktiga funktioner<\/strong><\/h3>\n<ul data-start=\"1240\" data-end=\"1675\">\n<li data-start=\"1240\" data-end=\"1319\">\n<p data-start=\"1242\" data-end=\"1319\"><strong data-start=\"1242\" data-end=\"1269\">10% 4F-MPH-koncentration<\/strong> f\u00f6r exakta och kontrollerade experiment<\/p>\n<\/li>\n<li data-start=\"1320\" data-end=\"1382\">\n<p data-start=\"1322\" data-end=\"1382\"><strong data-start=\"1322\" data-end=\"1350\">Cirka 14 mg per sprayning<\/strong> (mer \u00e4n 70 sprayningar per flaska)<\/p>\n<\/li>\n<li data-start=\"1383\" data-end=\"1456\">\n<p data-start=\"1385\" data-end=\"1456\"><strong data-start=\"1385\" data-end=\"1417\">&quot;Fresh Focus&quot; pepparmyntsdoft<\/strong> f\u00f6r bekv\u00e4m laboratorieanv\u00e4ndning<\/p>\n<\/li>\n<li data-start=\"1457\" data-end=\"1525\">\n<p data-start=\"1459\" data-end=\"1525\"><strong data-start=\"1459\" data-end=\"1486\">Stabiliserad formel<\/strong> med E1520, NaCl och buffertkomponenter<\/p>\n<\/li>\n<li data-start=\"1526\" data-end=\"1591\">\n<p data-start=\"1528\" data-end=\"1591\"><strong data-start=\"1528\" data-end=\"1554\">H\u00f6g renhet (&gt;98%)<\/strong>, bekr\u00e4ftad genom leverant\u00f6rstester<\/p>\n<\/li>\n<li data-start=\"1592\" data-end=\"1675\">\n<p data-start=\"1594\" data-end=\"1675\"><strong data-start=\"1594\" data-end=\"1627\">Endast f\u00f6r forskningsbruk<\/strong> \u2013 tydligt m\u00e4rkta enligt f\u00f6reskrifter<\/p>\n<\/li>\n<\/ul>\n<hr data-start=\"1677\" data-end=\"1680\" \/>\n<h3 data-start=\"1682\" data-end=\"1699\"><strong data-start=\"1686\" data-end=\"1699\">F\u00f6rdelar<\/strong><\/h3>\n<p data-start=\"1700\" data-end=\"2020\">\u2705 <strong data-start=\"1702\" data-end=\"1723\">Noggrann dosering<\/strong> \u2013 Konsekvent sprayvolym f\u00f6r reproducerbara resultat<br data-start=\"1786\" data-end=\"1789\" \/>\u2705 <strong data-start=\"1791\" data-end=\"1819\">S\u00e4ker och ren anv\u00e4ndning<\/strong> \u2013 Ingen risk f\u00f6r exponering f\u00f6r pulver eller kontaminering<br data-start=\"1868\" data-end=\"1871\" \/>\u2705 <strong data-start=\"1873\" data-end=\"1899\">F\u00f6rb\u00e4ttrad stabilitet<\/strong> \u2013 L\u00e5ng h\u00e5llbarhet (upp till 2 \u00e5r) vid korrekt f\u00f6rvaring<br data-start=\"1953\" data-end=\"1956\" \/>\u2705 <strong data-start=\"1958\" data-end=\"1975\">Klar att anv\u00e4nda<\/strong> \u2013 Minskar f\u00f6rberedelsetiden i labbet<\/p>\n<hr data-start=\"2022\" data-end=\"2025\" \/>\n<h3 data-start=\"2027\" data-end=\"2072\"><strong data-start=\"2031\" data-end=\"2072\">Anv\u00e4ndning (endast f\u00f6r forsknings\u00e4ndam\u00e5l)<\/strong><\/h3>\n<blockquote data-start=\"2073\" data-end=\"2198\">\n<p data-start=\"2075\" data-end=\"2198\">\u26a0\ufe0f Endast f\u00f6r laboratoriebruk. Andas inte in eller f\u00f6rt\u00e4r inte. Anv\u00e4nd alltid personlig skyddsutrustning.<\/p>\n<\/blockquote>\n<ol data-start=\"2200\" data-end=\"2403\">\n<li data-start=\"2200\" data-end=\"2263\">\n<p data-start=\"2203\" data-end=\"2263\">Skaka f\u00f6rsiktigt och f\u00f6rbered sprayflaskan f\u00f6re f\u00f6rsta anv\u00e4ndningen.<\/p>\n<\/li>\n<li data-start=\"2264\" data-end=\"2331\">\n<p data-start=\"2267\" data-end=\"2331\">Spraya p\u00e5 ett fast avst\u00e5nd enligt experimentprotokollet. 4 fot mph<\/p>\n<\/li>\n<li data-start=\"2332\" data-end=\"2403\">\n<p data-start=\"2335\" data-end=\"2403\">St\u00e4ng v\u00e4l och f\u00f6rvara st\u00e5ende i en <strong data-start=\"2375\" data-end=\"2400\">sval, m\u00f6rk plats<\/strong>.<\/p>\n<\/li>\n<\/ol>\n<hr data-start=\"2405\" data-end=\"2408\" \/>\n<h3 data-start=\"2410\" data-end=\"2443\"><strong data-start=\"2414\" data-end=\"2443\">Vanliga fr\u00e5gor (FAQ)<\/strong><\/h3>\n<p data-start=\"2445\" data-end=\"2533\"><strong data-start=\"2445\" data-end=\"2484\">1. Hur mycket 4F-MPH inneh\u00e5ller varje spray?<\/strong><br data-start=\"2484\" data-end=\"2487\" \/>Varje sprayning ger ungef\u00e4r <strong data-start=\"2514\" data-end=\"2523\">14 mg<\/strong> 4F-MPH.<\/p>\n<p data-start=\"2535\" data-end=\"2719\"><strong data-start=\"2535\" data-end=\"2589\">2. \u00c4r denna produkt l\u00e4mplig f\u00f6r m\u00e4nsklig anv\u00e4ndning?<\/strong><br data-start=\"2589\" data-end=\"2592\" \/>Nej \u2013 den h\u00e4r produkten \u00e4r <strong data-start=\"2613\" data-end=\"2660\">uteslutande f\u00f6r vetenskaplig forskning<\/strong> och inte avsedda f\u00f6r konsumtion av m\u00e4nniskor eller djur.<\/p>\n<p data-start=\"2721\" data-end=\"2856\"><strong data-start=\"2721\" data-end=\"2764\">3. Hur ska sprayen f\u00f6rvaras?<\/strong><br data-start=\"2764\" data-end=\"2767\" \/>F\u00f6rvara v\u00e4l tillsluten, uppr\u00e4tt och skyddad fr\u00e5n direkt solljus, p\u00e5 en <strong data-start=\"2830\" data-end=\"2853\">sval och torr plats<\/strong>.<\/p>","protected":false},"excerpt":{"rendered":"<p>Productoverzicht Chem-mist 4F-MPH 10% Spray is een precisie-geformuleerde onderzoeksoplossing met 4-fluoromethylfenidaat (4F-MPH) in een concentratie van 10%. Ontworpen voor wetenschappelijke<\/p>","protected":false},"featured_media":20679,"comment_status":"closed","ping_status":"closed","template":"","meta":[],"product_brand":[],"product_cat":[555],"product_tag":[571,326],"class_list":{"0":"post-24140","1":"product","2":"type-product","3":"status-publish","4":"has-post-thumbnail","6":"product_cat-b2b","7":"product_tag-4f-mph","8":"product_tag-nl","10":"first","11":"instock","12":"taxable","13":"shipping-taxable","14":"purchasable","15":"product-type-variable"},"_links":{"self":[{"href":"https:\/\/researchchemicalhub.com\/sv\/wp-json\/wp\/v2\/product\/24140","targetHints":{"allow":["GET"]}}],"collection":[{"href":"https:\/\/researchchemicalhub.com\/sv\/wp-json\/wp\/v2\/product"}],"about":[{"href":"https:\/\/researchchemicalhub.com\/sv\/wp-json\/wp\/v2\/types\/product"}],"replies":[{"embeddable":true,"href":"https:\/\/researchchemicalhub.com\/sv\/wp-json\/wp\/v2\/comments?post=24140"}],"version-history":[{"count":4,"href":"https:\/\/researchchemicalhub.com\/sv\/wp-json\/wp\/v2\/product\/24140\/revisions"}],"predecessor-version":[{"id":27857,"href":"https:\/\/researchchemicalhub.com\/sv\/wp-json\/wp\/v2\/product\/24140\/revisions\/27857"}],"wp:featuredmedia":[{"embeddable":true,"href":"https:\/\/researchchemicalhub.com\/sv\/wp-json\/wp\/v2\/media\/20679"}],"wp:attachment":[{"href":"https:\/\/researchchemicalhub.com\/sv\/wp-json\/wp\/v2\/media?parent=24140"}],"wp:term":[{"taxonomy":"product_brand","embeddable":true,"href":"https:\/\/researchchemicalhub.com\/sv\/wp-json\/wp\/v2\/product_brand?post=24140"},{"taxonomy":"product_cat","embeddable":true,"href":"https:\/\/researchchemicalhub.com\/sv\/wp-json\/wp\/v2\/product_cat?post=24140"},{"taxonomy":"product_tag","embeddable":true,"href":"https:\/\/researchchemicalhub.com\/sv\/wp-json\/wp\/v2\/product_tag?post=24140"}],"curies":[{"name":"wp","href":"https:\/\/api.w.org\/{rel}","templated":true}]}}