{"id":24013,"date":"2025-10-20T17:40:52","date_gmt":"2025-10-20T17:40:52","guid":{"rendered":"https:\/\/researchchemicalhub.com\/?post_type=product&#038;p=24013"},"modified":"2025-10-29T08:28:44","modified_gmt":"2025-10-29T08:28:44","slug":"bromazolam-kopen","status":"publish","type":"product","link":"https:\/\/researchchemicalhub.com\/sv\/shop\/benzodiazepinen\/bromazolam-kopen\/","title":{"rendered":"Bromazolam 2,5 mg pellets"},"content":{"rendered":"<h3 data-start=\"5949\" data-end=\"5968\"><strong data-start=\"5953\" data-end=\"5968\"><span dir=\"auto\" style=\"vertical-align: inherit;\"><span dir=\"auto\" style=\"vertical-align: inherit;\">Introduktion<\/span><\/span><\/strong><\/h3>\n<p data-start=\"5970\" data-end=\"6244\"><strong data-start=\"5970\" data-end=\"5998\"><span dir=\"auto\" style=\"vertical-align: inherit;\"><span dir=\"auto\" style=\"vertical-align: inherit;\">Bromazolam 2,5 mg pellets<\/span><\/span><\/strong><span dir=\"auto\" style=\"vertical-align: inherit;\"><span dir=\"auto\" style=\"vertical-align: inherit;\"> \u00e4r <\/span><\/span><strong data-start=\"6004\" data-end=\"6051\"><span dir=\"auto\" style=\"vertical-align: inherit;\"><span dir=\"auto\" style=\"vertical-align: inherit;\">forskningsf\u00f6reningar av laboratoriekvalitet<\/span><\/span><\/strong><span dir=\"auto\" style=\"vertical-align: inherit;\"><span dir=\"auto\" style=\"vertical-align: inherit;\"> utvecklad f\u00f6r <\/span><\/span><strong data-start=\"6069\" data-end=\"6113\"><span dir=\"auto\" style=\"vertical-align: inherit;\"><span dir=\"auto\" style=\"vertical-align: inherit;\">vetenskaplig och analytisk forskning<\/span><\/span><\/strong><span dir=\"auto\" style=\"vertical-align: inherit;\"><span dir=\"auto\" style=\"vertical-align: inherit;\"> . <\/span><\/span><br data-start=\"6114\" data-end=\"6117\" \/><span dir=\"auto\" style=\"vertical-align: inherit;\"><span dir=\"auto\" style=\"vertical-align: inherit;\">Varje pellet inneh\u00e5ller <\/span><\/span><strong data-start=\"6135\" data-end=\"6168\"><span dir=\"auto\" style=\"vertical-align: inherit;\"><span dir=\"auto\" style=\"vertical-align: inherit;\">2,5 milligram (mg) bromazolam<\/span><\/span><\/strong><span dir=\"auto\" style=\"vertical-align: inherit;\"><span dir=\"auto\" style=\"vertical-align: inherit;\"> , en <\/span><\/span><strong data-start=\"6174\" data-end=\"6201\"><span dir=\"auto\" style=\"vertical-align: inherit;\"><span dir=\"auto\" style=\"vertical-align: inherit;\">bensodiazepinderivat<\/span><\/span><\/strong><span dir=\"auto\" style=\"vertical-align: inherit;\"><span dir=\"auto\" style=\"vertical-align: inherit;\"> av <\/span><\/span><strong data-start=\"6209\" data-end=\"6241\"><span dir=\"auto\" style=\"vertical-align: inherit;\"><span dir=\"auto\" style=\"vertical-align: inherit;\">triazolobensodiazepinklass<\/span><\/span><\/strong><span dir=\"auto\" style=\"vertical-align: inherit;\"><span dir=\"auto\" style=\"vertical-align: inherit;\"> K\u00f6p Bromazolam<\/span><\/span><\/p>\n<p data-start=\"6246\" data-end=\"6474\"><span dir=\"auto\" style=\"vertical-align: inherit;\"><span dir=\"auto\" style=\"vertical-align: inherit;\">Tillverkad till <\/span><\/span><strong data-start=\"6267\" data-end=\"6308\"><span dir=\"auto\" style=\"vertical-align: inherit;\"><span dir=\"auto\" style=\"vertical-align: inherit;\">Standarder f\u00f6r god laboratoriesed (GLP)<\/span><\/span><\/strong><span dir=\"auto\" style=\"vertical-align: inherit;\"><span dir=\"auto\" style=\"vertical-align: inherit;\"> , dessa pellets erbjuder <\/span><\/span><strong data-start=\"6330\" data-end=\"6349\"><span dir=\"auto\" style=\"vertical-align: inherit;\"><span dir=\"auto\" style=\"vertical-align: inherit;\">\u226599% renhet<\/span><\/span><\/strong><span dir=\"auto\" style=\"vertical-align: inherit;\"><span dir=\"auto\" style=\"vertical-align: inherit;\"> , <\/span><\/span><strong data-start=\"6351\" data-end=\"6376\"><span dir=\"auto\" style=\"vertical-align: inherit;\"><span dir=\"auto\" style=\"vertical-align: inherit;\">kemisk stabilitet<\/span><\/span><\/strong><span dir=\"auto\" style=\"vertical-align: inherit;\"><span dir=\"auto\" style=\"vertical-align: inherit;\"> och <\/span><\/span><strong data-start=\"6380\" data-end=\"6403\"><span dir=\"auto\" style=\"vertical-align: inherit;\"><span dir=\"auto\" style=\"vertical-align: inherit;\">j\u00e4mn kvalitet<\/span><\/span><\/strong><span dir=\"auto\" style=\"vertical-align: inherit;\"><span dir=\"auto\" style=\"vertical-align: inherit;\"> , perfekt f\u00f6r <\/span><\/span><strong data-start=\"6417\" data-end=\"6471\"><span dir=\"auto\" style=\"vertical-align: inherit;\"><span dir=\"auto\" style=\"vertical-align: inherit;\">forensisk, farmakologisk och analytisk forskning<\/span><\/span><\/strong><span dir=\"auto\" style=\"vertical-align: inherit;\"><span dir=\"auto\" style=\"vertical-align: inherit;\"> .<\/span><\/span><\/p>\n<blockquote data-start=\"6476\" data-end=\"6620\">\n<p data-start=\"6478\" data-end=\"6620\">\u26a0\ufe0f <strong data-start=\"6481\" data-end=\"6492\"><span dir=\"auto\" style=\"vertical-align: inherit;\"><span dir=\"auto\" style=\"vertical-align: inherit;\">Observera:<\/span><\/span><\/strong><span dir=\"auto\" style=\"vertical-align: inherit;\"><span dir=\"auto\" style=\"vertical-align: inherit;\"> Denna produkt \u00e4r <\/span><\/span><strong data-start=\"6508\" data-end=\"6558\"><span dir=\"auto\" style=\"vertical-align: inherit;\"><span dir=\"auto\" style=\"vertical-align: inherit;\">endast avsedd f\u00f6r laboratorietester<\/span><\/span><\/strong><span dir=\"auto\" style=\"vertical-align: inherit;\"><span dir=\"auto\" style=\"vertical-align: inherit;\"> och <\/span><\/span><strong data-start=\"6562\" data-end=\"6619\"><span dir=\"auto\" style=\"vertical-align: inherit;\"><span dir=\"auto\" style=\"vertical-align: inherit;\">\u00e4r inte l\u00e4mplig f\u00f6r m\u00e4nsklig eller djurkonsumtion<\/span><\/span><\/strong><span dir=\"auto\" style=\"vertical-align: inherit;\"><span dir=\"auto\" style=\"vertical-align: inherit;\"> .<\/span><\/span><\/p>\n<\/blockquote>\n<hr data-start=\"6622\" data-end=\"6625\" \/>\n<h3 data-start=\"6627\" data-end=\"6658\"><strong data-start=\"6631\" data-end=\"6658\"><span dir=\"auto\" style=\"vertical-align: inherit;\"><span dir=\"auto\" style=\"vertical-align: inherit;\">Viktiga funktioner<\/span><\/span><\/strong><\/h3>\n<ul data-start=\"6660\" data-end=\"7119\">\n<li data-start=\"6660\" data-end=\"6720\">\n<p data-start=\"6662\" data-end=\"6720\"><strong data-start=\"6662\" data-end=\"6682\"><span dir=\"auto\" style=\"vertical-align: inherit;\"><span dir=\"auto\" style=\"vertical-align: inherit;\">Exakt dosering:<\/span><\/span><\/strong><span dir=\"auto\" style=\"vertical-align: inherit;\"><span dir=\"auto\" style=\"vertical-align: inherit;\"> Varje pellet inneh\u00e5ller 2,5 mg bromazolam.<\/span><\/span><\/p>\n<\/li>\n<li data-start=\"6721\" data-end=\"6803\">\n<p data-start=\"6723\" data-end=\"6803\"><strong data-start=\"6723\" data-end=\"6743\"><span dir=\"auto\" style=\"vertical-align: inherit;\"><span dir=\"auto\" style=\"vertical-align: inherit;\">H\u00f6g renhet:<\/span><\/span><\/strong><span dir=\"auto\" style=\"vertical-align: inherit;\"><span dir=\"auto\" style=\"vertical-align: inherit;\"> \u226599% analytisk kvalitet, batchtestad f\u00f6r konsistens.<\/span><\/span><\/p>\n<\/li>\n<li data-start=\"6804\" data-end=\"6870\">\n<p data-start=\"6806\" data-end=\"6870\"><strong data-start=\"6806\" data-end=\"6827\"><span dir=\"auto\" style=\"vertical-align: inherit;\"><span dir=\"auto\" style=\"vertical-align: inherit;\">Kemiskt stabil:<\/span><\/span><\/strong><span dir=\"auto\" style=\"vertical-align: inherit;\"><span dir=\"auto\" style=\"vertical-align: inherit;\"> Resistent mot nedbrytning vid korrekt f\u00f6rvaring.<\/span><\/span><\/p>\n<\/li>\n<li data-start=\"6871\" data-end=\"6955\">\n<p data-start=\"6873\" data-end=\"6955\"><strong data-start=\"6873\" data-end=\"6891\"><span dir=\"auto\" style=\"vertical-align: inherit;\"><span dir=\"auto\" style=\"vertical-align: inherit;\">GLP-produktion:<\/span><\/span><\/strong><span dir=\"auto\" style=\"vertical-align: inherit;\"><span dir=\"auto\" style=\"vertical-align: inherit;\"> Tillverkad under kontrollerade laboratorief\u00f6rh\u00e5llanden.<\/span><\/span><\/p>\n<\/li>\n<li data-start=\"6956\" data-end=\"7035\">\n<p data-start=\"6958\" data-end=\"7035\"><strong data-start=\"6958\" data-end=\"6981\"><span dir=\"auto\" style=\"vertical-align: inherit;\"><span dir=\"auto\" style=\"vertical-align: inherit;\">S\u00e4ker f\u00f6rpackning:<\/span><\/span><\/strong><span dir=\"auto\" style=\"vertical-align: inherit;\"><span dir=\"auto\" style=\"vertical-align: inherit;\"> F\u00f6rseglad och luftt\u00e4t f\u00f6r maximal h\u00e5llbarhet.<\/span><\/span><\/p>\n<\/li>\n<li data-start=\"7036\" data-end=\"7119\">\n<p data-start=\"7038\" data-end=\"7119\"><strong data-start=\"7038\" data-end=\"7066\"><span dir=\"auto\" style=\"vertical-align: inherit;\"><span dir=\"auto\" style=\"vertical-align: inherit;\">Professionell kvalitet:<\/span><\/span><\/strong><span dir=\"auto\" style=\"vertical-align: inherit;\"><span dir=\"auto\" style=\"vertical-align: inherit;\"> L\u00e4mplig f\u00f6r laboratorier och kriminaltekniska unders\u00f6kningar.<\/span><\/span><\/p>\n<\/li>\n<\/ul>\n<hr data-start=\"7121\" data-end=\"7124\" \/>\n<h3 data-start=\"7126\" data-end=\"7143\"><strong data-start=\"7130\" data-end=\"7143\"><span dir=\"auto\" style=\"vertical-align: inherit;\"><span dir=\"auto\" style=\"vertical-align: inherit;\">F\u00f6rdelar<\/span><\/span><\/strong><\/h3>\n<ol data-start=\"7145\" data-end=\"7568\">\n<li data-start=\"7145\" data-end=\"7230\">\n<p data-start=\"7148\" data-end=\"7230\"><strong data-start=\"7148\" data-end=\"7183\"><span dir=\"auto\" style=\"vertical-align: inherit;\"><span dir=\"auto\" style=\"vertical-align: inherit;\">Konsekventa forskningsresultat:<\/span><\/span><\/strong><span dir=\"auto\" style=\"vertical-align: inherit;\"><span dir=\"auto\" style=\"vertical-align: inherit;\"> H\u00f6g renhet garanterar tillf\u00f6rlitliga data.<\/span><\/span><\/p>\n<\/li>\n<li data-start=\"7231\" data-end=\"7312\">\n<p data-start=\"7234\" data-end=\"7312\"><strong data-start=\"7234\" data-end=\"7261\"><span dir=\"auto\" style=\"vertical-align: inherit;\"><span dir=\"auto\" style=\"vertical-align: inherit;\">L\u00e5ngsiktig stabilitet:<\/span><\/span><\/strong><span dir=\"auto\" style=\"vertical-align: inherit;\"><span dir=\"auto\" style=\"vertical-align: inherit;\"> Bibeh\u00e5ller kemisk integritet vid korrekt f\u00f6rvaring.<\/span><\/span><\/p>\n<\/li>\n<li data-start=\"7313\" data-end=\"7387\">\n<p data-start=\"7316\" data-end=\"7387\"><strong data-start=\"7316\" data-end=\"7339\"><span dir=\"auto\" style=\"vertical-align: inherit;\"><span dir=\"auto\" style=\"vertical-align: inherit;\">S\u00e4ker bearbetning:<\/span><\/span><\/strong><span dir=\"auto\" style=\"vertical-align: inherit;\"><span dir=\"auto\" style=\"vertical-align: inherit;\"> Pelletform minimerar risken f\u00f6r kontaminering.<\/span><\/span><\/p>\n<\/li>\n<li data-start=\"7388\" data-end=\"7480\">\n<p data-start=\"7391\" data-end=\"7480\"><strong data-start=\"7391\" data-end=\"7419\"><span dir=\"auto\" style=\"vertical-align: inherit;\"><span dir=\"auto\" style=\"vertical-align: inherit;\">Batchtestad kvalitet:<\/span><\/span><\/strong><span dir=\"auto\" style=\"vertical-align: inherit;\"><span dir=\"auto\" style=\"vertical-align: inherit;\"> Konsekvent sammans\u00e4ttning f\u00f6r reproducerbara resultat.<\/span><\/span><\/p>\n<\/li>\n<li data-start=\"7481\" data-end=\"7568\">\n<p data-start=\"7484\" data-end=\"7568\"><strong data-start=\"7484\" data-end=\"7512\"><span dir=\"auto\" style=\"vertical-align: inherit;\"><span dir=\"auto\" style=\"vertical-align: inherit;\">Professionell standard:<\/span><\/span><\/strong><span dir=\"auto\" style=\"vertical-align: inherit;\"><span dir=\"auto\" style=\"vertical-align: inherit;\"> L\u00e4mplig f\u00f6r analytisk och farmakologisk forskning.<\/span><\/span><\/p>\n<\/li>\n<\/ol>\n<hr data-start=\"7570\" data-end=\"7573\" \/>\n<h3 data-start=\"7575\" data-end=\"7614\"><strong data-start=\"7579\" data-end=\"7614\"><span dir=\"auto\" style=\"vertical-align: inherit;\"><span dir=\"auto\" style=\"vertical-align: inherit;\">Anv\u00e4ndning (endast f\u00f6r forskning)<\/span><\/span><\/strong><\/h3>\n<ol data-start=\"7616\" data-end=\"7965\">\n<li data-start=\"7616\" data-end=\"7698\">\n<p data-start=\"7619\" data-end=\"7698\"><strong data-start=\"7619\" data-end=\"7649\"><span dir=\"auto\" style=\"vertical-align: inherit;\"><span dir=\"auto\" style=\"vertical-align: inherit;\">Anv\u00e4nd skyddskl\u00e4der<\/span><\/span><\/strong><span dir=\"auto\" style=\"vertical-align: inherit;\"><span dir=\"auto\" style=\"vertical-align: inherit;\"> s\u00e5som handskar, laboratorierock och skyddsglas\u00f6gon.<\/span><\/span><\/p>\n<\/li>\n<li data-start=\"7699\" data-end=\"7777\">\n<p data-start=\"7702\" data-end=\"7777\"><strong data-start=\"7702\" data-end=\"7740\"><span dir=\"auto\" style=\"vertical-align: inherit;\"><span dir=\"auto\" style=\"vertical-align: inherit;\">Anv\u00e4nd kalibrerade instrument<\/span><\/span><\/strong><span dir=\"auto\" style=\"vertical-align: inherit;\"><span dir=\"auto\" style=\"vertical-align: inherit;\"> att hantera pellets korrekt.<\/span><\/span><\/p>\n<\/li>\n<li data-start=\"7778\" data-end=\"7831\">\n<p data-start=\"7781\" data-end=\"7831\"><strong data-start=\"7781\" data-end=\"7807\"><span dir=\"auto\" style=\"vertical-align: inherit;\"><span dir=\"auto\" style=\"vertical-align: inherit;\">Registrera batchinformation<\/span><\/span><\/strong><span dir=\"auto\" style=\"vertical-align: inherit;\"><span dir=\"auto\" style=\"vertical-align: inherit;\"> f\u00f6r sp\u00e5rbarhet.<\/span><\/span><\/p>\n<\/li>\n<li data-start=\"7832\" data-end=\"7905\">\n<p data-start=\"7835\" data-end=\"7905\"><strong data-start=\"7835\" data-end=\"7854\"><span dir=\"auto\" style=\"vertical-align: inherit;\"><span dir=\"auto\" style=\"vertical-align: inherit;\">Utf\u00f6r testning<\/span><\/span><\/strong><span dir=\"auto\" style=\"vertical-align: inherit;\"><span dir=\"auto\" style=\"vertical-align: inherit;\"> under kontrollerade laboratorief\u00f6rh\u00e5llanden.<\/span><\/span><\/p>\n<\/li>\n<li data-start=\"7906\" data-end=\"7965\">\n<p data-start=\"7909\" data-end=\"7965\"><strong data-start=\"7909\" data-end=\"7929\"><span dir=\"auto\" style=\"vertical-align: inherit;\"><span dir=\"auto\" style=\"vertical-align: inherit;\">Kassera eventuella rester<\/span><\/span><\/strong><span dir=\"auto\" style=\"vertical-align: inherit;\"><span dir=\"auto\" style=\"vertical-align: inherit;\"> enligt s\u00e4kerhetsanvisningarna.<\/span><\/span><\/p>\n<\/li>\n<\/ol>\n<blockquote data-start=\"7967\" data-end=\"8044\">\n<p data-start=\"7969\" data-end=\"8044\">\u2697\ufe0f <strong data-start=\"7972\" data-end=\"8044\"><span dir=\"auto\" style=\"vertical-align: inherit;\"><span dir=\"auto\" style=\"vertical-align: inherit;\">Endast f\u00f6r laboratorietester \u2013 ej f\u00f6r konsumtion.<\/span><\/span><\/strong><\/p>\n<\/blockquote>\n<hr data-start=\"8046\" data-end=\"8049\" \/>\n<h3 data-start=\"8051\" data-end=\"8076\"><strong data-start=\"8055\" data-end=\"8076\"><span dir=\"auto\" style=\"vertical-align: inherit;\"><span dir=\"auto\" style=\"vertical-align: inherit;\">F\u00f6rvaringsinstruktioner<\/span><\/span><\/strong><\/h3>\n<ul data-start=\"8078\" data-end=\"8253\">\n<li data-start=\"8078\" data-end=\"8120\">\n<p data-start=\"8080\" data-end=\"8120\"><span dir=\"auto\" style=\"vertical-align: inherit;\"><span dir=\"auto\" style=\"vertical-align: inherit;\">F\u00f6rvara p\u00e5 <\/span><\/span><strong data-start=\"8091\" data-end=\"8100\"><span dir=\"auto\" style=\"vertical-align: inherit;\"><span dir=\"auto\" style=\"vertical-align: inherit;\">2\u20138\u00b0C<\/span><\/span><\/strong><span dir=\"auto\" style=\"vertical-align: inherit;\"><span dir=\"auto\" style=\"vertical-align: inherit;\"> , torrt och m\u00f6rkt.<\/span><\/span><\/p>\n<\/li>\n<li data-start=\"8121\" data-end=\"8159\">\n<p data-start=\"8123\" data-end=\"8159\"><span dir=\"auto\" style=\"vertical-align: inherit;\"><span dir=\"auto\" style=\"vertical-align: inherit;\">F\u00f6rvara beh\u00e5llaren v\u00e4l tillsluten.<\/span><\/span><\/p>\n<\/li>\n<li data-start=\"8160\" data-end=\"8210\">\n<p data-start=\"8162\" data-end=\"8210\"><span dir=\"auto\" style=\"vertical-align: inherit;\"><span dir=\"auto\" style=\"vertical-align: inherit;\">Undvik kontakt med <\/span><\/span><strong data-start=\"8182\" data-end=\"8207\"><span dir=\"auto\" style=\"vertical-align: inherit;\"><span dir=\"auto\" style=\"vertical-align: inherit;\">ljus, fukt och v\u00e4rme<\/span><\/span><\/strong><span dir=\"auto\" style=\"vertical-align: inherit;\"><span dir=\"auto\" style=\"vertical-align: inherit;\"> .<\/span><\/span><\/p>\n<\/li>\n<li data-start=\"8211\" data-end=\"8253\">\n<p data-start=\"8213\" data-end=\"8253\"><span dir=\"auto\" style=\"vertical-align: inherit;\"><span dir=\"auto\" style=\"vertical-align: inherit;\">F\u00f6rvaras utom r\u00e4ckh\u00e5ll f\u00f6r obeh\u00f6riga.<\/span><\/span><\/p>\n<\/li>\n<\/ul>\n<hr data-start=\"8255\" data-end=\"8258\" \/>\n<h3 data-start=\"8260\" data-end=\"8295\"><strong data-start=\"8264\" data-end=\"8295\"><span dir=\"auto\" style=\"vertical-align: inherit;\"><span dir=\"auto\" style=\"vertical-align: inherit;\">Vanliga fr\u00e5gor (FAQ)<\/span><\/span><\/strong><\/h3>\n<p data-start=\"8297\" data-end=\"8446\"><strong data-start=\"8297\" data-end=\"8345\"><span dir=\"auto\" style=\"vertical-align: inherit;\"><span dir=\"auto\" style=\"vertical-align: inherit;\">1. Vad anv\u00e4nds Bromazolam 2,5 mg till?<\/span><\/span><\/strong><br data-start=\"8345\" data-end=\"8348\" \/><span dir=\"auto\" style=\"vertical-align: inherit;\"><span dir=\"auto\" style=\"vertical-align: inherit;\"> F\u00f6r <\/span><\/span><strong data-start=\"8353\" data-end=\"8397\"><span dir=\"auto\" style=\"vertical-align: inherit;\"><span dir=\"auto\" style=\"vertical-align: inherit;\">vetenskaplig och analytisk forskning<\/span><\/span><\/strong><span dir=\"auto\" style=\"vertical-align: inherit;\"><span dir=\"auto\" style=\"vertical-align: inherit;\"> , inklusive <\/span><\/span><strong data-start=\"8409\" data-end=\"8443\"><span dir=\"auto\" style=\"vertical-align: inherit;\"><span dir=\"auto\" style=\"vertical-align: inherit;\">forensiska studier och receptorstudier<\/span><\/span><\/strong><span dir=\"auto\" style=\"vertical-align: inherit;\"><span dir=\"auto\" style=\"vertical-align: inherit;\"> .<\/span><\/span><\/p>\n<p data-start=\"8448\" data-end=\"8628\"><strong data-start=\"8448\" data-end=\"8494\"><span dir=\"auto\" style=\"vertical-align: inherit;\"><span dir=\"auto\" style=\"vertical-align: inherit;\">2. \u00c4r Bromazolam l\u00e4mpligt f\u00f6r m\u00e4nsklig konsumtion?<\/span><\/span><\/strong><br data-start=\"8494\" data-end=\"8497\" \/><span dir=\"auto\" style=\"vertical-align: inherit;\"><span dir=\"auto\" style=\"vertical-align: inherit;\"> Inga. <\/span><\/span><strong data-start=\"8502\" data-end=\"8530\"><span dir=\"auto\" style=\"vertical-align: inherit;\"><span dir=\"auto\" style=\"vertical-align: inherit;\">Bromazolam 2,5 mg pellets<\/span><\/span><\/strong><span dir=\"auto\" style=\"vertical-align: inherit;\"><span dir=\"auto\" style=\"vertical-align: inherit;\"> \u00e4r <\/span><\/span><strong data-start=\"8536\" data-end=\"8586\"><span dir=\"auto\" style=\"vertical-align: inherit;\"><span dir=\"auto\" style=\"vertical-align: inherit;\">endast avsedd f\u00f6r laboratorieforskning<\/span><\/span><\/strong><span dir=\"auto\" style=\"vertical-align: inherit;\"><span dir=\"auto\" style=\"vertical-align: inherit;\"> och <\/span><\/span><strong data-start=\"8590\" data-end=\"8625\"><span dir=\"auto\" style=\"vertical-align: inherit;\"><span dir=\"auto\" style=\"vertical-align: inherit;\">\u00e4r inte avsedda f\u00f6r m\u00e4nsklig konsumtion<\/span><\/span><\/strong><span dir=\"auto\" style=\"vertical-align: inherit;\"><span dir=\"auto\" style=\"vertical-align: inherit;\"> .<\/span><\/span><\/p>\n<p data-start=\"8630\" data-end=\"8781\"><strong data-start=\"8630\" data-end=\"8680\"><span dir=\"auto\" style=\"vertical-align: inherit;\"><span dir=\"auto\" style=\"vertical-align: inherit;\">3. Hur f\u00f6rvarar jag b\u00e4st Bromazolampellets?<\/span><\/span><\/strong><br data-start=\"8680\" data-end=\"8683\" \/><span dir=\"auto\" style=\"vertical-align: inherit;\"><span dir=\"auto\" style=\"vertical-align: inherit;\"> F\u00f6rvara dem i en <\/span><\/span><strong data-start=\"8700\" data-end=\"8744\"><span dir=\"auto\" style=\"vertical-align: inherit;\"><span dir=\"auto\" style=\"vertical-align: inherit;\">svalt, torrt och m\u00f6rkt (2\u20138 \u00b0C)<\/span><\/span><\/strong><span dir=\"auto\" style=\"vertical-align: inherit;\"><span dir=\"auto\" style=\"vertical-align: inherit;\"> i en t\u00e4tt f\u00f6rsluten beh\u00e5llare. K\u00f6p Bromazolam<\/span><\/span><\/p>\n<hr data-start=\"8783\" data-end=\"8786\" \/>\n<h3 data-start=\"8788\" data-end=\"8805\"><strong data-start=\"8792\" data-end=\"8805\"><span dir=\"auto\" style=\"vertical-align: inherit;\"><span dir=\"auto\" style=\"vertical-align: inherit;\">Slutsats<\/span><\/span><\/strong><\/h3>\n<p data-start=\"8807\" data-end=\"9082\"><strong data-start=\"8807\" data-end=\"8835\"><span dir=\"auto\" style=\"vertical-align: inherit;\"><span dir=\"auto\" style=\"vertical-align: inherit;\">Bromazolam 2,5 mg pellets<\/span><\/span><\/strong><span dir=\"auto\" style=\"vertical-align: inherit;\"><span dir=\"auto\" style=\"vertical-align: inherit;\"> erbjuda <\/span><\/span><strong data-start=\"8843\" data-end=\"8908\"><span dir=\"auto\" style=\"vertical-align: inherit;\"><span dir=\"auto\" style=\"vertical-align: inherit;\">exceptionell renhet, stabilitet och reproducerbarhet<\/span><\/span><\/strong><span dir=\"auto\" style=\"vertical-align: inherit;\"><span dir=\"auto\" style=\"vertical-align: inherit;\"> , utformad f\u00f6r professionell analytisk forskning. <\/span><\/span><br data-start=\"8960\" data-end=\"8963\" \/><span dir=\"auto\" style=\"vertical-align: inherit;\"><span dir=\"auto\" style=\"vertical-align: inherit;\">De \u00e4r ett p\u00e5litligt val f\u00f6r laboratorier som arbetar med <\/span><\/span><strong data-start=\"9027\" data-end=\"9079\"><span dir=\"auto\" style=\"vertical-align: inherit;\"><span dir=\"auto\" style=\"vertical-align: inherit;\">r\u00e4ttsmedicinsk, kemisk eller farmakologisk forskning<\/span><\/span><\/strong><span dir=\"auto\" style=\"vertical-align: inherit;\"><span dir=\"auto\" style=\"vertical-align: inherit;\"> .<\/span><\/span><\/p>","protected":false},"excerpt":{"rendered":"<h3><span data-sheets-value=\"{\" data-sheets-userformat=\"{\"><span dir=\"auto\" style=\"vertical-align: inherit;\"><span dir=\"auto\" style=\"vertical-align: inherit;\">Bromazolam properties<\/span><\/span><\/span><\/h3>\n<p><strong><span dir=\"auto\" style=\"vertical-align: inherit;\"><span dir=\"auto\" style=\"vertical-align: inherit;\">Synonym:<\/span><\/span><\/strong><span dir=\"auto\" style=\"vertical-align: inherit;\"><span dir=\"auto\" style=\"vertical-align: inherit;\"> Bromazolam <\/span><\/span><br \/>\n<strong><span dir=\"auto\" style=\"vertical-align: inherit;\"><span dir=\"auto\" style=\"vertical-align: inherit;\">CAS-nummer:<\/span><\/span><\/strong><span dir=\"auto\" style=\"vertical-align: inherit;\"><span dir=\"auto\" style=\"vertical-align: inherit;\"> 71368-80-4 <\/span><\/span><br \/>\n<strong><span dir=\"auto\" style=\"vertical-align: inherit;\"><span dir=\"auto\" style=\"vertical-align: inherit;\">Molmassa:<\/span><\/span><\/strong><span dir=\"auto\" style=\"vertical-align: inherit;\"><span dir=\"auto\" style=\"vertical-align: inherit;\"> 353.223 g mol <\/span><\/span><br \/>\n<strong><span dir=\"auto\" style=\"vertical-align: inherit;\"><span dir=\"auto\" style=\"vertical-align: inherit;\">Renhet:<\/span><\/span><\/strong><span dir=\"auto\" style=\"vertical-align: inherit;\"><span dir=\"auto\" style=\"vertical-align: inherit;\"> &gt;99%<\/span><\/span><\/p>","protected":false},"featured_media":28488,"comment_status":"closed","ping_status":"closed","template":"","meta":[],"product_brand":[82],"product_cat":[76,384,443,324,398],"product_tag":[174,183,184,176,175,178,177,326,179],"class_list":{"0":"post-24013","1":"product","2":"type-product","3":"status-publish","4":"has-post-thumbnail","6":"product_brand-research-chemical","7":"product_cat-benzodiazepinen","8":"product_cat-bromazolam","9":"product_cat-bromazolam-pellets","10":"product_cat-pellets-for-pellet","11":"product_cat-verkoop","12":"product_tag-bromazolam","13":"product_tag-bromazolam-bijwerkingen","14":"product_tag-bromazolam-dosing","15":"product_tag-bromazolam-ervaringen","16":"product_tag-bromazolam-kopen","17":"product_tag-bromazolam-na-drugs","18":"product_tag-bromazolam-psychonaut","19":"product_tag-nl","20":"product_tag-wat-is-bromazolam","22":"first","23":"instock","24":"sale","25":"taxable","26":"shipping-taxable","27":"purchasable","28":"product-type-variable"},"_links":{"self":[{"href":"https:\/\/researchchemicalhub.com\/sv\/wp-json\/wp\/v2\/product\/24013","targetHints":{"allow":["GET"]}}],"collection":[{"href":"https:\/\/researchchemicalhub.com\/sv\/wp-json\/wp\/v2\/product"}],"about":[{"href":"https:\/\/researchchemicalhub.com\/sv\/wp-json\/wp\/v2\/types\/product"}],"replies":[{"embeddable":true,"href":"https:\/\/researchchemicalhub.com\/sv\/wp-json\/wp\/v2\/comments?post=24013"}],"version-history":[{"count":7,"href":"https:\/\/researchchemicalhub.com\/sv\/wp-json\/wp\/v2\/product\/24013\/revisions"}],"predecessor-version":[{"id":28678,"href":"https:\/\/researchchemicalhub.com\/sv\/wp-json\/wp\/v2\/product\/24013\/revisions\/28678"}],"wp:featuredmedia":[{"embeddable":true,"href":"https:\/\/researchchemicalhub.com\/sv\/wp-json\/wp\/v2\/media\/28488"}],"wp:attachment":[{"href":"https:\/\/researchchemicalhub.com\/sv\/wp-json\/wp\/v2\/media?parent=24013"}],"wp:term":[{"taxonomy":"product_brand","embeddable":true,"href":"https:\/\/researchchemicalhub.com\/sv\/wp-json\/wp\/v2\/product_brand?post=24013"},{"taxonomy":"product_cat","embeddable":true,"href":"https:\/\/researchchemicalhub.com\/sv\/wp-json\/wp\/v2\/product_cat?post=24013"},{"taxonomy":"product_tag","embeddable":true,"href":"https:\/\/researchchemicalhub.com\/sv\/wp-json\/wp\/v2\/product_tag?post=24013"}],"curies":[{"name":"wp","href":"https:\/\/api.w.org\/{rel}","templated":true}]}}