{"id":23992,"date":"2025-04-13T17:40:51","date_gmt":"2025-04-13T17:40:51","guid":{"rendered":"https:\/\/researchchemicalhub.com\/?post_type=product&#038;p=23992"},"modified":"2025-10-30T07:42:11","modified_gmt":"2025-10-30T07:42:11","slug":"kop-6-apb-130mg-pellets","status":"publish","type":"product","link":"https:\/\/researchchemicalhub.com\/sv\/handla\/6-apr\/kop-6-apb-130mg-pellets\/","title":{"rendered":"6-APB 130 mg pellets"},"content":{"rendered":"<h3 data-start=\"6022\" data-end=\"6041\"><strong data-start=\"6026\" data-end=\"6041\">Introduktion<\/strong><\/h3>\n<p data-start=\"6043\" data-end=\"6339\"><strong data-start=\"6043\" data-end=\"6066\">6-APB 130 mg pellets<\/strong> \u00e4r <strong data-start=\"6072\" data-end=\"6119\">forsknings\u00e4mnen av laboratoriekvalitet<\/strong>, utvecklad f\u00f6r <strong data-start=\"6137\" data-end=\"6181\">vetenskaplig och analytisk forskning<\/strong>.<br data-start=\"6182\" data-end=\"6185\" \/>Varje pellet inneh\u00e5ller <strong data-start=\"6203\" data-end=\"6261\">130 milligram (mg) 6-(2-aminopropyl)bensofuran (6-APB)<\/strong> - En <strong data-start=\"6268\" data-end=\"6293\">bensofuranf\u00f6rening<\/strong> som tillh\u00f6r den <strong data-start=\"6313\" data-end=\"6336\">fenetylaminklass<\/strong>. 6 apb k\u00f6p<\/p>\n<p data-start=\"6341\" data-end=\"6575\">Tillverkad enligt <strong data-start=\"6362\" data-end=\"6403\">GLP-standarder (god laboratoriesed)<\/strong>, dessa pellets erbjuder <strong data-start=\"6425\" data-end=\"6444\">\u226599% renhet<\/strong>, <strong data-start=\"6446\" data-end=\"6471\">kemisk stabilitet<\/strong>och <strong data-start=\"6476\" data-end=\"6504\">p\u00e5litlig konsistens<\/strong>, perfekt f\u00f6r <strong data-start=\"6518\" data-end=\"6572\">forensisk, farmakologisk och analytisk forskning<\/strong>.<\/p>\n<blockquote data-start=\"6577\" data-end=\"6721\">\n<p data-start=\"6579\" data-end=\"6721\">\u26a0\ufe0f <strong data-start=\"6582\" data-end=\"6593\">OBS:<\/strong> Denna produkt \u00e4r <strong data-start=\"6609\" data-end=\"6659\">endast avsedd f\u00f6r laboratorieforskning<\/strong> och <strong data-start=\"6663\" data-end=\"6720\">inte l\u00e4mplig f\u00f6r m\u00e4nsklig eller djurkonsumtion<\/strong>.<\/p>\n<\/blockquote>\n<hr data-start=\"6723\" data-end=\"6726\" \/>\n<h3 data-start=\"6728\" data-end=\"6759\"><strong data-start=\"6732\" data-end=\"6759\">Viktiga funktioner<\/strong><\/h3>\n<ul data-start=\"6761\" data-end=\"7230\">\n<li data-start=\"6761\" data-end=\"6857\">\n<p data-start=\"6763\" data-end=\"6857\"><strong data-start=\"6763\" data-end=\"6783\">H\u00f6g renhet:<\/strong> \u226599% analytisk kvalitet, testad med kromatografi och spektrometri.<\/p>\n<\/li>\n<li data-start=\"6858\" data-end=\"6913\">\n<p data-start=\"6860\" data-end=\"6913\"><strong data-start=\"6860\" data-end=\"6880\">Exakt dosering:<\/strong> Varje pellet inneh\u00e5ller 130 mg 6-APB.<\/p>\n<\/li>\n<li data-start=\"6914\" data-end=\"6980\">\n<p data-start=\"6916\" data-end=\"6980\"><strong data-start=\"6916\" data-end=\"6937\">Kemiskt stabil:<\/strong> Resistent mot nedbrytning vid korrekt f\u00f6rvaring.<\/p>\n<\/li>\n<li data-start=\"6981\" data-end=\"7058\">\n<p data-start=\"6983\" data-end=\"7058\"><strong data-start=\"6983\" data-end=\"7000\">Batchtestad:<\/strong> Varje batch kontrollerades f\u00f6r renhet och konsistens.<\/p>\n<\/li>\n<li data-start=\"7059\" data-end=\"7137\">\n<p data-start=\"7061\" data-end=\"7137\"><strong data-start=\"7061\" data-end=\"7079\">GLP-produktion:<\/strong> Tillverkad enligt internationella laboratoriestandarder.<\/p>\n<\/li>\n<li data-start=\"7138\" data-end=\"7230\">\n<p data-start=\"7140\" data-end=\"7230\"><strong data-start=\"7140\" data-end=\"7163\">S\u00e4ker f\u00f6rpackning:<\/strong> Luftt\u00e4t och fuktt\u00e4t f\u00f6rpackad f\u00f6r maximal h\u00e5llbarhet.<\/p>\n<\/li>\n<\/ul>\n<hr data-start=\"7232\" data-end=\"7235\" \/>\n<h3 data-start=\"7237\" data-end=\"7254\"><strong data-start=\"7241\" data-end=\"7254\">F\u00f6rdelar<\/strong><\/h3>\n<ol data-start=\"7256\" data-end=\"7666\">\n<li data-start=\"7256\" data-end=\"7345\">\n<p data-start=\"7259\" data-end=\"7345\"><strong data-start=\"7259\" data-end=\"7294\">Konstanta forskningsresultat:<\/strong> H\u00f6g renhet s\u00e4kerst\u00e4ller reproducerbara data.<\/p>\n<\/li>\n<li data-start=\"7346\" data-end=\"7432\">\n<p data-start=\"7349\" data-end=\"7432\"><strong data-start=\"7349\" data-end=\"7376\">L\u00e5ngsiktig stabilitet:<\/strong> Resistent mot fukt, ljus och temperaturf\u00f6r\u00e4ndringar.<\/p>\n<\/li>\n<li data-start=\"7433\" data-end=\"7506\">\n<p data-start=\"7436\" data-end=\"7506\"><strong data-start=\"7436\" data-end=\"7458\">S\u00e4ker hantering:<\/strong> Pelletform minimerar risken f\u00f6r kontaminering.<\/p>\n<\/li>\n<li data-start=\"7507\" data-end=\"7590\">\n<p data-start=\"7510\" data-end=\"7590\"><strong data-start=\"7510\" data-end=\"7538\">Professionell kvalitet:<\/strong> L\u00e4mplig f\u00f6r analytisk och forensisk forskning. K\u00f6p 6 apb<\/p>\n<\/li>\n<li data-start=\"7591\" data-end=\"7666\">\n<p data-start=\"7594\" data-end=\"7666\"><strong data-start=\"7594\" data-end=\"7612\">Anv\u00e4ndarv\u00e4nlighet:<\/strong> F\u00f6ruppm\u00e4tta pellets f\u00f6r noggranna m\u00e4tningar.<\/p>\n<\/li>\n<\/ol>\n<hr data-start=\"7668\" data-end=\"7671\" \/>\n<h3 data-start=\"7673\" data-end=\"7712\"><strong data-start=\"7677\" data-end=\"7712\">Anv\u00e4ndning (endast f\u00f6r forskning)<\/strong><\/h3>\n<ol data-start=\"7714\" data-end=\"8068\">\n<li data-start=\"7714\" data-end=\"7790\">\n<p data-start=\"7717\" data-end=\"7790\"><strong data-start=\"7717\" data-end=\"7747\">Anv\u00e4nd skyddskl\u00e4der<\/strong> (handskar, laboratorierock, skyddsglas\u00f6gon).<\/p>\n<\/li>\n<li data-start=\"7791\" data-end=\"7861\">\n<p data-start=\"7794\" data-end=\"7861\"><strong data-start=\"7794\" data-end=\"7832\">Anv\u00e4nd kalibrerade instrument<\/strong> f\u00f6r exakta m\u00e4tningar.<\/p>\n<\/li>\n<li data-start=\"7862\" data-end=\"7927\">\n<p data-start=\"7865\" data-end=\"7927\"><strong data-start=\"7865\" data-end=\"7903\">Registrera batch- och provinformation<\/strong> f\u00f6r sp\u00e5rbarhet.<\/p>\n<\/li>\n<li data-start=\"7928\" data-end=\"7992\">\n<p data-start=\"7931\" data-end=\"7992\"><strong data-start=\"7931\" data-end=\"7955\">Spara \u00f6verbliven material<\/strong> i en v\u00e4l f\u00f6rsluten beh\u00e5llare.<\/p>\n<\/li>\n<li data-start=\"7993\" data-end=\"8068\">\n<p data-start=\"7996\" data-end=\"8068\"><strong data-start=\"7996\" data-end=\"8022\">Ta bort avfall<\/strong> i enlighet med g\u00e4llande s\u00e4kerhetsriktlinjer.<\/p>\n<\/li>\n<\/ol>\n<blockquote data-start=\"8070\" data-end=\"8147\">\n<p data-start=\"8072\" data-end=\"8147\">\u2697\ufe0f <strong data-start=\"8075\" data-end=\"8147\">Endast f\u00f6r laboratorietester \u2013 ej f\u00f6r konsumtion.<\/strong><\/p>\n<\/blockquote>\n<hr data-start=\"8149\" data-end=\"8152\" \/>\n<h3 data-start=\"8154\" data-end=\"8179\"><strong data-start=\"8158\" data-end=\"8179\">F\u00f6rvaringsinstruktioner<\/strong><\/h3>\n<ul data-start=\"8181\" data-end=\"8356\">\n<li data-start=\"8181\" data-end=\"8223\">\n<p data-start=\"8183\" data-end=\"8223\">Spara p\u00e5 <strong data-start=\"8194\" data-end=\"8203\">2\u20138\u00b0C<\/strong>, torrt och m\u00f6rkt.<\/p>\n<\/li>\n<li data-start=\"8224\" data-end=\"8267\">\n<p data-start=\"8226\" data-end=\"8267\">Beh\u00e5ll f\u00f6rpackningen <strong data-start=\"8245\" data-end=\"8264\">v\u00e4l st\u00e4ngd<\/strong>.<\/p>\n<\/li>\n<li data-start=\"8268\" data-end=\"8313\">\n<p data-start=\"8270\" data-end=\"8313\">Skydda mot <strong data-start=\"8285\" data-end=\"8310\">ljus, fukt och v\u00e4rme<\/strong>.<\/p>\n<\/li>\n<li data-start=\"8314\" data-end=\"8356\">\n<p data-start=\"8316\" data-end=\"8356\">F\u00f6rvaras utom r\u00e4ckh\u00e5ll f\u00f6r obeh\u00f6riga personer.<\/p>\n<\/li>\n<\/ul>\n<hr data-start=\"8358\" data-end=\"8361\" \/>\n<h3 data-start=\"8363\" data-end=\"8398\"><strong data-start=\"8367\" data-end=\"8398\">Vanliga fr\u00e5gor (FAQ)<\/strong><\/h3>\n<p data-start=\"8400\" data-end=\"8548\"><strong data-start=\"8400\" data-end=\"8443\">1. Vad anv\u00e4nds 6-APB 130 mg till?<\/strong><br data-start=\"8443\" data-end=\"8446\" \/>F\u00f6r <strong data-start=\"8451\" data-end=\"8489\">analytisk och forensisk forskning<\/strong> Obehaglig <strong data-start=\"8495\" data-end=\"8545\">bensofuranf\u00f6reningar och receptorinteraktioner<\/strong>.<\/p>\n<p data-start=\"8550\" data-end=\"8735\"><strong data-start=\"8550\" data-end=\"8597\">2. \u00c4r denna produkt l\u00e4mplig f\u00f6r konsumtion?<\/strong><br data-start=\"8597\" data-end=\"8600\" \/>Inga. <strong data-start=\"8605\" data-end=\"8628\">6-APB 130 mg pellets<\/strong> \u00e4r <strong data-start=\"8634\" data-end=\"8684\">endast avsedd f\u00f6r laboratorieforskning<\/strong> och <strong data-start=\"8688\" data-end=\"8732\">inte l\u00e4mplig f\u00f6r m\u00e4nsklig konsumtion<\/strong>.<\/p>\n<p data-start=\"8737\" data-end=\"8892\"><strong data-start=\"8737\" data-end=\"8787\">3. Hur f\u00f6rvarar man 6-APB-pellets b\u00e4st?<\/strong><br data-start=\"8787\" data-end=\"8790\" \/>F\u00f6rvara dem i en <strong data-start=\"8807\" data-end=\"8851\">sval, torr och m\u00f6rk milj\u00f6 (2\u20138 \u00b0C)<\/strong> i en <strong data-start=\"8859\" data-end=\"8889\">v\u00e4l f\u00f6rseglad f\u00f6rpackning<\/strong>.<\/p>\n<hr data-start=\"8894\" data-end=\"8897\" \/>\n<h3 data-start=\"8899\" data-end=\"8916\"><strong data-start=\"8903\" data-end=\"8916\">Slutsats<\/strong><\/h3>\n<p data-start=\"8918\" data-end=\"9204\"><strong data-start=\"8918\" data-end=\"8941\">6-APB 130 mg pellets<\/strong> erbjuda <strong data-start=\"8949\" data-end=\"9014\">exceptionell renhet, stabilitet och reproducerbarhet<\/strong>, utvecklad f\u00f6r professionell analytisk forskning.<br data-start=\"9067\" data-end=\"9070\" \/>Ett p\u00e5litligt val f\u00f6r laboratorier som arbetar med <strong data-start=\"9124\" data-end=\"9201\">kemiska analyser och strukturstudier av bensofuranf\u00f6reningar<\/strong>.<\/p>\n<p><span style=\"vertical-align: inherit;\"><span style=\"vertical-align: inherit;\">\u00a0<\/span><\/span><a href=\"https:\/\/researchchemicalhub.com\/sv\/handla\/lysergamider\/1v-lsd-150-mcg-blotters\/\"><span style=\"vertical-align: inherit;\"><span style=\"vertical-align: inherit;\">1V-LSD 150 MCG Blotters<\/span><\/span><\/a><span style=\"vertical-align: inherit;\"><span style=\"vertical-align: inherit;\">\u00a0<\/span><\/span><a href=\"https:\/\/researchchemicalhub.com\/sv\/handla\/katinoner\/kop-2-cm-2\/\"><span style=\"vertical-align: inherit;\"><span style=\"vertical-align: inherit;\">2-CMC 250 mg pellets<\/span><\/span><\/a><span style=\"vertical-align: inherit;\"><span style=\"vertical-align: inherit;\">\u00a0<\/span><\/span><a href=\"https:\/\/researchchemicalhub.com\/sv\/handla\/nastan-forbjuden\/rosa-stjarnpellets-5-mapb-70-mg-2-fma-20-mg-5-meo-mipt-2-mg\/\"><span style=\"vertical-align: inherit;\"><span style=\"vertical-align: inherit;\">Pink Star-pellets 5-MAPB 70 mg \/ 2-FMA 20 mg \/ 5-MeO-MiPT 2 mg <\/span><\/span><\/a><a href=\"https:\/\/researchchemicalhub.com\/sv\/handla\/nastan-forbjuden\/4f-mph-25-mg-pellets\/\"><span style=\"vertical-align: inherit;\"><span style=\"vertical-align: inherit;\">4F-MPH 25 MG-pellets<\/span><\/span><\/a><span style=\"vertical-align: inherit;\"><span style=\"vertical-align: inherit;\">\u00a0<\/span><\/span><a href=\"https:\/\/researchchemicalhub.com\/sv\/handla\/pellets\/erextc-homosildenafil-100-mg-pellets\/\"><span style=\"vertical-align: inherit;\"><span style=\"vertical-align: inherit;\">EREXTC Homosildenafil 100 mg pellets<\/span><\/span><\/a><\/p>","protected":false},"excerpt":{"rendered":"<h3><span style=\"vertical-align: inherit;\"><span style=\"vertical-align: inherit;\">6-APB-egenskaper<\/span><\/span><\/h3>\n<p><strong><span style=\"vertical-align: inherit;\"><span style=\"vertical-align: inherit;\">Synonym<\/span><\/span><\/strong><span style=\"vertical-align: inherit;\"><span style=\"vertical-align: inherit;\"> 6-(2-aminopropyl)bensofuran <\/span><\/span><br \/>\n<strong><span style=\"vertical-align: inherit;\"><span style=\"vertical-align: inherit;\">CAS-nummer:<\/span><\/span><\/strong><span style=\"vertical-align: inherit;\"><span style=\"vertical-align: inherit;\"> 286834-85-3 <\/span><\/span><br \/>\n<strong><span style=\"vertical-align: inherit;\"><span style=\"vertical-align: inherit;\">Formel<\/span><\/span><\/strong><span style=\"vertical-align: inherit;\"><span style=\"vertical-align: inherit;\"> : <\/span><\/span><span title=\"Kol\"><span style=\"vertical-align: inherit;\"><span style=\"vertical-align: inherit;\">C <\/span><\/span><\/span><sub><span style=\"vertical-align: inherit;\"><span style=\"vertical-align: inherit;\">11 <\/span><\/span><\/sub><span title=\"V\u00e4te\"><span style=\"vertical-align: inherit;\"><span style=\"vertical-align: inherit;\">H <\/span><\/span><\/span><sub><span style=\"vertical-align: inherit;\"><span style=\"vertical-align: inherit;\">13 <\/span><\/span><\/sub><span title=\"Kv\u00e4ve\"><span style=\"vertical-align: inherit;\"><span style=\"vertical-align: inherit;\">N <\/span><\/span><\/span><span title=\"Syre\"><span style=\"vertical-align: inherit;\"><span style=\"vertical-align: inherit;\">O <\/span><\/span><\/span><br \/>\n<strong><span style=\"vertical-align: inherit;\"><span style=\"vertical-align: inherit;\">Molmassa<\/span><\/span><\/strong><span style=\"vertical-align: inherit;\"><span style=\"vertical-align: inherit;\"> : <\/span><\/span><span class=\"nowrap\"><span style=\"vertical-align: inherit;\"><span style=\"vertical-align: inherit;\">175.231<\/span><\/span><\/span><span style=\"vertical-align: inherit;\"><span style=\"vertical-align: inherit;\"> \u00a0g\/mol <\/span><\/span><br \/>\n<strong><span style=\"vertical-align: inherit;\"><span style=\"vertical-align: inherit;\">Renhet<\/span><\/span><\/strong><span style=\"vertical-align: inherit;\"><span style=\"vertical-align: inherit;\"> : &gt;98%<\/span><\/span><\/p>","protected":false},"featured_media":28696,"comment_status":"closed","ping_status":"closed","template":"","meta":[],"product_brand":[82],"product_cat":[340,341,339,322,324],"product_tag":[126,326],"class_list":{"0":"post-23992","1":"product","2":"type-product","3":"status-publish","4":"has-post-thumbnail","6":"product_brand-research-chemical","7":"product_cat-6-apb","8":"product_cat-6-apb-pellets","9":"product_cat-benzofuran","10":"product_cat-bijna-verboden","11":"product_cat-pellets-for-pellet","12":"product_tag-6-apb-kopen","13":"product_tag-nl","15":"first","16":"instock","17":"taxable","18":"shipping-taxable","19":"purchasable","20":"product-type-variable"},"_links":{"self":[{"href":"https:\/\/researchchemicalhub.com\/sv\/wp-json\/wp\/v2\/product\/23992","targetHints":{"allow":["GET"]}}],"collection":[{"href":"https:\/\/researchchemicalhub.com\/sv\/wp-json\/wp\/v2\/product"}],"about":[{"href":"https:\/\/researchchemicalhub.com\/sv\/wp-json\/wp\/v2\/types\/product"}],"replies":[{"embeddable":true,"href":"https:\/\/researchchemicalhub.com\/sv\/wp-json\/wp\/v2\/comments?post=23992"}],"version-history":[{"count":6,"href":"https:\/\/researchchemicalhub.com\/sv\/wp-json\/wp\/v2\/product\/23992\/revisions"}],"predecessor-version":[{"id":27907,"href":"https:\/\/researchchemicalhub.com\/sv\/wp-json\/wp\/v2\/product\/23992\/revisions\/27907"}],"wp:featuredmedia":[{"embeddable":true,"href":"https:\/\/researchchemicalhub.com\/sv\/wp-json\/wp\/v2\/media\/28696"}],"wp:attachment":[{"href":"https:\/\/researchchemicalhub.com\/sv\/wp-json\/wp\/v2\/media?parent=23992"}],"wp:term":[{"taxonomy":"product_brand","embeddable":true,"href":"https:\/\/researchchemicalhub.com\/sv\/wp-json\/wp\/v2\/product_brand?post=23992"},{"taxonomy":"product_cat","embeddable":true,"href":"https:\/\/researchchemicalhub.com\/sv\/wp-json\/wp\/v2\/product_cat?post=23992"},{"taxonomy":"product_tag","embeddable":true,"href":"https:\/\/researchchemicalhub.com\/sv\/wp-json\/wp\/v2\/product_tag?post=23992"}],"curies":[{"name":"wp","href":"https:\/\/api.w.org\/{rel}","templated":true}]}}