{"id":23940,"date":"2025-04-13T17:40:44","date_gmt":"2025-04-13T17:40:44","guid":{"rendered":"https:\/\/researchchemicalhub.com\/?post_type=product&#038;p=23940"},"modified":"2025-10-30T07:48:59","modified_gmt":"2025-10-30T07:48:59","slug":"rosa-mandala","status":"publish","type":"product","link":"https:\/\/researchchemicalhub.com\/sv\/handla\/5-meo-dipt\/rosa-mandala\/","title":{"rendered":"Rosa mandala"},"content":{"rendered":"<h3 data-start=\"5203\" data-end=\"5222\"><strong data-start=\"5207\" data-end=\"5222\"><span dir=\"auto\" style=\"vertical-align: inherit;\"><span dir=\"auto\" style=\"vertical-align: inherit;\">Introduktion<\/span><\/span><\/strong><\/h3>\n<p data-start=\"5224\" data-end=\"5466\"><span dir=\"auto\" style=\"vertical-align: inherit;\"><span dir=\"auto\" style=\"vertical-align: inherit;\">De <\/span><\/span><strong data-start=\"5227\" data-end=\"5243\"><span dir=\"auto\" style=\"vertical-align: inherit;\"><span dir=\"auto\" style=\"vertical-align: inherit;\">Rosa mandala<\/span><\/span><\/strong><span dir=\"auto\" style=\"vertical-align: inherit;\"><span dir=\"auto\" style=\"vertical-align: inherit;\"> \u00e4r en <\/span><\/span><strong data-start=\"5251\" data-end=\"5314\"><span dir=\"auto\" style=\"vertical-align: inherit;\"><span dir=\"auto\" style=\"vertical-align: inherit;\">timeless symbol of love, gentleness, and inner balance<\/span><\/span><\/strong><span dir=\"auto\" style=\"vertical-align: inherit;\"><span dir=\"auto\" style=\"vertical-align: inherit;\"> . <\/span><\/span><br data-start=\"5315\" data-end=\"5318\" \/><span dir=\"auto\" style=\"vertical-align: inherit;\"><span dir=\"auto\" style=\"vertical-align: inherit;\">Mandalas are geometric patterns that, in many spiritual traditions, represent <\/span><\/span><strong data-start=\"5398\" data-end=\"5433\"><span dir=\"auto\" style=\"vertical-align: inherit;\"><span dir=\"auto\" style=\"vertical-align: inherit;\">unity, harmony, and the connection<\/span><\/span><\/strong><span dir=\"auto\" style=\"vertical-align: inherit;\"><span dir=\"auto\" style=\"vertical-align: inherit;\"> between body, mind, and soul.<\/span><\/span><\/p>\n<p data-start=\"5468\" data-end=\"5787\"><span dir=\"auto\" style=\"vertical-align: inherit;\"><span dir=\"auto\" style=\"vertical-align: inherit;\">De <\/span><\/span><strong data-start=\"5471\" data-end=\"5485\"><span dir=\"auto\" style=\"vertical-align: inherit;\"><span dir=\"auto\" style=\"vertical-align: inherit;\">pink color<\/span><\/span><\/strong><span dir=\"auto\" style=\"vertical-align: inherit;\"><span dir=\"auto\" style=\"vertical-align: inherit;\"> symbolizes <\/span><\/span><strong data-start=\"5499\" data-end=\"5540\"><span dir=\"auto\" style=\"vertical-align: inherit;\"><span dir=\"auto\" style=\"vertical-align: inherit;\">love, warmth, and feminine energy<\/span><\/span><\/strong><span dir=\"auto\" style=\"vertical-align: inherit;\"><span dir=\"auto\" style=\"vertical-align: inherit;\"> , making this mandala perfect for spaces dedicated to <\/span><\/span><strong data-start=\"5608\" data-end=\"5639\"><span dir=\"auto\" style=\"vertical-align: inherit;\"><span dir=\"auto\" style=\"vertical-align: inherit;\">healing, tranquility, and mindfulness<\/span><\/span><\/strong><span dir=\"auto\" style=\"vertical-align: inherit;\"><span dir=\"auto\" style=\"vertical-align: inherit;\"> . <\/span><\/span><br data-start=\"5640\" data-end=\"5643\" \/><span dir=\"auto\" style=\"vertical-align: inherit;\"><span dir=\"auto\" style=\"vertical-align: inherit;\">Whether used for meditation, yoga, or as a decorative piece, the Pink Mandala brings peace, beauty, and harmony to any environment.<\/span><\/span><\/p>\n<hr data-start=\"5789\" data-end=\"5792\" \/>\n<h3 data-start=\"5794\" data-end=\"5825\"><strong data-start=\"5798\" data-end=\"5825\"><span dir=\"auto\" style=\"vertical-align: inherit;\"><span dir=\"auto\" style=\"vertical-align: inherit;\">Viktiga funktioner<\/span><\/span><\/strong><\/h3>\n<ul data-start=\"5827\" data-end=\"6331\">\n<li data-start=\"5827\" data-end=\"5924\">\n<p data-start=\"5829\" data-end=\"5924\"><strong data-start=\"5829\" data-end=\"5849\"><span dir=\"auto\" style=\"vertical-align: inherit;\"><span dir=\"auto\" style=\"vertical-align: inherit;\">Deep symbolism:<\/span><\/span><\/strong><span dir=\"auto\" style=\"vertical-align: inherit;\"><span dir=\"auto\" style=\"vertical-align: inherit;\"> Represents unconditional love, self-awareness, and inner peace.<\/span><\/span><\/p>\n<\/li>\n<li data-start=\"5925\" data-end=\"6008\">\n<p data-start=\"5927\" data-end=\"6008\"><strong data-start=\"5927\" data-end=\"5951\"><span dir=\"auto\" style=\"vertical-align: inherit;\"><span dir=\"auto\" style=\"vertical-align: inherit;\">Elegant design:<\/span><\/span><\/strong><span dir=\"auto\" style=\"vertical-align: inherit;\"><span dir=\"auto\" style=\"vertical-align: inherit;\"> Detailed patterns that radiate tranquility and balance.<\/span><\/span><\/p>\n<\/li>\n<li data-start=\"6009\" data-end=\"6077\">\n<p data-start=\"6011\" data-end=\"6077\"><strong data-start=\"6011\" data-end=\"6030\"><span dir=\"auto\" style=\"vertical-align: inherit;\"><span dir=\"auto\" style=\"vertical-align: inherit;\">High quality:<\/span><\/span><\/strong><span dir=\"auto\" style=\"vertical-align: inherit;\"><span dir=\"auto\" style=\"vertical-align: inherit;\"> Made of durable, colorfast materials.<\/span><\/span><\/p>\n<\/li>\n<li data-start=\"6078\" data-end=\"6169\">\n<p data-start=\"6080\" data-end=\"6169\"><strong data-start=\"6080\" data-end=\"6103\"><span dir=\"auto\" style=\"vertical-align: inherit;\"><span dir=\"auto\" style=\"vertical-align: inherit;\">Versatile use:<\/span><\/span><\/strong><span dir=\"auto\" style=\"vertical-align: inherit;\"><span dir=\"auto\" style=\"vertical-align: inherit;\"> L\u00e4mplig f\u00f6r <\/span><\/span><strong data-start=\"6118\" data-end=\"6166\"><span dir=\"auto\" style=\"vertical-align: inherit;\"><span dir=\"auto\" style=\"vertical-align: inherit;\">living areas, yoga studios or meditation corners<\/span><\/span><\/strong><span dir=\"auto\" style=\"vertical-align: inherit;\"><span dir=\"auto\" style=\"vertical-align: inherit;\"> .<\/span><\/span><\/p>\n<\/li>\n<li data-start=\"6170\" data-end=\"6254\">\n<p data-start=\"6172\" data-end=\"6254\"><strong data-start=\"6172\" data-end=\"6195\"><span dir=\"auto\" style=\"vertical-align: inherit;\"><span dir=\"auto\" style=\"vertical-align: inherit;\">Sustainable production:<\/span><\/span><\/strong><span dir=\"auto\" style=\"vertical-align: inherit;\"><span dir=\"auto\" style=\"vertical-align: inherit;\"> Made from environmentally friendly, non-toxic materials.<\/span><\/span><\/p>\n<\/li>\n<li data-start=\"6255\" data-end=\"6331\">\n<p data-start=\"6257\" data-end=\"6331\"><strong data-start=\"6257\" data-end=\"6285\"><span dir=\"auto\" style=\"vertical-align: inherit;\"><span dir=\"auto\" style=\"vertical-align: inherit;\">Handcrafted:<\/span><\/span><\/strong><span dir=\"auto\" style=\"vertical-align: inherit;\"><span dir=\"auto\" style=\"vertical-align: inherit;\"> Carefully designed for perfect symmetry.<\/span><\/span><\/p>\n<\/li>\n<\/ul>\n<hr data-start=\"6333\" data-end=\"6336\" \/>\n<h3 data-start=\"6338\" data-end=\"6355\"><strong data-start=\"6342\" data-end=\"6355\"><span dir=\"auto\" style=\"vertical-align: inherit;\"><span dir=\"auto\" style=\"vertical-align: inherit;\">F\u00f6rdelar<\/span><\/span><\/strong><\/h3>\n<ol data-start=\"6357\" data-end=\"6779\">\n<li data-start=\"6357\" data-end=\"6443\">\n<p data-start=\"6360\" data-end=\"6443\"><strong data-start=\"6360\" data-end=\"6390\"><span dir=\"auto\" style=\"vertical-align: inherit;\"><span dir=\"auto\" style=\"vertical-align: inherit;\">Promotes emotional calm:<\/span><\/span><\/strong><span dir=\"auto\" style=\"vertical-align: inherit;\"><span dir=\"auto\" style=\"vertical-align: inherit;\"> The pink hue brings harmony and inner calm.<\/span><\/span><\/p>\n<\/li>\n<li data-start=\"6444\" data-end=\"6527\">\n<p data-start=\"6447\" data-end=\"6527\"><strong data-start=\"6447\" data-end=\"6475\"><span dir=\"auto\" style=\"vertical-align: inherit;\"><span dir=\"auto\" style=\"vertical-align: inherit;\">Supports mindfulness:<\/span><\/span><\/strong><span dir=\"auto\" style=\"vertical-align: inherit;\"><span dir=\"auto\" style=\"vertical-align: inherit;\"> Helps with concentration during meditation and yoga.<\/span><\/span><\/p>\n<\/li>\n<li data-start=\"6528\" data-end=\"6614\">\n<p data-start=\"6531\" data-end=\"6614\"><strong data-start=\"6531\" data-end=\"6554\"><span dir=\"auto\" style=\"vertical-align: inherit;\"><span dir=\"auto\" style=\"vertical-align: inherit;\">Visual beauty:<\/span><\/span><\/strong><span dir=\"auto\" style=\"vertical-align: inherit;\"><span dir=\"auto\" style=\"vertical-align: inherit;\"> Gives any room an elegant and spiritual appearance.<\/span><\/span><\/p>\n<\/li>\n<li data-start=\"6615\" data-end=\"6701\">\n<p data-start=\"6618\" data-end=\"6701\"><strong data-start=\"6618\" data-end=\"6643\"><span dir=\"auto\" style=\"vertical-align: inherit;\"><span dir=\"auto\" style=\"vertical-align: inherit;\">Stimulates compassion:<\/span><\/span><\/strong><span dir=\"auto\" style=\"vertical-align: inherit;\"><span dir=\"auto\" style=\"vertical-align: inherit;\"> Recalls love, kindness, and connectedness.<\/span><\/span><\/p>\n<\/li>\n<li data-start=\"6702\" data-end=\"6779\">\n<p data-start=\"6705\" data-end=\"6779\"><strong data-start=\"6705\" data-end=\"6736\"><span dir=\"auto\" style=\"vertical-align: inherit;\"><span dir=\"auto\" style=\"vertical-align: inherit;\">Increases positive energy:<\/span><\/span><\/strong><span dir=\"auto\" style=\"vertical-align: inherit;\"><span dir=\"auto\" style=\"vertical-align: inherit;\"> Creates a serene and peaceful atmosphere.<\/span><\/span><\/p>\n<\/li>\n<\/ol>\n<hr data-start=\"6781\" data-end=\"6784\" \/>\n<h3 data-start=\"6786\" data-end=\"6801\"><strong data-start=\"6790\" data-end=\"6801\"><span dir=\"auto\" style=\"vertical-align: inherit;\"><span dir=\"auto\" style=\"vertical-align: inherit;\">Anv\u00e4ndande<\/span><\/span><\/strong><\/h3>\n<ol data-start=\"6803\" data-end=\"7125\">\n<li data-start=\"6803\" data-end=\"6884\">\n<p data-start=\"6806\" data-end=\"6884\"><strong data-start=\"6806\" data-end=\"6825\"><span dir=\"auto\" style=\"vertical-align: inherit;\"><span dir=\"auto\" style=\"vertical-align: inherit;\">For meditation:<\/span><\/span><\/strong><span dir=\"auto\" style=\"vertical-align: inherit;\"><span dir=\"auto\" style=\"vertical-align: inherit;\"> Use the mandala as a focus point for inner silence.<\/span><\/span><\/p>\n<\/li>\n<li data-start=\"6885\" data-end=\"6968\">\n<p data-start=\"6888\" data-end=\"6968\"><strong data-start=\"6888\" data-end=\"6907\"><span dir=\"auto\" style=\"vertical-align: inherit;\"><span dir=\"auto\" style=\"vertical-align: inherit;\">For decoration:<\/span><\/span><\/strong><span dir=\"auto\" style=\"vertical-align: inherit;\"><span dir=\"auto\" style=\"vertical-align: inherit;\"> Hang it in a room to bring peace and beauty.<\/span><\/span><\/p>\n<\/li>\n<li data-start=\"6969\" data-end=\"7043\">\n<p data-start=\"6972\" data-end=\"7043\"><strong data-start=\"6972\" data-end=\"7003\"><span dir=\"auto\" style=\"vertical-align: inherit;\"><span dir=\"auto\" style=\"vertical-align: inherit;\">For spiritual practice:<\/span><\/span><\/strong><span dir=\"auto\" style=\"vertical-align: inherit;\"><span dir=\"auto\" style=\"vertical-align: inherit;\"> Use it in prayer or energy work.<\/span><\/span><\/p>\n<\/li>\n<li data-start=\"7044\" data-end=\"7125\">\n<p data-start=\"7047\" data-end=\"7125\"><strong data-start=\"7047\" data-end=\"7061\"><span dir=\"auto\" style=\"vertical-align: inherit;\"><span dir=\"auto\" style=\"vertical-align: inherit;\">For yoga:<\/span><\/span><\/strong><span dir=\"auto\" style=\"vertical-align: inherit;\"><span dir=\"auto\" style=\"vertical-align: inherit;\"> Place it in your studio to create an inspiring atmosphere.<\/span><\/span><\/p>\n<\/li>\n<\/ol>\n<blockquote data-start=\"7127\" data-end=\"7221\">\n<p data-start=\"7129\" data-end=\"7221\">\ud83c\udf38 <strong data-start=\"7132\" data-end=\"7140\"><span dir=\"auto\" style=\"vertical-align: inherit;\"><span dir=\"auto\" style=\"vertical-align: inherit;\">Dricks:<\/span><\/span><\/strong><span dir=\"auto\" style=\"vertical-align: inherit;\"><span dir=\"auto\" style=\"vertical-align: inherit;\"> Combine the Pink Mandala with soft lighting or scented candles for extra tranquility.<\/span><\/span><\/p>\n<\/blockquote>\n<hr data-start=\"7223\" data-end=\"7226\" \/>\n<h3 data-start=\"7228\" data-end=\"7263\"><strong data-start=\"7232\" data-end=\"7263\"><span dir=\"auto\" style=\"vertical-align: inherit;\"><span dir=\"auto\" style=\"vertical-align: inherit;\">Vanliga fr\u00e5gor (FAQ)<\/span><\/span><\/strong><\/h3>\n<p data-start=\"7265\" data-end=\"7409\"><strong data-start=\"7265\" data-end=\"7305\"><span dir=\"auto\" style=\"vertical-align: inherit;\"><span dir=\"auto\" style=\"vertical-align: inherit;\">1. What does the Pink Mandala symbolize?<\/span><\/span><\/strong><br data-start=\"7305\" data-end=\"7308\" \/><span dir=\"auto\" style=\"vertical-align: inherit;\"><span dir=\"auto\" style=\"vertical-align: inherit;\"> The Pink Mandala represents <\/span><\/span><strong data-start=\"7335\" data-end=\"7366\"><span dir=\"auto\" style=\"vertical-align: inherit;\"><span dir=\"auto\" style=\"vertical-align: inherit;\">love, compassion, and balance<\/span><\/span><\/strong><span dir=\"auto\" style=\"vertical-align: inherit;\"><span dir=\"auto\" style=\"vertical-align: inherit;\"> , and is connected to the <\/span><\/span><strong data-start=\"7392\" data-end=\"7406\"><span dir=\"auto\" style=\"vertical-align: inherit;\"><span dir=\"auto\" style=\"vertical-align: inherit;\">heart chakra<\/span><\/span><\/strong><span dir=\"auto\" style=\"vertical-align: inherit;\"><span dir=\"auto\" style=\"vertical-align: inherit;\"> .<\/span><\/span><\/p>\n<p data-start=\"7411\" data-end=\"7573\"><strong data-start=\"7411\" data-end=\"7457\"><span dir=\"auto\" style=\"vertical-align: inherit;\"><span dir=\"auto\" style=\"vertical-align: inherit;\">2. Where can I hang my Pink Mandala?<\/span><\/span><\/strong><br data-start=\"7457\" data-end=\"7460\" \/><span dir=\"auto\" style=\"vertical-align: inherit;\"><span dir=\"auto\" style=\"vertical-align: inherit;\"> I <\/span><\/span><strong data-start=\"7463\" data-end=\"7523\"><span dir=\"auto\" style=\"vertical-align: inherit;\"><span dir=\"auto\" style=\"vertical-align: inherit;\">living rooms, yoga studios, meditation corners, or bedrooms<\/span><\/span><\/strong><span dir=\"auto\" style=\"vertical-align: inherit;\"><span dir=\"auto\" style=\"vertical-align: inherit;\"> \u2014anywhere you want to create peace and harmony.<\/span><\/span><\/p>\n<p data-start=\"7575\" data-end=\"7697\"><strong data-start=\"7575\" data-end=\"7612\"><span dir=\"auto\" style=\"vertical-align: inherit;\"><span dir=\"auto\" style=\"vertical-align: inherit;\">3. How do I care for my mandala?<\/span><\/span><\/strong><br data-start=\"7612\" data-end=\"7615\" \/><span dir=\"auto\" style=\"vertical-align: inherit;\"><span dir=\"auto\" style=\"vertical-align: inherit;\"> Avoid direct sunlight and moisture. Clean gently with a soft, dry cloth.<\/span><\/span><\/p>\n<hr data-start=\"7699\" data-end=\"7702\" \/>\n<h3 data-start=\"7704\" data-end=\"7736\"><strong data-start=\"7708\" data-end=\"7736\"><span dir=\"auto\" style=\"vertical-align: inherit;\"><span dir=\"auto\" style=\"vertical-align: inherit;\">Tekniska specifikationer<\/span><\/span><\/strong><\/h3>\n<div class=\"_tableContainer_1rjym_1\">\n<div class=\"group _tableWrapper_1rjym_13 flex w-fit flex-col-reverse\" tabindex=\"-1\">\n<table class=\"w-fit min-w-(--thread-content-width)\" data-start=\"7738\" data-end=\"8191\">\n<thead data-start=\"7738\" data-end=\"7772\">\n<tr data-start=\"7738\" data-end=\"7772\">\n<th data-start=\"7738\" data-end=\"7757\" data-col-size=\"sm\"><strong data-start=\"7740\" data-end=\"7756\"><span dir=\"auto\" style=\"vertical-align: inherit;\"><span dir=\"auto\" style=\"vertical-align: inherit;\">Specification<\/span><\/span><\/strong><\/th>\n<th data-start=\"7757\" data-end=\"7772\" data-col-size=\"md\"><strong data-start=\"7759\" data-end=\"7770\"><span dir=\"auto\" style=\"vertical-align: inherit;\"><span dir=\"auto\" style=\"vertical-align: inherit;\">Detaljer<\/span><\/span><\/strong><\/th>\n<\/tr>\n<\/thead>\n<tbody data-start=\"7809\" data-end=\"8191\">\n<tr data-start=\"7809\" data-end=\"7843\">\n<td data-start=\"7809\" data-end=\"7827\" data-col-size=\"sm\"><strong data-start=\"7811\" data-end=\"7826\"><span dir=\"auto\" style=\"vertical-align: inherit;\"><span dir=\"auto\" style=\"vertical-align: inherit;\">Produktnamn<\/span><\/span><\/strong><\/td>\n<td data-start=\"7827\" data-end=\"7843\" data-col-size=\"md\"><span dir=\"auto\" style=\"vertical-align: inherit;\"><span dir=\"auto\" style=\"vertical-align: inherit;\">Rosa mandala<\/span><\/span><\/td>\n<\/tr>\n<tr data-start=\"7844\" data-end=\"7873\">\n<td data-start=\"7844\" data-end=\"7865\" data-col-size=\"sm\"><strong data-start=\"7846\" data-end=\"7864\"><span dir=\"auto\" style=\"vertical-align: inherit;\"><span dir=\"auto\" style=\"vertical-align: inherit;\">Primary color<\/span><\/span><\/strong><\/td>\n<td data-start=\"7865\" data-end=\"7873\" data-col-size=\"md\"><span dir=\"auto\" style=\"vertical-align: inherit;\"><span dir=\"auto\" style=\"vertical-align: inherit;\">Pink<\/span><\/span><\/td>\n<\/tr>\n<tr data-start=\"7874\" data-end=\"7919\">\n<td data-start=\"7874\" data-end=\"7890\" data-col-size=\"sm\"><strong data-start=\"7876\" data-end=\"7889\"><span dir=\"auto\" style=\"vertical-align: inherit;\"><span dir=\"auto\" style=\"vertical-align: inherit;\">Symbolism<\/span><\/span><\/strong><\/td>\n<td data-start=\"7890\" data-end=\"7919\" data-col-size=\"md\"><span dir=\"auto\" style=\"vertical-align: inherit;\"><span dir=\"auto\" style=\"vertical-align: inherit;\">Love, Compassion, Balance<\/span><\/span><\/td>\n<\/tr>\n<tr data-start=\"7920\" data-end=\"7969\">\n<td data-start=\"7920\" data-end=\"7936\" data-col-size=\"sm\"><strong data-start=\"7922\" data-end=\"7935\"><span dir=\"auto\" style=\"vertical-align: inherit;\"><span dir=\"auto\" style=\"vertical-align: inherit;\">Material<\/span><\/span><\/strong><\/td>\n<td data-start=\"7936\" data-end=\"7969\" data-col-size=\"md\"><span dir=\"auto\" style=\"vertical-align: inherit;\"><span dir=\"auto\" style=\"vertical-align: inherit;\">Canvas \/ Wood \/ Sustainable Fabric<\/span><\/span><\/td>\n<\/tr>\n<tr data-start=\"7970\" data-end=\"8012\">\n<td data-start=\"7970\" data-end=\"7986\" data-col-size=\"sm\"><strong data-start=\"7972\" data-end=\"7985\"><span dir=\"auto\" style=\"vertical-align: inherit;\"><span dir=\"auto\" style=\"vertical-align: inherit;\">Finishing<\/span><\/span><\/strong><\/td>\n<td data-start=\"7986\" data-end=\"8012\" data-col-size=\"md\"><span dir=\"auto\" style=\"vertical-align: inherit;\"><span dir=\"auto\" style=\"vertical-align: inherit;\">Handmade or printed<\/span><\/span><\/td>\n<\/tr>\n<tr data-start=\"8013\" data-end=\"8064\">\n<td data-start=\"8013\" data-end=\"8024\" data-col-size=\"sm\"><strong data-start=\"8015\" data-end=\"8023\"><span dir=\"auto\" style=\"vertical-align: inherit;\"><span dir=\"auto\" style=\"vertical-align: inherit;\">Form<\/span><\/span><\/strong><\/td>\n<td data-start=\"8024\" data-end=\"8064\" data-col-size=\"md\"><span dir=\"auto\" style=\"vertical-align: inherit;\"><span dir=\"auto\" style=\"vertical-align: inherit;\">Circle design with geometric pattern<\/span><\/span><\/td>\n<\/tr>\n<tr data-start=\"8065\" data-end=\"8125\">\n<td data-start=\"8065\" data-end=\"8079\" data-col-size=\"sm\"><strong data-start=\"8067\" data-end=\"8078\"><span dir=\"auto\" style=\"vertical-align: inherit;\"><span dir=\"auto\" style=\"vertical-align: inherit;\">Anv\u00e4ndande<\/span><\/span><\/strong><\/td>\n<td data-start=\"8079\" data-end=\"8125\" data-col-size=\"md\"><span dir=\"auto\" style=\"vertical-align: inherit;\"><span dir=\"auto\" style=\"vertical-align: inherit;\">Decoration \/ Meditation \/ Yoga \/ Mindfulness<\/span><\/span><\/td>\n<\/tr>\n<tr data-start=\"8126\" data-end=\"8191\">\n<td data-start=\"8126\" data-end=\"8142\" data-col-size=\"sm\"><strong data-start=\"8128\" data-end=\"8141\"><span dir=\"auto\" style=\"vertical-align: inherit;\"><span dir=\"auto\" style=\"vertical-align: inherit;\">Maintenance<\/span><\/span><\/strong><\/td>\n<td data-start=\"8142\" data-end=\"8191\" data-col-size=\"md\"><span dir=\"auto\" style=\"vertical-align: inherit;\"><span dir=\"auto\" style=\"vertical-align: inherit;\">Clean with a soft cloth, keep out of sunlight<\/span><\/span><\/td>\n<\/tr>\n<\/tbody>\n<\/table>\n<\/div>\n<\/div>\n<hr data-start=\"8193\" data-end=\"8196\" \/>\n<h3 data-start=\"8198\" data-end=\"8215\"><strong data-start=\"8202\" data-end=\"8215\"><span dir=\"auto\" style=\"vertical-align: inherit;\"><span dir=\"auto\" style=\"vertical-align: inherit;\">Slutsats<\/span><\/span><\/strong><\/h3>\n<p data-start=\"8217\" data-end=\"8432\"><span dir=\"auto\" style=\"vertical-align: inherit;\"><span dir=\"auto\" style=\"vertical-align: inherit;\">De <\/span><\/span><strong data-start=\"8220\" data-end=\"8236\"><span dir=\"auto\" style=\"vertical-align: inherit;\"><span dir=\"auto\" style=\"vertical-align: inherit;\">Rosa mandala<\/span><\/span><\/strong><span dir=\"auto\" style=\"vertical-align: inherit;\"><span dir=\"auto\" style=\"vertical-align: inherit;\"> is more than a work of art\u2014it&#8217;s a <\/span><\/span><strong data-start=\"8276\" data-end=\"8325\"><span dir=\"auto\" style=\"vertical-align: inherit;\"><span dir=\"auto\" style=\"vertical-align: inherit;\">symbol of love, tranquility, and spiritual balance<\/span><\/span><\/strong><span dir=\"auto\" style=\"vertical-align: inherit;\"><span dir=\"auto\" style=\"vertical-align: inherit;\"> . <\/span><\/span><br data-start=\"8326\" data-end=\"8329\" \/><span dir=\"auto\" style=\"vertical-align: inherit;\"><span dir=\"auto\" style=\"vertical-align: inherit;\">Its soft colors and harmonious shapes bring <\/span><\/span><strong data-start=\"8379\" data-end=\"8414\"><span dir=\"auto\" style=\"vertical-align: inherit;\"><span dir=\"auto\" style=\"vertical-align: inherit;\">positive energy and serenity<\/span><\/span><\/strong><span dir=\"auto\" style=\"vertical-align: inherit;\"><span dir=\"auto\" style=\"vertical-align: inherit;\"> to any room.<\/span><\/span><\/p>","protected":false},"excerpt":{"rendered":"<h2><strong><span style=\"vertical-align: inherit;\"><span style=\"vertical-align: inherit;\"><span dir=\"auto\" style=\"vertical-align: inherit;\"><span dir=\"auto\" style=\"vertical-align: inherit;\"><span dir=\"auto\" style=\"vertical-align: inherit;\"><span dir=\"auto\" style=\"vertical-align: inherit;\">Rosa Mandala 5-MeO-MiPT och 5-MeO-DiPT <\/span><\/span><\/span><\/span><\/span><\/span><\/strong><br \/>\n<em><span style=\"vertical-align: inherit;\"><span style=\"vertical-align: inherit;\"><span dir=\"auto\" style=\"vertical-align: inherit;\"><span dir=\"auto\" style=\"vertical-align: inherit;\"><span dir=\"auto\" style=\"vertical-align: inherit;\"><span dir=\"auto\" style=\"vertical-align: inherit;\">Mycket l\u00e4mplig under erotik!<\/span><\/span><\/span><\/span><\/span><\/span><\/em><\/h2>\n<p><strong><span style=\"vertical-align: inherit;\"><span style=\"vertical-align: inherit;\"><span dir=\"auto\" style=\"vertical-align: inherit;\"><span dir=\"auto\" style=\"vertical-align: inherit;\"><span dir=\"auto\" style=\"vertical-align: inherit;\"><span dir=\"auto\" style=\"vertical-align: inherit;\">Pink Mandala-mixen inneh\u00e5ller tillr\u00e4ckligt med forskning f\u00f6r att kunna g\u00f6ras av en person. B\u00f6rja alltid din forskning med en kvarts eller en halv tub och leta efter den b\u00e4sta doseringen f\u00f6r din forskning!<\/span><\/span><\/span><\/span><\/span><\/span><\/strong><\/p>\n<p><span style=\"vertical-align: inherit;\"><span style=\"vertical-align: inherit;\"><span dir=\"auto\" style=\"vertical-align: inherit;\"><span dir=\"auto\" style=\"vertical-align: inherit;\"><span dir=\"auto\" style=\"vertical-align: inherit;\"><span dir=\"auto\" style=\"vertical-align: inherit;\">Vi tills\u00e4tter INTE n\u00e5gra dofter eller smaker i v\u00e5ra Mandala-mixar f\u00f6r att f\u00f6rhindra att tredje part (barn, husdjur) misstar dem f\u00f6r konsumtionsvaror!<\/span><\/span><\/span><\/span><\/span><\/span><\/p>","protected":false},"featured_media":28587,"comment_status":"closed","ping_status":"closed","template":"","meta":[],"product_brand":[],"product_cat":[487,436,396,486,398,381],"product_tag":[326,1102],"class_list":{"0":"post-23940","1":"product","2":"type-product","3":"status-publish","4":"has-post-thumbnail","6":"product_cat-5-meo-dipt","7":"product_cat-5-meo-mipt","8":"product_cat-liquid-rcs","9":"product_cat-mandala-mixes","10":"product_cat-verkoop","11":"product_cat-tryptamines","12":"product_tag-nl","13":"product_tag-pink-mandala","15":"first","16":"instock","17":"sale","18":"taxable","19":"shipping-taxable","20":"purchasable","21":"product-type-variable"},"_links":{"self":[{"href":"https:\/\/researchchemicalhub.com\/sv\/wp-json\/wp\/v2\/product\/23940","targetHints":{"allow":["GET"]}}],"collection":[{"href":"https:\/\/researchchemicalhub.com\/sv\/wp-json\/wp\/v2\/product"}],"about":[{"href":"https:\/\/researchchemicalhub.com\/sv\/wp-json\/wp\/v2\/types\/product"}],"replies":[{"embeddable":true,"href":"https:\/\/researchchemicalhub.com\/sv\/wp-json\/wp\/v2\/comments?post=23940"}],"version-history":[{"count":6,"href":"https:\/\/researchchemicalhub.com\/sv\/wp-json\/wp\/v2\/product\/23940\/revisions"}],"predecessor-version":[{"id":28700,"href":"https:\/\/researchchemicalhub.com\/sv\/wp-json\/wp\/v2\/product\/23940\/revisions\/28700"}],"wp:featuredmedia":[{"embeddable":true,"href":"https:\/\/researchchemicalhub.com\/sv\/wp-json\/wp\/v2\/media\/28587"}],"wp:attachment":[{"href":"https:\/\/researchchemicalhub.com\/sv\/wp-json\/wp\/v2\/media?parent=23940"}],"wp:term":[{"taxonomy":"product_brand","embeddable":true,"href":"https:\/\/researchchemicalhub.com\/sv\/wp-json\/wp\/v2\/product_brand?post=23940"},{"taxonomy":"product_cat","embeddable":true,"href":"https:\/\/researchchemicalhub.com\/sv\/wp-json\/wp\/v2\/product_cat?post=23940"},{"taxonomy":"product_tag","embeddable":true,"href":"https:\/\/researchchemicalhub.com\/sv\/wp-json\/wp\/v2\/product_tag?post=23940"}],"curies":[{"name":"wp","href":"https:\/\/api.w.org\/{rel}","templated":true}]}}