{"id":23933,"date":"2025-04-13T17:40:43","date_gmt":"2025-04-13T17:40:43","guid":{"rendered":"https:\/\/researchchemicalhub.com\/?post_type=product&#038;p=23933"},"modified":"2025-10-30T07:53:12","modified_gmt":"2025-10-30T07:53:12","slug":"norflurazepam-5-mg-pellets","status":"publish","type":"product","link":"https:\/\/researchchemicalhub.com\/sv\/handla\/bensodiazepiner\/norflurazepam-5-mg-pellets\/","title":{"rendered":"Norflurazepam 5 mg pellets"},"content":{"rendered":"<div class=\"dad65929\">\n<div class=\"_4f9bf79 d7dc56a8 _43c05b5\">\n<div class=\"ds-markdown ds-markdown--block\">\n<h3 data-start=\"6228\" data-end=\"6247\"><strong data-start=\"6232\" data-end=\"6247\">Introduktion<\/strong><\/h3>\n<p data-start=\"6249\" data-end=\"6610\"><strong data-start=\"6249\" data-end=\"6278\">Norflurazepam 5 mg pellets<\/strong> \u00e4r <strong data-start=\"6284\" data-end=\"6331\">analytiska forskningssubstanser<\/strong>, speciellt utvecklad f\u00f6r <strong data-start=\"6358\" data-end=\"6412\">vetenskaplig, forensisk och kemisk forskning<\/strong>Norflurazepam 5 mg pellets<br data-start=\"6413\" data-end=\"6416\" \/>\u00c4ven k\u00e4nd som <strong data-start=\"6431\" data-end=\"6453\">Desalkylflurazepam<\/strong>, h\u00f6r denna koppling till <strong data-start=\"6486\" data-end=\"6510\">bensodiazepinklass<\/strong> och \u00e4r en <strong data-start=\"6521\" data-end=\"6563\">metabolit av olika bensodiazepiner<\/strong>, enligt vilken <strong data-start=\"6575\" data-end=\"6589\">Flurazepam<\/strong> och <strong data-start=\"6593\" data-end=\"6607\">Diklazepam<\/strong>.<\/p>\n<p data-start=\"6612\" data-end=\"6857\">Producerad under <strong data-start=\"6631\" data-end=\"6672\">GLP-standarder (god laboratoriesed)<\/strong>, dessa pellets erbjuder en <strong data-start=\"6698\" data-end=\"6721\">renhet p\u00e5 \u226599%<\/strong>, <strong data-start=\"6723\" data-end=\"6748\">kemisk stabilitet<\/strong> och <strong data-start=\"6752\" data-end=\"6775\">j\u00e4mn kvalitet<\/strong>.<br data-start=\"6776\" data-end=\"6779\" \/>Idealisk f\u00f6r <strong data-start=\"6791\" data-end=\"6854\">kromatografiska, spektroskopiska och strukturella analyser<\/strong>.<\/p>\n<blockquote data-start=\"6859\" data-end=\"7003\">\n<p data-start=\"6861\" data-end=\"7003\">\u26a0\ufe0f <strong data-start=\"6864\" data-end=\"6875\">OBS:<\/strong> Denna produkt \u00e4r <strong data-start=\"6891\" data-end=\"6941\">endast avsedd f\u00f6r laboratorieforskning<\/strong> och <strong data-start=\"6945\" data-end=\"7002\">inte l\u00e4mplig f\u00f6r m\u00e4nsklig eller djurkonsumtion<\/strong>.<\/p>\n<\/blockquote>\n<hr data-start=\"7005\" data-end=\"7008\" \/>\n<h3 data-start=\"7010\" data-end=\"7041\"><strong data-start=\"7014\" data-end=\"7041\">Viktiga funktioner<\/strong><\/h3>\n<ul data-start=\"7043\" data-end=\"7484\">\n<li data-start=\"7043\" data-end=\"7125\">\n<p data-start=\"7045\" data-end=\"7125\"><strong data-start=\"7045\" data-end=\"7077\">H\u00f6g analytisk renhet:<\/strong> \u226599% testad med kromatografiska tekniker.<\/p>\n<\/li>\n<li data-start=\"7126\" data-end=\"7191\">\n<p data-start=\"7128\" data-end=\"7191\"><strong data-start=\"7128\" data-end=\"7148\">Exakt dosering:<\/strong> Varje pellet inneh\u00e5ller <strong data-start=\"7167\" data-end=\"7188\">5 mg norflurazepam<\/strong>.<\/p>\n<\/li>\n<li data-start=\"7192\" data-end=\"7258\">\n<p data-start=\"7194\" data-end=\"7258\"><strong data-start=\"7194\" data-end=\"7215\">Kemiskt stabil:<\/strong> Resistent mot nedbrytning vid korrekt f\u00f6rvaring.<\/p>\n<\/li>\n<li data-start=\"7259\" data-end=\"7328\">\n<p data-start=\"7261\" data-end=\"7328\"><strong data-start=\"7261\" data-end=\"7279\">GLP-produktion:<\/strong> Tillverkad enligt strikta laboratoriestandarder.<\/p>\n<\/li>\n<li data-start=\"7329\" data-end=\"7404\">\n<p data-start=\"7331\" data-end=\"7404\"><strong data-start=\"7331\" data-end=\"7348\">Batchtestad:<\/strong> Varje sats kontrolleras f\u00f6r identitet och renhet. Norflurazepam 5 mg pellets<\/p>\n<\/li>\n<li data-start=\"7405\" data-end=\"7484\">\n<p data-start=\"7407\" data-end=\"7484\"><strong data-start=\"7407\" data-end=\"7430\">S\u00e4ker f\u00f6rpackning:<\/strong> Luftt\u00e4t och f\u00f6rseglad f\u00f6r optimal h\u00e5llbarhet.<\/p>\n<\/li>\n<\/ul>\n<hr data-start=\"7486\" data-end=\"7489\" \/>\n<h3 data-start=\"7491\" data-end=\"7508\"><strong data-start=\"7495\" data-end=\"7508\">F\u00f6rdelar<\/strong><\/h3>\n<ol data-start=\"7510\" data-end=\"7970\">\n<li data-start=\"7510\" data-end=\"7601\">\n<p data-start=\"7513\" data-end=\"7601\"><strong data-start=\"7513\" data-end=\"7550\">Tillf\u00f6rlitliga forskningsresultat:<\/strong> H\u00f6g renhet garanterar reproducerbara data.<\/p>\n<\/li>\n<li data-start=\"7602\" data-end=\"7690\">\n<p data-start=\"7605\" data-end=\"7690\"><strong data-start=\"7605\" data-end=\"7632\">L\u00e5ngsiktig stabilitet:<\/strong> Resistent mot ljus, fukt och temperaturfluktuationer.<\/p>\n<\/li>\n<li data-start=\"7691\" data-end=\"7771\">\n<p data-start=\"7694\" data-end=\"7771\"><strong data-start=\"7694\" data-end=\"7722\">L\u00e4tt att hantera:<\/strong> Pelletformen f\u00f6renklar exakt dosering.<\/p>\n<\/li>\n<li data-start=\"7772\" data-end=\"7855\">\n<p data-start=\"7775\" data-end=\"7855\"><strong data-start=\"7775\" data-end=\"7803\">Professionell standard:<\/strong> L\u00e4mplig f\u00f6r forensisk och analytisk forskning.<\/p>\n<\/li>\n<li data-start=\"7856\" data-end=\"7970\">\n<p data-start=\"7859\" data-end=\"7970\"><strong data-start=\"7859\" data-end=\"7880\">Brett till\u00e4mplig:<\/strong> Idealisk f\u00f6r <strong data-start=\"7893\" data-end=\"7967\">bensodiazepinanalys, metabolitstudie och kemisk identifiering<\/strong>.<\/p>\n<\/li>\n<\/ol>\n<hr data-start=\"7972\" data-end=\"7975\" \/>\n<h3 data-start=\"7977\" data-end=\"8016\"><strong data-start=\"7981\" data-end=\"8016\">Anv\u00e4ndning (endast f\u00f6r forskning)<\/strong><\/h3>\n<ol data-start=\"8018\" data-end=\"8403\">\n<li data-start=\"8018\" data-end=\"8105\">\n<p data-start=\"8021\" data-end=\"8105\"><strong data-start=\"8021\" data-end=\"8052\">Anv\u00e4nd skyddskl\u00e4der:<\/strong> Handskar, skyddsglas\u00f6gon och laboratorierock kr\u00e4vs.<\/p>\n<\/li>\n<li data-start=\"8106\" data-end=\"8177\">\n<p data-start=\"8109\" data-end=\"8177\"><strong data-start=\"8109\" data-end=\"8148\">Anv\u00e4ndning i kontrollerad milj\u00f6:<\/strong> Arbeta rent och noggrant.<\/p>\n<\/li>\n<li data-start=\"8178\" data-end=\"8259\">\n<p data-start=\"8181\" data-end=\"8259\"><strong data-start=\"8181\" data-end=\"8208\">Observera batchinformation:<\/strong> Registrera renhet, m\u00e4ngd och f\u00f6rh\u00e5llanden.<\/p>\n<\/li>\n<li data-start=\"8260\" data-end=\"8329\">\n<p data-start=\"8263\" data-end=\"8329\"><strong data-start=\"8263\" data-end=\"8300\">Anv\u00e4nd kalibrerad utrustning:<\/strong> F\u00f6r tillf\u00f6rlitliga m\u00e4tningar.<\/p>\n<\/li>\n<li data-start=\"8330\" data-end=\"8403\">\n<p data-start=\"8333\" data-end=\"8403\"><strong data-start=\"8333\" data-end=\"8367\">Kassera avfall p\u00e5 ett s\u00e4kert s\u00e4tt:<\/strong> F\u00f6lj s\u00e4kerhetsanvisningarna.<\/p>\n<\/li>\n<\/ol>\n<blockquote data-start=\"8405\" data-end=\"8490\">\n<p data-start=\"8407\" data-end=\"8490\">\u2697\ufe0f <strong data-start=\"8410\" data-end=\"8490\">Endast f\u00f6r laboratorietester \u2013 ej f\u00f6r konsumtion.<\/strong><\/p>\n<\/blockquote>\n<hr data-start=\"8492\" data-end=\"8495\" \/>\n<h3 data-start=\"8497\" data-end=\"8522\"><strong data-start=\"8501\" data-end=\"8522\">F\u00f6rvaringsinstruktioner<\/strong><\/h3>\n<ul data-start=\"8524\" data-end=\"8692\">\n<li data-start=\"8524\" data-end=\"8566\">\n<p data-start=\"8526\" data-end=\"8566\">Spara p\u00e5 <strong data-start=\"8537\" data-end=\"8546\">2\u20138\u00b0C<\/strong>, torrt och m\u00f6rkt.<\/p>\n<\/li>\n<li data-start=\"8567\" data-end=\"8603\">\n<p data-start=\"8569\" data-end=\"8603\">F\u00f6rvara beh\u00e5llaren v\u00e4l tillsluten.<\/p>\n<\/li>\n<li data-start=\"8604\" data-end=\"8649\">\n<p data-start=\"8606\" data-end=\"8649\">Skydda mot <strong data-start=\"8621\" data-end=\"8646\">ljus, v\u00e4rme och fukt<\/strong>.<\/p>\n<\/li>\n<li data-start=\"8650\" data-end=\"8692\">\n<p data-start=\"8652\" data-end=\"8692\">F\u00f6rvaras utom r\u00e4ckh\u00e5ll f\u00f6r obeh\u00f6riga personer.<\/p>\n<\/li>\n<\/ul>\n<hr data-start=\"8694\" data-end=\"8697\" \/>\n<h3 data-start=\"8699\" data-end=\"8734\"><strong data-start=\"8703\" data-end=\"8734\">Vanliga fr\u00e5gor (FAQ)<\/strong><\/h3>\n<p data-start=\"8736\" data-end=\"8910\"><strong data-start=\"8736\" data-end=\"8781\">1. Vad anv\u00e4nds norflurazepam till?<\/strong><br data-start=\"8781\" data-end=\"8784\" \/>F\u00f6r <strong data-start=\"8789\" data-end=\"8827\">analytisk och forensisk forskning<\/strong>, s\u00e4rskilt inom omr\u00e5det <strong data-start=\"8856\" data-end=\"8907\">bensodiazepinmetabolism och kemisk analys<\/strong>.<\/p>\n<p data-start=\"8912\" data-end=\"9129\"><strong data-start=\"8912\" data-end=\"8972\">2. \u00c4r Norflurazepam l\u00e4mpligt f\u00f6r m\u00e4nsklig konsumtion?<\/strong><br data-start=\"8972\" data-end=\"8975\" \/>Inga. <strong data-start=\"8980\" data-end=\"9009\">Norflurazepam 5 mg pellets<\/strong> \u00e4r <strong data-start=\"9015\" data-end=\"9065\">endast avsedd f\u00f6r laboratorieforskning<\/strong> och <strong data-start=\"9069\" data-end=\"9126\">inte l\u00e4mplig f\u00f6r m\u00e4nsklig eller djurkonsumtion<\/strong>.<\/p>\n<p data-start=\"9131\" data-end=\"9277\"><strong data-start=\"9131\" data-end=\"9176\">3. Hur f\u00f6rvarar jag Norflurazepam b\u00e4st?<\/strong><br data-start=\"9176\" data-end=\"9179\" \/>Spara p\u00e5 en <strong data-start=\"9193\" data-end=\"9235\">svalt, torrt och m\u00f6rkt (2\u20138 \u00b0C)<\/strong>, i en <strong data-start=\"9244\" data-end=\"9274\">v\u00e4l f\u00f6rseglad f\u00f6rpackning<\/strong>.<\/p>\n<hr data-start=\"9279\" data-end=\"9282\" \/>\n<h3 data-start=\"9284\" data-end=\"9301\"><strong data-start=\"9288\" data-end=\"9301\">Slutsats<\/strong><\/h3>\n<p data-start=\"9303\" data-end=\"9597\"><strong data-start=\"9303\" data-end=\"9332\">Norflurazepam 5 mg pellets<\/strong> erbjuda <strong data-start=\"9340\" data-end=\"9398\">exceptionell renhet, stabilitet och konsistens<\/strong>, perfekt f\u00f6r <strong data-start=\"9412\" data-end=\"9464\">professionell analytisk och forensisk forskning<\/strong>.<br data-start=\"9465\" data-end=\"9468\" \/>Ett p\u00e5litligt val f\u00f6r laboratorier med fokus p\u00e5 <strong data-start=\"9527\" data-end=\"9594\">bensodiazepinanalys, kromatografi och strukturstudie<\/strong>.<\/p>\n<\/div>\n<\/div>\n<\/div>","protected":false},"excerpt":{"rendered":"<h3><span data-sheets-value=\"{\" data-sheets-userformat=\"{\"><span style=\"vertical-align: inherit;\"><span style=\"vertical-align: inherit;\"><span dir=\"auto\" style=\"vertical-align: inherit;\"><span dir=\"auto\" style=\"vertical-align: inherit;\">Norflurazepams egenskaper<\/span><\/span><\/span><\/span><\/span><\/h3>\n<p><strong><span style=\"vertical-align: inherit;\"><span style=\"vertical-align: inherit;\"><span dir=\"auto\" style=\"vertical-align: inherit;\"><span dir=\"auto\" style=\"vertical-align: inherit;\">Synonym:<\/span><\/span><\/span><\/span><\/strong><span style=\"vertical-align: inherit;\"><span style=\"vertical-align: inherit;\"><span dir=\"auto\" style=\"vertical-align: inherit;\"><span dir=\"auto\" style=\"vertical-align: inherit;\"> Norflurazepam <\/span><\/span><\/span><\/span><br \/>\n<strong><span style=\"vertical-align: inherit;\"><span style=\"vertical-align: inherit;\"><span dir=\"auto\" style=\"vertical-align: inherit;\"><span dir=\"auto\" style=\"vertical-align: inherit;\">CAS-nummer:<\/span><\/span><\/span><\/span><\/strong><span style=\"vertical-align: inherit;\"><span style=\"vertical-align: inherit;\"><span dir=\"auto\" style=\"vertical-align: inherit;\"><span dir=\"auto\" style=\"vertical-align: inherit;\"> 2886-65-9 <\/span><\/span><\/span><\/span><br \/>\n<strong><span style=\"vertical-align: inherit;\"><span style=\"vertical-align: inherit;\"><span dir=\"auto\" style=\"vertical-align: inherit;\"><span dir=\"auto\" style=\"vertical-align: inherit;\">Formel:<\/span><\/span><\/span><\/span><\/strong><span style=\"vertical-align: inherit;\"><span style=\"vertical-align: inherit;\"><span dir=\"auto\" style=\"vertical-align: inherit;\"><span dir=\"auto\" style=\"vertical-align: inherit;\"> 7-klor-5-(2-fluorofenyl)-1,3-dihydro-2H-1,4-bensodiazepin-2-on <\/span><\/span><\/span><\/span><br \/>\n<strong><span style=\"vertical-align: inherit;\"><span style=\"vertical-align: inherit;\"><span dir=\"auto\" style=\"vertical-align: inherit;\"><span dir=\"auto\" style=\"vertical-align: inherit;\">Molmassa:<\/span><\/span><\/span><\/span><\/strong><span style=\"vertical-align: inherit;\"><span style=\"vertical-align: inherit;\"><span dir=\"auto\" style=\"vertical-align: inherit;\"><span dir=\"auto\" style=\"vertical-align: inherit;\"> 299,3 g\/mol <\/span><\/span><\/span><\/span><br \/>\n<strong><span style=\"vertical-align: inherit;\"><span style=\"vertical-align: inherit;\"><span dir=\"auto\" style=\"vertical-align: inherit;\"><span dir=\"auto\" style=\"vertical-align: inherit;\">Renhet:<\/span><\/span><\/span><\/span><\/strong><span style=\"vertical-align: inherit;\"><span style=\"vertical-align: inherit;\"><span dir=\"auto\" style=\"vertical-align: inherit;\"><span dir=\"auto\" style=\"vertical-align: inherit;\"> &gt;97%<\/span><\/span><\/span><\/span><\/p>","protected":false},"featured_media":28577,"comment_status":"closed","ping_status":"closed","template":"","meta":[],"product_brand":[],"product_cat":[76,388,394,324,398],"product_tag":[326],"class_list":{"0":"post-23933","1":"product","2":"type-product","3":"status-publish","4":"has-post-thumbnail","6":"product_cat-benzodiazepinen","7":"product_cat-norflurazepam","8":"product_cat-norflurazepam-pellets","9":"product_cat-pellets-for-pellet","10":"product_cat-verkoop","11":"product_tag-nl","13":"first","14":"instock","15":"sale","16":"taxable","17":"shipping-taxable","18":"purchasable","19":"product-type-variable"},"_links":{"self":[{"href":"https:\/\/researchchemicalhub.com\/sv\/wp-json\/wp\/v2\/product\/23933","targetHints":{"allow":["GET"]}}],"collection":[{"href":"https:\/\/researchchemicalhub.com\/sv\/wp-json\/wp\/v2\/product"}],"about":[{"href":"https:\/\/researchchemicalhub.com\/sv\/wp-json\/wp\/v2\/types\/product"}],"replies":[{"embeddable":true,"href":"https:\/\/researchchemicalhub.com\/sv\/wp-json\/wp\/v2\/comments?post=23933"}],"version-history":[{"count":5,"href":"https:\/\/researchchemicalhub.com\/sv\/wp-json\/wp\/v2\/product\/23933\/revisions"}],"predecessor-version":[{"id":27920,"href":"https:\/\/researchchemicalhub.com\/sv\/wp-json\/wp\/v2\/product\/23933\/revisions\/27920"}],"wp:featuredmedia":[{"embeddable":true,"href":"https:\/\/researchchemicalhub.com\/sv\/wp-json\/wp\/v2\/media\/28577"}],"wp:attachment":[{"href":"https:\/\/researchchemicalhub.com\/sv\/wp-json\/wp\/v2\/media?parent=23933"}],"wp:term":[{"taxonomy":"product_brand","embeddable":true,"href":"https:\/\/researchchemicalhub.com\/sv\/wp-json\/wp\/v2\/product_brand?post=23933"},{"taxonomy":"product_cat","embeddable":true,"href":"https:\/\/researchchemicalhub.com\/sv\/wp-json\/wp\/v2\/product_cat?post=23933"},{"taxonomy":"product_tag","embeddable":true,"href":"https:\/\/researchchemicalhub.com\/sv\/wp-json\/wp\/v2\/product_tag?post=23933"}],"curies":[{"name":"wp","href":"https:\/\/api.w.org\/{rel}","templated":true}]}}