{"id":23926,"date":"2025-04-13T17:40:43","date_gmt":"2025-04-13T17:40:43","guid":{"rendered":"https:\/\/researchchemicalhub.com\/?post_type=product&#038;p=23926"},"modified":"2025-10-30T07:50:51","modified_gmt":"2025-10-30T07:50:51","slug":"adb-butinaca","status":"publish","type":"product","link":"https:\/\/researchchemicalhub.com\/sv\/handla\/forbjuden\/adb-butinaca\/","title":{"rendered":"ADB-B \/ ADB-BUTINACA"},"content":{"rendered":"<h3 data-start=\"6150\" data-end=\"6169\"><strong data-start=\"6154\" data-end=\"6169\">Introduktion<\/strong><\/h3>\n<p data-start=\"6171\" data-end=\"6493\"><strong data-start=\"6171\" data-end=\"6180\">ADB-B<\/strong>, \u00e4ven k\u00e4nd som <strong data-start=\"6197\" data-end=\"6213\">ADB-BUTINACA<\/strong>, \u00e4r en <strong data-start=\"6222\" data-end=\"6277\">syntetisk cannabinoid av analytisk kvalitet<\/strong>, utvecklad f\u00f6r <strong data-start=\"6295\" data-end=\"6343\">forensisk, analytisk och kemisk forskning<\/strong>adb butinaca<br data-start=\"6344\" data-end=\"6347\" \/>Anslutningen tillh\u00f6r <strong data-start=\"6376\" data-end=\"6410\">indazol-3-karboxamidfamiljen<\/strong> och \u00e4r strukturellt besl\u00e4ktad med \u00e4mnen som <strong data-start=\"6455\" data-end=\"6469\">ADB-BINACA<\/strong> och <strong data-start=\"6473\" data-end=\"6490\">MDMB-BUTINACA<\/strong>.<\/p>\n<p data-start=\"6495\" data-end=\"6852\">Detta forsknings\u00e4mne anv\u00e4nds flitigt inom <strong data-start=\"6538\" data-end=\"6592\">receptorbindningsstudier, toxikologiska analyser<\/strong> och <strong data-start=\"6596\" data-end=\"6625\">r\u00e4ttsmedicinsk identifiering<\/strong>.<br data-start=\"6626\" data-end=\"6629\" \/>Tillverkad enligt <strong data-start=\"6650\" data-end=\"6691\">GLP-standarder (god laboratoriesed)<\/strong>, ADB-BUTINACA garanterar en <strong data-start=\"6721\" data-end=\"6744\">renhet p\u00e5 \u226599%<\/strong>, <strong data-start=\"6746\" data-end=\"6771\">kemisk stabilitet<\/strong> och <strong data-start=\"6775\" data-end=\"6797\">batchkonsistens<\/strong> \u2013 idealisk f\u00f6r kontrollerade laboratoriemilj\u00f6er.<\/p>\n<blockquote data-start=\"6854\" data-end=\"6998\">\n<p data-start=\"6856\" data-end=\"6998\">\u26a0\ufe0f <strong data-start=\"6859\" data-end=\"6870\">OBS:<\/strong> Denna produkt \u00e4r <strong data-start=\"6886\" data-end=\"6936\">endast avsedd f\u00f6r laboratorieforskning<\/strong> och <strong data-start=\"6940\" data-end=\"6997\">inte l\u00e4mplig f\u00f6r m\u00e4nsklig eller djurkonsumtion<\/strong>.<\/p>\n<\/blockquote>\n<hr data-start=\"7000\" data-end=\"7003\" \/>\n<h3 data-start=\"7005\" data-end=\"7036\"><strong data-start=\"7009\" data-end=\"7036\">Viktiga funktioner<\/strong><\/h3>\n<ul data-start=\"7038\" data-end=\"7537\">\n<li data-start=\"7038\" data-end=\"7120\">\n<p data-start=\"7040\" data-end=\"7120\"><strong data-start=\"7040\" data-end=\"7072\">H\u00f6g analytisk renhet:<\/strong> \u226599% testad med kromatografiska tekniker.<\/p>\n<\/li>\n<li data-start=\"7121\" data-end=\"7215\">\n<p data-start=\"7123\" data-end=\"7215\"><strong data-start=\"7123\" data-end=\"7153\">Syntetisk cannabinoid:<\/strong> Utvunnen fr\u00e5n indazol-3-karboxamid f\u00f6r receptorforskning.<\/p>\n<\/li>\n<li data-start=\"7216\" data-end=\"7285\">\n<p data-start=\"7218\" data-end=\"7285\"><strong data-start=\"7218\" data-end=\"7239\">Kemiskt stabil:<\/strong> Motst\u00e5ndskraftig mot nedbrytning med korrekt f\u00f6rvaring.<\/p>\n<\/li>\n<li data-start=\"7286\" data-end=\"7372\">\n<p data-start=\"7288\" data-end=\"7372\"><strong data-start=\"7288\" data-end=\"7306\">GLP-produktion:<\/strong> Tillverkad under strikta <strong data-start=\"7334\" data-end=\"7362\">God laboratoriesed<\/strong>-standarder.<\/p>\n<\/li>\n<li data-start=\"7373\" data-end=\"7459\">\n<p data-start=\"7375\" data-end=\"7459\"><strong data-start=\"7375\" data-end=\"7392\">Batchtestad:<\/strong> Varje batch kontrolleras med avseende p\u00e5 identitet, struktur och renhet.<\/p>\n<\/li>\n<li data-start=\"7460\" data-end=\"7537\">\n<p data-start=\"7462\" data-end=\"7537\"><strong data-start=\"7462\" data-end=\"7485\">S\u00e4ker f\u00f6rpackning:<\/strong> Luftt\u00e4t och f\u00f6rseglad f\u00f6r att bibeh\u00e5lla kvaliteten.<\/p>\n<\/li>\n<\/ul>\n<hr data-start=\"7539\" data-end=\"7542\" \/>\n<h3 data-start=\"7544\" data-end=\"7561\"><strong data-start=\"7548\" data-end=\"7561\">F\u00f6rdelar<\/strong><\/h3>\n<ol data-start=\"7563\" data-end=\"7988\">\n<li data-start=\"7563\" data-end=\"7650\">\n<p data-start=\"7566\" data-end=\"7650\"><strong data-start=\"7566\" data-end=\"7603\">Tillf\u00f6rlitliga forskningsresultat:<\/strong> H\u00f6g renhet s\u00e4kerst\u00e4ller konsekventa data.<\/p>\n<\/li>\n<li data-start=\"7651\" data-end=\"7739\">\n<p data-start=\"7654\" data-end=\"7739\"><strong data-start=\"7654\" data-end=\"7681\">L\u00e5ngsiktig stabilitet:<\/strong> Resistent mot ljus, fukt och temperaturfluktuationer.<\/p>\n<\/li>\n<li data-start=\"7740\" data-end=\"7808\">\n<p data-start=\"7743\" data-end=\"7808\"><strong data-start=\"7743\" data-end=\"7767\">Precisionsformulering:<\/strong> L\u00e4tt att hantera och dosera.<\/p>\n<\/li>\n<li data-start=\"7809\" data-end=\"7897\">\n<p data-start=\"7812\" data-end=\"7897\"><strong data-start=\"7812\" data-end=\"7840\">Professionell kvalitet:<\/strong> L\u00e4mplig f\u00f6r forensiska och analytiska till\u00e4mpningar.<\/p>\n<\/li>\n<li data-start=\"7898\" data-end=\"7988\">\n<p data-start=\"7901\" data-end=\"7988\"><strong data-start=\"7901\" data-end=\"7935\">Idealisk f\u00f6r receptorforskning:<\/strong> Perfekt f\u00f6r <strong data-start=\"7949\" data-end=\"7985\">bindnings- och strukturstudier<\/strong>.<\/p>\n<\/li>\n<\/ol>\n<hr data-start=\"7990\" data-end=\"7993\" \/>\n<h3 data-start=\"7995\" data-end=\"8034\"><strong data-start=\"7999\" data-end=\"8034\">Anv\u00e4ndning (endast f\u00f6r forskning)<\/strong><\/h3>\n<ol data-start=\"8036\" data-end=\"8458\">\n<li data-start=\"8036\" data-end=\"8128\">\n<p data-start=\"8039\" data-end=\"8128\"><strong data-start=\"8039\" data-end=\"8070\">Anv\u00e4nd skyddskl\u00e4der:<\/strong> Handskar, skyddsglas\u00f6gon och laboratorierock kr\u00e4vs.<\/p>\n<\/li>\n<li data-start=\"8129\" data-end=\"8207\">\n<p data-start=\"8132\" data-end=\"8207\"><strong data-start=\"8132\" data-end=\"8156\">Anv\u00e4ndning i dragsk\u00e5p:<\/strong> Undvik direktkontakt eller inandning av \u00e4mnet.<\/p>\n<\/li>\n<li data-start=\"8208\" data-end=\"8294\">\n<p data-start=\"8211\" data-end=\"8294\"><strong data-start=\"8211\" data-end=\"8231\">M\u00e4t noggrant:<\/strong> Anv\u00e4nd kalibrerade instrument f\u00f6r exakta resultat.<\/p>\n<\/li>\n<li data-start=\"8295\" data-end=\"8365\">\n<p data-start=\"8298\" data-end=\"8365\"><strong data-start=\"8298\" data-end=\"8323\">Obs! Batchdetaljer:<\/strong> Registrera renhet och provvikt.<\/p>\n<\/li>\n<li data-start=\"8366\" data-end=\"8458\">\n<p data-start=\"8369\" data-end=\"8458\"><strong data-start=\"8369\" data-end=\"8403\">Kassera avfall p\u00e5 ett s\u00e4kert s\u00e4tt:<\/strong> F\u00f6lj laboratoriets s\u00e4kerhetsriktlinjer.<\/p>\n<\/li>\n<\/ol>\n<blockquote data-start=\"8460\" data-end=\"8545\">\n<p data-start=\"8462\" data-end=\"8545\">\u2697\ufe0f <strong data-start=\"8465\" data-end=\"8545\">Endast f\u00f6r laboratorietester \u2013 ej f\u00f6r konsumtion.<\/strong><\/p>\n<\/blockquote>\n<hr data-start=\"8547\" data-end=\"8550\" \/>\n<h3 data-start=\"8552\" data-end=\"8577\"><strong data-start=\"8556\" data-end=\"8577\">F\u00f6rvaringsinstruktioner<\/strong><\/h3>\n<ul data-start=\"8579\" data-end=\"8773\">\n<li data-start=\"8579\" data-end=\"8647\">\n<p data-start=\"8581\" data-end=\"8647\">Spara p\u00e5 <strong data-start=\"8592\" data-end=\"8601\">2\u20138\u00b0C<\/strong>, p\u00e5 en <strong data-start=\"8610\" data-end=\"8644\">sval, torr och m\u00f6rk plats<\/strong>.<\/p>\n<\/li>\n<li data-start=\"8648\" data-end=\"8684\">\n<p data-start=\"8650\" data-end=\"8684\">F\u00f6rvara beh\u00e5llaren v\u00e4l tillsluten.<\/p>\n<\/li>\n<li data-start=\"8685\" data-end=\"8730\">\n<p data-start=\"8687\" data-end=\"8730\">Skydda mot <strong data-start=\"8702\" data-end=\"8727\">ljus, fukt och v\u00e4rme<\/strong>.<\/p>\n<\/li>\n<li data-start=\"8731\" data-end=\"8773\">\n<p data-start=\"8733\" data-end=\"8773\">F\u00f6rvaras utom r\u00e4ckh\u00e5ll f\u00f6r obeh\u00f6riga personer.<\/p>\n<\/li>\n<\/ul>\n<hr data-start=\"8775\" data-end=\"8778\" \/>\n<h3 data-start=\"8780\" data-end=\"8815\"><strong data-start=\"8784\" data-end=\"8815\">Vanliga fr\u00e5gor (FAQ)<\/strong><\/h3>\n<p data-start=\"8817\" data-end=\"9007\"><strong data-start=\"8817\" data-end=\"8869\">1. Vad anv\u00e4nds ADB-B (ADB-BUTINACA) till?<\/strong><br data-start=\"8869\" data-end=\"8872\" \/>ADB-BUTINACA anv\u00e4nds f\u00f6r <strong data-start=\"8905\" data-end=\"8943\">forensisk och analytisk forskning<\/strong>, s\u00e4rskilt i <strong data-start=\"8957\" data-end=\"9004\">receptorbindnings- och toxikologiska studier<\/strong>.<\/p>\n<p data-start=\"9009\" data-end=\"9210\"><strong data-start=\"9009\" data-end=\"9068\">2. \u00c4r ADB-BUTINACA l\u00e4mplig f\u00f6r m\u00e4nsklig konsumtion?<\/strong><br data-start=\"9068\" data-end=\"9071\" \/>Inga. <strong data-start=\"9076\" data-end=\"9092\">ADB-BUTINACA<\/strong> \u00e4r <strong data-start=\"9096\" data-end=\"9146\">endast avsedd f\u00f6r laboratorieforskning<\/strong> och <strong data-start=\"9150\" data-end=\"9207\">inte l\u00e4mplig f\u00f6r m\u00e4nsklig eller djurkonsumtion<\/strong>.<\/p>\n<p data-start=\"9212\" data-end=\"9333\"><strong data-start=\"9212\" data-end=\"9256\">3. Hur f\u00f6rvarar jag ADB-BUTINACA b\u00e4st?<\/strong><br data-start=\"9256\" data-end=\"9259\" \/>Spara p\u00e5 <strong data-start=\"9270\" data-end=\"9279\">2\u20138\u00b0C<\/strong>, i en <strong data-start=\"9288\" data-end=\"9330\">torr, m\u00f6rk och luftt\u00e4t milj\u00f6<\/strong>.<\/p>\n<hr data-start=\"9335\" data-end=\"9338\" \/>\n<h3 data-start=\"9340\" data-end=\"9357\"><strong data-start=\"9344\" data-end=\"9357\">Slutsats<\/strong><\/h3>\n<p data-start=\"9359\" data-end=\"9628\"><strong data-start=\"9359\" data-end=\"9383\">ADB-B (ADB-BUTINACA)<\/strong> erbjudanden <strong data-start=\"9390\" data-end=\"9452\">utm\u00e4rkt renhet, stabilitet och reproducerbarhet<\/strong>, perfekt f\u00f6r <strong data-start=\"9466\" data-end=\"9504\">forensisk och analytisk forskning<\/strong>.<br data-start=\"9505\" data-end=\"9508\" \/>Ett p\u00e5litligt val f\u00f6r laboratorier med fokus p\u00e5 <strong data-start=\"9567\" data-end=\"9625\">syntetisk cannabinoidanalys och receptorforskning<\/strong>.<\/p>\n<h1><a style=\"font-size: 16px;\" href=\"https:\/\/researchchemicalhub.com\/sv\/handla\/iboga-ibogain\/iboga-rotbark\/\"><span dir=\"auto\" style=\"vertical-align: inherit;\"><span dir=\"auto\" style=\"vertical-align: inherit;\">Iboga rotbark<\/span><\/span><\/a><a style=\"font-size: 16px;\" href=\"https:\/\/researchchemicalhub.com\/sv\/handla\/iboga-ibogain\/kop-ibogaine-hcl-online\/\"><span dir=\"auto\" style=\"vertical-align: inherit;\"><span dir=\"auto\" style=\"vertical-align: inherit;\">k\u00f6p ibogaine hcl online<\/span><\/span><\/a><a style=\"font-size: 16px;\" href=\"https:\/\/researchchemicalhub.com\/sv\/handla\/lysergamider\/1cp-lsd\/\"><span dir=\"auto\" style=\"vertical-align: inherit;\"><span dir=\"auto\" style=\"vertical-align: inherit;\">1cp lsd <\/span><\/span><\/a><a style=\"font-size: 16px;\" href=\"https:\/\/researchchemicalhub.com\/sv\/handla\/pellets\/o-dsmt-50-mg-pellets\/\"><span dir=\"auto\" style=\"vertical-align: inherit;\"><span dir=\"auto\" style=\"vertical-align: inherit;\">o-dsmt <\/span><\/span><\/a><a style=\"font-size: 16px;\" href=\"https:\/\/researchchemicalhub.com\/sv\/handla\/lysergamider\/1vlsd\/\"><span dir=\"auto\" style=\"vertical-align: inherit;\"><span dir=\"auto\" style=\"vertical-align: inherit;\">1vlsd<\/span><\/span><\/a><\/h1>","protected":false},"excerpt":{"rendered":"<h3><span dir=\"auto\" style=\"vertical-align: inherit;\"><span dir=\"auto\" style=\"vertical-align: inherit;\">ADB-B \/ ADB-BUTINACA-egenskaper<\/span><\/span><\/h3>\n<p><strong><span dir=\"auto\" style=\"vertical-align: inherit;\"><span dir=\"auto\" style=\"vertical-align: inherit;\">Synonym:<\/span><\/span><\/strong><span dir=\"auto\" style=\"vertical-align: inherit;\"><span dir=\"auto\" style=\"vertical-align: inherit;\"> ADB-B \/ ADB-BUTINACA <\/span><\/span><br \/>\n<strong><span dir=\"auto\" style=\"vertical-align: inherit;\"><span dir=\"auto\" style=\"vertical-align: inherit;\">CAS-nummer:<\/span><\/span><\/strong><span dir=\"auto\" style=\"vertical-align: inherit;\"><span dir=\"auto\" style=\"vertical-align: inherit;\"> 2682867-55-4 <\/span><\/span><br \/>\n<strong><span dir=\"auto\" style=\"vertical-align: inherit;\"><span dir=\"auto\" style=\"vertical-align: inherit;\">Formel:<\/span><\/span><\/strong><span dir=\"auto\" style=\"vertical-align: inherit;\"><span dir=\"auto\" style=\"vertical-align: inherit;\"> C <\/span><\/span><sub><small><span dir=\"auto\" style=\"vertical-align: inherit;\"><span dir=\"auto\" style=\"vertical-align: inherit;\">18<\/span><\/span><\/small><\/sub><span dir=\"auto\" style=\"vertical-align: inherit;\"><span dir=\"auto\" style=\"vertical-align: inherit;\"> H <\/span><\/span><sub><small><span dir=\"auto\" style=\"vertical-align: inherit;\"><span dir=\"auto\" style=\"vertical-align: inherit;\">26<\/span><\/span><\/small><\/sub><span dir=\"auto\" style=\"vertical-align: inherit;\"><span dir=\"auto\" style=\"vertical-align: inherit;\"> N <\/span><\/span><sub><small><span dir=\"auto\" style=\"vertical-align: inherit;\"><span dir=\"auto\" style=\"vertical-align: inherit;\">4<\/span><\/span><\/small><\/sub><span dir=\"auto\" style=\"vertical-align: inherit;\"><span dir=\"auto\" style=\"vertical-align: inherit;\"> O <\/span><\/span><sub><small><span dir=\"auto\" style=\"vertical-align: inherit;\"><span dir=\"auto\" style=\"vertical-align: inherit;\">2<\/span><\/span><\/small><\/sub><br \/>\n<strong><span dir=\"auto\" style=\"vertical-align: inherit;\"><span dir=\"auto\" style=\"vertical-align: inherit;\"> Molmassa:<\/span><\/span><\/strong><span dir=\"auto\" style=\"vertical-align: inherit;\"><span dir=\"auto\" style=\"vertical-align: inherit;\"> 330.4 <\/span><\/span><br \/>\n<strong><span dir=\"auto\" style=\"vertical-align: inherit;\"><span dir=\"auto\" style=\"vertical-align: inherit;\">Renhet:<\/span><\/span><\/strong><span dir=\"auto\" style=\"vertical-align: inherit;\"><span dir=\"auto\" style=\"vertical-align: inherit;\"> &gt;98%<\/span><\/span><\/p>","protected":false},"featured_media":28473,"comment_status":"closed","ping_status":"closed","template":"","meta":[],"product_brand":[82],"product_cat":[488],"product_tag":[893,894,895,896],"class_list":{"0":"post-23926","1":"product","2":"type-product","3":"status-publish","4":"has-post-thumbnail","6":"product_brand-research-chemical","7":"product_cat-verboden","8":"product_tag-adb-butinaca","9":"product_tag-adb-butinaca-buy","10":"product_tag-adb-butinaca-psychonaut","11":"product_tag-adb-butinaca-wiki","13":"first","14":"instock","15":"taxable","16":"shipping-taxable","17":"purchasable","18":"product-type-variable"},"_links":{"self":[{"href":"https:\/\/researchchemicalhub.com\/sv\/wp-json\/wp\/v2\/product\/23926","targetHints":{"allow":["GET"]}}],"collection":[{"href":"https:\/\/researchchemicalhub.com\/sv\/wp-json\/wp\/v2\/product"}],"about":[{"href":"https:\/\/researchchemicalhub.com\/sv\/wp-json\/wp\/v2\/types\/product"}],"replies":[{"embeddable":true,"href":"https:\/\/researchchemicalhub.com\/sv\/wp-json\/wp\/v2\/comments?post=23926"}],"version-history":[{"count":6,"href":"https:\/\/researchchemicalhub.com\/sv\/wp-json\/wp\/v2\/product\/23926\/revisions"}],"predecessor-version":[{"id":27919,"href":"https:\/\/researchchemicalhub.com\/sv\/wp-json\/wp\/v2\/product\/23926\/revisions\/27919"}],"wp:featuredmedia":[{"embeddable":true,"href":"https:\/\/researchchemicalhub.com\/sv\/wp-json\/wp\/v2\/media\/28473"}],"wp:attachment":[{"href":"https:\/\/researchchemicalhub.com\/sv\/wp-json\/wp\/v2\/media?parent=23926"}],"wp:term":[{"taxonomy":"product_brand","embeddable":true,"href":"https:\/\/researchchemicalhub.com\/sv\/wp-json\/wp\/v2\/product_brand?post=23926"},{"taxonomy":"product_cat","embeddable":true,"href":"https:\/\/researchchemicalhub.com\/sv\/wp-json\/wp\/v2\/product_cat?post=23926"},{"taxonomy":"product_tag","embeddable":true,"href":"https:\/\/researchchemicalhub.com\/sv\/wp-json\/wp\/v2\/product_tag?post=23926"}],"curies":[{"name":"wp","href":"https:\/\/api.w.org\/{rel}","templated":true}]}}