{"id":23896,"date":"2025-04-13T17:40:39","date_gmt":"2025-04-13T17:40:39","guid":{"rendered":"https:\/\/researchchemicalhub.com\/?post_type=product&#038;p=23896"},"modified":"2025-10-30T07:56:46","modified_gmt":"2025-10-30T07:56:46","slug":"norflurazepam-10-mg-pellets","status":"publish","type":"product","link":"https:\/\/researchchemicalhub.com\/sv\/shop\/benzodiazepinen\/norflurazepam-10-mg-pellets\/","title":{"rendered":"Norflurazepam 10 mg pellets"},"content":{"rendered":"<h3 data-start=\"6139\" data-end=\"6158\"><strong data-start=\"6143\" data-end=\"6158\">Introduktion<\/strong><\/h3>\n<p data-start=\"6160\" data-end=\"6523\"><strong data-start=\"6160\" data-end=\"6190\">Norflurazepam 10 mg pellets<\/strong> \u00e4r <strong data-start=\"6196\" data-end=\"6243\">analytiska forskningssubstanser<\/strong>, utvecklad f\u00f6r <strong data-start=\"6261\" data-end=\"6315\">vetenskaplig, forensisk och kemisk forskning<\/strong>Norflurazepam 10 mg pellets<br data-start=\"6316\" data-end=\"6319\" \/>\u00c4ven k\u00e4nd som <strong data-start=\"6334\" data-end=\"6356\">Desalkylflurazepam<\/strong>, h\u00f6r denna koppling till <strong data-start=\"6389\" data-end=\"6413\">bensodiazepinklass<\/strong> och det \u00e4r en <strong data-start=\"6428\" data-end=\"6476\">metabolit av olika bensodiazepiner<\/strong>, enligt vilken <strong data-start=\"6488\" data-end=\"6502\">Diklazepam<\/strong> och <strong data-start=\"6506\" data-end=\"6520\">Flurazepam<\/strong>.<\/p>\n<p data-start=\"6525\" data-end=\"6758\">Varje pellet inneh\u00e5ller <strong data-start=\"6543\" data-end=\"6573\">10 milligram norflurazepam<\/strong> med garanterad renhet <strong data-start=\"6611\" data-end=\"6619\">\u226599%<\/strong>, testad under <strong data-start=\"6634\" data-end=\"6668\">God laboratoriesed (GLP)<\/strong>-standarder.<br data-start=\"6676\" data-end=\"6679\" \/>Idealisk f\u00f6r <strong data-start=\"6691\" data-end=\"6755\">kromatografisk, spektroskopisk och toxikologisk unders\u00f6kning<\/strong>.<\/p>\n<blockquote data-start=\"6760\" data-end=\"6904\">\n<p data-start=\"6762\" data-end=\"6904\">\u26a0\ufe0f <strong data-start=\"6765\" data-end=\"6776\">OBS:<\/strong> Denna produkt \u00e4r <strong data-start=\"6792\" data-end=\"6842\">endast avsedd f\u00f6r laboratorieforskning<\/strong> och <strong data-start=\"6846\" data-end=\"6903\">inte l\u00e4mplig f\u00f6r m\u00e4nsklig eller djurkonsumtion<\/strong>.<\/p>\n<\/blockquote>\n<hr data-start=\"6906\" data-end=\"6909\" \/>\n<h3 data-start=\"6911\" data-end=\"6942\"><strong data-start=\"6915\" data-end=\"6942\">Viktiga funktioner<\/strong><\/h3>\n<ul data-start=\"6944\" data-end=\"7442\">\n<li data-start=\"6944\" data-end=\"7043\">\n<p data-start=\"6946\" data-end=\"7043\"><strong data-start=\"6946\" data-end=\"6978\">H\u00f6g analytisk renhet:<\/strong> \u226599% testad med kromatografisk och spektroskopisk analys.<\/p>\n<\/li>\n<li data-start=\"7044\" data-end=\"7110\">\n<p data-start=\"7046\" data-end=\"7110\"><strong data-start=\"7046\" data-end=\"7066\">Exakt dosering:<\/strong> Varje pellet inneh\u00e5ller <strong data-start=\"7085\" data-end=\"7107\">10 mg norflurazepam<\/strong>.<\/p>\n<\/li>\n<li data-start=\"7111\" data-end=\"7186\">\n<p data-start=\"7113\" data-end=\"7186\"><strong data-start=\"7113\" data-end=\"7134\">Kemiskt stabil:<\/strong> Resistent mot nedbrytning under korrekta lagringsf\u00f6rh\u00e5llanden.<\/p>\n<\/li>\n<li data-start=\"7187\" data-end=\"7278\">\n<p data-start=\"7189\" data-end=\"7278\"><strong data-start=\"7189\" data-end=\"7207\">GLP-produktion:<\/strong> Tillverkad under strikta <strong data-start=\"7235\" data-end=\"7263\">God laboratoriesed<\/strong>-riktlinjer.<\/p>\n<\/li>\n<li data-start=\"7279\" data-end=\"7362\">\n<p data-start=\"7281\" data-end=\"7362\"><strong data-start=\"7281\" data-end=\"7298\">Batchtestad:<\/strong> Varje batch kontrolleras f\u00f6r identitet och konsekvens.<\/p>\n<\/li>\n<li data-start=\"7363\" data-end=\"7442\">\n<p data-start=\"7365\" data-end=\"7442\"><strong data-start=\"7365\" data-end=\"7388\">S\u00e4ker f\u00f6rpackning:<\/strong> Luftt\u00e4t och f\u00f6rseglad f\u00f6r optimal h\u00e5llbarhet.<\/p>\n<\/li>\n<\/ul>\n<hr data-start=\"7444\" data-end=\"7447\" \/>\n<h3 data-start=\"7449\" data-end=\"7466\"><strong data-start=\"7453\" data-end=\"7466\">F\u00f6rdelar<\/strong><\/h3>\n<ol data-start=\"7468\" data-end=\"7886\">\n<li data-start=\"7468\" data-end=\"7555\">\n<p data-start=\"7471\" data-end=\"7555\"><strong data-start=\"7471\" data-end=\"7508\">Tillf\u00f6rlitliga forskningsresultat:<\/strong> H\u00f6g renhet s\u00e4kerst\u00e4ller konsekventa data.<\/p>\n<\/li>\n<li data-start=\"7556\" data-end=\"7644\">\n<p data-start=\"7559\" data-end=\"7644\"><strong data-start=\"7559\" data-end=\"7586\">L\u00e5ngsiktig stabilitet:<\/strong> Resistent mot ljus, fukt och temperaturf\u00f6r\u00e4ndringar.<\/p>\n<\/li>\n<li data-start=\"7645\" data-end=\"7717\">\n<p data-start=\"7648\" data-end=\"7717\"><strong data-start=\"7648\" data-end=\"7672\">Anv\u00e4ndarv\u00e4nlig:<\/strong> Pelletformen m\u00f6jligg\u00f6r enkel dosering.<\/p>\n<\/li>\n<li data-start=\"7718\" data-end=\"7805\">\n<p data-start=\"7721\" data-end=\"7805\"><strong data-start=\"7721\" data-end=\"7749\">Professionell kvalitet:<\/strong> L\u00e4mplig f\u00f6r <strong data-start=\"7764\" data-end=\"7802\">forensisk och analytisk forskning<\/strong>.<\/p>\n<\/li>\n<li data-start=\"7806\" data-end=\"7886\">\n<p data-start=\"7809\" data-end=\"7886\"><strong data-start=\"7809\" data-end=\"7840\">Internationella standarder:<\/strong> Tillverkad enligt GLP-s\u00e4kerhetsstandarder.<\/p>\n<\/li>\n<\/ol>\n<hr data-start=\"7888\" data-end=\"7891\" \/>\n<h3 data-start=\"7893\" data-end=\"7932\"><strong data-start=\"7897\" data-end=\"7932\">Anv\u00e4ndning (endast f\u00f6r forskning)<\/strong><\/h3>\n<ol data-start=\"7934\" data-end=\"8347\">\n<li data-start=\"7934\" data-end=\"8026\">\n<p data-start=\"7937\" data-end=\"8026\"><strong data-start=\"7937\" data-end=\"7968\">Anv\u00e4nd skyddskl\u00e4der:<\/strong> Handskar, skyddsglas\u00f6gon och laboratorierock kr\u00e4vs.<\/p>\n<\/li>\n<li data-start=\"8027\" data-end=\"8096\">\n<p data-start=\"8030\" data-end=\"8096\"><strong data-start=\"8030\" data-end=\"8067\">Anv\u00e4nd kalibrerad utrustning:<\/strong> F\u00f6r exakta m\u00e4tningar.<\/p>\n<\/li>\n<li data-start=\"8097\" data-end=\"8167\">\n<p data-start=\"8100\" data-end=\"8167\"><strong data-start=\"8100\" data-end=\"8127\">Observera batchinformation:<\/strong> Registrera renhet och kvantitet.<\/p>\n<\/li>\n<li data-start=\"8168\" data-end=\"8254\">\n<p data-start=\"8171\" data-end=\"8254\"><strong data-start=\"8171\" data-end=\"8211\">Arbeta i en kontrollerad milj\u00f6:<\/strong> Anv\u00e4nd steril laboratorieutrustning.<\/p>\n<\/li>\n<li data-start=\"8255\" data-end=\"8347\">\n<p data-start=\"8258\" data-end=\"8347\"><strong data-start=\"8258\" data-end=\"8292\">Kassera avfall p\u00e5 ett s\u00e4kert s\u00e4tt:<\/strong> F\u00f6lj laboratoriets s\u00e4kerhetsriktlinjer.<\/p>\n<\/li>\n<\/ol>\n<blockquote data-start=\"8349\" data-end=\"8434\">\n<p data-start=\"8351\" data-end=\"8434\">\u2697\ufe0f <strong data-start=\"8354\" data-end=\"8434\">Endast f\u00f6r laboratorietester \u2013 ej f\u00f6r konsumtion.<\/strong><\/p>\n<\/blockquote>\n<hr data-start=\"8436\" data-end=\"8439\" \/>\n<h3 data-start=\"8441\" data-end=\"8466\"><strong data-start=\"8445\" data-end=\"8466\">F\u00f6rvaringsinstruktioner<\/strong><\/h3>\n<ul data-start=\"8468\" data-end=\"8636\">\n<li data-start=\"8468\" data-end=\"8510\">\n<p data-start=\"8470\" data-end=\"8510\">Spara p\u00e5 <strong data-start=\"8481\" data-end=\"8490\">2\u20138\u00b0C<\/strong>, torrt och m\u00f6rkt.<\/p>\n<\/li>\n<li data-start=\"8511\" data-end=\"8547\">\n<p data-start=\"8513\" data-end=\"8547\">F\u00f6rvara beh\u00e5llaren v\u00e4l tillsluten.<\/p>\n<\/li>\n<li data-start=\"8548\" data-end=\"8593\">\n<p data-start=\"8550\" data-end=\"8593\">Skydda mot <strong data-start=\"8565\" data-end=\"8590\">ljus, fukt och v\u00e4rme<\/strong>.<\/p>\n<\/li>\n<li data-start=\"8594\" data-end=\"8636\">\n<p data-start=\"8596\" data-end=\"8636\">F\u00f6rvaras utom r\u00e4ckh\u00e5ll f\u00f6r obeh\u00f6riga personer.<\/p>\n<\/li>\n<\/ul>\n<hr data-start=\"8638\" data-end=\"8641\" \/>\n<h3 data-start=\"8643\" data-end=\"8678\"><strong data-start=\"8647\" data-end=\"8678\">Vanliga fr\u00e5gor (FAQ)<\/strong><\/h3>\n<p data-start=\"8680\" data-end=\"8839\"><strong data-start=\"8680\" data-end=\"8725\">1. Vad anv\u00e4nds norflurazepam till?<\/strong><br data-start=\"8725\" data-end=\"8728\" \/>F\u00f6r <strong data-start=\"8733\" data-end=\"8771\">analytisk och forensisk forskning<\/strong>, med betoning p\u00e5 <strong data-start=\"8787\" data-end=\"8836\">bensodiazepinanalys och metabolitstudie<\/strong>Norflurazepam 10 mg pellets<\/p>\n<p data-start=\"8841\" data-end=\"9059\"><strong data-start=\"8841\" data-end=\"8901\">2. \u00c4r Norflurazepam l\u00e4mpligt f\u00f6r m\u00e4nsklig konsumtion?<\/strong><br data-start=\"8901\" data-end=\"8904\" \/>Inga. <strong data-start=\"8909\" data-end=\"8939\">Norflurazepam 10 mg pellets<\/strong> \u00e4r <strong data-start=\"8945\" data-end=\"8995\">endast avsedd f\u00f6r laboratorieforskning<\/strong> och <strong data-start=\"8999\" data-end=\"9056\">inte l\u00e4mplig f\u00f6r m\u00e4nsklig eller djurkonsumtion<\/strong>.<\/p>\n<p data-start=\"9061\" data-end=\"9211\"><strong data-start=\"9061\" data-end=\"9106\">3. Hur f\u00f6rvarar jag Norflurazepam b\u00e4st?<\/strong><br data-start=\"9106\" data-end=\"9109\" \/>Spara p\u00e5 en <strong data-start=\"9123\" data-end=\"9165\">svalt, torrt och m\u00f6rkt (2\u20138 \u00b0C)<\/strong> i <strong data-start=\"9172\" data-end=\"9208\">original luftt\u00e4t f\u00f6rpackning<\/strong>.<\/p>\n<hr data-start=\"9213\" data-end=\"9216\" \/>\n<h3 data-start=\"9218\" data-end=\"9235\"><strong data-start=\"9222\" data-end=\"9235\">Slutsats<\/strong><\/h3>\n<p data-start=\"9237\" data-end=\"9533\"><strong data-start=\"9237\" data-end=\"9267\">Norflurazepam 10 mg pellets<\/strong> erbjuda <strong data-start=\"9275\" data-end=\"9337\">utm\u00e4rkt renhet, stabilitet och reproducerbarhet<\/strong>, perfekt f\u00f6r <strong data-start=\"9351\" data-end=\"9399\">analytisk, kemisk och forensisk forskning<\/strong>.<br data-start=\"9400\" data-end=\"9403\" \/>Ett p\u00e5litligt val f\u00f6r laboratorier med fokus p\u00e5 <strong data-start=\"9462\" data-end=\"9530\">bensodiazepinanalys, receptorstudier och strukturell forskning<\/strong>.<\/p>","protected":false},"excerpt":{"rendered":"<h3><span data-sheets-value=\"{\" data-sheets-userformat=\"{\"><span dir=\"auto\" style=\"vertical-align: inherit;\"><span dir=\"auto\" style=\"vertical-align: inherit;\">Norflurazepams egenskaper<\/span><\/span><\/span><\/h3>\n<p><strong><span dir=\"auto\" style=\"vertical-align: inherit;\"><span dir=\"auto\" style=\"vertical-align: inherit;\">Synonym:<\/span><\/span><\/strong><span dir=\"auto\" style=\"vertical-align: inherit;\"><span dir=\"auto\" style=\"vertical-align: inherit;\"> Norflurazepam <\/span><\/span><br \/>\n<strong><span dir=\"auto\" style=\"vertical-align: inherit;\"><span dir=\"auto\" style=\"vertical-align: inherit;\">CAS-nummer:<\/span><\/span><\/strong><span dir=\"auto\" style=\"vertical-align: inherit;\"><span dir=\"auto\" style=\"vertical-align: inherit;\"> 2886-65-9 <\/span><\/span><br \/>\n<strong><span dir=\"auto\" style=\"vertical-align: inherit;\"><span dir=\"auto\" style=\"vertical-align: inherit;\">Formel:<\/span><\/span><\/strong><span dir=\"auto\" style=\"vertical-align: inherit;\"><span dir=\"auto\" style=\"vertical-align: inherit;\"> 7-klor-5-(2-fluorofenyl)-1,3-dihydro-2H-1,4-bensodiazepin-2-on <\/span><\/span><br \/>\n<strong><span dir=\"auto\" style=\"vertical-align: inherit;\"><span dir=\"auto\" style=\"vertical-align: inherit;\">Molmassa:<\/span><\/span><\/strong><span dir=\"auto\" style=\"vertical-align: inherit;\"><span dir=\"auto\" style=\"vertical-align: inherit;\"> 299,3 g\/mol <\/span><\/span><br \/>\n<strong><span dir=\"auto\" style=\"vertical-align: inherit;\"><span dir=\"auto\" style=\"vertical-align: inherit;\">Renhet:<\/span><\/span><\/strong><span dir=\"auto\" style=\"vertical-align: inherit;\"><span dir=\"auto\" style=\"vertical-align: inherit;\"> &gt;97%<\/span><\/span><\/p>","protected":false},"featured_media":28578,"comment_status":"closed","ping_status":"closed","template":"","meta":[],"product_brand":[],"product_cat":[76,388,394,324,398],"product_tag":[326],"class_list":{"0":"post-23896","1":"product","2":"type-product","3":"status-publish","4":"has-post-thumbnail","6":"product_cat-benzodiazepinen","7":"product_cat-norflurazepam","8":"product_cat-norflurazepam-pellets","9":"product_cat-pellets-for-pellet","10":"product_cat-verkoop","11":"product_tag-nl","13":"first","14":"instock","15":"sale","16":"taxable","17":"shipping-taxable","18":"purchasable","19":"product-type-variable"},"_links":{"self":[{"href":"https:\/\/researchchemicalhub.com\/sv\/wp-json\/wp\/v2\/product\/23896","targetHints":{"allow":["GET"]}}],"collection":[{"href":"https:\/\/researchchemicalhub.com\/sv\/wp-json\/wp\/v2\/product"}],"about":[{"href":"https:\/\/researchchemicalhub.com\/sv\/wp-json\/wp\/v2\/types\/product"}],"replies":[{"embeddable":true,"href":"https:\/\/researchchemicalhub.com\/sv\/wp-json\/wp\/v2\/comments?post=23896"}],"version-history":[{"count":5,"href":"https:\/\/researchchemicalhub.com\/sv\/wp-json\/wp\/v2\/product\/23896\/revisions"}],"predecessor-version":[{"id":27924,"href":"https:\/\/researchchemicalhub.com\/sv\/wp-json\/wp\/v2\/product\/23896\/revisions\/27924"}],"wp:featuredmedia":[{"embeddable":true,"href":"https:\/\/researchchemicalhub.com\/sv\/wp-json\/wp\/v2\/media\/28578"}],"wp:attachment":[{"href":"https:\/\/researchchemicalhub.com\/sv\/wp-json\/wp\/v2\/media?parent=23896"}],"wp:term":[{"taxonomy":"product_brand","embeddable":true,"href":"https:\/\/researchchemicalhub.com\/sv\/wp-json\/wp\/v2\/product_brand?post=23896"},{"taxonomy":"product_cat","embeddable":true,"href":"https:\/\/researchchemicalhub.com\/sv\/wp-json\/wp\/v2\/product_cat?post=23896"},{"taxonomy":"product_tag","embeddable":true,"href":"https:\/\/researchchemicalhub.com\/sv\/wp-json\/wp\/v2\/product_tag?post=23896"}],"curies":[{"name":"wp","href":"https:\/\/api.w.org\/{rel}","templated":true}]}}