{"id":23869,"date":"2025-04-13T17:40:36","date_gmt":"2025-04-13T17:40:36","guid":{"rendered":"https:\/\/researchchemicalhub.com\/?post_type=product&#038;p=23869"},"modified":"2025-10-30T08:00:44","modified_gmt":"2025-10-30T08:00:44","slug":"kop-34-dmmc","status":"publish","type":"product","link":"https:\/\/researchchemicalhub.com\/sv\/handla\/3\/kop-34-dmmc\/","title":{"rendered":"3,4-DMMC (3,4-dimetylmetkatinon)"},"content":{"rendered":"<p data-start=\"4596\" data-end=\"4908\"><strong data-start=\"4596\" data-end=\"4636\">3,4-DMMC (3,4-dimetylmetkatinon)<\/strong> \u00e4r en <strong data-start=\"4644\" data-end=\"4679\">designad stimulerande f\u00f6rening<\/strong> inom klassen av <strong data-start=\"4701\" data-end=\"4725\">ers\u00e4tt katinoner<\/strong>.\u00a0<br data-start=\"4764\" data-end=\"4767\" \/>Det uppt\u00e4cktes f\u00f6rst omkring 2010 som en analog till mefedron och andra katinoner. <span class=\"___SBox_epc1q-ko_ ___SText_zko9t-ko_\" data-ui-name=\"Link.Text\">K\u00f6p 34 dmmc<\/span><\/p>\n<p data-start=\"4910\" data-end=\"5190\">Som forskningskemikalie anv\u00e4nds 3,4-DMMC i <strong data-start=\"4966\" data-end=\"5017\">analytiska, strukturella och forensiska studier<\/strong> av nya psykoaktiva substanser (NPS). Den fungerar som referensstandard i laboratorier som unders\u00f6ker transport\u00f6rinteraktioner, metaboliter och spektral identifiering.<\/p>\n<hr data-start=\"5192\" data-end=\"5195\" \/>\n<h3 data-start=\"5197\" data-end=\"5228\"><strong data-start=\"5201\" data-end=\"5228\">Viktiga funktioner<\/strong><\/h3>\n<ul data-start=\"5230\" data-end=\"6038\">\n<li data-start=\"5230\" data-end=\"5319\">\n<p data-start=\"5232\" data-end=\"5319\"><strong data-start=\"5232\" data-end=\"5264\">H\u00f6g analytisk renhet:<\/strong> Typiskt renhet \u2265 98\u201399% (batchberoende).<\/p>\n<\/li>\n<li data-start=\"5320\" data-end=\"5456\">\n<p data-start=\"5322\" data-end=\"5456\"><strong data-start=\"5322\" data-end=\"5346\">Strukturellt analog:<\/strong> Katinon med metylgrupper vid 3- och 4-positionerna i fenylringen.<\/p>\n<\/li>\n<li data-start=\"5457\" data-end=\"5650\">\n<p data-start=\"5459\" data-end=\"5650\"><strong data-start=\"5459\" data-end=\"5495\">Monoamintransport\u00f6raktivitet:<\/strong> Fungerar som ett substrat\/h\u00e4mmare av serotonin- och noradrenalintransport\u00f6rer; mindre effekt p\u00e5 dopamin\u00e5terupptag.<\/p>\n<\/li>\n<li data-start=\"5651\" data-end=\"5785\">\n<p data-start=\"5653\" data-end=\"5785\"><strong data-start=\"5653\" data-end=\"5689\">Robusta karakteriseringsdata:<\/strong> Fullst\u00e4ndigt karakteriserad med GC\/MS, IR, NMR, UV\/vis.<\/p>\n<\/li>\n<li data-start=\"5786\" data-end=\"5946\">\n<p data-start=\"5788\" data-end=\"5946\"><strong data-start=\"5788\" data-end=\"5815\">Unik GC-retentionstid:<\/strong> \u00c4ven om IR\/UV-profiler liknar mefedron, skiljer sig retentionstider och fragmentering \u00e5t.<\/p>\n<\/li>\n<li data-start=\"5947\" data-end=\"6038\">\n<p data-start=\"5949\" data-end=\"6038\"><strong data-start=\"5949\" data-end=\"5979\">Stabil vid korrekt f\u00f6rvaring:<\/strong> Bibeh\u00e5ller sin integritet n\u00e4r den \u00e4r ordentligt t\u00e4ckt och skyddad.<\/p>\n<\/li>\n<\/ul>\n<hr data-start=\"6040\" data-end=\"6043\" \/>\n<h3 data-start=\"6045\" data-end=\"6062\"><strong data-start=\"6049\" data-end=\"6062\">F\u00f6rdelar<\/strong><\/h3>\n<ol data-start=\"6064\" data-end=\"6583\">\n<li data-start=\"6064\" data-end=\"6166\">\n<p data-start=\"6067\" data-end=\"6166\"><strong data-start=\"6067\" data-end=\"6098\">Tillf\u00f6rlitlig referenssubstans:<\/strong> Anv\u00e4nd som kalibrerings- och j\u00e4mf\u00f6relseverktyg i forensiska laboratorier.<\/p>\n<\/li>\n<li data-start=\"6167\" data-end=\"6262\">\n<p data-start=\"6170\" data-end=\"6262\"><strong data-start=\"6170\" data-end=\"6194\">Spektral utmaning:<\/strong> Fungerar som en utmanande analog f\u00f6r att testa instrumentselektivitet.<\/p>\n<\/li>\n<li data-start=\"6263\" data-end=\"6359\">\n<p data-start=\"6266\" data-end=\"6359\"><strong data-start=\"6266\" data-end=\"6291\">Transport\u00f6rforskning:<\/strong> V\u00e4rdefull inom farmakologisk forskning om serotonin\/noradrenalin.<\/p>\n<\/li>\n<li data-start=\"6360\" data-end=\"6468\">\n<p data-start=\"6363\" data-end=\"6468\"><strong data-start=\"6363\" data-end=\"6387\">Metabolitforskning:<\/strong> Hj\u00e4lper till att kartl\u00e4gga metaboliska v\u00e4gar i biologiska prover.<\/p>\n<\/li>\n<li data-start=\"6469\" data-end=\"6583\">\n<p data-start=\"6472\" data-end=\"6583\"><strong data-start=\"6472\" data-end=\"6509\">St\u00f6djer forensisk utredning:<\/strong> Underl\u00e4ttar konstruktionen av spektrala databaser f\u00f6r nya \u00e4mnen.<\/p>\n<\/li>\n<\/ol>\n<hr data-start=\"6585\" data-end=\"6588\" \/>\n<h3 data-start=\"6590\" data-end=\"6650\"><strong data-start=\"6594\" data-end=\"6650\">Bruksanvisning (Endast f\u00f6r laboratoriebruk)<\/strong><\/h3>\n<ol data-start=\"6652\" data-end=\"7071\">\n<li data-start=\"6652\" data-end=\"6737\">\n<p data-start=\"6655\" data-end=\"6737\"><strong data-start=\"6655\" data-end=\"6696\">Anv\u00e4nd fullst\u00e4ndig skyddsutrustning:<\/strong> handskar, skyddsglas\u00f6gon, laboratorierock.<\/p>\n<\/li>\n<li data-start=\"6738\" data-end=\"6819\">\n<p data-start=\"6741\" data-end=\"6819\"><strong data-start=\"6741\" data-end=\"6781\">Arbeta i en kontrollerad milj\u00f6:<\/strong> t.ex. dragsk\u00e5p, ren arbetsyta.<\/p>\n<\/li>\n<li data-start=\"6820\" data-end=\"6896\">\n<p data-start=\"6823\" data-end=\"6896\"><strong data-start=\"6823\" data-end=\"6857\">Anv\u00e4nd exakta instrument:<\/strong> v\u00e5g, pipetter, spektrometrar etc.<\/p>\n<\/li>\n<li data-start=\"6897\" data-end=\"6984\">\n<p data-start=\"6900\" data-end=\"6984\"><strong data-start=\"6900\" data-end=\"6932\">Dokumentexempeldata:<\/strong> batchnummer, vikt, renhet, f\u00f6rh\u00e5llanden.<\/p>\n<\/li>\n<li data-start=\"6985\" data-end=\"7071\">\n<p data-start=\"6988\" data-end=\"7071\"><strong data-start=\"6988\" data-end=\"7018\">Avl\u00e4gsna rester p\u00e5 ett s\u00e4kert s\u00e4tt:<\/strong> enligt din institutions s\u00e4kerhetsprotokoll.<\/p>\n<\/li>\n<\/ol>\n<blockquote data-start=\"7073\" data-end=\"7189\">\n<p data-start=\"7075\" data-end=\"7189\">\u2697\ufe0f <strong data-start=\"7078\" data-end=\"7189\">Endast f\u00f6r analytiska\/vetenskapliga forsknings\u00e4ndam\u00e5l \u2013 inte f\u00f6r konsumtion av m\u00e4nniskor eller djur.<\/strong><\/p>\n<\/blockquote>\n<hr data-start=\"7191\" data-end=\"7194\" \/>\n<h3 data-start=\"7196\" data-end=\"7221\"><strong data-start=\"7200\" data-end=\"7221\">F\u00f6rvaringsinstruktioner<\/strong><\/h3>\n<ul data-start=\"7223\" data-end=\"7494\">\n<li data-start=\"7223\" data-end=\"7283\">\n<p data-start=\"7225\" data-end=\"7283\">Spara p\u00e5 <strong data-start=\"7236\" data-end=\"7246\">2\u20138 \u00b0C<\/strong> p\u00e5 en sval, torr och m\u00f6rk plats.<\/p>\n<\/li>\n<li data-start=\"7284\" data-end=\"7370\">\n<p data-start=\"7286\" data-end=\"7370\">Anv\u00e4nd inerta, luftt\u00e4ta beh\u00e5llare (t.ex. b\u00e4rnstensf\u00e4rgade injektionsflaskor) f\u00f6r att skydda mot fukt och ljus.<\/p>\n<\/li>\n<li data-start=\"7371\" data-end=\"7430\">\n<p data-start=\"7373\" data-end=\"7430\">Undvik upprepad exponering f\u00f6r v\u00e4rme eller ljus.<\/p>\n<\/li>\n<li data-start=\"7431\" data-end=\"7494\">\n<p data-start=\"7433\" data-end=\"7494\">Endast tillg\u00e4nglig f\u00f6r kvalificerad analytisk personal. <span class=\"___SBox_epc1q-ko_ ___SText_zko9t-ko_\" data-ui-name=\"Link.Text\">K\u00f6p 34 dmmc<\/span><\/p>\n<\/li>\n<\/ul>\n<hr data-start=\"7496\" data-end=\"7499\" \/>\n<h3 data-start=\"7501\" data-end=\"7536\"><strong data-start=\"7505\" data-end=\"7536\">Vanliga fr\u00e5gor (FAQ)<\/strong><\/h3>\n<p data-start=\"7538\" data-end=\"7781\"><strong data-start=\"7538\" data-end=\"7587\">1. Vilken \u00e4r verkningsmekanismen f\u00f6r 3,4-DMMC?<\/strong><br data-start=\"7587\" data-end=\"7590\" \/>In vitro fungerar det som ett substrat\/h\u00e4mmare av serotonin- och noradrenalintransport\u00f6rer; dess effekt p\u00e5 dopamin\u00e5terupptag \u00e4r relativt svagare.<\/p>\n<p data-start=\"7783\" data-end=\"8013\"><strong data-start=\"7783\" data-end=\"7850\">2. Kan 3,4-DMMC analytiskt skiljas fr\u00e5n mefedron?<\/strong><br data-start=\"7850\" data-end=\"7853\" \/>Ja. \u00c4ven om IR\/UV-profilerna kan \u00f6verlappa varandra, \u00e4r det GC-retentionstider och massfragmentering som g\u00f6r skillnaden.<\/p>\n<p data-start=\"8015\" data-end=\"8234\"><strong data-start=\"8015\" data-end=\"8058\">3. \u00c4r 3,4-DMMC reglerat eller olagligt?<\/strong><br data-start=\"8058\" data-end=\"8061\" \/>I m\u00e5nga l\u00e4nder regleras 3,4-DMMC som ett designerkatinon. I USA klassificeras det som ett Schedule I-l\u00e4kemedel som en positionsisomer av 4-MEC. <a href=\"https:\/\/researchchemicalhub.com\/sv\/handla\/pellets-for-pellets\/1p-lsd-mikrodos\/\">1P-LSD mikrodos<\/a><\/p>","protected":false},"excerpt":{"rendered":"<h3><span style=\"vertical-align: inherit;\"><span style=\"vertical-align: inherit;\">3,4-DMMC \u00e4r ett besl\u00e4ktat \u00e4mne med 3-MMC\/3-CMC<\/span><\/span><\/h3>\n<p><span style=\"vertical-align: inherit;\"><span style=\"vertical-align: inherit;\">3,4-DMMC \/3,4-dimetylmetkatinon \u00e4r ett \u00e4mne som vi endast s\u00e4ljer f\u00f6r forsknings\u00e4ndam\u00e5l och \u00e4r d\u00e4rf\u00f6r inte avsett f\u00f6r konsumtion. \u00c4mnet tillh\u00f6r kategorin katinoner. 3,4-DMMC levereras i pulverform och kan anv\u00e4ndas i forskning i upp till 2 \u00e5r vid f\u00f6rvaring i r\u00e4tt milj\u00f6.<\/span><\/span><\/p>","protected":false},"featured_media":28394,"comment_status":"closed","ping_status":"closed","template":"","meta":[],"product_brand":[],"product_cat":[493,494,322,79],"product_tag":[1105,326],"class_list":{"0":"post-23869","1":"product","2":"type-product","3":"status-publish","4":"has-post-thumbnail","6":"product_cat-493","7":"product_cat-4-dmmc","8":"product_cat-bijna-verboden","9":"product_cat-cathinonen","10":"product_tag-34-dmmc-kopen","11":"product_tag-nl","13":"first","14":"instock","15":"taxable","16":"shipping-taxable","17":"purchasable","18":"product-type-variable"},"_links":{"self":[{"href":"https:\/\/researchchemicalhub.com\/sv\/wp-json\/wp\/v2\/product\/23869","targetHints":{"allow":["GET"]}}],"collection":[{"href":"https:\/\/researchchemicalhub.com\/sv\/wp-json\/wp\/v2\/product"}],"about":[{"href":"https:\/\/researchchemicalhub.com\/sv\/wp-json\/wp\/v2\/types\/product"}],"replies":[{"embeddable":true,"href":"https:\/\/researchchemicalhub.com\/sv\/wp-json\/wp\/v2\/comments?post=23869"}],"version-history":[{"count":5,"href":"https:\/\/researchchemicalhub.com\/sv\/wp-json\/wp\/v2\/product\/23869\/revisions"}],"predecessor-version":[{"id":27928,"href":"https:\/\/researchchemicalhub.com\/sv\/wp-json\/wp\/v2\/product\/23869\/revisions\/27928"}],"wp:featuredmedia":[{"embeddable":true,"href":"https:\/\/researchchemicalhub.com\/sv\/wp-json\/wp\/v2\/media\/28394"}],"wp:attachment":[{"href":"https:\/\/researchchemicalhub.com\/sv\/wp-json\/wp\/v2\/media?parent=23869"}],"wp:term":[{"taxonomy":"product_brand","embeddable":true,"href":"https:\/\/researchchemicalhub.com\/sv\/wp-json\/wp\/v2\/product_brand?post=23869"},{"taxonomy":"product_cat","embeddable":true,"href":"https:\/\/researchchemicalhub.com\/sv\/wp-json\/wp\/v2\/product_cat?post=23869"},{"taxonomy":"product_tag","embeddable":true,"href":"https:\/\/researchchemicalhub.com\/sv\/wp-json\/wp\/v2\/product_tag?post=23869"}],"curies":[{"name":"wp","href":"https:\/\/api.w.org\/{rel}","templated":true}]}}