{"id":23847,"date":"2025-04-13T17:40:31","date_gmt":"2025-04-13T17:40:31","guid":{"rendered":"https:\/\/researchchemicalhub.com\/?post_type=product&#038;p=23847"},"modified":"2025-10-30T08:10:25","modified_gmt":"2025-10-30T08:10:25","slug":"3-cec-3-kloretkatinon","status":"publish","type":"product","link":"https:\/\/researchchemicalhub.com\/sv\/handla\/3-cec\/3-cec-3-kloretkatinon\/","title":{"rendered":"3-CEC (3-kloretkatinon)"},"content":{"rendered":"<p data-start=\"4917\" data-end=\"5245\"><strong data-start=\"4917\" data-end=\"4949\"><span dir=\"auto\" style=\"vertical-align: inherit;\"><span dir=\"auto\" style=\"vertical-align: inherit;\">3-CEC (3-kloretkatinon)<\/span><\/span><\/strong><span dir=\"auto\" style=\"vertical-align: inherit;\"><span dir=\"auto\" style=\"vertical-align: inherit;\"> \u00e4r en <\/span><\/span><strong data-start=\"4957\" data-end=\"4990\"><span dir=\"auto\" style=\"vertical-align: inherit;\"><span dir=\"auto\" style=\"vertical-align: inherit;\">syntetiskt katonderivat<\/span><\/span><\/strong><span dir=\"auto\" style=\"vertical-align: inherit;\"><span dir=\"auto\" style=\"vertical-align: inherit;\"> anv\u00e4nds som en <\/span><\/span><strong data-start=\"5014\" data-end=\"5047\"><span dir=\"auto\" style=\"vertical-align: inherit;\"><span dir=\"auto\" style=\"vertical-align: inherit;\">referens- och forskningskemikalie<\/span><\/span><\/strong><span dir=\"auto\" style=\"vertical-align: inherit;\"><span dir=\"auto\" style=\"vertical-align: inherit;\"> i analytiska och forensiska laboratorier. Den tillh\u00f6r klassen av <\/span><\/span><strong data-start=\"5125\" data-end=\"5148\"><span dir=\"auto\" style=\"vertical-align: inherit;\"><span dir=\"auto\" style=\"vertical-align: inherit;\">\u03b2-ketoamfetaminer<\/span><\/span><\/strong><span dir=\"auto\" style=\"vertical-align: inherit;\"><span dir=\"auto\" style=\"vertical-align: inherit;\"> och utreds f\u00f6r det <\/span><\/span><strong data-start=\"5182\" data-end=\"5244\"><span dir=\"auto\" style=\"vertical-align: inherit;\"><span dir=\"auto\" style=\"vertical-align: inherit;\">kemisk struktur, stabilitet och detektionsegenskaper.<\/span><\/span><\/strong><span dir=\"auto\" style=\"vertical-align: inherit;\"><span dir=\"auto\" style=\"vertical-align: inherit;\"> .<\/span><\/span><\/p>\n<p data-start=\"5247\" data-end=\"5504\"><span dir=\"auto\" style=\"vertical-align: inherit;\"><span dir=\"auto\" style=\"vertical-align: inherit;\">Denna produkt \u00e4r <\/span><\/span><strong data-start=\"5262\" data-end=\"5312\"><span dir=\"auto\" style=\"vertical-align: inherit;\"><span dir=\"auto\" style=\"vertical-align: inherit;\">endast avsedd f\u00f6r laboratorieforskning<\/span><\/span><\/strong><span dir=\"auto\" style=\"vertical-align: inherit;\"><span dir=\"auto\" style=\"vertical-align: inherit;\"> och <\/span><\/span><strong data-start=\"5316\" data-end=\"5364\"><span dir=\"auto\" style=\"vertical-align: inherit;\"><span dir=\"auto\" style=\"vertical-align: inherit;\">\u00e4r inte avsedd f\u00f6r m\u00e4nsklig eller djurkonsumtion<\/span><\/span><\/strong><span dir=\"auto\" style=\"vertical-align: inherit;\"><span dir=\"auto\" style=\"vertical-align: inherit;\"> Forskare anv\u00e4nder 3-CEC f\u00f6r <\/span><\/span><strong data-start=\"5400\" data-end=\"5467\"><span dir=\"auto\" style=\"vertical-align: inherit;\"><span dir=\"auto\" style=\"vertical-align: inherit;\">kemisk analys, spektroskopi och kromatografi<\/span><\/span><\/strong><span dir=\"auto\" style=\"vertical-align: inherit;\"><span dir=\"auto\" style=\"vertical-align: inherit;\"> under kontrollerade f\u00f6rh\u00e5llanden.<\/span><\/span><\/p>\n<hr data-start=\"5506\" data-end=\"5509\" \/>\n<h3 data-start=\"5511\" data-end=\"5542\"><strong data-start=\"5515\" data-end=\"5542\"><span dir=\"auto\" style=\"vertical-align: inherit;\"><span dir=\"auto\" style=\"vertical-align: inherit;\">Viktiga funktioner<\/span><\/span><\/strong><\/h3>\n<ul data-start=\"5544\" data-end=\"6031\">\n<li data-start=\"5544\" data-end=\"5653\">\n<p data-start=\"5546\" data-end=\"5653\"><strong data-start=\"5546\" data-end=\"5566\"><span dir=\"auto\" style=\"vertical-align: inherit;\"><span dir=\"auto\" style=\"vertical-align: inherit;\">H\u00f6g renhet:<\/span><\/span><\/strong><span dir=\"auto\" style=\"vertical-align: inherit;\"><span dir=\"auto\" style=\"vertical-align: inherit;\"> Tillverkad enligt strikta kvalitetsstandarder f\u00f6r tillf\u00f6rlitliga forskningsresultat.<\/span><\/span><\/p>\n<\/li>\n<li data-start=\"5654\" data-end=\"5753\">\n<p data-start=\"5656\" data-end=\"5753\"><strong data-start=\"5656\" data-end=\"5683\"><span dir=\"auto\" style=\"vertical-align: inherit;\"><span dir=\"auto\" style=\"vertical-align: inherit;\">Kemisk konsistens:<\/span><\/span><\/strong><span dir=\"auto\" style=\"vertical-align: inherit;\"><span dir=\"auto\" style=\"vertical-align: inherit;\"> Varje batch testas noggrant f\u00f6r sammans\u00e4ttning och stabilitet.<\/span><\/span><\/p>\n<\/li>\n<li data-start=\"5754\" data-end=\"5835\">\n<p data-start=\"5756\" data-end=\"5835\"><strong data-start=\"5756\" data-end=\"5777\"><span dir=\"auto\" style=\"vertical-align: inherit;\"><span dir=\"auto\" style=\"vertical-align: inherit;\">Bred till\u00e4mpbarhet:<\/span><\/span><\/strong><span dir=\"auto\" style=\"vertical-align: inherit;\"><span dir=\"auto\" style=\"vertical-align: inherit;\"> L\u00e4mplig f\u00f6r <\/span><\/span><strong data-start=\"5792\" data-end=\"5801\"><span dir=\"auto\" style=\"vertical-align: inherit;\"><span dir=\"auto\" style=\"vertical-align: inherit;\">GC-MS<\/span><\/span><\/strong><span dir=\"auto\" style=\"vertical-align: inherit;\"><span dir=\"auto\" style=\"vertical-align: inherit;\"> , <\/span><\/span><strong data-start=\"5803\" data-end=\"5811\"><span dir=\"auto\" style=\"vertical-align: inherit;\"><span dir=\"auto\" style=\"vertical-align: inherit;\">HPLC<\/span><\/span><\/strong><span dir=\"auto\" style=\"vertical-align: inherit;\"><span dir=\"auto\" style=\"vertical-align: inherit;\"> och <\/span><\/span><strong data-start=\"5815\" data-end=\"5823\"><span dir=\"auto\" style=\"vertical-align: inherit;\"><span dir=\"auto\" style=\"vertical-align: inherit;\">FTIR<\/span><\/span><\/strong><span dir=\"auto\" style=\"vertical-align: inherit;\"><span dir=\"auto\" style=\"vertical-align: inherit;\"> analyser.<\/span><\/span><\/p>\n<\/li>\n<li data-start=\"5836\" data-end=\"5928\">\n<p data-start=\"5838\" data-end=\"5928\"><strong data-start=\"5838\" data-end=\"5868\"><span dir=\"auto\" style=\"vertical-align: inherit;\"><span dir=\"auto\" style=\"vertical-align: inherit;\">Full sp\u00e5rbarhet:<\/span><\/span><\/strong><span dir=\"auto\" style=\"vertical-align: inherit;\"><span dir=\"auto\" style=\"vertical-align: inherit;\"> Levereras med analysintyg f\u00f6r kvalitetss\u00e4kring.<\/span><\/span><\/p>\n<\/li>\n<li data-start=\"5929\" data-end=\"6031\">\n<p data-start=\"5931\" data-end=\"6031\"><strong data-start=\"5931\" data-end=\"5954\"><span dir=\"auto\" style=\"vertical-align: inherit;\"><span dir=\"auto\" style=\"vertical-align: inherit;\">S\u00e4ker f\u00f6rpackning:<\/span><\/span><\/strong><span dir=\"auto\" style=\"vertical-align: inherit;\"><span dir=\"auto\" style=\"vertical-align: inherit;\"> Kemikalieresistenta beh\u00e5llare s\u00e4kerst\u00e4ller optimal f\u00f6rvaring och skydd.<\/span><\/span><\/p>\n<\/li>\n<\/ul>\n<hr data-start=\"6033\" data-end=\"6036\" \/>\n<h3 data-start=\"6038\" data-end=\"6055\"><strong data-start=\"6042\" data-end=\"6055\"><span dir=\"auto\" style=\"vertical-align: inherit;\"><span dir=\"auto\" style=\"vertical-align: inherit;\">F\u00f6rdelar<\/span><\/span><\/strong><\/h3>\n<ul data-start=\"6057\" data-end=\"6545\">\n<li data-start=\"6057\" data-end=\"6161\">\n<p data-start=\"6059\" data-end=\"6161\"><strong data-start=\"6059\" data-end=\"6094\"><span dir=\"auto\" style=\"vertical-align: inherit;\"><span dir=\"auto\" style=\"vertical-align: inherit;\">Idealisk f\u00f6r analytisk kemi:<\/span><\/span><\/strong><span dir=\"auto\" style=\"vertical-align: inherit;\"><span dir=\"auto\" style=\"vertical-align: inherit;\"> L\u00e4mplig f\u00f6r strukturell identifiering och renhetstestning.<\/span><\/span><\/p>\n<\/li>\n<li data-start=\"6162\" data-end=\"6286\">\n<p data-start=\"6164\" data-end=\"6286\"><strong data-start=\"6164\" data-end=\"6201\"><span dir=\"auto\" style=\"vertical-align: inherit;\"><span dir=\"auto\" style=\"vertical-align: inherit;\">St\u00f6djer forensisk utredning:<\/span><\/span><\/strong><span dir=\"auto\" style=\"vertical-align: inherit;\"><span dir=\"auto\" style=\"vertical-align: inherit;\"> Anv\u00e4nds f\u00f6r identifiering av katinonanaloger i forensiska studier.<\/span><\/span><\/p>\n<\/li>\n<li data-start=\"6287\" data-end=\"6364\">\n<p data-start=\"6289\" data-end=\"6364\"><strong data-start=\"6289\" data-end=\"6316\"><span dir=\"auto\" style=\"vertical-align: inherit;\"><span dir=\"auto\" style=\"vertical-align: inherit;\">Tillf\u00f6rlitliga resultat:<\/span><\/span><\/strong><span dir=\"auto\" style=\"vertical-align: inherit;\"><span dir=\"auto\" style=\"vertical-align: inherit;\"> Konsekvent kvalitet och reproducerbarhet.<\/span><\/span><\/p>\n<\/li>\n<li data-start=\"6365\" data-end=\"6464\">\n<p data-start=\"6367\" data-end=\"6464\"><strong data-start=\"6367\" data-end=\"6401\"><span dir=\"auto\" style=\"vertical-align: inherit;\"><span dir=\"auto\" style=\"vertical-align: inherit;\">Uppfyller s\u00e4kerhetsstandarder:<\/span><\/span><\/strong><span dir=\"auto\" style=\"vertical-align: inherit;\"><span dir=\"auto\" style=\"vertical-align: inherit;\"> Tillverkad enligt internationella laboratorieriktlinjer.<\/span><\/span><\/p>\n<\/li>\n<li data-start=\"6465\" data-end=\"6545\">\n<p data-start=\"6467\" data-end=\"6545\"><strong data-start=\"6467\" data-end=\"6488\"><span dir=\"auto\" style=\"vertical-align: inherit;\"><span dir=\"auto\" style=\"vertical-align: inherit;\">Noggranna uppgifter:<\/span><\/span><\/strong><span dir=\"auto\" style=\"vertical-align: inherit;\"><span dir=\"auto\" style=\"vertical-align: inherit;\"> H\u00f6g renhet minimerar m\u00e4tfel i analyser.<\/span><\/span><\/p>\n<\/li>\n<\/ul>\n<hr data-start=\"6547\" data-end=\"6550\" \/>\n<h3 data-start=\"6552\" data-end=\"6613\"><strong data-start=\"6556\" data-end=\"6613\"><span dir=\"auto\" style=\"vertical-align: inherit;\"><span dir=\"auto\" style=\"vertical-align: inherit;\">Bruksanvisning (endast f\u00f6r forsknings\u00e4ndam\u00e5l)<\/span><\/span><\/strong><\/h3>\n<ol data-start=\"6615\" data-end=\"7045\">\n<li data-start=\"6615\" data-end=\"6742\">\n<p data-start=\"6618\" data-end=\"6742\"><strong data-start=\"6618\" data-end=\"6636\"><span dir=\"auto\" style=\"vertical-align: inherit;\"><span dir=\"auto\" style=\"vertical-align: inherit;\">F\u00f6rberedelse:<\/span><\/span><\/strong><span dir=\"auto\" style=\"vertical-align: inherit;\"><span dir=\"auto\" style=\"vertical-align: inherit;\"> Anv\u00e4nd alltid l\u00e4mplig personlig skyddsutrustning s\u00e5som handskar, skyddsglas\u00f6gon och laboratorierock.<\/span><\/span><\/p>\n<\/li>\n<li data-start=\"6743\" data-end=\"6851\">\n<p data-start=\"6746\" data-end=\"6851\"><strong data-start=\"6746\" data-end=\"6761\"><span dir=\"auto\" style=\"vertical-align: inherit;\"><span dir=\"auto\" style=\"vertical-align: inherit;\">Ans\u00f6kan:<\/span><\/span><\/strong><span dir=\"auto\" style=\"vertical-align: inherit;\"><span dir=\"auto\" style=\"vertical-align: inherit;\"> Anv\u00e4nd sm\u00e5, kontrollerade m\u00e4ngder f\u00f6r analytisk eller spektroskopisk testning.<\/span><\/span><\/p>\n<\/li>\n<li data-start=\"6852\" data-end=\"6948\">\n<p data-start=\"6855\" data-end=\"6948\"><strong data-start=\"6855\" data-end=\"6866\"><span dir=\"auto\" style=\"vertical-align: inherit;\"><span dir=\"auto\" style=\"vertical-align: inherit;\">Lagring:<\/span><\/span><\/strong><span dir=\"auto\" style=\"vertical-align: inherit;\"><span dir=\"auto\" style=\"vertical-align: inherit;\"> F\u00f6rvara svalt, torrt och m\u00f6rkt, v\u00e4l tillslutet och utom r\u00e4ckh\u00e5ll f\u00f6r obeh\u00f6riga.<\/span><\/span><\/p>\n<\/li>\n<li data-start=\"6949\" data-end=\"7045\">\n<p data-start=\"6952\" data-end=\"7045\"><strong data-start=\"6952\" data-end=\"6963\"><span dir=\"auto\" style=\"vertical-align: inherit;\"><span dir=\"auto\" style=\"vertical-align: inherit;\">F\u00f6rfogande:<\/span><\/span><\/strong><span dir=\"auto\" style=\"vertical-align: inherit;\"><span dir=\"auto\" style=\"vertical-align: inherit;\"> F\u00f6lj riktlinjerna f\u00f6r kemiskt avfall enligt ditt laboratoriums policy.<\/span><\/span><\/p>\n<\/li>\n<\/ol>\n<hr data-start=\"7047\" data-end=\"7050\" \/>\n<h3 data-start=\"7052\" data-end=\"7086\"><strong data-start=\"7056\" data-end=\"7086\"><span dir=\"auto\" style=\"vertical-align: inherit;\"><span dir=\"auto\" style=\"vertical-align: inherit;\">S\u00e4kerhet och efterlevnad<\/span><\/span><\/strong><\/h3>\n<ul data-start=\"7088\" data-end=\"7441\">\n<li data-start=\"7088\" data-end=\"7183\">\n<p data-start=\"7090\" data-end=\"7183\"><strong data-start=\"7090\" data-end=\"7125\"><span dir=\"auto\" style=\"vertical-align: inherit;\"><span dir=\"auto\" style=\"vertical-align: inherit;\">Endast f\u00f6r laboratoriebruk<\/span><\/span><\/strong><span dir=\"auto\" style=\"vertical-align: inherit;\"><span dir=\"auto\" style=\"vertical-align: inherit;\"> \u2013 Ej avsedd f\u00f6r konsumtion av m\u00e4nniskor eller djur.<\/span><\/span><\/p>\n<\/li>\n<li data-start=\"7184\" data-end=\"7247\">\n<p data-start=\"7186\" data-end=\"7247\"><strong data-start=\"7186\" data-end=\"7211\"><span dir=\"auto\" style=\"vertical-align: inherit;\"><span dir=\"auto\" style=\"vertical-align: inherit;\">Ansvarsfull hantering:<\/span><\/span><\/strong><span dir=\"auto\" style=\"vertical-align: inherit;\"><span dir=\"auto\" style=\"vertical-align: inherit;\"> Undvik kontakt med hud eller \u00f6gon.<\/span><\/span><\/p>\n<\/li>\n<li data-start=\"7248\" data-end=\"7350\">\n<p data-start=\"7250\" data-end=\"7350\"><strong data-start=\"7250\" data-end=\"7266\"><span dir=\"auto\" style=\"vertical-align: inherit;\"><span dir=\"auto\" style=\"vertical-align: inherit;\">Regler:<\/span><\/span><\/strong><span dir=\"auto\" style=\"vertical-align: inherit;\"><span dir=\"auto\" style=\"vertical-align: inherit;\"> Kontrollera alltid <\/span><\/span><strong data-start=\"7288\" data-end=\"7308\"><span dir=\"auto\" style=\"vertical-align: inherit;\"><span dir=\"auto\" style=\"vertical-align: inherit;\">lokala lagar<\/span><\/span><\/strong><span dir=\"auto\" style=\"vertical-align: inherit;\"><span dir=\"auto\" style=\"vertical-align: inherit;\"> ang\u00e5ende innehav eller anv\u00e4ndning av 3-CEC.<\/span><\/span><\/p>\n<\/li>\n<li data-start=\"7351\" data-end=\"7441\">\n<p data-start=\"7353\" data-end=\"7441\"><strong data-start=\"7353\" data-end=\"7370\"><span dir=\"auto\" style=\"vertical-align: inherit;\"><span dir=\"auto\" style=\"vertical-align: inherit;\">Dokumentation:<\/span><\/span><\/strong><span dir=\"auto\" style=\"vertical-align: inherit;\"><span dir=\"auto\" style=\"vertical-align: inherit;\"> En <\/span><\/span><strong data-start=\"7375\" data-end=\"7411\"><span dir=\"auto\" style=\"vertical-align: inherit;\"><span dir=\"auto\" style=\"vertical-align: inherit;\">S\u00e4kerhetsdatablad (MSDS)<\/span><\/span><\/strong><span dir=\"auto\" style=\"vertical-align: inherit;\"><span dir=\"auto\" style=\"vertical-align: inherit;\"> finns tillg\u00e4nglig p\u00e5 beg\u00e4ran.<\/span><\/span><\/p>\n<\/li>\n<\/ul>\n<hr data-start=\"7443\" data-end=\"7446\" \/>\n<h3 data-start=\"7448\" data-end=\"7483\"><strong data-start=\"7452\" data-end=\"7483\"><span dir=\"auto\" style=\"vertical-align: inherit;\"><span dir=\"auto\" style=\"vertical-align: inherit;\">Vanliga fr\u00e5gor (FAQ)<\/span><\/span><\/strong><\/h3>\n<p data-start=\"7485\" data-end=\"7622\"><strong data-start=\"7485\" data-end=\"7522\"><span dir=\"auto\" style=\"vertical-align: inherit;\"><span dir=\"auto\" style=\"vertical-align: inherit;\">1. Vad anv\u00e4nds 3-CEC till?<\/span><\/span><\/strong><br data-start=\"7522\" data-end=\"7525\" \/><span dir=\"auto\" style=\"vertical-align: inherit;\"><span dir=\"auto\" style=\"vertical-align: inherit;\"> 3-CEC anv\u00e4nds uteslutande som <\/span><\/span><strong data-start=\"7562\" data-end=\"7580\"><span dir=\"auto\" style=\"vertical-align: inherit;\"><span dir=\"auto\" style=\"vertical-align: inherit;\">ett referens\u00e4mne<\/span><\/span><\/strong><span dir=\"auto\" style=\"vertical-align: inherit;\"><span dir=\"auto\" style=\"vertical-align: inherit;\"> och <\/span><\/span><strong data-start=\"7584\" data-end=\"7606\"><span dir=\"auto\" style=\"vertical-align: inherit;\"><span dir=\"auto\" style=\"vertical-align: inherit;\">analytiskt reagens<\/span><\/span><\/strong><span dir=\"auto\" style=\"vertical-align: inherit;\"><span dir=\"auto\" style=\"vertical-align: inherit;\"> i laboratorier.<\/span><\/span><\/p>\n<p data-start=\"7624\" data-end=\"7802\"><strong data-start=\"7624\" data-end=\"7674\"><span dir=\"auto\" style=\"vertical-align: inherit;\"><span dir=\"auto\" style=\"vertical-align: inherit;\">2. \u00c4r 3-CEC s\u00e4kert f\u00f6r m\u00e4nsklig konsumtion?<\/span><\/span><\/strong><br data-start=\"7674\" data-end=\"7677\" \/><span dir=\"auto\" style=\"vertical-align: inherit;\"><span dir=\"auto\" style=\"vertical-align: inherit;\"> Nej. Denna produkt \u00e4r <\/span><\/span><strong data-start=\"7697\" data-end=\"7754\"><span dir=\"auto\" style=\"vertical-align: inherit;\"><span dir=\"auto\" style=\"vertical-align: inherit;\">inte l\u00e4mplig f\u00f6r m\u00e4nsklig eller djurkonsumtion<\/span><\/span><\/strong><span dir=\"auto\" style=\"vertical-align: inherit;\"><span dir=\"auto\" style=\"vertical-align: inherit;\"> och \u00e4r endast avsedd f\u00f6r forsknings\u00e4ndam\u00e5l.<\/span><\/span><\/p>\n<p data-start=\"7804\" data-end=\"7925\"><strong data-start=\"7804\" data-end=\"7844\"><span dir=\"auto\" style=\"vertical-align: inherit;\"><span dir=\"auto\" style=\"vertical-align: inherit;\">3. Hur ska 3-CEC f\u00f6rvaras?<\/span><\/span><\/strong><br data-start=\"7844\" data-end=\"7847\" \/><span dir=\"auto\" style=\"vertical-align: inherit;\"><span dir=\"auto\" style=\"vertical-align: inherit;\"> F\u00f6rvara svalt, m\u00f6rkt och v\u00e4l tillslutet, helst i ett kemikaliesk\u00e5p.<\/span><\/span><\/p>\n<p><a href=\"https:\/\/researchchemicalhub.com\/sv\/handla\/iboga-ibogain\/iboga-rotbark\/\"><span dir=\"auto\" style=\"vertical-align: inherit;\"><span dir=\"auto\" style=\"vertical-align: inherit;\">iboga rotbark<\/span><\/span><\/a><a href=\"https:\/\/researchchemicalhub.com\/sv\/handla\/iboga-ibogain\/kop-ibogaine-hcl-online\/\"><span dir=\"auto\" style=\"vertical-align: inherit;\"><span dir=\"auto\" style=\"vertical-align: inherit;\">k\u00f6p ibogaine hcl online<\/span><\/span><\/a><a href=\"https:\/\/researchchemicalhub.com\/sv\/handla\/pellets\/o-dsmt-50-mg-pellets\/\"><span dir=\"auto\" style=\"vertical-align: inherit;\"><span dir=\"auto\" style=\"vertical-align: inherit;\">o-dsmt <\/span><\/span><\/a><a href=\"https:\/\/researchchemicalhub.com\/sv\/handla\/lysergamider\/1vlsd\/\"><span dir=\"auto\" style=\"vertical-align: inherit;\"><span dir=\"auto\" style=\"vertical-align: inherit;\">1vlsd<\/span><\/span><\/a><a href=\"https:\/\/researchchemicalhub.com\/sv\/handla\/lysergamider\/1cp-lsd\/\"><span dir=\"auto\" style=\"vertical-align: inherit;\"><span dir=\"auto\" style=\"vertical-align: inherit;\">1cp lsd<\/span><\/span><\/a><\/p>","protected":false},"excerpt":{"rendered":"<h2><span dir=\"auto\" style=\"vertical-align: inherit;\"><span dir=\"auto\" style=\"vertical-align: inherit;\">3-CEC-egenskaper<\/span><\/span><\/h2>\n<p><strong><span dir=\"auto\" style=\"vertical-align: inherit;\"><span dir=\"auto\" style=\"vertical-align: inherit;\">Synonym:<\/span><\/span><\/strong><span dir=\"auto\" style=\"vertical-align: inherit;\"><span dir=\"auto\" style=\"vertical-align: inherit;\"> 3-kloretkatinon \/ 1-(3-klorfenyl)-2-(etylamino)propan-1-on <\/span><\/span><strong><br \/>\n<span dir=\"auto\" style=\"vertical-align: inherit;\"><span dir=\"auto\" style=\"vertical-align: inherit;\">CAS-nummer<\/span><\/span><\/strong><span dir=\"auto\" style=\"vertical-align: inherit;\"><span dir=\"auto\" style=\"vertical-align: inherit;\"> : 2150476-60-9 <\/span><\/span><br \/>\n<strong><span dir=\"auto\" style=\"vertical-align: inherit;\"><span dir=\"auto\" style=\"vertical-align: inherit;\">Formel<\/span><\/span><\/strong><span dir=\"auto\" style=\"vertical-align: inherit;\"><span dir=\"auto\" style=\"vertical-align: inherit;\"> C11H14ClNO \u2022 HCL <\/span><\/span><br \/>\n<strong><span dir=\"auto\" style=\"vertical-align: inherit;\"><span dir=\"auto\" style=\"vertical-align: inherit;\">Molmassa<\/span><\/span><\/strong><span dir=\"auto\" style=\"vertical-align: inherit;\"><span dir=\"auto\" style=\"vertical-align: inherit;\"> : 211,69 g\/mol <\/span><\/span><br \/>\n<strong><span dir=\"auto\" style=\"vertical-align: inherit;\"><span dir=\"auto\" style=\"vertical-align: inherit;\">Renhet<\/span><\/span><\/strong><span dir=\"auto\" style=\"vertical-align: inherit;\"><span dir=\"auto\" style=\"vertical-align: inherit;\"> : \u226598%<\/span><\/span><\/p>","protected":false},"featured_media":28395,"comment_status":"closed","ping_status":"closed","template":"","meta":[],"product_brand":[82],"product_cat":[553,322,79],"product_tag":[611,612,613,326],"class_list":{"0":"post-23847","1":"product","2":"type-product","3":"status-publish","4":"has-post-thumbnail","6":"product_brand-research-chemical","7":"product_cat-3-cec","8":"product_cat-bijna-verboden","9":"product_cat-cathinonen","10":"product_tag-3-cec","11":"product_tag-3cec","12":"product_tag-3cec-ervaring","13":"product_tag-nl","15":"first","16":"instock","17":"taxable","18":"shipping-taxable","19":"purchasable","20":"product-type-variable"},"_links":{"self":[{"href":"https:\/\/researchchemicalhub.com\/sv\/wp-json\/wp\/v2\/product\/23847","targetHints":{"allow":["GET"]}}],"collection":[{"href":"https:\/\/researchchemicalhub.com\/sv\/wp-json\/wp\/v2\/product"}],"about":[{"href":"https:\/\/researchchemicalhub.com\/sv\/wp-json\/wp\/v2\/types\/product"}],"replies":[{"embeddable":true,"href":"https:\/\/researchchemicalhub.com\/sv\/wp-json\/wp\/v2\/comments?post=23847"}],"version-history":[{"count":6,"href":"https:\/\/researchchemicalhub.com\/sv\/wp-json\/wp\/v2\/product\/23847\/revisions"}],"predecessor-version":[{"id":28703,"href":"https:\/\/researchchemicalhub.com\/sv\/wp-json\/wp\/v2\/product\/23847\/revisions\/28703"}],"wp:featuredmedia":[{"embeddable":true,"href":"https:\/\/researchchemicalhub.com\/sv\/wp-json\/wp\/v2\/media\/28395"}],"wp:attachment":[{"href":"https:\/\/researchchemicalhub.com\/sv\/wp-json\/wp\/v2\/media?parent=23847"}],"wp:term":[{"taxonomy":"product_brand","embeddable":true,"href":"https:\/\/researchchemicalhub.com\/sv\/wp-json\/wp\/v2\/product_brand?post=23847"},{"taxonomy":"product_cat","embeddable":true,"href":"https:\/\/researchchemicalhub.com\/sv\/wp-json\/wp\/v2\/product_cat?post=23847"},{"taxonomy":"product_tag","embeddable":true,"href":"https:\/\/researchchemicalhub.com\/sv\/wp-json\/wp\/v2\/product_tag?post=23847"}],"curies":[{"name":"wp","href":"https:\/\/api.w.org\/{rel}","templated":true}]}}