{"id":23834,"date":"2025-04-13T17:40:30","date_gmt":"2025-04-13T17:40:30","guid":{"rendered":"https:\/\/researchchemicalhub.com\/?post_type=product&#038;p=23834"},"modified":"2025-10-30T08:12:59","modified_gmt":"2025-10-30T08:12:59","slug":"kop-jwh-210","status":"publish","type":"product","link":"https:\/\/researchchemicalhub.com\/sv\/handla\/nastan-forbjuden\/kop-jwh-210\/","title":{"rendered":"JWH-210 (John William Huffman \u2013 210)"},"content":{"rendered":"<p data-start=\"5035\" data-end=\"5263\"><strong data-start=\"5035\" data-end=\"5073\">JWH-210 (John William Huffman-210)<\/strong> \u00e4r en <strong data-start=\"5081\" data-end=\"5118\">syntetisk cannabinoidagonist<\/strong> fr\u00e5n <strong data-start=\"5126\" data-end=\"5151\">naftoylindolfamiljen<\/strong>Det utvecklades ursprungligen under akademisk forskning om cannabinoidreceptorernas funktion. K\u00f6p JWH-210<\/p>\n<p data-start=\"5265\" data-end=\"5586\">Idag fungerar JWH-210 som <strong data-start=\"5296\" data-end=\"5326\">referens- och analytsubstans<\/strong> i laboratorier som bedriver forskning om <strong data-start=\"5366\" data-end=\"5396\">syntetiska cannabinoider<\/strong>, <strong data-start=\"5398\" data-end=\"5419\">metabolitanalys<\/strong> och <strong data-start=\"5423\" data-end=\"5455\">toxikologisk identifiering<\/strong>Produkten \u00e4r <strong data-start=\"5472\" data-end=\"5522\">endast avsedd f\u00f6r laboratorieforskning<\/strong> och <strong data-start=\"5526\" data-end=\"5583\">inte l\u00e4mplig f\u00f6r m\u00e4nsklig eller djurkonsumtion<\/strong>.<\/p>\n<hr data-start=\"5588\" data-end=\"5591\" \/>\n<h3 data-start=\"5593\" data-end=\"5624\"><strong data-start=\"5597\" data-end=\"5624\">Viktiga funktioner<\/strong><\/h3>\n<ul data-start=\"5626\" data-end=\"6080\">\n<li data-start=\"5626\" data-end=\"5709\">\n<p data-start=\"5628\" data-end=\"5709\"><strong data-start=\"5628\" data-end=\"5653\">Kemisk identitet:<\/strong> Syntetisk cannabinoid av naftoylindolklassen.<\/p>\n<\/li>\n<li data-start=\"5710\" data-end=\"5790\">\n<p data-start=\"5712\" data-end=\"5790\"><strong data-start=\"5712\" data-end=\"5732\">H\u00f6g renhet:<\/strong> Utformad f\u00f6r exakta detektions- och analysmetoder.<\/p>\n<\/li>\n<li data-start=\"5791\" data-end=\"5884\">\n<p data-start=\"5793\" data-end=\"5884\"><strong data-start=\"5793\" data-end=\"5832\">Certifierat referensmaterial:<\/strong> Levereras med analysintyg och batchdata.<\/p>\n<\/li>\n<li data-start=\"5885\" data-end=\"5981\">\n<p data-start=\"5887\" data-end=\"5981\"><strong data-start=\"5887\" data-end=\"5910\">Stabil struktur:<\/strong> L\u00e4mplig f\u00f6r l\u00e5ngtidslagring under kontrollerade f\u00f6rh\u00e5llanden.<\/p>\n<\/li>\n<li data-start=\"5982\" data-end=\"6080\">\n<p data-start=\"5984\" data-end=\"6080\"><strong data-start=\"5984\" data-end=\"6018\">Kompatibel med m\u00e4ttekniker:<\/strong> Till\u00e4mplig i <strong data-start=\"6033\" data-end=\"6042\">GC-MS<\/strong>, <strong data-start=\"6044\" data-end=\"6056\">LC-MS\/MS<\/strong> och <strong data-start=\"6060\" data-end=\"6068\">HPLC<\/strong> analyser.<\/p>\n<\/li>\n<\/ul>\n<hr data-start=\"6082\" data-end=\"6085\" \/>\n<h3 data-start=\"6087\" data-end=\"6104\"><strong data-start=\"6091\" data-end=\"6104\">F\u00f6rdelar<\/strong><\/h3>\n<ul data-start=\"6106\" data-end=\"6616\">\n<li data-start=\"6106\" data-end=\"6223\">\n<p data-start=\"6108\" data-end=\"6223\"><strong data-start=\"6108\" data-end=\"6145\">St\u00f6der analytisk forskning:<\/strong> Hj\u00e4lper till att identifiera och kvantifiera syntetiska cannabinoider.<\/p>\n<\/li>\n<li data-start=\"6224\" data-end=\"6313\">\n<p data-start=\"6226\" data-end=\"6313\"><strong data-start=\"6226\" data-end=\"6254\">\u00d6kar noggrannheten:<\/strong> S\u00e4kerst\u00e4ller tillf\u00f6rlitlig kalibrering av analysinstrument.<\/p>\n<\/li>\n<li data-start=\"6314\" data-end=\"6432\">\n<p data-start=\"6316\" data-end=\"6432\"><strong data-start=\"6316\" data-end=\"6357\">Viktigt f\u00f6r kriminalteknisk utredning:<\/strong> Bidrar till f\u00f6rst\u00e5elsen av strukturella samband inom cannabinoider.<\/p>\n<\/li>\n<li data-start=\"6433\" data-end=\"6529\">\n<p data-start=\"6435\" data-end=\"6529\"><strong data-start=\"6435\" data-end=\"6466\">Strikt kvalitetskontroll:<\/strong> Tillverkad enligt internationella laboratorieriktlinjer. K\u00f6p JWH-210<\/p>\n<\/li>\n<li data-start=\"6530\" data-end=\"6616\">\n<p data-start=\"6532\" data-end=\"6616\"><strong data-start=\"6532\" data-end=\"6558\">Utbildningstill\u00e4mpning:<\/strong> L\u00e4mplig f\u00f6r akademiska och vetenskapliga studier.<\/p>\n<\/li>\n<\/ul>\n<hr data-start=\"6618\" data-end=\"6621\" \/>\n<h3 data-start=\"6623\" data-end=\"6684\"><strong data-start=\"6627\" data-end=\"6684\">Bruksanvisning (endast f\u00f6r forsknings\u00e4ndam\u00e5l)<\/strong><\/h3>\n<ol data-start=\"6686\" data-end=\"7020\">\n<li data-start=\"6686\" data-end=\"6799\">\n<p data-start=\"6689\" data-end=\"6799\"><strong data-start=\"6689\" data-end=\"6703\">Hantering:<\/strong> Endast f\u00f6r anv\u00e4ndning i godk\u00e4nda laboratorier av utbildad personal med l\u00e4mpligt skydd.<\/p>\n<\/li>\n<li data-start=\"6800\" data-end=\"6886\">\n<p data-start=\"6803\" data-end=\"6886\"><strong data-start=\"6803\" data-end=\"6821\">F\u00f6rberedelse:<\/strong> Sp\u00e4d eller bered enligt validerade analysprotokoll.<\/p>\n<\/li>\n<li data-start=\"6887\" data-end=\"6945\">\n<p data-start=\"6890\" data-end=\"6945\"><strong data-start=\"6890\" data-end=\"6901\">Lagring:<\/strong> F\u00f6rvara i en luftt\u00e4t beh\u00e5llare p\u00e5 en sval, torr och m\u00f6rk plats.<\/p>\n<\/li>\n<li data-start=\"6946\" data-end=\"7020\">\n<p data-start=\"6949\" data-end=\"7020\"><strong data-start=\"6949\" data-end=\"6960\">F\u00f6rfogande:<\/strong> Kassera rester i enlighet med s\u00e4kerhets- och milj\u00f6f\u00f6reskrifter.<\/p>\n<\/li>\n<\/ol>\n<hr data-start=\"7022\" data-end=\"7025\" \/>\n<h3 data-start=\"7027\" data-end=\"7061\"><strong data-start=\"7031\" data-end=\"7061\">S\u00e4kerhet och efterlevnad<\/strong><\/h3>\n<ul data-start=\"7063\" data-end=\"7546\">\n<li data-start=\"7063\" data-end=\"7159\">\n<p data-start=\"7065\" data-end=\"7159\"><strong data-start=\"7065\" data-end=\"7103\">Endast f\u00f6r laboratorieforskning:<\/strong> Ej avsedd f\u00f6r konsumtion av m\u00e4nniskor eller djur.<\/p>\n<\/li>\n<li data-start=\"7160\" data-end=\"7298\">\n<p data-start=\"7162\" data-end=\"7298\"><strong data-start=\"7162\" data-end=\"7190\">Juridiska \u00f6verv\u00e4ganden:<\/strong> Innehav och anv\u00e4ndning av JWH-210 kan vara reglerat eller f\u00f6rbjudet. Kontrollera alltid lokala f\u00f6reskrifter.<\/p>\n<\/li>\n<li data-start=\"7299\" data-end=\"7410\">\n<p data-start=\"7301\" data-end=\"7410\"><strong data-start=\"7301\" data-end=\"7329\">H\u00e4lsa och s\u00e4kerhet:<\/strong> Undvik kontakt och inandning. Arbeta i ett v\u00e4lventilerat unders\u00f6kningsrum.<\/p>\n<\/li>\n<li data-start=\"7411\" data-end=\"7546\">\n<p data-start=\"7413\" data-end=\"7546\"><strong data-start=\"7413\" data-end=\"7430\">Dokumentation:<\/strong> En <strong data-start=\"7435\" data-end=\"7471\">s\u00e4kerhetsdatablad (MSDS)<\/strong> och analysintyg \u00e4r tillg\u00e4ngliga f\u00f6r registrerade institutioner.<\/p>\n<\/li>\n<\/ul>\n<hr data-start=\"7548\" data-end=\"7551\" \/>\n<h3 data-start=\"7553\" data-end=\"7588\"><strong data-start=\"7557\" data-end=\"7588\">Vanliga fr\u00e5gor (FAQ)<\/strong><\/h3>\n<p data-start=\"7590\" data-end=\"7750\"><strong data-start=\"7590\" data-end=\"7629\">1. Vad anv\u00e4nds JWH-210 till?<\/strong><br data-start=\"7629\" data-end=\"7632\" \/>JWH-210 anv\u00e4nds som <strong data-start=\"7659\" data-end=\"7677\">referenssubstans<\/strong> i analytiska och forensiska studier av syntetiska cannabinoider.<\/p>\n<p data-start=\"7752\" data-end=\"7900\"><strong data-start=\"7752\" data-end=\"7777\">2. \u00c4r JWH-210 lagligt?<\/strong><br data-start=\"7777\" data-end=\"7780\" \/>De <strong data-start=\"7783\" data-end=\"7823\">den juridiska statusen varierar beroende p\u00e5 land<\/strong>I m\u00e5nga omr\u00e5den faller det under opiumlagen eller liknande best\u00e4mmelser.<\/p>\n<p data-start=\"7902\" data-end=\"8073\"><strong data-start=\"7902\" data-end=\"7944\">3. Hur ska JWH-210 f\u00f6rvaras?<\/strong><br data-start=\"7944\" data-end=\"7947\" \/>Spara i en <strong data-start=\"7961\" data-end=\"7995\">sval, torr och m\u00f6rk plats<\/strong>, ordentligt st\u00e4ngd och endast tillg\u00e4nglig f\u00f6r beh\u00f6rig laboratoriepersonal.<\/p>\n<p><a href=\"https:\/\/researchchemicalhub.com\/sv\/handla\/pellets\/o-dsmt-50-mg-pellets\/\">O-DSMT 50 mg pellets <\/a><a href=\"https:\/\/researchchemicalhub.com\/sv\/handla\/lysergamider\/1-kopp-lsd-150-mcg\/\">1cP-LSD 150 MCG Art Blotters <\/a><a href=\"https:\/\/researchchemicalhub.com\/sv\/handla\/iboga-ibogain\/iboga-rotbark\/\">1V-LSD 150 MCG Blotters <\/a><\/p>","protected":false},"excerpt":{"rendered":"<h2>JWH-210<b>\u00a0<\/b>egenskaper<\/h2>\n<p><strong>Synonym: <\/strong>John William Huffman 210<strong><br \/>\nCAS-nummer<\/strong>: 824959-81-1<br \/>\n<strong>Formel<\/strong>: <span title=\"Kol\">C<\/span><sub>26<\/sub><span title=\"V\u00e4te\">H<\/span><sub>27<\/sub><span title=\"Kv\u00e4ve\">N<\/span><span title=\"Syre\">O<\/span><br \/>\n<strong>Molmassa<\/strong>: 369,508 g mol<br \/>\n<strong>Renhet<\/strong>: \u226598%<\/p>","protected":false},"featured_media":28549,"comment_status":"closed","ping_status":"closed","template":"","meta":[],"product_brand":[82],"product_cat":[322,370,398],"product_tag":[629,644,778,664,326],"class_list":{"0":"post-23834","1":"product","2":"type-product","3":"status-publish","4":"has-post-thumbnail","6":"product_brand-research-chemical","7":"product_cat-bijna-verboden","8":"product_cat-jwh-210","9":"product_cat-verkoop","10":"product_tag-4-fma-kopen","11":"product_tag-4-fma","12":"product_tag-jwh-210","13":"product_tag-maxtc","14":"product_tag-nl","16":"first","17":"instock","18":"sale","19":"taxable","20":"shipping-taxable","21":"purchasable","22":"product-type-variable"},"_links":{"self":[{"href":"https:\/\/researchchemicalhub.com\/sv\/wp-json\/wp\/v2\/product\/23834","targetHints":{"allow":["GET"]}}],"collection":[{"href":"https:\/\/researchchemicalhub.com\/sv\/wp-json\/wp\/v2\/product"}],"about":[{"href":"https:\/\/researchchemicalhub.com\/sv\/wp-json\/wp\/v2\/types\/product"}],"replies":[{"embeddable":true,"href":"https:\/\/researchchemicalhub.com\/sv\/wp-json\/wp\/v2\/comments?post=23834"}],"version-history":[{"count":7,"href":"https:\/\/researchchemicalhub.com\/sv\/wp-json\/wp\/v2\/product\/23834\/revisions"}],"predecessor-version":[{"id":27948,"href":"https:\/\/researchchemicalhub.com\/sv\/wp-json\/wp\/v2\/product\/23834\/revisions\/27948"}],"wp:featuredmedia":[{"embeddable":true,"href":"https:\/\/researchchemicalhub.com\/sv\/wp-json\/wp\/v2\/media\/28549"}],"wp:attachment":[{"href":"https:\/\/researchchemicalhub.com\/sv\/wp-json\/wp\/v2\/media?parent=23834"}],"wp:term":[{"taxonomy":"product_brand","embeddable":true,"href":"https:\/\/researchchemicalhub.com\/sv\/wp-json\/wp\/v2\/product_brand?post=23834"},{"taxonomy":"product_cat","embeddable":true,"href":"https:\/\/researchchemicalhub.com\/sv\/wp-json\/wp\/v2\/product_cat?post=23834"},{"taxonomy":"product_tag","embeddable":true,"href":"https:\/\/researchchemicalhub.com\/sv\/wp-json\/wp\/v2\/product_tag?post=23834"}],"curies":[{"name":"wp","href":"https:\/\/api.w.org\/{rel}","templated":true}]}}