{"id":23751,"date":"2025-04-13T17:40:22","date_gmt":"2025-04-13T17:40:22","guid":{"rendered":"https:\/\/researchchemicalhub.com\/?post_type=product&#038;p=23751"},"modified":"2025-10-30T08:27:33","modified_gmt":"2025-10-30T08:27:33","slug":"chem-mist-2f-dck-spray-30","status":"publish","type":"product","link":"https:\/\/researchchemicalhub.com\/sv\/shop\/2f-dck-kopen\/chem-mist-2f-dck-spray-30\/","title":{"rendered":"Chem-mist 2F-DCK spray 30%"},"content":{"rendered":"<p data-start=\"4870\" data-end=\"5213\"><strong data-start=\"4870\" data-end=\"4900\">Chem Mist 2F-DCK Spray 30%<\/strong> \u00e4r en <strong data-start=\"4908\" data-end=\"4942\">analytiskt referensmaterial<\/strong> att <strong data-start=\"4947\" data-end=\"4985\">2-Fluorodeklorketamin (2F-DCK)<\/strong> inneh\u00e5ller en koppling fr\u00e5n <strong data-start=\"5015\" data-end=\"5045\">arylcyklohexylaminklass<\/strong>Chem Mist 2F DCK Spray<br data-start=\"5046\" data-end=\"5049\" \/>Den anv\u00e4nds i <strong data-start=\"5071\" data-end=\"5113\">forensiska och analytiska laboratorier<\/strong> f\u00f6r utveckling av analysmetoder, kalibrering och identifiering av kemiska f\u00f6reningar.<\/p>\n<p data-start=\"5215\" data-end=\"5332\">Denna produkt \u00e4r <strong data-start=\"5230\" data-end=\"5268\">endast avsedd f\u00f6r forsknings\u00e4ndam\u00e5l<\/strong> och <strong data-start=\"5272\" data-end=\"5329\">inte l\u00e4mplig f\u00f6r m\u00e4nsklig eller djurkonsumtion<\/strong>.<\/p>\n<hr data-start=\"5334\" data-end=\"5337\" \/>\n<h3 data-start=\"5339\" data-end=\"5370\"><strong data-start=\"5343\" data-end=\"5370\">Viktiga funktioner<\/strong><\/h3>\n<ul data-start=\"5372\" data-end=\"5862\">\n<li data-start=\"5372\" data-end=\"5481\">\n<p data-start=\"5374\" data-end=\"5481\"><strong data-start=\"5374\" data-end=\"5394\">H\u00f6g renhet:<\/strong> Tillverkad under strikt kvalitetskontroll f\u00f6r tillf\u00f6rlitliga forskningsresultat.<\/p>\n<\/li>\n<li data-start=\"5482\" data-end=\"5577\">\n<p data-start=\"5484\" data-end=\"5577\"><strong data-start=\"5484\" data-end=\"5520\">Standardiserad koncentration:<\/strong> 30%-l\u00f6sning f\u00f6r exakt analytisk kalibrering.<\/p>\n<\/li>\n<li data-start=\"5578\" data-end=\"5665\">\n<p data-start=\"5580\" data-end=\"5665\"><strong data-start=\"5580\" data-end=\"5613\">Certifierad dokumentation:<\/strong> Levereras med analysintyg och batchdata.<\/p>\n<\/li>\n<li data-start=\"5666\" data-end=\"5765\">\n<p data-start=\"5668\" data-end=\"5765\"><strong data-start=\"5668\" data-end=\"5699\">Analytisk Brett implementerbar:<\/strong> L\u00e4mplig f\u00f6r <strong data-start=\"5714\" data-end=\"5723\">GC-MS<\/strong>, <strong data-start=\"5725\" data-end=\"5737\">LC-MS\/MS<\/strong> och <strong data-start=\"5741\" data-end=\"5749\">HPLC<\/strong> applikationer.<\/p>\n<\/li>\n<li data-start=\"5766\" data-end=\"5862\">\n<p data-start=\"5768\" data-end=\"5862\"><strong data-start=\"5768\" data-end=\"5793\">Stabil formulering:<\/strong> Utformad f\u00f6r l\u00e5ngtidsf\u00f6rvaring under laboratorief\u00f6rh\u00e5llanden. Chem Mist 2F DCK Spray<\/p>\n<\/li>\n<\/ul>\n<hr data-start=\"5864\" data-end=\"5867\" \/>\n<h3 data-start=\"5869\" data-end=\"5886\"><strong data-start=\"5873\" data-end=\"5886\">F\u00f6rdelar<\/strong><\/h3>\n<ul data-start=\"5888\" data-end=\"6339\">\n<li data-start=\"5888\" data-end=\"5979\">\n<p data-start=\"5890\" data-end=\"5979\"><strong data-start=\"5890\" data-end=\"5916\">R\u00e4ttsmedicinskt till\u00e4mpligt:<\/strong> St\u00f6der forskning om arylcyklohexylaminf\u00f6reningar.<\/p>\n<\/li>\n<li data-start=\"5980\" data-end=\"6069\">\n<p data-start=\"5982\" data-end=\"6069\"><strong data-start=\"5982\" data-end=\"6009\">Tillf\u00f6rlitlig kalibrering:<\/strong> S\u00e4kerst\u00e4ller konsekventa och reproducerbara m\u00e4tresultat.<\/p>\n<\/li>\n<li data-start=\"6070\" data-end=\"6163\">\n<p data-start=\"6072\" data-end=\"6163\"><strong data-start=\"6072\" data-end=\"6117\">St\u00f6der metodutveckling:<\/strong> L\u00e4mplig f\u00f6r detektions- och analysmetoder.<\/p>\n<\/li>\n<li data-start=\"6164\" data-end=\"6246\">\n<p data-start=\"6166\" data-end=\"6246\"><strong data-start=\"6166\" data-end=\"6188\">Utbildningsv\u00e4rde:<\/strong> Kan anv\u00e4ndas i akademiska forskningsprojekt.<\/p>\n<\/li>\n<li data-start=\"6247\" data-end=\"6339\">\n<p data-start=\"6249\" data-end=\"6339\"><strong data-start=\"6249\" data-end=\"6276\">S\u00e4ker och kompatibel:<\/strong> Tillverkad enligt internationella laboratorieriktlinjer.<\/p>\n<\/li>\n<\/ul>\n<hr data-start=\"6341\" data-end=\"6344\" \/>\n<h3 data-start=\"6346\" data-end=\"6407\"><strong data-start=\"6350\" data-end=\"6407\">Bruksanvisning (endast f\u00f6r forsknings\u00e4ndam\u00e5l)<\/strong><\/h3>\n<ol data-start=\"6409\" data-end=\"6758\">\n<li data-start=\"6409\" data-end=\"6511\">\n<p data-start=\"6412\" data-end=\"6511\"><strong data-start=\"6412\" data-end=\"6426\">Hantering:<\/strong> Anv\u00e4nd endast i ackrediterade laboratorier under \u00f6verinseende av kvalificerad personal.<\/p>\n<\/li>\n<li data-start=\"6512\" data-end=\"6609\">\n<p data-start=\"6515\" data-end=\"6609\"><strong data-start=\"6515\" data-end=\"6530\">Ans\u00f6kan:<\/strong> Anv\u00e4nd enligt validerade protokoll i en v\u00e4lventilerad milj\u00f6.<\/p>\n<\/li>\n<li data-start=\"6610\" data-end=\"6673\">\n<p data-start=\"6613\" data-end=\"6673\"><strong data-start=\"6613\" data-end=\"6624\">Lagring:<\/strong> F\u00f6rvara svalt, torrt och m\u00f6rkt, v\u00e4l tillslutet.<\/p>\n<\/li>\n<li data-start=\"6674\" data-end=\"6758\">\n<p data-start=\"6677\" data-end=\"6758\"><strong data-start=\"6677\" data-end=\"6688\">F\u00f6rfogande:<\/strong> Kassera rester i enlighet med lokala f\u00f6reskrifter f\u00f6r kemiskt avfall.<\/p>\n<\/li>\n<\/ol>\n<hr data-start=\"6760\" data-end=\"6763\" \/>\n<h3 data-start=\"6765\" data-end=\"6799\"><strong data-start=\"6769\" data-end=\"6799\">S\u00e4kerhet och efterlevnad<\/strong><\/h3>\n<ul data-start=\"6801\" data-end=\"7239\">\n<li data-start=\"6801\" data-end=\"6896\">\n<p data-start=\"6803\" data-end=\"6896\"><strong data-start=\"6803\" data-end=\"6839\">Endast f\u00f6r laboratoriebruk:<\/strong> Ej l\u00e4mplig f\u00f6r konsumtion av m\u00e4nniskor eller djur.<\/p>\n<\/li>\n<li data-start=\"6897\" data-end=\"7009\">\n<p data-start=\"6899\" data-end=\"7009\"><strong data-start=\"6899\" data-end=\"6927\">Juridiska \u00f6verv\u00e4ganden:<\/strong> Statusen f\u00f6r 2F-DCK varierar beroende p\u00e5 land; kontrollera alltid lokala f\u00f6reskrifter.<\/p>\n<\/li>\n<li data-start=\"7010\" data-end=\"7114\">\n<p data-start=\"7012\" data-end=\"7114\"><strong data-start=\"7012\" data-end=\"7040\">H\u00e4lsa och s\u00e4kerhet:<\/strong> Undvik hudkontakt och inandning; anv\u00e4nd l\u00e4mplig skyddsutrustning.<\/p>\n<\/li>\n<li data-start=\"7115\" data-end=\"7239\">\n<p data-start=\"7117\" data-end=\"7239\"><strong data-start=\"7117\" data-end=\"7134\">Dokumentation:<\/strong> En <strong data-start=\"7139\" data-end=\"7175\">s\u00e4kerhetsdatablad (MSDS)<\/strong> och <strong data-start=\"7179\" data-end=\"7207\">analysintyg (COA)<\/strong> finns tillg\u00e4ngliga p\u00e5 beg\u00e4ran.<\/p>\n<\/li>\n<\/ul>\n<hr data-start=\"7241\" data-end=\"7244\" \/>\n<h3 data-start=\"7246\" data-end=\"7281\"><strong data-start=\"7250\" data-end=\"7281\">Vanliga fr\u00e5gor (FAQ)<\/strong><\/h3>\n<p data-start=\"7283\" data-end=\"7478\"><strong data-start=\"7283\" data-end=\"7341\">1. Vad anv\u00e4nds Chem Mist 2F-DCK Spray 30% till?<\/strong><br data-start=\"7341\" data-end=\"7344\" \/>Den anv\u00e4nds som <strong data-start=\"7367\" data-end=\"7390\">referensl\u00f6sning<\/strong> i forensiska och analytiska laboratorier f\u00f6r metodutveckling och identifiering.<\/p>\n<p data-start=\"7480\" data-end=\"7641\"><strong data-start=\"7480\" data-end=\"7538\">2. \u00c4r denna produkt l\u00e4mplig f\u00f6r m\u00e4nsklig konsumtion?<\/strong><br data-start=\"7538\" data-end=\"7541\" \/>Nej. Det \u00e4r <strong data-start=\"7553\" data-end=\"7591\">endast avsedd f\u00f6r forsknings\u00e4ndam\u00e5l<\/strong> och <strong data-start=\"7595\" data-end=\"7638\">inte godk\u00e4nd f\u00f6r m\u00e4nskligt bruk<\/strong>.<\/p>\n<p data-start=\"7643\" data-end=\"7788\"><strong data-start=\"7643\" data-end=\"7704\">3. Hur ska Chem Mist 2F-DCK Spray 30% f\u00f6rvaras?<\/strong><br data-start=\"7704\" data-end=\"7707\" \/>F\u00f6rvara svalt, torrt och m\u00f6rkt, v\u00e4l tillslutet och utom r\u00e4ckh\u00e5ll f\u00f6r obeh\u00f6riga.<\/p>","protected":false},"excerpt":{"rendered":"<h2><span style=\"vertical-align: inherit;\"><span style=\"vertical-align: inherit;\">Chem-mist 2F-DCK 30% Vanilla Sky egenskaper<\/span><\/span><\/h2>\n<p><strong><span style=\"vertical-align: inherit;\"><span style=\"vertical-align: inherit;\">Synonym:<\/span><\/span><\/strong><span style=\"vertical-align: inherit;\"><span style=\"vertical-align: inherit;\"> 2-fluorodekloroketamin HCl <\/span><\/span><br \/>\n<strong><span style=\"vertical-align: inherit;\"><span style=\"vertical-align: inherit;\">CAS-nummer:<\/span><\/span><\/strong><span style=\"vertical-align: inherit;\"><span style=\"vertical-align: inherit;\"> 111982-49-1 <\/span><\/span><br \/>\n<strong><span style=\"vertical-align: inherit;\"><span style=\"vertical-align: inherit;\">Formel:<\/span><\/span><\/strong><span style=\"vertical-align: inherit;\"><span style=\"vertical-align: inherit;\"> 2-(2-fluorofenyl)-2-(metylamino)-cyklohexanon <\/span><\/span><br \/>\n<strong><span style=\"vertical-align: inherit;\"><span style=\"vertical-align: inherit;\">Molmassa:<\/span><\/span><\/strong><span style=\"vertical-align: inherit;\"><span style=\"vertical-align: inherit;\"> 257,7 g\/mol <\/span><\/span><br \/>\n<strong><span style=\"vertical-align: inherit;\"><span style=\"vertical-align: inherit;\">Renhet:<\/span><\/span><\/strong><span style=\"vertical-align: inherit;\"><span style=\"vertical-align: inherit;\"> &gt;98%<\/span><\/span><\/p>","protected":false},"featured_media":28495,"comment_status":"closed","ping_status":"closed","template":"","meta":[],"product_brand":[],"product_cat":[474,498,71,471,396],"product_tag":[1115,1116,1117,326,472],"class_list":{"0":"post-23751","1":"product","2":"type-product","3":"status-publish","4":"has-post-thumbnail","6":"product_cat-2f-dck-kopen","7":"product_cat-2f-dck-sprays","8":"product_cat-arylcyclohexylamine","9":"product_cat-chem-mist-sprays","10":"product_cat-liquid-rcs","11":"product_tag-chem-mist-2f-dck-spray","12":"product_tag-chem-mist-2f-dck-spray-30","13":"product_tag-chem-mist-2f-dck-spray-kopen","14":"product_tag-nl","15":"product_tag-spring-is-in-the-air","17":"first","18":"instock","19":"taxable","20":"shipping-taxable","21":"purchasable","22":"product-type-variable"},"_links":{"self":[{"href":"https:\/\/researchchemicalhub.com\/sv\/wp-json\/wp\/v2\/product\/23751","targetHints":{"allow":["GET"]}}],"collection":[{"href":"https:\/\/researchchemicalhub.com\/sv\/wp-json\/wp\/v2\/product"}],"about":[{"href":"https:\/\/researchchemicalhub.com\/sv\/wp-json\/wp\/v2\/types\/product"}],"replies":[{"embeddable":true,"href":"https:\/\/researchchemicalhub.com\/sv\/wp-json\/wp\/v2\/comments?post=23751"}],"version-history":[{"count":6,"href":"https:\/\/researchchemicalhub.com\/sv\/wp-json\/wp\/v2\/product\/23751\/revisions"}],"predecessor-version":[{"id":27959,"href":"https:\/\/researchchemicalhub.com\/sv\/wp-json\/wp\/v2\/product\/23751\/revisions\/27959"}],"wp:featuredmedia":[{"embeddable":true,"href":"https:\/\/researchchemicalhub.com\/sv\/wp-json\/wp\/v2\/media\/28495"}],"wp:attachment":[{"href":"https:\/\/researchchemicalhub.com\/sv\/wp-json\/wp\/v2\/media?parent=23751"}],"wp:term":[{"taxonomy":"product_brand","embeddable":true,"href":"https:\/\/researchchemicalhub.com\/sv\/wp-json\/wp\/v2\/product_brand?post=23751"},{"taxonomy":"product_cat","embeddable":true,"href":"https:\/\/researchchemicalhub.com\/sv\/wp-json\/wp\/v2\/product_cat?post=23751"},{"taxonomy":"product_tag","embeddable":true,"href":"https:\/\/researchchemicalhub.com\/sv\/wp-json\/wp\/v2\/product_tag?post=23751"}],"curies":[{"name":"wp","href":"https:\/\/api.w.org\/{rel}","templated":true}]}}