{"id":23740,"date":"2025-04-13T17:40:19","date_gmt":"2025-04-13T17:40:19","guid":{"rendered":"https:\/\/researchchemicalhub.com\/?post_type=product&#038;p=23740"},"modified":"2025-10-30T08:38:05","modified_gmt":"2025-10-30T08:38:05","slug":"chem-mist-2f-dck-spray-10","status":"publish","type":"product","link":"https:\/\/researchchemicalhub.com\/sv\/shop\/2f-dck-kopen\/chem-mist-2f-dck-spray-10\/","title":{"rendered":"Chem-mist 2F-DCK spray 10%"},"content":{"rendered":"<p data-start=\"5182\" data-end=\"5517\"><strong data-start=\"5182\" data-end=\"5212\"><span dir=\"auto\" style=\"vertical-align: inherit;\"><span dir=\"auto\" style=\"vertical-align: inherit;\">Chem-Mist 2F-DCK Spray 10%<\/span><\/span><\/strong><span dir=\"auto\" style=\"vertical-align: inherit;\"><span dir=\"auto\" style=\"vertical-align: inherit;\"> is an <\/span><\/span><strong data-start=\"5220\" data-end=\"5255\"><span dir=\"auto\" style=\"vertical-align: inherit;\"><span dir=\"auto\" style=\"vertical-align: inherit;\">analytical reference solution<\/span><\/span><\/strong><span dir=\"auto\" style=\"vertical-align: inherit;\"><span dir=\"auto\" style=\"vertical-align: inherit;\"> containing <\/span><\/span><strong data-start=\"5260\" data-end=\"5298\"><span dir=\"auto\" style=\"vertical-align: inherit;\"><span dir=\"auto\" style=\"vertical-align: inherit;\">2-Fluorodeklorketamin (2F-DCK)<\/span><\/span><\/strong><span dir=\"auto\" style=\"vertical-align: inherit;\"><span dir=\"auto\" style=\"vertical-align: inherit;\"> , a compound in the <\/span><\/span><strong data-start=\"5328\" data-end=\"5359\"><span dir=\"auto\" style=\"vertical-align: inherit;\"><span dir=\"auto\" style=\"vertical-align: inherit;\">arylcyklohexylaminfamiljen<\/span><\/span><\/strong><span dir=\"auto\" style=\"vertical-align: inherit;\"><span dir=\"auto\" style=\"vertical-align: inherit;\"> . kemisk dimspray <\/span><\/span><br data-start=\"5360\" data-end=\"5363\" \/><span dir=\"auto\" style=\"vertical-align: inherit;\"><span dir=\"auto\" style=\"vertical-align: inherit;\">It is used in <\/span><\/span><strong data-start=\"5385\" data-end=\"5427\"><span dir=\"auto\" style=\"vertical-align: inherit;\"><span dir=\"auto\" style=\"vertical-align: inherit;\">forensiska och analytiska laboratorier<\/span><\/span><\/strong><span dir=\"auto\" style=\"vertical-align: inherit;\"><span dir=\"auto\" style=\"vertical-align: inherit;\"> f\u00f6r <\/span><\/span><strong data-start=\"5433\" data-end=\"5468\"><span dir=\"auto\" style=\"vertical-align: inherit;\"><span dir=\"auto\" style=\"vertical-align: inherit;\">calibration and method validation<\/span><\/span><\/strong><span dir=\"auto\" style=\"vertical-align: inherit;\"><span dir=\"auto\" style=\"vertical-align: inherit;\"> when investigating similar compounds.<\/span><\/span><\/p>\n<p data-start=\"5519\" data-end=\"5651\"><span dir=\"auto\" style=\"vertical-align: inherit;\"><span dir=\"auto\" style=\"vertical-align: inherit;\">Denna produkt \u00e4r <\/span><\/span><strong data-start=\"5534\" data-end=\"5589\"><span dir=\"auto\" style=\"vertical-align: inherit;\"><span dir=\"auto\" style=\"vertical-align: inherit;\">endast avsedd f\u00f6r vetenskaplig forskning<\/span><\/span><\/strong><span dir=\"auto\" style=\"vertical-align: inherit;\"><span dir=\"auto\" style=\"vertical-align: inherit;\"> och <\/span><\/span><strong data-start=\"5593\" data-end=\"5650\"><span dir=\"auto\" style=\"vertical-align: inherit;\"><span dir=\"auto\" style=\"vertical-align: inherit;\">\u00e4r inte l\u00e4mplig f\u00f6r m\u00e4nsklig eller djurkonsumtion<\/span><\/span><\/strong><span dir=\"auto\" style=\"vertical-align: inherit;\"><span dir=\"auto\" style=\"vertical-align: inherit;\"> .<\/span><\/span><\/p>\n<hr data-start=\"5653\" data-end=\"5656\" \/>\n<h3 data-start=\"5658\" data-end=\"5689\"><strong data-start=\"5662\" data-end=\"5689\"><span dir=\"auto\" style=\"vertical-align: inherit;\"><span dir=\"auto\" style=\"vertical-align: inherit;\">Viktiga funktioner<\/span><\/span><\/strong><\/h3>\n<ul data-start=\"5691\" data-end=\"6145\">\n<li data-start=\"5691\" data-end=\"5777\">\n<p data-start=\"5693\" data-end=\"5777\"><strong data-start=\"5693\" data-end=\"5713\"><span dir=\"auto\" style=\"vertical-align: inherit;\"><span dir=\"auto\" style=\"vertical-align: inherit;\">H\u00f6g renhet:<\/span><\/span><\/strong><span dir=\"auto\" style=\"vertical-align: inherit;\"><span dir=\"auto\" style=\"vertical-align: inherit;\"> Tillverkad under kontrollerade laboratorief\u00f6rh\u00e5llanden.<\/span><\/span><\/p>\n<\/li>\n<li data-start=\"5778\" data-end=\"5854\">\n<p data-start=\"5780\" data-end=\"5854\"><strong data-start=\"5780\" data-end=\"5801\"><span dir=\"auto\" style=\"vertical-align: inherit;\"><span dir=\"auto\" style=\"vertical-align: inherit;\">10% Concentration:<\/span><\/span><\/strong><span dir=\"auto\" style=\"vertical-align: inherit;\"><span dir=\"auto\" style=\"vertical-align: inherit;\"> Designed for consistent analytical performance.<\/span><\/span><\/p>\n<\/li>\n<li data-start=\"5855\" data-end=\"5957\">\n<p data-start=\"5857\" data-end=\"5957\"><strong data-start=\"5857\" data-end=\"5896\"><span dir=\"auto\" style=\"vertical-align: inherit;\"><span dir=\"auto\" style=\"vertical-align: inherit;\">Certifierat referensmaterial:<\/span><\/span><\/strong><span dir=\"auto\" style=\"vertical-align: inherit;\"><span dir=\"auto\" style=\"vertical-align: inherit;\"> Levereras med <\/span><\/span><strong data-start=\"5910\" data-end=\"5938\"><span dir=\"auto\" style=\"vertical-align: inherit;\"><span dir=\"auto\" style=\"vertical-align: inherit;\">Analysintyg (COA)<\/span><\/span><\/strong><span dir=\"auto\" style=\"vertical-align: inherit;\"><span dir=\"auto\" style=\"vertical-align: inherit;\"> and documentation.<\/span><\/span><\/p>\n<\/li>\n<li data-start=\"5958\" data-end=\"6053\">\n<p data-start=\"5960\" data-end=\"6053\"><strong data-start=\"5960\" data-end=\"5991\"><span dir=\"auto\" style=\"vertical-align: inherit;\"><span dir=\"auto\" style=\"vertical-align: inherit;\">Analytisk M\u00e5ngsidig:<\/span><\/span><\/strong><span dir=\"auto\" style=\"vertical-align: inherit;\"><span dir=\"auto\" style=\"vertical-align: inherit;\"> L\u00e4mplig f\u00f6r <\/span><\/span><strong data-start=\"6006\" data-end=\"6015\"><span dir=\"auto\" style=\"vertical-align: inherit;\"><span dir=\"auto\" style=\"vertical-align: inherit;\">GC-MS<\/span><\/span><\/strong><span dir=\"auto\" style=\"vertical-align: inherit;\"><span dir=\"auto\" style=\"vertical-align: inherit;\"> , <\/span><\/span><strong data-start=\"6017\" data-end=\"6025\"><span dir=\"auto\" style=\"vertical-align: inherit;\"><span dir=\"auto\" style=\"vertical-align: inherit;\">HPLC<\/span><\/span><\/strong><span dir=\"auto\" style=\"vertical-align: inherit;\"><span dir=\"auto\" style=\"vertical-align: inherit;\"> och <\/span><\/span><strong data-start=\"6029\" data-end=\"6041\"><span dir=\"auto\" style=\"vertical-align: inherit;\"><span dir=\"auto\" style=\"vertical-align: inherit;\">LC-MS\/MS<\/span><\/span><\/strong><span dir=\"auto\" style=\"vertical-align: inherit;\"><span dir=\"auto\" style=\"vertical-align: inherit;\"> analyser.<\/span><\/span><\/p>\n<\/li>\n<li data-start=\"6054\" data-end=\"6145\">\n<p data-start=\"6056\" data-end=\"6145\"><strong data-start=\"6056\" data-end=\"6082\"><span dir=\"auto\" style=\"vertical-align: inherit;\"><span dir=\"auto\" style=\"vertical-align: inherit;\">Stable Spray System:<\/span><\/span><\/strong><span dir=\"auto\" style=\"vertical-align: inherit;\"><span dir=\"auto\" style=\"vertical-align: inherit;\"> Ensures reliable application in analytical environments.<\/span><\/span><\/p>\n<\/li>\n<\/ul>\n<hr data-start=\"6147\" data-end=\"6150\" \/>\n<h3 data-start=\"6152\" data-end=\"6169\"><strong data-start=\"6156\" data-end=\"6169\"><span dir=\"auto\" style=\"vertical-align: inherit;\"><span dir=\"auto\" style=\"vertical-align: inherit;\">F\u00f6rdelar<\/span><\/span><\/strong><\/h3>\n<ul data-start=\"6171\" data-end=\"6680\">\n<li data-start=\"6171\" data-end=\"6278\">\n<p data-start=\"6173\" data-end=\"6278\"><strong data-start=\"6173\" data-end=\"6209\"><span dir=\"auto\" style=\"vertical-align: inherit;\"><span dir=\"auto\" style=\"vertical-align: inherit;\">Supports Forensic Analysis:<\/span><\/span><\/strong><span dir=\"auto\" style=\"vertical-align: inherit;\"><span dir=\"auto\" style=\"vertical-align: inherit;\"> Aids in detection and calibration of arylcyclohexylamine analogs.<\/span><\/span><\/p>\n<\/li>\n<li data-start=\"6279\" data-end=\"6399\">\n<p data-start=\"6281\" data-end=\"6399\"><strong data-start=\"6281\" data-end=\"6308\"><span dir=\"auto\" style=\"vertical-align: inherit;\"><span dir=\"auto\" style=\"vertical-align: inherit;\">Tillf\u00f6rlitlig kalibrering:<\/span><\/span><\/strong><span dir=\"auto\" style=\"vertical-align: inherit;\"><span dir=\"auto\" style=\"vertical-align: inherit;\"> Ensures reproducible results in chromatographic and spectroscopic studies.<\/span><\/span><\/p>\n<\/li>\n<li data-start=\"6400\" data-end=\"6476\">\n<p data-start=\"6402\" data-end=\"6476\"><strong data-start=\"6402\" data-end=\"6424\"><span dir=\"auto\" style=\"vertical-align: inherit;\"><span dir=\"auto\" style=\"vertical-align: inherit;\">Utbildningsv\u00e4rde:<\/span><\/span><\/strong><span dir=\"auto\" style=\"vertical-align: inherit;\"><span dir=\"auto\" style=\"vertical-align: inherit;\"> Suitable for academic and analytical research.<\/span><\/span><\/p>\n<\/li>\n<li data-start=\"6477\" data-end=\"6572\">\n<p data-start=\"6479\" data-end=\"6572\"><strong data-start=\"6479\" data-end=\"6510\"><span dir=\"auto\" style=\"vertical-align: inherit;\"><span dir=\"auto\" style=\"vertical-align: inherit;\">S\u00e4ker laboratorieanv\u00e4ndning:<\/span><\/span><\/strong><span dir=\"auto\" style=\"vertical-align: inherit;\"><span dir=\"auto\" style=\"vertical-align: inherit;\"> Designed for controlled scientific application.<\/span><\/span><\/p>\n<\/li>\n<li data-start=\"6573\" data-end=\"6680\">\n<p data-start=\"6575\" data-end=\"6680\"><strong data-start=\"6575\" data-end=\"6609\"><span dir=\"auto\" style=\"vertical-align: inherit;\"><span dir=\"auto\" style=\"vertical-align: inherit;\">S\u00e4kerhetsstandarder som uppfyller:<\/span><\/span><\/strong><span dir=\"auto\" style=\"vertical-align: inherit;\"><span dir=\"auto\" style=\"vertical-align: inherit;\"> Supplied with documentation for laboratory compliance.<\/span><\/span><\/p>\n<\/li>\n<\/ul>\n<hr data-start=\"6682\" data-end=\"6685\" \/>\n<h3 data-start=\"6687\" data-end=\"6748\"><strong data-start=\"6691\" data-end=\"6748\"><span dir=\"auto\" style=\"vertical-align: inherit;\"><span dir=\"auto\" style=\"vertical-align: inherit;\">Bruksanvisning (endast f\u00f6r forsknings\u00e4ndam\u00e5l)<\/span><\/span><\/strong><\/h3>\n<ol data-start=\"6750\" data-end=\"7103\">\n<li data-start=\"6750\" data-end=\"6848\">\n<p data-start=\"6753\" data-end=\"6848\"><strong data-start=\"6753\" data-end=\"6771\"><span dir=\"auto\" style=\"vertical-align: inherit;\"><span dir=\"auto\" style=\"vertical-align: inherit;\">F\u00f6rberedelse:<\/span><\/span><\/strong><span dir=\"auto\" style=\"vertical-align: inherit;\"><span dir=\"auto\" style=\"vertical-align: inherit;\"> Anv\u00e4nd endast i ackrediterade laboratorier med l\u00e4mplig s\u00e4kerhetsutrustning.<\/span><\/span><\/p>\n<\/li>\n<li data-start=\"6849\" data-end=\"6945\">\n<p data-start=\"6852\" data-end=\"6945\"><strong data-start=\"6852\" data-end=\"6867\"><span dir=\"auto\" style=\"vertical-align: inherit;\"><span dir=\"auto\" style=\"vertical-align: inherit;\">Ans\u00f6kan:<\/span><\/span><\/strong><span dir=\"auto\" style=\"vertical-align: inherit;\"><span dir=\"auto\" style=\"vertical-align: inherit;\"> Use in well-ventilated areas according to validated protocols.<\/span><\/span><\/p>\n<\/li>\n<li data-start=\"6946\" data-end=\"7009\">\n<p data-start=\"6949\" data-end=\"7009\"><strong data-start=\"6949\" data-end=\"6960\"><span dir=\"auto\" style=\"vertical-align: inherit;\"><span dir=\"auto\" style=\"vertical-align: inherit;\">Lagring:<\/span><\/span><\/strong><span dir=\"auto\" style=\"vertical-align: inherit;\"><span dir=\"auto\" style=\"vertical-align: inherit;\"> F\u00f6rvara svalt, torrt och m\u00f6rkt, v\u00e4l tillslutet.<\/span><\/span><\/p>\n<\/li>\n<li data-start=\"7010\" data-end=\"7103\">\n<p data-start=\"7013\" data-end=\"7103\"><strong data-start=\"7013\" data-end=\"7024\"><span dir=\"auto\" style=\"vertical-align: inherit;\"><span dir=\"auto\" style=\"vertical-align: inherit;\">F\u00f6rfogande:<\/span><\/span><\/strong><span dir=\"auto\" style=\"vertical-align: inherit;\"><span dir=\"auto\" style=\"vertical-align: inherit;\"> Kassera rester i enlighet med lokala f\u00f6reskrifter f\u00f6r hantering av kemiskt avfall.<\/span><\/span><\/p>\n<\/li>\n<\/ol>\n<hr data-start=\"7105\" data-end=\"7108\" \/>\n<h3 data-start=\"7110\" data-end=\"7144\"><strong data-start=\"7114\" data-end=\"7144\"><span dir=\"auto\" style=\"vertical-align: inherit;\"><span dir=\"auto\" style=\"vertical-align: inherit;\">S\u00e4kerhet och efterlevnad<\/span><\/span><\/strong><\/h3>\n<ul data-start=\"7146\" data-end=\"7599\">\n<li data-start=\"7146\" data-end=\"7241\">\n<p data-start=\"7148\" data-end=\"7241\"><strong data-start=\"7148\" data-end=\"7184\"><span dir=\"auto\" style=\"vertical-align: inherit;\"><span dir=\"auto\" style=\"vertical-align: inherit;\">Endast f\u00f6r laboratoriebruk:<\/span><\/span><\/strong><span dir=\"auto\" style=\"vertical-align: inherit;\"><span dir=\"auto\" style=\"vertical-align: inherit;\"> Ej l\u00e4mplig f\u00f6r konsumtion av m\u00e4nniskor eller djur.<\/span><\/span><\/p>\n<\/li>\n<li data-start=\"7242\" data-end=\"7364\">\n<p data-start=\"7244\" data-end=\"7364\"><strong data-start=\"7244\" data-end=\"7272\"><span dir=\"auto\" style=\"vertical-align: inherit;\"><span dir=\"auto\" style=\"vertical-align: inherit;\">Juridiska \u00f6verv\u00e4ganden:<\/span><\/span><\/strong><span dir=\"auto\" style=\"vertical-align: inherit;\"><span dir=\"auto\" style=\"vertical-align: inherit;\"> The legal status of 2F-DCK varies by country; always check local laws.<\/span><\/span><\/p>\n<\/li>\n<li data-start=\"7365\" data-end=\"7474\">\n<p data-start=\"7367\" data-end=\"7474\"><strong data-start=\"7367\" data-end=\"7395\"><span dir=\"auto\" style=\"vertical-align: inherit;\"><span dir=\"auto\" style=\"vertical-align: inherit;\">H\u00e4lsa och s\u00e4kerhet:<\/span><\/span><\/strong><span dir=\"auto\" style=\"vertical-align: inherit;\"><span dir=\"auto\" style=\"vertical-align: inherit;\"> Avoid inhalation and skin contact; wear personal protective equipment. Chem mist spray<\/span><\/span><\/p>\n<\/li>\n<li data-start=\"7475\" data-end=\"7599\">\n<p data-start=\"7477\" data-end=\"7599\"><strong data-start=\"7477\" data-end=\"7494\"><span dir=\"auto\" style=\"vertical-align: inherit;\"><span dir=\"auto\" style=\"vertical-align: inherit;\">Dokumentation:<\/span><\/span><\/strong><span dir=\"auto\" style=\"vertical-align: inherit;\"><span dir=\"auto\" style=\"vertical-align: inherit;\"> En <\/span><\/span><strong data-start=\"7499\" data-end=\"7535\"><span dir=\"auto\" style=\"vertical-align: inherit;\"><span dir=\"auto\" style=\"vertical-align: inherit;\">S\u00e4kerhetsdatablad (MSDS)<\/span><\/span><\/strong><span dir=\"auto\" style=\"vertical-align: inherit;\"><span dir=\"auto\" style=\"vertical-align: inherit;\"> och <\/span><\/span><strong data-start=\"7539\" data-end=\"7567\"><span dir=\"auto\" style=\"vertical-align: inherit;\"><span dir=\"auto\" style=\"vertical-align: inherit;\">Analysintyg (COA)<\/span><\/span><\/strong><span dir=\"auto\" style=\"vertical-align: inherit;\"><span dir=\"auto\" style=\"vertical-align: inherit;\"> finns tillg\u00e4ngliga p\u00e5 beg\u00e4ran.<\/span><\/span><\/p>\n<\/li>\n<\/ul>\n<hr data-start=\"7601\" data-end=\"7604\" \/>\n<h3 data-start=\"7606\" data-end=\"7641\"><strong data-start=\"7610\" data-end=\"7641\"><span dir=\"auto\" style=\"vertical-align: inherit;\"><span dir=\"auto\" style=\"vertical-align: inherit;\">Vanliga fr\u00e5gor (FAQ)<\/span><\/span><\/strong><\/h3>\n<p data-start=\"7643\" data-end=\"7831\"><strong data-start=\"7643\" data-end=\"7701\"><span dir=\"auto\" style=\"vertical-align: inherit;\"><span dir=\"auto\" style=\"vertical-align: inherit;\">1. What is Chem-Mist 2F-DCK Spray 10% used for?<\/span><\/span><\/strong><br data-start=\"7701\" data-end=\"7704\" \/><span dir=\"auto\" style=\"vertical-align: inherit;\"><span dir=\"auto\" style=\"vertical-align: inherit;\"> Den anv\u00e4nds som <\/span><\/span><strong data-start=\"7727\" data-end=\"7750\"><span dir=\"auto\" style=\"vertical-align: inherit;\"><span dir=\"auto\" style=\"vertical-align: inherit;\">a reference solution<\/span><\/span><\/strong><span dir=\"auto\" style=\"vertical-align: inherit;\"><span dir=\"auto\" style=\"vertical-align: inherit;\"> in forensic and chemical laboratories for detection and calibration research.<\/span><\/span><\/p>\n<p data-start=\"7833\" data-end=\"8034\"><strong data-start=\"7833\" data-end=\"7906\"><span dir=\"auto\" style=\"vertical-align: inherit;\"><span dir=\"auto\" style=\"vertical-align: inherit;\">2. Is Chem-Mist 2F-DCK Spray 10% suitable for human consumption?<\/span><\/span><\/strong><br data-start=\"7906\" data-end=\"7909\" \/><span dir=\"auto\" style=\"vertical-align: inherit;\"><span dir=\"auto\" style=\"vertical-align: inherit;\"> Nej. Denna produkt \u00e4r <\/span><\/span><strong data-start=\"7929\" data-end=\"7984\"><span dir=\"auto\" style=\"vertical-align: inherit;\"><span dir=\"auto\" style=\"vertical-align: inherit;\">endast avsedd f\u00f6r vetenskaplig forskning<\/span><\/span><\/strong><span dir=\"auto\" style=\"vertical-align: inherit;\"><span dir=\"auto\" style=\"vertical-align: inherit;\"> och <\/span><\/span><strong data-start=\"7988\" data-end=\"8031\"><span dir=\"auto\" style=\"vertical-align: inherit;\"><span dir=\"auto\" style=\"vertical-align: inherit;\">\u00e4r inte godk\u00e4nt f\u00f6r m\u00e4nskligt bruk<\/span><\/span><\/strong><span dir=\"auto\" style=\"vertical-align: inherit;\"><span dir=\"auto\" style=\"vertical-align: inherit;\"> .<\/span><\/span><\/p>\n<p data-start=\"8036\" data-end=\"8181\"><strong data-start=\"8036\" data-end=\"8097\"><span dir=\"auto\" style=\"vertical-align: inherit;\"><span dir=\"auto\" style=\"vertical-align: inherit;\">3. How should Chem-Mist 2F-DCK Spray 10% be stored?<\/span><\/span><\/strong><br data-start=\"8097\" data-end=\"8100\" \/><span dir=\"auto\" style=\"vertical-align: inherit;\"><span dir=\"auto\" style=\"vertical-align: inherit;\"> F\u00f6rvara svalt, torrt, m\u00f6rkt och v\u00e4l tillslutet, utom r\u00e4ckh\u00e5ll f\u00f6r obeh\u00f6riga.<\/span><\/span><\/p>\n<p data-start=\"8036\" data-end=\"8181\"><a href=\"https:\/\/researchchemicalhub.com\/sv\/shop\/lysergamides\/1cp-lsd\/\"><span dir=\"auto\" style=\"vertical-align: inherit;\"><span dir=\"auto\" style=\"vertical-align: inherit;\">1cp lsd <\/span><\/span><\/a><a href=\"https:\/\/researchchemicalhub.com\/sv\/shop\/pellets-for-pellet\/o-dsmt-50mg-pellets\/\"><span dir=\"auto\" style=\"vertical-align: inherit;\"><span dir=\"auto\" style=\"vertical-align: inherit;\">o-dsmt <\/span><\/span><\/a><a href=\"https:\/\/researchchemicalhub.com\/sv\/shop\/pellets-for-pellet\/1p-lsd-microdose\/\"><span dir=\"auto\" style=\"vertical-align: inherit;\"><span dir=\"auto\" style=\"vertical-align: inherit;\">1P-LSD mikrodos<\/span><\/span><\/a><\/p>","protected":false},"excerpt":{"rendered":"<h2><span style=\"vertical-align: inherit;\"><span style=\"vertical-align: inherit;\"><span dir=\"auto\" style=\"vertical-align: inherit;\"><span dir=\"auto\" style=\"vertical-align: inherit;\">Chem-mist 2F-DCK spray 10% Vanilla Sky egenskaper<\/span><\/span><\/span><\/span><\/h2>\n<p><strong><span style=\"vertical-align: inherit;\"><span style=\"vertical-align: inherit;\"><span dir=\"auto\" style=\"vertical-align: inherit;\"><span dir=\"auto\" style=\"vertical-align: inherit;\">Synonym:<\/span><\/span><\/span><\/span><\/strong><span style=\"vertical-align: inherit;\"><span style=\"vertical-align: inherit;\"><span dir=\"auto\" style=\"vertical-align: inherit;\"><span dir=\"auto\" style=\"vertical-align: inherit;\"> 2-fluorodekloroketamin HCl <\/span><\/span><\/span><\/span><br \/>\n<strong><span style=\"vertical-align: inherit;\"><span style=\"vertical-align: inherit;\"><span dir=\"auto\" style=\"vertical-align: inherit;\"><span dir=\"auto\" style=\"vertical-align: inherit;\">CAS-nummer:<\/span><\/span><\/span><\/span><\/strong><span style=\"vertical-align: inherit;\"><span style=\"vertical-align: inherit;\"><span dir=\"auto\" style=\"vertical-align: inherit;\"><span dir=\"auto\" style=\"vertical-align: inherit;\"> 111982-49-1 <\/span><\/span><\/span><\/span><br \/>\n<strong><span style=\"vertical-align: inherit;\"><span style=\"vertical-align: inherit;\"><span dir=\"auto\" style=\"vertical-align: inherit;\"><span dir=\"auto\" style=\"vertical-align: inherit;\">Formel:<\/span><\/span><\/span><\/span><\/strong><span style=\"vertical-align: inherit;\"><span style=\"vertical-align: inherit;\"><span dir=\"auto\" style=\"vertical-align: inherit;\"><span dir=\"auto\" style=\"vertical-align: inherit;\"> 2-(2-fluorofenyl)-2-(metylamino)-cyklohexanon <\/span><\/span><\/span><\/span><br \/>\n<strong><span style=\"vertical-align: inherit;\"><span style=\"vertical-align: inherit;\"><span dir=\"auto\" style=\"vertical-align: inherit;\"><span dir=\"auto\" style=\"vertical-align: inherit;\">Molmassa:<\/span><\/span><\/span><\/span><\/strong><span style=\"vertical-align: inherit;\"><span style=\"vertical-align: inherit;\"><span dir=\"auto\" style=\"vertical-align: inherit;\"><span dir=\"auto\" style=\"vertical-align: inherit;\"> 257,7 g\/mol <\/span><\/span><\/span><\/span><br \/>\n<strong><span style=\"vertical-align: inherit;\"><span style=\"vertical-align: inherit;\"><span dir=\"auto\" style=\"vertical-align: inherit;\"><span dir=\"auto\" style=\"vertical-align: inherit;\">Renhet:<\/span><\/span><\/span><\/span><\/strong><span style=\"vertical-align: inherit;\"><span style=\"vertical-align: inherit;\"><span dir=\"auto\" style=\"vertical-align: inherit;\"><span dir=\"auto\" style=\"vertical-align: inherit;\"> &gt;98%<\/span><\/span><\/span><\/span><\/p>","protected":false},"featured_media":28492,"comment_status":"closed","ping_status":"closed","template":"","meta":[],"product_brand":[],"product_cat":[474,498,71,471,396],"product_tag":[810,1092,326,472],"class_list":{"0":"post-23740","1":"product","2":"type-product","3":"status-publish","4":"has-post-thumbnail","6":"product_cat-2f-dck-kopen","7":"product_cat-2f-dck-sprays","8":"product_cat-arylcyclohexylamine","9":"product_cat-chem-mist-sprays","10":"product_cat-liquid-rcs","11":"product_tag-chem-mist-spray","12":"product_tag-chem-mist-spray-kopen","13":"product_tag-nl","14":"product_tag-spring-is-in-the-air","16":"first","17":"instock","18":"taxable","19":"shipping-taxable","20":"purchasable","21":"product-type-variable"},"_links":{"self":[{"href":"https:\/\/researchchemicalhub.com\/sv\/wp-json\/wp\/v2\/product\/23740","targetHints":{"allow":["GET"]}}],"collection":[{"href":"https:\/\/researchchemicalhub.com\/sv\/wp-json\/wp\/v2\/product"}],"about":[{"href":"https:\/\/researchchemicalhub.com\/sv\/wp-json\/wp\/v2\/types\/product"}],"replies":[{"embeddable":true,"href":"https:\/\/researchchemicalhub.com\/sv\/wp-json\/wp\/v2\/comments?post=23740"}],"version-history":[{"count":7,"href":"https:\/\/researchchemicalhub.com\/sv\/wp-json\/wp\/v2\/product\/23740\/revisions"}],"predecessor-version":[{"id":28711,"href":"https:\/\/researchchemicalhub.com\/sv\/wp-json\/wp\/v2\/product\/23740\/revisions\/28711"}],"wp:featuredmedia":[{"embeddable":true,"href":"https:\/\/researchchemicalhub.com\/sv\/wp-json\/wp\/v2\/media\/28492"}],"wp:attachment":[{"href":"https:\/\/researchchemicalhub.com\/sv\/wp-json\/wp\/v2\/media?parent=23740"}],"wp:term":[{"taxonomy":"product_brand","embeddable":true,"href":"https:\/\/researchchemicalhub.com\/sv\/wp-json\/wp\/v2\/product_brand?post=23740"},{"taxonomy":"product_cat","embeddable":true,"href":"https:\/\/researchchemicalhub.com\/sv\/wp-json\/wp\/v2\/product_cat?post=23740"},{"taxonomy":"product_tag","embeddable":true,"href":"https:\/\/researchchemicalhub.com\/sv\/wp-json\/wp\/v2\/product_tag?post=23740"}],"curies":[{"name":"wp","href":"https:\/\/api.w.org\/{rel}","templated":true}]}}