{"id":23663,"date":"2025-04-13T17:40:11","date_gmt":"2025-04-13T17:40:11","guid":{"rendered":"https:\/\/researchchemicalhub.com\/?post_type=product&#038;p=23663"},"modified":"2025-10-18T13:43:29","modified_gmt":"2025-10-18T13:43:29","slug":"flubrotizolam-fanax-bars-05-mg","status":"publish","type":"product","link":"https:\/\/researchchemicalhub.com\/sv\/handla\/bensodiazepiner\/flubrotizolam-fanax-bars-05-mg\/","title":{"rendered":"Flubrotizolam Fanax Bars 0,5 mg"},"content":{"rendered":"<h3 data-start=\"2659\" data-end=\"2734\"><strong data-start=\"2663\" data-end=\"2734\">Flubrotizolam Fanax Bars 0,5 mg<\/strong><\/h3>\n<h3 data-start=\"2736\" data-end=\"2755\"><strong data-start=\"2740\" data-end=\"2755\">Introduktion<\/strong><\/h3>\n<p data-start=\"2756\" data-end=\"3160\">Flubrotizolam Fanax Bars 0,5 MG \u00e4r h\u00f6gkvalitativa tabletter av forskningsklass, k\u00e4nda f\u00f6r sin h\u00f6ga styrka och tillf\u00f6rlitlighet. Varje bar inneh\u00e5ller en exakt dos av <strong data-start=\"2930\" data-end=\"2954\">0,5 mg flubrotizolam<\/strong>, en f\u00f6rening k\u00e4nd f\u00f6r sin starka <strong data-start=\"3000\" data-end=\"3064\">lugnande, \u00e5ngestd\u00e4mpande och s\u00f6mnfr\u00e4mjande egenskaper<\/strong>Dessa barer anv\u00e4nds fr\u00e4mst i laboratorieforskning p\u00e5 tienotriazolodiazepiner.<\/p>\n<hr data-start=\"3162\" data-end=\"3165\" \/>\n<h3 data-start=\"3167\" data-end=\"3198\"><strong data-start=\"3171\" data-end=\"3198\">Viktiga funktioner<\/strong><\/h3>\n<ul data-start=\"3199\" data-end=\"3738\">\n<li data-start=\"3199\" data-end=\"3319\">\n<p data-start=\"3201\" data-end=\"3319\"><strong data-start=\"3201\" data-end=\"3226\">Noggrann dosering:<\/strong> Varje bar inneh\u00e5ller exakt 0,5 mg flubrotizolam med h\u00f6g renhet f\u00f6r konsekventa resultat.<\/p>\n<\/li>\n<li data-start=\"3320\" data-end=\"3435\">\n<p data-start=\"3322\" data-end=\"3435\"><strong data-start=\"3322\" data-end=\"3348\">Laboratoriekvalitet:<\/strong> Tillverkad enligt strikta kvalitetsstandarder f\u00f6r maximal renhet och stabilitet.<\/p>\n<\/li>\n<li data-start=\"3436\" data-end=\"3533\">\n<p data-start=\"3438\" data-end=\"3533\"><strong data-start=\"3438\" data-end=\"3458\">Kompakt design:<\/strong> L\u00e4tt att hantera f\u00f6r kontrollerad och s\u00e4ker anv\u00e4ndning i forskning.<\/p>\n<\/li>\n<li data-start=\"3534\" data-end=\"3635\">\n<p data-start=\"3536\" data-end=\"3635\"><strong data-start=\"3536\" data-end=\"3571\">Publicerad forskningsprofil:<\/strong> K\u00e4nd f\u00f6r sina starka lugnande och muskelavslappnande effekter.<\/p>\n<\/li>\n<li data-start=\"3636\" data-end=\"3738\">\n<p data-start=\"3638\" data-end=\"3738\"><strong data-start=\"3638\" data-end=\"3661\">S\u00e4ker f\u00f6rpackning:<\/strong> Luftt\u00e4t f\u00f6rseglad f\u00f6r att bibeh\u00e5lla produktens integritet under transport.<\/p>\n<\/li>\n<\/ul>\n<hr data-start=\"3740\" data-end=\"3743\" \/>\n<h3 data-start=\"3745\" data-end=\"3762\"><strong data-start=\"3749\" data-end=\"3762\">F\u00f6rdelar<\/strong><\/h3>\n<ul data-start=\"3763\" data-end=\"4059\">\n<li data-start=\"3763\" data-end=\"3851\">\n<p data-start=\"3765\" data-end=\"3851\">M\u00e4rken <strong data-start=\"3771\" data-end=\"3804\">exakt doseringskontroll<\/strong> m\u00f6jligt i vetenskapliga experiment.<\/p>\n<\/li>\n<li data-start=\"3852\" data-end=\"3933\">\n<p data-start=\"3854\" data-end=\"3933\">Erbjudanden <strong data-start=\"3860\" data-end=\"3888\">p\u00e5litlig konsistens<\/strong> f\u00f6r reproducerbara forskningsresultat.<\/p>\n<\/li>\n<li data-start=\"3934\" data-end=\"3994\">\n<p data-start=\"3936\" data-end=\"3994\">St\u00f6der forskning om <strong data-start=\"3963\" data-end=\"3991\">s\u00f6mn- och \u00e5ngestmodulering<\/strong>.<\/p>\n<\/li>\n<li data-start=\"3995\" data-end=\"4059\">\n<p data-start=\"3997\" data-end=\"4059\">Fr\u00e4mjar <strong data-start=\"4007\" data-end=\"4036\">s\u00e4kerhet och effektivitet<\/strong> i laboratoriet.<\/p>\n<\/li>\n<\/ul>\n<hr data-start=\"4061\" data-end=\"4064\" \/>\n<h3 data-start=\"4066\" data-end=\"4081\"><strong data-start=\"4070\" data-end=\"4081\">Anv\u00e4ndande<\/strong><\/h3>\n<p data-start=\"4082\" data-end=\"4166\">Denna produkt \u00e4r <strong data-start=\"4097\" data-end=\"4163\">endast avsedd f\u00f6r laboratorie- och forsknings\u00e4ndam\u00e5l<\/strong>.<\/p>\n<ul data-start=\"4167\" data-end=\"4378\">\n<li data-start=\"4167\" data-end=\"4253\">\n<p data-start=\"4169\" data-end=\"4253\">Anv\u00e4nd l\u00e4mplig skyddsutrustning och f\u00f6lj vanliga s\u00e4kerhets\u00e5tg\u00e4rder.<\/p>\n<\/li>\n<li data-start=\"4254\" data-end=\"4319\">\n<p data-start=\"4256\" data-end=\"4319\">F\u00f6rvara svalt, torrt och skyddat fr\u00e5n solljus.<\/p>\n<\/li>\n<li data-start=\"4320\" data-end=\"4378\">\n<p data-start=\"4322\" data-end=\"4378\">Ej l\u00e4mplig f\u00f6r konsumtion av m\u00e4nniskor eller djur.<\/p>\n<\/li>\n<\/ul>\n<hr data-start=\"4380\" data-end=\"4383\" \/>\n<h3 data-start=\"4385\" data-end=\"4420\"><strong data-start=\"4389\" data-end=\"4420\">Vanliga fr\u00e5gor (FAQ)<\/strong><\/h3>\n<p data-start=\"4422\" data-end=\"4613\"><strong data-start=\"4422\" data-end=\"4486\">1. Vad anv\u00e4nds Flubrotizolam Fanax Bars 0,5 MG till?<\/strong><br data-start=\"4486\" data-end=\"4489\" \/>De anv\u00e4nds f\u00f6r vetenskaplig forskning om de lugnande och \u00e5ngestd\u00e4mpande effekterna av tienotriazolodiazepiner.<\/p>\n<p data-start=\"4615\" data-end=\"4783\"><strong data-start=\"4615\" data-end=\"4669\">2. \u00c4r den h\u00e4r produkten s\u00e4ker f\u00f6r personligt bruk?<\/strong><br data-start=\"4669\" data-end=\"4672\" \/>Nej. Denna produkt \u00e4r endast avsedd f\u00f6r anv\u00e4ndning <strong data-start=\"4717\" data-end=\"4741\">forsknings\u00e4ndam\u00e5l<\/strong> och f\u00e5r inte tas av m\u00e4nniskor.<\/p>\n<p data-start=\"4785\" data-end=\"4923\"><strong data-start=\"4785\" data-end=\"4828\">3. Hur ska produkten f\u00f6rvaras?<\/strong><br data-start=\"4828\" data-end=\"4831\" \/>F\u00f6rvara i en sluten beh\u00e5llare vid rumstemperatur, borta fr\u00e5n fukt och v\u00e4rme.<\/p>","protected":false},"excerpt":{"rendered":"<h3><span data-sheets-value=\"{\" data-sheets-userformat=\"{\"><strong><span style=\"vertical-align: inherit;\"><span style=\"vertical-align: inherit;\"><span dir=\"auto\" style=\"vertical-align: inherit;\"><span dir=\"auto\" style=\"vertical-align: inherit;\">Flubrotizolam Fanax Bars<\/span><\/span><\/span><\/span><\/strong><span style=\"vertical-align: inherit;\"><span style=\"vertical-align: inherit;\"><span dir=\"auto\" style=\"vertical-align: inherit;\"><span dir=\"auto\" style=\"vertical-align: inherit;\"> Properties<\/span><\/span><\/span><\/span><\/span><\/h3>\n<p><strong><span style=\"vertical-align: inherit;\"><span style=\"vertical-align: inherit;\"><span dir=\"auto\" style=\"vertical-align: inherit;\"><span dir=\"auto\" style=\"vertical-align: inherit;\">Synonym:<\/span><\/span><\/span><\/span><\/strong><span style=\"vertical-align: inherit;\"><span style=\"vertical-align: inherit;\"><span dir=\"auto\" style=\"vertical-align: inherit;\"><span dir=\"auto\" style=\"vertical-align: inherit;\"> 2-bromo-4-(2-fluorophenyl)-9-methyl-6H-thieno[3,2-f][1,2,4]triazolo[4,3-a][1,4]diazepine <\/span><\/span><\/span><\/span><br \/>\n<strong><span style=\"vertical-align: inherit;\"><span style=\"vertical-align: inherit;\"><span dir=\"auto\" style=\"vertical-align: inherit;\"><span dir=\"auto\" style=\"vertical-align: inherit;\">CAS Number:<\/span><\/span><\/span><\/span><\/strong><span style=\"vertical-align: inherit;\"><span style=\"vertical-align: inherit;\"><span dir=\"auto\" style=\"vertical-align: inherit;\"><span dir=\"auto\" style=\"vertical-align: inherit;\"> 57801-95-3 <\/span><\/span><\/span><\/span><br \/>\n<strong><span style=\"vertical-align: inherit;\"><span style=\"vertical-align: inherit;\"><span dir=\"auto\" style=\"vertical-align: inherit;\"><span dir=\"auto\" style=\"vertical-align: inherit;\">Formula:<\/span><\/span><\/span><\/span><\/strong><span style=\"vertical-align: inherit;\"><span style=\"vertical-align: inherit;\"><span dir=\"auto\" style=\"vertical-align: inherit;\"><span dir=\"auto\" style=\"vertical-align: inherit;\"> C17H12BrFN4 <\/span><\/span><\/span><\/span><br \/>\n<strong><span style=\"vertical-align: inherit;\"><span style=\"vertical-align: inherit;\"><span dir=\"auto\" style=\"vertical-align: inherit;\"><span dir=\"auto\" style=\"vertical-align: inherit;\">Mole mass:<\/span><\/span><\/span><\/span><\/strong><span style=\"vertical-align: inherit;\"><span style=\"vertical-align: inherit;\"><span dir=\"auto\" style=\"vertical-align: inherit;\"><span dir=\"auto\" style=\"vertical-align: inherit;\"> 377.2 g\/mol <\/span><\/span><\/span><\/span><br \/>\n<strong><span style=\"vertical-align: inherit;\"><span style=\"vertical-align: inherit;\"><span dir=\"auto\" style=\"vertical-align: inherit;\"><span dir=\"auto\" style=\"vertical-align: inherit;\">Purity:<\/span><\/span><\/span><\/span><\/strong><span style=\"vertical-align: inherit;\"><span style=\"vertical-align: inherit;\"><span dir=\"auto\" style=\"vertical-align: inherit;\"><span dir=\"auto\" style=\"vertical-align: inherit;\"> \u226599%<\/span><\/span><\/span><\/span><\/p>\n<p><span style=\"color: #ed1c24;\">\u00a0<\/span><\/p>\n","protected":false},"featured_media":20588,"comment_status":"closed","ping_status":"closed","template":"","meta":[],"product_brand":[],"product_cat":[76,476],"product_tag":[150,1139,326],"class_list":{"0":"post-23663","1":"product","2":"type-product","3":"status-publish","4":"has-post-thumbnail","6":"product_cat-benzodiazepinen","7":"product_cat-flubrotizolam","8":"product_tag-flubrotizolam","9":"product_tag-flubrotizolam-kopen","10":"product_tag-nl","12":"first","13":"instock","14":"taxable","15":"shipping-taxable","16":"purchasable","17":"product-type-variable"},"_links":{"self":[{"href":"https:\/\/researchchemicalhub.com\/sv\/wp-json\/wp\/v2\/product\/23663","targetHints":{"allow":["GET"]}}],"collection":[{"href":"https:\/\/researchchemicalhub.com\/sv\/wp-json\/wp\/v2\/product"}],"about":[{"href":"https:\/\/researchchemicalhub.com\/sv\/wp-json\/wp\/v2\/types\/product"}],"replies":[{"embeddable":true,"href":"https:\/\/researchchemicalhub.com\/sv\/wp-json\/wp\/v2\/comments?post=23663"}],"version-history":[{"count":5,"href":"https:\/\/researchchemicalhub.com\/sv\/wp-json\/wp\/v2\/product\/23663\/revisions"}],"predecessor-version":[{"id":27989,"href":"https:\/\/researchchemicalhub.com\/sv\/wp-json\/wp\/v2\/product\/23663\/revisions\/27989"}],"wp:featuredmedia":[{"embeddable":true,"href":"https:\/\/researchchemicalhub.com\/sv\/wp-json\/wp\/v2\/media\/20588"}],"wp:attachment":[{"href":"https:\/\/researchchemicalhub.com\/sv\/wp-json\/wp\/v2\/media?parent=23663"}],"wp:term":[{"taxonomy":"product_brand","embeddable":true,"href":"https:\/\/researchchemicalhub.com\/sv\/wp-json\/wp\/v2\/product_brand?post=23663"},{"taxonomy":"product_cat","embeddable":true,"href":"https:\/\/researchchemicalhub.com\/sv\/wp-json\/wp\/v2\/product_cat?post=23663"},{"taxonomy":"product_tag","embeddable":true,"href":"https:\/\/researchchemicalhub.com\/sv\/wp-json\/wp\/v2\/product_tag?post=23663"}],"curies":[{"name":"wp","href":"https:\/\/api.w.org\/{rel}","templated":true}]}}