{"id":23655,"date":"2025-04-13T17:40:11","date_gmt":"2025-04-13T17:40:11","guid":{"rendered":"https:\/\/researchchemicalhub.com\/?post_type=product&#038;p=23655"},"modified":"2025-10-30T08:59:46","modified_gmt":"2025-10-30T08:59:46","slug":"idra-21-10-mg-pellets","status":"publish","type":"product","link":"https:\/\/researchchemicalhub.com\/sv\/handla\/idra-21\/idra-21-10-mg-pellets\/","title":{"rendered":"IDRA-21 10 MG Pellets"},"content":{"rendered":"<p data-start=\"4897\" data-end=\"5239\"><strong data-start=\"4897\" data-end=\"4908\"><span dir=\"auto\" style=\"vertical-align: inherit;\"><span dir=\"auto\" style=\"vertical-align: inherit;\">IDRA-21<\/span><\/span><\/strong><span dir=\"auto\" style=\"vertical-align: inherit;\"><span dir=\"auto\" style=\"vertical-align: inherit;\"> \u00e4r en <\/span><\/span><strong data-start=\"4916\" data-end=\"4947\"><span dir=\"auto\" style=\"vertical-align: inherit;\"><span dir=\"auto\" style=\"vertical-align: inherit;\">benzothiadiazine compound<\/span><\/span><\/strong><span dir=\"auto\" style=\"vertical-align: inherit;\"><span dir=\"auto\" style=\"vertical-align: inherit;\"> , relaterat till <\/span><\/span><strong data-start=\"4961\" data-end=\"4975\"><span dir=\"auto\" style=\"vertical-align: inherit;\"><span dir=\"auto\" style=\"vertical-align: inherit;\">aniracetam<\/span><\/span><\/strong><span dir=\"auto\" style=\"vertical-align: inherit;\"><span dir=\"auto\" style=\"vertical-align: inherit;\"> , and is being investigated for its <\/span><\/span><strong data-start=\"5010\" data-end=\"5040\"><span dir=\"auto\" style=\"vertical-align: inherit;\"><span dir=\"auto\" style=\"vertical-align: inherit;\">effects on AMPA receptors<\/span><\/span><\/strong><span dir=\"auto\" style=\"vertical-align: inherit;\"><span dir=\"auto\" style=\"vertical-align: inherit;\"> . <\/span><\/span><br data-start=\"5041\" data-end=\"5044\" \/><span dir=\"auto\" style=\"vertical-align: inherit;\"><span dir=\"auto\" style=\"vertical-align: inherit;\">It is used in <\/span><\/span><strong data-start=\"5066\" data-end=\"5136\"><span dir=\"auto\" style=\"vertical-align: inherit;\"><span dir=\"auto\" style=\"vertical-align: inherit;\">forensic, pharmacological, and neuroscience laboratories<\/span><\/span><\/strong><span dir=\"auto\" style=\"vertical-align: inherit;\"><span dir=\"auto\" style=\"vertical-align: inherit;\"> aska <\/span><\/span><strong data-start=\"5141\" data-end=\"5164\"><span dir=\"auto\" style=\"vertical-align: inherit;\"><span dir=\"auto\" style=\"vertical-align: inherit;\">ett referensmaterial<\/span><\/span><\/strong><span dir=\"auto\" style=\"vertical-align: inherit;\"><span dir=\"auto\" style=\"vertical-align: inherit;\"> for studying <\/span><\/span><strong data-start=\"5189\" data-end=\"5236\"><span dir=\"auto\" style=\"vertical-align: inherit;\"><span dir=\"auto\" style=\"vertical-align: inherit;\">synaptic processes and receptor activity<\/span><\/span><\/strong><span dir=\"auto\" style=\"vertical-align: inherit;\"><span dir=\"auto\" style=\"vertical-align: inherit;\"> idra 21<\/span><\/span><\/p>\n<p data-start=\"5241\" data-end=\"5467\"><span dir=\"auto\" style=\"vertical-align: inherit;\"><span dir=\"auto\" style=\"vertical-align: inherit;\">De <\/span><\/span><strong data-start=\"5244\" data-end=\"5264\"><span dir=\"auto\" style=\"vertical-align: inherit;\"><span dir=\"auto\" style=\"vertical-align: inherit;\">10 mg pellet form<\/span><\/span><\/strong><span dir=\"auto\" style=\"vertical-align: inherit;\"><span dir=\"auto\" style=\"vertical-align: inherit;\"> offers precise dosing and reproducible analysis. <\/span><\/span><br data-start=\"5332\" data-end=\"5335\" \/><span dir=\"auto\" style=\"vertical-align: inherit;\"><span dir=\"auto\" style=\"vertical-align: inherit;\">Denna produkt \u00e4r <\/span><\/span><strong data-start=\"5350\" data-end=\"5405\"><span dir=\"auto\" style=\"vertical-align: inherit;\"><span dir=\"auto\" style=\"vertical-align: inherit;\">endast avsedd f\u00f6r vetenskaplig forskning<\/span><\/span><\/strong><span dir=\"auto\" style=\"vertical-align: inherit;\"><span dir=\"auto\" style=\"vertical-align: inherit;\"> och <\/span><\/span><strong data-start=\"5409\" data-end=\"5466\"><span dir=\"auto\" style=\"vertical-align: inherit;\"><span dir=\"auto\" style=\"vertical-align: inherit;\">\u00e4r inte l\u00e4mplig f\u00f6r m\u00e4nsklig eller djurkonsumtion<\/span><\/span><\/strong><span dir=\"auto\" style=\"vertical-align: inherit;\"><span dir=\"auto\" style=\"vertical-align: inherit;\"> .<\/span><\/span><\/p>\n<hr data-start=\"5469\" data-end=\"5472\" \/>\n<h3 data-start=\"5474\" data-end=\"5505\"><strong data-start=\"5478\" data-end=\"5505\"><span dir=\"auto\" style=\"vertical-align: inherit;\"><span dir=\"auto\" style=\"vertical-align: inherit;\">Viktiga funktioner<\/span><\/span><\/strong><\/h3>\n<ul data-start=\"5507\" data-end=\"5944\">\n<li data-start=\"5507\" data-end=\"5593\">\n<p data-start=\"5509\" data-end=\"5593\"><strong data-start=\"5509\" data-end=\"5529\"><span dir=\"auto\" style=\"vertical-align: inherit;\"><span dir=\"auto\" style=\"vertical-align: inherit;\">H\u00f6g renhet:<\/span><\/span><\/strong><span dir=\"auto\" style=\"vertical-align: inherit;\"><span dir=\"auto\" style=\"vertical-align: inherit;\"> Tillverkad under kontrollerade laboratorief\u00f6rh\u00e5llanden.<\/span><\/span><\/p>\n<\/li>\n<li data-start=\"5594\" data-end=\"5681\">\n<p data-start=\"5596\" data-end=\"5681\"><strong data-start=\"5596\" data-end=\"5628\"><span dir=\"auto\" style=\"vertical-align: inherit;\"><span dir=\"auto\" style=\"vertical-align: inherit;\">Standardiserad dosering:<\/span><\/span><\/strong><span dir=\"auto\" style=\"vertical-align: inherit;\"><span dir=\"auto\" style=\"vertical-align: inherit;\"> 10 mg per pellet for consistent analytical methods.<\/span><\/span><\/p>\n<\/li>\n<li data-start=\"5682\" data-end=\"5768\">\n<p data-start=\"5684\" data-end=\"5768\"><strong data-start=\"5684\" data-end=\"5723\"><span dir=\"auto\" style=\"vertical-align: inherit;\"><span dir=\"auto\" style=\"vertical-align: inherit;\">Certifierat referensmaterial:<\/span><\/span><\/strong><span dir=\"auto\" style=\"vertical-align: inherit;\"><span dir=\"auto\" style=\"vertical-align: inherit;\"> Levereras med <\/span><\/span><strong data-start=\"5737\" data-end=\"5765\"><span dir=\"auto\" style=\"vertical-align: inherit;\"><span dir=\"auto\" style=\"vertical-align: inherit;\">Analysintyg (COA)<\/span><\/span><\/strong><span dir=\"auto\" style=\"vertical-align: inherit;\"><span dir=\"auto\" style=\"vertical-align: inherit;\"> .<\/span><\/span><\/p>\n<\/li>\n<li data-start=\"5769\" data-end=\"5864\">\n<p data-start=\"5771\" data-end=\"5864\"><strong data-start=\"5771\" data-end=\"5802\"><span dir=\"auto\" style=\"vertical-align: inherit;\"><span dir=\"auto\" style=\"vertical-align: inherit;\">Analytisk M\u00e5ngsidig:<\/span><\/span><\/strong><span dir=\"auto\" style=\"vertical-align: inherit;\"><span dir=\"auto\" style=\"vertical-align: inherit;\"> L\u00e4mplig f\u00f6r <\/span><\/span><strong data-start=\"5817\" data-end=\"5825\"><span dir=\"auto\" style=\"vertical-align: inherit;\"><span dir=\"auto\" style=\"vertical-align: inherit;\">HPLC<\/span><\/span><\/strong><span dir=\"auto\" style=\"vertical-align: inherit;\"><span dir=\"auto\" style=\"vertical-align: inherit;\"> , <\/span><\/span><strong data-start=\"5827\" data-end=\"5839\"><span dir=\"auto\" style=\"vertical-align: inherit;\"><span dir=\"auto\" style=\"vertical-align: inherit;\">LC-MS\/MS<\/span><\/span><\/strong><span dir=\"auto\" style=\"vertical-align: inherit;\"><span dir=\"auto\" style=\"vertical-align: inherit;\"> och <\/span><\/span><strong data-start=\"5844\" data-end=\"5852\"><span dir=\"auto\" style=\"vertical-align: inherit;\"><span dir=\"auto\" style=\"vertical-align: inherit;\">FTIR<\/span><\/span><\/strong><span dir=\"auto\" style=\"vertical-align: inherit;\"><span dir=\"auto\" style=\"vertical-align: inherit;\"> analyser.<\/span><\/span><\/p>\n<\/li>\n<li data-start=\"5865\" data-end=\"5944\">\n<p data-start=\"5867\" data-end=\"5944\"><strong data-start=\"5867\" data-end=\"5892\"><span dir=\"auto\" style=\"vertical-align: inherit;\"><span dir=\"auto\" style=\"vertical-align: inherit;\">Stabil formulering:<\/span><\/span><\/strong><span dir=\"auto\" style=\"vertical-align: inherit;\"><span dir=\"auto\" style=\"vertical-align: inherit;\"> Maintains stability under proper storage conditions. idra 21<\/span><\/span><\/p>\n<\/li>\n<\/ul>\n<hr data-start=\"5946\" data-end=\"5949\" \/>\n<h3 data-start=\"5951\" data-end=\"5968\"><strong data-start=\"5955\" data-end=\"5968\"><span dir=\"auto\" style=\"vertical-align: inherit;\"><span dir=\"auto\" style=\"vertical-align: inherit;\">F\u00f6rdelar<\/span><\/span><\/strong><\/h3>\n<ul data-start=\"5970\" data-end=\"6434\">\n<li data-start=\"5970\" data-end=\"6089\">\n<p data-start=\"5972\" data-end=\"6089\"><strong data-start=\"5972\" data-end=\"6020\"><span dir=\"auto\" style=\"vertical-align: inherit;\"><span dir=\"auto\" style=\"vertical-align: inherit;\">Supports Neuroscience Research:<\/span><\/span><\/strong><span dir=\"auto\" style=\"vertical-align: inherit;\"><span dir=\"auto\" style=\"vertical-align: inherit;\"> Suitable for studies of receptor activity and neurotransmission.<\/span><\/span><\/p>\n<\/li>\n<li data-start=\"6090\" data-end=\"6188\">\n<p data-start=\"6092\" data-end=\"6188\"><strong data-start=\"6092\" data-end=\"6119\"><span dir=\"auto\" style=\"vertical-align: inherit;\"><span dir=\"auto\" style=\"vertical-align: inherit;\">Tillf\u00f6rlitlig kalibrering:<\/span><\/span><\/strong><span dir=\"auto\" style=\"vertical-align: inherit;\"><span dir=\"auto\" style=\"vertical-align: inherit;\"> Ensures reproducible results in analytical applications.<\/span><\/span><\/p>\n<\/li>\n<li data-start=\"6189\" data-end=\"6276\">\n<p data-start=\"6191\" data-end=\"6276\"><strong data-start=\"6191\" data-end=\"6213\"><span dir=\"auto\" style=\"vertical-align: inherit;\"><span dir=\"auto\" style=\"vertical-align: inherit;\">Utbildningsv\u00e4rde:<\/span><\/span><\/strong><span dir=\"auto\" style=\"vertical-align: inherit;\"><span dir=\"auto\" style=\"vertical-align: inherit;\"> Suitable for academic training and laboratory research.<\/span><\/span><\/p>\n<\/li>\n<li data-start=\"6277\" data-end=\"6342\">\n<p data-start=\"6279\" data-end=\"6342\"><strong data-start=\"6279\" data-end=\"6306\"><span dir=\"auto\" style=\"vertical-align: inherit;\"><span dir=\"auto\" style=\"vertical-align: inherit;\">Fullst\u00e4ndig dokumentation:<\/span><\/span><\/strong><span dir=\"auto\" style=\"vertical-align: inherit;\"><span dir=\"auto\" style=\"vertical-align: inherit;\"> Levereras med <\/span><\/span><strong data-start=\"6320\" data-end=\"6328\"><span dir=\"auto\" style=\"vertical-align: inherit;\"><span dir=\"auto\" style=\"vertical-align: inherit;\">S\u00e4kerhetsdatablad<\/span><\/span><\/strong><span dir=\"auto\" style=\"vertical-align: inherit;\"><span dir=\"auto\" style=\"vertical-align: inherit;\"> och <\/span><\/span><strong data-start=\"6332\" data-end=\"6339\"><span dir=\"auto\" style=\"vertical-align: inherit;\"><span dir=\"auto\" style=\"vertical-align: inherit;\">\u00c4kthetsbevis<\/span><\/span><\/strong><span dir=\"auto\" style=\"vertical-align: inherit;\"><span dir=\"auto\" style=\"vertical-align: inherit;\"> .<\/span><\/span><\/p>\n<\/li>\n<li data-start=\"6343\" data-end=\"6434\">\n<p data-start=\"6345\" data-end=\"6434\"><strong data-start=\"6345\" data-end=\"6376\"><span dir=\"auto\" style=\"vertical-align: inherit;\"><span dir=\"auto\" style=\"vertical-align: inherit;\">S\u00e4ker laboratorieanv\u00e4ndning:<\/span><\/span><\/strong><span dir=\"auto\" style=\"vertical-align: inherit;\"><span dir=\"auto\" style=\"vertical-align: inherit;\"> Utformad enligt internationella kvalitetsriktlinjer.<\/span><\/span><\/p>\n<\/li>\n<\/ul>\n<hr data-start=\"6436\" data-end=\"6439\" \/>\n<h3 data-start=\"6441\" data-end=\"6502\"><strong data-start=\"6445\" data-end=\"6502\"><span dir=\"auto\" style=\"vertical-align: inherit;\"><span dir=\"auto\" style=\"vertical-align: inherit;\">Bruksanvisning (endast f\u00f6r forsknings\u00e4ndam\u00e5l)<\/span><\/span><\/strong><\/h3>\n<ol data-start=\"6504\" data-end=\"6836\">\n<li data-start=\"6504\" data-end=\"6601\">\n<p data-start=\"6507\" data-end=\"6601\"><strong data-start=\"6507\" data-end=\"6521\"><span dir=\"auto\" style=\"vertical-align: inherit;\"><span dir=\"auto\" style=\"vertical-align: inherit;\">Hantering:<\/span><\/span><\/strong><span dir=\"auto\" style=\"vertical-align: inherit;\"><span dir=\"auto\" style=\"vertical-align: inherit;\"> Use only in approved laboratories with appropriate safety equipment.<\/span><\/span><\/p>\n<\/li>\n<li data-start=\"6602\" data-end=\"6681\">\n<p data-start=\"6605\" data-end=\"6681\"><strong data-start=\"6605\" data-end=\"6620\"><span dir=\"auto\" style=\"vertical-align: inherit;\"><span dir=\"auto\" style=\"vertical-align: inherit;\">Ans\u00f6kan:<\/span><\/span><\/strong><span dir=\"auto\" style=\"vertical-align: inherit;\"><span dir=\"auto\" style=\"vertical-align: inherit;\"> Prepare and analyze pellets according to validated methods.<\/span><\/span><\/p>\n<\/li>\n<li data-start=\"6682\" data-end=\"6745\">\n<p data-start=\"6685\" data-end=\"6745\"><strong data-start=\"6685\" data-end=\"6696\"><span dir=\"auto\" style=\"vertical-align: inherit;\"><span dir=\"auto\" style=\"vertical-align: inherit;\">Lagring:<\/span><\/span><\/strong><span dir=\"auto\" style=\"vertical-align: inherit;\"><span dir=\"auto\" style=\"vertical-align: inherit;\"> F\u00f6rvara svalt, torrt och m\u00f6rkt, v\u00e4l tillslutet.<\/span><\/span><\/p>\n<\/li>\n<li data-start=\"6746\" data-end=\"6836\">\n<p data-start=\"6749\" data-end=\"6836\"><strong data-start=\"6749\" data-end=\"6760\"><span dir=\"auto\" style=\"vertical-align: inherit;\"><span dir=\"auto\" style=\"vertical-align: inherit;\">F\u00f6rfogande:<\/span><\/span><\/strong><span dir=\"auto\" style=\"vertical-align: inherit;\"><span dir=\"auto\" style=\"vertical-align: inherit;\"> Kassera rester i enlighet med lokala f\u00f6reskrifter f\u00f6r hantering av kemiskt avfall.<\/span><\/span><\/p>\n<\/li>\n<\/ol>\n<hr data-start=\"6838\" data-end=\"6841\" \/>\n<h3 data-start=\"6843\" data-end=\"6877\"><strong data-start=\"6847\" data-end=\"6877\"><span dir=\"auto\" style=\"vertical-align: inherit;\"><span dir=\"auto\" style=\"vertical-align: inherit;\">S\u00e4kerhet och efterlevnad<\/span><\/span><\/strong><\/h3>\n<ul data-start=\"6879\" data-end=\"7270\">\n<li data-start=\"6879\" data-end=\"6960\">\n<p data-start=\"6881\" data-end=\"6960\"><strong data-start=\"6881\" data-end=\"6917\"><span dir=\"auto\" style=\"vertical-align: inherit;\"><span dir=\"auto\" style=\"vertical-align: inherit;\">Endast f\u00f6r laboratoriebruk:<\/span><\/span><\/strong><span dir=\"auto\" style=\"vertical-align: inherit;\"><span dir=\"auto\" style=\"vertical-align: inherit;\"> Ej avsedd f\u00f6r m\u00e4nsklig konsumtion.<\/span><\/span><\/p>\n<\/li>\n<li data-start=\"6961\" data-end=\"7050\">\n<p data-start=\"6963\" data-end=\"7050\"><strong data-start=\"6963\" data-end=\"6991\"><span dir=\"auto\" style=\"vertical-align: inherit;\"><span dir=\"auto\" style=\"vertical-align: inherit;\">Juridiska \u00f6verv\u00e4ganden:<\/span><\/span><\/strong><span dir=\"auto\" style=\"vertical-align: inherit;\"><span dir=\"auto\" style=\"vertical-align: inherit;\"> Check local regulations for use and storage.<\/span><\/span><\/p>\n<\/li>\n<li data-start=\"7051\" data-end=\"7145\">\n<p data-start=\"7053\" data-end=\"7145\"><strong data-start=\"7053\" data-end=\"7081\"><span dir=\"auto\" style=\"vertical-align: inherit;\"><span dir=\"auto\" style=\"vertical-align: inherit;\">H\u00e4lsa och s\u00e4kerhet:<\/span><\/span><\/strong><span dir=\"auto\" style=\"vertical-align: inherit;\"><span dir=\"auto\" style=\"vertical-align: inherit;\"> Avoid contact, inhalation or ingestion; wear appropriate PPE.<\/span><\/span><\/p>\n<\/li>\n<li data-start=\"7146\" data-end=\"7270\">\n<p data-start=\"7148\" data-end=\"7270\"><strong data-start=\"7148\" data-end=\"7165\"><span dir=\"auto\" style=\"vertical-align: inherit;\"><span dir=\"auto\" style=\"vertical-align: inherit;\">Dokumentation:<\/span><\/span><\/strong><span dir=\"auto\" style=\"vertical-align: inherit;\"><span dir=\"auto\" style=\"vertical-align: inherit;\"> En <\/span><\/span><strong data-start=\"7170\" data-end=\"7206\"><span dir=\"auto\" style=\"vertical-align: inherit;\"><span dir=\"auto\" style=\"vertical-align: inherit;\">S\u00e4kerhetsdatablad (MSDS)<\/span><\/span><\/strong><span dir=\"auto\" style=\"vertical-align: inherit;\"><span dir=\"auto\" style=\"vertical-align: inherit;\"> och <\/span><\/span><strong data-start=\"7210\" data-end=\"7238\"><span dir=\"auto\" style=\"vertical-align: inherit;\"><span dir=\"auto\" style=\"vertical-align: inherit;\">Analysintyg (COA)<\/span><\/span><\/strong><span dir=\"auto\" style=\"vertical-align: inherit;\"><span dir=\"auto\" style=\"vertical-align: inherit;\"> finns tillg\u00e4ngliga p\u00e5 beg\u00e4ran.<\/span><\/span><\/p>\n<\/li>\n<\/ul>\n<hr data-start=\"7272\" data-end=\"7275\" \/>\n<h3 data-start=\"7277\" data-end=\"7312\"><strong data-start=\"7281\" data-end=\"7312\"><span dir=\"auto\" style=\"vertical-align: inherit;\"><span dir=\"auto\" style=\"vertical-align: inherit;\">Vanliga fr\u00e5gor (FAQ)<\/span><\/span><\/strong><\/h3>\n<p data-start=\"7314\" data-end=\"7471\"><strong data-start=\"7314\" data-end=\"7368\"><span dir=\"auto\" style=\"vertical-align: inherit;\"><span dir=\"auto\" style=\"vertical-align: inherit;\">1. What are IDRA-21 10 mg Pellets used for?<\/span><\/span><\/strong><br data-start=\"7368\" data-end=\"7371\" \/><span dir=\"auto\" style=\"vertical-align: inherit;\"><span dir=\"auto\" style=\"vertical-align: inherit;\"> De anv\u00e4nds i <\/span><\/span><strong data-start=\"7393\" data-end=\"7440\"><span dir=\"auto\" style=\"vertical-align: inherit;\"><span dir=\"auto\" style=\"vertical-align: inherit;\">neuroscience and chemical research<\/span><\/span><\/strong><span dir=\"auto\" style=\"vertical-align: inherit;\"><span dir=\"auto\" style=\"vertical-align: inherit;\"> on AMPA receptor modulation.<\/span><\/span><\/p>\n<p data-start=\"7473\" data-end=\"7645\"><strong data-start=\"7473\" data-end=\"7534\"><span dir=\"auto\" style=\"vertical-align: inherit;\"><span dir=\"auto\" style=\"vertical-align: inherit;\">2. Are these pellets suitable for human consumption?<\/span><\/span><\/strong><br data-start=\"7534\" data-end=\"7537\" \/><span dir=\"auto\" style=\"vertical-align: inherit;\"><span dir=\"auto\" style=\"vertical-align: inherit;\"> Nej. Denna produkt \u00e4r <\/span><\/span><strong data-start=\"7557\" data-end=\"7595\"><span dir=\"auto\" style=\"vertical-align: inherit;\"><span dir=\"auto\" style=\"vertical-align: inherit;\">endast f\u00f6r forsknings\u00e4ndam\u00e5l<\/span><\/span><\/strong><span dir=\"auto\" style=\"vertical-align: inherit;\"><span dir=\"auto\" style=\"vertical-align: inherit;\"> och <\/span><\/span><strong data-start=\"7599\" data-end=\"7642\"><span dir=\"auto\" style=\"vertical-align: inherit;\"><span dir=\"auto\" style=\"vertical-align: inherit;\">\u00e4r inte godk\u00e4nt f\u00f6r m\u00e4nskligt bruk<\/span><\/span><\/strong><span dir=\"auto\" style=\"vertical-align: inherit;\"><span dir=\"auto\" style=\"vertical-align: inherit;\"> .<\/span><\/span><\/p>\n<p data-start=\"7647\" data-end=\"7783\"><strong data-start=\"7647\" data-end=\"7699\"><span dir=\"auto\" style=\"vertical-align: inherit;\"><span dir=\"auto\" style=\"vertical-align: inherit;\">3. How should IDRA-21 Pellets be stored?<\/span><\/span><\/strong><br data-start=\"7699\" data-end=\"7702\" \/><span dir=\"auto\" style=\"vertical-align: inherit;\"><span dir=\"auto\" style=\"vertical-align: inherit;\"> F\u00f6rvara svalt, torrt, m\u00f6rkt och v\u00e4l tillslutet, utom r\u00e4ckh\u00e5ll f\u00f6r obeh\u00f6riga.<\/span><\/span><\/p>\n<p class=\"ds-markdown-paragraph\">","protected":false},"excerpt":{"rendered":"<h3><span dir=\"auto\" style=\"vertical-align: inherit;\"><span dir=\"auto\" style=\"vertical-align: inherit;\">IDRA-21 Pellets properties<\/span><\/span><\/h3>\n<p><strong><span dir=\"auto\" style=\"vertical-align: inherit;\"><span dir=\"auto\" style=\"vertical-align: inherit;\">Synonym<\/span><\/span><\/strong><span dir=\"auto\" style=\"vertical-align: inherit;\"><span dir=\"auto\" style=\"vertical-align: inherit;\"> 7-klor-3-metyl-3,4-dihydro-2H-1,2,4-bensotiadiazin-1,1-dioxid <\/span><\/span><br \/>\n<strong><span dir=\"auto\" style=\"vertical-align: inherit;\"><span dir=\"auto\" style=\"vertical-align: inherit;\">CAS <\/span><\/span><\/strong> <strong><span dir=\"auto\" style=\"vertical-align: inherit;\"><span dir=\"auto\" style=\"vertical-align: inherit;\">Antal<\/span><\/span><\/strong><span dir=\"auto\" style=\"vertical-align: inherit;\"><span dir=\"auto\" style=\"vertical-align: inherit;\"> : 22503-72-6 <\/span><\/span><br \/>\n<strong><span dir=\"auto\" style=\"vertical-align: inherit;\"><span dir=\"auto\" style=\"vertical-align: inherit;\">Formel<\/span><\/span><\/strong><span dir=\"auto\" style=\"vertical-align: inherit;\"><span dir=\"auto\" style=\"vertical-align: inherit;\"> C8H9ClN2O2S <\/span><\/span><br \/>\n<strong><span dir=\"auto\" style=\"vertical-align: inherit;\"><span dir=\"auto\" style=\"vertical-align: inherit;\">Molmassa<\/span><\/span><\/strong><span dir=\"auto\" style=\"vertical-align: inherit;\"><span dir=\"auto\" style=\"vertical-align: inherit;\"> : 232,6 g\/mol <\/span><\/span><br \/>\n<strong><span dir=\"auto\" style=\"vertical-align: inherit;\"><span dir=\"auto\" style=\"vertical-align: inherit;\">Renhet<\/span><\/span><\/strong><span dir=\"auto\" style=\"vertical-align: inherit;\"><span dir=\"auto\" style=\"vertical-align: inherit;\"> : &gt;97%<\/span><\/span><\/p>","protected":false},"featured_media":28545,"comment_status":"closed","ping_status":"closed","template":"","meta":[],"product_brand":[],"product_cat":[548,549,330,324],"product_tag":[1202,326],"class_list":{"0":"post-23655","1":"product","2":"type-product","3":"status-publish","4":"has-post-thumbnail","6":"product_cat-idra-21","7":"product_cat-idra-21-pellets","8":"product_cat-nootropics","9":"product_cat-pellets-for-pellet","10":"product_tag-idra-21","11":"product_tag-nl","13":"first","14":"instock","15":"taxable","16":"shipping-taxable","17":"purchasable","18":"product-type-variable"},"_links":{"self":[{"href":"https:\/\/researchchemicalhub.com\/sv\/wp-json\/wp\/v2\/product\/23655","targetHints":{"allow":["GET"]}}],"collection":[{"href":"https:\/\/researchchemicalhub.com\/sv\/wp-json\/wp\/v2\/product"}],"about":[{"href":"https:\/\/researchchemicalhub.com\/sv\/wp-json\/wp\/v2\/types\/product"}],"replies":[{"embeddable":true,"href":"https:\/\/researchchemicalhub.com\/sv\/wp-json\/wp\/v2\/comments?post=23655"}],"version-history":[{"count":6,"href":"https:\/\/researchchemicalhub.com\/sv\/wp-json\/wp\/v2\/product\/23655\/revisions"}],"predecessor-version":[{"id":28720,"href":"https:\/\/researchchemicalhub.com\/sv\/wp-json\/wp\/v2\/product\/23655\/revisions\/28720"}],"wp:featuredmedia":[{"embeddable":true,"href":"https:\/\/researchchemicalhub.com\/sv\/wp-json\/wp\/v2\/media\/28545"}],"wp:attachment":[{"href":"https:\/\/researchchemicalhub.com\/sv\/wp-json\/wp\/v2\/media?parent=23655"}],"wp:term":[{"taxonomy":"product_brand","embeddable":true,"href":"https:\/\/researchchemicalhub.com\/sv\/wp-json\/wp\/v2\/product_brand?post=23655"},{"taxonomy":"product_cat","embeddable":true,"href":"https:\/\/researchchemicalhub.com\/sv\/wp-json\/wp\/v2\/product_cat?post=23655"},{"taxonomy":"product_tag","embeddable":true,"href":"https:\/\/researchchemicalhub.com\/sv\/wp-json\/wp\/v2\/product_tag?post=23655"}],"curies":[{"name":"wp","href":"https:\/\/api.w.org\/{rel}","templated":true}]}}