{"id":23635,"date":"2025-04-13T17:40:07","date_gmt":"2025-04-13T17:40:07","guid":{"rendered":"https:\/\/researchchemicalhub.com\/?post_type=product&#038;p=23635"},"modified":"2025-10-30T09:10:39","modified_gmt":"2025-10-30T09:10:39","slug":"kop-4f-mph","status":"publish","type":"product","link":"https:\/\/researchchemicalhub.com\/sv\/handla\/4-fot-mph\/kop-4f-mph\/","title":{"rendered":"4F-MPH 30 MG pellets (4-fluormetylfenidat)"},"content":{"rendered":"<h3 data-start=\"3944\" data-end=\"3963\"><strong data-start=\"3948\" data-end=\"3963\">Introduktion<\/strong><\/h3>\n<p data-start=\"3964\" data-end=\"4264\"><strong data-start=\"3964\" data-end=\"4000\">4F-MPH (4-fluormetylfenidat)<\/strong> 30 MG-pellets \u00e4r <strong data-start=\"4020\" data-end=\"4066\">h\u00f6grena forskningsf\u00f6reningar<\/strong>, utvecklad f\u00f6r <strong data-start=\"4084\" data-end=\"4137\">neurovetenskaplig och farmakologisk forskning<\/strong>Denna fluorometylfenidatvariant anv\u00e4nds flitigt i studier av <strong data-start=\"4212\" data-end=\"4261\">dopaminerga och noradrenerga transportsystem<\/strong>. 4f mph k\u00f6p<\/p>\n<p data-start=\"4266\" data-end=\"4517\">Varje pellet inneh\u00e5ller <strong data-start=\"4284\" data-end=\"4308\">30 mg ren 4F-MPH<\/strong>, noggrant uppm\u00e4tt f\u00f6r att s\u00e4kerst\u00e4lla tillf\u00f6rlitliga och reproducerbara forskningsresultat. Denna produkt \u00e4r endast avsedd f\u00f6r <strong data-start=\"4441\" data-end=\"4473\">kvalificerade forskare<\/strong> i kontrollerade laboratoriemilj\u00f6er.<\/p>\n<blockquote data-start=\"4519\" data-end=\"4668\">\n<p data-start=\"4521\" data-end=\"4668\">\u26a0\ufe0f <strong data-start=\"4524\" data-end=\"4535\">OBS:<\/strong> 4F-MPH 30 MG-pellets \u00e4r <strong data-start=\"4562\" data-end=\"4617\">uteslutande avsedd f\u00f6r vetenskaplig forskning<\/strong> och <strong data-start=\"4621\" data-end=\"4665\">inte l\u00e4mplig f\u00f6r m\u00e4nsklig konsumtion<\/strong>.<\/p>\n<\/blockquote>\n<hr data-start=\"4670\" data-end=\"4673\" \/>\n<h3 data-start=\"4675\" data-end=\"4706\"><strong data-start=\"4679\" data-end=\"4706\">Viktiga funktioner<\/strong><\/h3>\n<ul data-start=\"4707\" data-end=\"5183\">\n<li data-start=\"4707\" data-end=\"4802\">\n<p data-start=\"4709\" data-end=\"4802\"><strong data-start=\"4709\" data-end=\"4735\">H\u00f6g renhet (\u226599%)<\/strong> \u2013 Laboratorietestad f\u00f6r optimal kvalitet och tillf\u00f6rlitlighet.<\/p>\n<\/li>\n<li data-start=\"4803\" data-end=\"4910\">\n<p data-start=\"4805\" data-end=\"4910\"><strong data-start=\"4805\" data-end=\"4837\">Noggrann dosering (30 mg)<\/strong> \u2013 Varje pellet m\u00e4ts konsekvent f\u00f6r reproducerbara resultat.<\/p>\n<\/li>\n<li data-start=\"4911\" data-end=\"5000\">\n<p data-start=\"4913\" data-end=\"5000\"><strong data-start=\"4913\" data-end=\"4939\">F\u00f6rb\u00e4ttrad stabilitet<\/strong> \u2013 Pelletformen f\u00f6rhindrar nedbrytning och f\u00f6rl\u00e4nger h\u00e5llbarheten. K\u00f6p 4f mph<\/p>\n<\/li>\n<li data-start=\"5001\" data-end=\"5082\">\n<p data-start=\"5003\" data-end=\"5082\"><strong data-start=\"5003\" data-end=\"5037\">Tillf\u00f6rlitlig kvalitetskontroll<\/strong> \u2013 Tillverkad enligt GMP-liknande standarder.<\/p>\n<\/li>\n<li data-start=\"5083\" data-end=\"5183\">\n<p data-start=\"5085\" data-end=\"5183\"><strong data-start=\"5085\" data-end=\"5107\">S\u00e4ker f\u00f6rpackning<\/strong> \u2013 Luftt\u00e4t och fuktbest\u00e4ndig f\u00f6rpackad f\u00f6r att bibeh\u00e5lla produktens integritet.<\/p>\n<\/li>\n<\/ul>\n<hr data-start=\"5185\" data-end=\"5188\" \/>\n<h3 data-start=\"5190\" data-end=\"5207\"><strong data-start=\"5194\" data-end=\"5207\">F\u00f6rdelar<\/strong><\/h3>\n<ul data-start=\"5208\" data-end=\"5479\">\n<li data-start=\"5208\" data-end=\"5284\">\n<p data-start=\"5210\" data-end=\"5284\">Ger m\u00f6jlighet till <strong data-start=\"5221\" data-end=\"5245\">exakt dosering<\/strong> och konsekventa forskningsresultat.<\/p>\n<\/li>\n<li data-start=\"5285\" data-end=\"5349\">\n<p data-start=\"5287\" data-end=\"5349\">L\u00e4mplig f\u00f6r <strong data-start=\"5301\" data-end=\"5346\">neurokemisk och farmakologisk forskning<\/strong>.<\/p>\n<\/li>\n<li data-start=\"5350\" data-end=\"5408\">\n<p data-start=\"5352\" data-end=\"5408\"><strong data-start=\"5352\" data-end=\"5376\">L\u00e4ngre h\u00e5llbarhet<\/strong> tack vare stabil formulering.<\/p>\n<\/li>\n<li data-start=\"5409\" data-end=\"5479\">\n<p data-start=\"5411\" data-end=\"5479\">L\u00e4tt att <strong data-start=\"5424\" data-end=\"5451\">hantera och f\u00f6rvara<\/strong> utan kvalitetsf\u00f6rlust.<\/p>\n<\/li>\n<\/ul>\n<hr data-start=\"5481\" data-end=\"5484\" \/>\n<h3 data-start=\"5486\" data-end=\"5501\"><strong data-start=\"5490\" data-end=\"5501\">Anv\u00e4ndande<\/strong><\/h3>\n<ul data-start=\"5502\" data-end=\"5772\">\n<li data-start=\"5502\" data-end=\"5562\">\n<p data-start=\"5504\" data-end=\"5562\">Endast att anv\u00e4ndas f\u00f6r <strong data-start=\"5529\" data-end=\"5559\">vetenskaplig forskning<\/strong>.<\/p>\n<\/li>\n<li data-start=\"5563\" data-end=\"5637\">\n<p data-start=\"5565\" data-end=\"5637\">B\u00e4r l\u00e4mpliga <strong data-start=\"5581\" data-end=\"5605\">skyddsutrustning<\/strong> (handskar, skyddsglas\u00f6gon, laboratorierock).<\/p>\n<\/li>\n<li data-start=\"5638\" data-end=\"5713\">\n<p data-start=\"5640\" data-end=\"5713\">Spara p\u00e5 en <strong data-start=\"5655\" data-end=\"5678\">sval, torr plats<\/strong>, skyddad fr\u00e5n ljus och fukt.<\/p>\n<\/li>\n<li data-start=\"5714\" data-end=\"5772\">\n<p data-start=\"5716\" data-end=\"5772\">Ej l\u00e4mplig f\u00f6r konsumtion av m\u00e4nniskor eller djur.<\/p>\n<\/li>\n<\/ul>\n<hr data-start=\"5774\" data-end=\"5777\" \/>\n<h3 data-start=\"5779\" data-end=\"5814\"><strong data-start=\"5783\" data-end=\"5814\">Vanliga fr\u00e5gor (FAQ)<\/strong><\/h3>\n<p data-start=\"5816\" data-end=\"6007\"><strong data-start=\"5816\" data-end=\"5854\">1. Vad anv\u00e4nds 4F-MPH till?<\/strong><br data-start=\"5854\" data-end=\"5857\" \/>4F-MPH anv\u00e4nds i <strong data-start=\"5882\" data-end=\"5927\">farmakologisk och neurokemisk forskning<\/strong> till stimulantia och neurotransmittorsystem s\u00e5som dopamin och noradrenalin.<\/p>\n<p data-start=\"6009\" data-end=\"6184\"><strong data-start=\"6009\" data-end=\"6062\">2. \u00c4r 4F-MPH 30 MG s\u00e4kert f\u00f6r m\u00e4nsklig anv\u00e4ndning?<\/strong><br data-start=\"6062\" data-end=\"6065\" \/>Nej. Denna produkt \u00e4r <strong data-start=\"6085\" data-end=\"6134\">endast avsedd f\u00f6r forsknings\u00e4ndam\u00e5l<\/strong> och inte godk\u00e4nd f\u00f6r m\u00e4nsklig konsumtion.<\/p>\n<p data-start=\"6186\" data-end=\"6359\"><strong data-start=\"6186\" data-end=\"6230\">3. Hur ska 4F-MPH 30 MG f\u00f6rvaras?<\/strong><br data-start=\"6230\" data-end=\"6233\" \/>F\u00f6rvara i en <strong data-start=\"6248\" data-end=\"6278\">v\u00e4l f\u00f6rseglad f\u00f6rpackning<\/strong> bi <strong data-start=\"6283\" data-end=\"6313\">rumstemperatur (15\u201325 \u00b0C)<\/strong>, borta fr\u00e5n fukt och direkt solljus.<\/p>","protected":false},"excerpt":{"rendered":"<p><strong><span dir=\"auto\" style=\"vertical-align: inherit;\"><span dir=\"auto\" style=\"vertical-align: inherit;\">TILLF\u00c4LLIGT I BL\u00c5 PELLETS (endast skillnad i f\u00e4rg).<\/span><\/span><\/strong><\/p>","protected":false},"featured_media":28441,"comment_status":"closed","ping_status":"closed","template":"","meta":[],"product_brand":[82],"product_cat":[444,445,322,333,324],"product_tag":[570,571,326],"class_list":{"0":"post-23635","1":"product","2":"type-product","3":"status-publish","4":"has-post-thumbnail","6":"product_brand-research-chemical","7":"product_cat-4f-mph","8":"product_cat-4f-mph-pellets","9":"product_cat-bijna-verboden","10":"product_cat-gefluoreerden","11":"product_cat-pellets-for-pellet","12":"product_tag-4f-mph-kopen","13":"product_tag-4f-mph","14":"product_tag-nl","16":"first","17":"instock","18":"taxable","19":"shipping-taxable","20":"purchasable","21":"product-type-variable"},"_links":{"self":[{"href":"https:\/\/researchchemicalhub.com\/sv\/wp-json\/wp\/v2\/product\/23635","targetHints":{"allow":["GET"]}}],"collection":[{"href":"https:\/\/researchchemicalhub.com\/sv\/wp-json\/wp\/v2\/product"}],"about":[{"href":"https:\/\/researchchemicalhub.com\/sv\/wp-json\/wp\/v2\/types\/product"}],"replies":[{"embeddable":true,"href":"https:\/\/researchchemicalhub.com\/sv\/wp-json\/wp\/v2\/comments?post=23635"}],"version-history":[{"count":6,"href":"https:\/\/researchchemicalhub.com\/sv\/wp-json\/wp\/v2\/product\/23635\/revisions"}],"predecessor-version":[{"id":27993,"href":"https:\/\/researchchemicalhub.com\/sv\/wp-json\/wp\/v2\/product\/23635\/revisions\/27993"}],"wp:featuredmedia":[{"embeddable":true,"href":"https:\/\/researchchemicalhub.com\/sv\/wp-json\/wp\/v2\/media\/28441"}],"wp:attachment":[{"href":"https:\/\/researchchemicalhub.com\/sv\/wp-json\/wp\/v2\/media?parent=23635"}],"wp:term":[{"taxonomy":"product_brand","embeddable":true,"href":"https:\/\/researchchemicalhub.com\/sv\/wp-json\/wp\/v2\/product_brand?post=23635"},{"taxonomy":"product_cat","embeddable":true,"href":"https:\/\/researchchemicalhub.com\/sv\/wp-json\/wp\/v2\/product_cat?post=23635"},{"taxonomy":"product_tag","embeddable":true,"href":"https:\/\/researchchemicalhub.com\/sv\/wp-json\/wp\/v2\/product_tag?post=23635"}],"curies":[{"name":"wp","href":"https:\/\/api.w.org\/{rel}","templated":true}]}}