{"id":23617,"date":"2025-04-13T17:40:06","date_gmt":"2025-04-13T17:40:06","guid":{"rendered":"https:\/\/researchchemicalhub.com\/?post_type=product&#038;p=23617"},"modified":"2025-10-30T09:12:53","modified_gmt":"2025-10-30T09:12:53","slug":"2-fma-kopen-2","status":"publish","type":"product","link":"https:\/\/researchchemicalhub.com\/sv\/shop\/2-fma-kopen\/2-fma-kopen-2\/","title":{"rendered":"2-FMA 30 MG pellets (2-fluormetamfetamin)"},"content":{"rendered":"<h1><strong>2FMA 30 MG Pellets (2-Fluoroamphetamin) \u2013 Vetenskaplig produktbeskrivning<\/strong><\/h1>\n<p data-start=\"3706\" data-end=\"4029\"><strong data-start=\"3706\" data-end=\"3741\">2-FMA (2-fluormetamfetamin)<\/strong> 30 MG-pellets \u00e4r <strong data-start=\"3761\" data-end=\"3807\">h\u00f6grena forskningsf\u00f6reningar<\/strong>, utformad f\u00f6r <strong data-start=\"3824\" data-end=\"3877\">neurovetenskaplig och farmakologisk forskning<\/strong>K\u00f6p 2 fma<br data-start=\"3878\" data-end=\"3881\" \/>Som en fluorerad variant av metamfetamin \u00e4r 2-FMA av intresse f\u00f6r studier av <strong data-start=\"3956\" data-end=\"3986\">neurotransmittoraktivitet<\/strong> och <strong data-start=\"3990\" data-end=\"4026\">mekanismer i centrala nervsystemet<\/strong>.<\/p>\n<p data-start=\"4031\" data-end=\"4237\">Varje pellet inneh\u00e5ller <strong data-start=\"4049\" data-end=\"4072\">30 mg ren 2-FMA<\/strong>Noggrant uppm\u00e4tt f\u00f6r korrekt dosering och reproducerbara forskningsresultat. Den stabila pelletformen g\u00f6r lagring och hantering enklare och s\u00e4krare.<\/p>\n<blockquote data-start=\"4239\" data-end=\"4377\">\n<p data-start=\"4241\" data-end=\"4377\">\u26a0\ufe0f <strong data-start=\"4244\" data-end=\"4255\">OBS:<\/strong> Denna produkt \u00e4r <strong data-start=\"4271\" data-end=\"4326\">uteslutande avsedd f\u00f6r vetenskaplig forskning<\/strong> och <strong data-start=\"4330\" data-end=\"4374\">inte l\u00e4mplig f\u00f6r m\u00e4nsklig konsumtion<\/strong>.<\/p>\n<\/blockquote>\n<hr data-start=\"4379\" data-end=\"4382\" \/>\n<h3 data-start=\"4384\" data-end=\"4415\"><strong data-start=\"4388\" data-end=\"4415\">Viktiga funktioner<\/strong><\/h3>\n<ul data-start=\"4416\" data-end=\"4852\">\n<li data-start=\"4416\" data-end=\"4511\">\n<p data-start=\"4418\" data-end=\"4511\"><strong data-start=\"4418\" data-end=\"4444\">H\u00f6g renhet (\u226599%)<\/strong> \u2013 Laboratorietestad f\u00f6r maximal kvalitet och tillf\u00f6rlitlighet.<\/p>\n<\/li>\n<li data-start=\"4512\" data-end=\"4600\">\n<p data-start=\"4514\" data-end=\"4600\"><strong data-start=\"4514\" data-end=\"4557\">Noggrann dosering (30 mg per pellet)<\/strong> \u2013 F\u00f6r konsekventa forskningsresultat.<\/p>\n<\/li>\n<li data-start=\"4601\" data-end=\"4687\">\n<p data-start=\"4603\" data-end=\"4687\"><strong data-start=\"4603\" data-end=\"4629\">F\u00f6rb\u00e4ttrad stabilitet<\/strong> \u2013 Pelletformen f\u00f6rhindrar nedbrytning och f\u00f6rl\u00e4nger h\u00e5llbarheten.<\/p>\n<\/li>\n<li data-start=\"4688\" data-end=\"4767\">\n<p data-start=\"4690\" data-end=\"4767\"><strong data-start=\"4690\" data-end=\"4724\">Konsekvent kvalitetskontroll<\/strong> \u2013 Tillverkad enligt GMP-liknande standarder.<\/p>\n<\/li>\n<li data-start=\"4768\" data-end=\"4852\">\n<p data-start=\"4770\" data-end=\"4852\"><strong data-start=\"4770\" data-end=\"4792\">S\u00e4ker f\u00f6rpackning<\/strong> \u2013 Luftt\u00e4t och fuktbest\u00e4ndig f\u00f6r optimalt skydd.<\/p>\n<\/li>\n<\/ul>\n<hr data-start=\"4854\" data-end=\"4857\" \/>\n<h3 data-start=\"4859\" data-end=\"4876\"><strong data-start=\"4863\" data-end=\"4876\">F\u00f6rdelar<\/strong><\/h3>\n<ul data-start=\"4877\" data-end=\"5166\">\n<li data-start=\"4877\" data-end=\"4954\">\n<p data-start=\"4879\" data-end=\"4954\">L\u00e4mplig f\u00f6r <strong data-start=\"4893\" data-end=\"4951\">forskning om stimulantia och neurotransmittorsystem<\/strong>.<\/p>\n<\/li>\n<li data-start=\"4955\" data-end=\"5021\">\n<p data-start=\"4957\" data-end=\"5021\">Ger m\u00f6jlighet till <strong data-start=\"4968\" data-end=\"4992\">exakt dosering<\/strong> och tillf\u00f6rlitliga resultat.<\/p>\n<\/li>\n<li data-start=\"5022\" data-end=\"5098\">\n<p data-start=\"5024\" data-end=\"5098\"><strong data-start=\"5024\" data-end=\"5064\">L\u00e4tt att hantera och f\u00f6rvara<\/strong> tack vare den stabila pelletformen.<\/p>\n<\/li>\n<li data-start=\"5099\" data-end=\"5166\">\n<p data-start=\"5101\" data-end=\"5166\">Idealisk f\u00f6r <strong data-start=\"5113\" data-end=\"5163\">akademisk, analytisk eller forensisk forskning<\/strong>K\u00f6p 2 fma<\/p>\n<\/li>\n<\/ul>\n<hr data-start=\"5168\" data-end=\"5171\" \/>\n<h3 data-start=\"5173\" data-end=\"5188\"><strong data-start=\"5177\" data-end=\"5188\">Anv\u00e4ndande<\/strong><\/h3>\n<ul data-start=\"5189\" data-end=\"5483\">\n<li data-start=\"5189\" data-end=\"5261\">\n<p data-start=\"5191\" data-end=\"5261\">Endast f\u00f6r <strong data-start=\"5203\" data-end=\"5228\">laboratorieforskning<\/strong> av kvalificerad personal.<\/p>\n<\/li>\n<li data-start=\"5262\" data-end=\"5345\">\n<p data-start=\"5264\" data-end=\"5345\">B\u00e4r l\u00e4mpliga <strong data-start=\"5280\" data-end=\"5304\">skyddsutrustning<\/strong> s\u00e5som handskar och skyddsglas\u00f6gon.<\/p>\n<\/li>\n<li data-start=\"5346\" data-end=\"5424\">\n<p data-start=\"5348\" data-end=\"5424\">Spara p\u00e5 en <strong data-start=\"5363\" data-end=\"5386\">sval, torr plats<\/strong>, skyddad fr\u00e5n solljus och fukt.<\/p>\n<\/li>\n<li data-start=\"5425\" data-end=\"5483\">\n<p data-start=\"5427\" data-end=\"5483\">Ej l\u00e4mplig f\u00f6r konsumtion av m\u00e4nniskor eller djur.<\/p>\n<\/li>\n<\/ul>\n<hr data-start=\"5485\" data-end=\"5488\" \/>\n<h3 data-start=\"5490\" data-end=\"5525\"><strong data-start=\"5494\" data-end=\"5525\">Vanliga fr\u00e5gor (FAQ)<\/strong><\/h3>\n<p data-start=\"5527\" data-end=\"5694\"><strong data-start=\"5527\" data-end=\"5564\">1. Vad anv\u00e4nds 2-FMA till?<\/strong><br data-start=\"5564\" data-end=\"5567\" \/>2-FMA anv\u00e4nds i <strong data-start=\"5591\" data-end=\"5644\">neurovetenskaplig och farmakologisk forskning<\/strong> till stimulantia och neurotransmittoraktivitet.<\/p>\n<p data-start=\"5696\" data-end=\"5870\"><strong data-start=\"5696\" data-end=\"5748\">2. \u00c4r 2-FMA 30 MG s\u00e4kert f\u00f6r m\u00e4nsklig anv\u00e4ndning?<\/strong><br data-start=\"5748\" data-end=\"5751\" \/>Nej. Denna produkt \u00e4r <strong data-start=\"5771\" data-end=\"5820\">endast avsedd f\u00f6r forsknings\u00e4ndam\u00e5l<\/strong> och inte godk\u00e4nd f\u00f6r m\u00e4nsklig konsumtion.<\/p>\n<p data-start=\"5872\" data-end=\"6040\"><strong data-start=\"5872\" data-end=\"5915\">3. Hur ska 2-FMA 30 MG f\u00f6rvaras?<\/strong><br data-start=\"5915\" data-end=\"5918\" \/>F\u00f6rvara i en <strong data-start=\"5933\" data-end=\"5963\">v\u00e4l f\u00f6rseglad f\u00f6rpackning<\/strong> i rumstemperatur (15\u201325 \u00b0C), borta fr\u00e5n fukt och direkt solljus.<\/p>\n<h3><span style=\"color: #333333; font-size: 16px;\">.<\/span><a style=\"font-size: 16px;\" href=\"https:\/\/researchchemicalhub.com\/sv\/shop\/iboga-ibogaine\/iboga-root-bark\/\">iboga rotbark<\/a><a style=\"font-size: 16px;\" href=\"https:\/\/researchchemicalhub.com\/sv\/shop\/iboga-ibogaine\/buy-ibogaine-hcl-online\/\">k\u00f6p ibogaine hcl online<\/a><a style=\"font-size: 16px;\" href=\"https:\/\/researchchemicalhub.com\/sv\/shop\/lysergamides\/1cp-lsd\/\">1cp lsd<\/a><a style=\"font-size: 16px;\" href=\"https:\/\/researchchemicalhub.com\/sv\/shop\/pellets\/o-dsmt-50mg-pellets\/\">o-dsmt<\/a><a style=\"font-size: 16px;\" href=\"https:\/\/researchchemicalhub.com\/sv\/shop\/lysergamides\/1vlsd\/\">1vlsd<\/a><\/h3>\n<p>&nbsp;<\/p>","protected":false},"excerpt":{"rendered":"<p>2FMA 30 MG Pellets (2-Fluoroamfetamine) \u2013 Wetenschappelijke Productbeschrijving 2-FMA (2-Fluoromethamphetamine) 30 MG Pellets zijn onderzoeksverbindingen van hoge zuiverheid, ontworpen voor<\/p>","protected":false},"featured_media":28388,"comment_status":"closed","ping_status":"closed","template":"","meta":[],"product_brand":[82],"product_cat":[431,432,322,333,324],"product_tag":[572,617,618,589,619,326],"class_list":{"0":"post-23617","1":"product","2":"type-product","3":"status-publish","4":"has-post-thumbnail","6":"product_brand-research-chemical","7":"product_cat-2-fma-kopen","8":"product_cat-2-fma-pellets","9":"product_cat-bijna-verboden","10":"product_cat-gefluoreerden","11":"product_cat-pellets-for-pellet","12":"product_tag-2-fma-kopen","13":"product_tag-2-fma","14":"product_tag-2fma","15":"product_tag-2fma-drugs","16":"product_tag-2fma-kopen","17":"product_tag-nl","19":"first","20":"instock","21":"taxable","22":"shipping-taxable","23":"purchasable","24":"product-type-variable"},"_links":{"self":[{"href":"https:\/\/researchchemicalhub.com\/sv\/wp-json\/wp\/v2\/product\/23617","targetHints":{"allow":["GET"]}}],"collection":[{"href":"https:\/\/researchchemicalhub.com\/sv\/wp-json\/wp\/v2\/product"}],"about":[{"href":"https:\/\/researchchemicalhub.com\/sv\/wp-json\/wp\/v2\/types\/product"}],"replies":[{"embeddable":true,"href":"https:\/\/researchchemicalhub.com\/sv\/wp-json\/wp\/v2\/comments?post=23617"}],"version-history":[{"count":6,"href":"https:\/\/researchchemicalhub.com\/sv\/wp-json\/wp\/v2\/product\/23617\/revisions"}],"predecessor-version":[{"id":27995,"href":"https:\/\/researchchemicalhub.com\/sv\/wp-json\/wp\/v2\/product\/23617\/revisions\/27995"}],"wp:featuredmedia":[{"embeddable":true,"href":"https:\/\/researchchemicalhub.com\/sv\/wp-json\/wp\/v2\/media\/28388"}],"wp:attachment":[{"href":"https:\/\/researchchemicalhub.com\/sv\/wp-json\/wp\/v2\/media?parent=23617"}],"wp:term":[{"taxonomy":"product_brand","embeddable":true,"href":"https:\/\/researchchemicalhub.com\/sv\/wp-json\/wp\/v2\/product_brand?post=23617"},{"taxonomy":"product_cat","embeddable":true,"href":"https:\/\/researchchemicalhub.com\/sv\/wp-json\/wp\/v2\/product_cat?post=23617"},{"taxonomy":"product_tag","embeddable":true,"href":"https:\/\/researchchemicalhub.com\/sv\/wp-json\/wp\/v2\/product_tag?post=23617"}],"curies":[{"name":"wp","href":"https:\/\/api.w.org\/{rel}","templated":true}]}}