{"id":23559,"date":"2025-04-13T17:39:57","date_gmt":"2025-04-13T17:39:57","guid":{"rendered":"https:\/\/researchchemicalhub.com\/?post_type=product&#038;p=23559"},"modified":"2025-10-19T11:15:46","modified_gmt":"2025-10-19T11:15:46","slug":"1p-lsd-l-tartrat-ren","status":"publish","type":"product","link":"https:\/\/researchchemicalhub.com\/sv\/handla\/lysergamider\/1p-lsd-l-tartrat-ren\/","title":{"rendered":"1P-LSD L-tartrat Ren"},"content":{"rendered":"<h1><span dir=\"auto\" style=\"vertical-align: inherit;\"><span dir=\"auto\" style=\"vertical-align: inherit;\">1P-LSD L-tartrat \u2013 Ut\u00f6kad produktbeskrivning f\u00f6r vetenskaplig forskning<\/span><\/span><\/h1>\n<p data-start=\"3759\" data-end=\"3969\"><strong data-start=\"3759\" data-end=\"3831\">1P-LSD L-tartrat (1-Propionyl-Lysergsyradietylamid L-tartrat)<\/strong> \u00e4r en <strong data-start=\"3839\" data-end=\"3883\">forskningsf\u00f6rening med h\u00f6g renhet<\/strong>, utvecklad f\u00f6r <strong data-start=\"3901\" data-end=\"3966\">neurovetenskaplig, farmakologisk och analytisk forskning<\/strong>.<\/p>\n<p data-start=\"3971\" data-end=\"4280\">Om <strong data-start=\"3975\" data-end=\"4035\">strukturell analog av LSD (lysergsyradietylamid)<\/strong> inneh\u00e5ller 1P-LSD <strong data-start=\"4053\" data-end=\"4071\">propionylgrupp<\/strong> till indolkv\u00e4vet. Denna f\u00f6r\u00e4ndring g\u00f6r f\u00f6reningen v\u00e4rdefull f\u00f6r <strong data-start=\"4145\" data-end=\"4186\">struktur-aktivitetsf\u00f6rh\u00e5llandet (SAR)<\/strong>-forskning, <strong data-start=\"4198\" data-end=\"4237\">serotoninreceptorstudier (5-HT2A)<\/strong> och <strong data-start=\"4241\" data-end=\"4277\">analytiska referens\u00e4ndam\u00e5l<\/strong>.<\/p>\n<p data-start=\"4282\" data-end=\"4446\">De <strong data-start=\"4285\" data-end=\"4307\">L-tartratsaltform<\/strong> \u00f6kar <strong data-start=\"4320\" data-end=\"4362\">kemisk stabilitet och l\u00f6slighet<\/strong>, vilket g\u00f6r den idealisk f\u00f6r l\u00e5ngtidslagring och noggranna laboratorietester.<\/p>\n<blockquote data-start=\"4448\" data-end=\"4599\">\n<p data-start=\"4450\" data-end=\"4599\">\u26a0\ufe0f <strong data-start=\"4453\" data-end=\"4464\">OBS:<\/strong> Denna produkt \u00e4r <strong data-start=\"4480\" data-end=\"4535\">uteslutande avsedd f\u00f6r vetenskaplig forskning<\/strong> och <strong data-start=\"4539\" data-end=\"4596\">inte l\u00e4mplig f\u00f6r m\u00e4nsklig eller djurkonsumtion<\/strong>.<\/p>\n<\/blockquote>\n<hr data-start=\"4601\" data-end=\"4604\" \/>\n<h3 data-start=\"4606\" data-end=\"4637\"><strong data-start=\"4610\" data-end=\"4637\">Viktiga funktioner<\/strong><\/h3>\n<ul data-start=\"4638\" data-end=\"5076\">\n<li data-start=\"4638\" data-end=\"4736\">\n<p data-start=\"4640\" data-end=\"4736\"><strong data-start=\"4640\" data-end=\"4666\">H\u00f6g renhet (\u226599%)<\/strong> \u2013 Laboratorietestad f\u00f6r identitet, sammans\u00e4ttning och stabilitet.<\/p>\n<\/li>\n<li data-start=\"4737\" data-end=\"4817\">\n<p data-start=\"4739\" data-end=\"4817\"><strong data-start=\"4739\" data-end=\"4770\">Stabil L-tartratsaltform<\/strong> \u2013 \u00d6kar h\u00e5llbarheten och f\u00f6rhindrar nedbrytning.<\/p>\n<\/li>\n<li data-start=\"4818\" data-end=\"4915\">\n<p data-start=\"4820\" data-end=\"4915\"><strong data-start=\"4820\" data-end=\"4859\">Farmakologisk forskningsstandard<\/strong> \u2013 L\u00e4mplig f\u00f6r receptor- och neurokemisk forskning.<\/p>\n<\/li>\n<li data-start=\"4916\" data-end=\"4995\">\n<p data-start=\"4918\" data-end=\"4995\"><strong data-start=\"4918\" data-end=\"4943\">GMP-liknande produktion<\/strong> \u2013 Garanterad kvalitet och reproducerbarhet.<\/p>\n<\/li>\n<li data-start=\"4996\" data-end=\"5076\">\n<p data-start=\"4998\" data-end=\"5076\"><strong data-start=\"4998\" data-end=\"5020\">S\u00e4ker f\u00f6rpackning<\/strong> \u2013 Luftt\u00e4t och ljust\u00e4t f\u00f6r optimalt skydd.<\/p>\n<\/li>\n<\/ul>\n<hr data-start=\"5078\" data-end=\"5081\" \/>\n<h3 data-start=\"5083\" data-end=\"5100\"><strong data-start=\"5087\" data-end=\"5100\">F\u00f6rdelar<\/strong><\/h3>\n<ul data-start=\"5101\" data-end=\"5360\">\n<li data-start=\"5101\" data-end=\"5182\">\n<p data-start=\"5103\" data-end=\"5182\">St\u00f6der <strong data-start=\"5115\" data-end=\"5179\">forskning om lysergamidanaloger och serotoninreceptorer<\/strong>.<\/p>\n<\/li>\n<li data-start=\"5183\" data-end=\"5247\">\n<p data-start=\"5185\" data-end=\"5247\"><strong data-start=\"5185\" data-end=\"5230\">Noggranna och reproducerbara resultat<\/strong> vid utredning.<\/p>\n<\/li>\n<li data-start=\"5248\" data-end=\"5302\">\n<p data-start=\"5250\" data-end=\"5302\"><strong data-start=\"5250\" data-end=\"5276\">F\u00f6rb\u00e4ttrad stabilitet<\/strong> f\u00f6r l\u00e5ngtidslagring.<\/p>\n<\/li>\n<li data-start=\"5303\" data-end=\"5360\">\n<p data-start=\"5305\" data-end=\"5360\">L\u00e4mplig f\u00f6r <strong data-start=\"5319\" data-end=\"5357\">akademisk och analytisk forskning<\/strong>.<\/p>\n<\/li>\n<\/ul>\n<hr data-start=\"5362\" data-end=\"5365\" \/>\n<h3 data-start=\"5367\" data-end=\"5382\"><strong data-start=\"5371\" data-end=\"5382\">Anv\u00e4ndande<\/strong><\/h3>\n<ul data-start=\"5383\" data-end=\"5654\">\n<li data-start=\"5383\" data-end=\"5453\">\n<p data-start=\"5385\" data-end=\"5453\">Endast att anv\u00e4ndas av <strong data-start=\"5410\" data-end=\"5450\">kvalificerad laboratoriepersonal<\/strong>.<\/p>\n<\/li>\n<li data-start=\"5454\" data-end=\"5530\">\n<p data-start=\"5456\" data-end=\"5530\">Anv\u00e4nd l\u00e4mplig <strong data-start=\"5474\" data-end=\"5498\">skyddsutrustning<\/strong> (handskar, skyddsglas\u00f6gon, laboratorierock).<\/p>\n<\/li>\n<li data-start=\"5531\" data-end=\"5595\">\n<p data-start=\"5533\" data-end=\"5595\">Spara p\u00e5 en <strong data-start=\"5548\" data-end=\"5582\">sval, torr och m\u00f6rk plats<\/strong> (15\u201325\u00b0C).<\/p>\n<\/li>\n<li data-start=\"5596\" data-end=\"5654\">\n<p data-start=\"5598\" data-end=\"5654\">Ej l\u00e4mplig f\u00f6r konsumtion av m\u00e4nniskor eller djur.<\/p>\n<\/li>\n<\/ul>\n<hr data-start=\"5656\" data-end=\"5659\" \/>\n<h3 data-start=\"5661\" data-end=\"5696\"><strong data-start=\"5665\" data-end=\"5696\">Vanliga fr\u00e5gor (FAQ)<\/strong><\/h3>\n<p data-start=\"5698\" data-end=\"5887\"><strong data-start=\"5698\" data-end=\"5747\">1. Vad anv\u00e4nds 1P-LSD L-tartrat till?<\/strong><br data-start=\"5747\" data-end=\"5750\" \/>1P-LSD L-tartrat anv\u00e4nds f\u00f6r <strong data-start=\"5788\" data-end=\"5833\">farmakologisk och neurokemisk forskning<\/strong> till lysergamanaloger och serotoninreceptorer.<\/p>\n<p data-start=\"5889\" data-end=\"6069\"><strong data-start=\"5889\" data-end=\"5947\">2. \u00c4r 1P-LSD L-tartrat s\u00e4kert f\u00f6r m\u00e4nsklig anv\u00e4ndning?<\/strong><br data-start=\"5947\" data-end=\"5950\" \/>Nej. Denna produkt \u00e4r <strong data-start=\"5970\" data-end=\"6019\">endast avsedd f\u00f6r forsknings\u00e4ndam\u00e5l<\/strong> och inte godk\u00e4nd f\u00f6r m\u00e4nsklig konsumtion.<\/p>\n<p data-start=\"6071\" data-end=\"6244\"><strong data-start=\"6071\" data-end=\"6120\">3. Hur ska 1P-LSD L-tartrat f\u00f6rvaras?<\/strong><br data-start=\"6120\" data-end=\"6123\" \/>F\u00f6rvara i en <strong data-start=\"6138\" data-end=\"6168\">v\u00e4l f\u00f6rseglad f\u00f6rpackning<\/strong> i rumstemperatur (15\u201325 \u00b0C), skyddad fr\u00e5n fukt och direkt solljus.<\/p>\n<p><a href=\"https:\/\/researchchemicalhub.com\/sv\/handla\/lysergamider\/1-kopp-lsd-150-mcg\/\"><span style=\"vertical-align: inherit;\"><span style=\"vertical-align: inherit;\"><span dir=\"auto\" style=\"vertical-align: inherit;\"><span dir=\"auto\" style=\"vertical-align: inherit;\">1cP-LSD 150 MCG Art Blotters <\/span><\/span><\/span><\/span><\/a><a href=\"https:\/\/researchchemicalhub.com\/sv\/handla\/pellets\/o-dsmt-50-mg-pellets\/\"><span style=\"vertical-align: inherit;\"><span style=\"vertical-align: inherit;\"><span dir=\"auto\" style=\"vertical-align: inherit;\"><span dir=\"auto\" style=\"vertical-align: inherit;\">O-DSMT 50 mg pellets <\/span><\/span><\/span><\/span><\/a><a href=\"https:\/\/researchchemicalhub.com\/sv\/handla\/lysergamider\/1v-lsd-150-mcg-blotters\/\"><span style=\"vertical-align: inherit;\"><span style=\"vertical-align: inherit;\"><span dir=\"auto\" style=\"vertical-align: inherit;\"><span dir=\"auto\" style=\"vertical-align: inherit;\">1V-LSD 150 MCG Blotters <\/span><\/span><\/span><\/span><\/a><a href=\"https:\/\/researchchemicalhub.com\/sv\/handla\/fenetylamin\/2c-ef-2-mg-kapslar\/\"><span style=\"vertical-align: inherit;\"><span style=\"vertical-align: inherit;\"><span dir=\"auto\" style=\"vertical-align: inherit;\"><span dir=\"auto\" style=\"vertical-align: inherit;\">2C-EF 2 mg kapslar <\/span><\/span><\/span><\/span><\/a><a href=\"https:\/\/researchchemicalhub.com\/sv\/handla\/nastan-forbjuden\/6-cl-adba\/\"><span style=\"vertical-align: inherit;\"><span style=\"vertical-align: inherit;\"><span dir=\"auto\" style=\"vertical-align: inherit;\"><span dir=\"auto\" style=\"vertical-align: inherit;\">6-CL-ADBA<\/span><\/span><\/span><\/span><\/a><\/p>","protected":false},"excerpt":{"rendered":"<h3><span style=\"vertical-align: inherit;\"><span style=\"vertical-align: inherit;\"><span dir=\"auto\" style=\"vertical-align: inherit;\"><span dir=\"auto\" style=\"vertical-align: inherit;\">1P-LSD L-tartrategenskaper<\/span><\/span><\/span><\/span><\/h3>\n<p><strong><span style=\"vertical-align: inherit;\"><span style=\"vertical-align: inherit;\"><span dir=\"auto\" style=\"vertical-align: inherit;\"><span dir=\"auto\" style=\"vertical-align: inherit;\">Synonym:<\/span><\/span><\/span><\/span><\/strong><span style=\"vertical-align: inherit;\"><span style=\"vertical-align: inherit;\"><span dir=\"auto\" style=\"vertical-align: inherit;\"><span dir=\"auto\" style=\"vertical-align: inherit;\"> 1-propionyl-lysergsyradietylamid hemi-L-tartrat, PLSD <\/span><\/span><\/span><\/span><br \/>\n<strong><span style=\"vertical-align: inherit;\"><span style=\"vertical-align: inherit;\"><span dir=\"auto\" style=\"vertical-align: inherit;\"><span dir=\"auto\" style=\"vertical-align: inherit;\">CAS-nummer:<\/span><\/span><\/span><\/span><\/strong><span style=\"vertical-align: inherit;\"><span style=\"vertical-align: inherit;\"><span dir=\"auto\" style=\"vertical-align: inherit;\"><span dir=\"auto\" style=\"vertical-align: inherit;\"> 2349358-81-0 <\/span><\/span><\/span><\/span><br \/>\n<strong><span style=\"vertical-align: inherit;\"><span style=\"vertical-align: inherit;\"><span dir=\"auto\" style=\"vertical-align: inherit;\"><span dir=\"auto\" style=\"vertical-align: inherit;\">Formel:<\/span><\/span><\/span><\/span><\/strong><span style=\"vertical-align: inherit;\"><span style=\"vertical-align: inherit;\"><span dir=\"auto\" style=\"vertical-align: inherit;\"><span dir=\"auto\" style=\"vertical-align: inherit;\"> (8\u03b2)-1-propionyl-N,N-dietyl-6-metyl-9,10-didehydroergolin-8-karboxamid hemi-L-tartrat <\/span><\/span><\/span><\/span><br \/>\n<strong><span style=\"vertical-align: inherit;\"><span style=\"vertical-align: inherit;\"><span dir=\"auto\" style=\"vertical-align: inherit;\"><span dir=\"auto\" style=\"vertical-align: inherit;\">Molmassa:<\/span><\/span><\/span><\/span><\/strong><span style=\"vertical-align: inherit;\"><span style=\"vertical-align: inherit;\"><span dir=\"auto\" style=\"vertical-align: inherit;\"><span dir=\"auto\" style=\"vertical-align: inherit;\"> 454,5 g\/mol <\/span><\/span><\/span><\/span><br \/>\n<strong><span style=\"vertical-align: inherit;\"><span style=\"vertical-align: inherit;\"><span dir=\"auto\" style=\"vertical-align: inherit;\"><span dir=\"auto\" style=\"vertical-align: inherit;\">Renhet:<\/span><\/span><\/span><\/span><\/strong><span style=\"vertical-align: inherit;\"><span style=\"vertical-align: inherit;\"><span dir=\"auto\" style=\"vertical-align: inherit;\"><span dir=\"auto\" style=\"vertical-align: inherit;\"> &gt;97%<\/span><\/span><\/span><\/span><\/p>","protected":false},"featured_media":20483,"comment_status":"closed","ping_status":"closed","template":"","meta":[],"product_brand":[82],"product_cat":[358],"product_tag":[774,326],"class_list":{"0":"post-23559","1":"product","2":"type-product","3":"status-publish","4":"has-post-thumbnail","6":"product_brand-research-chemical","7":"product_cat-lysergamides","8":"product_tag-lsd-bestellen","9":"product_tag-nl","11":"first","12":"instock","13":"taxable","14":"shipping-taxable","15":"purchasable","16":"product-type-variable"},"_links":{"self":[{"href":"https:\/\/researchchemicalhub.com\/sv\/wp-json\/wp\/v2\/product\/23559","targetHints":{"allow":["GET"]}}],"collection":[{"href":"https:\/\/researchchemicalhub.com\/sv\/wp-json\/wp\/v2\/product"}],"about":[{"href":"https:\/\/researchchemicalhub.com\/sv\/wp-json\/wp\/v2\/types\/product"}],"replies":[{"embeddable":true,"href":"https:\/\/researchchemicalhub.com\/sv\/wp-json\/wp\/v2\/comments?post=23559"}],"version-history":[{"count":5,"href":"https:\/\/researchchemicalhub.com\/sv\/wp-json\/wp\/v2\/product\/23559\/revisions"}],"predecessor-version":[{"id":28018,"href":"https:\/\/researchchemicalhub.com\/sv\/wp-json\/wp\/v2\/product\/23559\/revisions\/28018"}],"wp:featuredmedia":[{"embeddable":true,"href":"https:\/\/researchchemicalhub.com\/sv\/wp-json\/wp\/v2\/media\/20483"}],"wp:attachment":[{"href":"https:\/\/researchchemicalhub.com\/sv\/wp-json\/wp\/v2\/media?parent=23559"}],"wp:term":[{"taxonomy":"product_brand","embeddable":true,"href":"https:\/\/researchchemicalhub.com\/sv\/wp-json\/wp\/v2\/product_brand?post=23559"},{"taxonomy":"product_cat","embeddable":true,"href":"https:\/\/researchchemicalhub.com\/sv\/wp-json\/wp\/v2\/product_cat?post=23559"},{"taxonomy":"product_tag","embeddable":true,"href":"https:\/\/researchchemicalhub.com\/sv\/wp-json\/wp\/v2\/product_tag?post=23559"}],"curies":[{"name":"wp","href":"https:\/\/api.w.org\/{rel}","templated":true}]}}