{"id":23557,"date":"2025-04-13T17:39:57","date_gmt":"2025-04-13T17:39:57","guid":{"rendered":"https:\/\/researchchemicalhub.com\/?post_type=product&#038;p=23557"},"modified":"2025-10-19T11:11:31","modified_gmt":"2025-10-19T11:11:31","slug":"1p-mipla-l-tartrate-puur","status":"publish","type":"product","link":"https:\/\/researchchemicalhub.com\/sv\/shop\/1p-mipla\/1p-mipla-l-tartrate-puur\/","title":{"rendered":"1P-MiPLA L-tartrat Ren"},"content":{"rendered":"<p data-start=\"3810\" data-end=\"3994\"><strong data-start=\"3810\" data-end=\"3868\">1P-MiPLA (1-Propionyl-N-metyl-N-isopropyllysergam)<\/strong> \u00e4r en <strong data-start=\"3876\" data-end=\"3920\">forskningsf\u00f6rening med h\u00f6g renhet<\/strong>, utvecklad f\u00f6r <strong data-start=\"3938\" data-end=\"3991\">neurovetenskaplig och farmakologisk forskning<\/strong>. 1p-mipla<\/p>\n<p data-start=\"3996\" data-end=\"4334\">Om <strong data-start=\"4000\" data-end=\"4060\">strukturell analog av LSD (lysergsyradietylamid)<\/strong> och <strong data-start=\"4064\" data-end=\"4073\">MiPLA<\/strong>, 1P-MiPLA inneh\u00e5ller en <strong data-start=\"4094\" data-end=\"4112\">propionylgrupp<\/strong> till indolkv\u00e4vet. Denna lilla strukturella f\u00f6r\u00e4ndring g\u00f6r f\u00f6reningen s\u00e4rskilt intressant f\u00f6r <strong data-start=\"4217\" data-end=\"4257\">forskning om serotoninreceptorer<\/strong> och <strong data-start=\"4261\" data-end=\"4303\">struktur-aktivitetssamband (SAR)<\/strong> inom lysergamklassen.<\/p>\n<p data-start=\"4336\" data-end=\"4491\">Varje batch produceras under strikta laboratorief\u00f6rh\u00e5llanden f\u00f6r att <strong data-start=\"4410\" data-end=\"4474\">stabilitet, reproducerbarhet och kemisk noggrannhet<\/strong> att garantera.<\/p>\n<blockquote data-start=\"4493\" data-end=\"4644\">\n<p data-start=\"4495\" data-end=\"4644\">\u26a0\ufe0f <strong data-start=\"4498\" data-end=\"4509\">OBS:<\/strong> Denna produkt \u00e4r <strong data-start=\"4525\" data-end=\"4580\">uteslutande avsedd f\u00f6r vetenskaplig forskning<\/strong> och <strong data-start=\"4584\" data-end=\"4641\">inte l\u00e4mplig f\u00f6r m\u00e4nsklig eller djurkonsumtion<\/strong>.<\/p>\n<\/blockquote>\n<hr data-start=\"4646\" data-end=\"4649\" \/>\n<h3 data-start=\"4651\" data-end=\"4682\"><strong data-start=\"4655\" data-end=\"4682\">Viktiga funktioner<\/strong><\/h3>\n<ul data-start=\"4683\" data-end=\"5079\">\n<li data-start=\"4683\" data-end=\"4768\">\n<p data-start=\"4685\" data-end=\"4768\"><strong data-start=\"4685\" data-end=\"4711\">H\u00f6g renhet (\u226599%)<\/strong> \u2013 Laboratorietestad f\u00f6r identitet och sammans\u00e4ttning.<\/p>\n<\/li>\n<li data-start=\"4769\" data-end=\"4866\">\n<p data-start=\"4771\" data-end=\"4866\"><strong data-start=\"4771\" data-end=\"4810\">Farmakologisk forskningsstandard<\/strong> \u2013 L\u00e4mplig f\u00f6r receptor- och neurokemisk forskning. 1p-mipla<\/p>\n<\/li>\n<li data-start=\"4867\" data-end=\"4939\">\n<p data-start=\"4869\" data-end=\"4939\"><strong data-start=\"4869\" data-end=\"4893\">Stabil formulering<\/strong> \u2013 \u00d6kar h\u00e5llbarhet och tillf\u00f6rlitlighet.<\/p>\n<\/li>\n<li data-start=\"4940\" data-end=\"5012\">\n<p data-start=\"4942\" data-end=\"5012\"><strong data-start=\"4942\" data-end=\"4967\">GMP-liknande produktion<\/strong> \u2013 Garanterad kvalitet och konsekvens.<\/p>\n<\/li>\n<li data-start=\"5013\" data-end=\"5079\">\n<p data-start=\"5015\" data-end=\"5079\"><strong data-start=\"5015\" data-end=\"5037\">S\u00e4ker f\u00f6rpackning<\/strong> \u2013 F\u00f6rpackad luftt\u00e4t och fuktt\u00e4t.<\/p>\n<\/li>\n<\/ul>\n<hr data-start=\"5081\" data-end=\"5084\" \/>\n<h3 data-start=\"5086\" data-end=\"5103\"><strong data-start=\"5090\" data-end=\"5103\">F\u00f6rdelar<\/strong><\/h3>\n<ul data-start=\"5104\" data-end=\"5376\">\n<li data-start=\"5104\" data-end=\"5185\">\n<p data-start=\"5106\" data-end=\"5185\">St\u00f6der <strong data-start=\"5118\" data-end=\"5182\">forskning om serotoninreceptorer och lysergamanaloger<\/strong>.<\/p>\n<\/li>\n<li data-start=\"5186\" data-end=\"5257\">\n<p data-start=\"5188\" data-end=\"5257\">Ger m\u00f6jlighet till <strong data-start=\"5199\" data-end=\"5254\">tillf\u00f6rlitliga och reproducerbara forskningsresultat<\/strong>.<\/p>\n<\/li>\n<li data-start=\"5258\" data-end=\"5320\">\n<p data-start=\"5260\" data-end=\"5320\"><strong data-start=\"5260\" data-end=\"5286\">F\u00f6rb\u00e4ttrad stabilitet<\/strong> f\u00f6r s\u00e4ker f\u00f6rvaring och anv\u00e4ndning.<\/p>\n<\/li>\n<li data-start=\"5321\" data-end=\"5376\">\n<p data-start=\"5323\" data-end=\"5376\">Idealisk f\u00f6r <strong data-start=\"5335\" data-end=\"5373\">akademisk och analytisk forskning<\/strong>.<\/p>\n<\/li>\n<\/ul>\n<hr data-start=\"5378\" data-end=\"5381\" \/>\n<h3 data-start=\"5383\" data-end=\"5398\"><strong data-start=\"5387\" data-end=\"5398\">Anv\u00e4ndande<\/strong><\/h3>\n<ul data-start=\"5399\" data-end=\"5670\">\n<li data-start=\"5399\" data-end=\"5469\">\n<p data-start=\"5401\" data-end=\"5469\">Endast att anv\u00e4ndas av <strong data-start=\"5426\" data-end=\"5466\">kvalificerad laboratoriepersonal<\/strong>.<\/p>\n<\/li>\n<li data-start=\"5470\" data-end=\"5546\">\n<p data-start=\"5472\" data-end=\"5546\">Anv\u00e4nd l\u00e4mplig <strong data-start=\"5490\" data-end=\"5514\">skyddsutrustning<\/strong> (handskar, skyddsglas\u00f6gon, laboratorierock).<\/p>\n<\/li>\n<li data-start=\"5547\" data-end=\"5611\">\n<p data-start=\"5549\" data-end=\"5611\">Spara p\u00e5 en <strong data-start=\"5564\" data-end=\"5598\">sval, torr och m\u00f6rk plats<\/strong> (15\u201325\u00b0C).<\/p>\n<\/li>\n<li data-start=\"5612\" data-end=\"5670\">\n<p data-start=\"5614\" data-end=\"5670\">Ej l\u00e4mplig f\u00f6r konsumtion av m\u00e4nniskor eller djur.<\/p>\n<\/li>\n<\/ul>\n<hr data-start=\"5672\" data-end=\"5675\" \/>\n<h3 data-start=\"5677\" data-end=\"5712\"><strong data-start=\"5681\" data-end=\"5712\">Vanliga fr\u00e5gor (FAQ)<\/strong><\/h3>\n<p data-start=\"5714\" data-end=\"5885\"><strong data-start=\"5714\" data-end=\"5754\">1. Vad anv\u00e4nds 1P-MiPLA till?<\/strong><br data-start=\"5754\" data-end=\"5757\" \/>1P-MiPLA anv\u00e4nds f\u00f6r <strong data-start=\"5786\" data-end=\"5831\">farmakologisk och neurokemisk forskning<\/strong> till lysergamanaloger och serotoninreceptorer.<\/p>\n<p data-start=\"5887\" data-end=\"6058\"><strong data-start=\"5887\" data-end=\"5936\">2. \u00c4r 1P-MiPLA s\u00e4kert f\u00f6r m\u00e4nsklig anv\u00e4ndning?<\/strong><br data-start=\"5936\" data-end=\"5939\" \/>Nej. Denna produkt \u00e4r <strong data-start=\"5959\" data-end=\"6008\">endast avsedd f\u00f6r forsknings\u00e4ndam\u00e5l<\/strong> och inte godk\u00e4nd f\u00f6r m\u00e4nsklig konsumtion.<\/p>\n<p data-start=\"6060\" data-end=\"6214\"><strong data-start=\"6060\" data-end=\"6100\">3. Hur ska 1P-MiPLA f\u00f6rvaras?<\/strong><br data-start=\"6100\" data-end=\"6103\" \/>F\u00f6rvara i en <strong data-start=\"6118\" data-end=\"6148\">v\u00e4l f\u00f6rseglad f\u00f6rpackning<\/strong> i rumstemperatur (15\u201325 \u00b0C), skyddad fr\u00e5n ljus och fukt.<\/p>","protected":false},"excerpt":{"rendered":"<h3><span dir=\"auto\" style=\"vertical-align: inherit;\"><span dir=\"auto\" style=\"vertical-align: inherit;\">1P-MiPLA L-tart-hastighetsegenskaper<\/span><\/span><\/h3>\n<p><strong><span style=\"vertical-align: inherit;\"><span style=\"vertical-align: inherit;\"><span dir=\"auto\" style=\"vertical-align: inherit;\"><span dir=\"auto\" style=\"vertical-align: inherit;\">Synonym:<\/span><\/span><\/span><\/span><\/strong><span style=\"vertical-align: inherit;\"><span style=\"vertical-align: inherit;\"><span dir=\"auto\" style=\"vertical-align: inherit;\"><span dir=\"auto\" style=\"vertical-align: inherit;\"> 1-propionyl-metylisopropyl-sergamidhemi-L-tartrat <\/span><\/span><\/span><\/span><br \/>\n<strong><span style=\"vertical-align: inherit;\"><span style=\"vertical-align: inherit;\"><span dir=\"auto\" style=\"vertical-align: inherit;\"><span dir=\"auto\" style=\"vertical-align: inherit;\">CAS-nummer:<\/span><\/span><\/span><\/span><\/strong><span style=\"vertical-align: inherit;\"><span style=\"vertical-align: inherit;\"><span dir=\"auto\" style=\"vertical-align: inherit;\"><span dir=\"auto\" style=\"vertical-align: inherit;\"> efter <\/span><\/span><\/span><\/span><br \/>\n<strong><span style=\"vertical-align: inherit;\"><span style=\"vertical-align: inherit;\"><span dir=\"auto\" style=\"vertical-align: inherit;\"><span dir=\"auto\" style=\"vertical-align: inherit;\">Formel:<\/span><\/span><\/span><\/span><\/strong><span style=\"vertical-align: inherit;\"><span style=\"vertical-align: inherit;\"><span dir=\"auto\" style=\"vertical-align: inherit;\"><span dir=\"auto\" style=\"vertical-align: inherit;\"> (8\u03b2)-1-propionyl-N-isopropyl-N,6-dimetyl-9,10-didehydroergolin-8-karboxamid hemi-L-tartrat <\/span><\/span><\/span><\/span><br \/>\n<strong><span style=\"vertical-align: inherit;\"><span style=\"vertical-align: inherit;\"><span dir=\"auto\" style=\"vertical-align: inherit;\"><span dir=\"auto\" style=\"vertical-align: inherit;\">Molmassa:<\/span><\/span><\/span><\/span><\/strong><span style=\"vertical-align: inherit;\"><span style=\"vertical-align: inherit;\"><span dir=\"auto\" style=\"vertical-align: inherit;\"><span dir=\"auto\" style=\"vertical-align: inherit;\"> 454,5 g\/mol <\/span><\/span><\/span><\/span><br \/>\n<strong><span style=\"vertical-align: inherit;\"><span style=\"vertical-align: inherit;\"><span dir=\"auto\" style=\"vertical-align: inherit;\"><span dir=\"auto\" style=\"vertical-align: inherit;\">Renhet:<\/span><\/span><\/span><\/span><\/strong><span style=\"vertical-align: inherit;\"><span style=\"vertical-align: inherit;\"><span dir=\"auto\" style=\"vertical-align: inherit;\"><span dir=\"auto\" style=\"vertical-align: inherit;\"> &gt;97%<\/span><\/span><\/span><\/span><\/p>","protected":false},"featured_media":20451,"comment_status":"closed","ping_status":"closed","template":"","meta":[],"product_brand":[],"product_cat":[546,358],"product_tag":[1154,1155,326],"class_list":{"0":"post-23557","1":"product","2":"type-product","3":"status-publish","4":"has-post-thumbnail","6":"product_cat-1p-mipla","7":"product_cat-lysergamides","8":"product_tag-1p-mipla","9":"product_tag-1p-mipla-kopen","10":"product_tag-nl","12":"first","13":"instock","14":"taxable","15":"shipping-taxable","16":"purchasable","17":"product-type-variable"},"_links":{"self":[{"href":"https:\/\/researchchemicalhub.com\/sv\/wp-json\/wp\/v2\/product\/23557","targetHints":{"allow":["GET"]}}],"collection":[{"href":"https:\/\/researchchemicalhub.com\/sv\/wp-json\/wp\/v2\/product"}],"about":[{"href":"https:\/\/researchchemicalhub.com\/sv\/wp-json\/wp\/v2\/types\/product"}],"replies":[{"embeddable":true,"href":"https:\/\/researchchemicalhub.com\/sv\/wp-json\/wp\/v2\/comments?post=23557"}],"version-history":[{"count":4,"href":"https:\/\/researchchemicalhub.com\/sv\/wp-json\/wp\/v2\/product\/23557\/revisions"}],"predecessor-version":[{"id":28017,"href":"https:\/\/researchchemicalhub.com\/sv\/wp-json\/wp\/v2\/product\/23557\/revisions\/28017"}],"wp:featuredmedia":[{"embeddable":true,"href":"https:\/\/researchchemicalhub.com\/sv\/wp-json\/wp\/v2\/media\/20451"}],"wp:attachment":[{"href":"https:\/\/researchchemicalhub.com\/sv\/wp-json\/wp\/v2\/media?parent=23557"}],"wp:term":[{"taxonomy":"product_brand","embeddable":true,"href":"https:\/\/researchchemicalhub.com\/sv\/wp-json\/wp\/v2\/product_brand?post=23557"},{"taxonomy":"product_cat","embeddable":true,"href":"https:\/\/researchchemicalhub.com\/sv\/wp-json\/wp\/v2\/product_cat?post=23557"},{"taxonomy":"product_tag","embeddable":true,"href":"https:\/\/researchchemicalhub.com\/sv\/wp-json\/wp\/v2\/product_tag?post=23557"}],"curies":[{"name":"wp","href":"https:\/\/api.w.org\/{rel}","templated":true}]}}