{"id":23521,"date":"2025-04-13T17:39:53","date_gmt":"2025-04-13T17:39:53","guid":{"rendered":"https:\/\/researchchemicalhub.com\/?post_type=product&#038;p=23521"},"modified":"2025-10-19T20:26:41","modified_gmt":"2025-10-19T20:26:41","slug":"doppfumarat","status":"publish","type":"product","link":"https:\/\/researchchemicalhub.com\/sv\/handla\/dippsaser\/doppfumarat\/","title":{"rendered":"DiPT-fumarat (N,N-diisopropyltryptamin)"},"content":{"rendered":"<h1><strong>DiPT-fumarat \u2013 N,N-diisopropyltryptamin av forskningsrenhet<\/strong><\/h1>\n<p data-start=\"3972\" data-end=\"4152\"><strong data-start=\"3972\" data-end=\"4017\">DiPT-fumarat (N,N-diisopropyltryptamin)<\/strong> \u00e4r en <strong data-start=\"4025\" data-end=\"4067\">forskningsf\u00f6rening med h\u00f6g renhet<\/strong>, utformad f\u00f6r <strong data-start=\"4084\" data-end=\"4149\">neurovetenskaplig, farmakologisk och analytisk forskning<\/strong>. <span class=\"___SBox_epc1q-ko_ ___SText_zko9t-ko_\" data-ui-name=\"Link.Text\">doppfumarat<\/span><\/p>\n<p data-start=\"4154\" data-end=\"4506\">Om <strong data-start=\"4158\" data-end=\"4231\">diisopropylsubstituerad analog av DMT (N,N-dimetyltryptamin)<\/strong> Tillh\u00f6r DiPT <strong data-start=\"4252\" data-end=\"4272\">tryptaminklass<\/strong> och utreds f\u00f6r dess <strong data-start=\"4310\" data-end=\"4368\">serotoninreceptoraktivitet (5-HT2A, 5-HT2C, 5-HT1A)<\/strong>Detta g\u00f6r det till en viktig koppling f\u00f6r <strong data-start=\"4418\" data-end=\"4459\">struktur-aktivitetsf\u00f6rh\u00e5llandet (SAR)<\/strong>-att unders\u00f6ka <strong data-start=\"4473\" data-end=\"4503\">studier av bindningsaffinitet<\/strong>.<\/p>\n<p data-start=\"4508\" data-end=\"4687\">De <strong data-start=\"4511\" data-end=\"4531\">fumaratsaltform<\/strong> f\u00f6reskriver <strong data-start=\"4543\" data-end=\"4606\">b\u00e4ttre kemisk stabilitet, l\u00f6slighet och h\u00e5llbarhet<\/strong>, vilket \u00e4r avg\u00f6rande f\u00f6r noggranna laboratorietester och l\u00e5ngtidslagring.<\/p>\n<blockquote data-start=\"4689\" data-end=\"4840\">\n<p data-start=\"4691\" data-end=\"4840\">\u26a0\ufe0f <strong data-start=\"4694\" data-end=\"4705\">OBS:<\/strong> Denna produkt \u00e4r <strong data-start=\"4721\" data-end=\"4776\">uteslutande avsedd f\u00f6r vetenskaplig forskning<\/strong> och <strong data-start=\"4780\" data-end=\"4837\">inte l\u00e4mplig f\u00f6r m\u00e4nsklig eller djurkonsumtion<\/strong>.<\/p>\n<\/blockquote>\n<hr data-start=\"4842\" data-end=\"4845\" \/>\n<h3 data-start=\"4847\" data-end=\"4878\"><strong data-start=\"4851\" data-end=\"4878\">Viktiga funktioner<\/strong><\/h3>\n<ul data-start=\"4879\" data-end=\"5290\">\n<li data-start=\"4879\" data-end=\"4954\">\n<p data-start=\"4881\" data-end=\"4954\"><strong data-start=\"4881\" data-end=\"4907\">H\u00f6g renhet (\u226599%)<\/strong> \u2013 Kontrollerad med HPLC-, NMR- och MS-analys.<\/p>\n<\/li>\n<li data-start=\"4955\" data-end=\"5028\">\n<p data-start=\"4957\" data-end=\"5028\"><strong data-start=\"4957\" data-end=\"4986\">Stabil fumaratsaltform<\/strong> \u2013 \u00d6kar h\u00e5llbarheten och stabiliteten.<\/p>\n<\/li>\n<li data-start=\"5029\" data-end=\"5116\">\n<p data-start=\"5031\" data-end=\"5116\"><strong data-start=\"5031\" data-end=\"5070\">Farmakologisk forskningsstandard<\/strong> \u2013 L\u00e4mplig f\u00f6r receptor- och SAR-forskning.<\/p>\n<\/li>\n<li data-start=\"5117\" data-end=\"5194\">\n<p data-start=\"5119\" data-end=\"5194\"><strong data-start=\"5119\" data-end=\"5144\">GMP-liknande produktion<\/strong> \u2013 Konsekvent kvalitet och reproducerbarhet.<\/p>\n<\/li>\n<li data-start=\"5195\" data-end=\"5290\">\n<p data-start=\"5197\" data-end=\"5290\"><strong data-start=\"5197\" data-end=\"5219\">S\u00e4ker f\u00f6rpackning<\/strong> \u2013 F\u00f6rpackad luftt\u00e4t och ljust\u00e4t f\u00f6r att skydda mot nedbrytning.<\/p>\n<\/li>\n<\/ul>\n<hr data-start=\"5292\" data-end=\"5295\" \/>\n<h3 data-start=\"5297\" data-end=\"5314\"><strong data-start=\"5301\" data-end=\"5314\">F\u00f6rdelar<\/strong><\/h3>\n<ul data-start=\"5315\" data-end=\"5612\">\n<li data-start=\"5315\" data-end=\"5395\">\n<p data-start=\"5317\" data-end=\"5395\">St\u00f6der <strong data-start=\"5329\" data-end=\"5392\">forskning om serotoninreceptorer och tryptaminanaloger<\/strong>.<\/p>\n<\/li>\n<li data-start=\"5396\" data-end=\"5456\">\n<p data-start=\"5398\" data-end=\"5456\"><strong data-start=\"5398\" data-end=\"5453\">Noggranna och reproducerbara forskningsresultat<\/strong>.<\/p>\n<\/li>\n<li data-start=\"5457\" data-end=\"5538\">\n<p data-start=\"5459\" data-end=\"5538\"><strong data-start=\"5459\" data-end=\"5502\">F\u00f6rb\u00e4ttrad stabilitet och l\u00f6slighet<\/strong> j\u00e4mf\u00f6rt med den fria basformen.<\/p>\n<\/li>\n<li data-start=\"5539\" data-end=\"5612\">\n<p data-start=\"5541\" data-end=\"5612\">L\u00e4mplig f\u00f6r <strong data-start=\"5555\" data-end=\"5609\">akademisk, farmakologisk och analytisk forskning<\/strong>.<\/p>\n<\/li>\n<\/ul>\n<hr data-start=\"5614\" data-end=\"5617\" \/>\n<h3 data-start=\"5619\" data-end=\"5634\"><strong data-start=\"5623\" data-end=\"5634\">Anv\u00e4ndande<\/strong><\/h3>\n<ul data-start=\"5635\" data-end=\"5906\">\n<li data-start=\"5635\" data-end=\"5705\">\n<p data-start=\"5637\" data-end=\"5705\">Endast att anv\u00e4ndas av <strong data-start=\"5662\" data-end=\"5702\">kvalificerad laboratoriepersonal<\/strong>.<\/p>\n<\/li>\n<li data-start=\"5706\" data-end=\"5782\">\n<p data-start=\"5708\" data-end=\"5782\">Anv\u00e4nd l\u00e4mplig <strong data-start=\"5726\" data-end=\"5750\">skyddsutrustning<\/strong> (handskar, skyddsglas\u00f6gon, laboratorierock).<\/p>\n<\/li>\n<li data-start=\"5783\" data-end=\"5847\">\n<p data-start=\"5785\" data-end=\"5847\">Spara p\u00e5 en <strong data-start=\"5800\" data-end=\"5834\">sval, torr och m\u00f6rk plats<\/strong> (15\u201325\u00b0C).<\/p>\n<\/li>\n<li data-start=\"5848\" data-end=\"5906\">\n<p data-start=\"5850\" data-end=\"5906\">Ej l\u00e4mplig f\u00f6r konsumtion av m\u00e4nniskor eller djur.<\/p>\n<\/li>\n<\/ul>\n<hr data-start=\"5908\" data-end=\"5911\" \/>\n<h3 data-start=\"5913\" data-end=\"5948\"><strong data-start=\"5917\" data-end=\"5948\">Vanliga fr\u00e5gor (FAQ)<\/strong><\/h3>\n<p data-start=\"5950\" data-end=\"6142\"><strong data-start=\"5950\" data-end=\"5995\">1. Vad anv\u00e4nds DiPT-fumarat till?<\/strong><br data-start=\"5995\" data-end=\"5998\" \/>DiPT-fumarat anv\u00e4nds f\u00f6r <strong data-start=\"6032\" data-end=\"6077\">farmakologisk och neurokemisk forskning<\/strong> till serotoninreceptorer och strukturella tryptaminanaloger.<\/p>\n<p data-start=\"6144\" data-end=\"6320\"><strong data-start=\"6144\" data-end=\"6198\">2. \u00c4r DiPT-fumarat s\u00e4kert f\u00f6r m\u00e4nsklig anv\u00e4ndning?<\/strong><br data-start=\"6198\" data-end=\"6201\" \/>Nej. Denna produkt \u00e4r <strong data-start=\"6221\" data-end=\"6270\">endast avsedd f\u00f6r forsknings\u00e4ndam\u00e5l<\/strong> och inte godk\u00e4nd f\u00f6r m\u00e4nsklig konsumtion.<\/p>\n<p data-start=\"6322\" data-end=\"6489\"><strong data-start=\"6322\" data-end=\"6367\">3. Hur ska DiPT-fumarat f\u00f6rvaras?<\/strong><br data-start=\"6367\" data-end=\"6370\" \/>F\u00f6rvara i en <strong data-start=\"6385\" data-end=\"6415\">v\u00e4l f\u00f6rseglad f\u00f6rpackning<\/strong> i rumstemperatur (15\u201325 \u00b0C), skyddad fr\u00e5n fukt, v\u00e4rme och ljus.<\/p>","protected":false},"excerpt":{"rendered":"<h3><span data-sheets-value=\"{\" data-sheets-userformat=\"{\"><span style=\"vertical-align: inherit;\"><span style=\"vertical-align: inherit;\">DiPT fumarate properties<\/span><\/span><\/span><\/h3>\n<p><strong><span style=\"vertical-align: inherit;\"><span style=\"vertical-align: inherit;\">Synonym:<\/span><\/span><\/strong><span style=\"vertical-align: inherit;\"><span style=\"vertical-align: inherit;\"> N,N-diisopropyltryptamine fumarate <\/span><\/span><br \/>\n<strong><span style=\"vertical-align: inherit;\"><span style=\"vertical-align: inherit;\">CAS Number:<\/span><\/span><\/strong><span style=\"vertical-align: inherit;\"><span style=\"vertical-align: inherit;\"> 14780-24-6 <\/span><\/span><br \/>\n<strong><span style=\"vertical-align: inherit;\"><span style=\"vertical-align: inherit;\">Formula:<\/span><\/span><\/strong><span style=\"vertical-align: inherit;\"><span style=\"vertical-align: inherit;\"> 3-[2-(diisopropylamino)ethyl]-1H-indole fumarate <\/span><\/span><br \/>\n<strong><span style=\"vertical-align: inherit;\"><span style=\"vertical-align: inherit;\">Molar Mass:<\/span><\/span><\/strong><span style=\"vertical-align: inherit;\"><span style=\"vertical-align: inherit;\"> 360.5 g\/mol <\/span><\/span><br \/>\n<strong><span style=\"vertical-align: inherit;\"><span style=\"vertical-align: inherit;\">Purity:<\/span><\/span><\/strong><span style=\"vertical-align: inherit;\"><span style=\"vertical-align: inherit;\"> &gt;97%<\/span><\/span><\/p>\n","protected":false},"featured_media":20404,"comment_status":"closed","ping_status":"closed","template":"","meta":[],"product_brand":[],"product_cat":[510,381],"product_tag":[1171,1172,326],"class_list":{"0":"post-23521","1":"product","2":"type-product","3":"status-publish","4":"has-post-thumbnail","6":"product_cat-dipt","7":"product_cat-tryptamines","8":"product_tag-dipt-fumarate","9":"product_tag-dipt-fumarate-kopen","10":"product_tag-nl","12":"first","13":"instock","14":"taxable","15":"shipping-taxable","16":"purchasable","17":"product-type-variable"},"_links":{"self":[{"href":"https:\/\/researchchemicalhub.com\/sv\/wp-json\/wp\/v2\/product\/23521","targetHints":{"allow":["GET"]}}],"collection":[{"href":"https:\/\/researchchemicalhub.com\/sv\/wp-json\/wp\/v2\/product"}],"about":[{"href":"https:\/\/researchchemicalhub.com\/sv\/wp-json\/wp\/v2\/types\/product"}],"replies":[{"embeddable":true,"href":"https:\/\/researchchemicalhub.com\/sv\/wp-json\/wp\/v2\/comments?post=23521"}],"version-history":[{"count":4,"href":"https:\/\/researchchemicalhub.com\/sv\/wp-json\/wp\/v2\/product\/23521\/revisions"}],"predecessor-version":[{"id":28031,"href":"https:\/\/researchchemicalhub.com\/sv\/wp-json\/wp\/v2\/product\/23521\/revisions\/28031"}],"wp:featuredmedia":[{"embeddable":true,"href":"https:\/\/researchchemicalhub.com\/sv\/wp-json\/wp\/v2\/media\/20404"}],"wp:attachment":[{"href":"https:\/\/researchchemicalhub.com\/sv\/wp-json\/wp\/v2\/media?parent=23521"}],"wp:term":[{"taxonomy":"product_brand","embeddable":true,"href":"https:\/\/researchchemicalhub.com\/sv\/wp-json\/wp\/v2\/product_brand?post=23521"},{"taxonomy":"product_cat","embeddable":true,"href":"https:\/\/researchchemicalhub.com\/sv\/wp-json\/wp\/v2\/product_cat?post=23521"},{"taxonomy":"product_tag","embeddable":true,"href":"https:\/\/researchchemicalhub.com\/sv\/wp-json\/wp\/v2\/product_tag?post=23521"}],"curies":[{"name":"wp","href":"https:\/\/api.w.org\/{rel}","templated":true}]}}