{"id":23471,"date":"2025-04-13T17:39:49","date_gmt":"2025-04-13T17:39:49","guid":{"rendered":"https:\/\/researchchemicalhub.com\/?post_type=product&#038;p=23471"},"modified":"2025-10-19T20:39:55","modified_gmt":"2025-10-19T20:39:55","slug":"4-ho-mipt-fumarate","status":"publish","type":"product","link":"https:\/\/researchchemicalhub.com\/sv\/shop\/4-ho-mipt\/4-ho-mipt-fumarate\/","title":{"rendered":"4-HO-MiPT-fumarat"},"content":{"rendered":"<h3><strong><span dir=\"auto\" style=\"vertical-align: inherit;\"><span dir=\"auto\" style=\"vertical-align: inherit;\">4-HO-MiPT-fumarat \u2013 Produktbeskrivning, anv\u00e4ndningsomr\u00e5den, f\u00f6rdelar och nackdelar samt vanliga fr\u00e5gor<\/span><\/span><\/strong><\/h3>\n<p data-start=\"4058\" data-end=\"4259\"><strong data-start=\"4058\" data-end=\"4123\">4-HO-MiPT-fumarat (4-hydroxi-N-metyl-N-isopropyltryptamin)<\/strong> \u00e4r en <strong data-start=\"4131\" data-end=\"4173\">forskningsf\u00f6rening med h\u00f6g renhet<\/strong>, utvecklad f\u00f6r <strong data-start=\"4191\" data-end=\"4256\">neurovetenskaplig, farmakologisk och analytisk forskning<\/strong>4-HO-MiPT-fumarat<\/p>\n<p data-start=\"4261\" data-end=\"4597\">Som medlem i <strong data-start=\"4276\" data-end=\"4312\">4-hydroxitryptaminklass (4-H2O)<\/strong> \u00e4r det strukturellt relaterat till <strong data-start=\"4344\" data-end=\"4368\">psilocin (4-HO-DMT)<\/strong> och andra naturliga tryptaminer. <strong data-start=\"4407\" data-end=\"4440\">hydroxylgrupp vid 4-positionen<\/strong> p\u00e5verkar <strong data-start=\"4455\" data-end=\"4504\">serotoninreceptorbindning (5-HT1A och 5-HT2A)<\/strong>, vilket g\u00f6r 4-HO-MiPT v\u00e4rdefullt f\u00f6r <strong data-start=\"4543\" data-end=\"4584\">struktur-aktivitetsf\u00f6rh\u00e5llandet (SAR)<\/strong>-forskning.<\/p>\n<p data-start=\"4599\" data-end=\"4793\">De <strong data-start=\"4602\" data-end=\"4622\">fumaratsaltform<\/strong> f\u00f6reskriver <strong data-start=\"4634\" data-end=\"4702\">utm\u00e4rkt kemisk stabilitet, l\u00f6slighet och h\u00e5llbarhet<\/strong>, vilket g\u00f6r den idealisk f\u00f6r l\u00e5ngtidslagring och kontrollerade laboratorietill\u00e4mpningar.<\/p>\n<blockquote data-start=\"4795\" data-end=\"4946\">\n<p data-start=\"4797\" data-end=\"4946\">\u26a0\ufe0f <strong data-start=\"4800\" data-end=\"4811\">OBS:<\/strong> Denna produkt \u00e4r <strong data-start=\"4827\" data-end=\"4882\">uteslutande avsedd f\u00f6r vetenskaplig forskning<\/strong> och <strong data-start=\"4886\" data-end=\"4943\">inte l\u00e4mplig f\u00f6r m\u00e4nsklig eller djurkonsumtion<\/strong>.<\/p>\n<\/blockquote>\n<hr data-start=\"4948\" data-end=\"4951\" \/>\n<h3 data-start=\"4953\" data-end=\"4984\"><strong data-start=\"4957\" data-end=\"4984\">Viktiga funktioner<\/strong><\/h3>\n<ul data-start=\"4985\" data-end=\"5377\">\n<li data-start=\"4985\" data-end=\"5055\">\n<p data-start=\"4987\" data-end=\"5055\"><strong data-start=\"4987\" data-end=\"5013\">H\u00f6g renhet (\u226599%)<\/strong> \u2013 Bekr\u00e4ftad med HPLC- och GC-MS-analys.<\/p>\n<\/li>\n<li data-start=\"5056\" data-end=\"5130\">\n<p data-start=\"5058\" data-end=\"5130\"><strong data-start=\"5058\" data-end=\"5087\">Stabil fumaratsaltform<\/strong> \u2013 \u00d6kar stabiliteten och anv\u00e4ndarv\u00e4nligheten.<\/p>\n<\/li>\n<li data-start=\"5131\" data-end=\"5218\">\n<p data-start=\"5133\" data-end=\"5218\"><strong data-start=\"5133\" data-end=\"5172\">Farmakologisk forskningsstandard<\/strong> \u2013 L\u00e4mplig f\u00f6r receptor- och SAR-forskning.<\/p>\n<\/li>\n<li data-start=\"5219\" data-end=\"5288\">\n<p data-start=\"5221\" data-end=\"5288\"><strong data-start=\"5221\" data-end=\"5246\">GMP-liknande produktion<\/strong> \u2013 S\u00e4kerst\u00e4ller konsekvens och kvalitet.<\/p>\n<\/li>\n<li data-start=\"5289\" data-end=\"5377\">\n<p data-start=\"5291\" data-end=\"5377\"><strong data-start=\"5291\" data-end=\"5313\">S\u00e4ker f\u00f6rpackning<\/strong> \u2013 Luftt\u00e4t och ljust\u00e4t f\u00f6rpackning f\u00f6r maximalt skydd. 4-HO-MiPT-fumarat<\/p>\n<\/li>\n<\/ul>\n<hr data-start=\"5379\" data-end=\"5382\" \/>\n<h3 data-start=\"5384\" data-end=\"5401\"><strong data-start=\"5388\" data-end=\"5401\">F\u00f6rdelar<\/strong><\/h3>\n<ul data-start=\"5402\" data-end=\"5699\">\n<li data-start=\"5402\" data-end=\"5482\">\n<p data-start=\"5404\" data-end=\"5482\">St\u00f6der <strong data-start=\"5416\" data-end=\"5479\">forskning om serotoninreceptorer och tryptaminanaloger<\/strong>.<\/p>\n<\/li>\n<li data-start=\"5483\" data-end=\"5560\">\n<p data-start=\"5485\" data-end=\"5560\"><strong data-start=\"5485\" data-end=\"5530\">Noggranna och reproducerbara resultat<\/strong> i kontrollerad forskning.<\/p>\n<\/li>\n<li data-start=\"5561\" data-end=\"5627\">\n<p data-start=\"5563\" data-end=\"5627\"><strong data-start=\"5563\" data-end=\"5589\">F\u00f6rb\u00e4ttrad stabilitet<\/strong> i f\u00f6rh\u00e5llande till den fria basformen.<\/p>\n<\/li>\n<li data-start=\"5628\" data-end=\"5699\">\n<p data-start=\"5630\" data-end=\"5699\">Idealisk f\u00f6r <strong data-start=\"5642\" data-end=\"5696\">akademisk, farmakologisk och analytisk forskning<\/strong>.<\/p>\n<\/li>\n<\/ul>\n<hr data-start=\"5701\" data-end=\"5704\" \/>\n<h3 data-start=\"5706\" data-end=\"5721\"><strong data-start=\"5710\" data-end=\"5721\">Anv\u00e4ndande<\/strong><\/h3>\n<ul data-start=\"5722\" data-end=\"5993\">\n<li data-start=\"5722\" data-end=\"5792\">\n<p data-start=\"5724\" data-end=\"5792\">Endast att anv\u00e4ndas av <strong data-start=\"5749\" data-end=\"5789\">kvalificerad laboratoriepersonal<\/strong>.<\/p>\n<\/li>\n<li data-start=\"5793\" data-end=\"5869\">\n<p data-start=\"5795\" data-end=\"5869\">Anv\u00e4nd l\u00e4mplig <strong data-start=\"5813\" data-end=\"5837\">skyddsutrustning<\/strong> (handskar, skyddsglas\u00f6gon, laboratorierock).<\/p>\n<\/li>\n<li data-start=\"5870\" data-end=\"5934\">\n<p data-start=\"5872\" data-end=\"5934\">Spara p\u00e5 en <strong data-start=\"5887\" data-end=\"5921\">sval, torr och m\u00f6rk plats<\/strong> (15\u201325\u00b0C).<\/p>\n<\/li>\n<li data-start=\"5935\" data-end=\"5993\">\n<p data-start=\"5937\" data-end=\"5993\">Ej l\u00e4mplig f\u00f6r konsumtion av m\u00e4nniskor eller djur.<\/p>\n<\/li>\n<\/ul>\n<hr data-start=\"5995\" data-end=\"5998\" \/>\n<h3 data-start=\"6000\" data-end=\"6035\"><strong data-start=\"6004\" data-end=\"6035\">Vanliga fr\u00e5gor (FAQ)<\/strong><\/h3>\n<p data-start=\"6037\" data-end=\"6225\"><strong data-start=\"6037\" data-end=\"6087\">1. Vad anv\u00e4nds 4-HO-MiPT-fumarat till?<\/strong><br data-start=\"6087\" data-end=\"6090\" \/>4-HO-MiPT-fumarat anv\u00e4nds i <strong data-start=\"6127\" data-end=\"6172\">farmakologisk och neurokemisk forskning<\/strong> till serotoninreceptorer och tryptaminanaloger.<\/p>\n<p data-start=\"6227\" data-end=\"6408\"><strong data-start=\"6227\" data-end=\"6286\">2. \u00c4r 4-HO-MiPT-fumarat s\u00e4kert f\u00f6r m\u00e4nsklig anv\u00e4ndning?<\/strong><br data-start=\"6286\" data-end=\"6289\" \/>Nej. Denna produkt \u00e4r <strong data-start=\"6309\" data-end=\"6358\">endast avsedd f\u00f6r forsknings\u00e4ndam\u00e5l<\/strong> och inte godk\u00e4nd f\u00f6r m\u00e4nsklig konsumtion.<\/p>\n<p data-start=\"6410\" data-end=\"6582\"><strong data-start=\"6410\" data-end=\"6460\">3. Hur ska 4-HO-MiPT-fumarat f\u00f6rvaras?<\/strong><br data-start=\"6460\" data-end=\"6463\" \/>F\u00f6rvara i en <strong data-start=\"6478\" data-end=\"6508\">v\u00e4l f\u00f6rseglad f\u00f6rpackning<\/strong> i rumstemperatur (15\u201325 \u00b0C), skyddad fr\u00e5n fukt, v\u00e4rme och ljus.<\/p>","protected":false},"excerpt":{"rendered":"<h3><span data-sheets-value=\"{\" data-sheets-userformat=\"{\"><span style=\"vertical-align: inherit;\"><span style=\"vertical-align: inherit;\"><span dir=\"auto\" style=\"vertical-align: inherit;\"><span dir=\"auto\" style=\"vertical-align: inherit;\">4-HO-MiPT fumarate properties<\/span><\/span><\/span><\/span><\/span><\/h3>\n<p><strong><span style=\"vertical-align: inherit;\"><span style=\"vertical-align: inherit;\"><span dir=\"auto\" style=\"vertical-align: inherit;\"><span dir=\"auto\" style=\"vertical-align: inherit;\">Synonym:<\/span><\/span><\/span><\/span><\/strong><span style=\"vertical-align: inherit;\"><span style=\"vertical-align: inherit;\"><span dir=\"auto\" style=\"vertical-align: inherit;\"><span dir=\"auto\" style=\"vertical-align: inherit;\"> 4-hydroxy-N-methyl-N-isopropyltryptamine fumarate <\/span><\/span><\/span><\/span><br \/>\n<strong><span style=\"vertical-align: inherit;\"><span style=\"vertical-align: inherit;\"><span dir=\"auto\" style=\"vertical-align: inherit;\"><span dir=\"auto\" style=\"vertical-align: inherit;\">CAS Number:<\/span><\/span><\/span><\/span><\/strong><span style=\"vertical-align: inherit;\"><span style=\"vertical-align: inherit;\"><span dir=\"auto\" style=\"vertical-align: inherit;\"><span dir=\"auto\" style=\"vertical-align: inherit;\"> 77872-43-6 <\/span><\/span><\/span><\/span><br \/>\n<strong><span style=\"vertical-align: inherit;\"><span style=\"vertical-align: inherit;\"><span dir=\"auto\" style=\"vertical-align: inherit;\"><span dir=\"auto\" style=\"vertical-align: inherit;\">Formula:<\/span><\/span><\/span><\/span><\/strong><span style=\"vertical-align: inherit;\"><span style=\"vertical-align: inherit;\"><span dir=\"auto\" style=\"vertical-align: inherit;\"><span dir=\"auto\" style=\"vertical-align: inherit;\"> 3-[2-(isopropyl(methyl)amino)ethyl]-1H-indole-4-ol fumarate <\/span><\/span><\/span><\/span><br \/>\n<strong><span style=\"vertical-align: inherit;\"><span style=\"vertical-align: inherit;\"><span dir=\"auto\" style=\"vertical-align: inherit;\"><span dir=\"auto\" style=\"vertical-align: inherit;\">Molar Mass:<\/span><\/span><\/span><\/span><\/strong><span style=\"vertical-align: inherit;\"><span style=\"vertical-align: inherit;\"><span dir=\"auto\" style=\"vertical-align: inherit;\"><span dir=\"auto\" style=\"vertical-align: inherit;\"> 348.4 g\/mol <\/span><\/span><\/span><\/span><br \/>\n<strong><span style=\"vertical-align: inherit;\"><span style=\"vertical-align: inherit;\"><span dir=\"auto\" style=\"vertical-align: inherit;\"><span dir=\"auto\" style=\"vertical-align: inherit;\">Purity:<\/span><\/span><\/span><\/span><\/strong><span style=\"vertical-align: inherit;\"><span style=\"vertical-align: inherit;\"><span dir=\"auto\" style=\"vertical-align: inherit;\"><span dir=\"auto\" style=\"vertical-align: inherit;\"> &gt;97%<\/span><\/span><\/span><\/span><\/p>\n","protected":false},"featured_media":20353,"comment_status":"closed","ping_status":"closed","template":"","meta":[],"product_brand":[],"product_cat":[505,381],"product_tag":[1156,1157,326],"class_list":{"0":"post-23471","1":"product","2":"type-product","3":"status-publish","4":"has-post-thumbnail","6":"product_cat-4-ho-mipt","7":"product_cat-tryptamines","8":"product_tag-4-ho-mipt-fumarate","9":"product_tag-4-ho-mipt-fumarate-kopen","10":"product_tag-nl","12":"first","13":"instock","14":"taxable","15":"shipping-taxable","16":"purchasable","17":"product-type-variable"},"_links":{"self":[{"href":"https:\/\/researchchemicalhub.com\/sv\/wp-json\/wp\/v2\/product\/23471","targetHints":{"allow":["GET"]}}],"collection":[{"href":"https:\/\/researchchemicalhub.com\/sv\/wp-json\/wp\/v2\/product"}],"about":[{"href":"https:\/\/researchchemicalhub.com\/sv\/wp-json\/wp\/v2\/types\/product"}],"replies":[{"embeddable":true,"href":"https:\/\/researchchemicalhub.com\/sv\/wp-json\/wp\/v2\/comments?post=23471"}],"version-history":[{"count":4,"href":"https:\/\/researchchemicalhub.com\/sv\/wp-json\/wp\/v2\/product\/23471\/revisions"}],"predecessor-version":[{"id":28036,"href":"https:\/\/researchchemicalhub.com\/sv\/wp-json\/wp\/v2\/product\/23471\/revisions\/28036"}],"wp:featuredmedia":[{"embeddable":true,"href":"https:\/\/researchchemicalhub.com\/sv\/wp-json\/wp\/v2\/media\/20353"}],"wp:attachment":[{"href":"https:\/\/researchchemicalhub.com\/sv\/wp-json\/wp\/v2\/media?parent=23471"}],"wp:term":[{"taxonomy":"product_brand","embeddable":true,"href":"https:\/\/researchchemicalhub.com\/sv\/wp-json\/wp\/v2\/product_brand?post=23471"},{"taxonomy":"product_cat","embeddable":true,"href":"https:\/\/researchchemicalhub.com\/sv\/wp-json\/wp\/v2\/product_cat?post=23471"},{"taxonomy":"product_tag","embeddable":true,"href":"https:\/\/researchchemicalhub.com\/sv\/wp-json\/wp\/v2\/product_tag?post=23471"}],"curies":[{"name":"wp","href":"https:\/\/api.w.org\/{rel}","templated":true}]}}