{"id":23254,"date":"2025-04-13T17:39:27","date_gmt":"2025-04-13T17:39:27","guid":{"rendered":"https:\/\/researchchemicalhub.com\/?post_type=product&#038;p=23254"},"modified":"2025-10-30T11:52:11","modified_gmt":"2025-10-30T11:52:11","slug":"mxpr","status":"publish","type":"product","link":"https:\/\/researchchemicalhub.com\/sv\/shop\/arylcyclohexylamine\/mxpr\/","title":{"rendered":"MXPr"},"content":{"rendered":"<h1><span dir=\"auto\" style=\"vertical-align: inherit;\"><span dir=\"auto\" style=\"vertical-align: inherit;\"><span dir=\"auto\" style=\"vertical-align: inherit;\"><span dir=\"auto\" style=\"vertical-align: inherit;\">MXPr \u2013 H\u00f6gpresterande forskningskemikalie f\u00f6r vetenskapliga till\u00e4mpningar<\/span><\/span><\/span><\/span><\/h1>\n<p data-start=\"6660\" data-end=\"7047\"><span dir=\"auto\" style=\"vertical-align: inherit;\"><span dir=\"auto\" style=\"vertical-align: inherit;\">MXPr, officiellt <\/span><\/span><strong data-start=\"6673\" data-end=\"6692\"><span dir=\"auto\" style=\"vertical-align: inherit;\"><span dir=\"auto\" style=\"vertical-align: inherit;\">Metoxpropamin<\/span><\/span><\/strong><span dir=\"auto\" style=\"vertical-align: inherit;\"><span dir=\"auto\" style=\"vertical-align: inherit;\"> , \u00e4r en <\/span><\/span><strong data-start=\"6701\" data-end=\"6729\"><span dir=\"auto\" style=\"vertical-align: inherit;\"><span dir=\"auto\" style=\"vertical-align: inherit;\">dissociativ f\u00f6rening<\/span><\/span><\/strong><span dir=\"auto\" style=\"vertical-align: inherit;\"><span dir=\"auto\" style=\"vertical-align: inherit;\"> av <\/span><\/span><strong data-start=\"6737\" data-end=\"6765\"><span dir=\"auto\" style=\"vertical-align: inherit;\"><span dir=\"auto\" style=\"vertical-align: inherit;\">arylcyklohexylamingrupp<\/span><\/span><\/strong><span dir=\"auto\" style=\"vertical-align: inherit;\"><span dir=\"auto\" style=\"vertical-align: inherit;\"> , strukturellt besl\u00e4ktade med \u00e4mnen som <\/span><\/span><strong data-start=\"6805\" data-end=\"6817\"><span dir=\"auto\" style=\"vertical-align: inherit;\"><span dir=\"auto\" style=\"vertical-align: inherit;\">Ketamin<\/span><\/span><\/strong><span dir=\"auto\" style=\"vertical-align: inherit;\"><span dir=\"auto\" style=\"vertical-align: inherit;\"> och <\/span><\/span><strong data-start=\"6821\" data-end=\"6844\"><span dir=\"auto\" style=\"vertical-align: inherit;\"><span dir=\"auto\" style=\"vertical-align: inherit;\">Metoxetamin (MXE)<\/span><\/span><\/strong><span dir=\"auto\" style=\"vertical-align: inherit;\"><span dir=\"auto\" style=\"vertical-align: inherit;\"> \u00c4ven om det inte har n\u00e5gon godk\u00e4nd medicinsk anv\u00e4ndning, <\/span><\/span><em data-start=\"6908\" data-end=\"6914\"><span dir=\"auto\" style=\"vertical-align: inherit;\"><span dir=\"auto\" style=\"vertical-align: inherit;\">MXPr<\/span><\/span><\/em><span dir=\"auto\" style=\"vertical-align: inherit;\"><span dir=\"auto\" style=\"vertical-align: inherit;\"> studeras i <\/span><\/span><strong data-start=\"6922\" data-end=\"6978\"><span dir=\"auto\" style=\"vertical-align: inherit;\"><span dir=\"auto\" style=\"vertical-align: inherit;\">neurofarmakologi och analytisk kemiforskning<\/span><\/span><\/strong><span dir=\"auto\" style=\"vertical-align: inherit;\"><span dir=\"auto\" style=\"vertical-align: inherit;\"> f\u00f6r dess receptoraktivitet och molekyl\u00e4ra struktur.<\/span><\/span><\/p>\n<p data-start=\"7049\" data-end=\"7276\"><span dir=\"auto\" style=\"vertical-align: inherit;\"><span dir=\"auto\" style=\"vertical-align: inherit;\">Denna anslutning \u00e4r endast avsedd f\u00f6r <\/span><\/span><strong data-start=\"7093\" data-end=\"7134\"><span dir=\"auto\" style=\"vertical-align: inherit;\"><span dir=\"auto\" style=\"vertical-align: inherit;\">laboratorie- och forensisk forskning<\/span><\/span><\/strong><span dir=\"auto\" style=\"vertical-align: inherit;\"><span dir=\"auto\" style=\"vertical-align: inherit;\"> och <\/span><\/span><strong data-start=\"7138\" data-end=\"7183\"><span dir=\"auto\" style=\"vertical-align: inherit;\"><span dir=\"auto\" style=\"vertical-align: inherit;\">\u00e4r inte avsedd f\u00f6r m\u00e4nsklig eller veterin\u00e4r anv\u00e4ndning<\/span><\/span><\/strong><span dir=\"auto\" style=\"vertical-align: inherit;\"><span dir=\"auto\" style=\"vertical-align: inherit;\"> Den h\u00e4r artikeln ger en <\/span><\/span><strong data-start=\"7207\" data-end=\"7244\"><span dir=\"auto\" style=\"vertical-align: inherit;\"><span dir=\"auto\" style=\"vertical-align: inherit;\">neutralt och pedagogiskt perspektiv<\/span><\/span><\/strong><span dir=\"auto\" style=\"vertical-align: inherit;\"><span dir=\"auto\" style=\"vertical-align: inherit;\"> f\u00f6r forskare och studenter.<\/span><\/span><\/p>\n<hr data-start=\"7278\" data-end=\"7281\" \/>\n<h2 data-start=\"7283\" data-end=\"7330\"><strong data-start=\"7286\" data-end=\"7330\"><span dir=\"auto\" style=\"vertical-align: inherit;\"><span dir=\"auto\" style=\"vertical-align: inherit;\">Kemisk och farmakologisk bakgrund<\/span><\/span><\/strong><\/h2>\n<p data-start=\"7332\" data-end=\"7556\"><span dir=\"auto\" style=\"vertical-align: inherit;\"><span dir=\"auto\" style=\"vertical-align: inherit;\">MXPr tillh\u00f6r <\/span><\/span><strong data-start=\"7352\" data-end=\"7376\"><span dir=\"auto\" style=\"vertical-align: inherit;\"><span dir=\"auto\" style=\"vertical-align: inherit;\">arylcyklohexylaminer<\/span><\/span><\/strong><span dir=\"auto\" style=\"vertical-align: inherit;\"><span dir=\"auto\" style=\"vertical-align: inherit;\"> , en grupp \u00e4mnen som fr\u00e4mst fungerar som <\/span><\/span><strong data-start=\"7418\" data-end=\"7447\"><span dir=\"auto\" style=\"vertical-align: inherit;\"><span dir=\"auto\" style=\"vertical-align: inherit;\">NMDA-receptorantagonister<\/span><\/span><\/strong><span dir=\"auto\" style=\"vertical-align: inherit;\"><span dir=\"auto\" style=\"vertical-align: inherit;\"> De hj\u00e4lper forskare <\/span><span dir=\"auto\" style=\"vertical-align: inherit;\">b\u00e4ttre f\u00f6rst\u00e5 <\/span><\/span><strong data-start=\"7477\" data-end=\"7506\"><span dir=\"auto\" style=\"vertical-align: inherit;\"><span dir=\"auto\" style=\"vertical-align: inherit;\">glutamatneurotransmission<\/span><\/span><\/strong><span dir=\"auto\" style=\"vertical-align: inherit;\"><span dir=\"auto\" style=\"vertical-align: inherit;\"> och <\/span><\/span><strong data-start=\"7510\" data-end=\"7536\"><span dir=\"auto\" style=\"vertical-align: inherit;\"><span dir=\"auto\" style=\"vertical-align: inherit;\">dess dissociativa effekter.<\/span><\/span><\/strong><\/p>\n<p data-start=\"7558\" data-end=\"7607\"><strong data-start=\"7558\" data-end=\"7607\"><span dir=\"auto\" style=\"vertical-align: inherit;\"><span dir=\"auto\" style=\"vertical-align: inherit;\">Viktiga kemiska egenskaper hos MXPr:<\/span><\/span><\/strong><\/p>\n<ul data-start=\"7608\" data-end=\"7872\">\n<li data-start=\"7608\" data-end=\"7674\">\n<p data-start=\"7610\" data-end=\"7674\"><strong data-start=\"7610\" data-end=\"7625\"><span dir=\"auto\" style=\"vertical-align: inherit;\"><span dir=\"auto\" style=\"vertical-align: inherit;\">IUPAC-namn:<\/span><\/span><\/strong><span dir=\"auto\" style=\"vertical-align: inherit;\"><span dir=\"auto\" style=\"vertical-align: inherit;\"> 2-(3-metoxifenyl)-2-(propylamino)cyklohexanon<\/span><\/span><\/p>\n<\/li>\n<li data-start=\"7675\" data-end=\"7709\">\n<p data-start=\"7677\" data-end=\"7709\"><strong data-start=\"7677\" data-end=\"7697\"><span dir=\"auto\" style=\"vertical-align: inherit;\"><span dir=\"auto\" style=\"vertical-align: inherit;\">Molekylformel:<\/span><\/span><\/strong><span dir=\"auto\" style=\"vertical-align: inherit;\"><span dir=\"auto\" style=\"vertical-align: inherit;\"> C16H25NO2<\/span><\/span><\/p>\n<\/li>\n<li data-start=\"7710\" data-end=\"7754\">\n<p data-start=\"7712\" data-end=\"7754\"><strong data-start=\"7712\" data-end=\"7730\"><span dir=\"auto\" style=\"vertical-align: inherit;\"><span dir=\"auto\" style=\"vertical-align: inherit;\">Molekylmassa:<\/span><\/span><\/strong><span dir=\"auto\" style=\"vertical-align: inherit;\"><span dir=\"auto\" style=\"vertical-align: inherit;\"> Cirka 263,38 g\/mol<\/span><\/span><\/p>\n<\/li>\n<li data-start=\"7755\" data-end=\"7799\">\n<p data-start=\"7757\" data-end=\"7799\"><strong data-start=\"7757\" data-end=\"7777\"><span dir=\"auto\" style=\"vertical-align: inherit;\"><span dir=\"auto\" style=\"vertical-align: inherit;\">Strukturklass:<\/span><\/span><\/strong><span dir=\"auto\" style=\"vertical-align: inherit;\"><span dir=\"auto\" style=\"vertical-align: inherit;\"> Arylcyklohexylamin<\/span><\/span><\/p>\n<\/li>\n<li data-start=\"7800\" data-end=\"7872\">\n<p data-start=\"7802\" data-end=\"7872\"><strong data-start=\"7802\" data-end=\"7825\"><span dir=\"auto\" style=\"vertical-align: inherit;\"><span dir=\"auto\" style=\"vertical-align: inherit;\">Receptorinteraktion:<\/span><\/span><\/strong><span dir=\"auto\" style=\"vertical-align: inherit;\"><span dir=\"auto\" style=\"vertical-align: inherit;\"> NMDA-antagonist (begr\u00e4nsad data tillg\u00e4nglig).<\/span><\/span><\/p>\n<\/li>\n<\/ul>\n<hr data-start=\"7874\" data-end=\"7877\" \/>\n<h2 data-start=\"7879\" data-end=\"7919\"><strong data-start=\"7882\" data-end=\"7919\"><span dir=\"auto\" style=\"vertical-align: inherit;\"><span dir=\"auto\" style=\"vertical-align: inherit;\">Viktiga studiefunktioner<\/span><\/span><\/strong><\/h2>\n<ul data-start=\"7921\" data-end=\"8203\">\n<li data-start=\"7921\" data-end=\"7987\">\n<p data-start=\"7923\" data-end=\"7987\"><strong data-start=\"7923\" data-end=\"7957\"><span dir=\"auto\" style=\"vertical-align: inherit;\"><span dir=\"auto\" style=\"vertical-align: inherit;\">Analytiskt referensmaterial<\/span><\/span><\/strong><span dir=\"auto\" style=\"vertical-align: inherit;\"><span dir=\"auto\" style=\"vertical-align: inherit;\"> f\u00f6r laboratorievalidering.<\/span><\/span><\/p>\n<\/li>\n<li data-start=\"7988\" data-end=\"8063\">\n<p data-start=\"7990\" data-end=\"8063\"><strong data-start=\"7990\" data-end=\"8024\"><span dir=\"auto\" style=\"vertical-align: inherit;\"><span dir=\"auto\" style=\"vertical-align: inherit;\">Struktur-aktivitetsstudier<\/span><\/span><\/strong><span dir=\"auto\" style=\"vertical-align: inherit;\"><span dir=\"auto\" style=\"vertical-align: inherit;\"> inom arylcyklohexylaminklassen.<\/span><\/span><\/p>\n<\/li>\n<li data-start=\"8064\" data-end=\"8135\">\n<p data-start=\"8066\" data-end=\"8135\"><strong data-start=\"8066\" data-end=\"8085\"><span dir=\"auto\" style=\"vertical-align: inherit;\"><span dir=\"auto\" style=\"vertical-align: inherit;\">Receptorstudier<\/span><\/span><\/strong><span dir=\"auto\" style=\"vertical-align: inherit;\"><span dir=\"auto\" style=\"vertical-align: inherit;\"> fokuserad p\u00e5 NMDA-blockad och neuronala effekter.<\/span><\/span><\/p>\n<\/li>\n<li data-start=\"8136\" data-end=\"8203\">\n<p data-start=\"8138\" data-end=\"8203\"><strong data-start=\"8138\" data-end=\"8167\"><span dir=\"auto\" style=\"vertical-align: inherit;\"><span dir=\"auto\" style=\"vertical-align: inherit;\">R\u00e4ttsmedicinsk identifiering<\/span><\/span><\/strong><span dir=\"auto\" style=\"vertical-align: inherit;\"><span dir=\"auto\" style=\"vertical-align: inherit;\"> av nya psykoaktiva substanser.<\/span><\/span><\/p>\n<\/li>\n<\/ul>\n<hr data-start=\"8205\" data-end=\"8208\" \/>\n<h2 data-start=\"8210\" data-end=\"8265\"><strong data-start=\"8213\" data-end=\"8265\"><span dir=\"auto\" style=\"vertical-align: inherit;\"><span dir=\"auto\" style=\"vertical-align: inherit;\">Forsknings\u00e4ndam\u00e5l och vetenskapligt v\u00e4rde<\/span><\/span><\/strong><\/h2>\n<p data-start=\"8267\" data-end=\"8314\"><span dir=\"auto\" style=\"vertical-align: inherit;\"><span dir=\"auto\" style=\"vertical-align: inherit;\">MXPr anv\u00e4nds i forskningsmilj\u00f6er f\u00f6r att:<\/span><\/span><\/p>\n<ul data-start=\"8315\" data-end=\"8529\">\n<li data-start=\"8315\" data-end=\"8367\">\n<p data-start=\"8317\" data-end=\"8367\"><strong data-start=\"8317\" data-end=\"8349\"><span dir=\"auto\" style=\"vertical-align: inherit;\"><span dir=\"auto\" style=\"vertical-align: inherit;\">Att utveckla forensiska detektionsmetoder<\/span><\/span><\/strong><span dir=\"auto\" style=\"vertical-align: inherit;\"><span dir=\"auto\" style=\"vertical-align: inherit;\"> .<\/span><\/span><\/p>\n<\/li>\n<li data-start=\"8368\" data-end=\"8417\">\n<p data-start=\"8370\" data-end=\"8417\"><span dir=\"auto\" style=\"vertical-align: inherit;\"><span dir=\"auto\" style=\"vertical-align: inherit;\">Att f\u00f6rb\u00e4ttra <\/span><strong data-start=\"8370\" data-end=\"8400\"><span dir=\"auto\" style=\"vertical-align: inherit;\">kromatografiska analyser.<\/span><\/strong><\/span><\/p>\n<\/li>\n<li data-start=\"8418\" data-end=\"8478\">\n<p data-start=\"8420\" data-end=\"8478\"><strong data-start=\"8420\" data-end=\"8448\"><span dir=\"auto\" style=\"vertical-align: inherit;\"><span dir=\"auto\" style=\"vertical-align: inherit;\">Att testa farmakologiska modeller<\/span><\/span><\/strong><span dir=\"auto\" style=\"vertical-align: inherit;\"><span dir=\"auto\" style=\"vertical-align: inherit;\"> av NMDA-h\u00e4mning.<\/span><\/span><\/p>\n<\/li>\n<li data-start=\"8479\" data-end=\"8529\">\n<p data-start=\"8481\" data-end=\"8529\"><span dir=\"auto\" style=\"vertical-align: inherit;\"><span dir=\"auto\" style=\"vertical-align: inherit;\">Att st\u00f6dja <\/span><strong data-start=\"8481\" data-end=\"8510\"><span dir=\"auto\" style=\"vertical-align: inherit;\">folkh\u00e4lsoforskning.<\/span><\/strong><\/span><\/p>\n<\/li>\n<\/ul>\n<hr data-start=\"8531\" data-end=\"8534\" \/>\n<h2 data-start=\"8536\" data-end=\"8580\"><strong data-start=\"8539\" data-end=\"8580\"><span dir=\"auto\" style=\"vertical-align: inherit;\"><span dir=\"auto\" style=\"vertical-align: inherit;\">S\u00e4kerhets- och juridiska \u00f6verv\u00e4ganden<\/span><\/span><\/strong><\/h2>\n<p data-start=\"8582\" data-end=\"8699\"><span dir=\"auto\" style=\"vertical-align: inherit;\"><span dir=\"auto\" style=\"vertical-align: inherit;\">MXPr b\u00f6r endast hanteras av <\/span><\/span><strong data-start=\"8621\" data-end=\"8647\"><span dir=\"auto\" style=\"vertical-align: inherit;\"><span dir=\"auto\" style=\"vertical-align: inherit;\">utbildade forskare<\/span><\/span><\/strong><span dir=\"auto\" style=\"vertical-align: inherit;\"><span dir=\"auto\" style=\"vertical-align: inherit;\"> inom en <\/span><\/span><strong data-start=\"8659\" data-end=\"8698\"><span dir=\"auto\" style=\"vertical-align: inherit;\"><span dir=\"auto\" style=\"vertical-align: inherit;\">kontrollerad laboratoriemilj\u00f6<\/span><\/span><\/strong><span dir=\"auto\" style=\"vertical-align: inherit;\"><span dir=\"auto\" style=\"vertical-align: inherit;\"> .<\/span><\/span><\/p>\n<p data-start=\"8701\" data-end=\"8728\"><strong data-start=\"8701\" data-end=\"8728\"><span dir=\"auto\" style=\"vertical-align: inherit;\"><span dir=\"auto\" style=\"vertical-align: inherit;\">S\u00e4kerhetsriktlinjer:<\/span><\/span><\/strong><\/p>\n<ul data-start=\"8729\" data-end=\"8947\">\n<li data-start=\"8729\" data-end=\"8780\">\n<p data-start=\"8731\" data-end=\"8780\"><span dir=\"auto\" style=\"vertical-align: inherit;\"><span dir=\"auto\" style=\"vertical-align: inherit;\">B\u00e4ra <\/span><\/span><strong data-start=\"8737\" data-end=\"8777\"><span dir=\"auto\" style=\"vertical-align: inherit;\"><span dir=\"auto\" style=\"vertical-align: inherit;\">skyddskl\u00e4der och handskar<\/span><\/span><\/strong><span dir=\"auto\" style=\"vertical-align: inherit;\"><span dir=\"auto\" style=\"vertical-align: inherit;\"> .<\/span><\/span><\/p>\n<\/li>\n<li data-start=\"8781\" data-end=\"8822\">\n<p data-start=\"8783\" data-end=\"8822\"><span dir=\"auto\" style=\"vertical-align: inherit;\"><span dir=\"auto\" style=\"vertical-align: inherit;\">Undvika <\/span><\/span><strong data-start=\"8791\" data-end=\"8819\"><span dir=\"auto\" style=\"vertical-align: inherit;\"><span dir=\"auto\" style=\"vertical-align: inherit;\">inandning eller hudkontakt<\/span><\/span><\/strong><span dir=\"auto\" style=\"vertical-align: inherit;\"><span dir=\"auto\" style=\"vertical-align: inherit;\"> .<\/span><\/span><\/p>\n<\/li>\n<li data-start=\"8823\" data-end=\"8886\">\n<p data-start=\"8825\" data-end=\"8886\"><span dir=\"auto\" style=\"vertical-align: inherit;\"><span dir=\"auto\" style=\"vertical-align: inherit;\">F\u00f6rvara produkten i <\/span><\/span><strong data-start=\"8847\" data-end=\"8883\"><span dir=\"auto\" style=\"vertical-align: inherit;\"><span dir=\"auto\" style=\"vertical-align: inherit;\">f\u00f6rseglade, m\u00e4rkta beh\u00e5llare<\/span><\/span><\/strong><span dir=\"auto\" style=\"vertical-align: inherit;\"><span dir=\"auto\" style=\"vertical-align: inherit;\"> .<\/span><\/span><\/p>\n<\/li>\n<li data-start=\"8887\" data-end=\"8947\">\n<p data-start=\"8889\" data-end=\"8947\"><span dir=\"auto\" style=\"vertical-align: inherit;\"><span dir=\"auto\" style=\"vertical-align: inherit;\">F\u00f6lj alla <\/span><\/span><strong data-start=\"8899\" data-end=\"8944\"><span dir=\"auto\" style=\"vertical-align: inherit;\"><span dir=\"auto\" style=\"vertical-align: inherit;\">lokala avfalls- och s\u00e4kerhetsf\u00f6reskrifter<\/span><\/span><\/strong><span dir=\"auto\" style=\"vertical-align: inherit;\"><span dir=\"auto\" style=\"vertical-align: inherit;\"> .<\/span><\/span><\/p>\n<\/li>\n<\/ul>\n<h3 data-start=\"8949\" data-end=\"8974\"><strong data-start=\"8953\" data-end=\"8974\"><span dir=\"auto\" style=\"vertical-align: inherit;\"><span dir=\"auto\" style=\"vertical-align: inherit;\">R\u00e4ttslig st\u00e4llning<\/span><\/span><\/strong><\/h3>\n<p data-start=\"8975\" data-end=\"9082\"><span dir=\"auto\" style=\"vertical-align: inherit;\"><span dir=\"auto\" style=\"vertical-align: inherit;\">I m\u00e5nga l\u00e4nder \u00e4r MXPr en <\/span><\/span><strong data-start=\"9002\" data-end=\"9035\"><span dir=\"auto\" style=\"vertical-align: inherit;\"><span dir=\"auto\" style=\"vertical-align: inherit;\">kontrollerat eller f\u00f6rbjudet \u00e4mne<\/span><\/span><\/strong><span dir=\"auto\" style=\"vertical-align: inherit;\"><span dir=\"auto\" style=\"vertical-align: inherit;\"> Olicensierad anv\u00e4ndning \u00e4r f\u00f6rbjuden.<\/span><\/span><\/p>\n<hr data-start=\"9084\" data-end=\"9087\" \/>\n<h2 data-start=\"9089\" data-end=\"9123\"><strong data-start=\"9092\" data-end=\"9123\"><span dir=\"auto\" style=\"vertical-align: inherit;\"><span dir=\"auto\" style=\"vertical-align: inherit;\">Vanliga fr\u00e5gor (FAQ)<\/span><\/span><\/strong><\/h2>\n<h3 data-start=\"9125\" data-end=\"9167\"><strong data-start=\"9129\" data-end=\"9167\"><span dir=\"auto\" style=\"vertical-align: inherit;\"><span dir=\"auto\" style=\"vertical-align: inherit;\">1. Vad unders\u00f6ks MXPr f\u00f6r?<\/span><\/span><\/strong><\/h3>\n<p data-start=\"9168\" data-end=\"9255\"><span dir=\"auto\" style=\"vertical-align: inherit;\"><span dir=\"auto\" style=\"vertical-align: inherit;\">MXPr anv\u00e4nds som <\/span><\/span><strong data-start=\"9192\" data-end=\"9216\"><span dir=\"auto\" style=\"vertical-align: inherit;\"><span dir=\"auto\" style=\"vertical-align: inherit;\">en referensf\u00f6rening<\/span><\/span><\/strong><span dir=\"auto\" style=\"vertical-align: inherit;\"><span dir=\"auto\" style=\"vertical-align: inherit;\"> inom analytisk och forensisk forskning.<\/span><\/span><\/p>\n<h3 data-start=\"9257\" data-end=\"9283\"><strong data-start=\"9261\" data-end=\"9283\"><span dir=\"auto\" style=\"vertical-align: inherit;\"><span dir=\"auto\" style=\"vertical-align: inherit;\">2. \u00c4r MXPr lagligt?<\/span><\/span><\/strong><\/h3>\n<p data-start=\"9284\" data-end=\"9393\"><span dir=\"auto\" style=\"vertical-align: inherit;\"><span dir=\"auto\" style=\"vertical-align: inherit;\">I de flesta l\u00e4nder faller MXPr under antingen <\/span><\/span><strong data-start=\"9323\" data-end=\"9364\"><span dir=\"auto\" style=\"vertical-align: inherit;\"><span dir=\"auto\" style=\"vertical-align: inherit;\">Lagen om kontrollerade \u00e4mnen<\/span><\/span><\/strong><span dir=\"auto\" style=\"vertical-align: inherit;\"><span dir=\"auto\" style=\"vertical-align: inherit;\"> eller den <\/span><\/span><strong data-start=\"9371\" data-end=\"9392\"><span dir=\"auto\" style=\"vertical-align: inherit;\"><span dir=\"auto\" style=\"vertical-align: inherit;\">Analoger Lagen<\/span><\/span><\/strong><span dir=\"auto\" style=\"vertical-align: inherit;\"><span dir=\"auto\" style=\"vertical-align: inherit;\"> .<\/span><\/span><\/p>\n<h3 data-start=\"9395\" data-end=\"9443\"><strong data-start=\"9399\" data-end=\"9443\"><span dir=\"auto\" style=\"vertical-align: inherit;\"><span dir=\"auto\" style=\"vertical-align: inherit;\">3. Hur kan MXPr hanteras p\u00e5 ett s\u00e4kert s\u00e4tt?<\/span><\/span><\/strong><\/h3>\n<p data-start=\"9444\" data-end=\"9548\"><span dir=\"auto\" style=\"vertical-align: inherit;\"><span dir=\"auto\" style=\"vertical-align: inherit;\">Endast <\/span><\/span><strong data-start=\"9451\" data-end=\"9491\"><span dir=\"auto\" style=\"vertical-align: inherit;\"><span dir=\"auto\" style=\"vertical-align: inherit;\">kvalificerad laboratoriepersonal<\/span><\/span><\/strong><span dir=\"auto\" style=\"vertical-align: inherit;\"><span dir=\"auto\" style=\"vertical-align: inherit;\"> b\u00f6r hantera MXPr med l\u00e4mpliga skydds\u00e5tg\u00e4rder.<\/span><\/span><\/p>","protected":false},"excerpt":{"rendered":"<h3><span style=\"vertical-align: inherit;\"><span style=\"vertical-align: inherit;\"><span dir=\"auto\" style=\"vertical-align: inherit;\"><span dir=\"auto\" style=\"vertical-align: inherit;\"><span dir=\"auto\" style=\"vertical-align: inherit;\"><span dir=\"auto\" style=\"vertical-align: inherit;\">MXPr-egenskaper<\/span><\/span><\/span><\/span><\/span><\/span><\/h3>\n<p><strong><span style=\"vertical-align: inherit;\"><span style=\"vertical-align: inherit;\"><span dir=\"auto\" style=\"vertical-align: inherit;\"><span dir=\"auto\" style=\"vertical-align: inherit;\"><span dir=\"auto\" style=\"vertical-align: inherit;\"><span dir=\"auto\" style=\"vertical-align: inherit;\">Synonym:<\/span><\/span><\/span><\/span><\/span><\/span><\/strong><span style=\"vertical-align: inherit;\"><span style=\"vertical-align: inherit;\"><span dir=\"auto\" style=\"vertical-align: inherit;\"><span dir=\"auto\" style=\"vertical-align: inherit;\"><span dir=\"auto\" style=\"vertical-align: inherit;\"><span dir=\"auto\" style=\"vertical-align: inherit;\"> 3-MeO-2\u2032-oxo-PCPr, metoxpropamin <\/span><\/span><\/span><\/span><\/span><\/span><br \/>\n<strong><span style=\"vertical-align: inherit;\"><span style=\"vertical-align: inherit;\"><span dir=\"auto\" style=\"vertical-align: inherit;\"><span dir=\"auto\" style=\"vertical-align: inherit;\"><span dir=\"auto\" style=\"vertical-align: inherit;\"><span dir=\"auto\" style=\"vertical-align: inherit;\">CAS-nummer:<\/span><\/span><\/span><\/span><\/span><\/span><\/strong><span style=\"vertical-align: inherit;\"><span style=\"vertical-align: inherit;\"><span dir=\"auto\" style=\"vertical-align: inherit;\"><span dir=\"auto\" style=\"vertical-align: inherit;\"><span dir=\"auto\" style=\"vertical-align: inherit;\"><span dir=\"auto\" style=\"vertical-align: inherit;\"> 2504100-71-2 <\/span><\/span><\/span><\/span><\/span><\/span><br \/>\n<strong><span style=\"vertical-align: inherit;\"><span style=\"vertical-align: inherit;\"><span dir=\"auto\" style=\"vertical-align: inherit;\"><span dir=\"auto\" style=\"vertical-align: inherit;\"><span dir=\"auto\" style=\"vertical-align: inherit;\"><span dir=\"auto\" style=\"vertical-align: inherit;\">Formel:<\/span><\/span><\/span><\/span><\/span><\/span><\/strong><span style=\"vertical-align: inherit;\"><span style=\"vertical-align: inherit;\"><span dir=\"auto\" style=\"vertical-align: inherit;\"><span dir=\"auto\" style=\"vertical-align: inherit;\"><span dir=\"auto\" style=\"vertical-align: inherit;\"><span dir=\"auto\" style=\"vertical-align: inherit;\"> 2-(propylamino)-2-(3-metoxifenyl)-cyklohexanon <\/span><\/span><\/span><\/span><\/span><\/span><br \/>\n<strong><span style=\"vertical-align: inherit;\"><span style=\"vertical-align: inherit;\"><span dir=\"auto\" style=\"vertical-align: inherit;\"><span dir=\"auto\" style=\"vertical-align: inherit;\"><span dir=\"auto\" style=\"vertical-align: inherit;\"><span dir=\"auto\" style=\"vertical-align: inherit;\">Molmassa:<\/span><\/span><\/span><\/span><\/span><\/span><\/strong><span style=\"vertical-align: inherit;\"><span style=\"vertical-align: inherit;\"><span dir=\"auto\" style=\"vertical-align: inherit;\"><span dir=\"auto\" style=\"vertical-align: inherit;\"><span dir=\"auto\" style=\"vertical-align: inherit;\"><span dir=\"auto\" style=\"vertical-align: inherit;\"> 297,88 g\/mol <\/span><\/span><\/span><\/span><\/span><\/span><br \/>\n<strong><span style=\"vertical-align: inherit;\"><span style=\"vertical-align: inherit;\"><span dir=\"auto\" style=\"vertical-align: inherit;\"><span dir=\"auto\" style=\"vertical-align: inherit;\"><span dir=\"auto\" style=\"vertical-align: inherit;\"><span dir=\"auto\" style=\"vertical-align: inherit;\">Renhet:<\/span><\/span><\/span><\/span><\/span><\/span><\/strong><span style=\"vertical-align: inherit;\"><span style=\"vertical-align: inherit;\"><span dir=\"auto\" style=\"vertical-align: inherit;\"><span dir=\"auto\" style=\"vertical-align: inherit;\"><span dir=\"auto\" style=\"vertical-align: inherit;\"><span dir=\"auto\" style=\"vertical-align: inherit;\"> &gt;97%<\/span><\/span><\/span><\/span><\/span><\/span><\/p>","protected":false},"featured_media":28566,"comment_status":"closed","ping_status":"closed","template":"","meta":[],"product_brand":[82],"product_cat":[71,514],"product_tag":[279,588,1183,326],"class_list":{"0":"post-23254","1":"product","2":"type-product","3":"status-publish","4":"has-post-thumbnail","6":"product_brand-research-chemical","7":"product_cat-arylcyclohexylamine","8":"product_cat-mxpr","9":"product_tag-mxp","10":"product_tag-mxpr","11":"product_tag-mxpr-kopen","12":"product_tag-nl","14":"first","15":"instock","16":"taxable","17":"shipping-taxable","18":"purchasable","19":"product-type-variable"},"_links":{"self":[{"href":"https:\/\/researchchemicalhub.com\/sv\/wp-json\/wp\/v2\/product\/23254","targetHints":{"allow":["GET"]}}],"collection":[{"href":"https:\/\/researchchemicalhub.com\/sv\/wp-json\/wp\/v2\/product"}],"about":[{"href":"https:\/\/researchchemicalhub.com\/sv\/wp-json\/wp\/v2\/types\/product"}],"replies":[{"embeddable":true,"href":"https:\/\/researchchemicalhub.com\/sv\/wp-json\/wp\/v2\/comments?post=23254"}],"version-history":[{"count":6,"href":"https:\/\/researchchemicalhub.com\/sv\/wp-json\/wp\/v2\/product\/23254\/revisions"}],"predecessor-version":[{"id":28753,"href":"https:\/\/researchchemicalhub.com\/sv\/wp-json\/wp\/v2\/product\/23254\/revisions\/28753"}],"wp:featuredmedia":[{"embeddable":true,"href":"https:\/\/researchchemicalhub.com\/sv\/wp-json\/wp\/v2\/media\/28566"}],"wp:attachment":[{"href":"https:\/\/researchchemicalhub.com\/sv\/wp-json\/wp\/v2\/media?parent=23254"}],"wp:term":[{"taxonomy":"product_brand","embeddable":true,"href":"https:\/\/researchchemicalhub.com\/sv\/wp-json\/wp\/v2\/product_brand?post=23254"},{"taxonomy":"product_cat","embeddable":true,"href":"https:\/\/researchchemicalhub.com\/sv\/wp-json\/wp\/v2\/product_cat?post=23254"},{"taxonomy":"product_tag","embeddable":true,"href":"https:\/\/researchchemicalhub.com\/sv\/wp-json\/wp\/v2\/product_tag?post=23254"}],"curies":[{"name":"wp","href":"https:\/\/api.w.org\/{rel}","templated":true}]}}