{"id":23119,"date":"2025-04-13T17:39:11","date_gmt":"2025-04-13T17:39:11","guid":{"rendered":"https:\/\/researchchemicalhub.com\/?post_type=product&#038;p=23119"},"modified":"2025-10-30T12:36:06","modified_gmt":"2025-10-30T12:36:06","slug":"4-cmc-4-chloromethcathinone","status":"publish","type":"product","link":"https:\/\/researchchemicalhub.com\/sv\/shop\/verboden\/4-cmc-4-chloromethcathinone\/","title":{"rendered":"4-CMC (4-klorometkatinon)"},"content":{"rendered":"<h1>4 CMC (4-klorometkatinon) \u2013 Forskningskemikalie Katinonf\u00f6rening<\/h1>\n<p data-start=\"7438\" data-end=\"7731\"><strong data-start=\"7438\" data-end=\"7447\">4-CMC<\/strong>, eller <strong data-start=\"7452\" data-end=\"7476\">4-klorometkatinon<\/strong>, \u00e4r en <strong data-start=\"7485\" data-end=\"7519\">syntetiskt stimulerande medel<\/strong> fr\u00e5n <strong data-start=\"7527\" data-end=\"7545\">katinonklass<\/strong>, relaterat till <strong data-start=\"7559\" data-end=\"7573\">mefedron<\/strong> och <strong data-start=\"7577\" data-end=\"7586\">3-CMC<\/strong>. 4 cm\u00b3<br data-start=\"7587\" data-end=\"7590\" \/>Den inneh\u00e5ller en <strong data-start=\"7604\" data-end=\"7641\">klorsubstitution vid 4-positionen<\/strong> av fenylringen och unders\u00f6ks inom <strong data-start=\"7686\" data-end=\"7728\">forensiska och analytiska laboratorier<\/strong>. 4 cm\u00b3<\/p>\n<p data-start=\"7733\" data-end=\"7844\">4-CMC har <strong data-start=\"7745\" data-end=\"7773\">ingen medicinsk till\u00e4mpning<\/strong> och granskas endast f\u00f6r <strong data-start=\"7811\" data-end=\"7843\">vetenskapliga syften<\/strong>.<\/p>\n<hr data-start=\"7846\" data-end=\"7849\" \/>\n<h2 data-start=\"7851\" data-end=\"7898\"><strong data-start=\"7854\" data-end=\"7898\">Kemisk och farmakologisk bakgrund<\/strong><\/h2>\n<p data-start=\"7900\" data-end=\"7925\"><strong data-start=\"7900\" data-end=\"7925\">Viktig information:<\/strong><\/p>\n<ul data-start=\"7926\" data-end=\"8206\">\n<li data-start=\"7926\" data-end=\"7990\">\n<p data-start=\"7928\" data-end=\"7990\"><strong data-start=\"7928\" data-end=\"7943\">IUPAC-namn:<\/strong> 1-(4-klorfenyl)-2-(metylamino)propan-1-on<\/p>\n<\/li>\n<li data-start=\"7991\" data-end=\"8026\">\n<p data-start=\"7993\" data-end=\"8026\"><strong data-start=\"7993\" data-end=\"8013\">Molekylformel:<\/strong> C10H12ClNO<\/p>\n<\/li>\n<li data-start=\"8027\" data-end=\"8063\">\n<p data-start=\"8029\" data-end=\"8063\"><strong data-start=\"8029\" data-end=\"8047\">Molekylmassa:<\/strong> \u00b1197,66 g\/mol<\/p>\n<\/li>\n<li data-start=\"8064\" data-end=\"8116\">\n<p data-start=\"8066\" data-end=\"8116\"><strong data-start=\"8066\" data-end=\"8087\">Kemisk klass:<\/strong> Gesubstitueerde cathinonen, 4 cmc<\/p>\n<\/li>\n<li data-start=\"8117\" data-end=\"8206\">\n<p data-start=\"8119\" data-end=\"8206\"><strong data-start=\"8119\" data-end=\"8139\">Receptorfunktion:<\/strong> P\u00e5verkar transport\u00f6rerna av dopamin, serotonin och noradrenalin.<\/p>\n<\/li>\n<\/ul>\n<p data-start=\"8208\" data-end=\"8352\">De <strong data-start=\"8211\" data-end=\"8232\">klorsubstitution<\/strong> p\u00e5verkar bindningsstyrka och metabolisk stabilitet, vilket g\u00f6r det intressant f\u00f6r <strong data-start=\"8319\" data-end=\"8351\">struktur-aktivitetsforskning<\/strong>.<\/p>\n<hr data-start=\"8354\" data-end=\"8357\" \/>\n<h2 data-start=\"8359\" data-end=\"8386\"><strong data-start=\"8362\" data-end=\"8386\">Forsknings\u00e4ndam\u00e5l<\/strong><\/h2>\n<p data-start=\"8388\" data-end=\"8416\">4-CMC unders\u00f6ks f\u00f6r:<\/p>\n<ul data-start=\"8417\" data-end=\"8729\">\n<li data-start=\"8417\" data-end=\"8489\">\n<p data-start=\"8419\" data-end=\"8489\"><strong data-start=\"8419\" data-end=\"8442\">Analytisk kemi:<\/strong> identifiering via GC-MS, LC-MS, FTIR och NMR.<\/p>\n<\/li>\n<li data-start=\"8490\" data-end=\"8577\">\n<p data-start=\"8492\" data-end=\"8577\"><strong data-start=\"8492\" data-end=\"8520\">R\u00e4ttsmedicinsk toxikologi:<\/strong> detektion i biologiska och beslagtagna prover.<\/p>\n<\/li>\n<li data-start=\"8578\" data-end=\"8654\">\n<p data-start=\"8580\" data-end=\"8654\"><strong data-start=\"8580\" data-end=\"8597\">Farmakologi:<\/strong> studiet av neurotransmittorers interaktioner och metabolism.<\/p>\n<\/li>\n<li data-start=\"8655\" data-end=\"8729\">\n<p data-start=\"8657\" data-end=\"8729\"><strong data-start=\"8657\" data-end=\"8677\">Folkh\u00e4lsa:<\/strong> st\u00f6d f\u00f6r varningssystem f\u00f6r nya psykiska sjukdomar (NPS).<\/p>\n<\/li>\n<\/ul>\n<hr data-start=\"8731\" data-end=\"8734\" \/>\n<h2 data-start=\"8736\" data-end=\"8780\"><strong data-start=\"8739\" data-end=\"8780\">S\u00e4kerhets- och juridiska \u00f6verv\u00e4ganden<\/strong><\/h2>\n<p data-start=\"8782\" data-end=\"8799\"><strong data-start=\"8782\" data-end=\"8797\">S\u00e4kerhet:<\/strong><\/p>\n<ul data-start=\"8800\" data-end=\"9009\">\n<li data-start=\"8800\" data-end=\"8887\">\n<p data-start=\"8802\" data-end=\"8887\">Hantera endast av <strong data-start=\"8823\" data-end=\"8855\">kvalificerade forskare<\/strong> av <strong data-start=\"8860\" data-end=\"8884\">skyddskl\u00e4der<\/strong>.<\/p>\n<\/li>\n<li data-start=\"8888\" data-end=\"8921\">\n<p data-start=\"8890\" data-end=\"8921\">Undvik kontakt och inandning.<\/p>\n<\/li>\n<li data-start=\"8922\" data-end=\"9009\">\n<p data-start=\"8924\" data-end=\"9009\">Arbeta under <strong data-start=\"8935\" data-end=\"8953\">extraktionssystem<\/strong> och f\u00f6lja <strong data-start=\"8968\" data-end=\"9006\">kemikalies\u00e4kerhetsf\u00f6reskrifter<\/strong>.<\/p>\n<\/li>\n<\/ul>\n<p data-start=\"9011\" data-end=\"9209\"><strong data-start=\"9011\" data-end=\"9033\">R\u00e4ttslig st\u00e4llning:<\/strong><br data-start=\"9033\" data-end=\"9036\" \/>4-CMC finns tillg\u00e4ngligt i de flesta l\u00e4nder <strong data-start=\"9065\" data-end=\"9092\">f\u00f6rbjudet eller reglerat<\/strong> under <strong data-start=\"9102\" data-end=\"9114\">Opiumlagen<\/strong> eller <strong data-start=\"9118\" data-end=\"9152\">lagstiftning om psykoaktiva \u00e4mnen<\/strong>.<br data-start=\"9153\" data-end=\"9156\" \/>Anv\u00e4ndning utanf\u00f6r forsknings\u00e4ndam\u00e5l \u00e4r <strong data-start=\"9195\" data-end=\"9208\">straffbar<\/strong>.<\/p>\n<hr data-start=\"9211\" data-end=\"9214\" \/>\n<h2 data-start=\"9216\" data-end=\"9250\"><strong data-start=\"9219\" data-end=\"9250\">Vanliga fr\u00e5gor (FAQ)<\/strong><\/h2>\n<h3 data-start=\"9252\" data-end=\"9295\"><strong data-start=\"9256\" data-end=\"9295\">1. Vad unders\u00f6ks 4-CMC f\u00f6r?<\/strong><\/h3>\n<p data-start=\"9296\" data-end=\"9382\">F\u00f6r <strong data-start=\"9301\" data-end=\"9355\">forensisk, analytisk och farmakologisk forskning<\/strong> till katinonf\u00f6reningar.<\/p>\n<h3 data-start=\"9384\" data-end=\"9411\"><strong data-start=\"9388\" data-end=\"9411\">2. \u00c4r 4-CMC lagligt?<\/strong><\/h3>\n<p data-start=\"9412\" data-end=\"9474\">Nej, 4-CMC \u00e4r tillg\u00e4ngligt i de flesta l\u00e4nder <strong data-start=\"9446\" data-end=\"9473\">reglerad eller f\u00f6rbjuden<\/strong>.<\/p>\n<h3 data-start=\"9476\" data-end=\"9527\"><strong data-start=\"9480\" data-end=\"9527\">3. Hur ska 4-CMC hanteras p\u00e5 ett s\u00e4kert s\u00e4tt?<\/strong><\/h3>\n<p data-start=\"9528\" data-end=\"9639\">Endast genom <strong data-start=\"9540\" data-end=\"9570\">professionella forskare<\/strong> i kontrollerade laboratorier med korrekt <strong data-start=\"9612\" data-end=\"9638\">s\u00e4kerhets\u00e5tg\u00e4rder<\/strong>.<\/p>\n<hr data-start=\"9641\" data-end=\"9644\" \/>\n<h2 data-start=\"9646\" data-end=\"9662\"><strong data-start=\"9649\" data-end=\"9662\">Slutsats<\/strong><\/h2>\n<p data-start=\"9664\" data-end=\"9904\"><em data-start=\"9664\" data-end=\"9694\">4-CMC (4-klorometkatinon)<\/em> \u00e4r ett viktigt forsknings\u00e4mne inom <strong data-start=\"9740\" data-end=\"9761\">neurofarmakologi<\/strong> och <strong data-start=\"9765\" data-end=\"9787\">r\u00e4ttskemi<\/strong>.<br data-start=\"9788\" data-end=\"9791\" \/>Det hj\u00e4lper forskare att f\u00f6rst\u00e5 hur <strong data-start=\"9833\" data-end=\"9854\">klorsubstitution<\/strong> p\u00e5verkar effekten av stimulantia.<\/p>","protected":false},"excerpt":{"rendered":"<h3><span style=\"vertical-align: inherit;\"><span style=\"vertical-align: inherit;\">Egenskaper hos 4-CMC<\/span><\/span><\/h3>\n<p><span style=\"vertical-align: inherit;\"><span style=\"vertical-align: inherit;\">Synonym: 4-klorometkatinon <\/span><\/span><br \/>\n<span style=\"vertical-align: inherit;\"><span style=\"vertical-align: inherit;\">CAS-nummer: 1225843-86-6 <\/span><\/span><br \/>\n<span style=\"vertical-align: inherit;\"><span style=\"vertical-align: inherit;\">Formel: C10H12ClNO \u2022 HCL <\/span><\/span><br \/>\n<span style=\"vertical-align: inherit;\"><span style=\"vertical-align: inherit;\">Molmassa: 234,1 g\/mol <\/span><\/span><br \/>\n<span style=\"vertical-align: inherit;\"><span style=\"vertical-align: inherit;\">Renhet: \u226598%<\/span><\/span><\/p>","protected":false},"featured_media":28431,"comment_status":"closed","ping_status":"closed","template":"","meta":[],"product_brand":[82],"product_cat":[488],"product_tag":[608,1221,326],"class_list":{"0":"post-23119","1":"product","2":"type-product","3":"status-publish","4":"has-post-thumbnail","6":"product_brand-research-chemical","7":"product_cat-verboden","8":"product_tag-4-cmc","9":"product_tag-4-cmc-kopen","10":"product_tag-nl","12":"first","13":"instock","14":"taxable","15":"shipping-taxable","16":"purchasable","17":"product-type-simple"},"_links":{"self":[{"href":"https:\/\/researchchemicalhub.com\/sv\/wp-json\/wp\/v2\/product\/23119","targetHints":{"allow":["GET"]}}],"collection":[{"href":"https:\/\/researchchemicalhub.com\/sv\/wp-json\/wp\/v2\/product"}],"about":[{"href":"https:\/\/researchchemicalhub.com\/sv\/wp-json\/wp\/v2\/types\/product"}],"replies":[{"embeddable":true,"href":"https:\/\/researchchemicalhub.com\/sv\/wp-json\/wp\/v2\/comments?post=23119"}],"version-history":[{"count":6,"href":"https:\/\/researchchemicalhub.com\/sv\/wp-json\/wp\/v2\/product\/23119\/revisions"}],"predecessor-version":[{"id":28769,"href":"https:\/\/researchchemicalhub.com\/sv\/wp-json\/wp\/v2\/product\/23119\/revisions\/28769"}],"wp:featuredmedia":[{"embeddable":true,"href":"https:\/\/researchchemicalhub.com\/sv\/wp-json\/wp\/v2\/media\/28431"}],"wp:attachment":[{"href":"https:\/\/researchchemicalhub.com\/sv\/wp-json\/wp\/v2\/media?parent=23119"}],"wp:term":[{"taxonomy":"product_brand","embeddable":true,"href":"https:\/\/researchchemicalhub.com\/sv\/wp-json\/wp\/v2\/product_brand?post=23119"},{"taxonomy":"product_cat","embeddable":true,"href":"https:\/\/researchchemicalhub.com\/sv\/wp-json\/wp\/v2\/product_cat?post=23119"},{"taxonomy":"product_tag","embeddable":true,"href":"https:\/\/researchchemicalhub.com\/sv\/wp-json\/wp\/v2\/product_tag?post=23119"}],"curies":[{"name":"wp","href":"https:\/\/api.w.org\/{rel}","templated":true}]}}