{"id":27863,"date":"2025-10-20T13:38:36","date_gmt":"2025-10-20T13:38:36","guid":{"rendered":"https:\/\/researchchemicalhub.com\/?post_type=product&#038;p=27863"},"modified":"2025-10-21T05:49:10","modified_gmt":"2025-10-21T05:49:10","slug":"fluoroksetamin-fxe","status":"publish","type":"product","link":"https:\/\/researchchemicalhub.com\/sl\/trgovina\/okategoriserad\/fluoroksetamin-fxe\/","title":{"rendered":"Fluoreksetamin (FXE)"},"content":{"rendered":"<h1>Kupite fluoroksetamin (FXE) na spletu<br \/>\nSplo\u0161ne informacije Fluoreksetamin<\/h1>\n<p>Kupite fluoreksetamin (FXE) na spletu. Fluoreksetamin (hidroklorid) je znanstveni analiti\u010dni standard, razvr\u0161\u010den kot arilcikloheksilamin. Ta izdelek je namenjen raziskavam in merljivim aplikacijam.<\/p>\n<p>Fluoreksetamin je \u0161portna raziskovalna kemikalija z disociativnimi u\u010dinki. \u0160portna raziskovalna kemikalija, znana kot fluoroksetamin (3-fluoro-2-okso-PCE, FXE), se prodaja na spletu od pribli\u017eno leta 2017.<\/p>\n<p>\u010ceprav obstaja \u017ee nekaj \u010dasa, je na splo\u0161no ostal redek. Fluoreksetamin je raziskovalna kemikalija iz dru\u017eine arilcikloheksilaminov, katere lastnosti so lahko zelo disociativne. Vendar pa je na spletu na voljo od leta 2017, njegova uporaba pa je ostala relativno neznana.<\/p>\n<p>To se je spremenilo aprila 2022, ko je algoritemsko zaznavanje kemikalije na Redditu spro\u017eilo alarm. Od takrat se je \u0161tevilo poro\u010dil o fluoroeksetaminu ve\u010d kot podvojilo, od vrhunca aprila 2022. Fiziolo\u0161ke in toksikolo\u0161ke lastnosti te spojine niso bile preu\u010dene. Uporaba te kemikalije bi morala biti namenjena raziskavam in merljivim namenom, \u010de se tako izrazimo. Opozorilo: ta izdelek ni namenjen posebej za uporabo pri ljudeh ali veterini.<\/p>\n<h3>Kemi\u010dna sestava fluoroksetamina<\/h3>\n<p>Fluoreksetamin (3\u2032-fluoro-2-okso-PCE, FXE) je dizajnerska raziskovalna kemikalija iz dru\u017eine arilcikloheksilaminov, ki ima disociativne u\u010dinke. Na spletu se prodaja od pribli\u017eno leta 2017, vendar je njegova uporaba ostala relativno redka.<\/p>\n<p>Ena\u010dba je C14H18FNO, molska masa pa je 235,302 g-mol-1.<\/p>\n<p>&nbsp;<\/p>\n<h3>Farmakologija fluoroksetamina<\/h3>\n<p>Fluoksetin deluje tako, da zavira ponovni privzem serotonina v presinapti\u010dnih nevronih z blokiranjem proteina, ki prena\u0161a ponovni privzem in se nahaja v presinapti\u010dnem terminalu. Fluoksetin ima tudi blag u\u010dinek na receptorje 5HT2A in 5HT2C.<\/p>\n<p>Fluoksetin se po peroralni uporabi absorbira, se mo\u010dno ve\u017ee na beljakovine in ima velik transportni volumen. Razpolovni \u010das fluoksetina je pribli\u017eno 1 do 4 dni, medtem ko je razpolovni \u010das njegovega presnovka, norfluoksetina, 7 do 15 dni. Fluoksetin ima nelinearen farmakokineti\u010dni profil.<\/p>\n<p>&nbsp;<\/p>\n<h3>Kupite visokokakovosten fluoroksetamin<\/h3>\n<p>ChemsXpress ima dolgoletne izku\u0161nje v industriji na\u010drtovanja raziskovalnih kemikalij, kar zagotavlja najvi\u0161jo kakovost teh raziskovalnih kemikalij. Ekipa za kemijske raziskave prodaja fluoreksetamin. Raziskovalne kemikalije, vklju\u010dno s fluoreksetaminom, izpolnjujejo vse varnostne zahteve. Raziskovalne kemikalije so skrbno distribuirane in shranjene na hladnem in suhem mestu.<\/p>\n<p>Vsi izdelki so redno preverjeni glede kakovosti, \u010distosti in varnosti. Fluoreksetamin vedno shranjujte pri sobni temperaturi in izven dosega otrok in hi\u0161nih ljubljen\u010dkov. Na\u0161 fluoroksetamin ni namenjen osebni uporabi. Namenjen je samo za raziskovalne namene.<\/p>\n<p>Pri raziskovanju te kemikalije se ne sme me\u0161ati z alkoholom ali raziskovalnimi kemikalijami!<\/p>\n<p>Vsi na\u0161i izdelki imajo po\u0161teno ceno!<\/p>\n<p>&nbsp;<\/p>\n<h3>Fluoreksetamin testiran v laboratoriju z rezultati.<\/h3>\n<p>Remakes si prizadeva za splo\u0161no zadovoljstvo strank. Ve\u010d \u0161tudij je pokazalo, da stranke pred nakupom sinteti\u010dnih raziskovalnih kemikalij zahtevajo \u010dim ve\u010d informacij. Poleg tega objavljamo vse laboratorijske rezultate za vsako raziskovalno spojino v datoteki PDF.<\/p>\n<p>Na\u0161 kristal fluoroksetamina dosledno dovaja aktivne sestavine in je takoj viden vsem.<\/p>\n<p>Vse laboratorijske rezultate posameznih kemijskih preiskav distribuiramo v dokumentu PDF.<\/p>\n<p>&nbsp;<\/p>\n<h3>Varno naro\u010dite pri Fluorexetamine.<\/h3>\n<p>Raziskovalne kemikalije Panacea Chems so odli\u010dne kakovosti in imajo ugodne cene. Zato vam pri naro\u010dilu raziskovalnih kemikalij pri ChemsXpress zagotavljamo hitro in varno dostavo na dom, saj so raziskovalne kemikalije pri Panacea Chems vedno na voljo za prodajo.<\/p>\n<p>Naro\u010danje sinteti\u010dnih raziskovalnih spojin z Bitcoinom ali ban\u010dnim nakazilom je pri ChemsXpress enostavno.<\/p>\n<p>Raziskovalni kemi\u010dni pra\u0161ek odpremimo isti delovni dan, \u010de je pla\u010dilo prejeto pred 15.00 CEST.<\/p>\n<p>Osebam, mlaj\u0161im od 18 let, ne dobavljamo artiklov!<\/p>\n<p>Prodaja kemikalij za raziskovalne namene je namenjena izklju\u010dno raziskovalnim namenom.<\/p>\n<p>Diskretna dostava raziskovalnih kemikalij.<\/p>\n<p>ChemsXpress varno zapakira va\u0161e naro\u010dilo, da zagotovi nemoten prevoz. Poleg tega ga zapakiramo popolnoma nevidno, tako da od zunaj ni videti, kaj je morda v notranjosti.<\/p>\n<p>&nbsp;<\/p>\n<h3>Previdnostni ukrepi<\/h3>\n<ul>\n<li>Kupite ustrezno osebno za\u0161\u010ditno opremo, kot so za\u0161\u010ditna o\u010dala in rokavice. Pravilno jih \u010distite in vzdr\u017eujte. Pri ravnanju z raziskovalnimi kemikalijami upo\u0161tevajte varne postopke in se izogibajte bli\u017enjicam.<\/li>\n<li>\u010ce kemikalija iz \u0161tudije pride v stik z o\u010dmi, jih dobro sperite in po potrebi odstranite kontaktne le\u010de.<\/li>\n<li>Med uporabo teh kemikalij poskusite nositi masko, da ne pridejo v stik z vami med dihanjem.<\/li>\n<li>Kot ka\u017eejo podprte metode, morate z nevarnimi snovmi ravnati, jih shranjevati in odstranjevati varno. Nikoli jih ne zlivajte v kanalizacijo ali kanale.<\/li>\n<li>Kemikalije za raziskave shranjujte pravilno, kot je razvidno iz njihovih imen. Vnetljive kemikalije je treba shranjevati v odli\u010dni, suhi konoplji, stran od mo\u010dne vro\u010dine in dnevne svetlobe. Nekatere sinteti\u010dne snovi, kot so kisline, je treba shranjevati lo\u010deno.<\/li>\n<li>ChemsXpress, ki ga ponuja rc, je namenjen izklju\u010dno raziskovalnim namenom; u\u017eivanje za ljudi je strogo prepovedano.<\/li>\n<\/ul>","protected":false},"excerpt":{"rendered":"<p><strong>Ime UPAC-a:\u00a0<\/strong>2-(etilamino)-2-(3-fluorofenil)cikloheksan-1-on<\/p>\n<p><strong>Drugo ime:\u00a0<\/strong>FXE<\/p>\n<p><strong>Obrazec:\u00a0<\/strong>kristal<\/p>\n<p><strong>NMR analiza:\u00a0<\/strong>C14H18FNO<\/p>","protected":false},"featured_media":27870,"comment_status":"open","ping_status":"closed","template":"","meta":[],"product_brand":[],"product_cat":[1085],"product_tag":[],"class_list":{"0":"post-27863","1":"product","2":"type-product","3":"status-publish","4":"has-post-thumbnail","6":"product_cat-okategoriserad","8":"first","9":"instock","10":"taxable","11":"shipping-taxable","12":"purchasable","13":"product-type-variable"},"_links":{"self":[{"href":"https:\/\/researchchemicalhub.com\/sl\/wp-json\/wp\/v2\/product\/27863","targetHints":{"allow":["GET"]}}],"collection":[{"href":"https:\/\/researchchemicalhub.com\/sl\/wp-json\/wp\/v2\/product"}],"about":[{"href":"https:\/\/researchchemicalhub.com\/sl\/wp-json\/wp\/v2\/types\/product"}],"replies":[{"embeddable":true,"href":"https:\/\/researchchemicalhub.com\/sl\/wp-json\/wp\/v2\/comments?post=27863"}],"version-history":[{"count":1,"href":"https:\/\/researchchemicalhub.com\/sl\/wp-json\/wp\/v2\/product\/27863\/revisions"}],"predecessor-version":[{"id":27871,"href":"https:\/\/researchchemicalhub.com\/sl\/wp-json\/wp\/v2\/product\/27863\/revisions\/27871"}],"wp:featuredmedia":[{"embeddable":true,"href":"https:\/\/researchchemicalhub.com\/sl\/wp-json\/wp\/v2\/media\/27870"}],"wp:attachment":[{"href":"https:\/\/researchchemicalhub.com\/sl\/wp-json\/wp\/v2\/media?parent=27863"}],"wp:term":[{"taxonomy":"product_brand","embeddable":true,"href":"https:\/\/researchchemicalhub.com\/sl\/wp-json\/wp\/v2\/product_brand?post=27863"},{"taxonomy":"product_cat","embeddable":true,"href":"https:\/\/researchchemicalhub.com\/sl\/wp-json\/wp\/v2\/product_cat?post=27863"},{"taxonomy":"product_tag","embeddable":true,"href":"https:\/\/researchchemicalhub.com\/sl\/wp-json\/wp\/v2\/product_tag?post=27863"}],"curies":[{"name":"delovni list","href":"https:\/\/api.w.org\/{rel}","templated":true}]}}