{"id":27458,"date":"2025-10-20T16:57:33","date_gmt":"2025-10-20T16:57:33","guid":{"rendered":"https:\/\/researchchemicalhub.com\/?post_type=product&#038;p=27458"},"modified":"2025-10-29T08:32:27","modified_gmt":"2025-10-29T08:32:27","slug":"benzocaine-powder","status":"publish","type":"product","link":"https:\/\/researchchemicalhub.com\/sl\/shop\/okategoriserad\/benzocaine-powder\/","title":{"rendered":"Benzokain v prahu \u226599,0%"},"content":{"rendered":"<h2 data-start=\"654\" data-end=\"671\"><strong data-start=\"657\" data-end=\"671\">Uvod<\/strong><\/h2>\n<p data-start=\"673\" data-end=\"1049\"><strong data-start=\"673\" data-end=\"693\">Benzokain v prahu<\/strong> (kemijsko ozna\u010devanje: <em data-start=\"718\" data-end=\"740\">Etil-4-aminobenzoat<\/em>) je ena <strong data-start=\"750\" data-end=\"785\">lokalni Aminoester-An\u00e4sthetikum<\/strong>, ki je pokvarjen z delom in raziskavami. Kar recite sami <strong data-start=\"871\" data-end=\"898\">visoka trdnost (\u226599,0 %)<\/strong>, kemijska stabilnost in izbolj\u0161ane fizikalne lastnosti, ki so primerne za analitsko testiranje in kontrolirane poskuse. benzokain v prahu<\/p>\n<p data-start=\"1051\" data-end=\"1336\">\u010ce je feste, kristalna Substanz ist <strong data-start=\"1087\" data-end=\"1107\">Benzokain v prahu<\/strong> svetlo in belo ter z rahlim pridihom. Vro\u010de je v <strong data-start=\"1186\" data-end=\"1223\">farmacevtski raziskovalni laboratoriji<\/strong> zur Untersuchung localer Be\u00e4ubungsmechanisms oder zur <strong data-start=\"1280\" data-end=\"1324\">Sintetizirajte druge kemi\u010dne spojine<\/strong> vstavljeno.<\/p>\n<hr data-start=\"1338\" data-end=\"1341\" \/>\n<h2 data-start=\"1343\" data-end=\"1382\"><strong data-start=\"1346\" data-end=\"1382\">Wichtige Merkmale (klju\u010dne lastnosti)<\/strong><\/h2>\n<ul data-start=\"1384\" data-end=\"1674\">\n<li data-start=\"1384\" data-end=\"1418\">\n<p data-start=\"1386\" data-end=\"1418\"><strong data-start=\"1386\" data-end=\"1407\">Kemijska formula:<\/strong> C\u2089H\u2081\u2081NO\u2082<\/p>\n<\/li>\n<li data-start=\"1419\" data-end=\"1453\">\n<p data-start=\"1421\" data-end=\"1453\"><strong data-start=\"1421\" data-end=\"1438\">Molska masa:<\/strong> 165,19 g\/mol<\/p>\n<\/li>\n<li data-start=\"1454\" data-end=\"1480\">\n<p data-start=\"1456\" data-end=\"1480\"><strong data-start=\"1456\" data-end=\"1469\">\u010cistost:<\/strong> \u2265 99,0 %<\/p>\n<\/li>\n<li data-start=\"1481\" data-end=\"1526\">\n<p data-start=\"1483\" data-end=\"1526\"><strong data-start=\"1483\" data-end=\"1496\">Vstop:<\/strong> Beli, kristalni prah<\/p>\n<\/li>\n<li data-start=\"1527\" data-end=\"1561\">\n<p data-start=\"1529\" data-end=\"1561\"><strong data-start=\"1529\" data-end=\"1546\">To\u010dka zdrsa:<\/strong> Pribli\u017eno 88\u201390 \u00b0C<\/p>\n<\/li>\n<li data-start=\"1562\" data-end=\"1646\">\n<p data-start=\"1564\" data-end=\"1646\"><strong data-start=\"1564\" data-end=\"1580\">Izgubljenost:<\/strong> Nizek ostanek v vodi, nizek ostanek v etanolu in kloroformu<\/p>\n<\/li>\n<li data-start=\"1647\" data-end=\"1674\">\n<p data-start=\"1649\" data-end=\"1674\"><strong data-start=\"1649\" data-end=\"1664\">\u0160tevilka CAS:<\/strong> 94-09-7<\/p>\n<\/li>\n<\/ul>\n<p data-start=\"1676\" data-end=\"1857\">Te fizikalno-kemijske lastnosti izdelka so specifi\u010dne za njegove lastnosti <strong data-start=\"1762\" data-end=\"1813\">kvalitativne analize, raziskave in raziskave<\/strong> v kemijskih in farmacevtskih laboratorijih.<\/p>\n<hr data-start=\"1859\" data-end=\"1862\" \/>\n<h2 data-start=\"1864\" data-end=\"1898\"><strong data-start=\"1867\" data-end=\"1898\">Prednosti in prostori za ogrevanje<\/strong><\/h2>\n<h3 data-start=\"1900\" data-end=\"1955\"><strong data-start=\"1904\" data-end=\"1955\">1. Hohe Reinheit f\u00fcr reproduzierbare Ergebnisse<\/strong><\/h3>\n<p data-start=\"1956\" data-end=\"2168\">Zagotovljena \u010disto\u010da <strong data-start=\"1985\" data-end=\"1996\">\u226599,0 %<\/strong> skrbi za <strong data-start=\"2007\" data-end=\"2033\">cenjene zbirne to\u010dke<\/strong> in pozitivno kemijsko reakcijo. Prosimo, vzemite si \u010das in preglejte benzokain. <strong data-start=\"2126\" data-end=\"2167\">Analiti\u010dni testi in Labor Vergleiche<\/strong>.<\/p>\n<h3 data-start=\"2170\" data-end=\"2214\"><strong data-start=\"2174\" data-end=\"2214\">2. Stabilit\u00e4t unter Laborbedingungen<\/strong><\/h3>\n<p data-start=\"2215\" data-end=\"2392\">Prah se spu\u0161\u010da spodaj <strong data-start=\"2239\" data-end=\"2277\">k\u00fchlen, trockenen Lagerbedingungen<\/strong> stabilno. To je \u0161e posebej pomembno za delovno silo, ki zahteva ustrezne vire ali dolgoro\u010dne \u0161tudije.<\/p>\n<h3 data-start=\"2394\" data-end=\"2442\"><strong data-start=\"2398\" data-end=\"2442\">3. Vielseitigkeit v raziskavah in u\u010denju<\/strong><\/h3>\n<p data-start=\"2443\" data-end=\"2532\">Benzokain se uporablja v <strong data-start=\"2468\" data-end=\"2513\">kemijski in biokemi\u010dni poskusi<\/strong> eingesetzt, npr.:<\/p>\n<ul data-start=\"2533\" data-end=\"2701\">\n<li data-start=\"2533\" data-end=\"2585\">\n<p data-start=\"2535\" data-end=\"2585\">zur Untersuchung lokalan\u00e4sthetischer Mechanismen<\/p>\n<\/li>\n<li data-start=\"2586\" data-end=\"2641\">\n<p data-start=\"2588\" data-end=\"2641\">kot Vergleichsstandard in pharmakologischen Studien<\/p>\n<\/li>\n<li data-start=\"2642\" data-end=\"2701\">\n<p data-start=\"2644\" data-end=\"2701\">f\u00fcr Ausbildungsexperimente im Bereich organska kemija<\/p>\n<\/li>\n<\/ul>\n<blockquote data-start=\"2703\" data-end=\"2872\">\n<p data-start=\"2705\" data-end=\"2872\">\u26a0\ufe0f <strong data-start=\"2708\" data-end=\"2720\">Namig:<\/strong> Benzokain darf <strong data-start=\"2736\" data-end=\"2809\">ni za medicinsko, kozmeti\u010dno ali veterinarsko medicino<\/strong> so bili razvajeni, sofern keine beh\u00f6rdliche Zulassung vorliegt.<\/p>\n<\/blockquote>\n<hr data-start=\"2874\" data-end=\"2877\" \/>\n<h2 data-start=\"2879\" data-end=\"2920\"><strong data-start=\"2882\" data-end=\"2920\">Handhabung und Verwendung im Labor<\/strong><\/h2>\n<p data-start=\"2922\" data-end=\"3050\"><strong data-start=\"2922\" data-end=\"2942\">Benzokain v prahu<\/strong> izredno odprto <strong data-start=\"2971\" data-end=\"2998\">osebna skrb<\/strong> v nadzorovanih delovnih pogojih so bili pokvarjeni.<\/p>\n<h3 data-start=\"3052\" data-end=\"3079\"><strong data-start=\"3056\" data-end=\"3079\">Varno rokovanje:<\/strong><\/h3>\n<ul data-start=\"3080\" data-end=\"3277\">\n<li data-start=\"3080\" data-end=\"3148\">\n<p data-start=\"3082\" data-end=\"3148\">Delajte na zdrav na\u010din, da dose\u017eete bolj\u0161e delo.<\/p>\n<\/li>\n<li data-start=\"3149\" data-end=\"3215\">\n<p data-start=\"3151\" data-end=\"3215\">Tragen Sie stets <strong data-start=\"3168\" data-end=\"3212\">Handschuhe, Schutzbrille und Laborkittel<\/strong>.<\/p>\n<\/li>\n<li data-start=\"3216\" data-end=\"3277\">\n<p data-start=\"3218\" data-end=\"3277\">Vermeiden Sie Kontakt mit Haut, Augen oder Schleimh\u00e4uten.<\/p>\n<\/li>\n<\/ul>\n<h3 data-start=\"3279\" data-end=\"3296\"><strong data-start=\"3283\" data-end=\"3296\">Shranjevanje:<\/strong><\/h3>\n<ul data-start=\"3297\" data-end=\"3471\">\n<li data-start=\"3297\" data-end=\"3355\">\n<p data-start=\"3299\" data-end=\"3355\">K\u00fchl und trocken pri sobni temperaturi (15\u201325 \u00b0C).<\/p>\n<\/li>\n<li data-start=\"3356\" data-end=\"3396\">\n<p data-start=\"3358\" data-end=\"3396\">Za svetlobo in Feuchtigkeit sch\u00fctzen.<\/p>\n<\/li>\n<li data-start=\"3397\" data-end=\"3471\">\n<p data-start=\"3399\" data-end=\"3471\">Razmislite o razli\u010dnih in nezdru\u017eljivih snoveh.<\/p>\n<\/li>\n<\/ul>\n<hr data-start=\"3473\" data-end=\"3476\" \/>\n<h2 data-start=\"3478\" data-end=\"3509\"><strong data-start=\"3481\" data-end=\"3509\">Varnostne informacije<\/strong><\/h2>\n<div class=\"_tableContainer_1rjym_1\">\n<div class=\"group _tableWrapper_1rjym_13 flex w-fit flex-col-reverse\" tabindex=\"-1\">\n<table class=\"w-fit min-w-(--thread-content-width)\" data-start=\"3511\" data-end=\"3894\">\n<thead data-start=\"3511\" data-end=\"3555\">\n<tr data-start=\"3511\" data-end=\"3555\">\n<th data-start=\"3511\" data-end=\"3539\" data-col-size=\"sm\"><strong data-start=\"3513\" data-end=\"3538\">Gefahrenkennzeichnung<\/strong><\/th>\n<th data-start=\"3539\" data-end=\"3555\" data-col-size=\"md\"><strong data-start=\"3541\" data-end=\"3553\">Hinweise<\/strong><\/th>\n<\/tr>\n<\/thead>\n<tbody data-start=\"3602\" data-end=\"3894\">\n<tr data-start=\"3602\" data-end=\"3661\">\n<td data-start=\"3602\" data-end=\"3631\" data-col-size=\"sm\"><strong data-start=\"3604\" data-end=\"3630\">GHS07 (Izhodna oznaka)<\/strong><\/td>\n<td data-col-size=\"md\" data-start=\"3631\" data-end=\"3661\">Potovanje z vi\u0161ine in o\u010di<\/td>\n<\/tr>\n<tr data-start=\"3662\" data-end=\"3701\">\n<td data-start=\"3662\" data-end=\"3673\" data-col-size=\"sm\"><strong data-start=\"3664\" data-end=\"3672\">H315<\/strong><\/td>\n<td data-col-size=\"md\" data-start=\"3673\" data-end=\"3701\">Verursacht Hautreizungen<\/td>\n<\/tr>\n<tr data-start=\"3702\" data-end=\"3748\">\n<td data-start=\"3702\" data-end=\"3713\" data-col-size=\"sm\"><strong data-start=\"3704\" data-end=\"3712\">H319<\/strong><\/td>\n<td data-start=\"3713\" data-end=\"3748\" data-col-size=\"md\">Verursacht schwere Augenreizung<\/td>\n<\/tr>\n<tr data-start=\"3749\" data-end=\"3818\">\n<td data-start=\"3749\" data-end=\"3760\" data-col-size=\"sm\"><strong data-start=\"3751\" data-end=\"3759\">P280<\/strong><\/td>\n<td data-start=\"3760\" data-end=\"3818\" data-col-size=\"md\">Schutzhandschuhe \/ Schutzkleidung \/ Augenschutz lagen<\/td>\n<\/tr>\n<tr data-start=\"3819\" data-end=\"3894\">\n<td data-start=\"3819\" data-end=\"3844\" data-col-size=\"sm\"><strong data-start=\"3821\" data-end=\"3843\">P305 + P351 + P338<\/strong><\/td>\n<td data-col-size=\"md\" data-start=\"3844\" data-end=\"3894\">Za ve\u010d informacij in vodo nas kontaktirajte<\/td>\n<\/tr>\n<\/tbody>\n<\/table>\n<\/div>\n<\/div>\n<blockquote data-start=\"3896\" data-end=\"4009\">\n<p data-start=\"3898\" data-end=\"4009\">Alle Arbeiten sollten unter Einhaltung der <strong data-start=\"3941\" data-end=\"3999\">g\u00fcltigen Predpisi o kemijski varnosti (CLP\/GHS)<\/strong> dedno.<\/p>\n<\/blockquote>\n<hr data-start=\"4011\" data-end=\"4014\" \/>\n<h2 data-start=\"4016\" data-end=\"4053\"><strong data-start=\"4019\" data-end=\"4053\">H\u00e4ufig gestelte Fragen (pogosta vpra\u0161anja)<\/strong><\/h2>\n<p data-start=\"4055\" data-end=\"4312\"><strong data-start=\"4055\" data-end=\"4109\">1. Ali \u017eelite pri porodu uporabiti benzokain v prahu?<\/strong><br data-start=\"4109\" data-end=\"4112\" \/>Benzokain v prahu se uporablja v raziskovalnih laboratorijih za analizo metod, ki se uporabljajo za analizo kemijskih reakcij, ki sta med seboj povezani.<\/p>\n<p data-start=\"4314\" data-end=\"4576\"><strong data-start=\"4314\" data-end=\"4384\">2. Ali je benzokain v prahu primeren za medicinsko uporabo?<\/strong><br data-start=\"4384\" data-end=\"4387\" \/>Nein. V druga\u010dni obliki je benzokain pulver na voljo za uporabo <strong data-start=\"4448\" data-end=\"4486\">jasne ugotovitve raziskav<\/strong> Pomembno je zagotoviti zdravni\u0161ko oskrbo ali samooskrbo.<\/p>\n<p data-start=\"4578\" data-end=\"4824\"><strong data-start=\"4578\" data-end=\"4636\">3. Kdo bi uporabljal benzokain v prahu?<\/strong><br data-start=\"4636\" data-end=\"4639\" \/>Chemische Ruckstandde sollten gem\u00e4\u00df den <strong data-start=\"4678\" data-end=\"4734\">prostori Entsorgungsregulations f\u00fcr Laborchemikalien<\/strong> so bili prijavljeni. Eine Entsorgung \u00fcber den Hausm\u00fcll oder the Abwasser ni kreten.<\/p>\n<hr data-start=\"4826\" data-end=\"4829\" \/>\n<h2 data-start=\"4831\" data-end=\"4843\"><strong data-start=\"4834\" data-end=\"4843\">Na koncu<\/strong><\/h2>\n<p data-start=\"4845\" data-end=\"5167\"><strong data-start=\"4845\" data-end=\"4875\">Benzokain pulver (\u226599,0 %)<\/strong> je eden <strong data-start=\"4885\" data-end=\"4914\">visokokakovostna laboratorijska kemikalija<\/strong>, kar zagotavlja stabilnost in kemi\u010dno \u010disto\u010do pri raziskavah in in\u0161pekcijskih pregledih. Skrb za roke in varnost varnostnih predpisov zagotavljata dragoceno delovno okolje. <strong data-start=\"5124\" data-end=\"5160\">znanstvene raziskave<\/strong> dron.<\/p>\n<p data-start=\"5169\" data-end=\"5432\">Za podrobne varnostne podatke in ve\u010d informacij jih najdete na uradni strani <strong data-start=\"5255\" data-end=\"5286\">Varnostni list (SDS)<\/strong> na spletni strani <strong data-start=\"5307\" data-end=\"5422\"><a class=\"decorated-link cursor-pointer\" target=\"_new\" rel=\"noopener\" data-start=\"5309\" data-end=\"5420\">Evropska agencija za kemikalije (ECHA)<\/a><\/strong> videti.<\/p>\n<p data-start=\"433\" data-end=\"736\"><a href=\"https:\/\/researchchemicalhub.com\/sl\/shop\/okategoriserad\/4mmc-kopen\/\"><span dir=\"auto\" style=\"vertical-align: inherit;\"><span dir=\"auto\" style=\"vertical-align: inherit;\">Nakup 4mmc <\/span><\/span><\/a><a href=\"https:\/\/researchchemicalhub.com\/sl\/shop\/iboga-ibogaine\/iboga-root-bark\/\"><span dir=\"auto\" style=\"vertical-align: inherit;\"><span dir=\"auto\" style=\"vertical-align: inherit;\">lubje korenine iboge<\/span><\/span><\/a><a href=\"https:\/\/researchchemicalhub.com\/sl\/shop\/iboga-ibogaine\/buy-ibogaine-hcl-online\/\"><span dir=\"auto\" style=\"vertical-align: inherit;\"><span dir=\"auto\" style=\"vertical-align: inherit;\">kupiti ibogain HCl na spletu<\/span><\/span><\/a><a href=\"https:\/\/researchchemicalhub.com\/sl\/shop\/lysergamides\/1cp-lsd\/\"><span dir=\"auto\" style=\"vertical-align: inherit;\"><span dir=\"auto\" style=\"vertical-align: inherit;\">1cp lsd <\/span><\/span><\/a><a href=\"https:\/\/researchchemicalhub.com\/sl\/shop\/pellets-for-pellet\/o-dsmt-50mg-pellets\/\"><span dir=\"auto\" style=\"vertical-align: inherit;\"><span dir=\"auto\" style=\"vertical-align: inherit;\">o-dsmt<\/span><\/span><\/a><\/p>","protected":false},"excerpt":{"rendered":"<p>Einf\u00fchrung Benzocain Pulver (chemische Bezeichnung: Ethyl-4-aminobenzoat) ist ein lokales Aminoester-An\u00e4sthetikum, das in Labor- und Forschungsumgebungen verwendet wird. Es zeichnet sich<\/p>","protected":false},"featured_media":28482,"comment_status":"open","ping_status":"closed","template":"","meta":[],"product_brand":[],"product_cat":[1085],"product_tag":[1086,1087],"class_list":{"0":"post-27458","1":"product","2":"type-product","3":"status-publish","4":"has-post-thumbnail","6":"product_cat-okategoriserad","7":"product_tag-benzocaine-powder","8":"product_tag-kopen-benzocaine-powder","10":"first","11":"instock","12":"taxable","13":"shipping-taxable","14":"purchasable","15":"product-type-variable"},"_links":{"self":[{"href":"https:\/\/researchchemicalhub.com\/sl\/wp-json\/wp\/v2\/product\/27458","targetHints":{"allow":["GET"]}}],"collection":[{"href":"https:\/\/researchchemicalhub.com\/sl\/wp-json\/wp\/v2\/product"}],"about":[{"href":"https:\/\/researchchemicalhub.com\/sl\/wp-json\/wp\/v2\/types\/product"}],"replies":[{"embeddable":true,"href":"https:\/\/researchchemicalhub.com\/sl\/wp-json\/wp\/v2\/comments?post=27458"}],"version-history":[{"count":4,"href":"https:\/\/researchchemicalhub.com\/sl\/wp-json\/wp\/v2\/product\/27458\/revisions"}],"predecessor-version":[{"id":27685,"href":"https:\/\/researchchemicalhub.com\/sl\/wp-json\/wp\/v2\/product\/27458\/revisions\/27685"}],"wp:featuredmedia":[{"embeddable":true,"href":"https:\/\/researchchemicalhub.com\/sl\/wp-json\/wp\/v2\/media\/28482"}],"wp:attachment":[{"href":"https:\/\/researchchemicalhub.com\/sl\/wp-json\/wp\/v2\/media?parent=27458"}],"wp:term":[{"taxonomy":"product_brand","embeddable":true,"href":"https:\/\/researchchemicalhub.com\/sl\/wp-json\/wp\/v2\/product_brand?post=27458"},{"taxonomy":"product_cat","embeddable":true,"href":"https:\/\/researchchemicalhub.com\/sl\/wp-json\/wp\/v2\/product_cat?post=27458"},{"taxonomy":"product_tag","embeddable":true,"href":"https:\/\/researchchemicalhub.com\/sl\/wp-json\/wp\/v2\/product_tag?post=27458"}],"curies":[{"name":"delovni list","href":"https:\/\/api.w.org\/{rel}","templated":true}]}}