{"id":26138,"date":"2025-10-20T01:31:18","date_gmt":"2025-10-20T01:31:18","guid":{"rendered":"https:\/\/researchchemicalhub.com\/?post_type=product&#038;p=26138"},"modified":"2025-10-21T05:55:10","modified_gmt":"2025-10-21T05:55:10","slug":"iboga-kapsule","status":"publish","type":"product","link":"https:\/\/researchchemicalhub.com\/sl\/trgovina\/iboga-ibogain\/iboga-kapsule\/","title":{"rendered":"Iboga kapsule"},"content":{"rendered":"<h2>Kupite kapsule Iboga<\/h2>\n<p>Iboga se nana\u0161a na psihoaktivno spojino, pridobljeno iz rastlin, ki vsebujejo alkaloid ibogain. Samo v Gabonu je veliko rastlin, ki vsebujejo ta alkaloid. Glavni vir pa je rastlina Tabernanthe Iboga. Te rastline rastejo na tleh d\u017eungle v oddaljenih regijah zahodne osrednje Afrike, vklju\u010dno s Kamerunom in Republiko Kongo.<a href=\"https:\/\/legalerfuhrerschein.com\/\" target=\"_blank\" rel=\"noopener\">,<\/a> Angola in seveda Gabon, fizi\u010dni in duhovni dom rastline. Kupite kapsule iboga<\/p>\n<p>Lubje korenine rastline vsebuje psihoaktivne alkaloide. Z ostru\u017ekom tega lubja s korenine dobimo sve\u017ee, za u\u017eivanje pripravljene, mo\u010dne, starodavne, zdravilne sestavine. <a href=\"https:\/\/ibogainerehabilitation.com\/\" target=\"_blank\" rel=\"noopener\">iboga<\/a>Po zau\u017eitju lubja korenine subjekti do\u017eivijo za\u010detek sanjskega stanja zavesti. Med potovanjem se lahko (ali pa tudi ne) sre\u010damo z eksistencialnimi odkritji, kristalno jasnimi vizijami, obujanjem spominov in ne\u0161tetimi drugimi \u010dudovitimi stvarmi. Na primer z odvisnostjo, depresijo, ko\u017enimi boleznimi, zmanj\u0161anjem telesne te\u017ee in duhovnim prebujenjem.<\/p>","protected":false},"excerpt":{"rendered":"<p>Kupite kapsule iboge Iboga se nana\u0161a na psihoaktivno spojino, pridobljeno iz rastlin, ki vsebujejo alkaloid ibogain. Samo v Gabonu,<\/p>","protected":false},"featured_media":26151,"comment_status":"closed","ping_status":"closed","template":"","meta":[],"product_brand":[],"product_cat":[908],"product_tag":[],"class_list":{"0":"post-26138","1":"product","2":"type-product","3":"status-publish","4":"has-post-thumbnail","6":"product_cat-iboga-ibogaine","8":"first","9":"instock","10":"taxable","11":"shipping-taxable","12":"purchasable","13":"product-type-variable"},"_links":{"self":[{"href":"https:\/\/researchchemicalhub.com\/sl\/wp-json\/wp\/v2\/product\/26138","targetHints":{"allow":["GET"]}}],"collection":[{"href":"https:\/\/researchchemicalhub.com\/sl\/wp-json\/wp\/v2\/product"}],"about":[{"href":"https:\/\/researchchemicalhub.com\/sl\/wp-json\/wp\/v2\/types\/product"}],"replies":[{"embeddable":true,"href":"https:\/\/researchchemicalhub.com\/sl\/wp-json\/wp\/v2\/comments?post=26138"}],"version-history":[{"count":1,"href":"https:\/\/researchchemicalhub.com\/sl\/wp-json\/wp\/v2\/product\/26138\/revisions"}],"predecessor-version":[{"id":26152,"href":"https:\/\/researchchemicalhub.com\/sl\/wp-json\/wp\/v2\/product\/26138\/revisions\/26152"}],"wp:featuredmedia":[{"embeddable":true,"href":"https:\/\/researchchemicalhub.com\/sl\/wp-json\/wp\/v2\/media\/26151"}],"wp:attachment":[{"href":"https:\/\/researchchemicalhub.com\/sl\/wp-json\/wp\/v2\/media?parent=26138"}],"wp:term":[{"taxonomy":"product_brand","embeddable":true,"href":"https:\/\/researchchemicalhub.com\/sl\/wp-json\/wp\/v2\/product_brand?post=26138"},{"taxonomy":"product_cat","embeddable":true,"href":"https:\/\/researchchemicalhub.com\/sl\/wp-json\/wp\/v2\/product_cat?post=26138"},{"taxonomy":"product_tag","embeddable":true,"href":"https:\/\/researchchemicalhub.com\/sl\/wp-json\/wp\/v2\/product_tag?post=26138"}],"curies":[{"name":"delovni list","href":"https:\/\/api.w.org\/{rel}","templated":true}]}}