{"id":26132,"date":"2025-10-20T01:31:17","date_gmt":"2025-10-20T01:31:17","guid":{"rendered":"https:\/\/researchchemicalhub.com\/?post_type=product&#038;p=26132"},"modified":"2025-10-21T05:53:59","modified_gmt":"2025-10-21T05:53:59","slug":"buy-ibogaine-hcl-online","status":"publish","type":"product","link":"https:\/\/researchchemicalhub.com\/sl\/shop\/iboga-ibogaine\/buy-ibogaine-hcl-online\/","title":{"rendered":"Kupite ibogain HCl"},"content":{"rendered":"<h2>Kupite ibogain HCl<\/h2>\n<div class=\"sm-table-layout__cell sm-table-layout__cell_align_left sm-table-layout__cell_fixed-cell_phrase\" role=\"cell\" data-testid=\"table-cell-keyword\">\n<div class=\"sm-cell-phrase\"><span class=\"___SText_anxqe-kmt_\" data-ui-name=\"Link.Text\">kupiti ibogain HCl na spletu, <\/span>Kupite ibogain HCl. Ibogain je aktivna kemikalija, ki jo najdemo v korenini afri\u0161ke rastline Tabernanthe iboga, ki odpravlja fizi\u010dne odtegnitvene znake in enkrat za vselej prekine hrepenenje po drogah. Ibogain HCl se je izkazal za najvplivnej\u0161o zeli\u0161\u010de za zdravljenje odvisnosti. Ob pravilni uporabi so rezultati 100% u\u010dinkoviti. Ibogain ponujamo vnaprej pakiran v kapsulah, kar olaj\u0161a odmerjanje in u\u017eivanje.<\/div>\n<\/div>\n<p>Pridobljeno iz lubja korenine iboge Tabernanthe. V drugi plasti lubja iboge je pribli\u017eno 12 razli\u010dnih alkaloidov. Trije najpomembnej\u0161i alkaloidi, ki se pridobivajo, vklju\u010dujejo ibogain, ibogamin in tudi ibogalin. Kot kemi\u010dna spojina ibogaina se ibogain HCl uporablja pri zdravljenju odvisnosti. Ibogain HCl je naravno prisotna spojina, pridobljena iz grma iboge Tabernanthe, ki izvira iz Afrike. Uporablja se za odstranjevanje toksinov (kot so opiati in druge droge) iz telesa in pomaga drasti\u010dno zmanj\u0161ati neprijetne simptome, povezane s fizi\u010dnim odtegnitvenim sindromom zaradi zlorabe substanc.<\/p>\n<p>Ibogain HCl je tretja stopnja ibogaina in se najpogosteje uporablja za zdravljenje odvisnosti. Gre skozi poseben postopek \u010di\u0161\u010denja s HCl, ki odstrani ve\u010d ne\u010disto\u010d in drugih snovi. Poleg tega ibogain HCl vsebuje pribli\u017eno 85\u201399 odstotkov \u010distega ibogaina.<\/p>\n<h2>Ibogain HCl naprodaj<\/h2>\n<p>Ibogain HCl se obi\u010dajno uporablja v zdravstvenem okolju pod nadzorom strokovno usposobljenih, certificiranih zdravnikov in medicinskih sester. Koristen je pri pomo\u010di osebi, ki se bori z zlorabo substanc, pri obvladovanju simptomov odtegnitvenih simptomov drog ali alkohola. Ibogain HCl se uporablja za zdravljenje simptomov odtegnitvenih simptomov drog tako, da deluje v sinergiji z nevroni in specifi\u010dnimi receptorskimi mesti, ki se nahajajo v mo\u017eganih in osrednjem \u017eiv\u010dnem sistemu.<\/p>\n<p>Ko oseba do\u017eivi odtegnitveni sindrom zaradi jemanja ibogain hidroklorida, bodo simptomi odtegnitvenih simptomov \u0161e vedno prisotni. Vendar pa se obi\u010dajno ob\u010dutijo le del\u010dek tistega, kar se zgodi brez zdravljenja. U\u010dinki zdravljenja z ibogain hidrokloridom lahko trajajo od 15 do 36 ur, odvisno od edinstvenih zna\u010dilnosti bolnika.<a href=\"https:\/\/researchchemicalhub.com\/sl\/shop\/cathinonen\/2-cmc-kopen\/\">2-CMC 250 mg peleti<\/a><a href=\"https:\/\/researchchemicalhub.com\/sl\/shop\/bijna-verboden\/6-cl-adba\/\">6-CL-ADBA<\/a><a href=\"https:\/\/researchchemicalhub.com\/sl\/shop\/lysergamides\/1v-lsd-150-mcg-blotters\/\">1V-LSD 150 MCG pivniki<\/a><a href=\"https:\/\/researchchemicalhub.com\/sl\/shop\/pellets\/o-dsmt-50mg-pellets\/\">O-DSMT 50 mg peleti<\/a><a href=\"https:\/\/researchchemicalhub.com\/sl\/shop\/lysergamides\/1cp-lsd-150-mcg\/\">1cP-LSD 150 MCG Art Blotters<\/a><\/p>","protected":false},"excerpt":{"rendered":"<p>Kupite ibogain HCl kupite ibogain HCl na spletu, Kupite ibogain HCl, Ibogain je aktivna kemikalija, ki jo najdemo v afri\u0161ki Tabernanthe<\/p>","protected":false},"featured_media":26149,"comment_status":"closed","ping_status":"closed","template":"","meta":[],"product_brand":[],"product_cat":[908],"product_tag":[913],"class_list":{"0":"post-26132","1":"product","2":"type-product","3":"status-publish","4":"has-post-thumbnail","6":"product_cat-iboga-ibogaine","7":"product_tag-buy-ibogaine-hcl-online","9":"first","10":"instock","11":"taxable","12":"shipping-taxable","13":"purchasable","14":"product-type-variable"},"_links":{"self":[{"href":"https:\/\/researchchemicalhub.com\/sl\/wp-json\/wp\/v2\/product\/26132","targetHints":{"allow":["GET"]}}],"collection":[{"href":"https:\/\/researchchemicalhub.com\/sl\/wp-json\/wp\/v2\/product"}],"about":[{"href":"https:\/\/researchchemicalhub.com\/sl\/wp-json\/wp\/v2\/types\/product"}],"replies":[{"embeddable":true,"href":"https:\/\/researchchemicalhub.com\/sl\/wp-json\/wp\/v2\/comments?post=26132"}],"version-history":[{"count":3,"href":"https:\/\/researchchemicalhub.com\/sl\/wp-json\/wp\/v2\/product\/26132\/revisions"}],"predecessor-version":[{"id":26157,"href":"https:\/\/researchchemicalhub.com\/sl\/wp-json\/wp\/v2\/product\/26132\/revisions\/26157"}],"wp:featuredmedia":[{"embeddable":true,"href":"https:\/\/researchchemicalhub.com\/sl\/wp-json\/wp\/v2\/media\/26149"}],"wp:attachment":[{"href":"https:\/\/researchchemicalhub.com\/sl\/wp-json\/wp\/v2\/media?parent=26132"}],"wp:term":[{"taxonomy":"product_brand","embeddable":true,"href":"https:\/\/researchchemicalhub.com\/sl\/wp-json\/wp\/v2\/product_brand?post=26132"},{"taxonomy":"product_cat","embeddable":true,"href":"https:\/\/researchchemicalhub.com\/sl\/wp-json\/wp\/v2\/product_cat?post=26132"},{"taxonomy":"product_tag","embeddable":true,"href":"https:\/\/researchchemicalhub.com\/sl\/wp-json\/wp\/v2\/product_tag?post=26132"}],"curies":[{"name":"delovni list","href":"https:\/\/api.w.org\/{rel}","templated":true}]}}