{"id":26126,"date":"2025-10-20T01:31:17","date_gmt":"2025-10-20T01:31:17","guid":{"rendered":"https:\/\/researchchemicalhub.com\/?post_type=product&#038;p=26126"},"modified":"2025-10-21T05:53:39","modified_gmt":"2025-10-21T05:53:39","slug":"kupiti-ibogo","status":"publish","type":"product","link":"https:\/\/researchchemicalhub.com\/sl\/trgovina\/iboga-ibogain\/kupiti-ibogo\/","title":{"rendered":"Kupite Ibogo TA"},"content":{"rendered":"<h2>Kupite Ibogo TA<\/h2>\n<p>iboga\u200b, Kupite Ibogo TA, TA pomeni \u00bbskupni alkaloid\u00ab. Iboga TA je izvle\u010dek, ki vsebuje vse alkaloide, prisotne v lubju korenine iboge. Alkaloidi se lahko relativno enostavno ekstrahirajo iz lubja korenine s kislinsko\/bazi\u010dno ekstrakcijo. kupite ibogo na spletu<\/p>\n<p>Znanstvene raziskave ka\u017eejo drasti\u010dno zmanj\u0161anje odtegnitvenih simptomov po jemanju lubja korenine iboge ali izvle\u010dkov, znanih kot HCL in TA, do te mere, da se ta skoraj popolnoma razgradi. Raziskave ka\u017eejo, da so zdravljenja z 90% uspe\u0161na in da bolniki tudi mesece po zdravljenju nimajo \u017eelje po ponovitvi bolezni. Poleg odpravljanja odvisnosti bolnikom daje jasnost in vpogled v lastno \u017eivljenje.<\/p>\n<p>Strokovno izvajamo po\u0161iljanje in pakiranje iboga prahu, da zagotovimo uspe\u0161no dostavo 100%. Nudimo strokovne storitve na na\u0161o destinacijo, na va\u0161 klic in povpra\u0161evanje pa vam lahko posredujemo tudi imenike o na\u010dinu uporabe, odmerjanju in druge pomembne statisti\u010dne podatke. <a href=\"https:\/\/researchchemicalhub.com\/sl\/trgovina\/okategoriserad\/kupi-4mmc\/\">kupi 4mmc<\/a><a href=\"https:\/\/researchchemicalhub.com\/sl\/trgovina\/iboga-ibogain\/lubje-korenine-iboge\/\">lubje korenine iboge<\/a><a href=\"https:\/\/researchchemicalhub.com\/sl\/trgovina\/iboga-ibogain\/kupiti-ibogain-hcl-na-spletu\/\">kupiti ibogain HCl na spletu<\/a><a href=\"https:\/\/researchchemicalhub.com\/sl\/trgovina\/lisergamidi\/1cp-lsd\/\">1cp lsd<\/a><a href=\"https:\/\/researchchemicalhub.com\/sl\/trgovina\/peleti-za-pelete\/o-dsmt-50-mg-pelete\/\">o-dsmt<\/a><\/p>","protected":false},"excerpt":{"rendered":"<p>Buy Iboga TA buy iboga\u200b, Buy Iboga TA, TA pomeni \u00bbceloten alkaloid\u00ab. Iboga TA je izvle\u010dek, ki vsebuje vse<\/p>","protected":false},"featured_media":26147,"comment_status":"closed","ping_status":"closed","template":"","meta":[],"product_brand":[],"product_cat":[908],"product_tag":[1091,1090],"class_list":{"0":"post-26126","1":"product","2":"type-product","3":"status-publish","4":"has-post-thumbnail","6":"product_cat-iboga-ibogaine","7":"product_tag-iboga","8":"product_tag-iboga-kopen","10":"first","11":"instock","12":"taxable","13":"shipping-taxable","14":"purchasable","15":"product-type-variable"},"_links":{"self":[{"href":"https:\/\/researchchemicalhub.com\/sl\/wp-json\/wp\/v2\/product\/26126","targetHints":{"allow":["GET"]}}],"collection":[{"href":"https:\/\/researchchemicalhub.com\/sl\/wp-json\/wp\/v2\/product"}],"about":[{"href":"https:\/\/researchchemicalhub.com\/sl\/wp-json\/wp\/v2\/types\/product"}],"replies":[{"embeddable":true,"href":"https:\/\/researchchemicalhub.com\/sl\/wp-json\/wp\/v2\/comments?post=26126"}],"version-history":[{"count":3,"href":"https:\/\/researchchemicalhub.com\/sl\/wp-json\/wp\/v2\/product\/26126\/revisions"}],"predecessor-version":[{"id":27690,"href":"https:\/\/researchchemicalhub.com\/sl\/wp-json\/wp\/v2\/product\/26126\/revisions\/27690"}],"wp:featuredmedia":[{"embeddable":true,"href":"https:\/\/researchchemicalhub.com\/sl\/wp-json\/wp\/v2\/media\/26147"}],"wp:attachment":[{"href":"https:\/\/researchchemicalhub.com\/sl\/wp-json\/wp\/v2\/media?parent=26126"}],"wp:term":[{"taxonomy":"product_brand","embeddable":true,"href":"https:\/\/researchchemicalhub.com\/sl\/wp-json\/wp\/v2\/product_brand?post=26126"},{"taxonomy":"product_cat","embeddable":true,"href":"https:\/\/researchchemicalhub.com\/sl\/wp-json\/wp\/v2\/product_cat?post=26126"},{"taxonomy":"product_tag","embeddable":true,"href":"https:\/\/researchchemicalhub.com\/sl\/wp-json\/wp\/v2\/product_tag?post=26126"}],"curies":[{"name":"delovni list","href":"https:\/\/api.w.org\/{rel}","templated":true}]}}