{"id":24668,"date":"2025-10-20T17:42:28","date_gmt":"2025-10-20T17:42:28","guid":{"rendered":"https:\/\/researchchemicalhub.com\/?post_type=product&#038;p=24668"},"modified":"2025-10-21T15:57:29","modified_gmt":"2025-10-21T15:57:29","slug":"hhc-candy-25mg-yellow","status":"publish","type":"product","link":"https:\/\/researchchemicalhub.com\/sl\/shop\/edibles\/hhc-candy-25mg-yellow\/","title":{"rendered":"Gumijasti bonboni 25 mg HHC (rumeni)"},"content":{"rendered":"<h3 data-start=\"277\" data-end=\"298\"><strong data-start=\"281\" data-end=\"296\">Uvod<\/strong><\/h3>\n<p data-start=\"299\" data-end=\"778\">Spoznajte <strong data-start=\"315\" data-end=\"348\">Gumijasti medvedki 25 mg HHC (rumeni)<\/strong> \u2014 visoka kakovost <strong data-start=\"364\" data-end=\"377\">sladkarije hhc<\/strong> Zasnovano za uporabnike, ki i\u0161\u010dejo mo\u010dnej\u0161i odmerek v okusni, u\u017eitni obliki. Vsak gumijasti bonbon vsebuje natanko 25 mg HHC v mehkem rumenem medvedku, idealen za tiste z nekaj izku\u0161njami ali vi\u0161jo toleranco. Razmislite. <strong data-start=\"625\" data-end=\"644\">kupi HHC sladkarije<\/strong>Ta izdelek zdru\u017euje u\u010dinkovitost, laboratorijsko preizku\u0161eno \u010distost in dosledno odmerjanje za zanesljivo izku\u0161njo.<\/p>\n<hr data-start=\"780\" data-end=\"783\" \/>\n<h3 data-start=\"785\" data-end=\"818\"><strong data-start=\"789\" data-end=\"816\">Klju\u010dne lastnosti<\/strong><\/h3>\n<ul data-start=\"820\" data-end=\"1396\">\n<li data-start=\"820\" data-end=\"927\">\n<p data-start=\"822\" data-end=\"927\"><strong data-start=\"822\" data-end=\"847\">Mo\u010dan odmerek 25 mg<\/strong> \u2013 Vsak rumen gumijasti bonbon vsebuje natanko 25 mg HHC za jasno opazen u\u010dinek.<\/p>\n<\/li>\n<li data-start=\"928\" data-end=\"1075\">\n<p data-start=\"930\" data-end=\"1075\"><strong data-start=\"930\" data-end=\"967\">Testirano na \u010distost in varnost<\/strong> \u2013 Vsaka serija je neodvisno testirana, da se potrdi trdnost in odsotnost onesna\u017eevalcev.<\/p>\n<\/li>\n<li data-start=\"1076\" data-end=\"1189\">\n<p data-start=\"1078\" data-end=\"1189\"><strong data-start=\"1078\" data-end=\"1107\">Prijeten okus in tekstura<\/strong> \u2013 Gumijasti bonboni so lepi in mehki, zaradi \u010desar so prijetni in diskretni za uporabo.<\/p>\n<\/li>\n<li data-start=\"1190\" data-end=\"1287\">\n<p data-start=\"1192\" data-end=\"1287\"><strong data-start=\"1192\" data-end=\"1216\">Dosledno odmerjanje<\/strong> \u2013 Vsak bonbon je natan\u010dno odmerjen za predvidljive rezultate.<\/p>\n<\/li>\n<li data-start=\"1288\" data-end=\"1396\">\n<p data-start=\"1290\" data-end=\"1396\"><strong data-start=\"1290\" data-end=\"1313\">Trajnostna embala\u017ea<\/strong> \u2013 Hermeti\u010dno zaprti, svetlobo neprepustni kozarci, ki ohranjajo sve\u017eino in prepre\u010dujejo razpad.<\/p>\n<\/li>\n<\/ul>\n<hr data-start=\"1398\" data-end=\"1401\" \/>\n<h3 data-start=\"1403\" data-end=\"1422\"><strong data-start=\"1407\" data-end=\"1420\">Prednosti<\/strong><\/h3>\n<ul data-start=\"1424\" data-end=\"2189\">\n<li data-start=\"1424\" data-end=\"1578\">\n<p data-start=\"1426\" data-end=\"1578\"><strong data-start=\"1426\" data-end=\"1460\">Mo\u010dnej\u0161a in zanesljivej\u0161a izku\u0161nja<\/strong> \u2013 Mo\u010d 25 mg je idealna za izku\u0161ene uporabnike, ki si \u017eelijo mo\u010dnej\u0161ega u\u010dinka brez negotovosti glede odmerjanja.<\/p>\n<\/li>\n<li data-start=\"1579\" data-end=\"1723\">\n<p data-start=\"1581\" data-end=\"1723\"><strong data-start=\"1581\" data-end=\"1602\">Priro\u010dno in diskretno<\/strong> \u2013 \u010ce <strong data-start=\"1609\" data-end=\"1622\">sladkarije hhc<\/strong> Podobni so navadnim bonbonom, zaradi \u010desar so prenosni in diskretni za uporabo.<\/p>\n<\/li>\n<li data-start=\"1724\" data-end=\"1879\">\n<p data-start=\"1726\" data-end=\"1879\"><strong data-start=\"1726\" data-end=\"1754\">Bla\u017eja izku\u0161nja kot THC<\/strong> \u2013 Mnogi uporabniki poro\u010dajo, da ima HHC v primerjavi s tradicionalnimi u\u017eitnimi izdelki s THC bolj gladek in manj anksioznega u\u010dinka.<\/p>\n<\/li>\n<li data-start=\"1880\" data-end=\"2048\">\n<p data-start=\"1882\" data-end=\"2048\"><strong data-start=\"1882\" data-end=\"1905\">Dolgotrajni u\u010dinki<\/strong> \u2013 Ker se HHC absorbira skozi prebavni sistem, u\u010dinki obi\u010dajno trajajo dlje kot pri vdihavanju, \u010deprav je za\u010detek u\u010dinka nekoliko po\u010dasnej\u0161i.<\/p>\n<\/li>\n<li data-start=\"2049\" data-end=\"2189\">\n<p data-start=\"2051\" data-end=\"2189\"><strong data-start=\"2051\" data-end=\"2078\">Zagotovljena kakovost<\/strong> \u2013 Laboratorijsko testiranje zagotavlja, da ste lahko prepri\u010dani v \u010distost, varnost in pravilen odmerek vsakega bonbona.<\/p>\n<\/li>\n<\/ul>\n<hr data-start=\"2191\" data-end=\"2194\" \/>\n<h3 data-start=\"2196\" data-end=\"2243\"><strong data-start=\"2200\" data-end=\"2241\">Kako uporabljati \/ Navodila za uporabo<\/strong><\/h3>\n<blockquote data-start=\"2245\" data-end=\"2422\">\n<p data-start=\"2247\" data-end=\"2422\"><strong data-start=\"2247\" data-end=\"2272\">Pomembno obvestilo<\/strong>Te informacije so zgolj v izobra\u017eevalne namene. Vedno preverite zakonitost HHC v va\u0161i dr\u017eavi in upo\u0161tevajte lokalne predpise.<\/p>\n<\/blockquote>\n<ol data-start=\"2424\" data-end=\"3362\">\n<li data-start=\"2424\" data-end=\"2616\">\n<p data-start=\"2427\" data-end=\"2466\"><strong data-start=\"2427\" data-end=\"2464\">Za\u010dnite s polovico ali celim gumijastim bonbonom<\/strong><\/p>\n<ul data-start=\"2470\" data-end=\"2616\">\n<li data-start=\"2470\" data-end=\"2497\">\n<p data-start=\"2472\" data-end=\"2497\">Dobro pre\u017eve\u010dite in pogoltnite.<\/p>\n<\/li>\n<li data-start=\"2501\" data-end=\"2616\">\n<p data-start=\"2503\" data-end=\"2616\">Stra\u017ear <strong data-start=\"2509\" data-end=\"2531\">90 do 120 minut<\/strong> preden vzamete ve\u010d, saj u\u017eitna \u017eivila potrebujejo \u010das, da delujejo.<\/p>\n<\/li>\n<\/ul>\n<\/li>\n<li data-start=\"2618\" data-end=\"2829\">\n<p data-start=\"2621\" data-end=\"2643\"><strong data-start=\"2621\" data-end=\"2641\">Po\u010dasi pove\u010dujte<\/strong><\/p>\n<ul data-start=\"2647\" data-end=\"2829\">\n<li data-start=\"2647\" data-end=\"2736\">\n<p data-start=\"2649\" data-end=\"2736\">\u010ce je u\u010dinek po \u010dakalni dobi blag, lahko vzamete \u0161e polovico ali cel gumijasti bonbon.<\/p>\n<\/li>\n<li data-start=\"2740\" data-end=\"2829\">\n<p data-start=\"2742\" data-end=\"2829\">Odmerek vedno pove\u010dujte previdno \u2013 la\u017eje je dodati ve\u010d kot vzeti preve\u010d.<\/p>\n<\/li>\n<\/ul>\n<\/li>\n<li data-start=\"2831\" data-end=\"3011\">\n<p data-start=\"2834\" data-end=\"2860\"><strong data-start=\"2834\" data-end=\"2858\">Najbolj\u0161i \u010das za uporabo<\/strong><\/p>\n<ul data-start=\"2864\" data-end=\"3011\">\n<li data-start=\"2864\" data-end=\"2929\">\n<p data-start=\"2866\" data-end=\"2929\">Za bolj\u0161o absorpcijo vzemite na lahek, nemasten \u017eelodec.<\/p>\n<\/li>\n<li data-start=\"2933\" data-end=\"3011\">\n<p data-start=\"2935\" data-end=\"3011\">Izogibajte se uporabi v kombinaciji z alkoholom ali drugimi psihoaktivnimi snovmi.<\/p>\n<\/li>\n<\/ul>\n<\/li>\n<li data-start=\"3013\" data-end=\"3161\">\n<p data-start=\"3016\" data-end=\"3028\"><strong data-start=\"3016\" data-end=\"3026\">Shranjevanje<\/strong><\/p>\n<ul data-start=\"3032\" data-end=\"3161\">\n<li data-start=\"3032\" data-end=\"3081\">\n<p data-start=\"3034\" data-end=\"3081\">Hranite na hladnem, suhem in temnem mestu.<\/p>\n<\/li>\n<li data-start=\"3085\" data-end=\"3161\">\n<p data-start=\"3087\" data-end=\"3161\">Posodo hranite tesno zaprto, da ohranite sve\u017eino in u\u010dinkovitost.<\/p>\n<\/li>\n<\/ul>\n<\/li>\n<li data-start=\"3163\" data-end=\"3362\">\n<p data-start=\"3166\" data-end=\"3182\"><strong data-start=\"3166\" data-end=\"3180\">Varnost<\/strong><\/p>\n<ul data-start=\"3186\" data-end=\"3362\">\n<li data-start=\"3186\" data-end=\"3243\">\n<p data-start=\"3188\" data-end=\"3243\">Med uporabo ne vozite in ne upravljajte strojev.<\/p>\n<\/li>\n<li data-start=\"3247\" data-end=\"3299\">\n<p data-start=\"3249\" data-end=\"3299\">Hraniti izven dosega otrok in hi\u0161nih ljubljen\u010dkov.<\/p>\n<\/li>\n<li data-start=\"3303\" data-end=\"3362\">\n<p data-start=\"3305\" data-end=\"3362\">Pri prvi uporabi ali pri slabi toleranci uporabljajte previdno.<\/p>\n<\/li>\n<\/ul>\n<\/li>\n<\/ol>\n<hr data-start=\"3364\" data-end=\"3367\" \/>\n<h3 data-start=\"3369\" data-end=\"3404\"><strong data-start=\"3373\" data-end=\"3402\">Pogosto zastavljena vpra\u0161anja (FAQ)<\/strong><\/h3>\n<p data-start=\"3406\" data-end=\"3663\"><strong data-start=\"3406\" data-end=\"3432\">1. Kaj so \u00bbsladkarije HHC\u00ab?<\/strong><br data-start=\"3432\" data-end=\"3435\" \/><strong data-start=\"3435\" data-end=\"3448\">HHC sladkarije<\/strong> Ti bonboni so prepojeni s heksahidrokanabinolom (HHC). Ponujajo enostaven in nadzorovan na\u010din u\u017eivanja HHC, podobno kot u\u017eitni izdelki s THC ali CBD, vendar s pogosto bla\u017ejo izku\u0161njo.<\/p>\n<p data-start=\"3665\" data-end=\"3922\"><strong data-start=\"3665\" data-end=\"3733\">2. Kako dolgo trajajo u\u010dinki gumijastih medvedkov 25 mg HHC (rumeni)?<\/strong><br data-start=\"3733\" data-end=\"3736\" \/>U\u010dinki obi\u010dajno trajajo <strong data-start=\"3764\" data-end=\"3779\">3 do 6 ur<\/strong>, odvisno od odmerka, presnove in individualne ob\u010dutljivosti. Nekateri uporabniki izven tega \u010dasovnega okna ob\u010dutijo blage posledice.<\/p>\n<p data-start=\"3924\" data-end=\"4239\"><strong data-start=\"3924\" data-end=\"3959\">3. Ali je &quot;nakup sladkarij HHC&quot; zakonit?<\/strong><br data-start=\"3959\" data-end=\"3962\" \/>Zakonitost <strong data-start=\"3980\" data-end=\"3999\">kupi HHC sladkarije<\/strong> To je povsem odvisno od va\u0161e dr\u017eave ali regije. Na nekaterih obmo\u010djih je HHC reguliran ali prepovedan. Pred nakupom vedno preverite lokalne predpise in se prepri\u010dajte, da ima prodajalec posodobljene laboratorijske teste in certifikate kakovosti.<\/p>","protected":false},"excerpt":{"rendered":"<h2>HHC bonboni 25 mg rumeni<\/h2>\n<p><strong>Znamka:<\/strong> Kraljica listov<br \/>\n<strong>\u0160tevilo gumijastih medvedkov na vre\u010dko:<\/strong> 10<br \/>\n<strong>Sestavine:<\/strong> glukoza, \u017eelatina, vitamin C, kalijev sorbat, aroma koruznega olja, barvilo (E110), aktivna sestavina HHC<br \/>\n<strong>Koli\u010dina HHC:<\/strong> 25 mg<br \/>\n<strong>Barvni gumijasti medvedki:<\/strong> rumena<\/p>","protected":false},"featured_media":24694,"comment_status":"closed","ping_status":"closed","template":"","meta":[],"product_brand":[82],"product_cat":[328,327],"product_tag":[718,715,714,716,717,707,719],"class_list":{"0":"post-24668","1":"product","2":"type-product","3":"status-publish","4":"has-post-thumbnail","6":"product_brand-research-chemical","7":"product_cat-edibles","8":"product_cat-hhc","9":"product_tag-hhc-candy","10":"product_tag-hhc-edible-dosage","11":"product_tag-hhc-edibles","12":"product_tag-hhc-edibles-effects","13":"product_tag-hhc-gummies","14":"product_tag-hhc-gummy-bear","15":"product_tag-hhc-jellies","17":"first","18":"instock","19":"taxable","20":"shipping-taxable","21":"purchasable","22":"product-type-variable"},"_links":{"self":[{"href":"https:\/\/researchchemicalhub.com\/sl\/wp-json\/wp\/v2\/product\/24668","targetHints":{"allow":["GET"]}}],"collection":[{"href":"https:\/\/researchchemicalhub.com\/sl\/wp-json\/wp\/v2\/product"}],"about":[{"href":"https:\/\/researchchemicalhub.com\/sl\/wp-json\/wp\/v2\/types\/product"}],"replies":[{"embeddable":true,"href":"https:\/\/researchchemicalhub.com\/sl\/wp-json\/wp\/v2\/comments?post=24668"}],"version-history":[{"count":5,"href":"https:\/\/researchchemicalhub.com\/sl\/wp-json\/wp\/v2\/product\/24668\/revisions"}],"predecessor-version":[{"id":27757,"href":"https:\/\/researchchemicalhub.com\/sl\/wp-json\/wp\/v2\/product\/24668\/revisions\/27757"}],"wp:featuredmedia":[{"embeddable":true,"href":"https:\/\/researchchemicalhub.com\/sl\/wp-json\/wp\/v2\/media\/24694"}],"wp:attachment":[{"href":"https:\/\/researchchemicalhub.com\/sl\/wp-json\/wp\/v2\/media?parent=24668"}],"wp:term":[{"taxonomy":"product_brand","embeddable":true,"href":"https:\/\/researchchemicalhub.com\/sl\/wp-json\/wp\/v2\/product_brand?post=24668"},{"taxonomy":"product_cat","embeddable":true,"href":"https:\/\/researchchemicalhub.com\/sl\/wp-json\/wp\/v2\/product_cat?post=24668"},{"taxonomy":"product_tag","embeddable":true,"href":"https:\/\/researchchemicalhub.com\/sl\/wp-json\/wp\/v2\/product_tag?post=24668"}],"curies":[{"name":"delovni list","href":"https:\/\/api.w.org\/{rel}","templated":true}]}}