{"id":24664,"date":"2025-10-20T17:42:28","date_gmt":"2025-10-20T17:42:28","guid":{"rendered":"https:\/\/researchchemicalhub.com\/?post_type=product&#038;p=24664"},"modified":"2025-10-29T07:54:54","modified_gmt":"2025-10-29T07:54:54","slug":"hhc-edibles-10mg-green","status":"publish","type":"product","link":"https:\/\/researchchemicalhub.com\/sl\/shop\/edibles\/hhc-edibles-10mg-green\/","title":{"rendered":"Gumijasti bonboni 10 mg HHC (zeleni)"},"content":{"rendered":"<h3 data-start=\"4670\" data-end=\"4687\"><span dir=\"auto\" style=\"vertical-align: inherit;\"><span dir=\"auto\" style=\"vertical-align: inherit;\">Uvod<\/span><\/span><\/h3>\n<p data-start=\"4688\" data-end=\"5108\"><span dir=\"auto\" style=\"vertical-align: inherit;\"><span dir=\"auto\" style=\"vertical-align: inherit;\">Odkrijte <\/span><\/span><strong data-start=\"4695\" data-end=\"4727\"><span dir=\"auto\" style=\"vertical-align: inherit;\"><span dir=\"auto\" style=\"vertical-align: inherit;\">Gumijasti medvedki 10 mg HHC (zeleni)<\/span><\/span><\/strong><span dir=\"auto\" style=\"vertical-align: inherit;\"><span dir=\"auto\" style=\"vertical-align: inherit;\"> \u2014premium <\/span><\/span><strong data-start=\"4738\" data-end=\"4753\"><span dir=\"auto\" style=\"vertical-align: inherit;\"><span dir=\"auto\" style=\"vertical-align: inherit;\">U\u017eitni izdelki HHC<\/span><\/span><\/strong><span dir=\"auto\" style=\"vertical-align: inherit;\"><span dir=\"auto\" style=\"vertical-align: inherit;\"> ki zagotavljajo dosledno odmerjanje in prijetno izku\u0161njo. Vsak gumijasti bonbon vsebuje natanko 10 mg HHC v zelenem medvedku, kar je idealno za uporabnike, ki i\u0161\u010dejo zmerne u\u010dinke v priro\u010dni in diskretni obliki. Ne glede na to, ali i\u0161\u010dete informacije ali razmi\u0161ljate o <\/span><\/span><strong data-start=\"5008\" data-end=\"5046\"><span dir=\"auto\" style=\"vertical-align: inherit;\"><span dir=\"auto\" style=\"vertical-align: inherit;\">Nakup gumijastih medvedkov 10 mg HHC (zelenih)<\/span><\/span><\/strong><span dir=\"auto\" style=\"vertical-align: inherit;\"><span dir=\"auto\" style=\"vertical-align: inherit;\"> , ta izdelek ponuja preglednost, kakovost in enostavnost uporabe.<\/span><\/span><\/p>\n<hr data-start=\"5110\" data-end=\"5113\" \/>\n<h3 data-start=\"5115\" data-end=\"5144\"><span dir=\"auto\" style=\"vertical-align: inherit;\"><span dir=\"auto\" style=\"vertical-align: inherit;\">Klju\u010dne lastnosti<\/span><\/span><\/h3>\n<ul data-start=\"5146\" data-end=\"5724\">\n<li data-start=\"5146\" data-end=\"5261\">\n<p data-start=\"5148\" data-end=\"5261\"><strong data-start=\"5148\" data-end=\"5175\"><span dir=\"auto\" style=\"vertical-align: inherit;\"><span dir=\"auto\" style=\"vertical-align: inherit;\">Natan\u010den odmerek 10 mg<\/span><\/span><\/strong><span dir=\"auto\" style=\"vertical-align: inherit;\"><span dir=\"auto\" style=\"vertical-align: inherit;\"> Vsak posamezen gumijasti bonbon vsebuje natanko 10 miligramov HHC, kar zagotavlja predvidljive u\u010dinke.<\/span><\/span><\/p>\n<\/li>\n<li data-start=\"5262\" data-end=\"5361\">\n<p data-start=\"5264\" data-end=\"5361\"><strong data-start=\"5264\" data-end=\"5287\"><span dir=\"auto\" style=\"vertical-align: inherit;\"><span dir=\"auto\" style=\"vertical-align: inherit;\">\u010cista formulacija<\/span><\/span><\/strong><span dir=\"auto\" style=\"vertical-align: inherit;\"><span dir=\"auto\" style=\"vertical-align: inherit;\"> : Izdelano iz visokokakovostnih sestavin in brez nepotrebnih dodatkov.<\/span><\/span><\/p>\n<\/li>\n<li data-start=\"5362\" data-end=\"5470\">\n<p data-start=\"5364\" data-end=\"5470\"><strong data-start=\"5364\" data-end=\"5386\"><span dir=\"auto\" style=\"vertical-align: inherit;\"><span dir=\"auto\" style=\"vertical-align: inherit;\">Zelena barvna raznolikost<\/span><\/span><\/strong><span dir=\"auto\" style=\"vertical-align: inherit;\"><span dir=\"auto\" style=\"vertical-align: inherit;\"> \u00bbZelena\u00ab razli\u010dica ponuja subtilno prepoznavnost in raznolikost pri izbiri u\u017eitnih izdelkov.<\/span><\/span><\/p>\n<\/li>\n<li data-start=\"5471\" data-end=\"5612\">\n<p data-start=\"5473\" data-end=\"5612\"><strong data-start=\"5473\" data-end=\"5508\"><span dir=\"auto\" style=\"vertical-align: inherit;\"><span dir=\"auto\" style=\"vertical-align: inherit;\">Testirano v neodvisnem laboratoriju<\/span><\/span><\/strong><span dir=\"auto\" style=\"vertical-align: inherit;\"><span dir=\"auto\" style=\"vertical-align: inherit;\"> Vsaka serija je neodvisno testirana glede \u010distosti, u\u010dinkovitosti in odsotnosti onesna\u017eevalcev.<\/span><\/span><\/p>\n<\/li>\n<li data-start=\"5613\" data-end=\"5724\">\n<p data-start=\"5615\" data-end=\"5724\"><strong data-start=\"5615\" data-end=\"5637\"><span dir=\"auto\" style=\"vertical-align: inherit;\"><span dir=\"auto\" style=\"vertical-align: inherit;\">Dolga \u017eivljenjska doba<\/span><\/span><\/strong><span dir=\"auto\" style=\"vertical-align: inherit;\"><span dir=\"auto\" style=\"vertical-align: inherit;\"> : Formulirano za stabilnost, da se u\u010dinkovitost ohrani, \u010de je pravilno shranjeno.<\/span><\/span><\/p>\n<\/li>\n<\/ul>\n<hr data-start=\"5726\" data-end=\"5729\" \/>\n<h3 data-start=\"5731\" data-end=\"5746\"><span dir=\"auto\" style=\"vertical-align: inherit;\"><span dir=\"auto\" style=\"vertical-align: inherit;\">Prednosti<\/span><\/span><\/h3>\n<ul data-start=\"5748\" data-end=\"6578\">\n<li data-start=\"5748\" data-end=\"5882\">\n<p data-start=\"5750\" data-end=\"5882\"><strong data-start=\"5750\" data-end=\"5788\"><span dir=\"auto\" style=\"vertical-align: inherit;\"><span dir=\"auto\" style=\"vertical-align: inherit;\">Nadzorovana in dosledna izku\u0161nja<\/span><\/span><\/strong><span dir=\"auto\" style=\"vertical-align: inherit;\"><span dir=\"auto\" style=\"vertical-align: inherit;\"> Natan\u010dno odmerjanje 10 mg vam omogo\u010da bolj\u0161i nadzor nad u\u010dinki in prilagoditev vnosa.<\/span><\/span><\/p>\n<\/li>\n<li data-start=\"5883\" data-end=\"6015\">\n<p data-start=\"5885\" data-end=\"6015\"><strong data-start=\"5885\" data-end=\"5906\"><span dir=\"auto\" style=\"vertical-align: inherit;\"><span dir=\"auto\" style=\"vertical-align: inherit;\">Diskretno in priro\u010dno<\/span><\/span><\/strong><span dir=\"auto\" style=\"vertical-align: inherit;\"><span dir=\"auto\" style=\"vertical-align: inherit;\"> Ti gumijasti bonboni spominjajo na bonbone, zaradi \u010desar jih je enostavno nositi in u\u017eivati, ne da bi pritegnili pozornost.<\/span><\/span><\/p>\n<\/li>\n<li data-start=\"6016\" data-end=\"6205\">\n<p data-start=\"6018\" data-end=\"6205\"><strong data-start=\"6018\" data-end=\"6051\"><span dir=\"auto\" style=\"vertical-align: inherit;\"><span dir=\"auto\" style=\"vertical-align: inherit;\">Bla\u017eji psihoaktivni profil<\/span><\/span><\/strong><span dir=\"auto\" style=\"vertical-align: inherit;\"><span dir=\"auto\" style=\"vertical-align: inherit;\"> HHC je znan po svojih bla\u017ejih u\u010dinkih kot Delta-9 THC, za vznemirljiv, a ne preobremenjujo\u010d ob\u010dutek.<\/span><\/span><\/p>\n<\/li>\n<li data-start=\"6206\" data-end=\"6384\">\n<p data-start=\"6208\" data-end=\"6384\"><strong data-start=\"6208\" data-end=\"6230\"><span dir=\"auto\" style=\"vertical-align: inherit;\"><span dir=\"auto\" style=\"vertical-align: inherit;\">Dalj\u0161i u\u010dinek<\/span><\/span><\/strong><span dir=\"auto\" style=\"vertical-align: inherit;\"><span dir=\"auto\" style=\"vertical-align: inherit;\"> Kot oblika <\/span><\/span><strong data-start=\"6245\" data-end=\"6260\"><span dir=\"auto\" style=\"vertical-align: inherit;\"><span dir=\"auto\" style=\"vertical-align: inherit;\">u\u017eitni izdelki hhc,<\/span><\/span><\/strong><span dir=\"auto\" style=\"vertical-align: inherit;\"><span dir=\"auto\" style=\"vertical-align: inherit;\"> U\u010dinki lahko trajajo dlje kot pri vdihavanju, \u010deprav je za\u010detek po\u010dasnej\u0161i.<\/span><\/span><\/p>\n<\/li>\n<li data-start=\"6385\" data-end=\"6578\">\n<p data-start=\"6387\" data-end=\"6578\"><strong data-start=\"6387\" data-end=\"6419\"><span dir=\"auto\" style=\"vertical-align: inherit;\"><span dir=\"auto\" style=\"vertical-align: inherit;\">Rekreacijska in wellness uporaba<\/span><\/span><\/strong><span dir=\"auto\" style=\"vertical-align: inherit;\"><span dir=\"auto\" style=\"vertical-align: inherit;\"> Uporabniki pogosto poro\u010dajo, da gumijasti bonboni zagotavljajo sprostitev, izbolj\u0161anje razpolo\u017eenja in prijetnej\u0161o senzori\u010dno izku\u0161njo.<\/span><\/span><\/p>\n<\/li>\n<\/ul>\n<hr data-start=\"6580\" data-end=\"6583\" \/>\n<h3 data-start=\"6585\" data-end=\"6628\"><span dir=\"auto\" style=\"vertical-align: inherit;\"><span dir=\"auto\" style=\"vertical-align: inherit;\">Kako uporabljati \/ Navodila za uporabo<\/span><\/span><\/h3>\n<blockquote data-start=\"6630\" data-end=\"6814\">\n<p data-start=\"6632\" data-end=\"6814\"><strong data-start=\"6632\" data-end=\"6657\"><span dir=\"auto\" style=\"vertical-align: inherit;\"><span dir=\"auto\" style=\"vertical-align: inherit;\">Pomembno obvestilo<\/span><\/span><\/strong><span dir=\"auto\" style=\"vertical-align: inherit;\"><span dir=\"auto\" style=\"vertical-align: inherit;\"> Te smernice veljajo le v jurisdikcijah in za posameznike, kjer je zdravstveno varstvo zakonito. Vedno upo\u0161tevajte lokalne predpise in se po potrebi posvetujte s strokovnjaki.<\/span><\/span><\/p>\n<\/blockquote>\n<ol data-start=\"6816\" data-end=\"7797\">\n<li data-start=\"6816\" data-end=\"7040\">\n<p data-start=\"6819\" data-end=\"6844\"><strong data-start=\"6819\" data-end=\"6842\"><span dir=\"auto\" style=\"vertical-align: inherit;\"><span dir=\"auto\" style=\"vertical-align: inherit;\">Za\u010dnite z enim gumijastim bonbonom<\/span><\/span><\/strong><\/p>\n<ul data-start=\"6848\" data-end=\"7040\">\n<li data-start=\"6848\" data-end=\"6875\">\n<p data-start=\"6850\" data-end=\"6875\"><span dir=\"auto\" style=\"vertical-align: inherit;\"><span dir=\"auto\" style=\"vertical-align: inherit;\">Dobro pre\u017eve\u010dite in pogoltnite.<\/span><\/span><\/p>\n<\/li>\n<li data-start=\"6879\" data-end=\"7040\">\n<p data-start=\"6881\" data-end=\"7040\"><span dir=\"auto\" style=\"vertical-align: inherit;\"><span dir=\"auto\" style=\"vertical-align: inherit;\">Po\u010dakaj vsaj <\/span><\/span><strong data-start=\"6896\" data-end=\"6917\"><span dir=\"auto\" style=\"vertical-align: inherit;\"><span dir=\"auto\" style=\"vertical-align: inherit;\">60 do 90 minut<\/span><\/span><\/strong><span dir=\"auto\" style=\"vertical-align: inherit;\"><span dir=\"auto\" style=\"vertical-align: inherit;\"> preden vzamete dodatni odmerek, saj se u\u017eitna \u017eivila absorbirajo \u0161ele \u010dez nekaj \u010dasa.<\/span><\/span><\/p>\n<\/li>\n<\/ul>\n<\/li>\n<li data-start=\"7042\" data-end=\"7265\">\n<p data-start=\"7045\" data-end=\"7067\"><strong data-start=\"7045\" data-end=\"7065\"><span dir=\"auto\" style=\"vertical-align: inherit;\"><span dir=\"auto\" style=\"vertical-align: inherit;\">Po\u010dasi prilagajajte<\/span><\/span><\/strong><\/p>\n<ul data-start=\"7071\" data-end=\"7265\">\n<li data-start=\"7071\" data-end=\"7210\">\n<p data-start=\"7073\" data-end=\"7210\"><span dir=\"auto\" style=\"vertical-align: inherit;\"><span dir=\"auto\" style=\"vertical-align: inherit;\">\u010ce so u\u010dinki po uri in pol blagi, lahko vzamete dodatno polovico gumijastega bonbona (5 mg) ali cel gumijasti bonbon, odvisno od va\u0161e tolerance.<\/span><\/span><\/p>\n<\/li>\n<li data-start=\"7214\" data-end=\"7265\">\n<p data-start=\"7216\" data-end=\"7265\"><span dir=\"auto\" style=\"vertical-align: inherit;\"><span dir=\"auto\" style=\"vertical-align: inherit;\">Dvignite previdno \u2013 nadaljujte previdno.<\/span><\/span><\/p>\n<\/li>\n<\/ul>\n<\/li>\n<li data-start=\"7267\" data-end=\"7479\">\n<p data-start=\"7270\" data-end=\"7291\"><strong data-start=\"7270\" data-end=\"7289\"><span dir=\"auto\" style=\"vertical-align: inherit;\"><span dir=\"auto\" style=\"vertical-align: inherit;\">Najbolj\u0161i pogoji<\/span><\/span><\/strong><\/p>\n<ul data-start=\"7295\" data-end=\"7479\">\n<li data-start=\"7295\" data-end=\"7410\">\n<p data-start=\"7297\" data-end=\"7410\"><span dir=\"auto\" style=\"vertical-align: inherit;\"><span dir=\"auto\" style=\"vertical-align: inherit;\">Za uravnote\u017eeno absorpcijo u\u017eivajte na lahkem, a ne mastnem \u017eelodcu (npr. po lahkem prigrizku).<\/span><\/span><\/p>\n<\/li>\n<li data-start=\"7414\" data-end=\"7479\">\n<p data-start=\"7416\" data-end=\"7479\"><span dir=\"auto\" style=\"vertical-align: inherit;\"><span dir=\"auto\" style=\"vertical-align: inherit;\">Izogibajte se kombinaciji z alkoholom ali drugimi psihoaktivnimi snovmi.<\/span><\/span><\/p>\n<\/li>\n<\/ul>\n<\/li>\n<li data-start=\"7481\" data-end=\"7643\">\n<p data-start=\"7484\" data-end=\"7510\"><strong data-start=\"7484\" data-end=\"7508\"><span dir=\"auto\" style=\"vertical-align: inherit;\"><span dir=\"auto\" style=\"vertical-align: inherit;\">Skladi\u0161\u010denje in ravnanje<\/span><\/span><\/strong><\/p>\n<ul data-start=\"7514\" data-end=\"7643\">\n<li data-start=\"7514\" data-end=\"7573\">\n<p data-start=\"7516\" data-end=\"7573\"><span dir=\"auto\" style=\"vertical-align: inherit;\"><span dir=\"auto\" style=\"vertical-align: inherit;\">Hranite na hladnem in suhem mestu, za\u0161\u010diteno pred neposredno son\u010dno svetlobo.<\/span><\/span><\/p>\n<\/li>\n<li data-start=\"7577\" data-end=\"7643\">\n<p data-start=\"7579\" data-end=\"7643\"><span dir=\"auto\" style=\"vertical-align: inherit;\"><span dir=\"auto\" style=\"vertical-align: inherit;\">Embala\u017eo tesno zaprite, da ohranite sve\u017eino in u\u010dinkovitost.<\/span><\/span><\/p>\n<\/li>\n<\/ul>\n<\/li>\n<li data-start=\"7645\" data-end=\"7797\">\n<p data-start=\"7648\" data-end=\"7674\"><strong data-start=\"7648\" data-end=\"7672\"><span dir=\"auto\" style=\"vertical-align: inherit;\"><span dir=\"auto\" style=\"vertical-align: inherit;\">Varnost in uporaba<\/span><\/span><\/strong><\/p>\n<ul data-start=\"7678\" data-end=\"7797\">\n<li data-start=\"7678\" data-end=\"7738\">\n<p data-start=\"7680\" data-end=\"7738\"><span dir=\"auto\" style=\"vertical-align: inherit;\"><span dir=\"auto\" style=\"vertical-align: inherit;\">Med uporabo ne vozite in ne upravljajte te\u017ekih strojev.<\/span><\/span><\/p>\n<\/li>\n<li data-start=\"7742\" data-end=\"7797\">\n<p data-start=\"7744\" data-end=\"7797\"><span dir=\"auto\" style=\"vertical-align: inherit;\"><span dir=\"auto\" style=\"vertical-align: inherit;\">Hraniti izven dosega otrok in hi\u0161nih ljubljen\u010dkov.<\/span><\/span><\/p>\n<\/li>\n<\/ul>\n<\/li>\n<\/ol>\n<hr data-start=\"7799\" data-end=\"7802\" \/>\n<h3 data-start=\"7804\" data-end=\"7835\"><span dir=\"auto\" style=\"vertical-align: inherit;\"><span dir=\"auto\" style=\"vertical-align: inherit;\">Pogosto zastavljena vpra\u0161anja (FAQ)<\/span><\/span><\/h3>\n<p data-start=\"7837\" data-end=\"8236\"><strong data-start=\"7837\" data-end=\"7906\"><span dir=\"auto\" style=\"vertical-align: inherit;\"><span dir=\"auto\" style=\"vertical-align: inherit;\">1. Kaj so u\u017eitni izdelki HHC in kako se razlikujejo od drugih u\u017eitnih izdelkov?<\/span><\/span><\/strong><br data-start=\"7906\" data-end=\"7909\" \/><span dir=\"auto\" style=\"vertical-align: inherit;\"><span dir=\"auto\" style=\"vertical-align: inherit;\"> U\u017eitni izdelki s HHC so \u017eivila, prepojena s heksahidrokanabinolom (HHC), hidrogeniranim kanabinoidom. Za razliko od tradicionalnih u\u017eitnih izdelkov s THC ima HHC obi\u010dajno bla\u017eji, bolj pomirjujo\u010d psihoaktivni u\u010dinek, \u010deprav se izku\u0161nja razlikuje od osebe do osebe.<\/span><\/span><\/p>\n<p data-start=\"8238\" data-end=\"8543\"><strong data-start=\"8238\" data-end=\"8317\"><span dir=\"auto\" style=\"vertical-align: inherit;\"><span dir=\"auto\" style=\"vertical-align: inherit;\">2. Kako dolgo trajajo u\u010dinki jemanja gumijastih medvedkov 10 mg HHC (zelenih)?<\/span><\/span><\/strong><br data-start=\"8317\" data-end=\"8320\" \/><span dir=\"auto\" style=\"vertical-align: inherit;\"><span dir=\"auto\" style=\"vertical-align: inherit;\"> U\u010dinki obi\u010dajno trajajo <\/span><\/span><strong data-start=\"8348\" data-end=\"8363\"><span dir=\"auto\" style=\"vertical-align: inherit;\"><span dir=\"auto\" style=\"vertical-align: inherit;\">2 do 5 ur<\/span><\/span><\/strong><span dir=\"auto\" style=\"vertical-align: inherit;\"><span dir=\"auto\" style=\"vertical-align: inherit;\"> , odvisno od odmerka, presnove in individualne ob\u010dutljivosti. Nekateri uporabniki lahko izven tega \u010dasovnega okna ob\u010dutijo rahel naknadni u\u010dinek.<\/span><\/span><\/p>\n<p data-start=\"8545\" data-end=\"8979\"><strong data-start=\"8545\" data-end=\"8646\"><span dir=\"auto\" style=\"vertical-align: inherit;\"><span dir=\"auto\" style=\"vertical-align: inherit;\">3. Ali je legalno kupiti gumijaste medvedke 10 mg HHC (zelene) (\u201cKupite gumijaste medvedke 10 mg HHC (zelene)\u201d)?<\/span><\/span><\/strong><br data-start=\"8646\" data-end=\"8649\" \/><span dir=\"auto\" style=\"vertical-align: inherit;\"><span dir=\"auto\" style=\"vertical-align: inherit;\"> Zakonitost nakupa <\/span><\/span><strong data-start=\"8687\" data-end=\"8719\"><span dir=\"auto\" style=\"vertical-align: inherit;\"><span dir=\"auto\" style=\"vertical-align: inherit;\">Gumijasti medvedki 10 mg HHC (zeleni)<\/span><\/span><\/strong><span dir=\"auto\" style=\"vertical-align: inherit;\"><span dir=\"auto\" style=\"vertical-align: inherit;\"> (\u00bbKupite gumijaste medvedke 10 mg HHC (zelene)\u00ab) je v celoti odvisno od va\u0161e dr\u017eave ali regije. Predpisi glede HHC se zelo razlikujejo \u2013 pred nakupom preverite, ali so u\u017eitni izdelki HHC dovoljeni na va\u0161em obmo\u010dju in ali prodajalci upo\u0161tevajo lokalne predpise in laboratorijske teste.<\/span><\/span><\/p>","protected":false},"excerpt":{"rendered":"<h2><span dir=\"auto\" style=\"vertical-align: inherit;\"><span dir=\"auto\" style=\"vertical-align: inherit;\"><span dir=\"auto\" style=\"vertical-align: inherit;\"><span dir=\"auto\" style=\"vertical-align: inherit;\">Gumijasti medvedki 10 mg HHC<\/span><\/span><\/span><\/span><\/h2>\n<p><strong><span dir=\"auto\" style=\"vertical-align: inherit;\"><span dir=\"auto\" style=\"vertical-align: inherit;\"><span dir=\"auto\" style=\"vertical-align: inherit;\"><span dir=\"auto\" style=\"vertical-align: inherit;\">Ogenj:<\/span><\/span><\/span><\/span><\/strong><span dir=\"auto\" style=\"vertical-align: inherit;\"><span dir=\"auto\" style=\"vertical-align: inherit;\"><span dir=\"auto\" style=\"vertical-align: inherit;\"><span dir=\"auto\" style=\"vertical-align: inherit;\"> Kraljica listov <\/span><\/span><\/span><\/span><br \/>\n<strong><span dir=\"auto\" style=\"vertical-align: inherit;\"><span dir=\"auto\" style=\"vertical-align: inherit;\"><span dir=\"auto\" style=\"vertical-align: inherit;\"><span dir=\"auto\" style=\"vertical-align: inherit;\">\u0160tevilo gumijastih medvedkov na vre\u010dko:<\/span><\/span><\/span><\/span><\/strong><span dir=\"auto\" style=\"vertical-align: inherit;\"><span dir=\"auto\" style=\"vertical-align: inherit;\"><span dir=\"auto\" style=\"vertical-align: inherit;\"><span dir=\"auto\" style=\"vertical-align: inherit;\"> 10 <\/span><\/span><\/span><\/span><br \/>\n<strong><span dir=\"auto\" style=\"vertical-align: inherit;\"><span dir=\"auto\" style=\"vertical-align: inherit;\"><span dir=\"auto\" style=\"vertical-align: inherit;\"><span dir=\"auto\" style=\"vertical-align: inherit;\">Sestavine:<\/span><\/span><\/span><\/span><\/strong><span dir=\"auto\" style=\"vertical-align: inherit;\"><span dir=\"auto\" style=\"vertical-align: inherit;\"><span dir=\"auto\" style=\"vertical-align: inherit;\"><span dir=\"auto\" style=\"vertical-align: inherit;\"> glukoza, \u017eelatina, vitamin C, kalijev sorbat, aroma koruznega olja, barvila (E102, E133, E124), aktivna sestavina HHC <\/span><\/span><\/span><\/span><br \/>\n<strong><span dir=\"auto\" style=\"vertical-align: inherit;\"><span dir=\"auto\" style=\"vertical-align: inherit;\"><span dir=\"auto\" style=\"vertical-align: inherit;\"><span dir=\"auto\" style=\"vertical-align: inherit;\">Koli\u010dina HHC:<\/span><\/span><\/span><\/span><\/strong><span dir=\"auto\" style=\"vertical-align: inherit;\"><span dir=\"auto\" style=\"vertical-align: inherit;\"><span dir=\"auto\" style=\"vertical-align: inherit;\"><span dir=\"auto\" style=\"vertical-align: inherit;\"> 10 mg <\/span><\/span><\/span><\/span><br \/>\n<strong><span dir=\"auto\" style=\"vertical-align: inherit;\"><span dir=\"auto\" style=\"vertical-align: inherit;\"><span dir=\"auto\" style=\"vertical-align: inherit;\"><span dir=\"auto\" style=\"vertical-align: inherit;\">Barva gumijastih medvedkov:<\/span><\/span><\/span><\/span><\/strong><span dir=\"auto\" style=\"vertical-align: inherit;\"><span dir=\"auto\" style=\"vertical-align: inherit;\"><span dir=\"auto\" style=\"vertical-align: inherit;\"><span dir=\"auto\" style=\"vertical-align: inherit;\"> zelena<\/span><\/span><\/span><\/span><\/p>","protected":false},"featured_media":28539,"comment_status":"closed","ping_status":"closed","template":"","meta":[],"product_brand":[82],"product_cat":[328,327],"product_tag":[715,714,716,717,707,708],"class_list":{"0":"post-24664","1":"product","2":"type-product","3":"status-publish","4":"has-post-thumbnail","6":"product_brand-research-chemical","7":"product_cat-edibles","8":"product_cat-hhc","9":"product_tag-hhc-edible-dosage","10":"product_tag-hhc-edibles","11":"product_tag-hhc-edibles-effects","12":"product_tag-hhc-gummies","13":"product_tag-hhc-gummy-bear","14":"product_tag-hhc-gummy-bears","16":"first","17":"instock","18":"taxable","19":"shipping-taxable","20":"purchasable","21":"product-type-variable"},"_links":{"self":[{"href":"https:\/\/researchchemicalhub.com\/sl\/wp-json\/wp\/v2\/product\/24664","targetHints":{"allow":["GET"]}}],"collection":[{"href":"https:\/\/researchchemicalhub.com\/sl\/wp-json\/wp\/v2\/product"}],"about":[{"href":"https:\/\/researchchemicalhub.com\/sl\/wp-json\/wp\/v2\/types\/product"}],"replies":[{"embeddable":true,"href":"https:\/\/researchchemicalhub.com\/sl\/wp-json\/wp\/v2\/comments?post=24664"}],"version-history":[{"count":8,"href":"https:\/\/researchchemicalhub.com\/sl\/wp-json\/wp\/v2\/product\/24664\/revisions"}],"predecessor-version":[{"id":28657,"href":"https:\/\/researchchemicalhub.com\/sl\/wp-json\/wp\/v2\/product\/24664\/revisions\/28657"}],"wp:featuredmedia":[{"embeddable":true,"href":"https:\/\/researchchemicalhub.com\/sl\/wp-json\/wp\/v2\/media\/28539"}],"wp:attachment":[{"href":"https:\/\/researchchemicalhub.com\/sl\/wp-json\/wp\/v2\/media?parent=24664"}],"wp:term":[{"taxonomy":"product_brand","embeddable":true,"href":"https:\/\/researchchemicalhub.com\/sl\/wp-json\/wp\/v2\/product_brand?post=24664"},{"taxonomy":"product_cat","embeddable":true,"href":"https:\/\/researchchemicalhub.com\/sl\/wp-json\/wp\/v2\/product_cat?post=24664"},{"taxonomy":"product_tag","embeddable":true,"href":"https:\/\/researchchemicalhub.com\/sl\/wp-json\/wp\/v2\/product_tag?post=24664"}],"curies":[{"name":"delovni list","href":"https:\/\/api.w.org\/{rel}","templated":true}]}}