{"id":24654,"date":"2025-10-20T17:42:28","date_gmt":"2025-10-20T17:42:28","guid":{"rendered":"https:\/\/researchchemicalhub.com\/?post_type=product&#038;p=24654"},"modified":"2025-10-21T15:56:08","modified_gmt":"2025-10-21T15:56:08","slug":"digitale-cs-weegschaal","status":"publish","type":"product","link":"https:\/\/researchchemicalhub.com\/sl\/shop\/weegschalen\/digitale-cs-weegschaal\/","title":{"rendered":"Digitalna tehtnica CS \u2013 100 g x 0,01 g"},"content":{"rendered":"<h3 data-start=\"4818\" data-end=\"4837\"><strong data-start=\"4822\" data-end=\"4837\">Uvod<\/strong><\/h3>\n<p data-start=\"4838\" data-end=\"5146\">The <strong data-start=\"4841\" data-end=\"4882\">Digitalna tehtnica CS \u2013 100 g x 0,01 g<\/strong> je <strong data-start=\"4890\" data-end=\"4925\">visokokakovostna natan\u010dna tehtnica<\/strong> zasnovano za uporabnike, ki cenijo natan\u010dnost in zanesljivost.<br data-start=\"5000\" data-end=\"5003\" \/>Ali v <strong data-start=\"5020\" data-end=\"5061\">laboratorij, kuhinja ali zlatarna<\/strong> ta kompaktna tehtnica zagotavlja <strong data-start=\"5098\" data-end=\"5143\">natan\u010dne meritve znotraj 0,01 g<\/strong>.<\/p>\n<p data-start=\"5148\" data-end=\"5394\">Zahvaljujo\u010d <strong data-start=\"5160\" data-end=\"5188\">platforma iz nerjave\u010dega jekla<\/strong> in <strong data-start=\"5196\" data-end=\"5221\">jasen LCD-zaslon<\/strong> zdru\u017euje digitalno tehtnico CS <strong data-start=\"5259\" data-end=\"5285\">profesionalna natan\u010dnost<\/strong> od <strong data-start=\"5290\" data-end=\"5307\">enostavnost uporabe<\/strong>Idealno za tehtanje pra\u0161kov, zeli\u0161\u010d, nakita ali majhnih raziskovalnih vzorcev.<\/p>\n<hr data-start=\"5396\" data-end=\"5399\" \/>\n<h3 data-start=\"5401\" data-end=\"5432\"><strong data-start=\"5405\" data-end=\"5432\">Klju\u010dne lastnosti<\/strong><\/h3>\n<ul data-start=\"5433\" data-end=\"6068\">\n<li data-start=\"5433\" data-end=\"5523\">\n<p data-start=\"5435\" data-end=\"5523\"><strong data-start=\"5435\" data-end=\"5466\">Visoka natan\u010dnost (0,01 g)<\/strong> \u2013 Idealno za analiti\u010dne in laboratorijske aplikacije.<\/p>\n<\/li>\n<li data-start=\"5524\" data-end=\"5603\">\n<p data-start=\"5526\" data-end=\"5603\"><strong data-start=\"5526\" data-end=\"5549\">Prostornina 100 g<\/strong> \u2013 Primerno za vsakodnevno in profesionalno uporabo.<\/p>\n<\/li>\n<li data-start=\"5604\" data-end=\"5674\">\n<p data-start=\"5606\" data-end=\"5674\"><strong data-start=\"5606\" data-end=\"5630\">Kompakten in prenosen<\/strong> \u2013 Lahka in enostavna za prena\u0161anje.<\/p>\n<\/li>\n<li data-start=\"5675\" data-end=\"5754\">\n<p data-start=\"5677\" data-end=\"5754\"><strong data-start=\"5677\" data-end=\"5718\">LCD-zaslon z osvetlitvijo ozadja<\/strong> \u2013 Enostavno branje v katerem koli okolju.<\/p>\n<\/li>\n<li data-start=\"5755\" data-end=\"5839\">\n<p data-start=\"5757\" data-end=\"5839\"><strong data-start=\"5757\" data-end=\"5773\">Funkcija tare<\/strong> \u2013 Pred merjenjem v posodi tehtnico ponastavite na ni\u010dlo.<\/p>\n<\/li>\n<li data-start=\"5840\" data-end=\"5926\">\n<p data-start=\"5842\" data-end=\"5926\"><strong data-start=\"5842\" data-end=\"5866\">Pretvorba ve\u010d enot<\/strong> \u2013 Preprosto preklapljajte med grami, un\u010dami, karati in zrni.<\/p>\n<\/li>\n<li data-start=\"5927\" data-end=\"5994\">\n<p data-start=\"5929\" data-end=\"5994\"><strong data-start=\"5929\" data-end=\"5946\">Energetsko u\u010dinkovito<\/strong> \u2013 Samodejni izklop po neaktivnosti.<\/p>\n<\/li>\n<li data-start=\"5995\" data-end=\"6068\">\n<p data-start=\"5997\" data-end=\"6068\"><strong data-start=\"5997\" data-end=\"6025\">Platforma iz nerjave\u010dega jekla<\/strong> \u2013 Vzdr\u017eljiv in enostaven za \u010di\u0161\u010denje.<\/p>\n<\/li>\n<\/ul>\n<hr data-start=\"6070\" data-end=\"6073\" \/>\n<h3 data-start=\"6075\" data-end=\"6092\"><strong data-start=\"6079\" data-end=\"6092\">Prednosti<\/strong><\/h3>\n<ul data-start=\"6093\" data-end=\"6471\">\n<li data-start=\"6093\" data-end=\"6169\">\n<p data-start=\"6095\" data-end=\"6169\"><strong data-start=\"6095\" data-end=\"6113\">Vedno natan\u010dni<\/strong> \u2013 Zagotavlja dosledne in zanesljive rezultate meritev.<\/p>\n<\/li>\n<li data-start=\"6170\" data-end=\"6260\">\n<p data-start=\"6172\" data-end=\"6260\"><strong data-start=\"6172\" data-end=\"6194\">Vsestranska uporaba<\/strong> \u2013 Idealno za <strong data-start=\"6210\" data-end=\"6257\">laboratorij, nakit, kuhinja ali izobra\u017eevanje<\/strong>.<\/p>\n<\/li>\n<li data-start=\"6261\" data-end=\"6321\">\n<p data-start=\"6263\" data-end=\"6321\"><strong data-start=\"6263\" data-end=\"6282\">Kompaktna zasnova<\/strong> \u2013 Z lahkoto se prilega v \u017eep ali torbo.<\/p>\n<\/li>\n<li data-start=\"6322\" data-end=\"6392\">\n<p data-start=\"6324\" data-end=\"6392\"><strong data-start=\"6324\" data-end=\"6349\">Enostavna kalibracija<\/strong> \u2013 Pripravljeno za uporabo v nekaj sekundah.<\/p>\n<\/li>\n<li data-start=\"6393\" data-end=\"6471\">\n<p data-start=\"6395\" data-end=\"6471\"><strong data-start=\"6395\" data-end=\"6418\">Cenovno ugodna natan\u010dnost<\/strong> \u2013 Profesionalna kakovost po konkuren\u010dni ceni.<\/p>\n<\/li>\n<\/ul>\n<hr data-start=\"6473\" data-end=\"6476\" \/>\n<h3 data-start=\"6478\" data-end=\"6493\"><strong data-start=\"6482\" data-end=\"6493\">Uporaba<\/strong><\/h3>\n<ol data-start=\"6494\" data-end=\"6757\">\n<li data-start=\"6494\" data-end=\"6546\">\n<p data-start=\"6497\" data-end=\"6546\"><strong data-start=\"6497\" data-end=\"6521\">Postavite tehtnico<\/strong> na ravni povr\u0161ini.<\/p>\n<\/li>\n<li data-start=\"6547\" data-end=\"6599\">\n<p data-start=\"6550\" data-end=\"6599\"><strong data-start=\"6550\" data-end=\"6564\">Vklopi<\/strong> in po\u010dakajte, da se prika\u017ee \u00bb0,00 g\u00ab.<\/p>\n<\/li>\n<li data-start=\"6600\" data-end=\"6663\">\n<p data-start=\"6603\" data-end=\"6663\"><strong data-start=\"6603\" data-end=\"6630\">Uporabite funkcijo tare<\/strong> pri uporabi posode.<\/p>\n<\/li>\n<li data-start=\"6664\" data-end=\"6707\">\n<p data-start=\"6667\" data-end=\"6707\"><strong data-start=\"6667\" data-end=\"6688\">Postavite predmet<\/strong> na plo\u0161\u010dadi.<\/p>\n<\/li>\n<li data-start=\"6708\" data-end=\"6757\">\n<p data-start=\"6711\" data-end=\"6757\"><strong data-start=\"6711\" data-end=\"6733\">Preberite rezultat<\/strong> izklopljen na LCD-zaslonu.<\/p>\n<\/li>\n<\/ol>\n<hr data-start=\"6759\" data-end=\"6762\" \/>\n<h3 data-start=\"6764\" data-end=\"6785\"><strong data-start=\"6768\" data-end=\"6785\">Specifikacije<\/strong><\/h3>\n<div class=\"_tableContainer_1rjym_1\">\n<div class=\"group _tableWrapper_1rjym_13 flex w-fit flex-col-reverse\" tabindex=\"-1\">\n<table class=\"w-fit min-w-(--thread-content-width)\" data-start=\"6787\" data-end=\"7132\">\n<thead data-start=\"6787\" data-end=\"6818\">\n<tr data-start=\"6787\" data-end=\"6818\">\n<th data-start=\"6787\" data-end=\"6804\" data-col-size=\"sm\"><strong data-start=\"6789\" data-end=\"6803\">Zna\u010dilnost<\/strong><\/th>\n<th data-start=\"6804\" data-end=\"6818\" data-col-size=\"sm\"><strong data-start=\"6806\" data-end=\"6816\">Podrobnosti<\/strong><\/th>\n<\/tr>\n<\/thead>\n<tbody data-start=\"6853\" data-end=\"7132\">\n<tr data-start=\"6853\" data-end=\"6874\">\n<td data-start=\"6853\" data-end=\"6866\" data-col-size=\"sm\">Zmogljivost<\/td>\n<td data-start=\"6866\" data-end=\"6874\" data-col-size=\"sm\">100 g<\/td>\n<\/tr>\n<tr data-start=\"6875\" data-end=\"6901\">\n<td data-start=\"6875\" data-end=\"6892\" data-col-size=\"sm\">Natan\u010dnost<\/td>\n<td data-start=\"6892\" data-end=\"6901\" data-col-size=\"sm\">0,01 g<\/td>\n<\/tr>\n<tr data-start=\"6902\" data-end=\"6946\">\n<td data-start=\"6902\" data-end=\"6912\" data-col-size=\"sm\">Prikaz<\/td>\n<td data-start=\"6912\" data-end=\"6946\" data-col-size=\"sm\">LCD z osvetlitvijo ozadja<\/td>\n<\/tr>\n<tr data-start=\"6947\" data-end=\"6977\">\n<td data-start=\"6947\" data-end=\"6958\" data-col-size=\"sm\">Platforma<\/td>\n<td data-start=\"6958\" data-end=\"6977\" data-col-size=\"sm\">Nerjave\u010de jeklo<\/td>\n<\/tr>\n<tr data-start=\"6978\" data-end=\"7009\">\n<td data-start=\"6978\" data-end=\"6989\" data-col-size=\"sm\">Enote<\/td>\n<td data-start=\"6989\" data-end=\"7009\" data-col-size=\"sm\">g \/ oz \/ ct \/ gn<\/td>\n<\/tr>\n<tr data-start=\"7010\" data-end=\"7042\">\n<td data-start=\"7010\" data-end=\"7020\" data-col-size=\"sm\">Napajalnik<\/td>\n<td data-start=\"7020\" data-end=\"7042\" data-col-size=\"sm\">2 \u00d7 AAA bateriji<\/td>\n<\/tr>\n<tr data-start=\"7043\" data-end=\"7095\">\n<td data-start=\"7043\" data-end=\"7072\" data-col-size=\"sm\">Samodejni izklop<\/td>\n<td data-start=\"7072\" data-end=\"7095\" data-col-size=\"sm\">Da (po 60 sekundah)<\/td>\n<\/tr>\n<tr data-start=\"7096\" data-end=\"7132\">\n<td data-start=\"7096\" data-end=\"7109\" data-col-size=\"sm\">Dimenzije<\/td>\n<td data-start=\"7109\" data-end=\"7132\" data-col-size=\"sm\">120 mm \u00d7 65 mm \u00d7 20 mm<\/td>\n<\/tr>\n<\/tbody>\n<\/table>\n<\/div>\n<\/div>\n<hr data-start=\"7134\" data-end=\"7137\" \/>\n<h3 data-start=\"7139\" data-end=\"7166\"><strong data-start=\"7143\" data-end=\"7166\">Pogosto zastavljena vpra\u0161anja<\/strong><\/h3>\n<p data-start=\"7168\" data-end=\"7323\"><strong data-start=\"7168\" data-end=\"7225\">1. Za kaj se uporablja digitalna tehtnica CS?<\/strong><br data-start=\"7225\" data-end=\"7228\" \/>Lestvica je idealna za <strong data-start=\"7257\" data-end=\"7277\">natan\u010dne meritve<\/strong> v laboratorijih, kuhinjah in zlatarnah.<\/p>\n<p data-start=\"7325\" data-end=\"7479\"><strong data-start=\"7325\" data-end=\"7364\">2. Kako natan\u010dna je tehtnica?<\/strong><br data-start=\"7364\" data-end=\"7367\" \/>The <strong data-start=\"7370\" data-end=\"7396\">Digitalna tehtnica CS<\/strong> ima <strong data-start=\"7407\" data-end=\"7435\">natan\u010dnost 0,01 g<\/strong>, idealno za majhne predmete ali tkanine.<\/p>\n<p data-start=\"7481\" data-end=\"7644\"><strong data-start=\"7481\" data-end=\"7531\">3. Kako lahko kupim digitalno tehtnico CS?<\/strong><br data-start=\"7531\" data-end=\"7534\" \/>Z lahkoto lahko <strong data-start=\"7554\" data-end=\"7586\">Kupite digitalno tehtnico CS<\/strong> prek poobla\u0161\u010denih spletnih trgovin ali laboratorijskih dobaviteljev.<\/p>\n<h1><strong>Digitalna tehtnica CS \u2013 100 g x 0,01 g<\/strong><\/h1>\n<h3><strong>Opis izdelka<\/strong><\/h3>\n<p class=\"ds-markdown-paragraph\">The\u00a0<strong>Digitalna tehtnica CS (100 g x 0,01 g)<\/strong>\u00a0je\u00a0<strong>visoko natan\u010dna merilna lestvica<\/strong>\u00a0zasnovano za laboratorijsko, znanstveno in industrijsko uporabo. Z\u00a0<strong>merilno obmo\u010dje od 0,01 g do 100 g<\/strong>\u00a0in a\u00a0<strong>natan\u010dnost \u00b10,01 g<\/strong>, ta lestvica zagotavlja zanesljive rezultate za ob\u010dutljive aplikacije.<\/p>\n<p class=\"ds-markdown-paragraph\"><strong>Klju\u010dne lastnosti:<\/strong><br \/>\n\u2714\u00a0<strong>Visokokakovosten senzor<\/strong>\u00a0\u2013 Natan\u010dno do\u00a0<strong>0,01 g<\/strong><br \/>\n\u2714\u00a0<strong>Kompakten in prenosen<\/strong>\u00a0\u2013 Idealno za delo v laboratoriju in na terenu<br \/>\n\u2714\u00a0<strong>Ve\u010d merskih enot<\/strong>\u00a0\u2013 gram (g), miligram (mg), un\u010da (oz), trojanska un\u010da (ozt)<br \/>\n\u2714\u00a0<strong>Funkcija samodejne kalibracije in tare<\/strong>\u00a0\u2013 Enostavna uporaba<br \/>\n\u2714\u00a0<strong>Robustna zasnova<\/strong>\u00a0\u2013 Vklju\u010duje za\u0161\u010ditni pokrov in kalibracijsko ute\u017e<\/p>\n<hr \/>\n<h2><strong>Aplikacije<\/strong><\/h2>\n<p class=\"ds-markdown-paragraph\">\u2705\u00a0<strong>Laboratorijske raziskave<\/strong>\u00a0\u2013 Natan\u010dno tehtanje kemikalij in pra\u0161kov<br \/>\n\u2705\u00a0<strong>Izdelava nakita<\/strong>\u00a0\u2013 Merjenje plemenitih kovin in dragih kamnov<br \/>\n\u2705\u00a0<strong>\u017divilska industrija<\/strong>\u00a0\u2013 Nadzor porcij in tehtanje sestavin<br \/>\n\u2705\u00a0<strong>Izobra\u017eevanje in znanost<\/strong>\u00a0\u2013 Eksperimenti in raziskovalni projekti<br \/>\n\u2705\u00a0<strong>CBD\/prehranska dopolnila<\/strong>\u00a0- Natan\u010dno odmerjanje aktivnih sestavin<\/p>\n<hr \/>\n<h2><strong>Slabosti in omejitve<\/strong><\/h2>\n<p class=\"ds-markdown-paragraph\">\u26a0\u00a0<strong>Ob\u010dutljiv na vibracije<\/strong>\u00a0\u2013 Zahteva stabilno povr\u0161ino<br \/>\n\u26a0\u00a0<strong>Ni primerno za teko\u010dine<\/strong>\u00a0\u2013 Samo za suhe snovi<br \/>\n\u26a0\u00a0<strong>Najve\u010dja kapaciteta 100 g<\/strong>\u00a0\u2013 Ni primerno za te\u017eje predmete<br \/>\n\u26a0\u00a0<strong>Odvisno od baterije<\/strong>\u00a0\u2013 Baterije so prilo\u017eene, vendar ni mo\u017enosti polnjenja<\/p>\n<hr \/>\n<h2><strong>Navodila za uporabo<\/strong><\/h2>\n<ol start=\"1\">\n<li>\n<p class=\"ds-markdown-paragraph\"><strong>Tehtnico postavite na ravno povr\u0161ino brez vibracij.<\/strong><\/p>\n<\/li>\n<li>\n<p class=\"ds-markdown-paragraph\"><strong>Pritisnite gumb za vklop<\/strong>\u00a0in po\u010dakajte, da se prika\u017ee \u00bb0,00\u00ab.<\/p>\n<\/li>\n<li>\n<p class=\"ds-markdown-paragraph\"><strong>Postavite material, ki ga \u017eelite stehtati<\/strong>\u00a0na sredini plo\u0161\u010dadi.<\/p>\n<\/li>\n<li>\n<p class=\"ds-markdown-paragraph\"><strong>Uporabite funkcijo tare<\/strong>\u00a0za nevtralizacijo te\u017ee prazne posode.<\/p>\n<\/li>\n<li>\n<p class=\"ds-markdown-paragraph\"><strong>Upo\u0161tevajte meritev<\/strong>\u00a0in ga po uporabi izklopite.<\/p>\n<\/li>\n<\/ol>\n<hr \/>\n<h2><strong>Pogosto zastavljena vpra\u0161anja (FAQ)<\/strong><\/h2>\n<h3><strong>V: Kako kalibriram tehtnico?<\/strong><\/h3>\n<p class=\"ds-markdown-paragraph\">A: Uporabite prilo\u017eeno\u00a0<strong>Kalibracijska ute\u017e 100 g<\/strong>\u00a0in pritisnite gumb za kalibracijo.<\/p>\n<h3><strong>V: Ali lahko tehtnico uporabljam za teko\u010dine?<\/strong><\/h3>\n<p class=\"ds-markdown-paragraph\">O:\u00a0<strong>Ne<\/strong>Samo za suhe materiale. Teko\u010dine lahko po\u0161kodujejo senzor.<\/p>\n<h3><strong>V: Kak\u0161na je natan\u010dnost pri majhnih ute\u017eeh?<\/strong><\/h3>\n<p class=\"ds-markdown-paragraph\">O:\u00a0<strong>\u00b10,01 g<\/strong>\u00a0za te\u017ee med 0,01 g in 10 g,\u00a0<strong>\u00b10,02 g<\/strong>\u00a0nad 10 g.<\/p>\n<h3><strong>V: Kako dolgo zdr\u017eijo baterije?<\/strong><\/h3>\n<p class=\"ds-markdown-paragraph\">O:\u00a0<strong>\u00b150 ur<\/strong>\u00a0Med normalno uporabo. Samodejno se izklopi po 2 minutah neaktivnosti.<\/p>\n<h3><strong>V: Ali je tehtnica primerna za zlato in srebro?<\/strong><\/h3>\n<p class=\"ds-markdown-paragraph\">O:\u00a0<strong>Da<\/strong>, idealen za zlatarje zaradi\u00a0<strong>funkcija trojske un\u010de (ozt)<\/strong>.<\/p>\n<hr \/>\n<h2><strong>Priporo\u010deni primeri uporabe<\/strong><\/h2>\n<p class=\"ds-markdown-paragraph\">\ud83d\udd2c\u00a0<strong>Kemijski laboratorij<\/strong>\u00a0\u2013 Natan\u010dno tehtanje reagentov<br \/>\n\ud83d\udc8a\u00a0<strong>Farmacevtske raziskave<\/strong>\u00a0\u2013 Odmerjanje aktivnih sestavin<br \/>\n\u2696\u00a0<strong>Trgovanje s plemenitimi kovinami<\/strong>\u00a0\u2013 Ceste iz zlata, srebra in platine<br \/>\n\ud83e\uddea\u00a0<strong>Hobiji in naredi sam<\/strong>\u00a0\u2013 Natan\u010dne meritve za projekte<\/p>\n<hr \/>\n<h2><strong>Tehni\u010dne specifikacije<\/strong><\/h2>\n<ul>\n<li>\n<p class=\"ds-markdown-paragraph\"><strong>Material:<\/strong>\u00a0Platforma iz nerjave\u010dega jekla + ohi\u0161je iz ABS-a<\/p>\n<\/li>\n<li>\n<p class=\"ds-markdown-paragraph\"><strong>Dimenzije:<\/strong>\u00a0120 mm x 70 mm x 20 mm<\/p>\n<\/li>\n<li>\n<p class=\"ds-markdown-paragraph\"><strong>Napajanje:<\/strong>\u00a02x AAA bateriji (prilo\u017eeni)<\/p>\n<\/li>\n<li>\n<p class=\"ds-markdown-paragraph\"><strong>Te\u017ea:<\/strong>\u00a0150 g<\/p>\n<\/li>\n<\/ul>\n<hr \/>\n<h3><strong>Opozorila<\/strong><\/h3>\n<ul>\n<li>\n<p class=\"ds-markdown-paragraph\"><strong>Ni vodoodporno<\/strong>\u00a0\u2013 Izogibajte se vlagi in prahu<\/p>\n<\/li>\n<li>\n<p class=\"ds-markdown-paragraph\"><strong>Ni primerno za industrijsko tehtanje razsutega tovora<\/strong><\/p>\n<\/li>\n<li>\n<p class=\"ds-markdown-paragraph\"><strong>Hraniti izven dosega otrok. <a href=\"https:\/\/researchchemicalhub.com\/sl\/shop\/top-10-research-chemicals\/iboga-seeds\/\">semena iboge<\/a><a href=\"https:\/\/researchchemicalhub.com\/sl\/shop\/top-10-research-chemicals\/caluanie-muelear-oxidize\/\">oksidacija Caluanie Muelear<\/a><a href=\"https:\/\/researchchemicalhub.com\/sl\/shop\/weegschalen\/digitale-tank-mini-weegschaal\/\">Digitalna mini tehtnica za rezervoarje<\/a><a href=\"https:\/\/researchchemicalhub.com\/sl\/shop\/weegschalen\/digitale-bio-mini-weegschaal\/\">Digitalna bio mini tehtnica<\/a><a href=\"https:\/\/researchchemicalhub.com\/sl\/shop\/top-10-research-chemicals\/3-cmc-hcl\/\">3 cm\u00b3<\/a><\/strong><\/p>\n<\/li>\n<\/ul>","protected":false},"excerpt":{"rendered":"<p><strong>Specifikacije:<\/strong><\/p>\n<ul>\n<li>Digitalno<\/li>\n<li>Tehta od 0,01 g<\/li>\n<li>Tehta najve\u010d 100 g<\/li>\n<li>Deluje na: 2x AAA baterije<\/li>\n<li>LCD-zaslon<\/li>\n<li>Barva: \u010drna<\/li>\n<\/ul>","protected":false},"featured_media":24678,"comment_status":"closed","ping_status":"closed","template":"","meta":[],"product_brand":[],"product_cat":[451],"product_tag":[452,764,767,765,766,768],"class_list":{"0":"post-24654","1":"product","2":"type-product","3":"status-publish","4":"has-post-thumbnail","6":"product_cat-weegschalen","7":"product_tag-de","8":"product_tag-digitale-cs-weegschaal","9":"product_tag-digitale-microweegschaal","10":"product_tag-milligramweegschaal","11":"product_tag-precise-weegschaal-0-001g","12":"product_tag-weegschaal-voor-research-chemicals","14":"first","15":"instock","16":"taxable","17":"shipping-taxable","18":"purchasable","19":"product-type-simple"},"_links":{"self":[{"href":"https:\/\/researchchemicalhub.com\/sl\/wp-json\/wp\/v2\/product\/24654","targetHints":{"allow":["GET"]}}],"collection":[{"href":"https:\/\/researchchemicalhub.com\/sl\/wp-json\/wp\/v2\/product"}],"about":[{"href":"https:\/\/researchchemicalhub.com\/sl\/wp-json\/wp\/v2\/types\/product"}],"replies":[{"embeddable":true,"href":"https:\/\/researchchemicalhub.com\/sl\/wp-json\/wp\/v2\/comments?post=24654"}],"version-history":[{"count":7,"href":"https:\/\/researchchemicalhub.com\/sl\/wp-json\/wp\/v2\/product\/24654\/revisions"}],"predecessor-version":[{"id":27752,"href":"https:\/\/researchchemicalhub.com\/sl\/wp-json\/wp\/v2\/product\/24654\/revisions\/27752"}],"wp:featuredmedia":[{"embeddable":true,"href":"https:\/\/researchchemicalhub.com\/sl\/wp-json\/wp\/v2\/media\/24678"}],"wp:attachment":[{"href":"https:\/\/researchchemicalhub.com\/sl\/wp-json\/wp\/v2\/media?parent=24654"}],"wp:term":[{"taxonomy":"product_brand","embeddable":true,"href":"https:\/\/researchchemicalhub.com\/sl\/wp-json\/wp\/v2\/product_brand?post=24654"},{"taxonomy":"product_cat","embeddable":true,"href":"https:\/\/researchchemicalhub.com\/sl\/wp-json\/wp\/v2\/product_cat?post=24654"},{"taxonomy":"product_tag","embeddable":true,"href":"https:\/\/researchchemicalhub.com\/sl\/wp-json\/wp\/v2\/product_tag?post=24654"}],"curies":[{"name":"delovni list","href":"https:\/\/api.w.org\/{rel}","templated":true}]}}