{"id":24579,"date":"2025-10-20T17:42:03","date_gmt":"2025-10-20T17:42:03","guid":{"rendered":"https:\/\/researchchemicalhub.com\/?post_type=product&#038;p=24579"},"modified":"2025-10-29T08:03:21","modified_gmt":"2025-10-29T08:03:21","slug":"3-me-pcpy-hcl","status":"publish","type":"product","link":"https:\/\/researchchemicalhub.com\/sl\/trgovina\/3-jaz-pcpy\/3-me-pcpy-hcl\/","title":{"rendered":"3-Me-PCPy HCl"},"content":{"rendered":"<h3 data-start=\"4144\" data-end=\"4165\"><strong data-start=\"4148\" data-end=\"4163\">Uvod<\/strong><\/h3>\n<p data-start=\"4166\" data-end=\"4557\"><strong data-start=\"4166\" data-end=\"4241\">3-Me-PCPy HCl (3-metil-1-(1-fenilcikloheksil)pirolidin hidroklorid)<\/strong> je <strong data-start=\"4249\" data-end=\"4296\">sinteti\u010dna arilcikloheksilaminska spojina<\/strong>, strukturno povezan z <strong data-start=\"4322\" data-end=\"4330\">PCPy<\/strong> in <strong data-start=\"4334\" data-end=\"4341\">Osebni zdravnik<\/strong>3-Me-PCPy<br data-start=\"4342\" data-end=\"4345\" \/>Tkanina se uporablja v <strong data-start=\"4371\" data-end=\"4409\">nevrokemi\u010dne in receptorske raziskave<\/strong>, \u0161e posebej za \u0161tudij <strong data-start=\"4444\" data-end=\"4472\">Antagonizem receptorjev NMDA<\/strong> in <strong data-start=\"4476\" data-end=\"4517\">strukturno-aktivnostni odnosi (SAR)<\/strong> znotraj razreda arilcikloheksilaminov.<\/p>\n<p data-start=\"4559\" data-end=\"4764\"><strong data-start=\"4559\" data-end=\"4576\">3-Me-PCPy HCl<\/strong> pride kot <strong data-start=\"4596\" data-end=\"4640\">visoko \u010dista kristalini\u010dna hidrokloridna sol<\/strong> in je namenjen izklju\u010dno <strong data-start=\"4672\" data-end=\"4713\">laboratorijske in analiti\u010dne raziskave<\/strong>, <strong data-start=\"4715\" data-end=\"4763\">ni za prehrano ljudi ali \u017eivali<\/strong>.<\/p>\n<hr data-start=\"4766\" data-end=\"4769\" \/>\n<h3 data-start=\"4771\" data-end=\"4802\"><strong data-start=\"4775\" data-end=\"4802\">Klju\u010dne lastnosti<\/strong><\/h3>\n<ul data-start=\"4804\" data-end=\"5219\">\n<li data-start=\"4804\" data-end=\"4883\">\n<p data-start=\"4806\" data-end=\"4883\"><strong data-start=\"4806\" data-end=\"4825\">Kemijsko ime:<\/strong> 3-metil-1-(1-fenilcikloheksil)pirolidin hidroklorid<\/p>\n<\/li>\n<li data-start=\"4884\" data-end=\"4925\">\n<p data-start=\"4886\" data-end=\"4925\"><strong data-start=\"4886\" data-end=\"4909\">Splo\u0161no ime:<\/strong> 3-Me-PCPy HCl<\/p>\n<\/li>\n<li data-start=\"4926\" data-end=\"4960\">\n<p data-start=\"4928\" data-end=\"4960\"><strong data-start=\"4928\" data-end=\"4948\">Molekularna formula:<\/strong> C\u2081\u2088H\u2082\u2088ClN<\/p>\n<\/li>\n<li data-start=\"4961\" data-end=\"4998\">\n<p data-start=\"4963\" data-end=\"4998\"><strong data-start=\"4963\" data-end=\"4983\">Molekulska masa:<\/strong> 293,88 g\/mol<\/p>\n<\/li>\n<li data-start=\"4999\" data-end=\"5060\">\n<p data-start=\"5001\" data-end=\"5060\"><strong data-start=\"5001\" data-end=\"5012\">Razred:<\/strong> Antagonist arilcikloheksilamina\/receptorja NMDA<\/p>\n<\/li>\n<li data-start=\"5061\" data-end=\"5104\">\n<p data-start=\"5063\" data-end=\"5104\"><strong data-start=\"5063\" data-end=\"5072\">Obrazec:<\/strong> Kristalini\u010dna hidrokloridna sol<\/p>\n<\/li>\n<li data-start=\"5105\" data-end=\"5157\">\n<p data-start=\"5107\" data-end=\"5157\"><strong data-start=\"5107\" data-end=\"5122\">\u010cistost:<\/strong> \u2265 98 % (testirano z GC-MS in NMR)<\/p>\n<\/li>\n<li data-start=\"5158\" data-end=\"5219\">\n<p data-start=\"5160\" data-end=\"5219\"><strong data-start=\"5160\" data-end=\"5172\">Uporaba:<\/strong> Samo za analiti\u010dne in kemijske raziskave<\/p>\n<\/li>\n<\/ul>\n<hr data-start=\"5221\" data-end=\"5224\" \/>\n<h3 data-start=\"5226\" data-end=\"5243\"><strong data-start=\"5230\" data-end=\"5243\">Prednosti<\/strong><\/h3>\n<ul data-start=\"5245\" data-end=\"5803\">\n<li data-start=\"5245\" data-end=\"5351\">\n<p data-start=\"5247\" data-end=\"5351\"><strong data-start=\"5247\" data-end=\"5277\">Analitska referen\u010dna snov<\/strong> \u2013 Primerno za toksikolo\u0161ke teste GC-MS ali LC-MS in \u0161tudije receptorjev. 3-Me-PCPy<\/p>\n<\/li>\n<li data-start=\"5352\" data-end=\"5472\">\n<p data-start=\"5354\" data-end=\"5472\"><strong data-start=\"5354\" data-end=\"5380\">Primerjalne raziskave<\/strong> \u2013 Uporabno za \u0161tudije SAR med analogi, podobnimi PCP, kot so PCP, 3-MeO-PCP in 3-Me-PCE.<\/p>\n<\/li>\n<li data-start=\"5473\" data-end=\"5574\">\n<p data-start=\"5475\" data-end=\"5574\"><strong data-start=\"5475\" data-end=\"5501\">Stabilno in zanesljivo<\/strong> \u2013 Hidrokloridna oblika zagotavlja dobro topnost in rok uporabnosti.<\/p>\n<\/li>\n<li data-start=\"5575\" data-end=\"5691\">\n<p data-start=\"5577\" data-end=\"5691\"><strong data-start=\"5577\" data-end=\"5598\">Raziskave receptorjev<\/strong> \u2013 Podpira raziskave vezave receptorjev NMDA in interakcij z dopaminergi\u010dnimi sistemi.<\/p>\n<\/li>\n<li data-start=\"5692\" data-end=\"5803\">\n<p data-start=\"5694\" data-end=\"5803\"><strong data-start=\"5694\" data-end=\"5719\">Laboratorijska kakovost<\/strong> \u2013 Proizvedeno v nadzorovanih pogojih s potrdilom o originalni kakovosti, ki je na voljo za vsako serijo.<\/p>\n<\/li>\n<\/ul>\n<hr data-start=\"5805\" data-end=\"5808\" \/>\n<h3 data-start=\"5810\" data-end=\"5862\"><strong data-start=\"5814\" data-end=\"5860\">Uporaba (samo za raziskovalne namene)<\/strong><\/h3>\n<blockquote data-start=\"5864\" data-end=\"6024\">\n<p data-start=\"5866\" data-end=\"6024\">\u26a0\ufe0f <strong data-start=\"5869\" data-end=\"5880\">Opomba:<\/strong> 3-Me-PCPy HCl je namenjen samo za <strong data-start=\"5923\" data-end=\"5964\">laboratorijske in analiti\u010dne raziskave<\/strong>.<br data-start=\"5965\" data-end=\"5968\" \/>Ni primerno za u\u017eivanje ljudi ali \u017eivali.<\/p>\n<\/blockquote>\n<ol data-start=\"6026\" data-end=\"6442\">\n<li data-start=\"6026\" data-end=\"6115\">\n<p data-start=\"6029\" data-end=\"6115\"><strong data-start=\"6029\" data-end=\"6044\">Ravnanje:<\/strong> Nosite rokavice, za\u0161\u010ditna o\u010dala in laboratorijski pla\u0161\u010d; delajte pod izpu\u0161nim prezra\u010devanjem.<\/p>\n<\/li>\n<li data-start=\"6116\" data-end=\"6200\">\n<p data-start=\"6119\" data-end=\"6200\"><strong data-start=\"6119\" data-end=\"6132\">Meritve:<\/strong> Za natan\u010dno odmerjanje uporabite kalibrirano analiti\u010dno opremo.<\/p>\n<\/li>\n<li data-start=\"6201\" data-end=\"6287\">\n<p data-start=\"6204\" data-end=\"6287\"><strong data-start=\"6204\" data-end=\"6215\">Shranjevanje:<\/strong> Hranite v suhem, hladnem (2\u20138 \u00b0C) in temnem prostoru v dobro zaprti posodi.<\/p>\n<\/li>\n<li data-start=\"6288\" data-end=\"6352\">\n<p data-start=\"6291\" data-end=\"6352\"><strong data-start=\"6291\" data-end=\"6303\">Analiza:<\/strong> Primerno za GC-MS, LC-MS, FTIR, HPLC in NMR.<\/p>\n<\/li>\n<li data-start=\"6353\" data-end=\"6442\">\n<p data-start=\"6356\" data-end=\"6442\"><strong data-start=\"6356\" data-end=\"6373\">Dokumentacija:<\/strong> Zabele\u017eiti podatke o seriji, \u010distosti in pogojih shranjevanja za skladnost s predpisi.<\/p>\n<\/li>\n<\/ol>\n<hr data-start=\"6444\" data-end=\"6447\" \/>\n<h3 data-start=\"6449\" data-end=\"6484\"><strong data-start=\"6453\" data-end=\"6482\">Pogosto zastavljena vpra\u0161anja (FAQ)<\/strong><\/h3>\n<p data-start=\"6486\" data-end=\"6674\"><strong data-start=\"6486\" data-end=\"6514\">1. Kaj je 3-Me-PCPy HCl?<\/strong><br data-start=\"6514\" data-end=\"6517\" \/>3-Me-PCPy HCl je sinteti\u010dni <strong data-start=\"6551\" data-end=\"6574\">arilcikloheksilamin<\/strong> ki se uporablja v analiti\u010dnih in nevrofarmakolo\u0161kih raziskavah antagonistov receptorjev NMDA.<\/p>\n<p data-start=\"6676\" data-end=\"6853\"><strong data-start=\"6676\" data-end=\"6711\">2. Za kaj se uporablja?<\/strong><br data-start=\"6711\" data-end=\"6714\" \/>Za <strong data-start=\"6719\" data-end=\"6748\">raziskave vezave receptorjev<\/strong>, <strong data-start=\"6750\" data-end=\"6784\">\u0161tudije strukturne aktivnosti<\/strong> in \u010de <strong data-start=\"6792\" data-end=\"6810\">referen\u010dna snov<\/strong> v toksikolo\u0161ki in analiti\u010dni kemiji.<\/p>\n<p data-start=\"6855\" data-end=\"7122\"><strong data-start=\"6855\" data-end=\"6902\">3. Ali je zakonito kupiti 3-Me-PCPy HCl?<\/strong><br data-start=\"6902\" data-end=\"6905\" \/>The <strong data-start=\"6908\" data-end=\"6940\">zakonitost 3-Me-PCPy HCl<\/strong> Odvisno od dr\u017eave. V nekaterih regijah je razvr\u0161\u010dena kot raziskovalna kemikalija; drugod lahko spada pod Zakon o opiju. Pred nakupom ali uvozom vedno preverite lokalne predpise.<\/p>","protected":false},"excerpt":{"rendered":"<h3><span dir=\"auto\" style=\"vertical-align: inherit;\"><span dir=\"auto\" style=\"vertical-align: inherit;\">Lastnosti 3-Me-PCPy<\/span><\/span><\/h3>\n<p><strong><span dir=\"auto\" style=\"vertical-align: inherit;\"><span dir=\"auto\" style=\"vertical-align: inherit;\">Sinonim:<\/span><\/span><\/strong><span dir=\"auto\" style=\"vertical-align: inherit;\"><span dir=\"auto\" style=\"vertical-align: inherit;\"> 3-metil-PCPy <\/span><\/span><br \/>\n<strong><span dir=\"auto\" style=\"vertical-align: inherit;\"><span dir=\"auto\" style=\"vertical-align: inherit;\">\u0160tevilka CAS:<\/span><\/span><\/strong><span dir=\"auto\" style=\"vertical-align: inherit;\"><span dir=\"auto\" style=\"vertical-align: inherit;\"> 1622348-63-3 <\/span><\/span><br \/>\n<strong><span dir=\"auto\" style=\"vertical-align: inherit;\"><span dir=\"auto\" style=\"vertical-align: inherit;\">Formula: <\/span><\/span><\/strong> <span title=\"Ogljik\"><span dir=\"auto\" style=\"vertical-align: inherit;\"><span dir=\"auto\" style=\"vertical-align: inherit;\">C <\/span><\/span><\/span><sub><span dir=\"auto\" style=\"vertical-align: inherit;\"><span dir=\"auto\" style=\"vertical-align: inherit;\">17 <\/span><\/span><\/sub><span title=\"Vodik\"><span dir=\"auto\" style=\"vertical-align: inherit;\"><span dir=\"auto\" style=\"vertical-align: inherit;\">H <\/span><\/span><\/span><sub><span dir=\"auto\" style=\"vertical-align: inherit;\"><span dir=\"auto\" style=\"vertical-align: inherit;\">25 <\/span><\/span><\/sub><span title=\"Du\u0161ik\"><span dir=\"auto\" style=\"vertical-align: inherit;\"><span dir=\"auto\" style=\"vertical-align: inherit;\">S <\/span><\/span><\/span><br \/>\n<strong><span dir=\"auto\" style=\"vertical-align: inherit;\"><span dir=\"auto\" style=\"vertical-align: inherit;\">Molska masa:<\/span><\/span><\/strong><span dir=\"auto\" style=\"vertical-align: inherit;\"><span dir=\"auto\" style=\"vertical-align: inherit;\"> 243,394 g\/mol <\/span><\/span><br \/>\n<strong><span dir=\"auto\" style=\"vertical-align: inherit;\"><span dir=\"auto\" style=\"vertical-align: inherit;\">\u010cistost:<\/span><\/span><\/strong><span dir=\"auto\" style=\"vertical-align: inherit;\"><span dir=\"auto\" style=\"vertical-align: inherit;\"> &gt;97%<\/span><\/span><\/p>","protected":false},"featured_media":28416,"comment_status":"closed","ping_status":"closed","template":"","meta":[],"product_brand":[82],"product_cat":[456,71],"product_tag":[788,790,789,326],"class_list":{"0":"post-24579","1":"product","2":"type-product","3":"status-publish","4":"has-post-thumbnail","6":"product_brand-research-chemical","7":"product_cat-3-me-pcpy","8":"product_cat-arylcyclohexylamine","9":"product_tag-3-me-pcpy","10":"product_tag-3-me-pcpy-hcl","11":"product_tag-3-me-pcpy-reddit","12":"product_tag-nl","14":"first","15":"instock","16":"taxable","17":"shipping-taxable","18":"purchasable","19":"product-type-variable"},"_links":{"self":[{"href":"https:\/\/researchchemicalhub.com\/sl\/wp-json\/wp\/v2\/product\/24579","targetHints":{"allow":["GET"]}}],"collection":[{"href":"https:\/\/researchchemicalhub.com\/sl\/wp-json\/wp\/v2\/product"}],"about":[{"href":"https:\/\/researchchemicalhub.com\/sl\/wp-json\/wp\/v2\/types\/product"}],"replies":[{"embeddable":true,"href":"https:\/\/researchchemicalhub.com\/sl\/wp-json\/wp\/v2\/comments?post=24579"}],"version-history":[{"count":6,"href":"https:\/\/researchchemicalhub.com\/sl\/wp-json\/wp\/v2\/product\/24579\/revisions"}],"predecessor-version":[{"id":27764,"href":"https:\/\/researchchemicalhub.com\/sl\/wp-json\/wp\/v2\/product\/24579\/revisions\/27764"}],"wp:featuredmedia":[{"embeddable":true,"href":"https:\/\/researchchemicalhub.com\/sl\/wp-json\/wp\/v2\/media\/28416"}],"wp:attachment":[{"href":"https:\/\/researchchemicalhub.com\/sl\/wp-json\/wp\/v2\/media?parent=24579"}],"wp:term":[{"taxonomy":"product_brand","embeddable":true,"href":"https:\/\/researchchemicalhub.com\/sl\/wp-json\/wp\/v2\/product_brand?post=24579"},{"taxonomy":"product_cat","embeddable":true,"href":"https:\/\/researchchemicalhub.com\/sl\/wp-json\/wp\/v2\/product_cat?post=24579"},{"taxonomy":"product_tag","embeddable":true,"href":"https:\/\/researchchemicalhub.com\/sl\/wp-json\/wp\/v2\/product_tag?post=24579"}],"curies":[{"name":"delovni list","href":"https:\/\/api.w.org\/{rel}","templated":true}]}}