{"id":24517,"date":"2025-10-20T17:41:53","date_gmt":"2025-10-20T17:41:53","guid":{"rendered":"https:\/\/researchchemicalhub.com\/?post_type=product&#038;p=24517"},"modified":"2025-10-29T08:16:14","modified_gmt":"2025-10-29T08:16:14","slug":"2-cmc-hcl-zakje-1gr","status":"publish","type":"product","link":"https:\/\/researchchemicalhub.com\/sl\/shop\/b2b\/2-cmc-hcl-zakje-1gr\/","title":{"rendered":"2-CMC HCl vre\u010dka 1 g"},"content":{"rendered":"<h3 data-start=\"3995\" data-end=\"4016\"><strong data-start=\"3999\" data-end=\"4014\"><span dir=\"auto\" style=\"vertical-align: inherit;\"><span dir=\"auto\" style=\"vertical-align: inherit;\">Uvod<\/span><\/span><\/strong><\/h3>\n<p data-start=\"4017\" data-end=\"4459\"><strong data-start=\"4017\" data-end=\"4041\"><span dir=\"auto\" style=\"vertical-align: inherit;\"><span dir=\"auto\" style=\"vertical-align: inherit;\">2-CMC HCl Sachet (1g)<\/span><\/span><\/strong><span dir=\"auto\" style=\"vertical-align: inherit;\"><span dir=\"auto\" style=\"vertical-align: inherit;\"> contains <\/span><\/span><strong data-start=\"4048\" data-end=\"4101\"><span dir=\"auto\" style=\"vertical-align: inherit;\"><span dir=\"auto\" style=\"vertical-align: inherit;\">1 gram<\/span><\/span><\/strong><span dir=\"auto\" style=\"vertical-align: inherit;\"><span dir=\"auto\" style=\"vertical-align: inherit;\"> ali <\/span><\/span><strong data-start=\"4106\" data-end=\"4150\"><span dir=\"auto\" style=\"vertical-align: inherit;\"><span dir=\"auto\" style=\"vertical-align: inherit;\">laboratory grade 2-CMC (2-Chloromethcathinone) Hydrochloride (\u2265 98% purity)<\/span><\/span><\/strong><span dir=\"auto\" style=\"vertical-align: inherit;\"><span dir=\"auto\" style=\"vertical-align: inherit;\"> \u2014 a <\/span><\/span><strong data-start=\"4157\" data-end=\"4192\"><span dir=\"auto\" style=\"vertical-align: inherit;\"><span dir=\"auto\" style=\"vertical-align: inherit;\">sinteti\u010dna katinonska spojina<\/span><\/span><\/strong><span dir=\"auto\" style=\"vertical-align: inherit;\"><span dir=\"auto\" style=\"vertical-align: inherit;\"> od <\/span><\/span><strong data-start=\"4200\" data-end=\"4229\"><span dir=\"auto\" style=\"vertical-align: inherit;\"><span dir=\"auto\" style=\"vertical-align: inherit;\">Dru\u017eina \u03b2-ketoamfetaminov<\/span><\/span><\/strong><span dir=\"auto\" style=\"vertical-align: inherit;\"><span dir=\"auto\" style=\"vertical-align: inherit;\"> 2 cm\u00b3 <\/span><\/span><br data-start=\"4230\" data-end=\"4233\" \/><span dir=\"auto\" style=\"vertical-align: inherit;\"><span dir=\"auto\" style=\"vertical-align: inherit;\">2-CMC is structurally related to <\/span><\/span><strong data-start=\"4266\" data-end=\"4275\"><span dir=\"auto\" style=\"vertical-align: inherit;\"><span dir=\"auto\" style=\"vertical-align: inherit;\">3-CMC<\/span><\/span><\/strong><span dir=\"auto\" style=\"vertical-align: inherit;\"><span dir=\"auto\" style=\"vertical-align: inherit;\"> in <\/span><\/span><strong data-start=\"4279\" data-end=\"4288\"><span dir=\"auto\" style=\"vertical-align: inherit;\"><span dir=\"auto\" style=\"vertical-align: inherit;\">4-CMC<\/span><\/span><\/strong><span dir=\"auto\" style=\"vertical-align: inherit;\"><span dir=\"auto\" style=\"vertical-align: inherit;\"> and is used in <\/span><\/span><strong data-start=\"4312\" data-end=\"4360\"><span dir=\"auto\" style=\"vertical-align: inherit;\"><span dir=\"auto\" style=\"vertical-align: inherit;\">forensic, analytical, and chemical research<\/span><\/span><\/strong><span dir=\"auto\" style=\"vertical-align: inherit;\"><span dir=\"auto\" style=\"vertical-align: inherit;\"> , especially in <\/span><\/span><strong data-start=\"4373\" data-end=\"4414\"><span dir=\"auto\" style=\"vertical-align: inherit;\"><span dir=\"auto\" style=\"vertical-align: inherit;\">razmerje med strukturo in aktivnostjo (SAR)<\/span><\/span><\/strong><span dir=\"auto\" style=\"vertical-align: inherit;\"><span dir=\"auto\" style=\"vertical-align: inherit;\"> \u0161tudije in <\/span><\/span><strong data-start=\"4426\" data-end=\"4456\"><span dir=\"auto\" style=\"vertical-align: inherit;\"><span dir=\"auto\" style=\"vertical-align: inherit;\">kromatografske analize<\/span><\/span><\/strong><span dir=\"auto\" style=\"vertical-align: inherit;\"><span dir=\"auto\" style=\"vertical-align: inherit;\"> .<\/span><\/span><\/p>\n<p data-start=\"4461\" data-end=\"4637\"><span dir=\"auto\" style=\"vertical-align: inherit;\"><span dir=\"auto\" style=\"vertical-align: inherit;\">The substance is supplied as a <\/span><\/span><strong data-start=\"4492\" data-end=\"4521\"><span dir=\"auto\" style=\"vertical-align: inherit;\"><span dir=\"auto\" style=\"vertical-align: inherit;\">finokristalna HCl sol<\/span><\/span><\/strong><span dir=\"auto\" style=\"vertical-align: inherit;\"><span dir=\"auto\" style=\"vertical-align: inherit;\"> and packaged in a <\/span><\/span><strong data-start=\"4540\" data-end=\"4590\"><span dir=\"auto\" style=\"vertical-align: inherit;\"><span dir=\"auto\" style=\"vertical-align: inherit;\">vlagi odporna, ponovno zaprljiva laboratorijska vre\u010dka<\/span><\/span><\/strong><span dir=\"auto\" style=\"vertical-align: inherit;\"><span dir=\"auto\" style=\"vertical-align: inherit;\"> for safe storage and accurate dosing.<\/span><\/span><\/p>\n<blockquote data-start=\"4639\" data-end=\"4789\">\n<p data-start=\"4641\" data-end=\"4789\">\u26a0\ufe0f <strong data-start=\"4644\" data-end=\"4655\"><span dir=\"auto\" style=\"vertical-align: inherit;\"><span dir=\"auto\" style=\"vertical-align: inherit;\">Pozor:<\/span><\/span><\/strong><span dir=\"auto\" style=\"vertical-align: inherit;\"><span dir=\"auto\" style=\"vertical-align: inherit;\"> 2-CMC HCl is intended for <\/span><\/span><strong data-start=\"4694\" data-end=\"4735\"><span dir=\"auto\" style=\"vertical-align: inherit;\"><span dir=\"auto\" style=\"vertical-align: inherit;\">laboratorijska in analitska uporaba<\/span><\/span><\/strong><span dir=\"auto\" style=\"vertical-align: inherit;\"><span dir=\"auto\" style=\"vertical-align: inherit;\"> samo \u2014 <\/span><\/span><strong data-start=\"4738\" data-end=\"4786\"><span dir=\"auto\" style=\"vertical-align: inherit;\"><span dir=\"auto\" style=\"vertical-align: inherit;\">ni za prehrano ljudi ali \u017eivali<\/span><\/span><\/strong><span dir=\"auto\" style=\"vertical-align: inherit;\"><span dir=\"auto\" style=\"vertical-align: inherit;\"> .<\/span><\/span><\/p>\n<\/blockquote>\n<hr data-start=\"4791\" data-end=\"4794\" \/>\n<h3 data-start=\"4796\" data-end=\"4827\"><strong data-start=\"4800\" data-end=\"4827\"><span dir=\"auto\" style=\"vertical-align: inherit;\"><span dir=\"auto\" style=\"vertical-align: inherit;\">Klju\u010dne lastnosti<\/span><\/span><\/strong><\/h3>\n<div class=\"_tableContainer_1rjym_1\">\n<div class=\"group _tableWrapper_1rjym_13 flex w-fit flex-col-reverse\" tabindex=\"-1\">\n<table class=\"w-fit min-w-(--thread-content-width)\" data-start=\"4829\" data-end=\"5408\">\n<thead data-start=\"4829\" data-end=\"4855\">\n<tr data-start=\"4829\" data-end=\"4855\">\n<th data-start=\"4829\" data-end=\"4839\" data-col-size=\"sm\"><span dir=\"auto\" style=\"vertical-align: inherit;\"><span dir=\"auto\" style=\"vertical-align: inherit;\">Funkcija<\/span><\/span><\/th>\n<th data-start=\"4839\" data-end=\"4855\" data-col-size=\"md\"><span dir=\"auto\" style=\"vertical-align: inherit;\"><span dir=\"auto\" style=\"vertical-align: inherit;\">Opis<\/span><\/span><\/th>\n<\/tr>\n<\/thead>\n<tbody data-start=\"4884\" data-end=\"5408\">\n<tr data-start=\"4884\" data-end=\"4943\">\n<td data-start=\"4884\" data-end=\"4905\" data-col-size=\"sm\"><strong data-start=\"4886\" data-end=\"4904\"><span dir=\"auto\" style=\"vertical-align: inherit;\"><span dir=\"auto\" style=\"vertical-align: inherit;\">Kemijsko ime<\/span><\/span><\/strong><\/td>\n<td data-start=\"4905\" data-end=\"4943\" data-col-size=\"md\"><span dir=\"auto\" style=\"vertical-align: inherit;\"><span dir=\"auto\" style=\"vertical-align: inherit;\">2-Chloromethcathinone Hydrochloride<\/span><\/span><\/td>\n<\/tr>\n<tr data-start=\"4944\" data-end=\"4982\">\n<td data-start=\"4944\" data-end=\"4969\" data-col-size=\"sm\"><strong data-start=\"4946\" data-end=\"4968\"><span dir=\"auto\" style=\"vertical-align: inherit;\"><span dir=\"auto\" style=\"vertical-align: inherit;\">Splo\u0161no ime<\/span><\/span><\/strong><\/td>\n<td data-start=\"4969\" data-end=\"4982\" data-col-size=\"md\"><span dir=\"auto\" style=\"vertical-align: inherit;\"><span dir=\"auto\" style=\"vertical-align: inherit;\">2-CMC HCl<\/span><\/span><\/td>\n<\/tr>\n<tr data-start=\"4983\" data-end=\"5025\">\n<td data-start=\"4983\" data-end=\"5007\" data-col-size=\"sm\"><strong data-start=\"4985\" data-end=\"5006\"><span dir=\"auto\" style=\"vertical-align: inherit;\"><span dir=\"auto\" style=\"vertical-align: inherit;\">Kemijska formula<\/span><\/span><\/strong><\/td>\n<td data-start=\"5007\" data-end=\"5025\" data-col-size=\"md\"><span dir=\"auto\" style=\"vertical-align: inherit;\"><span dir=\"auto\" style=\"vertical-align: inherit;\">C\u2081\u2080H\u2081\u2082ClNO\u00b7HCl<\/span><\/span><\/td>\n<\/tr>\n<tr data-start=\"5026\" data-end=\"5064\">\n<td data-start=\"5026\" data-end=\"5048\" data-col-size=\"sm\"><strong data-start=\"5028\" data-end=\"5047\"><span dir=\"auto\" style=\"vertical-align: inherit;\"><span dir=\"auto\" style=\"vertical-align: inherit;\">Molekulska masa<\/span><\/span><\/strong><\/td>\n<td data-start=\"5048\" data-end=\"5064\" data-col-size=\"md\"><span dir=\"auto\" style=\"vertical-align: inherit;\"><span dir=\"auto\" style=\"vertical-align: inherit;\">250.12 g\/mol<\/span><\/span><\/td>\n<\/tr>\n<tr data-start=\"5065\" data-end=\"5100\">\n<td data-start=\"5065\" data-end=\"5076\" data-col-size=\"sm\"><strong data-start=\"5067\" data-end=\"5075\"><span dir=\"auto\" style=\"vertical-align: inherit;\"><span dir=\"auto\" style=\"vertical-align: inherit;\">Obrazec<\/span><\/span><\/strong><\/td>\n<td data-start=\"5076\" data-end=\"5100\" data-col-size=\"md\"><span dir=\"auto\" style=\"vertical-align: inherit;\"><span dir=\"auto\" style=\"vertical-align: inherit;\">Kristalna HCl sol<\/span><\/span><\/td>\n<\/tr>\n<tr data-start=\"5101\" data-end=\"5139\">\n<td data-start=\"5101\" data-end=\"5119\" data-col-size=\"sm\"><strong data-start=\"5103\" data-end=\"5118\"><span dir=\"auto\" style=\"vertical-align: inherit;\"><span dir=\"auto\" style=\"vertical-align: inherit;\">Koli\u010dina<\/span><\/span><\/strong><\/td>\n<td data-start=\"5119\" data-end=\"5139\" data-col-size=\"md\"><span dir=\"auto\" style=\"vertical-align: inherit;\"><span dir=\"auto\" style=\"vertical-align: inherit;\">1 gram na vre\u010dko<\/span><\/span><\/td>\n<\/tr>\n<tr data-start=\"5140\" data-end=\"5191\">\n<td data-start=\"5140\" data-end=\"5157\" data-col-size=\"sm\"><strong data-start=\"5142\" data-end=\"5156\"><span dir=\"auto\" style=\"vertical-align: inherit;\"><span dir=\"auto\" style=\"vertical-align: inherit;\">\u010cistost<\/span><\/span><\/strong><\/td>\n<td data-start=\"5157\" data-end=\"5191\" data-col-size=\"md\"><span dir=\"auto\" style=\"vertical-align: inherit;\"><span dir=\"auto\" style=\"vertical-align: inherit;\">\u2265 98% (testirano s HPLC in NMR)<\/span><\/span><\/td>\n<\/tr>\n<tr data-start=\"5192\" data-end=\"5261\">\n<td data-start=\"5192\" data-end=\"5215\" data-col-size=\"sm\"><strong data-start=\"5194\" data-end=\"5214\"><span dir=\"auto\" style=\"vertical-align: inherit;\"><span dir=\"auto\" style=\"vertical-align: inherit;\">Kemijski razred<\/span><\/span><\/strong><\/td>\n<td data-start=\"5215\" data-end=\"5261\" data-col-size=\"md\"><span dir=\"auto\" style=\"vertical-align: inherit;\"><span dir=\"auto\" style=\"vertical-align: inherit;\">Sinteti\u010dni katinon \/ \u03b2-keto-amfetamin<\/span><\/span><\/td>\n<\/tr>\n<tr data-start=\"5262\" data-end=\"5336\">\n<td data-start=\"5262\" data-end=\"5276\" data-col-size=\"sm\"><strong data-start=\"5264\" data-end=\"5275\"><span dir=\"auto\" style=\"vertical-align: inherit;\"><span dir=\"auto\" style=\"vertical-align: inherit;\">Uporaba<\/span><\/span><\/strong><\/td>\n<td data-start=\"5276\" data-end=\"5336\" data-col-size=\"md\"><span dir=\"auto\" style=\"vertical-align: inherit;\"><span dir=\"auto\" style=\"vertical-align: inherit;\">Samo za analiti\u010dne, forenzi\u010dne in kemijske raziskave<\/span><\/span><\/td>\n<\/tr>\n<tr data-start=\"5337\" data-end=\"5408\">\n<td data-start=\"5337\" data-end=\"5354\" data-col-size=\"sm\"><strong data-start=\"5339\" data-end=\"5353\"><span dir=\"auto\" style=\"vertical-align: inherit;\"><span dir=\"auto\" style=\"vertical-align: inherit;\">Embala\u017ea<\/span><\/span><\/strong><\/td>\n<td data-start=\"5354\" data-end=\"5408\" data-col-size=\"md\"><span dir=\"auto\" style=\"vertical-align: inherit;\"><span dir=\"auto\" style=\"vertical-align: inherit;\">Vre\u010dka, ki jo je mogo\u010de ponovno zapreti, je antistati\u010dna in odporna na vlago<\/span><\/span><\/td>\n<\/tr>\n<\/tbody>\n<\/table>\n<\/div>\n<\/div>\n<hr data-start=\"5410\" data-end=\"5413\" \/>\n<h3 data-start=\"5415\" data-end=\"5432\"><strong data-start=\"5419\" data-end=\"5432\"><span dir=\"auto\" style=\"vertical-align: inherit;\"><span dir=\"auto\" style=\"vertical-align: inherit;\">Prednosti<\/span><\/span><\/strong><\/h3>\n<ul data-start=\"5434\" data-end=\"5870\">\n<li data-start=\"5434\" data-end=\"5516\">\n<p data-start=\"5436\" data-end=\"5516\"><strong data-start=\"5436\" data-end=\"5455\"><span dir=\"auto\" style=\"vertical-align: inherit;\"><span dir=\"auto\" style=\"vertical-align: inherit;\">Visoka \u010distost<\/span><\/span><\/strong><span dir=\"auto\" style=\"vertical-align: inherit;\"><span dir=\"auto\" style=\"vertical-align: inherit;\"> \u2013 \u2265 98% laboratory quality for reliable results.<\/span><\/span><\/p>\n<\/li>\n<li data-start=\"5517\" data-end=\"5601\">\n<p data-start=\"5519\" data-end=\"5601\"><strong data-start=\"5519\" data-end=\"5536\"><span dir=\"auto\" style=\"vertical-align: inherit;\"><span dir=\"auto\" style=\"vertical-align: inherit;\">Stabilna oblika<\/span><\/span><\/strong><span dir=\"auto\" style=\"vertical-align: inherit;\"><span dir=\"auto\" style=\"vertical-align: inherit;\"> \u2013 HCl salt provides improved stability and solubility.<\/span><\/span><\/p>\n<\/li>\n<li data-start=\"5602\" data-end=\"5679\">\n<p data-start=\"5604\" data-end=\"5679\"><strong data-start=\"5604\" data-end=\"5634\"><span dir=\"auto\" style=\"vertical-align: inherit;\"><span dir=\"auto\" style=\"vertical-align: inherit;\">\u0160iroka uporabnost raziskav<\/span><\/span><\/strong><span dir=\"auto\" style=\"vertical-align: inherit;\"><span dir=\"auto\" style=\"vertical-align: inherit;\"> \u2013 Suitable for GC\/MS, LC-MS, FTIR, and NMR.<\/span><\/span><\/p>\n<\/li>\n<li data-start=\"5680\" data-end=\"5788\">\n<p data-start=\"5682\" data-end=\"5788\"><strong data-start=\"5682\" data-end=\"5712\"><span dir=\"auto\" style=\"vertical-align: inherit;\"><span dir=\"auto\" style=\"vertical-align: inherit;\">Structural Reference Substance<\/span><\/span><\/strong><span dir=\"auto\" style=\"vertical-align: inherit;\"><span dir=\"auto\" style=\"vertical-align: inherit;\"> \u2013 Important for forensic and chemical research on cathinone analogues.<\/span><\/span><\/p>\n<\/li>\n<li data-start=\"5789\" data-end=\"5870\">\n<p data-start=\"5791\" data-end=\"5870\"><strong data-start=\"5791\" data-end=\"5813\"><span dir=\"auto\" style=\"vertical-align: inherit;\"><span dir=\"auto\" style=\"vertical-align: inherit;\">Varna embala\u017ea<\/span><\/span><\/strong><span dir=\"auto\" style=\"vertical-align: inherit;\"><span dir=\"auto\" style=\"vertical-align: inherit;\"> \u2013 Prevents contamination and maintains product integrity.<\/span><\/span><\/p>\n<\/li>\n<\/ul>\n<hr data-start=\"5872\" data-end=\"5875\" \/>\n<h3 data-start=\"5877\" data-end=\"5929\"><strong data-start=\"5881\" data-end=\"5927\"><span dir=\"auto\" style=\"vertical-align: inherit;\"><span dir=\"auto\" style=\"vertical-align: inherit;\">Uporaba (samo za raziskovalne namene)<\/span><\/span><\/strong><\/h3>\n<ol data-start=\"5931\" data-end=\"6236\">\n<li data-start=\"5931\" data-end=\"5998\">\n<p data-start=\"5934\" data-end=\"5998\"><strong data-start=\"5934\" data-end=\"5949\"><span dir=\"auto\" style=\"vertical-align: inherit;\"><span dir=\"auto\" style=\"vertical-align: inherit;\">Ravnanje:<\/span><\/span><\/strong><span dir=\"auto\" style=\"vertical-align: inherit;\"><span dir=\"auto\" style=\"vertical-align: inherit;\"> Nosite rokavice, za\u0161\u010ditna o\u010dala in laboratorijski pla\u0161\u010d.<\/span><\/span><\/p>\n<\/li>\n<li data-start=\"5999\" data-end=\"6060\">\n<p data-start=\"6002\" data-end=\"6060\"><strong data-start=\"6002\" data-end=\"6015\"><span dir=\"auto\" style=\"vertical-align: inherit;\"><span dir=\"auto\" style=\"vertical-align: inherit;\">Meritve:<\/span><\/span><\/strong><span dir=\"auto\" style=\"vertical-align: inherit;\"><span dir=\"auto\" style=\"vertical-align: inherit;\"> Use calibrated scales and equipment.<\/span><\/span><\/p>\n<\/li>\n<li data-start=\"6061\" data-end=\"6115\">\n<p data-start=\"6064\" data-end=\"6115\"><strong data-start=\"6064\" data-end=\"6075\"><span dir=\"auto\" style=\"vertical-align: inherit;\"><span dir=\"auto\" style=\"vertical-align: inherit;\">Shranjevanje:<\/span><\/span><\/strong><span dir=\"auto\" style=\"vertical-align: inherit;\"><span dir=\"auto\" style=\"vertical-align: inherit;\"> Hranite v hladnem (2\u20138 \u00b0C), suhem in temnem prostoru.<\/span><\/span><\/p>\n<\/li>\n<li data-start=\"6116\" data-end=\"6174\">\n<p data-start=\"6119\" data-end=\"6174\"><strong data-start=\"6119\" data-end=\"6131\"><span dir=\"auto\" style=\"vertical-align: inherit;\"><span dir=\"auto\" style=\"vertical-align: inherit;\">Analiza:<\/span><\/span><\/strong><span dir=\"auto\" style=\"vertical-align: inherit;\"><span dir=\"auto\" style=\"vertical-align: inherit;\"> Suitable for GC\/MS, LC-MS, FTIR and NMR.<\/span><\/span><\/p>\n<\/li>\n<li data-start=\"6175\" data-end=\"6236\">\n<p data-start=\"6178\" data-end=\"6236\"><strong data-start=\"6178\" data-end=\"6195\"><span dir=\"auto\" style=\"vertical-align: inherit;\"><span dir=\"auto\" style=\"vertical-align: inherit;\">Dokumentacija:<\/span><\/span><\/strong><span dir=\"auto\" style=\"vertical-align: inherit;\"><span dir=\"auto\" style=\"vertical-align: inherit;\"> Zapi\u0161ite \u0161tevilke serij in rezultate testov.<\/span><\/span><\/p>\n<\/li>\n<\/ol>\n<hr data-start=\"6238\" data-end=\"6241\" \/>\n<h3 data-start=\"6243\" data-end=\"6278\"><strong data-start=\"6247\" data-end=\"6276\"><span dir=\"auto\" style=\"vertical-align: inherit;\"><span dir=\"auto\" style=\"vertical-align: inherit;\">Pogosto zastavljena vpra\u0161anja (FAQ)<\/span><\/span><\/strong><\/h3>\n<p data-start=\"6280\" data-end=\"6456\"><strong data-start=\"6280\" data-end=\"6304\"><span dir=\"auto\" style=\"vertical-align: inherit;\"><span dir=\"auto\" style=\"vertical-align: inherit;\">1. What is 2-CMC HCl? <\/span><\/span><\/strong><br data-start=\"6304\" data-end=\"6307\" \/><strong data-start=\"6307\" data-end=\"6353\"><span dir=\"auto\" style=\"vertical-align: inherit;\"><span dir=\"auto\" style=\"vertical-align: inherit;\">2-CMC (2-Chloromethcathinone) Hydrochloride<\/span><\/span><\/strong><span dir=\"auto\" style=\"vertical-align: inherit;\"><span dir=\"auto\" style=\"vertical-align: inherit;\"> je <\/span><\/span><strong data-start=\"6361\" data-end=\"6396\"><span dir=\"auto\" style=\"vertical-align: inherit;\"><span dir=\"auto\" style=\"vertical-align: inherit;\">sinteti\u010dna katinonska spojina<\/span><\/span><\/strong><span dir=\"auto\" style=\"vertical-align: inherit;\"><span dir=\"auto\" style=\"vertical-align: inherit;\"> used in analytical and forensic research.<\/span><\/span><\/p>\n<p data-start=\"6458\" data-end=\"6596\"><strong data-start=\"6458\" data-end=\"6504\"><span dir=\"auto\" style=\"vertical-align: inherit;\"><span dir=\"auto\" style=\"vertical-align: inherit;\">2. What is in the 2-CMC HCl Sachet (1g)?<\/span><\/span><\/strong><br data-start=\"6504\" data-end=\"6507\" \/><span dir=\"auto\" style=\"vertical-align: inherit;\"><span dir=\"auto\" style=\"vertical-align: inherit;\"> Vre\u010dka vsebuje <\/span><\/span><strong data-start=\"6523\" data-end=\"6543\"><span dir=\"auto\" style=\"vertical-align: inherit;\"><span dir=\"auto\" style=\"vertical-align: inherit;\">1 gram of 2-CMC HCl<\/span><\/span><\/strong><span dir=\"auto\" style=\"vertical-align: inherit;\"><span dir=\"auto\" style=\"vertical-align: inherit;\"> in crystalline form with a purity of \u2265 98%.<\/span><\/span><\/p>\n<p data-start=\"6598\" data-end=\"6792\"><strong data-start=\"6598\" data-end=\"6637\"><span dir=\"auto\" style=\"vertical-align: inherit;\"><span dir=\"auto\" style=\"vertical-align: inherit;\">3. Is it legal to buy 2-CMC?<\/span><\/span><\/strong><br data-start=\"6637\" data-end=\"6640\" \/><span dir=\"auto\" style=\"vertical-align: inherit;\"><span dir=\"auto\" style=\"vertical-align: inherit;\"> The <\/span><\/span><strong data-start=\"6643\" data-end=\"6667\"><span dir=\"auto\" style=\"vertical-align: inherit;\"><span dir=\"auto\" style=\"vertical-align: inherit;\">legality of 2-CMC<\/span><\/span><\/strong><span dir=\"auto\" style=\"vertical-align: inherit;\"><span dir=\"auto\" style=\"vertical-align: inherit;\"> varies by country. In some countries, it&#8217;s regulated; always check local laws before <\/span><\/span><strong data-start=\"6774\" data-end=\"6789\"><span dir=\"auto\" style=\"vertical-align: inherit;\"><span dir=\"auto\" style=\"vertical-align: inherit;\">purchasing 2-CMC<\/span><\/span><\/strong><span dir=\"auto\" style=\"vertical-align: inherit;\"><span dir=\"auto\" style=\"vertical-align: inherit;\"> .<\/span><\/span><\/p>","protected":false},"excerpt":{"rendered":"<h2><strong><span dir=\"auto\" style=\"vertical-align: inherit;\"><span dir=\"auto\" style=\"vertical-align: inherit;\">2-CMC HCl sachet with 1 gram<\/span><\/span><\/strong><\/h2>\n<ul>\n<li><strong><span dir=\"auto\" style=\"vertical-align: inherit;\"><span dir=\"auto\" style=\"vertical-align: inherit;\">Maloprodajna embala\u017ea<\/span><\/span><br \/>\n<\/strong><\/li>\n<li><strong><span dir=\"auto\" style=\"vertical-align: inherit;\"><span dir=\"auto\" style=\"vertical-align: inherit;\">Koli\u010dina gramov na vre\u010dko: 1<\/span><\/span><\/strong><\/li>\n<li><strong><span dir=\"auto\" style=\"vertical-align: inherit;\"><span dir=\"auto\" style=\"vertical-align: inherit;\">Cene ne vklju\u010dujejo DDV za 21%<\/span><\/span><\/strong><\/li>\n<li><strong><span dir=\"auto\" style=\"vertical-align: inherit;\"><span dir=\"auto\" style=\"vertical-align: inherit;\">Priporo\u010dena maloprodajna cena: 25,00 \u20ac z DDV<\/span><\/span><\/strong><\/li>\n<\/ul>","protected":false},"featured_media":28378,"comment_status":"closed","ping_status":"closed","template":"","meta":[],"product_brand":[82],"product_cat":[555],"product_tag":[818,820,561,819,326],"class_list":{"0":"post-24517","1":"product","2":"type-product","3":"status-publish","4":"has-post-thumbnail","6":"product_brand-research-chemical","7":"product_cat-b2b","8":"product_tag-2-cmc","9":"product_tag-2-cmc-drugs","10":"product_tag-2-cmc-kopen","11":"product_tag-cmc-seizoen-2","12":"product_tag-nl","14":"first","15":"instock","16":"taxable","17":"shipping-taxable","18":"purchasable","19":"product-type-variable"},"_links":{"self":[{"href":"https:\/\/researchchemicalhub.com\/sl\/wp-json\/wp\/v2\/product\/24517","targetHints":{"allow":["GET"]}}],"collection":[{"href":"https:\/\/researchchemicalhub.com\/sl\/wp-json\/wp\/v2\/product"}],"about":[{"href":"https:\/\/researchchemicalhub.com\/sl\/wp-json\/wp\/v2\/types\/product"}],"replies":[{"embeddable":true,"href":"https:\/\/researchchemicalhub.com\/sl\/wp-json\/wp\/v2\/comments?post=24517"}],"version-history":[{"count":7,"href":"https:\/\/researchchemicalhub.com\/sl\/wp-json\/wp\/v2\/product\/24517\/revisions"}],"predecessor-version":[{"id":28668,"href":"https:\/\/researchchemicalhub.com\/sl\/wp-json\/wp\/v2\/product\/24517\/revisions\/28668"}],"wp:featuredmedia":[{"embeddable":true,"href":"https:\/\/researchchemicalhub.com\/sl\/wp-json\/wp\/v2\/media\/28378"}],"wp:attachment":[{"href":"https:\/\/researchchemicalhub.com\/sl\/wp-json\/wp\/v2\/media?parent=24517"}],"wp:term":[{"taxonomy":"product_brand","embeddable":true,"href":"https:\/\/researchchemicalhub.com\/sl\/wp-json\/wp\/v2\/product_brand?post=24517"},{"taxonomy":"product_cat","embeddable":true,"href":"https:\/\/researchchemicalhub.com\/sl\/wp-json\/wp\/v2\/product_cat?post=24517"},{"taxonomy":"product_tag","embeddable":true,"href":"https:\/\/researchchemicalhub.com\/sl\/wp-json\/wp\/v2\/product_tag?post=24517"}],"curies":[{"name":"delovni list","href":"https:\/\/api.w.org\/{rel}","templated":true}]}}