{"id":24457,"date":"2025-10-20T17:41:45","date_gmt":"2025-10-20T17:41:45","guid":{"rendered":"https:\/\/researchchemicalhub.com\/?post_type=product&#038;p=24457"},"modified":"2025-10-29T08:20:46","modified_gmt":"2025-10-29T08:20:46","slug":"6-apb-benzo-fury","status":"publish","type":"product","link":"https:\/\/researchchemicalhub.com\/sl\/trgovina\/6-apb\/6-apb-benzo-fury\/","title":{"rendered":"Benzo Fury 6-APB 100 mg peleti"},"content":{"rendered":"<h3 data-start=\"4092\" data-end=\"4113\"><strong data-start=\"4096\" data-end=\"4111\"><span dir=\"auto\" style=\"vertical-align: inherit;\"><span dir=\"auto\" style=\"vertical-align: inherit;\">Uvod<\/span><\/span><\/strong><\/h3>\n<p data-start=\"4114\" data-end=\"4550\"><strong data-start=\"4114\" data-end=\"4148\"><span dir=\"auto\" style=\"vertical-align: inherit;\"><span dir=\"auto\" style=\"vertical-align: inherit;\">Benzo Fury 6-APB 100 mg peleti<\/span><\/span><\/strong><span dir=\"auto\" style=\"vertical-align: inherit;\"><span dir=\"auto\" style=\"vertical-align: inherit;\"> vsebujejo <\/span><\/span><strong data-start=\"4158\" data-end=\"4203\"><span dir=\"auto\" style=\"vertical-align: inherit;\"><span dir=\"auto\" style=\"vertical-align: inherit;\">100mg of 6-APB (6-(2-aminopropyl)benzofuran)<\/span><\/span><\/strong><span dir=\"auto\" style=\"vertical-align: inherit;\"><span dir=\"auto\" style=\"vertical-align: inherit;\"> z <\/span><\/span><strong data-start=\"4212\" data-end=\"4236\"><span dir=\"auto\" style=\"vertical-align: inherit;\"><span dir=\"auto\" style=\"vertical-align: inherit;\">\u010distost \u2265 98%<\/span><\/span><\/strong><span dir=\"auto\" style=\"vertical-align: inherit;\"><span dir=\"auto\" style=\"vertical-align: inherit;\"> , specially developed for <\/span><\/span><strong data-start=\"4263\" data-end=\"4316\"><span dir=\"auto\" style=\"vertical-align: inherit;\"><span dir=\"auto\" style=\"vertical-align: inherit;\">analiti\u010dne, forenzi\u010dne in nevrokemi\u010dne raziskave<\/span><\/span><\/strong><span dir=\"auto\" style=\"vertical-align: inherit;\"><span dir=\"auto\" style=\"vertical-align: inherit;\"> 6 apb benzo fury\u00a0 <\/span><\/span><br data-start=\"4317\" data-end=\"4320\" \/><span dir=\"auto\" style=\"vertical-align: inherit;\"><span dir=\"auto\" style=\"vertical-align: inherit;\">6-APB, better known as <\/span><\/span><strong data-start=\"4344\" data-end=\"4361\"><span dir=\"auto\" style=\"vertical-align: inherit;\"><span dir=\"auto\" style=\"vertical-align: inherit;\">&quot;Benzo Fury&quot;<\/span><\/span><\/strong><span dir=\"auto\" style=\"vertical-align: inherit;\"><span dir=\"auto\" style=\"vertical-align: inherit;\"> je <\/span><\/span><strong data-start=\"4369\" data-end=\"4407\"><span dir=\"auto\" style=\"vertical-align: inherit;\"><span dir=\"auto\" style=\"vertical-align: inherit;\">synthetic benzofuran compound<\/span><\/span><\/strong><span dir=\"auto\" style=\"vertical-align: inherit;\"><span dir=\"auto\" style=\"vertical-align: inherit;\"> in strukturno povezano z <\/span><\/span><strong data-start=\"4435\" data-end=\"4442\"><span dir=\"auto\" style=\"vertical-align: inherit;\"><span dir=\"auto\" style=\"vertical-align: inherit;\">MDA<\/span><\/span><\/strong><span dir=\"auto\" style=\"vertical-align: inherit;\"><span dir=\"auto\" style=\"vertical-align: inherit;\"> . It is being investigated for its <\/span><\/span><strong data-start=\"4478\" data-end=\"4519\"><span dir=\"auto\" style=\"vertical-align: inherit;\"><span dir=\"auto\" style=\"vertical-align: inherit;\">affinity for monoamine transporters<\/span><\/span><\/strong><span dir=\"auto\" style=\"vertical-align: inherit;\"><span dir=\"auto\" style=\"vertical-align: inherit;\"> in <\/span><\/span><strong data-start=\"4523\" data-end=\"4547\"><span dir=\"auto\" style=\"vertical-align: inherit;\"><span dir=\"auto\" style=\"vertical-align: inherit;\">serotoninskih receptorjev<\/span><\/span><\/strong><span dir=\"auto\" style=\"vertical-align: inherit;\"><span dir=\"auto\" style=\"vertical-align: inherit;\"> .<\/span><\/span><\/p>\n<p data-start=\"4552\" data-end=\"4701\"><span dir=\"auto\" style=\"vertical-align: inherit;\"><span dir=\"auto\" style=\"vertical-align: inherit;\">Each pellet is precisely manufactured and <\/span><\/span><strong data-start=\"4594\" data-end=\"4643\"><span dir=\"auto\" style=\"vertical-align: inherit;\"><span dir=\"auto\" style=\"vertical-align: inherit;\">packaged in a protective blister pack<\/span><\/span><\/strong><span dir=\"auto\" style=\"vertical-align: inherit;\"><span dir=\"auto\" style=\"vertical-align: inherit;\"> for maximum stability and research reliability.<\/span><\/span><\/p>\n<blockquote data-start=\"4703\" data-end=\"4849\">\n<p data-start=\"4705\" data-end=\"4849\">\u26a0\ufe0f <strong data-start=\"4708\" data-end=\"4719\"><span dir=\"auto\" style=\"vertical-align: inherit;\"><span dir=\"auto\" style=\"vertical-align: inherit;\">Prosimo, upo\u0161tevajte:<\/span><\/span><\/strong><span dir=\"auto\" style=\"vertical-align: inherit;\"><span dir=\"auto\" style=\"vertical-align: inherit;\"> Ta izdelek je namenjen za <\/span><\/span><strong data-start=\"4760\" data-end=\"4795\"><span dir=\"auto\" style=\"vertical-align: inherit;\"><span dir=\"auto\" style=\"vertical-align: inherit;\">raziskovalna in analiti\u010dna uporaba<\/span><\/span><\/strong><span dir=\"auto\" style=\"vertical-align: inherit;\"><span dir=\"auto\" style=\"vertical-align: inherit;\"> samo \u2014 <\/span><\/span><strong data-start=\"4798\" data-end=\"4846\"><span dir=\"auto\" style=\"vertical-align: inherit;\"><span dir=\"auto\" style=\"vertical-align: inherit;\">ni za prehrano ljudi ali \u017eivali<\/span><\/span><\/strong><span dir=\"auto\" style=\"vertical-align: inherit;\"><span dir=\"auto\" style=\"vertical-align: inherit;\"> .<\/span><\/span><\/p>\n<\/blockquote>\n<hr data-start=\"4851\" data-end=\"4854\" \/>\n<h3 data-start=\"4856\" data-end=\"4887\"><strong data-start=\"4860\" data-end=\"4887\"><span dir=\"auto\" style=\"vertical-align: inherit;\"><span dir=\"auto\" style=\"vertical-align: inherit;\">Klju\u010dne lastnosti<\/span><\/span><\/strong><\/h3>\n<div class=\"_tableContainer_1rjym_1\">\n<div class=\"group _tableWrapper_1rjym_13 flex w-fit flex-col-reverse\" tabindex=\"-1\">\n<table class=\"w-fit min-w-(--thread-content-width)\" data-start=\"4889\" data-end=\"5461\">\n<thead data-start=\"4889\" data-end=\"4915\">\n<tr data-start=\"4889\" data-end=\"4915\">\n<th data-start=\"4889\" data-end=\"4899\" data-col-size=\"sm\"><span dir=\"auto\" style=\"vertical-align: inherit;\"><span dir=\"auto\" style=\"vertical-align: inherit;\">Funkcija<\/span><\/span><\/th>\n<th data-start=\"4899\" data-end=\"4915\" data-col-size=\"md\"><span dir=\"auto\" style=\"vertical-align: inherit;\"><span dir=\"auto\" style=\"vertical-align: inherit;\">Opis<\/span><\/span><\/th>\n<\/tr>\n<\/thead>\n<tbody data-start=\"4944\" data-end=\"5461\">\n<tr data-start=\"4944\" data-end=\"4996\">\n<td data-start=\"4944\" data-end=\"4965\" data-col-size=\"sm\"><strong data-start=\"4946\" data-end=\"4964\"><span dir=\"auto\" style=\"vertical-align: inherit;\"><span dir=\"auto\" style=\"vertical-align: inherit;\">Kemijsko ime<\/span><\/span><\/strong><\/td>\n<td data-start=\"4965\" data-end=\"4996\" data-col-size=\"md\"><span dir=\"auto\" style=\"vertical-align: inherit;\"><span dir=\"auto\" style=\"vertical-align: inherit;\">6-(2-aminopropil)benzofuran<\/span><\/span><\/td>\n<\/tr>\n<tr data-start=\"4997\" data-end=\"5044\">\n<td data-start=\"4997\" data-end=\"5022\" data-col-size=\"sm\"><strong data-start=\"4999\" data-end=\"5021\"><span dir=\"auto\" style=\"vertical-align: inherit;\"><span dir=\"auto\" style=\"vertical-align: inherit;\">Splo\u0161no ime<\/span><\/span><\/strong><\/td>\n<td data-start=\"5022\" data-end=\"5044\" data-col-size=\"md\"><span dir=\"auto\" style=\"vertical-align: inherit;\"><span dir=\"auto\" style=\"vertical-align: inherit;\">6-APB \/ Benzo Fury<\/span><\/span><\/td>\n<\/tr>\n<tr data-start=\"5045\" data-end=\"5081\">\n<td data-start=\"5045\" data-end=\"5069\" data-col-size=\"sm\"><strong data-start=\"5047\" data-end=\"5068\"><span dir=\"auto\" style=\"vertical-align: inherit;\"><span dir=\"auto\" style=\"vertical-align: inherit;\">Kemijska formula<\/span><\/span><\/strong><\/td>\n<td data-start=\"5069\" data-end=\"5081\" data-col-size=\"md\"><span dir=\"auto\" style=\"vertical-align: inherit;\"><span dir=\"auto\" style=\"vertical-align: inherit;\">C\u2081\u2081H\u2081\u2083NO<\/span><\/span><\/td>\n<\/tr>\n<tr data-start=\"5082\" data-end=\"5120\">\n<td data-start=\"5082\" data-end=\"5104\" data-col-size=\"sm\"><strong data-start=\"5084\" data-end=\"5103\"><span dir=\"auto\" style=\"vertical-align: inherit;\"><span dir=\"auto\" style=\"vertical-align: inherit;\">Molekulska masa<\/span><\/span><\/strong><\/td>\n<td data-start=\"5104\" data-end=\"5120\" data-col-size=\"md\"><span dir=\"auto\" style=\"vertical-align: inherit;\"><span dir=\"auto\" style=\"vertical-align: inherit;\">175.23 g\/mol<\/span><\/span><\/td>\n<\/tr>\n<tr data-start=\"5121\" data-end=\"5156\">\n<td data-start=\"5121\" data-end=\"5136\" data-col-size=\"sm\"><strong data-start=\"5123\" data-end=\"5135\"><span dir=\"auto\" style=\"vertical-align: inherit;\"><span dir=\"auto\" style=\"vertical-align: inherit;\">Odmerjanje<\/span><\/span><\/strong><\/td>\n<td data-start=\"5136\" data-end=\"5156\" data-col-size=\"md\"><span dir=\"auto\" style=\"vertical-align: inherit;\"><span dir=\"auto\" style=\"vertical-align: inherit;\">100 mg na peleto<\/span><\/span><\/td>\n<\/tr>\n<tr data-start=\"5157\" data-end=\"5204\">\n<td data-start=\"5157\" data-end=\"5168\" data-col-size=\"sm\"><strong data-start=\"5159\" data-end=\"5167\"><span dir=\"auto\" style=\"vertical-align: inherit;\"><span dir=\"auto\" style=\"vertical-align: inherit;\">Obrazec<\/span><\/span><\/strong><\/td>\n<td data-start=\"5168\" data-end=\"5204\" data-col-size=\"md\"><span dir=\"auto\" style=\"vertical-align: inherit;\"><span dir=\"auto\" style=\"vertical-align: inherit;\">Trdna peleta (pretisni omot)<\/span><\/span><\/td>\n<\/tr>\n<tr data-start=\"5205\" data-end=\"5256\">\n<td data-start=\"5205\" data-end=\"5222\" data-col-size=\"sm\"><strong data-start=\"5207\" data-end=\"5221\"><span dir=\"auto\" style=\"vertical-align: inherit;\"><span dir=\"auto\" style=\"vertical-align: inherit;\">\u010cistost<\/span><\/span><\/strong><\/td>\n<td data-start=\"5222\" data-end=\"5256\" data-col-size=\"md\"><span dir=\"auto\" style=\"vertical-align: inherit;\"><span dir=\"auto\" style=\"vertical-align: inherit;\">\u2265 98% (testirano s HPLC in NMR)<\/span><\/span><\/td>\n<\/tr>\n<tr data-start=\"5257\" data-end=\"5319\">\n<td data-start=\"5257\" data-end=\"5280\" data-col-size=\"sm\"><strong data-start=\"5259\" data-end=\"5279\"><span dir=\"auto\" style=\"vertical-align: inherit;\"><span dir=\"auto\" style=\"vertical-align: inherit;\">Kemijski razred<\/span><\/span><\/strong><\/td>\n<td data-start=\"5280\" data-end=\"5319\" data-col-size=\"md\"><span dir=\"auto\" style=\"vertical-align: inherit;\"><span dir=\"auto\" style=\"vertical-align: inherit;\">Benzofuran \/ Phenethylamine analogue<\/span><\/span><\/td>\n<\/tr>\n<tr data-start=\"5320\" data-end=\"5399\">\n<td data-start=\"5320\" data-end=\"5334\" data-col-size=\"sm\"><strong data-start=\"5322\" data-end=\"5333\"><span dir=\"auto\" style=\"vertical-align: inherit;\"><span dir=\"auto\" style=\"vertical-align: inherit;\">Uporaba<\/span><\/span><\/strong><\/td>\n<td data-start=\"5334\" data-end=\"5399\" data-col-size=\"md\"><span dir=\"auto\" style=\"vertical-align: inherit;\"><span dir=\"auto\" style=\"vertical-align: inherit;\">Samo za analiti\u010dne, forenzi\u010dne in nevrokemi\u010dne raziskave<\/span><\/span><\/td>\n<\/tr>\n<tr data-start=\"5400\" data-end=\"5461\">\n<td data-start=\"5400\" data-end=\"5417\" data-col-size=\"sm\"><strong data-start=\"5402\" data-end=\"5416\"><span dir=\"auto\" style=\"vertical-align: inherit;\"><span dir=\"auto\" style=\"vertical-align: inherit;\">Embala\u017ea<\/span><\/span><\/strong><\/td>\n<td data-start=\"5417\" data-end=\"5461\" data-col-size=\"md\"><span dir=\"auto\" style=\"vertical-align: inherit;\"><span dir=\"auto\" style=\"vertical-align: inherit;\">Blister strip with laboratory seal<\/span><\/span><\/td>\n<\/tr>\n<\/tbody>\n<\/table>\n<\/div>\n<\/div>\n<hr data-start=\"5463\" data-end=\"5466\" \/>\n<h3 data-start=\"5468\" data-end=\"5485\"><strong data-start=\"5472\" data-end=\"5485\"><span dir=\"auto\" style=\"vertical-align: inherit;\"><span dir=\"auto\" style=\"vertical-align: inherit;\">Prednosti<\/span><\/span><\/strong><\/h3>\n<ul data-start=\"5487\" data-end=\"5897\">\n<li data-start=\"5487\" data-end=\"5579\">\n<p data-start=\"5489\" data-end=\"5579\"><strong data-start=\"5489\" data-end=\"5508\"><span dir=\"auto\" style=\"vertical-align: inherit;\"><span dir=\"auto\" style=\"vertical-align: inherit;\">Visoka \u010distost<\/span><\/span><\/strong><span dir=\"auto\" style=\"vertical-align: inherit;\"><span dir=\"auto\" style=\"vertical-align: inherit;\"> \u2013 \u2265 98% laboratory quality for accurate research results.<\/span><\/span><\/p>\n<\/li>\n<li data-start=\"5580\" data-end=\"5654\">\n<p data-start=\"5582\" data-end=\"5654\"><strong data-start=\"5582\" data-end=\"5606\"><span dir=\"auto\" style=\"vertical-align: inherit;\"><span dir=\"auto\" style=\"vertical-align: inherit;\">Natan\u010dno odmerjanje<\/span><\/span><\/strong><span dir=\"auto\" style=\"vertical-align: inherit;\"><span dir=\"auto\" style=\"vertical-align: inherit;\"> \u2013 100mg per pellet for consistent analysis.<\/span><\/span><\/p>\n<\/li>\n<li data-start=\"5655\" data-end=\"5742\">\n<p data-start=\"5657\" data-end=\"5742\"><strong data-start=\"5657\" data-end=\"5682\"><span dir=\"auto\" style=\"vertical-align: inherit;\"><span dir=\"auto\" style=\"vertical-align: inherit;\">Za\u0161\u010ditna embala\u017ea<\/span><\/span><\/strong><span dir=\"auto\" style=\"vertical-align: inherit;\"><span dir=\"auto\" style=\"vertical-align: inherit;\"> \u2013 Blister packaging prevents degradation by air or moisture.<\/span><\/span><\/p>\n<\/li>\n<li data-start=\"5743\" data-end=\"5826\">\n<p data-start=\"5745\" data-end=\"5826\"><strong data-start=\"5745\" data-end=\"5775\"><span dir=\"auto\" style=\"vertical-align: inherit;\"><span dir=\"auto\" style=\"vertical-align: inherit;\">\u0160iroka uporabnost raziskav<\/span><\/span><\/strong><span dir=\"auto\" style=\"vertical-align: inherit;\"><span dir=\"auto\" style=\"vertical-align: inherit;\"> \u2013 Suitable for GC\/MS, LC-MS, FTIR, NMR, and HPLC.<\/span><\/span><\/p>\n<\/li>\n<li data-start=\"5827\" data-end=\"5897\">\n<p data-start=\"5829\" data-end=\"5897\"><strong data-start=\"5829\" data-end=\"5854\"><span dir=\"auto\" style=\"vertical-align: inherit;\"><span dir=\"auto\" style=\"vertical-align: inherit;\">Traceable Quality<\/span><\/span><\/strong><span dir=\"auto\" style=\"vertical-align: inherit;\"><span dir=\"auto\" style=\"vertical-align: inherit;\"> \u2013 Full batch information available.<\/span><\/span><\/p>\n<\/li>\n<\/ul>\n<hr data-start=\"5899\" data-end=\"5902\" \/>\n<h3 data-start=\"5904\" data-end=\"5956\"><strong data-start=\"5908\" data-end=\"5954\"><span dir=\"auto\" style=\"vertical-align: inherit;\"><span dir=\"auto\" style=\"vertical-align: inherit;\">Uporaba (samo za raziskovalne namene)<\/span><\/span><\/strong><\/h3>\n<ol data-start=\"5958\" data-end=\"6344\">\n<li data-start=\"5958\" data-end=\"6027\">\n<p data-start=\"5961\" data-end=\"6027\"><strong data-start=\"5961\" data-end=\"5976\"><span dir=\"auto\" style=\"vertical-align: inherit;\"><span dir=\"auto\" style=\"vertical-align: inherit;\">Ravnanje:<\/span><\/span><\/strong><span dir=\"auto\" style=\"vertical-align: inherit;\"><span dir=\"auto\" style=\"vertical-align: inherit;\"> Nosite rokavice, za\u0161\u010ditna o\u010dala in laboratorijski pla\u0161\u010d.<\/span><\/span><\/p>\n<\/li>\n<li data-start=\"6028\" data-end=\"6127\">\n<p data-start=\"6031\" data-end=\"6127\"><strong data-start=\"6031\" data-end=\"6044\"><span dir=\"auto\" style=\"vertical-align: inherit;\"><span dir=\"auto\" style=\"vertical-align: inherit;\">Meritve:<\/span><\/span><\/strong><span dir=\"auto\" style=\"vertical-align: inherit;\"><span dir=\"auto\" style=\"vertical-align: inherit;\"> Each pellet contains exactly 100mg; do not adjust outside laboratory conditions.<\/span><\/span><\/p>\n<\/li>\n<li data-start=\"6128\" data-end=\"6182\">\n<p data-start=\"6131\" data-end=\"6182\"><strong data-start=\"6131\" data-end=\"6142\"><span dir=\"auto\" style=\"vertical-align: inherit;\"><span dir=\"auto\" style=\"vertical-align: inherit;\">Shranjevanje:<\/span><\/span><\/strong><span dir=\"auto\" style=\"vertical-align: inherit;\"><span dir=\"auto\" style=\"vertical-align: inherit;\"> Hranite v hladnem (2\u20138 \u00b0C), suhem in temnem prostoru.<\/span><\/span><\/p>\n<\/li>\n<li data-start=\"6183\" data-end=\"6272\">\n<p data-start=\"6186\" data-end=\"6272\"><strong data-start=\"6186\" data-end=\"6198\"><span dir=\"auto\" style=\"vertical-align: inherit;\"><span dir=\"auto\" style=\"vertical-align: inherit;\">Analiza:<\/span><\/span><\/strong><span dir=\"auto\" style=\"vertical-align: inherit;\"><span dir=\"auto\" style=\"vertical-align: inherit;\"> Suitable for chromatography, spectroscopy and neurochemical research.<\/span><\/span><\/p>\n<\/li>\n<li data-start=\"6273\" data-end=\"6344\">\n<p data-start=\"6276\" data-end=\"6344\"><strong data-start=\"6276\" data-end=\"6293\"><span dir=\"auto\" style=\"vertical-align: inherit;\"><span dir=\"auto\" style=\"vertical-align: inherit;\">Dokumentacija:<\/span><\/span><\/strong><span dir=\"auto\" style=\"vertical-align: inherit;\"><span dir=\"auto\" style=\"vertical-align: inherit;\"> Record batch numbers and purity for compliance. 6 apb benzo fury<\/span><\/span><\/p>\n<\/li>\n<\/ol>\n<hr data-start=\"6346\" data-end=\"6349\" \/>\n<h3 data-start=\"6351\" data-end=\"6386\"><strong data-start=\"6355\" data-end=\"6384\"><span dir=\"auto\" style=\"vertical-align: inherit;\"><span dir=\"auto\" style=\"vertical-align: inherit;\">Pogosto zastavljena vpra\u0161anja (FAQ)<\/span><\/span><\/strong><\/h3>\n<p data-start=\"6388\" data-end=\"6562\"><strong data-start=\"6388\" data-end=\"6421\"><span dir=\"auto\" style=\"vertical-align: inherit;\"><span dir=\"auto\" style=\"vertical-align: inherit;\">1. What is 6-APB (Benzo Fury)? <\/span><\/span><\/strong><br data-start=\"6421\" data-end=\"6424\" \/><strong data-start=\"6424\" data-end=\"6433\"><span dir=\"auto\" style=\"vertical-align: inherit;\"><span dir=\"auto\" style=\"vertical-align: inherit;\">6-APB<\/span><\/span><\/strong><span dir=\"auto\" style=\"vertical-align: inherit;\"><span dir=\"auto\" style=\"vertical-align: inherit;\"> je <\/span><\/span><strong data-start=\"6441\" data-end=\"6479\"><span dir=\"auto\" style=\"vertical-align: inherit;\"><span dir=\"auto\" style=\"vertical-align: inherit;\">synthetic benzofuran<\/span><\/span><\/strong><span dir=\"auto\" style=\"vertical-align: inherit;\"><span dir=\"auto\" style=\"vertical-align: inherit;\"> used in research on monoamine receptors and neurotransmission.<\/span><\/span><\/p>\n<p data-start=\"6564\" data-end=\"6705\"><strong data-start=\"6564\" data-end=\"6616\"><span dir=\"auto\" style=\"vertical-align: inherit;\"><span dir=\"auto\" style=\"vertical-align: inherit;\">2. What are 6-APB 100mg Pellets used for?<\/span><\/span><\/strong><br data-start=\"6616\" data-end=\"6619\" \/><span dir=\"auto\" style=\"vertical-align: inherit;\"><span dir=\"auto\" style=\"vertical-align: inherit;\"> The pellets are intended for <\/span><\/span><strong data-start=\"6648\" data-end=\"6702\"><span dir=\"auto\" style=\"vertical-align: inherit;\"><span dir=\"auto\" style=\"vertical-align: inherit;\">analytical, forensic, and pharmacological research<\/span><\/span><\/strong><span dir=\"auto\" style=\"vertical-align: inherit;\"><span dir=\"auto\" style=\"vertical-align: inherit;\"> .<\/span><\/span><\/p>\n<p data-start=\"6707\" data-end=\"6863\"><strong data-start=\"6707\" data-end=\"6746\"><span dir=\"auto\" style=\"vertical-align: inherit;\"><span dir=\"auto\" style=\"vertical-align: inherit;\">3. Is it legal to buy 6-APB?<\/span><\/span><\/strong><br data-start=\"6746\" data-end=\"6749\" \/><span dir=\"auto\" style=\"vertical-align: inherit;\"><span dir=\"auto\" style=\"vertical-align: inherit;\"> The <\/span><\/span><strong data-start=\"6752\" data-end=\"6776\"><span dir=\"auto\" style=\"vertical-align: inherit;\"><span dir=\"auto\" style=\"vertical-align: inherit;\">legality of 6-APB<\/span><\/span><\/strong><span dir=\"auto\" style=\"vertical-align: inherit;\"><span dir=\"auto\" style=\"vertical-align: inherit;\"> se razlikuje glede na dr\u017eavo. Preden <\/span><\/span><strong data-start=\"6845\" data-end=\"6860\"><span dir=\"auto\" style=\"vertical-align: inherit;\"><span dir=\"auto\" style=\"vertical-align: inherit;\">purchasing 6-APB<\/span><\/span><\/strong><span dir=\"auto\" style=\"vertical-align: inherit;\"><span dir=\"auto\" style=\"vertical-align: inherit;\"> .<\/span><\/span><\/p>","protected":false},"excerpt":{"rendered":"<p>Introduction Benzo Fury 6-APB 100mg Pellets contain 100mg of 6-APB (6-(2-aminopropyl)benzofuran) with a purity of \u2265 98% , specially developed<\/p>","protected":false},"featured_media":28481,"comment_status":"closed","ping_status":"closed","template":"","meta":[],"product_brand":[],"product_cat":[340,341,339,322,324,398],"product_tag":[117,125,326],"class_list":{"0":"post-24457","1":"product","2":"type-product","3":"status-publish","4":"has-post-thumbnail","6":"product_cat-6-apb","7":"product_cat-6-apb-pellets","8":"product_cat-benzofuran","9":"product_cat-bijna-verboden","10":"product_cat-pellets-for-pellet","11":"product_cat-verkoop","12":"product_tag-6-apb-benzo-fury","13":"product_tag-apb-6","14":"product_tag-nl","16":"first","17":"instock","18":"sale","19":"taxable","20":"shipping-taxable","21":"purchasable","22":"product-type-variable"},"_links":{"self":[{"href":"https:\/\/researchchemicalhub.com\/sl\/wp-json\/wp\/v2\/product\/24457","targetHints":{"allow":["GET"]}}],"collection":[{"href":"https:\/\/researchchemicalhub.com\/sl\/wp-json\/wp\/v2\/product"}],"about":[{"href":"https:\/\/researchchemicalhub.com\/sl\/wp-json\/wp\/v2\/types\/product"}],"replies":[{"embeddable":true,"href":"https:\/\/researchchemicalhub.com\/sl\/wp-json\/wp\/v2\/comments?post=24457"}],"version-history":[{"count":6,"href":"https:\/\/researchchemicalhub.com\/sl\/wp-json\/wp\/v2\/product\/24457\/revisions"}],"predecessor-version":[{"id":28670,"href":"https:\/\/researchchemicalhub.com\/sl\/wp-json\/wp\/v2\/product\/24457\/revisions\/28670"}],"wp:featuredmedia":[{"embeddable":true,"href":"https:\/\/researchchemicalhub.com\/sl\/wp-json\/wp\/v2\/media\/28481"}],"wp:attachment":[{"href":"https:\/\/researchchemicalhub.com\/sl\/wp-json\/wp\/v2\/media?parent=24457"}],"wp:term":[{"taxonomy":"product_brand","embeddable":true,"href":"https:\/\/researchchemicalhub.com\/sl\/wp-json\/wp\/v2\/product_brand?post=24457"},{"taxonomy":"product_cat","embeddable":true,"href":"https:\/\/researchchemicalhub.com\/sl\/wp-json\/wp\/v2\/product_cat?post=24457"},{"taxonomy":"product_tag","embeddable":true,"href":"https:\/\/researchchemicalhub.com\/sl\/wp-json\/wp\/v2\/product_tag?post=24457"}],"curies":[{"name":"delovni list","href":"https:\/\/api.w.org\/{rel}","templated":true}]}}