{"id":24451,"date":"2025-10-20T17:41:45","date_gmt":"2025-10-20T17:41:45","guid":{"rendered":"https:\/\/researchchemicalhub.com\/?post_type=product&#038;p=24451"},"modified":"2025-10-21T16:13:08","modified_gmt":"2025-10-21T16:13:08","slug":"dmxe-psychonaut","status":"publish","type":"product","link":"https:\/\/researchchemicalhub.com\/sl\/shop\/arylcyclohexylamine\/dmxe-psychonaut\/","title":{"rendered":"D-MEX DMXE 40 mg peleti"},"content":{"rendered":"<h3 data-start=\"4075\" data-end=\"4096\"><strong data-start=\"4079\" data-end=\"4094\">Uvod<\/strong><\/h3>\n<p data-start=\"4097\" data-end=\"4511\"><strong data-start=\"4097\" data-end=\"4124\">D-MEX DMXE 40 mg peleti<\/strong> vsebujejo <strong data-start=\"4134\" data-end=\"4175\">natan\u010dno odtehtane pelete po 40 mg<\/strong> <strong data-start=\"4176\" data-end=\"4208\">DMXE (3D-metoksi-2\u2032-okso-PCE)<\/strong> - En <strong data-start=\"4215\" data-end=\"4262\">disociativna arilcikloheksilaminska spojina<\/strong> znotraj <strong data-start=\"4273\" data-end=\"4308\">Razred antagonistov receptorjev NMDA<\/strong>dmxe psihonavt<br data-start=\"4309\" data-end=\"4312\" \/>Strukturno je <strong data-start=\"4327\" data-end=\"4380\">DMXE (znan tudi kot deoksimetoksetamin ali D-MEX)<\/strong> povezano z <strong data-start=\"4393\" data-end=\"4400\">MXE<\/strong> in <strong data-start=\"4404\" data-end=\"4411\">DXE<\/strong>, zaradi \u010desar je dragocena snov za <strong data-start=\"4455\" data-end=\"4508\">nevrokemi\u010dne, forenzi\u010dne in analiti\u010dne raziskave<\/strong>.<\/p>\n<p data-start=\"4513\" data-end=\"4764\">Vsaka peleta je izdelana z <strong data-start=\"4552\" data-end=\"4588\">laboratorijska \u010distost \u2265 98%<\/strong> in zapakirano v <strong data-start=\"4607\" data-end=\"4641\">za\u0161\u010ditna blister embala\u017ea<\/strong> za stabilnost in natan\u010dnost. <strong data-start=\"4681\" data-end=\"4695\">odmerek 40 mg<\/strong> je idealen za <strong data-start=\"4711\" data-end=\"4761\">kromatografske in spektroskopske analize<\/strong>.<\/p>\n<blockquote data-start=\"4766\" data-end=\"4912\">\n<p data-start=\"4768\" data-end=\"4912\">\u26a0\ufe0f <strong data-start=\"4771\" data-end=\"4782\">Opomba:<\/strong> Ta izdelek je namenjen izklju\u010dno za <strong data-start=\"4823\" data-end=\"4858\">raziskovalna in analiti\u010dna uporaba<\/strong> \u2014 <strong data-start=\"4861\" data-end=\"4909\">ni za prehrano ljudi ali \u017eivali<\/strong>.<\/p>\n<\/blockquote>\n<hr data-start=\"4914\" data-end=\"4917\" \/>\n<h3 data-start=\"4919\" data-end=\"4950\"><strong data-start=\"4923\" data-end=\"4950\">Klju\u010dne lastnosti<\/strong><\/h3>\n<div class=\"_tableContainer_1rjym_1\">\n<div class=\"group _tableWrapper_1rjym_13 flex w-fit flex-col-reverse\" tabindex=\"-1\">\n<table class=\"w-fit min-w-(--thread-content-width)\" data-start=\"4952\" data-end=\"5502\">\n<thead data-start=\"4952\" data-end=\"4978\">\n<tr data-start=\"4952\" data-end=\"4978\">\n<th data-start=\"4952\" data-end=\"4962\" data-col-size=\"sm\">Funkcija<\/th>\n<th data-start=\"4962\" data-end=\"4978\" data-col-size=\"md\">Opis<\/th>\n<\/tr>\n<\/thead>\n<tbody data-start=\"5007\" data-end=\"5502\">\n<tr data-start=\"5007\" data-end=\"5053\">\n<td data-start=\"5007\" data-end=\"5028\" data-col-size=\"sm\"><strong data-start=\"5009\" data-end=\"5027\">Kemijsko ime<\/strong><\/td>\n<td data-start=\"5028\" data-end=\"5053\" data-col-size=\"md\">3D-metoksi-2\u2032-okso-PCE<\/td>\n<\/tr>\n<tr data-start=\"5054\" data-end=\"5095\">\n<td data-start=\"5054\" data-end=\"5079\" data-col-size=\"sm\"><strong data-start=\"5056\" data-end=\"5078\">Splo\u0161no ime<\/strong><\/td>\n<td data-start=\"5079\" data-end=\"5095\" data-col-size=\"md\">DMXE \/ D-MEX<\/td>\n<\/tr>\n<tr data-start=\"5096\" data-end=\"5133\">\n<td data-start=\"5096\" data-end=\"5120\" data-col-size=\"sm\"><strong data-start=\"5098\" data-end=\"5119\">Kemijska formula<\/strong><\/td>\n<td data-start=\"5120\" data-end=\"5133\" data-col-size=\"md\">C\u2081\u2084H\u2081\u2089NO\u2082<\/td>\n<\/tr>\n<tr data-start=\"5134\" data-end=\"5172\">\n<td data-start=\"5134\" data-end=\"5156\" data-col-size=\"sm\"><strong data-start=\"5136\" data-end=\"5155\">Molekulska te\u017ea<\/strong><\/td>\n<td data-start=\"5156\" data-end=\"5172\" data-col-size=\"md\">233,31 g\/mol<\/td>\n<\/tr>\n<tr data-start=\"5173\" data-end=\"5207\">\n<td data-start=\"5173\" data-end=\"5188\" data-col-size=\"sm\"><strong data-start=\"5175\" data-end=\"5187\">Odmerjanje<\/strong><\/td>\n<td data-start=\"5188\" data-end=\"5207\" data-col-size=\"md\">40 mg na peleto<\/td>\n<\/tr>\n<tr data-start=\"5208\" data-end=\"5255\">\n<td data-start=\"5208\" data-end=\"5219\" data-col-size=\"sm\"><strong data-start=\"5210\" data-end=\"5218\">Obrazec<\/strong><\/td>\n<td data-start=\"5219\" data-end=\"5255\" data-col-size=\"md\">Trdna peleta (pretisni omot)<\/td>\n<\/tr>\n<tr data-start=\"5256\" data-end=\"5307\">\n<td data-start=\"5256\" data-end=\"5273\" data-col-size=\"sm\"><strong data-start=\"5258\" data-end=\"5272\">\u010cistost<\/strong><\/td>\n<td data-start=\"5273\" data-end=\"5307\" data-col-size=\"md\">\u2265 98% (testirano s HPLC in NMR)<\/td>\n<\/tr>\n<tr data-start=\"5308\" data-end=\"5372\">\n<td data-start=\"5308\" data-end=\"5331\" data-col-size=\"sm\"><strong data-start=\"5310\" data-end=\"5330\">Kemijski razred<\/strong><\/td>\n<td data-start=\"5331\" data-end=\"5372\" data-col-size=\"md\">Arilcikloheksilamin\/antagonist NMDA<\/td>\n<\/tr>\n<tr data-start=\"5373\" data-end=\"5452\">\n<td data-start=\"5373\" data-end=\"5387\" data-col-size=\"sm\"><strong data-start=\"5375\" data-end=\"5386\">Uporaba<\/strong><\/td>\n<td data-start=\"5387\" data-end=\"5452\" data-col-size=\"md\">Samo za analiti\u010dne, forenzi\u010dne in nevrokemi\u010dne raziskave<\/td>\n<\/tr>\n<tr data-start=\"5453\" data-end=\"5502\">\n<td data-start=\"5453\" data-end=\"5470\" data-col-size=\"sm\"><strong data-start=\"5455\" data-end=\"5469\">Embala\u017ea<\/strong><\/td>\n<td data-start=\"5470\" data-end=\"5502\" data-col-size=\"md\">Pretisni omot z za\u0161\u010ditnim pe\u010datom<\/td>\n<\/tr>\n<\/tbody>\n<\/table>\n<\/div>\n<\/div>\n<hr data-start=\"5504\" data-end=\"5507\" \/>\n<h3 data-start=\"5509\" data-end=\"5526\"><strong data-start=\"5513\" data-end=\"5526\">Prednosti<\/strong><\/h3>\n<ul data-start=\"5528\" data-end=\"5976\">\n<li data-start=\"5528\" data-end=\"5620\">\n<p data-start=\"5530\" data-end=\"5620\"><strong data-start=\"5530\" data-end=\"5549\">Visoka \u010distost<\/strong> \u2013 \u2265 98% laboratorijska kakovost za zanesljive rezultate raziskav.<\/p>\n<\/li>\n<li data-start=\"5621\" data-end=\"5700\">\n<p data-start=\"5623\" data-end=\"5700\"><strong data-start=\"5623\" data-end=\"5647\">Natan\u010dno odmerjanje<\/strong> \u2013 40 mg na peleto zagotavlja dosledne meritve.<\/p>\n<\/li>\n<li data-start=\"5701\" data-end=\"5787\">\n<p data-start=\"5703\" data-end=\"5787\"><strong data-start=\"5703\" data-end=\"5728\">Za\u0161\u010ditna embala\u017ea<\/strong> \u2013 Pretisni omot prepre\u010duje kontaminacijo in razgradnjo.<\/p>\n<\/li>\n<li data-start=\"5788\" data-end=\"5881\">\n<p data-start=\"5790\" data-end=\"5881\"><strong data-start=\"5790\" data-end=\"5820\">\u0160iroko uporabno za raziskave<\/strong> \u2013 Primerno za GC\/MS, LC-MS, FTIR, HPLC in spektroskopijo.<\/p>\n<\/li>\n<li data-start=\"5882\" data-end=\"5976\">\n<p data-start=\"5884\" data-end=\"5976\"><strong data-start=\"5884\" data-end=\"5912\">Nadzorovana proizvodnja<\/strong> \u2013 Popolnoma sledljiva proizvodnja v laboratorijskih pogojih.<\/p>\n<\/li>\n<\/ul>\n<hr data-start=\"5978\" data-end=\"5981\" \/>\n<h3 data-start=\"5983\" data-end=\"6035\"><strong data-start=\"5987\" data-end=\"6033\">Uporaba (samo za raziskovalne namene)<\/strong><\/h3>\n<ol data-start=\"6037\" data-end=\"6479\">\n<li data-start=\"6037\" data-end=\"6148\">\n<p data-start=\"6040\" data-end=\"6148\"><strong data-start=\"6040\" data-end=\"6055\">Ravnanje:<\/strong> Nosite rokavice, za\u0161\u010ditna o\u010dala in laboratorijski pla\u0161\u010d; delajte v nadzorovanih pogojih.<\/p>\n<\/li>\n<li data-start=\"6149\" data-end=\"6232\">\n<p data-start=\"6152\" data-end=\"6232\"><strong data-start=\"6152\" data-end=\"6165\">Meritve:<\/strong> Vsaka peleta vsebuje 40 mg; samo za laboratorijsko uporabo.<\/p>\n<\/li>\n<li data-start=\"6233\" data-end=\"6311\">\n<p data-start=\"6236\" data-end=\"6311\"><strong data-start=\"6236\" data-end=\"6247\">Shranjevanje:<\/strong> Hranite v hladnem (2\u20138 \u00b0C), suhem in temnem prostoru v originalni embala\u017ei.<\/p>\n<\/li>\n<li data-start=\"6312\" data-end=\"6403\">\n<p data-start=\"6315\" data-end=\"6403\"><strong data-start=\"6315\" data-end=\"6327\">Analiza:<\/strong> Primerno za kromatografijo, spektroskopijo in forenzi\u010dno identifikacijo.<\/p>\n<\/li>\n<li data-start=\"6404\" data-end=\"6479\">\n<p data-start=\"6407\" data-end=\"6479\"><strong data-start=\"6407\" data-end=\"6424\">Dokumentacija:<\/strong> Zabele\u017eite \u0161tevilke serij in rezultate testov za skladnost. dmxe psychonaut<\/p>\n<\/li>\n<\/ol>\n<hr data-start=\"6481\" data-end=\"6484\" \/>\n<h3 data-start=\"6486\" data-end=\"6521\"><strong data-start=\"6490\" data-end=\"6519\">Pogosto zastavljena vpra\u0161anja (FAQ)<\/strong><\/h3>\n<p data-start=\"6523\" data-end=\"6721\"><strong data-start=\"6523\" data-end=\"6550\">1. Kaj je DMXE (D-MEX)?<\/strong><br data-start=\"6550\" data-end=\"6553\" \/><strong data-start=\"6553\" data-end=\"6585\">DMXE (3D-metoksi-2\u2032-okso-PCE)<\/strong>, znan tudi kot <strong data-start=\"6602\" data-end=\"6611\">D-MEX<\/strong>, je a <strong data-start=\"6620\" data-end=\"6648\">disociativna povezava<\/strong> ki se uporablja v laboratorijskih \u0161tudijah vezave na receptorje NMDA.<\/p>\n<p data-start=\"6723\" data-end=\"6869\"><strong data-start=\"6723\" data-end=\"6771\">2. Kaj vsebujejo peletki D-MEX DMXE 40 mg?<\/strong><br data-start=\"6771\" data-end=\"6774\" \/>Vsaka peleta vsebuje <strong data-start=\"6792\" data-end=\"6824\">40 mg DMXE (\u010distost \u2265 98%)<\/strong>, proizvedeno v laboratorijskih pogojih. <a href=\"https:\/\/researchchemicalhub.com\/sl\/shop\/okategoriserad\/4mmc-kopen\/\">kupi 4mmc<\/a><a href=\"https:\/\/researchchemicalhub.com\/sl\/shop\/okategoriserad\/benzocaine-powder\/\">benzokain v prahu<\/a><\/p>\n<p data-start=\"6871\" data-end=\"7079\"><strong data-start=\"6871\" data-end=\"6909\">3. Ali je nakup DMXE zakonit?<\/strong><br data-start=\"6909\" data-end=\"6912\" \/>The <strong data-start=\"6915\" data-end=\"6938\">zakonitost DMXE<\/strong> razlikuje se glede na dr\u017eavo. V nekaterih dr\u017eavah velja za nadzorovano snov. Pred uporabo vedno preverite lokalne predpise. <strong data-start=\"7062\" data-end=\"7076\">DMXE nakupi<\/strong>.<\/p>\n<div class=\"markdown-table-wrapper\"><\/div>","protected":false},"excerpt":{"rendered":"<p>Uvod Peleti D-MEX DMXE 40 mg vsebujejo natan\u010dno odtehtane pelete 40 mg DMXE (3D-metoksi-2&#039;-okso-PCE) \u2013 disociativne arilcikloheksilaminske spojine iz razreda antagonistov receptorjev NMDA.<\/p>","protected":false},"featured_media":21436,"comment_status":"closed","ping_status":"closed","template":"","meta":[],"product_brand":[82],"product_cat":[71,406,429,324,398],"product_tag":[295,296,326],"class_list":{"0":"post-24451","1":"product","2":"type-product","3":"status-publish","4":"has-post-thumbnail","6":"product_brand-research-chemical","7":"product_cat-arylcyclohexylamine","8":"product_cat-dmxe","9":"product_cat-dmxe-pellets","10":"product_cat-pellets-for-pellet","11":"product_cat-verkoop","12":"product_tag-dmxe","13":"product_tag-dmxe-psychonaut","14":"product_tag-nl","16":"first","17":"instock","18":"sale","19":"taxable","20":"shipping-taxable","21":"purchasable","22":"product-type-variable"},"_links":{"self":[{"href":"https:\/\/researchchemicalhub.com\/sl\/wp-json\/wp\/v2\/product\/24451","targetHints":{"allow":["GET"]}}],"collection":[{"href":"https:\/\/researchchemicalhub.com\/sl\/wp-json\/wp\/v2\/product"}],"about":[{"href":"https:\/\/researchchemicalhub.com\/sl\/wp-json\/wp\/v2\/types\/product"}],"replies":[{"embeddable":true,"href":"https:\/\/researchchemicalhub.com\/sl\/wp-json\/wp\/v2\/comments?post=24451"}],"version-history":[{"count":6,"href":"https:\/\/researchchemicalhub.com\/sl\/wp-json\/wp\/v2\/product\/24451\/revisions"}],"predecessor-version":[{"id":27786,"href":"https:\/\/researchchemicalhub.com\/sl\/wp-json\/wp\/v2\/product\/24451\/revisions\/27786"}],"wp:featuredmedia":[{"embeddable":true,"href":"https:\/\/researchchemicalhub.com\/sl\/wp-json\/wp\/v2\/media\/21436"}],"wp:attachment":[{"href":"https:\/\/researchchemicalhub.com\/sl\/wp-json\/wp\/v2\/media?parent=24451"}],"wp:term":[{"taxonomy":"product_brand","embeddable":true,"href":"https:\/\/researchchemicalhub.com\/sl\/wp-json\/wp\/v2\/product_brand?post=24451"},{"taxonomy":"product_cat","embeddable":true,"href":"https:\/\/researchchemicalhub.com\/sl\/wp-json\/wp\/v2\/product_cat?post=24451"},{"taxonomy":"product_tag","embeddable":true,"href":"https:\/\/researchchemicalhub.com\/sl\/wp-json\/wp\/v2\/product_tag?post=24451"}],"curies":[{"name":"delovni list","href":"https:\/\/api.w.org\/{rel}","templated":true}]}}