{"id":24404,"date":"2025-04-13T17:41:40","date_gmt":"2025-04-13T17:41:40","guid":{"rendered":"https:\/\/researchchemicalhub.com\/?post_type=product&#038;p=24404"},"modified":"2025-10-29T08:38:29","modified_gmt":"2025-10-29T08:38:29","slug":"nb-dmt-oksalat","status":"publish","type":"product","link":"https:\/\/researchchemicalhub.com\/sl\/trgovina\/nboc-dmt\/nb-dmt-oksalat\/","title":{"rendered":"NBoc-DMT oksalat"},"content":{"rendered":"<h3 data-start=\"4268\" data-end=\"4289\"><strong data-start=\"4272\" data-end=\"4287\"><span dir=\"auto\" style=\"vertical-align: inherit;\"><span dir=\"auto\" style=\"vertical-align: inherit;\">Uvod<\/span><\/span><\/strong><\/h3>\n<p data-start=\"4290\" data-end=\"4636\"><strong data-start=\"4290\" data-end=\"4311\"><span dir=\"auto\" style=\"vertical-align: inherit;\"><span dir=\"auto\" style=\"vertical-align: inherit;\">N-Boc-DMT oksalat<\/span><\/span><\/strong><span dir=\"auto\" style=\"vertical-align: inherit;\"><span dir=\"auto\" style=\"vertical-align: inherit;\"> (N-terc-butoksikarbonil-dimetiltriptamin oksalat) je <\/span><\/span><strong data-start=\"4370\" data-end=\"4406\"><span dir=\"auto\" style=\"vertical-align: inherit;\"><span dir=\"auto\" style=\"vertical-align: inherit;\">visoko \u010dista triptaminska spojina<\/span><\/span><\/strong><span dir=\"auto\" style=\"vertical-align: inherit;\"><span dir=\"auto\" style=\"vertical-align: inherit;\"> uporablja se v <\/span><\/span><strong data-start=\"4431\" data-end=\"4479\"><span dir=\"auto\" style=\"vertical-align: inherit;\"><span dir=\"auto\" style=\"vertical-align: inherit;\">analitske, kemijske in forenzi\u010dne raziskave<\/span><\/span><\/strong><span dir=\"auto\" style=\"vertical-align: inherit;\"><span dir=\"auto\" style=\"vertical-align: inherit;\"> . nb dmt <\/span><\/span><br data-start=\"4480\" data-end=\"4483\" \/><span dir=\"auto\" style=\"vertical-align: inherit;\"><span dir=\"auto\" style=\"vertical-align: inherit;\">Deluje kot <\/span><\/span><strong data-start=\"4504\" data-end=\"4529\"><span dir=\"auto\" style=\"vertical-align: inherit;\"><span dir=\"auto\" style=\"vertical-align: inherit;\">za\u0161\u010diten intermediat<\/span><\/span><\/strong><span dir=\"auto\" style=\"vertical-align: inherit;\"><span dir=\"auto\" style=\"vertical-align: inherit;\"> pri sintezi in strukturni \u0161tudiji <\/span><\/span><strong data-start=\"4572\" data-end=\"4605\"><span dir=\"auto\" style=\"vertical-align: inherit;\"><span dir=\"auto\" style=\"vertical-align: inherit;\">triptamini na osnovi indola<\/span><\/span><\/strong><span dir=\"auto\" style=\"vertical-align: inherit;\"><span dir=\"auto\" style=\"vertical-align: inherit;\"> kot so DMT, DET in 5-MeO-DMT.<\/span><\/span><\/p>\n<p data-start=\"4638\" data-end=\"4905\"><span dir=\"auto\" style=\"vertical-align: inherit;\"><span dir=\"auto\" style=\"vertical-align: inherit;\">The <\/span><\/span><strong data-start=\"4641\" data-end=\"4670\"><span dir=\"auto\" style=\"vertical-align: inherit;\"><span dir=\"auto\" style=\"vertical-align: inherit;\">Boc (terc-butoksikarbonil)<\/span><\/span><\/strong><span dir=\"auto\" style=\"vertical-align: inherit;\"><span dir=\"auto\" style=\"vertical-align: inherit;\"> skupina \u0161\u010diti spojino pred razgradnjo in omogo\u010da varno ravnanje ter dolgoro\u010dno shranjevanje. Zaradi tega <\/span><\/span><strong data-start=\"4783\" data-end=\"4804\"><span dir=\"auto\" style=\"vertical-align: inherit;\"><span dir=\"auto\" style=\"vertical-align: inherit;\">N-Boc-DMT oksalat<\/span><\/span><\/strong><span dir=\"auto\" style=\"vertical-align: inherit;\"><span dir=\"auto\" style=\"vertical-align: inherit;\"> dragoceno referen\u010dno gradivo za <\/span><\/span><strong data-start=\"4844\" data-end=\"4881\"><span dir=\"auto\" style=\"vertical-align: inherit;\"><span dir=\"auto\" style=\"vertical-align: inherit;\">kromatografski, spektroskopski,<\/span><\/span><\/strong><span dir=\"auto\" style=\"vertical-align: inherit;\"><span dir=\"auto\" style=\"vertical-align: inherit;\"> in <\/span><\/span><strong data-start=\"4885\" data-end=\"4902\"><span dir=\"auto\" style=\"vertical-align: inherit;\"><span dir=\"auto\" style=\"vertical-align: inherit;\">\u0160tudije SAR<\/span><\/span><\/strong><span dir=\"auto\" style=\"vertical-align: inherit;\"><span dir=\"auto\" style=\"vertical-align: inherit;\"> .<\/span><\/span><\/p>\n<p data-start=\"4907\" data-end=\"5049\"><span dir=\"auto\" style=\"vertical-align: inherit;\"><span dir=\"auto\" style=\"vertical-align: inherit;\">Vsaka serija je proizvedena pod <\/span><\/span><strong data-start=\"4943\" data-end=\"4976\"><span dir=\"auto\" style=\"vertical-align: inherit;\"><span dir=\"auto\" style=\"vertical-align: inherit;\">strogi laboratorijski pogoji<\/span><\/span><\/strong><span dir=\"auto\" style=\"vertical-align: inherit;\"><span dir=\"auto\" style=\"vertical-align: inherit;\"> in testiran za <\/span><\/span><strong data-start=\"4994\" data-end=\"5018\"><span dir=\"auto\" style=\"vertical-align: inherit;\"><span dir=\"auto\" style=\"vertical-align: inherit;\">\u010cistost \u2265 98%<\/span><\/span><\/strong><span dir=\"auto\" style=\"vertical-align: inherit;\"><span dir=\"auto\" style=\"vertical-align: inherit;\"> od <\/span><\/span><strong data-start=\"5023\" data-end=\"5046\"><span dir=\"auto\" style=\"vertical-align: inherit;\"><span dir=\"auto\" style=\"vertical-align: inherit;\">HPLC in NMR analiza<\/span><\/span><\/strong><span dir=\"auto\" style=\"vertical-align: inherit;\"><span dir=\"auto\" style=\"vertical-align: inherit;\"> .<\/span><\/span><\/p>\n<blockquote data-start=\"5051\" data-end=\"5197\">\n<p data-start=\"5053\" data-end=\"5197\">\u26a0\ufe0f <strong data-start=\"5056\" data-end=\"5067\"><span dir=\"auto\" style=\"vertical-align: inherit;\"><span dir=\"auto\" style=\"vertical-align: inherit;\">Prosimo, upo\u0161tevajte:<\/span><\/span><\/strong><span dir=\"auto\" style=\"vertical-align: inherit;\"><span dir=\"auto\" style=\"vertical-align: inherit;\"> Ta izdelek je namenjen za <\/span><\/span><strong data-start=\"5108\" data-end=\"5143\"><span dir=\"auto\" style=\"vertical-align: inherit;\"><span dir=\"auto\" style=\"vertical-align: inherit;\">raziskovalna in analiti\u010dna uporaba<\/span><\/span><\/strong><span dir=\"auto\" style=\"vertical-align: inherit;\"><span dir=\"auto\" style=\"vertical-align: inherit;\"> samo \u2014 <\/span><\/span><strong data-start=\"5146\" data-end=\"5194\"><span dir=\"auto\" style=\"vertical-align: inherit;\"><span dir=\"auto\" style=\"vertical-align: inherit;\">ni za prehrano ljudi ali \u017eivali<\/span><\/span><\/strong><span dir=\"auto\" style=\"vertical-align: inherit;\"><span dir=\"auto\" style=\"vertical-align: inherit;\"> .<\/span><\/span><\/p>\n<\/blockquote>\n<hr data-start=\"5199\" data-end=\"5202\" \/>\n<h3 data-start=\"5204\" data-end=\"5235\"><strong data-start=\"5208\" data-end=\"5235\"><span dir=\"auto\" style=\"vertical-align: inherit;\"><span dir=\"auto\" style=\"vertical-align: inherit;\">Klju\u010dne lastnosti<\/span><\/span><\/strong><\/h3>\n<div class=\"_tableContainer_1rjym_1\">\n<div class=\"group _tableWrapper_1rjym_13 flex w-fit flex-col-reverse\" tabindex=\"-1\">\n<table class=\"w-fit min-w-(--thread-content-width)\" data-start=\"5237\" data-end=\"5850\">\n<thead data-start=\"5237\" data-end=\"5263\">\n<tr data-start=\"5237\" data-end=\"5263\">\n<th data-start=\"5237\" data-end=\"5247\" data-col-size=\"sm\"><span dir=\"auto\" style=\"vertical-align: inherit;\"><span dir=\"auto\" style=\"vertical-align: inherit;\">Funkcija<\/span><\/span><\/th>\n<th data-start=\"5247\" data-end=\"5263\" data-col-size=\"md\"><span dir=\"auto\" style=\"vertical-align: inherit;\"><span dir=\"auto\" style=\"vertical-align: inherit;\">Opis<\/span><\/span><\/th>\n<\/tr>\n<\/thead>\n<tbody data-start=\"5292\" data-end=\"5850\">\n<tr data-start=\"5292\" data-end=\"5365\">\n<td data-start=\"5292\" data-end=\"5313\" data-col-size=\"sm\"><strong data-start=\"5294\" data-end=\"5312\"><span dir=\"auto\" style=\"vertical-align: inherit;\"><span dir=\"auto\" style=\"vertical-align: inherit;\">Kemijsko ime<\/span><\/span><\/strong><\/td>\n<td data-start=\"5313\" data-end=\"5365\" data-col-size=\"md\"><span dir=\"auto\" style=\"vertical-align: inherit;\"><span dir=\"auto\" style=\"vertical-align: inherit;\">N-terc-butoksikarbonil-dimetiltriptamin oksalat<\/span><\/span><\/td>\n<\/tr>\n<tr data-start=\"5366\" data-end=\"5412\">\n<td data-start=\"5366\" data-end=\"5391\" data-col-size=\"sm\"><strong data-start=\"5368\" data-end=\"5390\"><span dir=\"auto\" style=\"vertical-align: inherit;\"><span dir=\"auto\" style=\"vertical-align: inherit;\">Splo\u0161no ime<\/span><\/span><\/strong><\/td>\n<td data-start=\"5391\" data-end=\"5412\" data-col-size=\"md\"><span dir=\"auto\" style=\"vertical-align: inherit;\"><span dir=\"auto\" style=\"vertical-align: inherit;\">N-Boc-DMT oksalat<\/span><\/span><\/td>\n<\/tr>\n<tr data-start=\"5413\" data-end=\"5458\">\n<td data-start=\"5413\" data-end=\"5437\" data-col-size=\"sm\"><strong data-start=\"5415\" data-end=\"5436\"><span dir=\"auto\" style=\"vertical-align: inherit;\"><span dir=\"auto\" style=\"vertical-align: inherit;\">Kemijska formula<\/span><\/span><\/strong><\/td>\n<td data-start=\"5437\" data-end=\"5458\" data-col-size=\"md\"><span dir=\"auto\" style=\"vertical-align: inherit;\"><span dir=\"auto\" style=\"vertical-align: inherit;\">C\u2081\u2087H\u2082\u2084N\u2082O\u2084\u00b7C\u2082H\u2082O\u2084<\/span><\/span><\/td>\n<\/tr>\n<tr data-start=\"5459\" data-end=\"5497\">\n<td data-start=\"5459\" data-end=\"5481\" data-col-size=\"sm\"><strong data-start=\"5461\" data-end=\"5480\"><span dir=\"auto\" style=\"vertical-align: inherit;\"><span dir=\"auto\" style=\"vertical-align: inherit;\">Molekulska masa<\/span><\/span><\/strong><\/td>\n<td data-start=\"5481\" data-end=\"5497\" data-col-size=\"md\"><span dir=\"auto\" style=\"vertical-align: inherit;\"><span dir=\"auto\" style=\"vertical-align: inherit;\">404,42 g\/mol<\/span><\/span><\/td>\n<\/tr>\n<tr data-start=\"5498\" data-end=\"5531\">\n<td data-start=\"5498\" data-end=\"5509\" data-col-size=\"sm\"><strong data-start=\"5500\" data-end=\"5508\"><span dir=\"auto\" style=\"vertical-align: inherit;\"><span dir=\"auto\" style=\"vertical-align: inherit;\">Obrazec<\/span><\/span><\/strong><\/td>\n<td data-start=\"5509\" data-end=\"5531\" data-col-size=\"md\"><span dir=\"auto\" style=\"vertical-align: inherit;\"><span dir=\"auto\" style=\"vertical-align: inherit;\">Kristalini\u010dni prah<\/span><\/span><\/td>\n<\/tr>\n<tr data-start=\"5532\" data-end=\"5583\">\n<td data-start=\"5532\" data-end=\"5549\" data-col-size=\"sm\"><strong data-start=\"5534\" data-end=\"5548\"><span dir=\"auto\" style=\"vertical-align: inherit;\"><span dir=\"auto\" style=\"vertical-align: inherit;\">\u010cistost<\/span><\/span><\/strong><\/td>\n<td data-start=\"5549\" data-end=\"5583\" data-col-size=\"md\"><span dir=\"auto\" style=\"vertical-align: inherit;\"><span dir=\"auto\" style=\"vertical-align: inherit;\">\u2265 98% (testirano s HPLC in NMR)<\/span><\/span><\/td>\n<\/tr>\n<tr data-start=\"5584\" data-end=\"5649\">\n<td data-start=\"5584\" data-end=\"5607\" data-col-size=\"sm\"><strong data-start=\"5586\" data-end=\"5606\"><span dir=\"auto\" style=\"vertical-align: inherit;\"><span dir=\"auto\" style=\"vertical-align: inherit;\">Kemijski razred<\/span><\/span><\/strong><\/td>\n<td data-start=\"5607\" data-end=\"5649\" data-col-size=\"md\"><span dir=\"auto\" style=\"vertical-align: inherit;\"><span dir=\"auto\" style=\"vertical-align: inherit;\">Derivat triptamina \/ indolna spojina<\/span><\/span><\/td>\n<\/tr>\n<tr data-start=\"5650\" data-end=\"5724\">\n<td data-start=\"5650\" data-end=\"5664\" data-col-size=\"sm\"><strong data-start=\"5652\" data-end=\"5663\"><span dir=\"auto\" style=\"vertical-align: inherit;\"><span dir=\"auto\" style=\"vertical-align: inherit;\">Uporaba<\/span><\/span><\/strong><\/td>\n<td data-start=\"5664\" data-end=\"5724\" data-col-size=\"md\"><span dir=\"auto\" style=\"vertical-align: inherit;\"><span dir=\"auto\" style=\"vertical-align: inherit;\">Samo za analiti\u010dne, forenzi\u010dne in kemijske raziskave<\/span><\/span><\/td>\n<\/tr>\n<tr data-start=\"5725\" data-end=\"5792\">\n<td data-start=\"5725\" data-end=\"5742\" data-col-size=\"sm\"><strong data-start=\"5727\" data-end=\"5741\"><span dir=\"auto\" style=\"vertical-align: inherit;\"><span dir=\"auto\" style=\"vertical-align: inherit;\">Embala\u017ea<\/span><\/span><\/strong><\/td>\n<td data-start=\"5742\" data-end=\"5792\" data-col-size=\"md\"><span dir=\"auto\" style=\"vertical-align: inherit;\"><span dir=\"auto\" style=\"vertical-align: inherit;\">Laboratorijska vre\u010dka, ki jo je mogo\u010de ponovno zapreti in je odporna na vlago<\/span><\/span><\/td>\n<\/tr>\n<tr data-start=\"5793\" data-end=\"5850\">\n<td data-start=\"5793\" data-end=\"5811\" data-col-size=\"sm\"><strong data-start=\"5795\" data-end=\"5810\"><span dir=\"auto\" style=\"vertical-align: inherit;\"><span dir=\"auto\" style=\"vertical-align: inherit;\">Koli\u010dina<\/span><\/span><\/strong><\/td>\n<td data-start=\"5811\" data-end=\"5850\" data-col-size=\"md\"><span dir=\"auto\" style=\"vertical-align: inherit;\"><span dir=\"auto\" style=\"vertical-align: inherit;\">1 gram na vre\u010dko (odvisno od serije)<\/span><\/span><\/td>\n<\/tr>\n<\/tbody>\n<\/table>\n<\/div>\n<\/div>\n<hr data-start=\"5852\" data-end=\"5855\" \/>\n<h3 data-start=\"5857\" data-end=\"5874\"><strong data-start=\"5861\" data-end=\"5874\"><span dir=\"auto\" style=\"vertical-align: inherit;\"><span dir=\"auto\" style=\"vertical-align: inherit;\">Prednosti<\/span><\/span><\/strong><\/h3>\n<ul data-start=\"5876\" data-end=\"6309\">\n<li data-start=\"5876\" data-end=\"5968\">\n<p data-start=\"5878\" data-end=\"5968\"><strong data-start=\"5878\" data-end=\"5897\"><span dir=\"auto\" style=\"vertical-align: inherit;\"><span dir=\"auto\" style=\"vertical-align: inherit;\">Visoka \u010distost<\/span><\/span><\/strong><span dir=\"auto\" style=\"vertical-align: inherit;\"><span dir=\"auto\" style=\"vertical-align: inherit;\"> \u2013 \u2265 98% laboratorijska kakovost za zanesljive rezultate raziskav.<\/span><\/span><\/p>\n<\/li>\n<li data-start=\"5969\" data-end=\"6063\">\n<p data-start=\"5971\" data-end=\"6063\"><strong data-start=\"5971\" data-end=\"5999\"><span dir=\"auto\" style=\"vertical-align: inherit;\"><span dir=\"auto\" style=\"vertical-align: inherit;\">Struktura, za\u0161\u010ditena z Bocom<\/span><\/span><\/strong><span dir=\"auto\" style=\"vertical-align: inherit;\"><span dir=\"auto\" style=\"vertical-align: inherit;\"> \u2013 Zagotavlja dodatno stabilnost in varnost med uporabo. nb dmt<\/span><\/span><\/p>\n<\/li>\n<li data-start=\"6064\" data-end=\"6142\">\n<p data-start=\"6066\" data-end=\"6142\"><strong data-start=\"6066\" data-end=\"6091\"><span dir=\"auto\" style=\"vertical-align: inherit;\"><span dir=\"auto\" style=\"vertical-align: inherit;\">Idealno za raziskave<\/span><\/span><\/strong><span dir=\"auto\" style=\"vertical-align: inherit;\"><span dir=\"auto\" style=\"vertical-align: inherit;\"> \u2013 Primerno za GC\/MS, LC-MS, FTIR, HPLC in NMR.<\/span><\/span><\/p>\n<\/li>\n<li data-start=\"6143\" data-end=\"6213\">\n<p data-start=\"6145\" data-end=\"6213\"><strong data-start=\"6145\" data-end=\"6169\"><span dir=\"auto\" style=\"vertical-align: inherit;\"><span dir=\"auto\" style=\"vertical-align: inherit;\">Stabilna oksalatna oblika<\/span><\/span><\/strong><span dir=\"auto\" style=\"vertical-align: inherit;\"><span dir=\"auto\" style=\"vertical-align: inherit;\"> \u2013 Dolga obstojnost in kemi\u010dna stabilnost.<\/span><\/span><\/p>\n<\/li>\n<li data-start=\"6214\" data-end=\"6309\">\n<p data-start=\"6216\" data-end=\"6309\"><strong data-start=\"6216\" data-end=\"6241\"><span dir=\"auto\" style=\"vertical-align: inherit;\"><span dir=\"auto\" style=\"vertical-align: inherit;\">Sledljiva proizvodnja<\/span><\/span><\/strong><span dir=\"auto\" style=\"vertical-align: inherit;\"><span dir=\"auto\" style=\"vertical-align: inherit;\"> \u2013 Vsaka serija ima dokumentacijo glede \u010distosti in sestave.<\/span><\/span><\/p>\n<\/li>\n<\/ul>\n<hr data-start=\"6311\" data-end=\"6314\" \/>\n<h3 data-start=\"6316\" data-end=\"6368\"><strong data-start=\"6320\" data-end=\"6366\"><span dir=\"auto\" style=\"vertical-align: inherit;\"><span dir=\"auto\" style=\"vertical-align: inherit;\">Uporaba (samo za raziskovalne namene)<\/span><\/span><\/strong><\/h3>\n<ol data-start=\"6370\" data-end=\"6735\">\n<li data-start=\"6370\" data-end=\"6464\">\n<p data-start=\"6373\" data-end=\"6464\"><strong data-start=\"6373\" data-end=\"6388\"><span dir=\"auto\" style=\"vertical-align: inherit;\"><span dir=\"auto\" style=\"vertical-align: inherit;\">Ravnanje:<\/span><\/span><\/strong><span dir=\"auto\" style=\"vertical-align: inherit;\"><span dir=\"auto\" style=\"vertical-align: inherit;\"> Nosite rokavice, za\u0161\u010ditna o\u010dala in laboratorijski pla\u0161\u010d; delajte pod digestorjem.<\/span><\/span><\/p>\n<\/li>\n<li data-start=\"6465\" data-end=\"6528\">\n<p data-start=\"6468\" data-end=\"6528\"><strong data-start=\"6468\" data-end=\"6481\"><span dir=\"auto\" style=\"vertical-align: inherit;\"><span dir=\"auto\" style=\"vertical-align: inherit;\">Meritve:<\/span><\/span><\/strong><span dir=\"auto\" style=\"vertical-align: inherit;\"><span dir=\"auto\" style=\"vertical-align: inherit;\"> Uporabljajte natan\u010dne laboratorijske tehtnice.<\/span><\/span><\/p>\n<\/li>\n<li data-start=\"6529\" data-end=\"6583\">\n<p data-start=\"6532\" data-end=\"6583\"><strong data-start=\"6532\" data-end=\"6543\"><span dir=\"auto\" style=\"vertical-align: inherit;\"><span dir=\"auto\" style=\"vertical-align: inherit;\">Shranjevanje:<\/span><\/span><\/strong><span dir=\"auto\" style=\"vertical-align: inherit;\"><span dir=\"auto\" style=\"vertical-align: inherit;\"> Hranite v hladnem (2\u20138 \u00b0C), suhem in temnem prostoru.<\/span><\/span><\/p>\n<\/li>\n<li data-start=\"6584\" data-end=\"6671\">\n<p data-start=\"6587\" data-end=\"6671\"><strong data-start=\"6587\" data-end=\"6599\"><span dir=\"auto\" style=\"vertical-align: inherit;\"><span dir=\"auto\" style=\"vertical-align: inherit;\">Analiza:<\/span><\/span><\/strong><span dir=\"auto\" style=\"vertical-align: inherit;\"><span dir=\"auto\" style=\"vertical-align: inherit;\"> Primerno za kromatografijo, spektroskopijo in strukturne raziskave.<\/span><\/span><\/p>\n<\/li>\n<li data-start=\"6672\" data-end=\"6735\">\n<p data-start=\"6675\" data-end=\"6735\"><strong data-start=\"6675\" data-end=\"6692\"><span dir=\"auto\" style=\"vertical-align: inherit;\"><span dir=\"auto\" style=\"vertical-align: inherit;\">Dokumentacija:<\/span><\/span><\/strong><span dir=\"auto\" style=\"vertical-align: inherit;\"><span dir=\"auto\" style=\"vertical-align: inherit;\"> Zabele\u017eite podatke serije in metode analize.<\/span><\/span><\/p>\n<\/li>\n<\/ol>\n<hr data-start=\"6737\" data-end=\"6740\" \/>\n<h3 data-start=\"6742\" data-end=\"6777\"><strong data-start=\"6746\" data-end=\"6775\"><span dir=\"auto\" style=\"vertical-align: inherit;\"><span dir=\"auto\" style=\"vertical-align: inherit;\">Pogosto zastavljena vpra\u0161anja (FAQ)<\/span><\/span><\/strong><\/h3>\n<p data-start=\"6779\" data-end=\"6958\"><strong data-start=\"6779\" data-end=\"6811\"><span dir=\"auto\" style=\"vertical-align: inherit;\"><span dir=\"auto\" style=\"vertical-align: inherit;\">1. Kaj je N-Boc-DMT oksalat? <\/span><\/span><\/strong><br data-start=\"6811\" data-end=\"6814\" \/><strong data-start=\"6814\" data-end=\"6835\"><span dir=\"auto\" style=\"vertical-align: inherit;\"><span dir=\"auto\" style=\"vertical-align: inherit;\">N-Boc-DMT oksalat<\/span><\/span><\/strong><span dir=\"auto\" style=\"vertical-align: inherit;\"><span dir=\"auto\" style=\"vertical-align: inherit;\"> je <\/span><\/span><strong data-start=\"6843\" data-end=\"6878\"><span dir=\"auto\" style=\"vertical-align: inherit;\"><span dir=\"auto\" style=\"vertical-align: inherit;\">za\u0161\u010ditena triptaminska spojina<\/span><\/span><\/strong><span dir=\"auto\" style=\"vertical-align: inherit;\"><span dir=\"auto\" style=\"vertical-align: inherit;\"> uporablja se kot stabilen referen\u010dni material za analiti\u010dne raziskave.<\/span><\/span><\/p>\n<p data-start=\"6960\" data-end=\"7107\"><strong data-start=\"6960\" data-end=\"7002\"><span dir=\"auto\" style=\"vertical-align: inherit;\"><span dir=\"auto\" style=\"vertical-align: inherit;\">2. Zakaj se uporablja Boc-ova skupina?<\/span><\/span><\/strong><br data-start=\"7002\" data-end=\"7005\" \/><span dir=\"auto\" style=\"vertical-align: inherit;\"><span dir=\"auto\" style=\"vertical-align: inherit;\"> The <\/span><\/span><strong data-start=\"7008\" data-end=\"7021\"><span dir=\"auto\" style=\"vertical-align: inherit;\"><span dir=\"auto\" style=\"vertical-align: inherit;\">Boc skupina<\/span><\/span><\/strong><span dir=\"auto\" style=\"vertical-align: inherit;\"><span dir=\"auto\" style=\"vertical-align: inherit;\"> \u0161\u010diti spojino pred razgradnjo in omogo\u010da varno raziskovanje in shranjevanje.<\/span><\/span><\/p>\n<p data-start=\"7109\" data-end=\"7301\"><strong data-start=\"7109\" data-end=\"7160\"><span dir=\"auto\" style=\"vertical-align: inherit;\"><span dir=\"auto\" style=\"vertical-align: inherit;\">3. Ali je zakonito kupiti N-Boc-DMT oksalat?<\/span><\/span><\/strong><br data-start=\"7160\" data-end=\"7163\" \/><span dir=\"auto\" style=\"vertical-align: inherit;\"><span dir=\"auto\" style=\"vertical-align: inherit;\"> The <\/span><\/span><strong data-start=\"7166\" data-end=\"7202\"><span dir=\"auto\" style=\"vertical-align: inherit;\"><span dir=\"auto\" style=\"vertical-align: inherit;\">zakonitost oksalata N-Boc-DMT<\/span><\/span><\/strong><span dir=\"auto\" style=\"vertical-align: inherit;\"><span dir=\"auto\" style=\"vertical-align: inherit;\"> se razlikuje glede na dr\u017eavo. Preden <\/span><\/span><strong data-start=\"7271\" data-end=\"7298\"><span dir=\"auto\" style=\"vertical-align: inherit;\"><span dir=\"auto\" style=\"vertical-align: inherit;\">nakup N-Boc-DMT oksalata<\/span><\/span><\/strong><span dir=\"auto\" style=\"vertical-align: inherit;\"><span dir=\"auto\" style=\"vertical-align: inherit;\"> .<\/span><\/span><\/p>","protected":false},"excerpt":{"rendered":"<h2><span dir=\"auto\" style=\"vertical-align: inherit;\"><span dir=\"auto\" style=\"vertical-align: inherit;\"><span dir=\"auto\" style=\"vertical-align: inherit;\"><span dir=\"auto\" style=\"vertical-align: inherit;\">NBoc-DMT oksalat<\/span><\/span><\/span><\/span><\/h2>\n<p><span dir=\"auto\" style=\"vertical-align: inherit;\"><span dir=\"auto\" style=\"vertical-align: inherit;\"><span dir=\"auto\" style=\"vertical-align: inherit;\"><span dir=\"auto\" style=\"vertical-align: inherit;\">Ta izdelek je na voljo izklju\u010dno na Professor.nl! Po obse\u017enih raziskavah in testiranjih nam je uspelo ustvariti izdelek, ki je zelo podoben prepovedani snovi NN-DMT.<\/span><\/span><\/span><\/span><\/p>","protected":false},"featured_media":28569,"comment_status":"closed","ping_status":"closed","template":"","meta":[],"product_brand":[],"product_cat":[466,381],"product_tag":[573,326],"class_list":{"0":"post-24404","1":"product","2":"type-product","3":"status-publish","4":"has-post-thumbnail","6":"product_cat-nboc-dmt","7":"product_cat-tryptamines","8":"product_tag-nb-dmt","9":"product_tag-nl","11":"first","12":"instock","13":"taxable","14":"shipping-taxable","15":"purchasable","16":"product-type-variable"},"_links":{"self":[{"href":"https:\/\/researchchemicalhub.com\/sl\/wp-json\/wp\/v2\/product\/24404","targetHints":{"allow":["GET"]}}],"collection":[{"href":"https:\/\/researchchemicalhub.com\/sl\/wp-json\/wp\/v2\/product"}],"about":[{"href":"https:\/\/researchchemicalhub.com\/sl\/wp-json\/wp\/v2\/types\/product"}],"replies":[{"embeddable":true,"href":"https:\/\/researchchemicalhub.com\/sl\/wp-json\/wp\/v2\/comments?post=24404"}],"version-history":[{"count":6,"href":"https:\/\/researchchemicalhub.com\/sl\/wp-json\/wp\/v2\/product\/24404\/revisions"}],"predecessor-version":[{"id":28682,"href":"https:\/\/researchchemicalhub.com\/sl\/wp-json\/wp\/v2\/product\/24404\/revisions\/28682"}],"wp:featuredmedia":[{"embeddable":true,"href":"https:\/\/researchchemicalhub.com\/sl\/wp-json\/wp\/v2\/media\/28569"}],"wp:attachment":[{"href":"https:\/\/researchchemicalhub.com\/sl\/wp-json\/wp\/v2\/media?parent=24404"}],"wp:term":[{"taxonomy":"product_brand","embeddable":true,"href":"https:\/\/researchchemicalhub.com\/sl\/wp-json\/wp\/v2\/product_brand?post=24404"},{"taxonomy":"product_cat","embeddable":true,"href":"https:\/\/researchchemicalhub.com\/sl\/wp-json\/wp\/v2\/product_cat?post=24404"},{"taxonomy":"product_tag","embeddable":true,"href":"https:\/\/researchchemicalhub.com\/sl\/wp-json\/wp\/v2\/product_tag?post=24404"}],"curies":[{"name":"delovni list","href":"https:\/\/api.w.org\/{rel}","templated":true}]}}