{"id":24377,"date":"2025-04-13T17:41:36","date_gmt":"2025-04-13T17:41:36","guid":{"rendered":"https:\/\/researchchemicalhub.com\/?post_type=product&#038;p=24377"},"modified":"2025-10-12T09:20:48","modified_gmt":"2025-10-12T09:20:48","slug":"maxtc-5-mapb-4-fma-5-meo-mipt","status":"publish","type":"product","link":"https:\/\/researchchemicalhub.com\/sl\/shop\/4fma-kopen\/maxtc-5-mapb-4-fma-5-meo-mipt\/","title":{"rendered":"MaXTC 5-MAPB\/4-FMA\/5-MeO-MiPT"},"content":{"rendered":"<h3 data-start=\"4388\" data-end=\"4409\"><strong data-start=\"4392\" data-end=\"4407\">Uvod<\/strong><\/h3>\n<p data-start=\"4410\" data-end=\"4641\"><strong data-start=\"4410\" data-end=\"4449\">MaXTC (5-MAPB \/ 4-FMA \/ 5-MeO-MiPT)<\/strong> je <strong data-start=\"4457\" data-end=\"4488\">me\u0161anica analiti\u010dnih raziskav<\/strong> ki zdru\u017euje tri znane spojine \u2013 <strong data-start=\"4532\" data-end=\"4542\">5-MAPB<\/strong>, <strong data-start=\"4544\" data-end=\"4553\">4-FMA<\/strong> in <strong data-start=\"4557\" data-end=\"4571\">5-MeO-MiPT<\/strong> - za <strong data-start=\"4579\" data-end=\"4638\">kromatografski, forenzi\u010dni in nevrokemi\u010dni pregled<\/strong>maxtc<\/p>\n<p data-start=\"4643\" data-end=\"4898\">Ta edinstvena kombinacija omogo\u010da <strong data-start=\"4688\" data-end=\"4769\">Kemijske interakcije med analogi benzofurana, amfetamina in triptamina<\/strong> preu\u010devati, kar ponuja dragocene vpoglede v <strong data-start=\"4820\" data-end=\"4862\">razmerja med strukturo in aktivnostjo (SAR)<\/strong> in <strong data-start=\"4866\" data-end=\"4895\">spektroskopske analize<\/strong>.<\/p>\n<p data-start=\"4900\" data-end=\"5167\">Vsaka serija MaXTC se proizvaja pod <strong data-start=\"4946\" data-end=\"4979\">strogi laboratorijski pogoji<\/strong> in preizku\u0161eno na <strong data-start=\"4997\" data-end=\"5021\">\u010distost \u2265 98%<\/strong> prek <strong data-start=\"5026\" data-end=\"5043\">HPLC in GC\/MS<\/strong>Izdelek se dobavlja kot <strong data-start=\"5080\" data-end=\"5107\">fin kristalini\u010den prah<\/strong> v <strong data-start=\"5115\" data-end=\"5164\">laboratorijska vre\u010dka, odporna proti vlagi, ki jo je mogo\u010de ponovno zapreti<\/strong>.<\/p>\n<blockquote data-start=\"5169\" data-end=\"5309\">\n<p data-start=\"5171\" data-end=\"5309\">\u26a0\ufe0f <strong data-start=\"5174\" data-end=\"5185\">Opomba:<\/strong> MaXTC je namenjen izklju\u010dno za <strong data-start=\"5220\" data-end=\"5255\">raziskovalna in analiti\u010dna uporaba<\/strong> \u2014 <strong data-start=\"5258\" data-end=\"5306\">ni za prehrano ljudi ali \u017eivali<\/strong>.<\/p>\n<\/blockquote>\n<hr data-start=\"5311\" data-end=\"5314\" \/>\n<h3 data-start=\"5316\" data-end=\"5347\"><strong data-start=\"5320\" data-end=\"5347\">Klju\u010dne lastnosti<\/strong><\/h3>\n<div class=\"_tableContainer_1rjym_1\">\n<div class=\"group _tableWrapper_1rjym_13 flex w-fit flex-col-reverse\" tabindex=\"-1\">\n<table class=\"w-fit min-w-(--thread-content-width)\" data-start=\"5349\" data-end=\"5865\">\n<thead data-start=\"5349\" data-end=\"5375\">\n<tr data-start=\"5349\" data-end=\"5375\">\n<th data-start=\"5349\" data-end=\"5359\" data-col-size=\"sm\">Funkcija<\/th>\n<th data-start=\"5359\" data-end=\"5375\" data-col-size=\"md\">Opis<\/th>\n<\/tr>\n<\/thead>\n<tbody data-start=\"5404\" data-end=\"5865\">\n<tr data-start=\"5404\" data-end=\"5461\">\n<td data-start=\"5404\" data-end=\"5422\" data-col-size=\"sm\"><strong data-start=\"5406\" data-end=\"5421\">Ime izdelka<\/strong><\/td>\n<td data-start=\"5422\" data-end=\"5461\" data-col-size=\"md\">MaXTC (5-MAPB \/ 4-FMA \/ 5-MeO-MiPT)<\/td>\n<\/tr>\n<tr data-start=\"5462\" data-end=\"5511\">\n<td data-start=\"5462\" data-end=\"5482\" data-col-size=\"sm\"><strong data-start=\"5464\" data-end=\"5481\">Sestavljeno<\/strong><\/td>\n<td data-start=\"5482\" data-end=\"5511\" data-col-size=\"md\">5-MAPB, 4-FMA, 5-MeO-MiPT<\/td>\n<\/tr>\n<tr data-start=\"5512\" data-end=\"5585\">\n<td data-start=\"5512\" data-end=\"5535\" data-col-size=\"sm\"><strong data-start=\"5514\" data-end=\"5534\">Kemijski razred<\/strong><\/td>\n<td data-start=\"5535\" data-end=\"5585\" data-col-size=\"md\">Analogi benzofurana \/ amfetamina \/ triptamina<\/td>\n<\/tr>\n<tr data-start=\"5586\" data-end=\"5624\">\n<td data-start=\"5586\" data-end=\"5597\" data-col-size=\"sm\"><strong data-start=\"5588\" data-end=\"5596\">Obrazec<\/strong><\/td>\n<td data-start=\"5597\" data-end=\"5624\" data-col-size=\"md\">Fini kristalini\u010den prah<\/td>\n<\/tr>\n<tr data-start=\"5625\" data-end=\"5678\">\n<td data-start=\"5625\" data-end=\"5642\" data-col-size=\"sm\"><strong data-start=\"5627\" data-end=\"5641\">\u010cistost<\/strong><\/td>\n<td data-start=\"5642\" data-end=\"5678\" data-col-size=\"md\">\u2265 98% (testirano s HPLC in GC\/MS)<\/td>\n<\/tr>\n<tr data-start=\"5679\" data-end=\"5717\">\n<td data-start=\"5679\" data-end=\"5697\" data-col-size=\"sm\"><strong data-start=\"5681\" data-end=\"5696\">Koli\u010dina<\/strong><\/td>\n<td data-start=\"5697\" data-end=\"5717\" data-col-size=\"md\">1 gram na vre\u010dko<\/td>\n<\/tr>\n<tr data-start=\"5718\" data-end=\"5797\">\n<td data-start=\"5718\" data-end=\"5732\" data-col-size=\"sm\"><strong data-start=\"5720\" data-end=\"5731\">Uporaba<\/strong><\/td>\n<td data-start=\"5732\" data-end=\"5797\" data-col-size=\"md\">Samo za analiti\u010dne, forenzi\u010dne in nevrokemi\u010dne raziskave<\/td>\n<\/tr>\n<tr data-start=\"5798\" data-end=\"5865\">\n<td data-start=\"5798\" data-end=\"5815\" data-col-size=\"sm\"><strong data-start=\"5800\" data-end=\"5814\">Embala\u017ea<\/strong><\/td>\n<td data-start=\"5815\" data-end=\"5865\" data-col-size=\"md\">Laboratorijska vre\u010dka, ki jo je mogo\u010de ponovno zapreti in je odporna na vlago<\/td>\n<\/tr>\n<\/tbody>\n<\/table>\n<\/div>\n<\/div>\n<hr data-start=\"5867\" data-end=\"5870\" \/>\n<h3 data-start=\"5872\" data-end=\"5889\"><strong data-start=\"5876\" data-end=\"5889\">Prednosti<\/strong><\/h3>\n<ul data-start=\"5891\" data-end=\"6333\">\n<li data-start=\"5891\" data-end=\"5993\">\n<p data-start=\"5893\" data-end=\"5993\"><strong data-start=\"5893\" data-end=\"5926\">Trojna raziskovalna formula<\/strong> \u2013 Zdru\u017euje tri kemijske razrede za primerjalno \u0161tudijo.<\/p>\n<\/li>\n<li data-start=\"5994\" data-end=\"6063\">\n<p data-start=\"5996\" data-end=\"6063\"><strong data-start=\"5996\" data-end=\"6015\">Visoka \u010distost<\/strong> \u2013 Vsaka komponenta je laboratorijske kakovosti \u2265 98%.<\/p>\n<\/li>\n<li data-start=\"6064\" data-end=\"6147\">\n<p data-start=\"6066\" data-end=\"6147\"><strong data-start=\"6066\" data-end=\"6096\">\u0160iroko uporabno za raziskave<\/strong> \u2013 Primerno za GC\/MS, LC-MS, FTIR, NMR in HPLC.<\/p>\n<\/li>\n<li data-start=\"6148\" data-end=\"6246\">\n<p data-start=\"6150\" data-end=\"6246\"><strong data-start=\"6150\" data-end=\"6176\">Stabilno in zanesljivo<\/strong> \u2013 Pakirano v materialu, odpornem proti vlagi, za dolgo \u017eivljenjsko dobo.<\/p>\n<\/li>\n<li data-start=\"6247\" data-end=\"6333\">\n<p data-start=\"6249\" data-end=\"6333\"><strong data-start=\"6249\" data-end=\"6274\">Sledljiva proizvodnja<\/strong> \u2013 Vsaka serija je testirana in opremljena z analiznimi certifikati.<\/p>\n<\/li>\n<\/ul>\n<hr data-start=\"6335\" data-end=\"6338\" \/>\n<h3 data-start=\"6340\" data-end=\"6392\"><strong data-start=\"6344\" data-end=\"6390\">Uporaba (samo za raziskovalne namene)<\/strong><\/h3>\n<ol data-start=\"6394\" data-end=\"6747\">\n<li data-start=\"6394\" data-end=\"6463\">\n<p data-start=\"6397\" data-end=\"6463\"><strong data-start=\"6397\" data-end=\"6412\">Ravnanje:<\/strong> Nosite rokavice, za\u0161\u010ditna o\u010dala in laboratorijski pla\u0161\u010d.<\/p>\n<\/li>\n<li data-start=\"6464\" data-end=\"6527\">\n<p data-start=\"6467\" data-end=\"6527\"><strong data-start=\"6467\" data-end=\"6480\">Meritve:<\/strong> Uporabljajte natan\u010dne laboratorijske tehtnice.<\/p>\n<\/li>\n<li data-start=\"6528\" data-end=\"6582\">\n<p data-start=\"6531\" data-end=\"6582\"><strong data-start=\"6531\" data-end=\"6542\">Shranjevanje:<\/strong> Hranite v hladnem (2\u20138 \u00b0C), suhem in temnem prostoru.<\/p>\n<\/li>\n<li data-start=\"6583\" data-end=\"6671\">\n<p data-start=\"6586\" data-end=\"6671\"><strong data-start=\"6586\" data-end=\"6598\">Analiza:<\/strong> Primerno za kromatografijo, spektroskopijo in primerjalne raziskave.<\/p>\n<\/li>\n<li data-start=\"6672\" data-end=\"6747\">\n<p data-start=\"6675\" data-end=\"6747\"><strong data-start=\"6675\" data-end=\"6692\">Dokumentacija:<\/strong> Zabele\u017eite \u0161tevilke serij in rezultate preskusov za skladnost.<\/p>\n<\/li>\n<\/ol>\n<hr data-start=\"6749\" data-end=\"6752\" \/>\n<h3 data-start=\"6754\" data-end=\"6789\"><strong data-start=\"6758\" data-end=\"6787\">Pogosto zastavljena vpra\u0161anja (FAQ)<\/strong><\/h3>\n<p data-start=\"6791\" data-end=\"6964\"><strong data-start=\"6791\" data-end=\"6841\">1. Kaj je MaXTC (5-MAPB \/ 4-FMA \/ 5-MeO-MiPT)?<\/strong><br data-start=\"6841\" data-end=\"6844\" \/><strong data-start=\"6844\" data-end=\"6853\">MaXTC<\/strong> je <strong data-start=\"6861\" data-end=\"6880\">me\u0161anica raziskav<\/strong> ki zdru\u017euje tri kemijske razrede za napredne analiti\u010dne aplikacije.<\/p>\n<p data-start=\"6966\" data-end=\"7070\"><strong data-start=\"6966\" data-end=\"6993\">2. Kako \u010dist je MaXTC?<\/strong><br data-start=\"6993\" data-end=\"6996\" \/>Vsaka serija je testirana in vsebuje <strong data-start=\"7026\" data-end=\"7046\">\u010cistost \u2265 98%<\/strong> vseh komponent.<\/p>\n<p data-start=\"7072\" data-end=\"7284\"><strong data-start=\"7072\" data-end=\"7111\">3. Ali je nakup MaXTC-a zakonit?<\/strong><br data-start=\"7111\" data-end=\"7114\" \/>The <strong data-start=\"7117\" data-end=\"7141\">zakonitost MaXTC<\/strong> se razlikuje glede na dr\u017eavo, odvisno od statusa posameznih snovi. Pred uporabo vedno preverite lokalne predpise. <strong data-start=\"7266\" data-end=\"7281\">MaXTC kupuje<\/strong>.<\/p>","protected":false},"excerpt":{"rendered":"<p>Uvod MaXTC (5-MAPB \/ 4-FMA \/ 5-MeO-MiPT) je analitska raziskovalna me\u0161anica, ki zdru\u017euje tri znane spojine \u2013 5-MAPB, 4-FMA in<\/p>","protected":false},"featured_media":21157,"comment_status":"closed","ping_status":"closed","template":"","meta":[],"product_brand":[],"product_cat":[459,460,383,433,436,434,339,322,333,467,468,324,381],"product_tag":[664,326],"class_list":{"0":"post-24377","1":"product","2":"type-product","3":"status-publish","4":"has-post-thumbnail","6":"product_cat-4fma-kopen","7":"product_cat-4-fma-pellets","8":"product_cat-5-mapb","9":"product_cat-5-mapb-pellets","10":"product_cat-5-meo-mipt","11":"product_cat-5-meo-mipt-pellets","12":"product_cat-benzofuran","13":"product_cat-bijna-verboden","14":"product_cat-gefluoreerden","15":"product_cat-maxtc","16":"product_cat-maxtc-pellets","17":"product_cat-pellets-for-pellet","18":"product_cat-tryptamines","19":"product_tag-maxtc","20":"product_tag-nl","22":"first","23":"instock","24":"taxable","25":"shipping-taxable","26":"purchasable","27":"product-type-variable"},"_links":{"self":[{"href":"https:\/\/researchchemicalhub.com\/sl\/wp-json\/wp\/v2\/product\/24377","targetHints":{"allow":["GET"]}}],"collection":[{"href":"https:\/\/researchchemicalhub.com\/sl\/wp-json\/wp\/v2\/product"}],"about":[{"href":"https:\/\/researchchemicalhub.com\/sl\/wp-json\/wp\/v2\/types\/product"}],"replies":[{"embeddable":true,"href":"https:\/\/researchchemicalhub.com\/sl\/wp-json\/wp\/v2\/comments?post=24377"}],"version-history":[{"count":5,"href":"https:\/\/researchchemicalhub.com\/sl\/wp-json\/wp\/v2\/product\/24377\/revisions"}],"predecessor-version":[{"id":27797,"href":"https:\/\/researchchemicalhub.com\/sl\/wp-json\/wp\/v2\/product\/24377\/revisions\/27797"}],"wp:featuredmedia":[{"embeddable":true,"href":"https:\/\/researchchemicalhub.com\/sl\/wp-json\/wp\/v2\/media\/21157"}],"wp:attachment":[{"href":"https:\/\/researchchemicalhub.com\/sl\/wp-json\/wp\/v2\/media?parent=24377"}],"wp:term":[{"taxonomy":"product_brand","embeddable":true,"href":"https:\/\/researchchemicalhub.com\/sl\/wp-json\/wp\/v2\/product_brand?post=24377"},{"taxonomy":"product_cat","embeddable":true,"href":"https:\/\/researchchemicalhub.com\/sl\/wp-json\/wp\/v2\/product_cat?post=24377"},{"taxonomy":"product_tag","embeddable":true,"href":"https:\/\/researchchemicalhub.com\/sl\/wp-json\/wp\/v2\/product_tag?post=24377"}],"curies":[{"name":"delovni list","href":"https:\/\/api.w.org\/{rel}","templated":true}]}}