{"id":24343,"date":"2025-04-13T17:41:31","date_gmt":"2025-04-13T17:41:31","guid":{"rendered":"https:\/\/researchchemicalhub.com\/?post_type=product&#038;p=24343"},"modified":"2025-10-12T12:50:39","modified_gmt":"2025-10-12T12:50:39","slug":"digitale-bio-mini-weegschaal","status":"publish","type":"product","link":"https:\/\/researchchemicalhub.com\/sl\/shop\/weegschalen\/digitale-bio-mini-weegschaal\/","title":{"rendered":"Digitalna bio mini tehtnica \u2013 20 g x 0,001 g"},"content":{"rendered":"<h3 data-start=\"4064\" data-end=\"4085\"><strong data-start=\"4068\" data-end=\"4083\">Uvod<\/strong><\/h3>\n<p data-start=\"4086\" data-end=\"4354\">The <strong data-start=\"4089\" data-end=\"4136\">Digitalna bio mini tehtnica \u2013 20 g x 0,001 g<\/strong> je <strong data-start=\"4144\" data-end=\"4180\">profesionalna natan\u010dna tehtnica<\/strong> zasnovan za aplikacije, kjer je potrebna izjemna natan\u010dnost, kot npr. <strong data-start=\"4256\" data-end=\"4281\">laboratorijske raziskave<\/strong>, <strong data-start=\"4283\" data-end=\"4304\">kemijska analiza<\/strong>, <strong data-start=\"4306\" data-end=\"4330\">biolo\u0161ke raziskave<\/strong> in <strong data-start=\"4334\" data-end=\"4351\">nakit<\/strong>.<\/p>\n<p data-start=\"4356\" data-end=\"4670\">Takoj <strong data-start=\"4364\" data-end=\"4394\">nosilnost 20 gramov<\/strong> in a <strong data-start=\"4402\" data-end=\"4445\">natan\u010dnost 0,001 g (1 miligram)<\/strong> ponuja to mini tehtnico <strong data-start=\"4473\" data-end=\"4504\">natan\u010dnost na laboratorijski ravni<\/strong> v <strong data-start=\"4512\" data-end=\"4544\">kompaktna in prenosna zasnova<\/strong>The <strong data-start=\"4549\" data-end=\"4578\">tehtalna plo\u0161\u010da iz nerjave\u010dega jekla<\/strong> in <strong data-start=\"4586\" data-end=\"4608\">svetel LCD-zaslon<\/strong> zagotavljajo jasne in stabilne meritve v katerem koli okolju.<\/p>\n<blockquote data-start=\"4672\" data-end=\"4784\">\n<p data-start=\"4674\" data-end=\"4784\">\u2699\ufe0f <strong data-start=\"4677\" data-end=\"4784\">Idealno za laboratorije, biokemijske raziskave ali znanost o materialih z miligramsko natan\u010dnostjo.<\/strong><\/p>\n<\/blockquote>\n<hr data-start=\"4786\" data-end=\"4789\" \/>\n<h3 data-start=\"4791\" data-end=\"4822\"><strong data-start=\"4795\" data-end=\"4822\">Klju\u010dne lastnosti<\/strong><\/h3>\n<div class=\"_tableContainer_1rjym_1\">\n<div class=\"group _tableWrapper_1rjym_13 flex w-fit flex-col-reverse\" tabindex=\"-1\">\n<table class=\"w-fit min-w-(--thread-content-width)\" data-start=\"4824\" data-end=\"5359\">\n<thead data-start=\"4824\" data-end=\"4850\">\n<tr data-start=\"4824\" data-end=\"4850\">\n<th data-start=\"4824\" data-end=\"4834\" data-col-size=\"sm\">Funkcija<\/th>\n<th data-start=\"4834\" data-end=\"4850\" data-col-size=\"md\">Opis<\/th>\n<\/tr>\n<\/thead>\n<tbody data-start=\"4879\" data-end=\"5359\">\n<tr data-start=\"4879\" data-end=\"4923\">\n<td data-start=\"4879\" data-end=\"4891\" data-col-size=\"sm\"><strong data-start=\"4881\" data-end=\"4890\">Model<\/strong><\/td>\n<td data-start=\"4891\" data-end=\"4923\" data-col-size=\"md\">Digitalna bio mini tehtnica<\/td>\n<\/tr>\n<tr data-start=\"4924\" data-end=\"4957\">\n<td data-start=\"4924\" data-end=\"4941\" data-col-size=\"sm\"><strong data-start=\"4926\" data-end=\"4940\">Obmo\u010dje tehtanja<\/strong><\/td>\n<td data-start=\"4941\" data-end=\"4957\" data-col-size=\"md\">0,001 g \u2013 20 g<\/td>\n<\/tr>\n<tr data-start=\"4958\" data-end=\"5004\">\n<td data-start=\"4958\" data-end=\"4979\" data-col-size=\"sm\"><strong data-start=\"4960\" data-end=\"4978\">Natan\u010dnost<\/strong><\/td>\n<td data-start=\"4979\" data-end=\"5004\" data-col-size=\"md\">\u00b10,001 g (1 miligram)<\/td>\n<\/tr>\n<tr data-start=\"5005\" data-end=\"5067\">\n<td data-start=\"5005\" data-end=\"5019\" data-col-size=\"sm\"><strong data-start=\"5007\" data-end=\"5018\">Prikaz<\/strong><\/td>\n<td data-start=\"5019\" data-end=\"5067\" data-col-size=\"md\">Svetel LCD-zaslon z osvetlitvijo ozadja<\/td>\n<\/tr>\n<tr data-start=\"5068\" data-end=\"5106\">\n<td data-start=\"5068\" data-end=\"5084\" data-col-size=\"sm\"><strong data-start=\"5070\" data-end=\"5083\">Merilne enote<\/strong><\/td>\n<td data-start=\"5084\" data-end=\"5106\" data-col-size=\"md\">g, oz, ct, gn, dwt<\/td>\n<\/tr>\n<tr data-start=\"5107\" data-end=\"5151\">\n<td data-start=\"5107\" data-end=\"5126\" data-col-size=\"sm\"><strong data-start=\"5109\" data-end=\"5125\">Tehtalna platforma<\/strong><\/td>\n<td data-start=\"5126\" data-end=\"5151\" data-col-size=\"md\">Plo\u0161\u010da iz nerjave\u010dega jekla<\/td>\n<\/tr>\n<tr data-start=\"5152\" data-end=\"5201\">\n<td data-start=\"5152\" data-end=\"5166\" data-col-size=\"sm\"><strong data-start=\"5154\" data-end=\"5165\">Napajalnik<\/strong><\/td>\n<td data-start=\"5166\" data-end=\"5201\" data-col-size=\"md\">2 \u00d7 AAA bateriji (prilo\u017eeni)<\/td>\n<\/tr>\n<tr data-start=\"5202\" data-end=\"5243\">\n<td data-start=\"5202\" data-end=\"5216\" data-col-size=\"sm\"><strong data-start=\"5204\" data-end=\"5215\">Oblikovanje<\/strong><\/td>\n<td data-start=\"5216\" data-end=\"5243\" data-col-size=\"md\">Kompakten in lahek<\/td>\n<\/tr>\n<tr data-start=\"5244\" data-end=\"5306\">\n<td data-start=\"5244\" data-end=\"5277\" data-col-size=\"sm\"><strong data-start=\"5246\" data-end=\"5276\">Samodejni izklop<\/strong><\/td>\n<td data-start=\"5277\" data-end=\"5306\" data-col-size=\"md\">Funkcija var\u010devanja z energijo<\/td>\n<\/tr>\n<tr data-start=\"5307\" data-end=\"5359\">\n<td data-start=\"5307\" data-end=\"5325\" data-col-size=\"sm\"><strong data-start=\"5309\" data-end=\"5324\">Za\u0161\u010ditni pokrov\u010dek<\/strong><\/td>\n<td data-start=\"5325\" data-end=\"5359\" data-col-size=\"md\">\u0160\u010diti pred prahom in po\u0161kodbami<\/td>\n<\/tr>\n<\/tbody>\n<\/table>\n<\/div>\n<\/div>\n<hr data-start=\"5361\" data-end=\"5364\" \/>\n<h3 data-start=\"5366\" data-end=\"5383\"><strong data-start=\"5370\" data-end=\"5383\">Prednosti<\/strong><\/h3>\n<ul data-start=\"5385\" data-end=\"5857\">\n<li data-start=\"5385\" data-end=\"5477\">\n<p data-start=\"5387\" data-end=\"5477\"><strong data-start=\"5387\" data-end=\"5409\">Izjemno natan\u010den<\/strong> \u2013 Tehta do 0,001 g natan\u010dno za laboratorijske in biolo\u0161ke raziskave.<\/p>\n<\/li>\n<li data-start=\"5478\" data-end=\"5551\">\n<p data-start=\"5480\" data-end=\"5551\"><strong data-start=\"5480\" data-end=\"5503\">Prenosni in kompaktni<\/strong> \u2013 Idealno za uporabo v laboratoriju ali na poti.<\/p>\n<\/li>\n<li data-start=\"5552\" data-end=\"5616\">\n<p data-start=\"5554\" data-end=\"5616\"><strong data-start=\"5554\" data-end=\"5574\">Trajnostno oblikovanje<\/strong> \u2013 Tehtalna plo\u0161\u010da iz nerjave\u010dega jekla za dolgotrajno uporabo.<\/p>\n<\/li>\n<li data-start=\"5617\" data-end=\"5711\">\n<p data-start=\"5619\" data-end=\"5711\"><strong data-start=\"5619\" data-end=\"5649\">Razli\u010dne merske enote<\/strong> \u2013 Preprosto preklapljajte med grami, un\u010dami, karati in drugimi enotami.<\/p>\n<\/li>\n<li data-start=\"5712\" data-end=\"5785\">\n<p data-start=\"5714\" data-end=\"5785\"><strong data-start=\"5714\" data-end=\"5737\">Uporabniku prijazno<\/strong> \u2013 Enostavno upravljanje z jasnim LCD-zaslonom.<\/p>\n<\/li>\n<li data-start=\"5786\" data-end=\"5857\">\n<p data-start=\"5788\" data-end=\"5857\"><strong data-start=\"5788\" data-end=\"5808\">Var\u010devanje z energijo<\/strong> \u2013 Samodejni izklop ob neaktivnosti.<\/p>\n<\/li>\n<\/ul>\n<hr data-start=\"5859\" data-end=\"5862\" \/>\n<h3 data-start=\"5864\" data-end=\"5879\"><strong data-start=\"5868\" data-end=\"5879\">Uporaba<\/strong><\/h3>\n<ol data-start=\"5881\" data-end=\"6311\">\n<li data-start=\"5881\" data-end=\"5966\">\n<p data-start=\"5884\" data-end=\"5966\"><strong data-start=\"5884\" data-end=\"5916\">Postavite na ravno povr\u0161ino<\/strong> \u2013 Uporabljajte na stabilni mizi brez vibracij.<\/p>\n<\/li>\n<li data-start=\"5967\" data-end=\"6058\">\n<p data-start=\"5970\" data-end=\"6058\"><strong data-start=\"5970\" data-end=\"5996\">Pred uporabo kalibrirajte<\/strong> \u2013 Umerite s prilo\u017eeno ute\u017ejo (\u010de je na voljo).<\/p>\n<\/li>\n<li data-start=\"6059\" data-end=\"6129\">\n<p data-start=\"6062\" data-end=\"6129\"><strong data-start=\"6062\" data-end=\"6083\">Izberite enoto<\/strong> \u2013 Izberite med gramom, un\u010do, karatom ali zrnom.<\/p>\n<\/li>\n<li data-start=\"6130\" data-end=\"6225\">\n<p data-start=\"6133\" data-end=\"6225\"><strong data-start=\"6133\" data-end=\"6160\">Uporabite funkcijo TARE<\/strong> \u2013 Za natan\u010dne meritve te\u017eo posod nastavite na ni\u010dlo.<\/p>\n<\/li>\n<li data-start=\"6226\" data-end=\"6311\">\n<p data-start=\"6229\" data-end=\"6311\"><strong data-start=\"6229\" data-end=\"6249\">Previdno stehtajte<\/strong> \u2013 Po\u010dasi dodajajte material do \u017eelene te\u017ee.<\/p>\n<\/li>\n<\/ol>\n<hr data-start=\"6313\" data-end=\"6316\" \/>\n<h3 data-start=\"6318\" data-end=\"6353\"><strong data-start=\"6322\" data-end=\"6351\">Pogosto zastavljena vpra\u0161anja (FAQ)<\/strong><\/h3>\n<p data-start=\"6355\" data-end=\"6543\"><strong data-start=\"6355\" data-end=\"6414\">1. Kaj dela digitalno bio mini tehtnico posebno?<\/strong><br data-start=\"6414\" data-end=\"6417\" \/>Ta lestvica ponuja <strong data-start=\"6443\" data-end=\"6466\">natan\u010dnost 0,001 g<\/strong>, kaj <strong data-start=\"6472\" data-end=\"6498\">desetkrat natan\u010dnej\u0161i<\/strong> je potem standardna mini tehtnica (0,01 g).<\/p>\n<p data-start=\"6545\" data-end=\"6685\"><strong data-start=\"6545\" data-end=\"6594\">2. Ali je to primerno za laboratorijsko uporabo?<\/strong><br data-start=\"6594\" data-end=\"6597\" \/>Da \u2013 tehtnica je zasnovana za <strong data-start=\"6634\" data-end=\"6682\">biolo\u0161ke, kemijske in analitske raziskave<\/strong>.<\/p>\n<p data-start=\"6687\" data-end=\"6849\"><strong data-start=\"6687\" data-end=\"6745\">3. Ali so baterije in kalibracijska ute\u017e vklju\u010dene?<\/strong><br data-start=\"6745\" data-end=\"6748\" \/>Da, tehtnica je prilo\u017eena <strong data-start=\"6785\" data-end=\"6807\">2 \u00d7 AAA bateriji<\/strong> in morda <strong data-start=\"6825\" data-end=\"6846\">kalibracijska ute\u017e<\/strong>.<\/p>","protected":false},"excerpt":{"rendered":"<p><strong><span dir=\"auto\" style=\"vertical-align: inherit;\"><span dir=\"auto\" style=\"vertical-align: inherit;\">Specifikacije:<\/span><\/span><\/strong><\/p>\n<ul>\n<li><span dir=\"auto\" style=\"vertical-align: inherit;\"><span dir=\"auto\" style=\"vertical-align: inherit;\">Digitalno<\/span><\/span><\/li>\n<li><span dir=\"auto\" style=\"vertical-align: inherit;\"><span dir=\"auto\" style=\"vertical-align: inherit;\">Tehta od 0,001 g<\/span><\/span><\/li>\n<li><span dir=\"auto\" style=\"vertical-align: inherit;\"><span dir=\"auto\" style=\"vertical-align: inherit;\">Tehta najve\u010d 20 g<\/span><\/span><\/li>\n<li><span dir=\"auto\" style=\"vertical-align: inherit;\"><span dir=\"auto\" style=\"vertical-align: inherit;\">Deluje na: 2x AAA baterije<\/span><\/span><\/li>\n<li><span dir=\"auto\" style=\"vertical-align: inherit;\"><span dir=\"auto\" style=\"vertical-align: inherit;\">LCD-zaslon<\/span><\/span><\/li>\n<li><span dir=\"auto\" style=\"vertical-align: inherit;\"><span dir=\"auto\" style=\"vertical-align: inherit;\">Barva: \u010drna<\/span><\/span><\/li>\n<\/ul>","protected":false},"featured_media":24680,"comment_status":"closed","ping_status":"closed","template":"","meta":[],"product_brand":[],"product_cat":[451],"product_tag":[452,848,764,767,765,766,768],"class_list":{"0":"post-24343","1":"product","2":"type-product","3":"status-publish","4":"has-post-thumbnail","6":"product_cat-weegschalen","7":"product_tag-de","8":"product_tag-digitale-bio-mini-weegschaal","9":"product_tag-digitale-cs-weegschaal","10":"product_tag-digitale-microweegschaal","11":"product_tag-milligramweegschaal","12":"product_tag-precise-weegschaal-0-001g","13":"product_tag-weegschaal-voor-research-chemicals","15":"first","16":"instock","17":"taxable","18":"shipping-taxable","19":"purchasable","20":"product-type-simple"},"_links":{"self":[{"href":"https:\/\/researchchemicalhub.com\/sl\/wp-json\/wp\/v2\/product\/24343","targetHints":{"allow":["GET"]}}],"collection":[{"href":"https:\/\/researchchemicalhub.com\/sl\/wp-json\/wp\/v2\/product"}],"about":[{"href":"https:\/\/researchchemicalhub.com\/sl\/wp-json\/wp\/v2\/types\/product"}],"replies":[{"embeddable":true,"href":"https:\/\/researchchemicalhub.com\/sl\/wp-json\/wp\/v2\/comments?post=24343"}],"version-history":[{"count":6,"href":"https:\/\/researchchemicalhub.com\/sl\/wp-json\/wp\/v2\/product\/24343\/revisions"}],"predecessor-version":[{"id":27802,"href":"https:\/\/researchchemicalhub.com\/sl\/wp-json\/wp\/v2\/product\/24343\/revisions\/27802"}],"wp:featuredmedia":[{"embeddable":true,"href":"https:\/\/researchchemicalhub.com\/sl\/wp-json\/wp\/v2\/media\/24680"}],"wp:attachment":[{"href":"https:\/\/researchchemicalhub.com\/sl\/wp-json\/wp\/v2\/media?parent=24343"}],"wp:term":[{"taxonomy":"product_brand","embeddable":true,"href":"https:\/\/researchchemicalhub.com\/sl\/wp-json\/wp\/v2\/product_brand?post=24343"},{"taxonomy":"product_cat","embeddable":true,"href":"https:\/\/researchchemicalhub.com\/sl\/wp-json\/wp\/v2\/product_cat?post=24343"},{"taxonomy":"product_tag","embeddable":true,"href":"https:\/\/researchchemicalhub.com\/sl\/wp-json\/wp\/v2\/product_tag?post=24343"}],"curies":[{"name":"delovni list","href":"https:\/\/api.w.org\/{rel}","templated":true}]}}