{"id":24268,"date":"2025-04-13T17:41:22","date_gmt":"2025-04-13T17:41:22","guid":{"rendered":"https:\/\/researchchemicalhub.com\/?post_type=product&#038;p=24268"},"modified":"2025-10-12T19:05:22","modified_gmt":"2025-10-12T19:05:22","slug":"promal-metalileskalin","status":"publish","type":"product","link":"https:\/\/researchchemicalhub.com\/sl\/trgovina\/medpodjetniski-odnos\/promal-metalileskalin\/","title":{"rendered":"RC+ Promal vre\u010dka 3 peletov"},"content":{"rendered":"<h3 data-start=\"3993\" data-end=\"4014\"><strong data-start=\"3997\" data-end=\"4012\">Uvod<\/strong><\/h3>\n<p data-start=\"4015\" data-end=\"4406\"><strong data-start=\"4015\" data-end=\"4041\">RC+ Promal (3 pelete)<\/strong> je <strong data-start=\"4049\" data-end=\"4090\">laboratorijska raziskovalna spojina<\/strong>, dobavljeno v vre\u010dki, ki jo je mogo\u010de ponovno zapreti, z <strong data-start=\"4131\" data-end=\"4169\">tri natan\u010dno odmerjene pelete<\/strong>Promal metalileskalin<br data-start=\"4170\" data-end=\"4173\" \/>Razvito za <strong data-start=\"4189\" data-end=\"4242\">analiti\u010dne, forenzi\u010dne in nevrokemi\u010dne raziskave<\/strong>, ali ta povezava pripada <strong data-start=\"4275\" data-end=\"4294\">RC+ premium linija<\/strong>, zasnovan za <strong data-start=\"4311\" data-end=\"4330\">vezava receptorja<\/strong>, <strong data-start=\"4332\" data-end=\"4350\">kromatografija<\/strong> in <strong data-start=\"4354\" data-end=\"4395\">razmerje med strukturo in aktivnostjo (SAR)<\/strong>-\u0161tudije.<\/p>\n<p data-start=\"4408\" data-end=\"4665\">Vsaka peleta je <strong data-start=\"4426\" data-end=\"4490\">proizvedeno v nadzorovanih laboratorijskih pogojih<\/strong> in preizku\u0161eno na <strong data-start=\"4508\" data-end=\"4532\">\u010distost \u2265 98%<\/strong> prek <strong data-start=\"4537\" data-end=\"4552\">HPLC in NMR<\/strong>.<br data-start=\"4553\" data-end=\"4556\" \/>The <strong data-start=\"4559\" data-end=\"4585\">RC+ Promal formulacija<\/strong> jamstva <strong data-start=\"4597\" data-end=\"4662\">dosledna sestava in zanesljive mo\u017enosti analize<\/strong>.<\/p>\n<blockquote data-start=\"4667\" data-end=\"4812\">\n<p data-start=\"4669\" data-end=\"4812\">\u26a0\ufe0f <strong data-start=\"4672\" data-end=\"4683\">Opomba:<\/strong> RC+ Promal je namenjen izklju\u010dno za <strong data-start=\"4723\" data-end=\"4758\">raziskovalna in analiti\u010dna uporaba<\/strong> \u2014 <strong data-start=\"4761\" data-end=\"4810\">ni za prehrano ljudi ali \u017eivali.<\/strong><\/p>\n<\/blockquote>\n<hr data-start=\"4814\" data-end=\"4817\" \/>\n<h3 data-start=\"4819\" data-end=\"4850\"><strong data-start=\"4823\" data-end=\"4850\">Klju\u010dne lastnosti<\/strong><\/h3>\n<div class=\"_tableContainer_1rjym_1\">\n<div class=\"group _tableWrapper_1rjym_13 flex w-fit flex-col-reverse\" tabindex=\"-1\">\n<table class=\"w-fit min-w-(--thread-content-width)\" data-start=\"4852\" data-end=\"5472\">\n<thead data-start=\"4852\" data-end=\"4878\">\n<tr data-start=\"4852\" data-end=\"4878\">\n<th data-start=\"4852\" data-end=\"4862\" data-col-size=\"sm\">Funkcija<\/th>\n<th data-start=\"4862\" data-end=\"4878\" data-col-size=\"md\">Opis<\/th>\n<\/tr>\n<\/thead>\n<tbody data-start=\"4907\" data-end=\"5472\">\n<tr data-start=\"4907\" data-end=\"4951\">\n<td data-start=\"4907\" data-end=\"4925\" data-col-size=\"sm\"><strong data-start=\"4909\" data-end=\"4924\">Ime izdelka<\/strong><\/td>\n<td data-start=\"4925\" data-end=\"4951\" data-col-size=\"md\">RC+ Promal (3 pelete)<\/td>\n<\/tr>\n<tr data-start=\"4952\" data-end=\"4989\">\n<td data-start=\"4952\" data-end=\"4973\" data-col-size=\"sm\"><strong data-start=\"4954\" data-end=\"4972\">Kemijska oblika<\/strong><\/td>\n<td data-start=\"4973\" data-end=\"4989\" data-col-size=\"md\">Trdni peleti<\/td>\n<\/tr>\n<tr data-start=\"4990\" data-end=\"5041\">\n<td data-start=\"4990\" data-end=\"5007\" data-col-size=\"sm\"><strong data-start=\"4992\" data-end=\"5006\">\u010cistost<\/strong><\/td>\n<td data-start=\"5007\" data-end=\"5041\" data-col-size=\"md\">\u2265 98% (testirano s HPLC in NMR)<\/td>\n<\/tr>\n<tr data-start=\"5042\" data-end=\"5099\">\n<td data-start=\"5042\" data-end=\"5065\" data-col-size=\"sm\"><strong data-start=\"5044\" data-end=\"5064\">Kemijski razred<\/strong><\/td>\n<td data-start=\"5065\" data-end=\"5099\" data-col-size=\"md\">Raziskovalna spojina (me\u0161anica RC+)<\/td>\n<\/tr>\n<tr data-start=\"5100\" data-end=\"5162\">\n<td data-start=\"5100\" data-end=\"5118\" data-col-size=\"sm\"><strong data-start=\"5102\" data-end=\"5117\">Formulacija<\/strong><\/td>\n<td data-start=\"5118\" data-end=\"5162\" data-col-size=\"md\">Natan\u010dna laboratorijska standardna me\u0161anica<\/td>\n<\/tr>\n<tr data-start=\"5163\" data-end=\"5227\">\n<td data-start=\"5163\" data-end=\"5178\" data-col-size=\"sm\"><strong data-start=\"5165\" data-end=\"5177\">Odmerjanje<\/strong><\/td>\n<td data-start=\"5178\" data-end=\"5227\" data-col-size=\"md\">1 peleta = standardiziran raziskovalni odmerek<\/td>\n<\/tr>\n<tr data-start=\"5228\" data-end=\"5269\">\n<td data-start=\"5228\" data-end=\"5246\" data-col-size=\"sm\"><strong data-start=\"5230\" data-end=\"5245\">Koli\u010dina<\/strong><\/td>\n<td data-start=\"5246\" data-end=\"5269\" data-col-size=\"md\">3 peleti na vre\u010dko<\/td>\n<\/tr>\n<tr data-start=\"5270\" data-end=\"5337\">\n<td data-start=\"5270\" data-end=\"5287\" data-col-size=\"sm\"><strong data-start=\"5272\" data-end=\"5286\">Embala\u017ea<\/strong><\/td>\n<td data-start=\"5287\" data-end=\"5337\" data-col-size=\"md\">Laboratorijska vre\u010dka, ki jo je mogo\u010de ponovno zapreti in je odporna na vlago<\/td>\n<\/tr>\n<tr data-start=\"5338\" data-end=\"5417\">\n<td data-start=\"5338\" data-end=\"5352\" data-col-size=\"sm\"><strong data-start=\"5340\" data-end=\"5351\">Uporaba<\/strong><\/td>\n<td data-start=\"5352\" data-end=\"5417\" data-col-size=\"md\">Samo za analiti\u010dne, forenzi\u010dne in nevrokemi\u010dne raziskave<\/td>\n<\/tr>\n<tr data-start=\"5418\" data-end=\"5472\">\n<td data-start=\"5418\" data-end=\"5431\" data-col-size=\"sm\"><strong data-start=\"5420\" data-end=\"5430\">Shranjevanje<\/strong><\/td>\n<td data-start=\"5431\" data-end=\"5472\" data-col-size=\"md\">Hranite na hladnem, suhem in temnem mestu (2\u20138 \u00b0C)<\/td>\n<\/tr>\n<\/tbody>\n<\/table>\n<\/div>\n<\/div>\n<hr data-start=\"5474\" data-end=\"5477\" \/>\n<h3 data-start=\"5479\" data-end=\"5496\"><strong data-start=\"5483\" data-end=\"5496\">Prednosti<\/strong><\/h3>\n<ul data-start=\"5498\" data-end=\"5871\">\n<li data-start=\"5498\" data-end=\"5582\">\n<p data-start=\"5500\" data-end=\"5582\"><strong data-start=\"5500\" data-end=\"5527\">Visoka \u010distost (\u2265 98%)<\/strong> \u2013 Laboratorijska kakovost za zanesljive rezultate.<\/p>\n<\/li>\n<li data-start=\"5583\" data-end=\"5657\">\n<p data-start=\"5585\" data-end=\"5657\"><strong data-start=\"5585\" data-end=\"5616\">Standardizirano odmerjanje<\/strong> \u2013 Vsaka peleta je natan\u010dno stehtana.<\/p>\n<\/li>\n<li data-start=\"5658\" data-end=\"5721\">\n<p data-start=\"5660\" data-end=\"5721\"><strong data-start=\"5660\" data-end=\"5682\">Varna embala\u017ea<\/strong> \u2013 Vre\u010dka, odporna proti vlagi, z mo\u017enostjo ponovnega zapiranja.<\/p>\n<\/li>\n<li data-start=\"5722\" data-end=\"5800\">\n<p data-start=\"5724\" data-end=\"5800\"><strong data-start=\"5724\" data-end=\"5754\">\u0160iroko uporabno za raziskave<\/strong> \u2013 Primerno za GC\/MS, LC-MS, FTIR in HPLC.<\/p>\n<\/li>\n<li data-start=\"5801\" data-end=\"5871\">\n<p data-start=\"5803\" data-end=\"5871\"><strong data-start=\"5803\" data-end=\"5830\">Preverjena kakovost<\/strong> \u2013 Vsaka serija je preizku\u0161ena in sledljiva.<\/p>\n<\/li>\n<\/ul>\n<hr data-start=\"5873\" data-end=\"5876\" \/>\n<h3 data-start=\"5878\" data-end=\"5930\"><strong data-start=\"5882\" data-end=\"5928\">Uporaba (samo za raziskovalne namene)<\/strong><\/h3>\n<ol data-start=\"5932\" data-end=\"6269\">\n<li data-start=\"5932\" data-end=\"6001\">\n<p data-start=\"5935\" data-end=\"6001\"><strong data-start=\"5935\" data-end=\"5950\">Ravnanje:<\/strong> Nosite rokavice, za\u0161\u010ditna o\u010dala in laboratorijski pla\u0161\u010d.<\/p>\n<\/li>\n<li data-start=\"6002\" data-end=\"6064\">\n<p data-start=\"6005\" data-end=\"6064\"><strong data-start=\"6005\" data-end=\"6018\">Meritve:<\/strong> Upo\u0161tevajte \u0161tevilko serije, odmerek in \u010distost.<\/p>\n<\/li>\n<li data-start=\"6065\" data-end=\"6119\">\n<p data-start=\"6068\" data-end=\"6119\"><strong data-start=\"6068\" data-end=\"6079\">Shranjevanje:<\/strong> Hranite v hladnem (2\u20138 \u00b0C), suhem in temnem prostoru.<\/p>\n<\/li>\n<li data-start=\"6120\" data-end=\"6204\">\n<p data-start=\"6123\" data-end=\"6204\"><strong data-start=\"6123\" data-end=\"6135\">Analiza:<\/strong> Primerno za kromatografijo, spektroskopijo in forenzi\u010dne preiskave.<\/p>\n<\/li>\n<li data-start=\"6205\" data-end=\"6269\">\n<p data-start=\"6208\" data-end=\"6269\"><strong data-start=\"6208\" data-end=\"6225\">Dokumentacija:<\/strong> Zapi\u0161ite rezultate in metode analize.<\/p>\n<\/li>\n<\/ol>\n<hr data-start=\"6271\" data-end=\"6274\" \/>\n<h3 data-start=\"6276\" data-end=\"6311\"><strong data-start=\"6280\" data-end=\"6309\">Pogosto zastavljena vpra\u0161anja (FAQ)<\/strong><\/h3>\n<p data-start=\"6313\" data-end=\"6438\"><strong data-start=\"6313\" data-end=\"6338\">1. Kaj je RC+ Promal?<\/strong><br data-start=\"6338\" data-end=\"6341\" \/>A <strong data-start=\"6345\" data-end=\"6367\">raziskovalna spojina<\/strong> iz serije RC+, zasnovane za analiti\u010dne in forenzi\u010dne preiskave.<\/p>\n<p data-start=\"6440\" data-end=\"6551\"><strong data-start=\"6440\" data-end=\"6473\">2. Kako \u010dist je izdelek?<\/strong><br data-start=\"6473\" data-end=\"6476\" \/>Vsaka serija ima <strong data-start=\"6497\" data-end=\"6521\">\u010distost \u2265 98%<\/strong>, potrjeno s HPLC in NMR.<\/p>\n<p data-start=\"6553\" data-end=\"6680\"><strong data-start=\"6553\" data-end=\"6590\">3. Kako se zdravilo RC+ Promal dostavlja?<\/strong><br data-start=\"6590\" data-end=\"6593\" \/>V <strong data-start=\"6600\" data-end=\"6634\">laboratorijska vre\u010dka, ki jo je mogo\u010de ponovno zapreti<\/strong> od <strong data-start=\"6639\" data-end=\"6677\">tri natan\u010dno odmerjene pelete<\/strong>.<\/p>","protected":false},"excerpt":{"rendered":"<p>Introductie RC+ Promal (3 pellets) is een laboratoriumklasse onderzoekscompound, geleverd in een hersluitbaar zakje met drie nauwkeurig gedoseerde pellets. Promal<\/p>","protected":false},"featured_media":21350,"comment_status":"closed","ping_status":"closed","template":"","meta":[],"product_brand":[82],"product_cat":[555],"product_tag":[326,864,209],"class_list":{"0":"post-24268","1":"product","2":"type-product","3":"status-publish","4":"has-post-thumbnail","6":"product_brand-research-chemical","7":"product_cat-b2b","8":"product_tag-nl","9":"product_tag-promal","10":"product_tag-promal-methallylescaline","12":"first","13":"instock","14":"taxable","15":"shipping-taxable","16":"purchasable","17":"product-type-variable"},"_links":{"self":[{"href":"https:\/\/researchchemicalhub.com\/sl\/wp-json\/wp\/v2\/product\/24268","targetHints":{"allow":["GET"]}}],"collection":[{"href":"https:\/\/researchchemicalhub.com\/sl\/wp-json\/wp\/v2\/product"}],"about":[{"href":"https:\/\/researchchemicalhub.com\/sl\/wp-json\/wp\/v2\/types\/product"}],"replies":[{"embeddable":true,"href":"https:\/\/researchchemicalhub.com\/sl\/wp-json\/wp\/v2\/comments?post=24268"}],"version-history":[{"count":4,"href":"https:\/\/researchchemicalhub.com\/sl\/wp-json\/wp\/v2\/product\/24268\/revisions"}],"predecessor-version":[{"id":27815,"href":"https:\/\/researchchemicalhub.com\/sl\/wp-json\/wp\/v2\/product\/24268\/revisions\/27815"}],"wp:featuredmedia":[{"embeddable":true,"href":"https:\/\/researchchemicalhub.com\/sl\/wp-json\/wp\/v2\/media\/21350"}],"wp:attachment":[{"href":"https:\/\/researchchemicalhub.com\/sl\/wp-json\/wp\/v2\/media?parent=24268"}],"wp:term":[{"taxonomy":"product_brand","embeddable":true,"href":"https:\/\/researchchemicalhub.com\/sl\/wp-json\/wp\/v2\/product_brand?post=24268"},{"taxonomy":"product_cat","embeddable":true,"href":"https:\/\/researchchemicalhub.com\/sl\/wp-json\/wp\/v2\/product_cat?post=24268"},{"taxonomy":"product_tag","embeddable":true,"href":"https:\/\/researchchemicalhub.com\/sl\/wp-json\/wp\/v2\/product_tag?post=24268"}],"curies":[{"name":"delovni list","href":"https:\/\/api.w.org\/{rel}","templated":true}]}}