{"id":24265,"date":"2025-04-13T17:41:21","date_gmt":"2025-04-13T17:41:21","guid":{"rendered":"https:\/\/researchchemicalhub.com\/?post_type=product&#038;p=24265"},"modified":"2025-10-12T19:33:01","modified_gmt":"2025-10-12T19:33:01","slug":"metocin-4-ho-met","status":"publish","type":"product","link":"https:\/\/researchchemicalhub.com\/sl\/shop\/b2b\/metocin-4-ho-met\/","title":{"rendered":"RC+ Metocin vre\u010dka 3 pelete"},"content":{"rendered":"<h2 data-start=\"3774\" data-end=\"3800\"><strong data-start=\"3777\" data-end=\"3800\">Opis izdelka<\/strong><\/h2>\n<p data-start=\"3802\" data-end=\"4116\"><strong data-start=\"3802\" data-end=\"3833\">RC+ Metocin vre\u010dka 3 pelete<\/strong> je <strong data-start=\"3841\" data-end=\"3878\">visokokakovostno raziskovalno gradivo<\/strong>, razvit za uporabo v analitskih, toksikolo\u0161kih in forenzi\u010dnih laboratorijih.<br data-start=\"3962\" data-end=\"3965\" \/>Vsak paket vsebuje <strong data-start=\"3987\" data-end=\"4025\">tri skrbno odmerjene pelete<\/strong>, proizvedeno pod strogim nadzorom kakovosti za maksimalno \u010distost in doslednost. metocin 4-ho-met<\/p>\n<p data-start=\"4118\" data-end=\"4290\"><strong data-start=\"4118\" data-end=\"4129\">Metocin<\/strong>, del <strong data-start=\"4148\" data-end=\"4161\">Serija RC+<\/strong>, podpira raziskave na podro\u010dju <strong data-start=\"4190\" data-end=\"4213\">analogi triptamina<\/strong> in slu\u017ei kot zanesljiva referen\u010dna snov za znanstvene aplikacije.<\/p>\n<p data-start=\"4292\" data-end=\"4428\">\u26a0\ufe0f <strong data-start=\"4295\" data-end=\"4306\">Opomba:<\/strong> Ta izdelek je <strong data-start=\"4322\" data-end=\"4371\">namenjeno samo za raziskovalne namene<\/strong> in <strong data-start=\"4375\" data-end=\"4427\">ni primerno za uporabo pri ljudeh ali \u017eivalih<\/strong>.<\/p>\n<hr data-start=\"4430\" data-end=\"4433\" \/>\n<h2 data-start=\"4435\" data-end=\"4465\"><strong data-start=\"4438\" data-end=\"4465\">Klju\u010dne lastnosti<\/strong><\/h2>\n<ul data-start=\"4467\" data-end=\"4883\">\n<li data-start=\"4467\" data-end=\"4533\">\n<p data-start=\"4469\" data-end=\"4533\"><strong data-start=\"4469\" data-end=\"4489\">Visoka \u010distost:<\/strong> Izpolnjuje laboratorijske standarde kakovosti.<\/p>\n<\/li>\n<li data-start=\"4534\" data-end=\"4624\">\n<p data-start=\"4536\" data-end=\"4624\"><strong data-start=\"4536\" data-end=\"4568\">Standardizirano odmerjanje:<\/strong> Trije peleti na vre\u010dko z enakomerno sestavo.<\/p>\n<\/li>\n<li data-start=\"4625\" data-end=\"4713\">\n<p data-start=\"4627\" data-end=\"4713\"><strong data-start=\"4627\" data-end=\"4654\">Stabilno in zanesljivo:<\/strong> Zasnovan za dolgoro\u010dno shranjevanje in ponovljivost.<\/p>\n<\/li>\n<li data-start=\"4714\" data-end=\"4797\">\n<p data-start=\"4716\" data-end=\"4797\"><strong data-start=\"4716\" data-end=\"4739\">Varna embala\u017ea:<\/strong> Zrakotesno in odporno na vlago za maksimalno celovitost.<\/p>\n<\/li>\n<li data-start=\"4798\" data-end=\"4883\">\n<p data-start=\"4800\" data-end=\"4883\"><strong data-start=\"4800\" data-end=\"4827\">V skladu s predpisi EU:<\/strong> Proizvedeno v skladu z evropskimi varnostnimi smernicami. metocin 4-ho-met<\/p>\n<\/li>\n<\/ul>\n<hr data-start=\"4885\" data-end=\"4888\" \/>\n<h2 data-start=\"4890\" data-end=\"4924\"><strong data-start=\"4893\" data-end=\"4924\">Koristi za raziskovalce<\/strong><\/h2>\n<ul data-start=\"4926\" data-end=\"5206\">\n<li data-start=\"4926\" data-end=\"4998\">\n<p data-start=\"4928\" data-end=\"4998\">Primerno za <strong data-start=\"4942\" data-end=\"4995\">analiti\u010dne, forenzi\u010dne in toksikolo\u0161ke raziskave<\/strong>.<\/p>\n<\/li>\n<li data-start=\"4999\" data-end=\"5071\">\n<p data-start=\"5001\" data-end=\"5071\">Podpora <strong data-start=\"5013\" data-end=\"5042\">spektroskopske analize<\/strong> kot so LC-MS, GC-MS in NMR.<\/p>\n<\/li>\n<li data-start=\"5072\" data-end=\"5134\">\n<p data-start=\"5074\" data-end=\"5134\">Pomaga pri <strong data-start=\"5084\" data-end=\"5114\">identifikacija in validacija<\/strong> povezav.<\/p>\n<\/li>\n<li data-start=\"5135\" data-end=\"5206\">\n<p data-start=\"5137\" data-end=\"5206\">Ponudbe <strong data-start=\"5143\" data-end=\"5177\">zanesljivi referen\u010dni vzorci<\/strong> za raziskovalne namene.<\/p>\n<\/li>\n<\/ul>\n<hr data-start=\"5208\" data-end=\"5211\" \/>\n<h2 data-start=\"5213\" data-end=\"5247\"><strong data-start=\"5216\" data-end=\"5247\">Uporaba (raziskovalni kontekst)<\/strong><\/h2>\n<ol data-start=\"5249\" data-end=\"5453\">\n<li data-start=\"5249\" data-end=\"5294\">\n<p data-start=\"5252\" data-end=\"5294\">Uporabljajte samo v akreditiranih laboratorijih.<\/p>\n<\/li>\n<li data-start=\"5295\" data-end=\"5355\">\n<p data-start=\"5298\" data-end=\"5355\">Nosite rokavice, za\u0161\u010ditna o\u010dala in laboratorijski pla\u0161\u010d.<\/p>\n<\/li>\n<li data-start=\"5356\" data-end=\"5403\">\n<p data-start=\"5359\" data-end=\"5403\">Hranite na hladnem, suhem in temnem mestu (pod 25 \u00b0C).<\/p>\n<\/li>\n<li data-start=\"5404\" data-end=\"5453\">\n<p data-start=\"5407\" data-end=\"5453\">Ostanke odstranite v skladu z lokalnimi predpisi.<\/p>\n<\/li>\n<\/ol>\n<blockquote data-start=\"5455\" data-end=\"5552\">\n<p data-start=\"5457\" data-end=\"5552\"><strong data-start=\"5457\" data-end=\"5468\">Opomba:<\/strong> <em data-start=\"5469\" data-end=\"5498\">RC+ Metocin vre\u010dka 3 pelete<\/em> je <strong data-start=\"5502\" data-end=\"5551\">namenjeno samo za raziskovalne namene<\/strong>.<\/p>\n<\/blockquote>\n<hr data-start=\"5554\" data-end=\"5557\" \/>\n<h2 data-start=\"5559\" data-end=\"5593\"><strong data-start=\"5562\" data-end=\"5593\">Pogosto zastavljena vpra\u0161anja (FAQs)<\/strong><\/h2>\n<p data-start=\"5595\" data-end=\"5743\"><strong data-start=\"5595\" data-end=\"5638\">1. Za kaj se uporablja zdravilo RC+ Metocin?<\/strong><br data-start=\"5638\" data-end=\"5641\" \/>Zdravilo RC+ Metocin se uporablja za <strong data-start=\"5673\" data-end=\"5714\">analiti\u010dne in toksikolo\u0161ke raziskave<\/strong> na triptaminske spojine.<\/p>\n<p data-start=\"5745\" data-end=\"5859\"><strong data-start=\"5745\" data-end=\"5784\">2. Koliko peletov vsebuje ena vre\u010dka?<\/strong><br data-start=\"5784\" data-end=\"5787\" \/>Vsaka vre\u010dka vsebuje <strong data-start=\"5803\" data-end=\"5835\">3 standardizirani peleti<\/strong> enake \u010distosti.<\/p>\n<p data-start=\"5861\" data-end=\"6014\"><strong data-start=\"5861\" data-end=\"5909\">3. Ali lahko kupim RC+ Metocin kot zasebnik?<\/strong><br data-start=\"5909\" data-end=\"5912\" \/>Ne, samo <strong data-start=\"5924\" data-end=\"5958\">priznane raziskovalne ustanove<\/strong> z ustreznim dovoljenjem lahko kupijo ta izdelek.<\/p>","protected":false},"excerpt":{"rendered":"<p>\u0160tevilka CAS: 77872-41-4<br \/>\nFormula: C13H18N2O<br \/>\nMolska masa: 218,3 g\/mol<br \/>\n\u010cistost: \u226598%<\/p>","protected":false},"featured_media":21348,"comment_status":"closed","ping_status":"closed","template":"","meta":[],"product_brand":[82],"product_cat":[555],"product_tag":[858,857,871,636,673,635,870,326],"class_list":{"0":"post-24265","1":"product","2":"type-product","3":"status-publish","4":"has-post-thumbnail","6":"product_brand-research-chemical","7":"product_cat-b2b","8":"product_tag-4-acetoxy-met","9":"product_tag-4-ho-met-psychonaut","10":"product_tag-methylcybin","11":"product_tag-metocin","12":"product_tag-metocin-4-ho-met","13":"product_tag-metocin-kopen","14":"product_tag-metocin-tablet","15":"product_tag-nl","17":"first","18":"instock","19":"taxable","20":"shipping-taxable","21":"purchasable","22":"product-type-variable"},"_links":{"self":[{"href":"https:\/\/researchchemicalhub.com\/sl\/wp-json\/wp\/v2\/product\/24265","targetHints":{"allow":["GET"]}}],"collection":[{"href":"https:\/\/researchchemicalhub.com\/sl\/wp-json\/wp\/v2\/product"}],"about":[{"href":"https:\/\/researchchemicalhub.com\/sl\/wp-json\/wp\/v2\/types\/product"}],"replies":[{"embeddable":true,"href":"https:\/\/researchchemicalhub.com\/sl\/wp-json\/wp\/v2\/comments?post=24265"}],"version-history":[{"count":4,"href":"https:\/\/researchchemicalhub.com\/sl\/wp-json\/wp\/v2\/product\/24265\/revisions"}],"predecessor-version":[{"id":27822,"href":"https:\/\/researchchemicalhub.com\/sl\/wp-json\/wp\/v2\/product\/24265\/revisions\/27822"}],"wp:featuredmedia":[{"embeddable":true,"href":"https:\/\/researchchemicalhub.com\/sl\/wp-json\/wp\/v2\/media\/21348"}],"wp:attachment":[{"href":"https:\/\/researchchemicalhub.com\/sl\/wp-json\/wp\/v2\/media?parent=24265"}],"wp:term":[{"taxonomy":"product_brand","embeddable":true,"href":"https:\/\/researchchemicalhub.com\/sl\/wp-json\/wp\/v2\/product_brand?post=24265"},{"taxonomy":"product_cat","embeddable":true,"href":"https:\/\/researchchemicalhub.com\/sl\/wp-json\/wp\/v2\/product_cat?post=24265"},{"taxonomy":"product_tag","embeddable":true,"href":"https:\/\/researchchemicalhub.com\/sl\/wp-json\/wp\/v2\/product_tag?post=24265"}],"curies":[{"name":"delovni list","href":"https:\/\/api.w.org\/{rel}","templated":true}]}}