{"id":24226,"date":"2025-04-13T17:41:17","date_gmt":"2025-04-13T17:41:17","guid":{"rendered":"https:\/\/researchchemicalhub.com\/?post_type=product&#038;p=24226"},"modified":"2025-10-29T08:58:15","modified_gmt":"2025-10-29T08:58:15","slug":"nm2-ai-hcl-cista","status":"publish","type":"product","link":"https:\/\/researchchemicalhub.com\/sl\/trgovina\/nm-2-ai\/nm2-ai-hcl-cista\/","title":{"rendered":"NM-2-AI HCl \u010disti"},"content":{"rendered":"<h2 data-start=\"3847\" data-end=\"3873\"><strong data-start=\"3850\" data-end=\"3873\">Opis izdelka<\/strong><\/h2>\n<p data-start=\"3875\" data-end=\"4203\"><strong data-start=\"3875\" data-end=\"3929\">NM-2-AI HCl (N-metil-2-aminoindan hidroklorid)<\/strong> je <strong data-start=\"3937\" data-end=\"3975\">visoko \u010dista raziskovalna snov<\/strong>, ki pripada <strong data-start=\"3993\" data-end=\"4015\">razred aminoindana<\/strong>.<br data-start=\"4016\" data-end=\"4019\" \/>Uporablja se za <strong data-start=\"4043\" data-end=\"4097\">analiti\u010dne, forenzi\u010dne in farmakolo\u0161ke raziskave<\/strong> in slu\u017ei kot <strong data-start=\"4111\" data-end=\"4134\">referen\u010dni standard<\/strong> za \u0161tudij <strong data-start=\"4159\" data-end=\"4200\">strukturne in presnovne lastnosti<\/strong>nm-2-ai<\/p>\n<p data-start=\"4205\" data-end=\"4350\">Vsaka serija <strong data-start=\"4216\" data-end=\"4236\">NM-2-AI HCl \u010disti<\/strong> je proizvedeno pod strogim nadzorom kakovosti <strong data-start=\"4292\" data-end=\"4335\">doslednost, stabilnost in \u010distost<\/strong> jam\u010diti.<\/p>\n<p data-start=\"4352\" data-end=\"4488\">\u26a0\ufe0f <strong data-start=\"4355\" data-end=\"4366\">Opomba:<\/strong> Ta izdelek je <strong data-start=\"4382\" data-end=\"4431\">namenjeno samo za raziskovalne namene<\/strong> in <strong data-start=\"4435\" data-end=\"4487\">ni primerno za uporabo pri ljudeh ali \u017eivalih<\/strong>.<\/p>\n<hr data-start=\"4490\" data-end=\"4493\" \/>\n<h2 data-start=\"4495\" data-end=\"4525\"><strong data-start=\"4498\" data-end=\"4525\">Klju\u010dne lastnosti<\/strong><\/h2>\n<ul data-start=\"4527\" data-end=\"4946\">\n<li data-start=\"4527\" data-end=\"4615\">\n<p data-start=\"4529\" data-end=\"4615\"><strong data-start=\"4529\" data-end=\"4549\">Visoka \u010distost:<\/strong> Primerno za analiti\u010dne raziskave in laboratorijske aplikacije.<\/p>\n<\/li>\n<li data-start=\"4616\" data-end=\"4690\">\n<p data-start=\"4618\" data-end=\"4690\"><strong data-start=\"4618\" data-end=\"4640\">Stabilna oblika HCl:<\/strong> Odporno na razgradnjo pri dolgotrajnem skladi\u0161\u010denju.<\/p>\n<\/li>\n<li data-start=\"4691\" data-end=\"4775\">\n<p data-start=\"4693\" data-end=\"4775\"><strong data-start=\"4693\" data-end=\"4723\">Zanesljiva sestava:<\/strong> Proizvedeno v nadzorovanih pogojih.<\/p>\n<\/li>\n<li data-start=\"4776\" data-end=\"4847\">\n<p data-start=\"4778\" data-end=\"4847\"><strong data-start=\"4778\" data-end=\"4801\">Varna embala\u017ea:<\/strong> Zrakotesno in zatesnjeno pred kontaminacijo.<\/p>\n<\/li>\n<li data-start=\"4848\" data-end=\"4946\">\n<p data-start=\"4850\" data-end=\"4946\"><strong data-start=\"4850\" data-end=\"4877\">V skladu s predpisi EU:<\/strong> Ustreza evropskim varnostnim standardom za raziskovalne kemikalije.<\/p>\n<\/li>\n<\/ul>\n<hr data-start=\"4948\" data-end=\"4951\" \/>\n<h2 data-start=\"4953\" data-end=\"4984\"><strong data-start=\"4956\" data-end=\"4984\">Koristi za raziskave<\/strong><\/h2>\n<ul data-start=\"4986\" data-end=\"5261\">\n<li data-start=\"4986\" data-end=\"5050\">\n<p data-start=\"4988\" data-end=\"5050\">Primerno za <strong data-start=\"5002\" data-end=\"5047\">toksikolo\u0161ke in farmakolo\u0161ke raziskave<\/strong>.<\/p>\n<\/li>\n<li data-start=\"5051\" data-end=\"5124\">\n<p data-start=\"5053\" data-end=\"5124\">Podpora <strong data-start=\"5065\" data-end=\"5101\">razvoj analiti\u010dnih metod<\/strong> (LC-MS, GC-MS, NMR).<\/p>\n<\/li>\n<li data-start=\"5125\" data-end=\"5189\">\n<p data-start=\"5127\" data-end=\"5189\">Slu\u017ei kot <strong data-start=\"5137\" data-end=\"5160\">referen\u010dni standard<\/strong> za forenzi\u010dno preiskavo.<\/p>\n<\/li>\n<li data-start=\"5190\" data-end=\"5261\">\n<p data-start=\"5192\" data-end=\"5261\">Zagotavlja <strong data-start=\"5203\" data-end=\"5258\">ponovljivi in zanesljivi rezultati raziskav<\/strong>nm-2-ai<\/p>\n<\/li>\n<\/ul>\n<hr data-start=\"5263\" data-end=\"5266\" \/>\n<h2 data-start=\"5268\" data-end=\"5302\"><strong data-start=\"5271\" data-end=\"5302\">Uporaba (raziskovalni kontekst)<\/strong><\/h2>\n<ol data-start=\"5304\" data-end=\"5509\">\n<li data-start=\"5304\" data-end=\"5349\">\n<p data-start=\"5307\" data-end=\"5349\">Uporabljajte samo v akreditiranih laboratorijih.<\/p>\n<\/li>\n<li data-start=\"5350\" data-end=\"5410\">\n<p data-start=\"5353\" data-end=\"5410\">Nosite rokavice, za\u0161\u010ditna o\u010dala in laboratorijski pla\u0161\u010d.<\/p>\n<\/li>\n<li data-start=\"5411\" data-end=\"5458\">\n<p data-start=\"5414\" data-end=\"5458\">Hranite na hladnem, suhem in temnem mestu (pod 25 \u00b0C).<\/p>\n<\/li>\n<li data-start=\"5459\" data-end=\"5509\">\n<p data-start=\"5462\" data-end=\"5509\">Ostanke odstranite v skladu z lokalnimi okoljskimi predpisi.<\/p>\n<\/li>\n<\/ol>\n<blockquote data-start=\"5511\" data-end=\"5597\">\n<p data-start=\"5513\" data-end=\"5597\"><strong data-start=\"5513\" data-end=\"5524\">Opomba:<\/strong> <em data-start=\"5525\" data-end=\"5543\">NM-2-AI HCl \u010disti<\/em> je <strong data-start=\"5547\" data-end=\"5596\">namenjeno samo za raziskovalne namene<\/strong>.<\/p>\n<\/blockquote>\n<hr data-start=\"5599\" data-end=\"5602\" \/>\n<h2 data-start=\"5604\" data-end=\"5638\"><strong data-start=\"5607\" data-end=\"5638\">Pogosto zastavljena vpra\u0161anja (FAQs)<\/strong><\/h2>\n<p data-start=\"5640\" data-end=\"5778\"><strong data-start=\"5640\" data-end=\"5683\">1. Za kaj se uporablja NM-2-AI HCl?<\/strong><br data-start=\"5683\" data-end=\"5686\" \/>Uporablja se za <strong data-start=\"5710\" data-end=\"5748\">analiti\u010dne in forenzi\u010dne raziskave<\/strong> na aminoindanske spojine.<\/p>\n<p data-start=\"5780\" data-end=\"5903\"><strong data-start=\"5780\" data-end=\"5832\">2. Ali je NM-2-AI HCl varen za uporabo pri ljudeh?<\/strong><br data-start=\"5832\" data-end=\"5835\" \/>Ne, ta izdelek je <strong data-start=\"5855\" data-end=\"5902\">ni odobreno za prehrano ljudi<\/strong>.<\/p>\n<p data-start=\"5905\" data-end=\"6058\"><strong data-start=\"5905\" data-end=\"5943\">3. Kdo lahko kupi NM-2-AI HCl Pure?<\/strong><br data-start=\"5943\" data-end=\"5946\" \/>Samo <strong data-start=\"5953\" data-end=\"6002\">priznane raziskovalne ustanove in laboratoriji<\/strong> z ustreznimi dovoljenji lahko kupijo to snov.<\/p>","protected":false},"excerpt":{"rendered":"<h2>NM-2-AI HCl \u010disti<\/h2>\n<p>NM-2-AI hidroklorid je snov, ki jo prodajamo le za raziskovalne namene in zato ni namenjena za u\u017eivanje ljudi. NM-2-AI je mogo\u010de raziskovati do dve leti, \u010de je shranjen v ustreznem okolju. 2C-E<\/p>","protected":false},"featured_media":28573,"comment_status":"closed","ping_status":"closed","template":"","meta":[],"product_brand":[82],"product_cat":[479,336],"product_tag":[326,879,880],"class_list":{"0":"post-24226","1":"product","2":"type-product","3":"status-publish","4":"has-post-thumbnail","6":"product_brand-research-chemical","7":"product_cat-nm-2-ai","8":"product_cat-overig","9":"product_tag-nl","10":"product_tag-nm-2-ai","11":"product_tag-nm-2-ai-hcl","13":"first","14":"instock","15":"taxable","16":"shipping-taxable","17":"purchasable","18":"product-type-variable"},"_links":{"self":[{"href":"https:\/\/researchchemicalhub.com\/sl\/wp-json\/wp\/v2\/product\/24226","targetHints":{"allow":["GET"]}}],"collection":[{"href":"https:\/\/researchchemicalhub.com\/sl\/wp-json\/wp\/v2\/product"}],"about":[{"href":"https:\/\/researchchemicalhub.com\/sl\/wp-json\/wp\/v2\/types\/product"}],"replies":[{"embeddable":true,"href":"https:\/\/researchchemicalhub.com\/sl\/wp-json\/wp\/v2\/comments?post=24226"}],"version-history":[{"count":5,"href":"https:\/\/researchchemicalhub.com\/sl\/wp-json\/wp\/v2\/product\/24226\/revisions"}],"predecessor-version":[{"id":27830,"href":"https:\/\/researchchemicalhub.com\/sl\/wp-json\/wp\/v2\/product\/24226\/revisions\/27830"}],"wp:featuredmedia":[{"embeddable":true,"href":"https:\/\/researchchemicalhub.com\/sl\/wp-json\/wp\/v2\/media\/28573"}],"wp:attachment":[{"href":"https:\/\/researchchemicalhub.com\/sl\/wp-json\/wp\/v2\/media?parent=24226"}],"wp:term":[{"taxonomy":"product_brand","embeddable":true,"href":"https:\/\/researchchemicalhub.com\/sl\/wp-json\/wp\/v2\/product_brand?post=24226"},{"taxonomy":"product_cat","embeddable":true,"href":"https:\/\/researchchemicalhub.com\/sl\/wp-json\/wp\/v2\/product_cat?post=24226"},{"taxonomy":"product_tag","embeddable":true,"href":"https:\/\/researchchemicalhub.com\/sl\/wp-json\/wp\/v2\/product_tag?post=24226"}],"curies":[{"name":"delovni list","href":"https:\/\/api.w.org\/{rel}","templated":true}]}}